{"id":886,"date":"2024-04-29T08:56:33","date_gmt":"2024-04-29T00:56:33","guid":{"rendered":"http:\/\/www.xminsulation.com\/?post_type=product&#038;p=886"},"modified":"2024-05-23T21:40:30","modified_gmt":"2024-05-23T13:40:30","slug":"40-5kv-1250a-indoor-sf6-vacuum-circuit-breaker-switch","status":"publish","type":"product","link":"https:\/\/www.xminsulation.com\/vi\/product\/40-5kv-1250a-indoor-sf6-vacuum-circuit-breaker-switch\/","title":{"rendered":"C\u00f4ng t\u1eafc ng\u1eaft m\u1ea1ch ch\u00e2n kh\u00f4ng SF6 trong nh\u00e0 40,5kV-1250A"},"content":{"rendered":"<p><img fetchpriority=\"high\" decoding=\"async\" class=\"alignnone wp-image-887 size-full\" src=\"\/wp-content\/uploads\/2024\/04\/\u56fe\u72472.png\" alt=\"\" width=\"1383\" height=\"1248\" srcset=\"https:\/\/www.xminsulation.com\/wp-content\/uploads\/2024\/04\/\u56fe\u72472.png 1383w, https:\/\/www.xminsulation.com\/wp-content\/uploads\/2024\/04\/\u56fe\u72472-300x271.png 300w, https:\/\/www.xminsulation.com\/wp-content\/uploads\/2024\/04\/\u56fe\u72472-1024x924.png 1024w, https:\/\/www.xminsulation.com\/wp-content\/uploads\/2024\/04\/\u56fe\u72472-768x693.png 768w, https:\/\/www.xminsulation.com\/wp-content\/uploads\/2024\/04\/\u56fe\u72472-600x541.png 600w\" sizes=\"(max-width: 1383px) 100vw, 1383px\" \/> <img decoding=\"async\" class=\"alignnone wp-image-888 size-full\" src=\"\/wp-content\/uploads\/2024\/04\/\u56fe\u72473.png\" alt=\"\" width=\"988\" height=\"1013\" srcset=\"https:\/\/www.xminsulation.com\/wp-content\/uploads\/2024\/04\/\u56fe\u72473.png 988w, https:\/\/www.xminsulation.com\/wp-content\/uploads\/2024\/04\/\u56fe\u72473-293x300.png 293w, https:\/\/www.xminsulation.com\/wp-content\/uploads\/2024\/04\/\u56fe\u72473-768x787.png 768w, https:\/\/www.xminsulation.com\/wp-content\/uploads\/2024\/04\/\u56fe\u72473-600x615.png 600w\" sizes=\"(max-width: 988px) 100vw, 988px\" \/><\/p>\n<h2><strong><b>Th\u00f4ng tin chung<\/b><\/strong><\/h2>\n<p>C\u00f4ng t\u1eafc ng\u1eaft m\u1ea1ch ch\u00e2n kh\u00f4ng SF6 trong nh\u00e0 40,5kV-1250A c\u00f3 c\u00f4ng t\u1eafc c\u00e1ch ly d\u01b0\u1edbi, th\u00edch h\u1ee3p \u0111\u1ec3 ki\u1ec3m so\u00e1t v\u00e0 b\u1ea3o v\u1ec7 h\u1ec7 th\u1ed1ng truy\u1ec1n t\u1ea3i v\u00e0 ph\u00e2n ph\u1ed1i \u0111i\u1ec7n 35kV, \u0111\u01b0\u1ee3c s\u1eed d\u1ee5ng \u0111\u1ec3 ng\u1eaft v\u00e0 \u0111\u00f3ng d\u00f2ng \u0111i\u1ec7n t\u1ea3i, ng\u1eaft d\u00f2ng \u0111i\u1ec7n ng\u1eafn m\u1ea1ch. N\u00f3 \u00e1p d\u1ee5ng thi\u1ebft k\u1ebf m\u00f4-\u0111un v\u00e0 c\u00f3 c\u00e1c \u0111\u1eb7c \u0111i\u1ec3m l\u00e0 c\u1ea5u tr\u00fac nh\u1ecf g\u1ecdn, hi\u1ec7u su\u1ea5t ng\u1eaft t\u1ed1t, \u0111\u1ed9 tin c\u1eady cao, tu\u1ed5i th\u1ecd cao, c\u00e1ch \u0111i\u1ec7n ho\u00e0n to\u00e0n, kh\u00f4ng c\u1ea7n b\u1ea3o tr\u00ec, di\u1ec7n t\u00edch nh\u1ecf v\u00e0 c\u00f3 th\u1ec3 \u0111\u01b0\u1ee3c s\u1eed d\u1ee5ng r\u1ed9ng r\u00e3i trong c\u00f4ng nghi\u1ec7p, m\u1ea1ng l\u01b0\u1edbi v\u00f2ng d\u00e2n d\u1ee5ng v\u00e0 m\u1ea1ng l\u01b0\u1edbi cung c\u1ea5p \u0111i\u1ec7n \u0111\u1ea7u cu\u1ed1i. N\u00f3 \u0111\u1eb7c bi\u1ec7t th\u00edch h\u1ee3p cho c\u00e1c tr\u1ea1m ph\u00e2n ph\u1ed1i \u0111i\u1ec7n th\u1ee9 c\u1ea5p nh\u1ecf, tr\u1ea1m chuy\u1ec3n m\u1ea1ch, doanh nghi\u1ec7p c\u00f4ng nghi\u1ec7p v\u00e0 khai th\u00e1c m\u1ecf, s\u00e2n bay, \u0111\u01b0\u1eddng s\u1eaft, \u0111\u01b0\u1eddng cao t\u1ed1c, t\u00e0u \u0111i\u1ec7n ng\u1ea7m, khu th\u01b0\u01a1ng m\u1ea1i, khu nh\u00e0 \u1edf, n\u0103ng l\u01b0\u1ee3ng gi\u00f3, quang \u0111i\u1ec7n v\u00e0 c\u00e1c l\u0129nh v\u1ef1c kh\u00e1c.<\/p>\n<h2><strong><b>S\u1eed d\u1ee5ng <\/b><\/strong><strong><b>E<\/b><\/strong><strong><b>m\u00f4i tr\u01b0\u1eddng <\/b><\/strong><strong><b>C<\/b><\/strong><strong><b>\u0111i\u1ec1u ki\u1ec7n<\/b><\/strong><\/h2>\n<ol>\n<li>V\u1ecb tr\u00ed l\u1eafp \u0111\u1eb7t: b\u00ean trong h\u1ed9p kh\u00ed.<\/li>\n<li>Nhi\u1ec7t \u0111\u1ed9 m\u00f4i tr\u01b0\u1eddng (\u2103): -20~+40.<\/li>\n<li>\u0110\u1ed9 cao (m): \u22642500.<\/li>\n<li>\u0110\u1ed9 \u1ea9m kh\u00f4ng kh\u00ed (%): trung b\u00ecnh ng\u00e0y kh\u00f4ng l\u1edbn h\u01a1n 95%, trung b\u00ecnh th\u00e1ng kh\u00f4ng l\u1edbn h\u01a1n 90%.<\/li>\n<li>Y\u00eau c\u1ea7u kh\u00e1c: kh\u00f4ng d\u1ec5 ch\u00e1y, n\u1ed5, \u00f4 nhi\u1ec5m nghi\u00eam tr\u1ecdng, \u0103n m\u00f2n h\u00f3a h\u1ecdc v\u00e0 rung \u0111\u1ed9ng m\u1ea1nh.<\/li>\n<\/ol>\n<p><img decoding=\"async\" class=\"alignnone wp-image-889 size-full\" src=\"\/wp-content\/uploads\/2024\/04\/\u56fe\u72474.png\" alt=\"\" width=\"834\" height=\"764\" srcset=\"https:\/\/www.xminsulation.com\/wp-content\/uploads\/2024\/04\/\u56fe\u72474.png 834w, https:\/\/www.xminsulation.com\/wp-content\/uploads\/2024\/04\/\u56fe\u72474-300x275.png 300w, https:\/\/www.xminsulation.com\/wp-content\/uploads\/2024\/04\/\u56fe\u72474-768x704.png 768w, https:\/\/www.xminsulation.com\/wp-content\/uploads\/2024\/04\/\u56fe\u72474-600x550.png 600w\" sizes=\"(max-width: 834px) 100vw, 834px\" \/><\/p>\n<p><strong><b>K\u00edch th\u01b0\u1edbc c\u1ee7a m\u00e1y c\u1eaft m\u1ea1ch v\u1edbi c\u00f4ng t\u1eafc c\u00e1ch ly ph\u00eda d\u01b0\u1edbi<\/b><\/strong><\/p>\n<p><img loading=\"lazy\" decoding=\"async\" class=\"alignnone wp-image-890 size-full\" src=\"\/wp-content\/uploads\/2024\/04\/\u56fe\u72475.png\" alt=\"\" width=\"1820\" height=\"768\" srcset=\"https:\/\/www.xminsulation.com\/wp-content\/uploads\/2024\/04\/\u56fe\u72475.png 1820w, https:\/\/www.xminsulation.com\/wp-content\/uploads\/2024\/04\/\u56fe\u72475-300x127.png 300w, https:\/\/www.xminsulation.com\/wp-content\/uploads\/2024\/04\/\u56fe\u72475-1024x432.png 1024w, https:\/\/www.xminsulation.com\/wp-content\/uploads\/2024\/04\/\u56fe\u72475-768x324.png 768w, https:\/\/www.xminsulation.com\/wp-content\/uploads\/2024\/04\/\u56fe\u72475-1536x648.png 1536w, https:\/\/www.xminsulation.com\/wp-content\/uploads\/2024\/04\/\u56fe\u72475-600x253.png 600w\" sizes=\"(max-width: 1820px) 100vw, 1820px\" \/><\/p>\n<p><strong><b>B\u00ecnh X\u0103ng C\u00f3 C\u00f4ng T\u1eafc C\u00e1ch Ly Ph\u00eda D\u01b0\u1edbi<\/b><\/strong><\/p>\n<p><img loading=\"lazy\" decoding=\"async\" class=\"alignnone wp-image-891 size-full\" src=\"\/wp-content\/uploads\/2024\/04\/\u56fe\u72476.png\" alt=\"\" width=\"712\" height=\"663\" srcset=\"https:\/\/www.xminsulation.com\/wp-content\/uploads\/2024\/04\/\u56fe\u72476.png 712w, https:\/\/www.xminsulation.com\/wp-content\/uploads\/2024\/04\/\u56fe\u72476-300x279.png 300w, https:\/\/www.xminsulation.com\/wp-content\/uploads\/2024\/04\/\u56fe\u72476-600x559.png 600w\" sizes=\"(max-width: 712px) 100vw, 712px\" \/><\/p>\n<h2 class=\"wxts\">\u25c6T\u00f9y ch\u1ec9nh \u0111\u1eb7c bi\u1ec7t<\/h2>\n<p>C\u00e1c th\u00f4ng s\u1ed1 tr\u00ean l\u00e0 d\u1eef li\u1ec7u ti\u00eau bi\u1ec3u; n\u1ebfu c\u00e1c ki\u1ec3u d\u00e1ng hi\u1ec7n c\u00f3 kh\u00f4ng \u0111\u00e1p \u1ee9ng \u0111\u01b0\u1ee3c nhu c\u1ea7u c\u1ee5 th\u1ec3 c\u1ee7a b\u1ea1n, vui l\u00f2ng li\u00ean h\u1ec7 v\u1edbi ch\u00fang t\u00f4i \u0111\u1ec3 \u0111\u01b0\u1ee3c thi\u1ebft k\u1ebf ri\u00eang. Ch\u00fang t\u00f4i c\u00f3 k\u1ef9 n\u0103ng s\u1ea3n xu\u1ea5t v\u00e0 ph\u00e1t tri\u1ec3n t\u00f9y ch\u1ec9nh c\u00e1 nh\u00e2n h\u00f3a \u0111\u00e1ng k\u1ec3, cho ph\u00e9p ch\u00fang t\u00f4i cung c\u1ea5p c\u00e1c gi\u1ea3i ph\u00e1p ph\u00f9 h\u1ee3p cho kh\u00e1ch h\u00e0ng tr\u00ean to\u00e0n th\u1ebf gi\u1edbi.<\/p>","protected":false},"excerpt":{"rendered":"<p>General Information 40.5kV-1250A Indoor SF6 Vacuum Circuit Breaker Switch With Lower Isolation Switch, suitable for control and protection of 35kV power transmission and distribution system, used for breaking and closing load current, breaking short-circuit current. It adopts modular design and has the characteristics of compact structure, good breaking performance, high reliability, long life, fully insulated, [&hellip;]<\/p>","protected":false},"featured_media":888,"template":"","meta":{"site-sidebar-layout":"default","site-content-layout":"","ast-site-content-layout":"default","site-content-style":"default","site-sidebar-style":"default","ast-global-header-display":"","ast-banner-title-visibility":"","ast-main-header-display":"","ast-hfb-above-header-display":"","ast-hfb-below-header-display":"","ast-hfb-mobile-header-display":"","site-post-title":"","ast-breadcrumbs-content":"","ast-featured-img":"","footer-sml-layout":"","theme-transparent-header-meta":"default","adv-header-id-meta":"","stick-header-meta":"","header-above-stick-meta":"","header-main-stick-meta":"","header-below-stick-meta":"","astra-migrate-meta-layouts":"set","ast-page-background-enabled":"default","ast-page-background-meta":{"desktop":{"background-color":"","background-image":"","background-repeat":"repeat","background-position":"center center","background-size":"auto","background-attachment":"scroll","background-type":"","background-media":"","overlay-type":"","overlay-color":"","overlay-gradient":""},"tablet":{"background-color":"","background-image":"","background-repeat":"repeat","background-position":"center center","background-size":"auto","background-attachment":"scroll","background-type":"","background-media":"","overlay-type":"","overlay-color":"","overlay-gradient":""},"mobile":{"background-color":"","background-image":"","background-repeat":"repeat","background-position":"center center","background-size":"auto","background-attachment":"scroll","background-type":"","background-media":"","overlay-type":"","overlay-color":"","overlay-gradient":""}},"ast-content-background-meta":{"desktop":{"background-color":"var(--ast-global-color-5)","background-image":"","background-repeat":"repeat","background-position":"center center","background-size":"auto","background-attachment":"scroll","background-type":"","background-media":"","overlay-type":"","overlay-color":"","overlay-gradient":""},"tablet":{"background-color":"var(--ast-global-color-5)","background-image":"","background-repeat":"repeat","background-position":"center center","background-size":"auto","background-attachment":"scroll","background-type":"","background-media":"","overlay-type":"","overlay-color":"","overlay-gradient":""},"mobile":{"background-color":"var(--ast-global-color-5)","background-image":"","background-repeat":"repeat","background-position":"center center","background-size":"auto","background-attachment":"scroll","background-type":"","background-media":"","overlay-type":"","overlay-color":"","overlay-gradient":""}}},"product_cat":[31],"product_tag":[],"class_list":{"0":"post-886","1":"product","2":"type-product","3":"status-publish","4":"has-post-thumbnail","6":"product_cat-10-40-5kv-indoor-sf6-circuit-breaker-switch","7":"desktop-align-left","8":"tablet-align-left","9":"mobile-align-left","11":"first","12":"instock","13":"shipping-taxable","14":"product-type-simple"},"_links":{"self":[{"href":"https:\/\/www.xminsulation.com\/vi\/wp-json\/wp\/v2\/product\/886","targetHints":{"allow":["GET"]}}],"collection":[{"href":"https:\/\/www.xminsulation.com\/vi\/wp-json\/wp\/v2\/product"}],"about":[{"href":"https:\/\/www.xminsulation.com\/vi\/wp-json\/wp\/v2\/types\/product"}],"wp:featuredmedia":[{"embeddable":true,"href":"https:\/\/www.xminsulation.com\/vi\/wp-json\/wp\/v2\/media\/888"}],"wp:attachment":[{"href":"https:\/\/www.xminsulation.com\/vi\/wp-json\/wp\/v2\/media?parent=886"}],"wp:term":[{"taxonomy":"product_cat","embeddable":true,"href":"https:\/\/www.xminsulation.com\/vi\/wp-json\/wp\/v2\/product_cat?post=886"},{"taxonomy":"product_tag","embeddable":true,"href":"https:\/\/www.xminsulation.com\/vi\/wp-json\/wp\/v2\/product_tag?post=886"}],"curies":[{"name":"wp","href":"https:\/\/api.w.org\/{rel}","templated":true}]}}