{"id":884,"date":"2024-04-29T08:48:47","date_gmt":"2024-04-29T00:48:47","guid":{"rendered":"http:\/\/www.xminsulation.com\/?post_type=product&#038;p=884"},"modified":"2024-05-24T10:12:57","modified_gmt":"2024-05-24T02:12:57","slug":"offer-technical-support-and-technical-verification-services-for-medium-voltage-power-distribution-to-foreign-customers","status":"publish","type":"product","link":"https:\/\/www.xminsulation.com\/vi\/product\/offer-technical-support-and-technical-verification-services-for-medium-voltage-power-distribution-to-foreign-customers\/","title":{"rendered":"Cung c\u1ea5p d\u1ecbch v\u1ee5 h\u1ed7 tr\u1ee3 k\u1ef9 thu\u1eadt v\u00e0 ki\u1ec3m tra k\u1ef9 thu\u1eadt cho ph\u00e2n ph\u1ed1i \u0111i\u1ec7n trung th\u1ebf cho kh\u00e1ch h\u00e0ng n\u01b0\u1edbc ngo\u00e0i"},"content":{"rendered":"<p>Ch\u00fang t\u00f4i kh\u00f4ng ch\u1ec9 c\u00f3 th\u1ec3 th\u1ef1c hi\u1ec7n h\u1ee3p t\u00e1c d\u1ef1 \u00e1n v\u00e0 cung c\u1ea5p m\u1ed9t b\u1ed9 gi\u1ea3i ph\u00e1p ho\u00e0n ch\u1ec9nh m\u00e0 c\u00f2n \u0111\u00f3ng vai tr\u00f2 l\u00e0 \u0111\u1ea1i l\u00fd mua h\u00e0ng c\u1ee7a b\u1ea1n. Ch\u00fang t\u00f4i c\u0169ng c\u00f3 th\u1ec3 cung c\u1ea5p t\u01b0 v\u1ea5n k\u1ef9 thu\u1eadt v\u00e0 d\u1ecbch v\u1ee5 k\u1ef9 thu\u1eadt, ch\u1eb3ng h\u1ea1n nh\u01b0 cung c\u1ea5p m\u1ed9t b\u1ed9 s\u1ea3n xu\u1ea5t, th\u1eed nghi\u1ec7m, l\u1eafp \u0111\u1eb7t, v\u1eadn h\u00e0nh v\u00e0 c\u00e1c d\u1ecbch v\u1ee5 kh\u00e1c. Ngo\u00e0i ra, ch\u00fang t\u00f4i c\u0169ng c\u00f3 th\u1ec3 cung c\u1ea5p \u0111\u00e0o t\u1ea1o s\u1ea3n xu\u1ea5t v\u00e0 ch\u1ebf t\u1ea1o cho kh\u00e1ch h\u00e0ng n\u01b0\u1edbc ngo\u00e0i v\u00e0 h\u1ed7 tr\u1ee3 kh\u00e1ch h\u00e0ng n\u01b0\u1edbc ngo\u00e0i trong vi\u1ec7c tri\u1ec3n khai s\u1ea3n xu\u1ea5t v\u00e0 ch\u1ebf t\u1ea1o t\u1ea1i \u0111\u1ecba ph\u01b0\u01a1ng.<\/p>\n<p>B\u1ea5t k\u1ec3 l\u00e0 s\u1ea3n ph\u1ea9m \u0111ang s\u1eed d\u1ee5ng, s\u1ea3n ph\u1ea9m \u0111ang s\u1ea3n xu\u1ea5t hay s\u1ea3n ph\u1ea9m \u0111ang ph\u00e1t tri\u1ec3n, b\u1ea5t k\u1ec3 b\u1ea1n g\u1eb7p ph\u1ea3i v\u1ea5n \u0111\u1ec1 hay kh\u00f3 kh\u0103n g\u00ec v\u1ec1 s\u1ea3n ph\u1ea9m, c\u00f4ng ngh\u1ec7 hay thi\u1ebft k\u1ebf, mi\u1ec5n l\u00e0 thu\u1ed9c danh m\u1ee5c ph\u00e2n ph\u1ed1i \u0111i\u1ec7n trung th\u1ebf, b\u1ea1n c\u00f3 th\u1ec3 \u0111\u1ebfn v\u1edbi ch\u00fang t\u00f4i b\u1ea5t c\u1ee9 l\u00fac n\u00e0o, ch\u00fang t\u00f4i s\u1ebd c\u1ed1 g\u1eafng h\u1ebft s\u1ee9c \u0111\u1ec3 gi\u00fap b\u1ea1n gi\u1ea3i quy\u1ebft.<\/p>\n<p>Khi kh\u00e1ch h\u00e0ng n\u01b0\u1edbc ngo\u00e0i mu\u1ed1n \u00e1p d\u1ee5ng m\u1ed9t s\u1ea3n ph\u1ea9m ho\u1eb7c gi\u1ea3i ph\u00e1p m\u1edbi, h\u1ecd ch\u01b0a t\u1eebng l\u00e0m tr\u01b0\u1edbc \u0111\u00e2y v\u00e0 kh\u00f4ng c\u00f3 k\u1ebft lu\u1eadn li\u00ean quan n\u00e0o \u0111\u1ec3 \u0111\u00e1nh gi\u00e1 li\u1ec7u n\u00f3 c\u00f3 th\u1ef1c s\u1ef1 kh\u1ea3 thi hay kh\u00f4ng. H\u1ecd kh\u00f4ng ch\u1eafc ch\u1eafn l\u1eafm v\u00e0 kh\u00f4ng d\u00e1m tri\u1ec3n khai m\u1ed9t c\u00e1ch h\u1ea5p t\u1ea5p, nh\u01b0ng \u0111\u1ed3ng th\u1eddi h\u1ecd c\u0169ng kh\u00f4ng mu\u1ed1n t\u1eeb b\u1ecf d\u1ec5 d\u00e0ng. H\u01a1n n\u1eefa, do th\u1ef1c t\u1ebf l\u00e0 c\u00e1c c\u01a1 s\u1edf h\u1ed7 tr\u1ee3 th\u01b0\u1ee3ng ngu\u1ed3n v\u00e0 h\u1ea1 ngu\u1ed3n c\u1ee7a c\u00e1c chu\u1ed7i c\u00f4ng nghi\u1ec7p n\u01b0\u1edbc ngo\u00e0i kh\u00f4ng ho\u00e0n thi\u1ec7n nh\u01b0 \u1edf Trung Qu\u1ed1c, c\u00e1c th\u00e0nh ph\u1ea7n ho\u1eb7c ph\u1ee5 t\u00f9ng li\u00ean quan kh\u00f4ng \u0111\u1ee7 d\u1ed3i d\u00e0o v\u00e0 vi\u1ec7c t\u00f9y ch\u1ec9nh \u0111\u01a1n gi\u1ea3n kh\u00f4ng thu\u1eadn ti\u1ec7n v\u00e0 \u0111\u1ee7 nhanh, v.v., m\u1ed9t s\u1ed1 d\u1ef1 \u00e1n ph\u00e1t tri\u1ec3n s\u1ea3n ph\u1ea9m m\u1edbi quan tr\u1ecdng ch\u1ec9 c\u00f3 th\u1ec3 b\u1ecb tr\u00ec ho\u00e3n h\u1ebft l\u1ea7n n\u00e0y \u0111\u1ebfn l\u1ea7n kh\u00e1c.<\/p>\n<p>N\u1ebfu b\u1ea1n c\u0169ng g\u1eb7p ph\u1ea3i nh\u1eefng r\u1eafc r\u1ed1i nh\u01b0 v\u1eady, vui l\u00f2ng y\u00eau c\u1ea7u ch\u00fang t\u00f4i gi\u00fap \u0111\u1ee1! Ch\u00fang t\u00f4i c\u00f3 m\u1ed9t \u0111\u1ed9i ng\u0169 R&amp;D cao c\u1ea5p v\u00e0 nhi\u1ec1u chuy\u00ean gia k\u1ef9 thu\u1eadt c\u00f3 h\u01a1n 20 n\u0103m kinh nghi\u1ec7m trong ng\u00e0nh. K\u1ef9 s\u01b0 tr\u01b0\u1edfng c\u1ee7a ch\u00fang t\u00f4i kh\u00f4ng ch\u1ec9 th\u00e0nh th\u1ea1o v\u1ec1 \u0111i\u1ec7n \u00e1p trung b\u00ecnh v\u00e0 \u0111i\u1ec7n \u00e1p th\u1ea5p m\u00e0 c\u00f2n c\u00f3 ki\u1ebfn th\u1ee9c s\u00e2u r\u1ed9ng v\u1ec1 thi\u1ebft k\u1ebf, ph\u00e1t tri\u1ec3n v\u00e0 s\u1ea3n xu\u1ea5t c\u00e1c c\u00f4ng t\u1eafc v\u00e0 linh ki\u1ec7n, c\u01a1 ch\u1ebf v\u1eadn h\u00e0nh, khu\u00f4n m\u1eabu, m\u00e1y m\u00f3c, b\u1ed9 thi\u1ebft b\u1ecb ho\u00e0n ch\u1ec9nh, v.v. \u01afu \u0111i\u1ec3m \u0111\u1ed9c \u0111\u00e1o c\u1ee7a ch\u00fang t\u00f4i l\u00e0 c\u00f3 th\u1ec3 t\u00edch h\u1ee3p c\u00e1c c\u00f4ng ngh\u1ec7 \u0111i\u1ec7n \u00e1p trung b\u00ecnh v\u00e0 \u0111i\u1ec7n \u00e1p th\u1ea5p, v\u00e0 t\u00edch h\u1ee3p ho\u00e0n h\u1ea3o nhi\u1ec1u ng\u00e0nh v\u00e0 quy tr\u00ecnh, k\u1ebft h\u1ee3p v\u1edbi c\u00e1c c\u01a1 s\u1edf h\u1ed7 tr\u1ee3 c\u00f4ng nghi\u1ec7p ho\u00e0n ch\u1ec9nh c\u1ee7a Trung Qu\u1ed1c v\u00e0 c\u00e1c thi\u1ebft b\u1ecb th\u1eed nghi\u1ec7m ho\u00e0n ch\u1ec9nh c\u1ee7a ch\u00fang t\u00f4i c\u00f9ng c\u00e1c \u0111i\u1ec1u ki\u1ec7n thu\u1eadn l\u1ee3i kh\u00e1c, c\u00f3 th\u1ec3 gi\u00fap b\u1ea1n nhanh ch\u00f3ng cung c\u1ea5p k\u1ebft lu\u1eadn x\u00e1c minh v\u00e0 cung c\u1ea5p c\u01a1 s\u1edf \u0111\u00e1ng tin c\u1eady \u0111\u1ec3 x\u00e1c nh\u1eadn v\u00e0 lo\u1ea1i b\u1ecf c\u00e1c k\u1ebf ho\u1ea1ch b\u01b0\u1edbc ti\u1ebfp theo ho\u1eb7c c\u00e1c \u0111i\u1ec1u ch\u1ec9nh c\u1ea7n thi\u1ebft.<\/p>\n<p>Trong v\u00e0i n\u0103m qua, ch\u00fang t\u00f4i \u0111\u00e3 cung c\u1ea5p th\u00e0nh c\u00f4ng s\u1ef1 h\u1ed7 tr\u1ee3 nh\u01b0 v\u1eady cho m\u1ed9t s\u1ed1 kh\u00e1ch h\u00e0ng n\u01b0\u1edbc ngo\u00e0i v\u00e0 t\u1ea5t c\u1ea3 h\u1ecd \u0111\u1ec1u ng\u1ea1c nhi\u00ean v\u1ec1 hi\u1ec7u qu\u1ea3 c\u1ee7a ch\u00fang t\u00f4i! M\u1ed9t k\u1ef9 s\u01b0 cao c\u1ea5p ng\u01b0\u1eddi \u00dd cho bi\u1ebft h\u1ecd \u0111\u00e3 suy ngh\u0129 r\u1ea5t nhi\u1ec1u trong h\u01a1n 4 n\u0103m. Do thi\u1ebfu s\u1ef1 x\u00e1c minh s\u01a1 b\u1ed9, thi\u1ebft k\u1ebf \u0111\u00e3 \u0111\u01b0\u1ee3c thay \u0111\u1ed5i nhi\u1ec1u l\u1ea7n, nh\u01b0ng d\u1ef1 \u00e1n lu\u00f4n \u0111i \u0111\u00fang h\u01b0\u1edbng. Sau khi giao cho ch\u00fang t\u00f4i nhi\u1ec7m v\u1ee5 tr\u00ecnh di\u1ec5n k\u1ef9 thu\u1eadt, ch\u00fang t\u00f4i m\u1ea5t ch\u01b0a \u0111\u1ea7y m\u1ed9t th\u00e1ng \u0111\u1ec3 c\u00f3 \u0111\u01b0\u1ee3c c\u00e2u tr\u1ea3 l\u1eddi m\u00e0 h\u1ecd mong mu\u1ed1n trong nhi\u1ec1u n\u0103m.<\/p>\n<p>V\u1edbi s\u1ef1 h\u1ee3p t\u00e1c c\u1ee7a ch\u00fang t\u00f4i, kh\u00e1ch h\u00e0ng ch\u1ec9 c\u1ea7n b\u1ecf ra m\u1ed9t kho\u1ea3n ti\u1ec1n nh\u1ecf \u0111\u1ec3 c\u00f3 \u0111\u01b0\u1ee3c k\u1ebft qu\u1ea3 nh\u01b0 mong mu\u1ed1n trong th\u1eddi gian ng\u1eafn nh\u1ea5t, \u0111\u1ed3ng th\u1eddi v\u1ea1ch ra h\u01b0\u1edbng \u0111i cho b\u01b0\u1edbc ti\u1ebfp theo.<\/p>\n<p>D\u1ef1a tr\u00ean m\u1ed9t s\u1ed1 ng\u00e0nh c\u00f4ng nghi\u1ec7p c\u1ee5 th\u1ec3, m\u1ee5c \u0111\u00edch \u0111\u1eb7c bi\u1ec7t, v.v., ch\u00fang t\u00f4i c\u00f3 th\u1ec3 kh\u00f4ng c\u00f3 ki\u1ebfn th\u1ee9c v\u00e0 kinh nghi\u1ec7m li\u00ean quan \u0111\u1ebfn c\u00e1c s\u1ea3n ph\u1ea9m ho\u1eb7c c\u00f4ng ngh\u1ec7 n\u00e0y. Ch\u00fang t\u00f4i s\u1ebd th\u1ef1c hi\u1ec7n c\u00f4ng vi\u1ec7c theo c\u00e1c y\u00eau c\u1ea7u c\u1ee5 th\u1ec3 do c\u00f4ng ty c\u1ee7a b\u1ea1n cung c\u1ea5p ho\u1eb7c m\u1ed9t s\u1ed1 c\u00f3 th\u1ec3 y\u00eau c\u1ea7u ch\u00fang t\u00f4i tham kh\u1ea3o \u00fd ki\u1ebfn c\u1ee7a c\u00e1c \u0111\u1ed3ng nghi\u1ec7p ho\u1eb7c gi\u00e1o vi\u00ean ho\u1eb7c chuy\u00ean gia Trung Qu\u1ed1c, v.v., ch\u00fang t\u00f4i s\u1ebd h\u1ecdc h\u1ecfi v\u00e0 c\u1ea3i thi\u1ec7n b\u1ea3n th\u00e2n nhi\u1ec1u nh\u1ea5t c\u00f3 th\u1ec3 \u0111\u1ec3 h\u1ee3p t\u00e1c v\u00e0 ph\u1ee5c v\u1ee5 kh\u00e1ch h\u00e0ng \u1edf m\u1ee9c \u0111\u1ed9 t\u1ed1i \u0111a.<\/p>\n<p>Ch\u1ec9 c\u1ea7n b\u1ea1n c\u00f3 nhu c\u1ea7u, ch\u00fang t\u00f4i s\u1ebd \u0111\u00e1p \u1ee9ng y\u00eau c\u1ea7u c\u1ee7a b\u1ea1n, t\u00edch c\u1ef1c h\u1ed7 tr\u1ee3 b\u1ea1n th\u1ef1c hi\u1ec7n c\u00e1c b\u1ea3n tr\u00ecnh di\u1ec5n s\u01a1 b\u1ed9 v\u00e0 cung c\u1ea5p \u0111\u1ea7y \u0111\u1ee7 m\u1ecdi kh\u00eda c\u1ea1nh h\u1ed7 tr\u1ee3 k\u1ef9 thu\u1eadt!<\/p>\n<p>N\u1ebfu b\u1ea1n kh\u00f4ng ph\u1ea3i l\u00e0 th\u00e0nh vi\u00ean c\u1ee7a b\u1ed9 ph\u1eadn k\u1ef9 thu\u1eadt v\u00e0 n\u1ebfu b\u1ed9 ph\u1eadn k\u1ef9 thu\u1eadt c\u1ee7a b\u1ea1n g\u1eb7p v\u1ea5n \u0111\u1ec1 ho\u1eb7c nhu c\u1ea7u t\u01b0\u01a1ng t\u1ef1, vui l\u00f2ng chuy\u1ec3n ti\u1ebfp b\u00e0i vi\u1ebft n\u00e0y \u0111\u1ebfn \u0111\u1ed9i ng\u0169 k\u1ef9 thu\u1eadt c\u1ee7a b\u1ea1n \u0111\u1ec3 th\u00fac \u0111\u1ea9y vi\u1ec7c tri\u1ec3n khai gi\u1ea3i ph\u00e1p m\u1edbi s\u1edbm v\u00e0 su\u00f4n s\u1ebb.<\/p>\n<p><img fetchpriority=\"high\" decoding=\"async\" class=\"alignnone wp-image-885 size-full\" src=\"http:\/\/www.xminsulation.com\/wp-content\/uploads\/2024\/04\/\u56fe\u72471.png\" alt=\"\" width=\"1064\" height=\"770\" srcset=\"https:\/\/www.xminsulation.com\/wp-content\/uploads\/2024\/04\/\u56fe\u72471.png 1064w, https:\/\/www.xminsulation.com\/wp-content\/uploads\/2024\/04\/\u56fe\u72471-300x217.png 300w, https:\/\/www.xminsulation.com\/wp-content\/uploads\/2024\/04\/\u56fe\u72471-1024x741.png 1024w, https:\/\/www.xminsulation.com\/wp-content\/uploads\/2024\/04\/\u56fe\u72471-768x556.png 768w, https:\/\/www.xminsulation.com\/wp-content\/uploads\/2024\/04\/\u56fe\u72471-600x434.png 600w\" sizes=\"(max-width: 1064px) 100vw, 1064px\" \/><\/p>\n<p>&nbsp;<\/p>","protected":false},"excerpt":{"rendered":"<p>We can not only carry out project cooperation and provide a complete set of solutions, but also serve as your purchasing agent. We can also provide technical consultation and technical services, such as providing a full set of production, testing, installation, commissioning and other services. In addition, we can also provide production and manufacturing training [&hellip;]<\/p>","protected":false},"featured_media":885,"template":"","meta":{"site-sidebar-layout":"default","site-content-layout":"","ast-site-content-layout":"default","site-content-style":"default","site-sidebar-style":"default","ast-global-header-display":"","ast-banner-title-visibility":"","ast-main-header-display":"","ast-hfb-above-header-display":"","ast-hfb-below-header-display":"","ast-hfb-mobile-header-display":"","site-post-title":"disabled","ast-breadcrumbs-content":"","ast-featured-img":"","footer-sml-layout":"","theme-transparent-header-meta":"default","adv-header-id-meta":"","stick-header-meta":"","header-above-stick-meta":"","header-main-stick-meta":"","header-below-stick-meta":"","astra-migrate-meta-layouts":"set","ast-page-background-enabled":"default","ast-page-background-meta":{"desktop":{"background-color":"","background-image":"","background-repeat":"repeat","background-position":"center center","background-size":"auto","background-attachment":"scroll","background-type":"","background-media":"","overlay-type":"","overlay-color":"","overlay-gradient":""},"tablet":{"background-color":"","background-image":"","background-repeat":"repeat","background-position":"center center","background-size":"auto","background-attachment":"scroll","background-type":"","background-media":"","overlay-type":"","overlay-color":"","overlay-gradient":""},"mobile":{"background-color":"","background-image":"","background-repeat":"repeat","background-position":"center center","background-size":"auto","background-attachment":"scroll","background-type":"","background-media":"","overlay-type":"","overlay-color":"","overlay-gradient":""}},"ast-content-background-meta":{"desktop":{"background-color":"var(--ast-global-color-5)","background-image":"","background-repeat":"repeat","background-position":"center center","background-size":"auto","background-attachment":"scroll","background-type":"","background-media":"","overlay-type":"","overlay-color":"","overlay-gradient":""},"tablet":{"background-color":"var(--ast-global-color-5)","background-image":"","background-repeat":"repeat","background-position":"center center","background-size":"auto","background-attachment":"scroll","background-type":"","background-media":"","overlay-type":"","overlay-color":"","overlay-gradient":""},"mobile":{"background-color":"var(--ast-global-color-5)","background-image":"","background-repeat":"repeat","background-position":"center center","background-size":"auto","background-attachment":"scroll","background-type":"","background-media":"","overlay-type":"","overlay-color":"","overlay-gradient":""}}},"product_cat":[49],"product_tag":[],"class_list":{"0":"post-884","1":"product","2":"type-product","3":"status-publish","4":"has-post-thumbnail","6":"product_cat-offer-technical-support-and-technical-verification-services","7":"desktop-align-left","8":"tablet-align-left","9":"mobile-align-left","11":"first","12":"instock","13":"shipping-taxable","14":"product-type-simple"},"_links":{"self":[{"href":"https:\/\/www.xminsulation.com\/vi\/wp-json\/wp\/v2\/product\/884","targetHints":{"allow":["GET"]}}],"collection":[{"href":"https:\/\/www.xminsulation.com\/vi\/wp-json\/wp\/v2\/product"}],"about":[{"href":"https:\/\/www.xminsulation.com\/vi\/wp-json\/wp\/v2\/types\/product"}],"wp:featuredmedia":[{"embeddable":true,"href":"https:\/\/www.xminsulation.com\/vi\/wp-json\/wp\/v2\/media\/885"}],"wp:attachment":[{"href":"https:\/\/www.xminsulation.com\/vi\/wp-json\/wp\/v2\/media?parent=884"}],"wp:term":[{"taxonomy":"product_cat","embeddable":true,"href":"https:\/\/www.xminsulation.com\/vi\/wp-json\/wp\/v2\/product_cat?post=884"},{"taxonomy":"product_tag","embeddable":true,"href":"https:\/\/www.xminsulation.com\/vi\/wp-json\/wp\/v2\/product_tag?post=884"}],"curies":[{"name":"wp","href":"https:\/\/api.w.org\/{rel}","templated":true}]}}