{"id":3774,"date":"2025-06-20T10:07:14","date_gmt":"2025-06-20T02:07:14","guid":{"rendered":"https:\/\/www.xminsulation.com\/?post_type=product&#038;p=3774"},"modified":"2025-06-20T10:07:14","modified_gmt":"2025-06-20T02:07:14","slug":"transformer-bushings-combined-resin-silicon-bushings","status":"publish","type":"product","link":"https:\/\/www.xminsulation.com\/vi\/product\/transformer-bushings-combined-resin-silicon-bushings\/","title":{"rendered":"\u1ed0ng l\u00f3t m\u00e1y bi\u1ebfn \u00e1p \u1ed0ng l\u00f3t nh\u1ef1a silicon k\u1ebft h\u1ee3p"},"content":{"rendered":"<p>Lo\u1ea1i kh\u00f4ng ph\u1ea3i s\u1ee9, ch\u1ec9 c\u00f3 nh\u1ef1a Silicon\/Epoxy<\/p>\n<p>\u0110i\u1ec7n \u00e1p t\u1eeb 10-40.5kV, D\u00f2ng \u0111i\u1ec7n t\u1eeb 200A-4000A<\/p>\n<p>Ti\u00eau chu\u1ea9n IEC\/IEEE<\/p>\n<p><strong><b> <img fetchpriority=\"high\" decoding=\"async\" class=\"alignnone size-full wp-image-3775\" src=\"https:\/\/www.xminsulation.com\/wp-content\/uploads\/2025\/06\/\u56fe\u72476.png\" alt=\"\" width=\"1244\" height=\"853\" srcset=\"https:\/\/www.xminsulation.com\/wp-content\/uploads\/2025\/06\/\u56fe\u72476.png 1244w, https:\/\/www.xminsulation.com\/wp-content\/uploads\/2025\/06\/\u56fe\u72476-300x206.png 300w, https:\/\/www.xminsulation.com\/wp-content\/uploads\/2025\/06\/\u56fe\u72476-1024x702.png 1024w, https:\/\/www.xminsulation.com\/wp-content\/uploads\/2025\/06\/\u56fe\u72476-768x527.png 768w, https:\/\/www.xminsulation.com\/wp-content\/uploads\/2025\/06\/\u56fe\u72476-18x12.png 18w, https:\/\/www.xminsulation.com\/wp-content\/uploads\/2025\/06\/\u56fe\u72476-600x411.png 600w\" sizes=\"(max-width: 1244px) 100vw, 1244px\" \/><\/b><\/strong><\/p>\n<h2><strong><b>Ch\u1ee7 y\u1ebfu <\/b><\/strong><strong><b>\u0110\u1eb7c tr\u01b0ng<\/b><\/strong><\/h2>\n<p>V\u1ecf cao su silicon \u0111\u01b0\u1ee3c \u0111\u1ecbnh h\u00ecnh b\u1eb1ng ph\u01b0\u01a1ng ph\u00e1p phun to\u00e0n b\u1ed9. N\u00f3 c\u00f3 kh\u1ea3 n\u0103ng ch\u1ed1ng th\u1ea5m n\u01b0\u1edbc v\u00e0 ch\u1ed1ng b\u00e1m b\u1ea9n t\u1ed1t, c\u0169ng nh\u01b0 kh\u1ea3 n\u0103ng c\u00e1ch \u0111i\u1ec7n v\u00e0 ch\u1ed1ng l\u00e3o h\u00f3a tuy\u1ec7t v\u1eddi, c\u00f3 th\u1ec3 ng\u0103n ng\u1eeba hi\u1ec7u qu\u1ea3 c\u00e1c s\u1ef1 c\u1ed1 ph\u00f3ng \u0111i\u1ec7n do \u00f4 nhi\u1ec5m, \u0111\u1ea3m b\u1ea3o an to\u00e0n cho \u0111\u01b0\u1eddng d\u00e2y truy\u1ec1n t\u1ea3i \u0111i\u1ec7n cao th\u1ebf.<\/p>\n<p>Thanh nh\u1ef1a epoxy gia c\u01b0\u1eddng s\u1ee3i th\u1ee7y tinh \u0111\u01b0\u1ee3c s\u1eed d\u1ee5ng v\u00ec n\u00f3 c\u00f3 kh\u1ea3 n\u0103ng ch\u1ed1ng ch\u1ecbu nhi\u1ec7t \u0111\u1ed9 cao, \u0103n m\u00f2n \u1ee9ng su\u1ea5t v\u00e0 axit t\u1ed1t, c\u0169ng nh\u01b0 t\u00e1c d\u1ee5ng gi\u1ea3m ch\u1ea5n t\u1ed1t, \u0111\u1ed9 b\u1ec1n k\u00e9o cao (&gt;1200Mpa) v\u00e0 kh\u1ea3 n\u0103ng ch\u1ed1ng bi\u1ebfn d\u1ea1ng v\u00e0 h\u1ecfng do m\u1ecfi, \u0111\u1ea3m b\u1ea3o hi\u1ec7u qu\u1ea3 ch\u1ea5t l\u01b0\u1ee3ng c\u00e1ch \u0111i\u1ec7n b\u00ean trong v\u00e0 \u0111\u1ed9 b\u1ec1n c\u01a1 h\u1ecdc c\u1ee7a s\u1ee9 c\u00e1ch \u0111i\u1ec7n.<\/p>\n<p>\u0110\u1ea7u n\u1ed1i \u0111\u01b0\u1ee3c u\u1ed1n v\u00e0o thanh s\u1ee3i th\u1ee7y tinh b\u1eb1ng m\u00e1y u\u1ed1n d\u1ecbch chuy\u1ec3n \u0111i\u1ec1u khi\u1ec3n b\u1eb1ng gi\u1ecdng n\u00f3i. C\u00e1c s\u1ee9 c\u00e1ch \u0111i\u1ec7n \u0111\u01b0\u1ee3c u\u1ed1n b\u1eb1ng k\u1ef9 thu\u1eadt n\u00e0y c\u00f3 \u0111\u1ed9 b\u1ec1n c\u01a1 h\u1ecdc cao v\u00e0 \u0111\u1ed9 ph\u00e2n t\u00e1n nh\u1ecf. \u00c1p d\u1ee5ng c\u00f4ng ngh\u1ec7 \u00e9p phun t\u1ef1 \u0111\u1ed9ng ti\u00ean ti\u1ebfn nh\u1ea5t v\u00e0 ph\u01b0\u01a1ng ph\u00e1p u\u1ed1n k\u1ebft n\u1ed1i cho s\u1ea3n xu\u1ea5t v\u00e0 l\u1eafp r\u00e1p, to\u00e0n b\u1ed9 quy tr\u00ecnh u\u1ed1n \u0111\u01b0\u1ee3c \u0111i\u1ec1u khi\u1ec3n b\u1eb1ng m\u00e1y t\u00ednh v\u00e0 k\u1ebft qu\u1ea3 u\u1ed1n \u0111\u01b0\u1ee3c gi\u00e1m s\u00e1t b\u1eb1ng m\u00e1y d\u00f2 si\u00eau \u00e2m, \u0111\u1ea3m b\u1ea3o m\u1ed7i s\u1ea3n ph\u1ea9m \u0111\u1ec1u \u0111\u1ea1t ti\u00eau chu\u1ea9n.<\/p>\n<p>Ch\u00fang t\u00f4i cung c\u1ea5p nhi\u1ec1u ki\u1ec3u k\u1ebft n\u1ed1i c\u0169ng nh\u01b0 c\u00e1c gi\u1ea3i ph\u00e1p ph\u00f9 h\u1ee3p v\u1edbi h\u1ea7u h\u1ebft m\u1ecdi y\u00eau c\u1ea7u\/th\u00f4ng s\u1ed1 k\u1ef9 thu\u1eadt c\u1ee7a kh\u00e1ch h\u00e0ng.<\/p>\n<p>&nbsp;<\/p>\n<p><img decoding=\"async\" class=\"size-full wp-image-3776 aligncenter\" src=\"https:\/\/www.xminsulation.com\/wp-content\/uploads\/2025\/06\/\u56fe\u72477.png\" alt=\"\" width=\"775\" height=\"1722\" srcset=\"https:\/\/www.xminsulation.com\/wp-content\/uploads\/2025\/06\/\u56fe\u72477.png 775w, https:\/\/www.xminsulation.com\/wp-content\/uploads\/2025\/06\/\u56fe\u72477-135x300.png 135w, https:\/\/www.xminsulation.com\/wp-content\/uploads\/2025\/06\/\u56fe\u72477-461x1024.png 461w, https:\/\/www.xminsulation.com\/wp-content\/uploads\/2025\/06\/\u56fe\u72477-768x1706.png 768w, https:\/\/www.xminsulation.com\/wp-content\/uploads\/2025\/06\/\u56fe\u72477-691x1536.png 691w, https:\/\/www.xminsulation.com\/wp-content\/uploads\/2025\/06\/\u56fe\u72477-5x12.png 5w, https:\/\/www.xminsulation.com\/wp-content\/uploads\/2025\/06\/\u56fe\u72477-600x1333.png 600w\" sizes=\"(max-width: 775px) 100vw, 775px\" \/><\/p>\n<p style=\"text-align: center;\">CRS (IEC) CHO CRS (24-36KV\/250-630A)<\/p>\n<p>&nbsp;<\/p>\n<p><img decoding=\"async\" class=\"size-full wp-image-3777 aligncenter\" src=\"https:\/\/www.xminsulation.com\/wp-content\/uploads\/2025\/06\/\u56fe\u72478.png\" alt=\"\" width=\"679\" height=\"809\" srcset=\"https:\/\/www.xminsulation.com\/wp-content\/uploads\/2025\/06\/\u56fe\u72478.png 679w, https:\/\/www.xminsulation.com\/wp-content\/uploads\/2025\/06\/\u56fe\u72478-252x300.png 252w, https:\/\/www.xminsulation.com\/wp-content\/uploads\/2025\/06\/\u56fe\u72478-10x12.png 10w, https:\/\/www.xminsulation.com\/wp-content\/uploads\/2025\/06\/\u56fe\u72478-600x715.png 600w\" sizes=\"(max-width: 679px) 100vw, 679px\" \/><\/p>\n<p style=\"text-align: center;\">CRS (IEEE)-25-34,5kV 3000A<\/p>\n<p>&nbsp;<\/p>\n<p><img loading=\"lazy\" decoding=\"async\" class=\"size-full wp-image-3778 aligncenter\" src=\"https:\/\/www.xminsulation.com\/wp-content\/uploads\/2025\/06\/\u56fe\u72479.png\" alt=\"\" width=\"868\" height=\"1292\" srcset=\"https:\/\/www.xminsulation.com\/wp-content\/uploads\/2025\/06\/\u56fe\u72479.png 868w, https:\/\/www.xminsulation.com\/wp-content\/uploads\/2025\/06\/\u56fe\u72479-202x300.png 202w, https:\/\/www.xminsulation.com\/wp-content\/uploads\/2025\/06\/\u56fe\u72479-688x1024.png 688w, https:\/\/www.xminsulation.com\/wp-content\/uploads\/2025\/06\/\u56fe\u72479-768x1143.png 768w, https:\/\/www.xminsulation.com\/wp-content\/uploads\/2025\/06\/\u56fe\u72479-8x12.png 8w, https:\/\/www.xminsulation.com\/wp-content\/uploads\/2025\/06\/\u56fe\u72479-600x893.png 600w\" sizes=\"(max-width: 868px) 100vw, 868px\" \/> <img loading=\"lazy\" decoding=\"async\" class=\"size-full wp-image-3779 aligncenter\" src=\"https:\/\/www.xminsulation.com\/wp-content\/uploads\/2025\/06\/\u56fe\u724710.png\" alt=\"\" width=\"930\" height=\"815\" srcset=\"https:\/\/www.xminsulation.com\/wp-content\/uploads\/2025\/06\/\u56fe\u724710.png 930w, https:\/\/www.xminsulation.com\/wp-content\/uploads\/2025\/06\/\u56fe\u724710-300x263.png 300w, https:\/\/www.xminsulation.com\/wp-content\/uploads\/2025\/06\/\u56fe\u724710-768x673.png 768w, https:\/\/www.xminsulation.com\/wp-content\/uploads\/2025\/06\/\u56fe\u724710-14x12.png 14w, https:\/\/www.xminsulation.com\/wp-content\/uploads\/2025\/06\/\u56fe\u724710-600x526.png 600w\" sizes=\"(max-width: 930px) 100vw, 930px\" \/><\/p>\n<p>&nbsp;<\/p>\n<p>&nbsp;<\/p>\n<p>&nbsp;<\/p>\n<h2 class=\"wxts\">\u25c6T\u00f9y ch\u1ec9nh \u0111\u1eb7c bi\u1ec7t<\/h2>\n<p>C\u00e1c th\u00f4ng s\u1ed1 tr\u00ean l\u00e0 d\u1eef li\u1ec7u ti\u00eau bi\u1ec3u; n\u1ebfu c\u00e1c ki\u1ec3u d\u00e1ng hi\u1ec7n c\u00f3 kh\u00f4ng \u0111\u00e1p \u1ee9ng \u0111\u01b0\u1ee3c nhu c\u1ea7u c\u1ee5 th\u1ec3 c\u1ee7a b\u1ea1n, vui l\u00f2ng li\u00ean h\u1ec7 v\u1edbi ch\u00fang t\u00f4i \u0111\u1ec3 \u0111\u01b0\u1ee3c thi\u1ebft k\u1ebf ri\u00eang. Ch\u00fang t\u00f4i c\u00f3 k\u1ef9 n\u0103ng s\u1ea3n xu\u1ea5t v\u00e0 ph\u00e1t tri\u1ec3n t\u00f9y ch\u1ec9nh c\u00e1 nh\u00e2n h\u00f3a \u0111\u00e1ng k\u1ec3, cho ph\u00e9p ch\u00fang t\u00f4i cung c\u1ea5p c\u00e1c gi\u1ea3i ph\u00e1p ph\u00f9 h\u1ee3p cho kh\u00e1ch h\u00e0ng tr\u00ean to\u00e0n th\u1ebf gi\u1edbi.<\/p>\n<p>&nbsp;<\/p>\n<p>&nbsp;<\/p>\n<p>&nbsp;<\/p>","protected":false},"excerpt":{"rendered":"<p>Non-Porcelain Type, Silicon \/ Epoxy Resin Only Voltage from 10-40.5kV, Current from 200A-4000A IEC \/ IEEE Standard Main Features The silicone rubber housing taken shape by whole injection. It has good hydrophobicity migration and soil resistance, as well as excellent electrical insulation properties and aging resistance, which could prevent effectively those accidents of pollution flashover [&hellip;]<\/p>","protected":false},"featured_media":3780,"template":"","meta":{"site-sidebar-layout":"default","site-content-layout":"","ast-site-content-layout":"default","site-content-style":"default","site-sidebar-style":"default","ast-global-header-display":"","ast-banner-title-visibility":"","ast-main-header-display":"","ast-hfb-above-header-display":"","ast-hfb-below-header-display":"","ast-hfb-mobile-header-display":"","site-post-title":"","ast-breadcrumbs-content":"","ast-featured-img":"","footer-sml-layout":"","theme-transparent-header-meta":"default","adv-header-id-meta":"","stick-header-meta":"","header-above-stick-meta":"","header-main-stick-meta":"","header-below-stick-meta":"","astra-migrate-meta-layouts":"set","ast-page-background-enabled":"default","ast-page-background-meta":{"desktop":{"background-color":"","background-image":"","background-repeat":"repeat","background-position":"center center","background-size":"auto","background-attachment":"scroll","background-type":"","background-media":"","overlay-type":"","overlay-color":"","overlay-gradient":""},"tablet":{"background-color":"","background-image":"","background-repeat":"repeat","background-position":"center center","background-size":"auto","background-attachment":"scroll","background-type":"","background-media":"","overlay-type":"","overlay-color":"","overlay-gradient":""},"mobile":{"background-color":"","background-image":"","background-repeat":"repeat","background-position":"center center","background-size":"auto","background-attachment":"scroll","background-type":"","background-media":"","overlay-type":"","overlay-color":"","overlay-gradient":""}},"ast-content-background-meta":{"desktop":{"background-color":"var(--ast-global-color-5)","background-image":"","background-repeat":"repeat","background-position":"center center","background-size":"auto","background-attachment":"scroll","background-type":"","background-media":"","overlay-type":"","overlay-color":"","overlay-gradient":""},"tablet":{"background-color":"var(--ast-global-color-5)","background-image":"","background-repeat":"repeat","background-position":"center center","background-size":"auto","background-attachment":"scroll","background-type":"","background-media":"","overlay-type":"","overlay-color":"","overlay-gradient":""},"mobile":{"background-color":"var(--ast-global-color-5)","background-image":"","background-repeat":"repeat","background-position":"center center","background-size":"auto","background-attachment":"scroll","background-type":"","background-media":"","overlay-type":"","overlay-color":"","overlay-gradient":""}}},"product_cat":[66],"product_tag":[],"class_list":{"0":"post-3774","1":"product","2":"type-product","3":"status-publish","4":"has-post-thumbnail","6":"product_cat-non-porcelain-composite-transformer-bushings","7":"desktop-align-left","8":"tablet-align-left","9":"mobile-align-left","11":"first","12":"instock","13":"shipping-taxable","14":"product-type-simple"},"_links":{"self":[{"href":"https:\/\/www.xminsulation.com\/vi\/wp-json\/wp\/v2\/product\/3774","targetHints":{"allow":["GET"]}}],"collection":[{"href":"https:\/\/www.xminsulation.com\/vi\/wp-json\/wp\/v2\/product"}],"about":[{"href":"https:\/\/www.xminsulation.com\/vi\/wp-json\/wp\/v2\/types\/product"}],"wp:featuredmedia":[{"embeddable":true,"href":"https:\/\/www.xminsulation.com\/vi\/wp-json\/wp\/v2\/media\/3780"}],"wp:attachment":[{"href":"https:\/\/www.xminsulation.com\/vi\/wp-json\/wp\/v2\/media?parent=3774"}],"wp:term":[{"taxonomy":"product_cat","embeddable":true,"href":"https:\/\/www.xminsulation.com\/vi\/wp-json\/wp\/v2\/product_cat?post=3774"},{"taxonomy":"product_tag","embeddable":true,"href":"https:\/\/www.xminsulation.com\/vi\/wp-json\/wp\/v2\/product_tag?post=3774"}],"curies":[{"name":"wp","href":"https:\/\/api.w.org\/{rel}","templated":true}]}}