{"id":3768,"date":"2025-06-20T10:01:45","date_gmt":"2025-06-20T02:01:45","guid":{"rendered":"https:\/\/www.xminsulation.com\/?post_type=product&#038;p=3768"},"modified":"2025-06-20T10:01:45","modified_gmt":"2025-06-20T02:01:45","slug":"transformer-bushings-hollow-core-sbc-bushing-series","status":"publish","type":"product","link":"https:\/\/www.xminsulation.com\/vi\/product\/transformer-bushings-hollow-core-sbc-bushing-series\/","title":{"rendered":"\u1ed0ng l\u00f3t m\u00e1y bi\u1ebfn \u00e1p l\u00f5i r\u1ed7ng SBC Bushing Series"},"content":{"rendered":"<p>Lo\u1ea1i kh\u00f4ng ph\u1ea3i s\u1ee9, ch\u1ec9 c\u00f3 nh\u1ef1a Silicon\/Epoxy<\/p>\n<p>\u0110i\u1ec7n \u00e1p t\u1eeb 10-40.5kV, D\u00f2ng \u0111i\u1ec7n t\u1eeb 200A-4000A<\/p>\n<p>Ti\u00eau chu\u1ea9n IEC\/IEEE<\/p>\n<p><img fetchpriority=\"high\" decoding=\"async\" class=\"size-full wp-image-3769 aligncenter\" src=\"https:\/\/www.xminsulation.com\/wp-content\/uploads\/2025\/06\/\u56fe\u72471.png\" alt=\"\" width=\"1534\" height=\"1474\" srcset=\"https:\/\/www.xminsulation.com\/wp-content\/uploads\/2025\/06\/\u56fe\u72471.png 1534w, https:\/\/www.xminsulation.com\/wp-content\/uploads\/2025\/06\/\u56fe\u72471-300x288.png 300w, https:\/\/www.xminsulation.com\/wp-content\/uploads\/2025\/06\/\u56fe\u72471-1024x984.png 1024w, https:\/\/www.xminsulation.com\/wp-content\/uploads\/2025\/06\/\u56fe\u72471-768x738.png 768w, https:\/\/www.xminsulation.com\/wp-content\/uploads\/2025\/06\/\u56fe\u72471-12x12.png 12w, https:\/\/www.xminsulation.com\/wp-content\/uploads\/2025\/06\/\u56fe\u72471-600x577.png 600w\" sizes=\"(max-width: 1534px) 100vw, 1534px\" \/><\/p>\n<h2><strong><b>Ch\u1ee7 y\u1ebfu <\/b><\/strong><strong><b>\u0110\u1eb7c tr\u01b0ng<\/b><\/strong><\/h2>\n<p>\u1ed0ng l\u00f3t SBC kh\u00f4ng c\u00f3 \u0111i\u1ec7n dung v\u00e0 ph\u00f9 h\u1ee3p v\u1edbi m\u00e1y bi\u1ebfn \u00e1p ch\u1ee9a d\u1ea7u. Ch\u00fang l\u00e0 \u1ed1ng l\u00f3t r\u1ed7ng, kh\u00f4ng c\u1ea7n b\u1ea3o d\u01b0\u1ee1ng, ch\u1ee9a ch\u1ea5t l\u1ecfng d\u1ef1a tr\u00ean EN50180 v\u00e0 \u0111\u01b0\u1ee3c th\u1eed nghi\u1ec7m theo IEC 60137. Th\u00e2n c\u00e1ch \u0111i\u1ec7n bao g\u1ed3m m\u1ed9t \u1ed1ng s\u1ee3i th\u1ee7y tinh \u0111\u01b0\u1ee3c l\u00e0m \u0111\u1ea7y b\u1eb1ng silicon cao c\u1ea5p th\u00f4ng qua h\u1ec7 th\u1ed1ng silicon l\u1ecfng hi\u1ec7n \u0111\u1ea1i (LSR). Thi\u1ebft k\u1ebf s\u1ea3n ph\u1ea9m s\u00e1ng t\u1ea1o n\u00e0y \u0111\u1ea3m b\u1ea3o hi\u1ec7u su\u1ea5t t\u1ed1i \u01b0u nh\u1edd m\u1eb7t b\u00edch \u0111\u01b0\u1ee3c t\u00edch h\u1ee3p tr\u1ef1c ti\u1ebfp v\u00e0o v\u1ecf composite. \u0110i\u1ec1u n\u00e0y c\u1ea3i thi\u1ec7n \u0111\u1ed9 b\u1ec1n c\u1ee7a \u1ed1ng l\u00f3t v\u00e0 gi\u1ea3m nguy c\u01a1 r\u00f2 r\u1ec9 d\u1ea7u.<\/p>\n<p>\u0110\u01b0\u1ee3c thi\u1ebft k\u1ebf cho c\u1ea3 \u1ee9ng d\u1ee5ng trong nh\u00e0 v\u00e0 ngo\u00e0i tr\u1eddi, \u1ed1ng l\u00f3t SBC th\u1eadm ch\u00ed c\u00f3 th\u1ec3 ho\u1ea1t \u0111\u1ed9ng trong \u0111i\u1ec1u ki\u1ec7n m\u00f4i tr\u01b0\u1eddng kh\u1eafc nghi\u1ec7t (v\u00ed d\u1ee5: khu v\u1ef1c \u00f4 nhi\u1ec5m cao, nhi\u1ec7t \u0111\u1ed9 m\u00f4i tr\u01b0\u1eddng r\u1ea5t l\u1ea1nh\/n\u00f3ng, m\u00f4i tr\u01b0\u1eddng \u0103n m\u00f2n\/c\u00f3 t\u00ednh \u0103n m\u00f2n cao, v.v.).<\/p>\n<p>Ch\u00fang t\u00f4i cung c\u1ea5p nhi\u1ec1u ki\u1ec3u k\u1ebft n\u1ed1i c\u0169ng nh\u01b0 c\u00e1c gi\u1ea3i ph\u00e1p ph\u00f9 h\u1ee3p v\u1edbi h\u1ea7u h\u1ebft m\u1ecdi y\u00eau c\u1ea7u\/th\u00f4ng s\u1ed1 k\u1ef9 thu\u1eadt c\u1ee7a kh\u00e1ch h\u00e0ng.<\/p>\n<p><img decoding=\"async\" class=\"size-full wp-image-3770 aligncenter\" src=\"https:\/\/www.xminsulation.com\/wp-content\/uploads\/2025\/06\/\u56fe\u72472.png\" alt=\"\" width=\"828\" height=\"1156\" srcset=\"https:\/\/www.xminsulation.com\/wp-content\/uploads\/2025\/06\/\u56fe\u72472.png 828w, https:\/\/www.xminsulation.com\/wp-content\/uploads\/2025\/06\/\u56fe\u72472-215x300.png 215w, https:\/\/www.xminsulation.com\/wp-content\/uploads\/2025\/06\/\u56fe\u72472-733x1024.png 733w, https:\/\/www.xminsulation.com\/wp-content\/uploads\/2025\/06\/\u56fe\u72472-768x1072.png 768w, https:\/\/www.xminsulation.com\/wp-content\/uploads\/2025\/06\/\u56fe\u72472-9x12.png 9w, https:\/\/www.xminsulation.com\/wp-content\/uploads\/2025\/06\/\u56fe\u72472-600x838.png 600w\" sizes=\"(max-width: 828px) 100vw, 828px\" \/><\/p>\n<h2><strong><b>C\u1ea5u tr\u00fac b\u00ean trong<\/b><\/strong><\/h2>\n<p><img decoding=\"async\" class=\"size-full wp-image-3771 aligncenter\" src=\"https:\/\/www.xminsulation.com\/wp-content\/uploads\/2025\/06\/\u56fe\u72473.png\" alt=\"\" width=\"452\" height=\"1324\" srcset=\"https:\/\/www.xminsulation.com\/wp-content\/uploads\/2025\/06\/\u56fe\u72473.png 452w, https:\/\/www.xminsulation.com\/wp-content\/uploads\/2025\/06\/\u56fe\u72473-102x300.png 102w, https:\/\/www.xminsulation.com\/wp-content\/uploads\/2025\/06\/\u56fe\u72473-350x1024.png 350w, https:\/\/www.xminsulation.com\/wp-content\/uploads\/2025\/06\/\u56fe\u72473-4x12.png 4w\" sizes=\"(max-width: 452px) 100vw, 452px\" \/><\/p>\n<h2><strong><b>K\u00edch th\u01b0\u1edbc<\/b><\/strong><\/h2>\n<p><img loading=\"lazy\" decoding=\"async\" class=\"size-full wp-image-3772 alignnone\" src=\"https:\/\/www.xminsulation.com\/wp-content\/uploads\/2025\/06\/\u56fe\u72474.png\" alt=\"\" width=\"2568\" height=\"2188\" srcset=\"https:\/\/www.xminsulation.com\/wp-content\/uploads\/2025\/06\/\u56fe\u72474.png 2568w, https:\/\/www.xminsulation.com\/wp-content\/uploads\/2025\/06\/\u56fe\u72474-300x256.png 300w, https:\/\/www.xminsulation.com\/wp-content\/uploads\/2025\/06\/\u56fe\u72474-1024x872.png 1024w, https:\/\/www.xminsulation.com\/wp-content\/uploads\/2025\/06\/\u56fe\u72474-768x654.png 768w, https:\/\/www.xminsulation.com\/wp-content\/uploads\/2025\/06\/\u56fe\u72474-1536x1309.png 1536w, https:\/\/www.xminsulation.com\/wp-content\/uploads\/2025\/06\/\u56fe\u72474-2048x1745.png 2048w, https:\/\/www.xminsulation.com\/wp-content\/uploads\/2025\/06\/\u56fe\u72474-14x12.png 14w, https:\/\/www.xminsulation.com\/wp-content\/uploads\/2025\/06\/\u56fe\u72474-600x511.png 600w\" sizes=\"(max-width: 2568px) 100vw, 2568px\" \/><\/p>\n<h2 class=\"wxts\">\u25c6T\u00f9y ch\u1ec9nh \u0111\u1eb7c bi\u1ec7t<\/h2>\n<p>C\u00e1c th\u00f4ng s\u1ed1 tr\u00ean l\u00e0 d\u1eef li\u1ec7u ti\u00eau bi\u1ec3u; n\u1ebfu c\u00e1c ki\u1ec3u d\u00e1ng hi\u1ec7n c\u00f3 kh\u00f4ng \u0111\u00e1p \u1ee9ng \u0111\u01b0\u1ee3c nhu c\u1ea7u c\u1ee5 th\u1ec3 c\u1ee7a b\u1ea1n, vui l\u00f2ng li\u00ean h\u1ec7 v\u1edbi ch\u00fang t\u00f4i \u0111\u1ec3 \u0111\u01b0\u1ee3c thi\u1ebft k\u1ebf ri\u00eang. Ch\u00fang t\u00f4i c\u00f3 k\u1ef9 n\u0103ng s\u1ea3n xu\u1ea5t v\u00e0 ph\u00e1t tri\u1ec3n t\u00f9y ch\u1ec9nh c\u00e1 nh\u00e2n h\u00f3a \u0111\u00e1ng k\u1ec3, cho ph\u00e9p ch\u00fang t\u00f4i cung c\u1ea5p c\u00e1c gi\u1ea3i ph\u00e1p ph\u00f9 h\u1ee3p cho kh\u00e1ch h\u00e0ng tr\u00ean to\u00e0n th\u1ebf gi\u1edbi.<\/p>\n<p>&nbsp;<\/p>","protected":false},"excerpt":{"rendered":"<p>Non-Porcelain Type, Silicon \/ Epoxy Resin Only Voltage from 10-40.5kV, Current from 200A-4000A IEC \/ IEEE Standard Main Features SBC\u00a0bushings are non-capacitive graded and suitable for oil-filled transformers.\u00a0They\u00a0are maintenance-free, hollow-core,liquid-filled bushings based on EN50180, and are tested in accordance with IEC 60137. The insulating body consists of a fiberglass tube that is filled with premium [&hellip;]<\/p>","protected":false},"featured_media":3773,"template":"","meta":{"site-sidebar-layout":"default","site-content-layout":"","ast-site-content-layout":"default","site-content-style":"default","site-sidebar-style":"default","ast-global-header-display":"","ast-banner-title-visibility":"","ast-main-header-display":"","ast-hfb-above-header-display":"","ast-hfb-below-header-display":"","ast-hfb-mobile-header-display":"","site-post-title":"","ast-breadcrumbs-content":"","ast-featured-img":"","footer-sml-layout":"","theme-transparent-header-meta":"default","adv-header-id-meta":"","stick-header-meta":"","header-above-stick-meta":"","header-main-stick-meta":"","header-below-stick-meta":"","astra-migrate-meta-layouts":"set","ast-page-background-enabled":"default","ast-page-background-meta":{"desktop":{"background-color":"","background-image":"","background-repeat":"repeat","background-position":"center center","background-size":"auto","background-attachment":"scroll","background-type":"","background-media":"","overlay-type":"","overlay-color":"","overlay-gradient":""},"tablet":{"background-color":"","background-image":"","background-repeat":"repeat","background-position":"center center","background-size":"auto","background-attachment":"scroll","background-type":"","background-media":"","overlay-type":"","overlay-color":"","overlay-gradient":""},"mobile":{"background-color":"","background-image":"","background-repeat":"repeat","background-position":"center center","background-size":"auto","background-attachment":"scroll","background-type":"","background-media":"","overlay-type":"","overlay-color":"","overlay-gradient":""}},"ast-content-background-meta":{"desktop":{"background-color":"var(--ast-global-color-5)","background-image":"","background-repeat":"repeat","background-position":"center center","background-size":"auto","background-attachment":"scroll","background-type":"","background-media":"","overlay-type":"","overlay-color":"","overlay-gradient":""},"tablet":{"background-color":"var(--ast-global-color-5)","background-image":"","background-repeat":"repeat","background-position":"center center","background-size":"auto","background-attachment":"scroll","background-type":"","background-media":"","overlay-type":"","overlay-color":"","overlay-gradient":""},"mobile":{"background-color":"var(--ast-global-color-5)","background-image":"","background-repeat":"repeat","background-position":"center center","background-size":"auto","background-attachment":"scroll","background-type":"","background-media":"","overlay-type":"","overlay-color":"","overlay-gradient":""}}},"product_cat":[66],"product_tag":[],"class_list":{"0":"post-3768","1":"product","2":"type-product","3":"status-publish","4":"has-post-thumbnail","6":"product_cat-non-porcelain-composite-transformer-bushings","7":"desktop-align-left","8":"tablet-align-left","9":"mobile-align-left","11":"first","12":"instock","13":"shipping-taxable","14":"product-type-simple"},"_links":{"self":[{"href":"https:\/\/www.xminsulation.com\/vi\/wp-json\/wp\/v2\/product\/3768","targetHints":{"allow":["GET"]}}],"collection":[{"href":"https:\/\/www.xminsulation.com\/vi\/wp-json\/wp\/v2\/product"}],"about":[{"href":"https:\/\/www.xminsulation.com\/vi\/wp-json\/wp\/v2\/types\/product"}],"wp:featuredmedia":[{"embeddable":true,"href":"https:\/\/www.xminsulation.com\/vi\/wp-json\/wp\/v2\/media\/3773"}],"wp:attachment":[{"href":"https:\/\/www.xminsulation.com\/vi\/wp-json\/wp\/v2\/media?parent=3768"}],"wp:term":[{"taxonomy":"product_cat","embeddable":true,"href":"https:\/\/www.xminsulation.com\/vi\/wp-json\/wp\/v2\/product_cat?post=3768"},{"taxonomy":"product_tag","embeddable":true,"href":"https:\/\/www.xminsulation.com\/vi\/wp-json\/wp\/v2\/product_tag?post=3768"}],"curies":[{"name":"wp","href":"https:\/\/api.w.org\/{rel}","templated":true}]}}