{"id":3475,"date":"2024-12-13T10:06:01","date_gmt":"2024-12-13T02:06:01","guid":{"rendered":"https:\/\/www.xminsulation.com\/?post_type=product&#038;p=3475"},"modified":"2024-12-13T10:06:01","modified_gmt":"2024-12-13T02:06:01","slug":"insulated-bushing-series-032","status":"publish","type":"product","link":"https:\/\/www.xminsulation.com\/vi\/product\/insulated-bushing-series-032\/","title":{"rendered":"\u1ed0ng l\u00f3t c\u00e1ch \u0111i\u1ec7n Series 032"},"content":{"rendered":"<p><img fetchpriority=\"high\" decoding=\"async\" class=\"alignnone wp-image-3312 size-full\" src=\"https:\/\/www.xminsulation.com\/wp-content\/uploads\/2024\/12\/\u7edd\u7f18\u5957\u7ba1\u7cfb\u5217163.png\" alt=\"\" width=\"643\" height=\"649\" srcset=\"https:\/\/www.xminsulation.com\/wp-content\/uploads\/2024\/12\/\u7edd\u7f18\u5957\u7ba1\u7cfb\u5217163.png 643w, https:\/\/www.xminsulation.com\/wp-content\/uploads\/2024\/12\/\u7edd\u7f18\u5957\u7ba1\u7cfb\u5217163-297x300.png 297w, https:\/\/www.xminsulation.com\/wp-content\/uploads\/2024\/12\/\u7edd\u7f18\u5957\u7ba1\u7cfb\u5217163-150x150.png 150w, https:\/\/www.xminsulation.com\/wp-content\/uploads\/2024\/12\/\u7edd\u7f18\u5957\u7ba1\u7cfb\u5217163-12x12.png 12w, https:\/\/www.xminsulation.com\/wp-content\/uploads\/2024\/12\/\u7edd\u7f18\u5957\u7ba1\u7cfb\u5217163-600x606.png 600w, https:\/\/www.xminsulation.com\/wp-content\/uploads\/2024\/12\/\u7edd\u7f18\u5957\u7ba1\u7cfb\u5217163-100x100.png 100w\" sizes=\"(max-width: 643px) 100vw, 643px\" \/><\/p>\n<p><img decoding=\"async\" class=\"alignnone wp-image-3313 size-full\" src=\"https:\/\/www.xminsulation.com\/wp-content\/uploads\/2024\/12\/\u7edd\u7f18\u5957\u7ba1\u7cfb\u5217166.png\" alt=\"\" width=\"643\" height=\"675\" srcset=\"https:\/\/www.xminsulation.com\/wp-content\/uploads\/2024\/12\/\u7edd\u7f18\u5957\u7ba1\u7cfb\u5217166.png 643w, https:\/\/www.xminsulation.com\/wp-content\/uploads\/2024\/12\/\u7edd\u7f18\u5957\u7ba1\u7cfb\u5217166-286x300.png 286w, https:\/\/www.xminsulation.com\/wp-content\/uploads\/2024\/12\/\u7edd\u7f18\u5957\u7ba1\u7cfb\u5217166-11x12.png 11w, https:\/\/www.xminsulation.com\/wp-content\/uploads\/2024\/12\/\u7edd\u7f18\u5957\u7ba1\u7cfb\u5217166-600x630.png 600w\" sizes=\"(max-width: 643px) 100vw, 643px\" \/><\/p>\n<p><img decoding=\"async\" class=\"alignnone wp-image-3314 size-full\" src=\"https:\/\/www.xminsulation.com\/wp-content\/uploads\/2024\/12\/\u7edd\u7f18\u5957\u7ba1\u7cfb\u5217170.png\" alt=\"\" width=\"643\" height=\"352\" srcset=\"https:\/\/www.xminsulation.com\/wp-content\/uploads\/2024\/12\/\u7edd\u7f18\u5957\u7ba1\u7cfb\u5217170.png 643w, https:\/\/www.xminsulation.com\/wp-content\/uploads\/2024\/12\/\u7edd\u7f18\u5957\u7ba1\u7cfb\u5217170-300x164.png 300w, https:\/\/www.xminsulation.com\/wp-content\/uploads\/2024\/12\/\u7edd\u7f18\u5957\u7ba1\u7cfb\u5217170-18x10.png 18w, https:\/\/www.xminsulation.com\/wp-content\/uploads\/2024\/12\/\u7edd\u7f18\u5957\u7ba1\u7cfb\u5217170-600x328.png 600w\" sizes=\"(max-width: 643px) 100vw, 643px\" \/><\/p>","protected":false},"excerpt":{"rendered":"","protected":false},"featured_media":3476,"template":"","meta":{"site-sidebar-layout":"default","site-content-layout":"","ast-site-content-layout":"default","site-content-style":"default","site-sidebar-style":"default","ast-global-header-display":"","ast-banner-title-visibility":"","ast-main-header-display":"","ast-hfb-above-header-display":"","ast-hfb-below-header-display":"","ast-hfb-mobile-header-display":"","site-post-title":"","ast-breadcrumbs-content":"","ast-featured-img":"","footer-sml-layout":"","theme-transparent-header-meta":"default","adv-header-id-meta":"","stick-header-meta":"","header-above-stick-meta":"","header-main-stick-meta":"","header-below-stick-meta":"","astra-migrate-meta-layouts":"set","ast-page-background-enabled":"default","ast-page-background-meta":{"desktop":{"background-color":"","background-image":"","background-repeat":"repeat","background-position":"center center","background-size":"auto","background-attachment":"scroll","background-type":"","background-media":"","overlay-type":"","overlay-color":"","overlay-gradient":""},"tablet":{"background-color":"","background-image":"","background-repeat":"repeat","background-position":"center center","background-size":"auto","background-attachment":"scroll","background-type":"","background-media":"","overlay-type":"","overlay-color":"","overlay-gradient":""},"mobile":{"background-color":"","background-image":"","background-repeat":"repeat","background-position":"center center","background-size":"auto","background-attachment":"scroll","background-type":"","background-media":"","overlay-type":"","overlay-color":"","overlay-gradient":""}},"ast-content-background-meta":{"desktop":{"background-color":"var(--ast-global-color-5)","background-image":"","background-repeat":"repeat","background-position":"center center","background-size":"auto","background-attachment":"scroll","background-type":"","background-media":"","overlay-type":"","overlay-color":"","overlay-gradient":""},"tablet":{"background-color":"var(--ast-global-color-5)","background-image":"","background-repeat":"repeat","background-position":"center center","background-size":"auto","background-attachment":"scroll","background-type":"","background-media":"","overlay-type":"","overlay-color":"","overlay-gradient":""},"mobile":{"background-color":"var(--ast-global-color-5)","background-image":"","background-repeat":"repeat","background-position":"center center","background-size":"auto","background-attachment":"scroll","background-type":"","background-media":"","overlay-type":"","overlay-color":"","overlay-gradient":""}}},"product_cat":[63],"product_tag":[],"class_list":{"0":"post-3475","1":"product","2":"type-product","3":"status-publish","4":"has-post-thumbnail","6":"product_cat-insulated-bushing-series","7":"desktop-align-left","8":"tablet-align-left","9":"mobile-align-left","11":"first","12":"instock","13":"shipping-taxable","14":"product-type-simple"},"_links":{"self":[{"href":"https:\/\/www.xminsulation.com\/vi\/wp-json\/wp\/v2\/product\/3475","targetHints":{"allow":["GET"]}}],"collection":[{"href":"https:\/\/www.xminsulation.com\/vi\/wp-json\/wp\/v2\/product"}],"about":[{"href":"https:\/\/www.xminsulation.com\/vi\/wp-json\/wp\/v2\/types\/product"}],"wp:featuredmedia":[{"embeddable":true,"href":"https:\/\/www.xminsulation.com\/vi\/wp-json\/wp\/v2\/media\/3476"}],"wp:attachment":[{"href":"https:\/\/www.xminsulation.com\/vi\/wp-json\/wp\/v2\/media?parent=3475"}],"wp:term":[{"taxonomy":"product_cat","embeddable":true,"href":"https:\/\/www.xminsulation.com\/vi\/wp-json\/wp\/v2\/product_cat?post=3475"},{"taxonomy":"product_tag","embeddable":true,"href":"https:\/\/www.xminsulation.com\/vi\/wp-json\/wp\/v2\/product_tag?post=3475"}],"curies":[{"name":"wp","href":"https:\/\/api.w.org\/{rel}","templated":true}]}}