{"id":3123,"date":"2024-09-13T23:49:09","date_gmt":"2024-09-13T15:49:09","guid":{"rendered":"https:\/\/www.xminsulation.com\/?post_type=product&#038;p=3123"},"modified":"2024-09-13T23:49:09","modified_gmt":"2024-09-13T15:49:09","slug":"40-5kv-630a-1250a-new-energy-vacuum-circuit-breaker-vcb","status":"publish","type":"product","link":"https:\/\/www.xminsulation.com\/vi\/product\/40-5kv-630a-1250a-new-energy-vacuum-circuit-breaker-vcb\/","title":{"rendered":"M\u00e1y c\u1eaft ch\u00e2n kh\u00f4ng n\u0103ng l\u01b0\u1ee3ng m\u1edbi 40,5kV 630A\/1250A VCB"},"content":{"rendered":"<p><img fetchpriority=\"high\" decoding=\"async\" class=\"alignnone wp-image-3124 size-full\" src=\"https:\/\/www.xminsulation.com\/wp-content\/uploads\/2024\/09\/\u56fe\u72471-1.png\" alt=\"\" width=\"1500\" height=\"1500\" srcset=\"https:\/\/www.xminsulation.com\/wp-content\/uploads\/2024\/09\/\u56fe\u72471-1.png 1500w, https:\/\/www.xminsulation.com\/wp-content\/uploads\/2024\/09\/\u56fe\u72471-1-300x300.png 300w, https:\/\/www.xminsulation.com\/wp-content\/uploads\/2024\/09\/\u56fe\u72471-1-1024x1024.png 1024w, https:\/\/www.xminsulation.com\/wp-content\/uploads\/2024\/09\/\u56fe\u72471-1-150x150.png 150w, https:\/\/www.xminsulation.com\/wp-content\/uploads\/2024\/09\/\u56fe\u72471-1-768x768.png 768w, https:\/\/www.xminsulation.com\/wp-content\/uploads\/2024\/09\/\u56fe\u72471-1-12x12.png 12w, https:\/\/www.xminsulation.com\/wp-content\/uploads\/2024\/09\/\u56fe\u72471-1-600x600.png 600w, https:\/\/www.xminsulation.com\/wp-content\/uploads\/2024\/09\/\u56fe\u72471-1-100x100.png 100w\" sizes=\"(max-width: 1500px) 100vw, 1500px\" \/><\/p>\n<h2><strong><b>Th\u00f4ng tin chung<\/b><\/strong><\/h2>\n<p>M\u00e1y c\u1eaft ch\u00e2n kh\u00f4ng AC cao \u00e1p trong nh\u00e0 40,5kV 630A\/1250A l\u00e0 m\u00e1y c\u1eaft ch\u00e2n kh\u00f4ng k\u1ebft h\u1ee3p 40,5kV th\u1ebf h\u1ec7 m\u1edbi (c\u00e1ch ly, m\u00e1y c\u1eaft ch\u00e2n kh\u00f4ng, lo\u1ea1i ti\u1ebfp \u0111\u1ecba t\u00edch h\u1ee3p), ph\u00f9 h\u1ee3p v\u1edbi m\u1ea1ng l\u01b0\u1edbi truy\u1ec1n t\u1ea3i v\u00e0 ph\u00e2n ph\u1ed1i \u0111i\u1ec7n AC 50Hz\/60Hz, \u0111i\u1ec7n \u00e1p \u0111\u1ecbnh m\u1ee9c 40,5kV, \u0111\u01b0\u1ee3c s\u1eed d\u1ee5ng r\u1ed9ng r\u00e3i trong c\u00e1c d\u1ef1 \u00e1n ph\u00e1t \u0111i\u1ec7n gi\u00f3, ph\u00e1t \u0111i\u1ec7n m\u1eb7t tr\u1eddi, nh\u00e0 m\u00e1y \u0111i\u1ec7n l\u01b0u tr\u1eef n\u0103ng l\u01b0\u1ee3ng v\u00e0 h\u1ec7 th\u1ed1ng m\u1ea1ng l\u01b0\u1edbi ph\u00e2n ph\u1ed1i \u0111\u00f4 th\u1ecb. S\u1ea3n ph\u1ea9m n\u00e0y c\u00f3 k\u00edch th\u01b0\u1edbc nh\u1ecf, d\u1ec5 l\u1eafp \u0111\u1eb7t, v\u1eadn h\u00e0nh \u0111\u01a1n gi\u1ea3n v\u00e0 c\u00f3 th\u1ec3 \u0111i\u1ec1u khi\u1ec3n t\u1eeb xa. C\u1ea5u tr\u00fac khoa h\u1ecdc v\u00e0 h\u1ee3p l\u00fd, ho\u1ea1t \u0111\u1ed9ng linh ho\u1ea1t v\u00e0 \u0111\u00e1ng tin c\u1eady, c\u00f3 v\u1ebft n\u1ee9t c\u00e1ch ly r\u00f5 r\u00e0ng. C\u00f3 thi\u1ebft b\u1ecb li\u00ean \u0111\u1ed9ng c\u01a1 v\u00e0 \u0111i\u1ec7n ho\u00e0n ch\u1ec9nh, c\u00f3 \u0111\u1ed9 tin c\u1eady v\u1eadn h\u00e0nh v\u00e0 tu\u1ed5i th\u1ecd c\u1ef1c cao. V\u1edbi t\u1ee7 c\u00f4ng t\u1eafc t\u01b0\u01a1ng \u1ee9ng, c\u00f3 th\u1ec3 \u0111\u1ea1t \u0111\u01b0\u1ee3c ch\u1ee9c n\u0103ng ph\u00e2n ph\u1ed1i \u0111i\u1ec7n an to\u00e0n v\u00e0 \u0111\u1ea3m b\u1ea3o an to\u00e0n cho ng\u01b0\u1eddi v\u1eadn h\u00e0nh v\u00e0 thi\u1ebft b\u1ecb.<\/p>\n<p><img decoding=\"async\" class=\"alignnone wp-image-3125 size-full\" src=\"https:\/\/www.xminsulation.com\/wp-content\/uploads\/2024\/09\/\u56fe\u72472-1.png\" alt=\"\" width=\"1496\" height=\"1728\" srcset=\"https:\/\/www.xminsulation.com\/wp-content\/uploads\/2024\/09\/\u56fe\u72472-1.png 1496w, https:\/\/www.xminsulation.com\/wp-content\/uploads\/2024\/09\/\u56fe\u72472-1-260x300.png 260w, https:\/\/www.xminsulation.com\/wp-content\/uploads\/2024\/09\/\u56fe\u72472-1-887x1024.png 887w, https:\/\/www.xminsulation.com\/wp-content\/uploads\/2024\/09\/\u56fe\u72472-1-768x887.png 768w, https:\/\/www.xminsulation.com\/wp-content\/uploads\/2024\/09\/\u56fe\u72472-1-1330x1536.png 1330w, https:\/\/www.xminsulation.com\/wp-content\/uploads\/2024\/09\/\u56fe\u72472-1-10x12.png 10w, https:\/\/www.xminsulation.com\/wp-content\/uploads\/2024\/09\/\u56fe\u72472-1-600x693.png 600w\" sizes=\"(max-width: 1496px) 100vw, 1496px\" \/> <img decoding=\"async\" class=\"alignnone wp-image-3126 size-full\" src=\"https:\/\/www.xminsulation.com\/wp-content\/uploads\/2024\/09\/\u56fe\u72473-1.png\" alt=\"\" width=\"1464\" height=\"1042\" srcset=\"https:\/\/www.xminsulation.com\/wp-content\/uploads\/2024\/09\/\u56fe\u72473-1.png 1464w, https:\/\/www.xminsulation.com\/wp-content\/uploads\/2024\/09\/\u56fe\u72473-1-300x214.png 300w, https:\/\/www.xminsulation.com\/wp-content\/uploads\/2024\/09\/\u56fe\u72473-1-1024x729.png 1024w, https:\/\/www.xminsulation.com\/wp-content\/uploads\/2024\/09\/\u56fe\u72473-1-768x547.png 768w, https:\/\/www.xminsulation.com\/wp-content\/uploads\/2024\/09\/\u56fe\u72473-1-18x12.png 18w, https:\/\/www.xminsulation.com\/wp-content\/uploads\/2024\/09\/\u56fe\u72473-1-600x427.png 600w\" sizes=\"(max-width: 1464px) 100vw, 1464px\" \/><\/p>\n<h2><strong><b>\u0110i\u1ec1u ki\u1ec7n s\u1eed d\u1ee5ng<\/b><\/strong><\/h2>\n<p>&nbsp;<\/p>\n<p>Nhi\u1ec7t \u0111\u1ed9 m\u00f4i tr\u01b0\u1eddng: gi\u1edbi h\u1ea1n tr\u00ean +40\u2103; gi\u1edbi h\u1ea1n d\u01b0\u1edbi -15\u2103; \u0111\u1ed9 cao: \u0111\u1ed9 cao \u22641000m;<\/p>\n<p>\u0110\u1ed9 \u1ea9m t\u01b0\u01a1ng \u0111\u1ed1i: gi\u00e1 tr\u1ecb trung b\u00ecnh h\u00e0ng ng\u00e0y kh\u00f4ng qu\u00e1 95%, gi\u00e1 tr\u1ecb trung b\u00ecnh h\u00e0ng th\u00e1ng kh\u00f4ng qu\u00e1 90%; c\u01b0\u1eddng \u0111\u1ed9 \u0111\u1ed9ng \u0111\u1ea5t: kh\u00f4ng qu\u00e1 8 \u0111\u1ed9;<\/p>\n<p>Kh\u00f4ng c\u00f3 nguy c\u01a1 ch\u00e1y n\u1ed5, \u0103n m\u00f2n h\u00f3a h\u1ecdc ho\u1eb7c rung \u0111\u1ed9ng m\u1ea1nh; m\u1ee9c \u0111\u1ed9 \u00f4 nhi\u1ec5m: M\u1ee9c I.<\/p>\n<p>L\u01b0u \u00fd: N\u1ebfu c\u00f3 y\u00eau c\u1ea7u v\u1ec1 m\u00f4i tr\u01b0\u1eddng s\u1eed d\u1ee5ng \u0111\u1eb7c bi\u1ec7t, ph\u1ea3i n\u00eau r\u00f5 trong chi ti\u1ebft \u0111\u01a1n h\u00e0ng.<\/p>\n<p>&nbsp;<\/p>\n<h2><strong><b>Bi\u1ec3u \u0111\u1ed3 k\u00edch th\u01b0\u1edbc VCB<\/b><\/strong><\/h2>\n<p><img loading=\"lazy\" decoding=\"async\" class=\"alignnone wp-image-3127 size-full\" src=\"https:\/\/www.xminsulation.com\/wp-content\/uploads\/2024\/09\/\u56fe\u72474-1.png\" alt=\"\" width=\"921\" height=\"674\" srcset=\"https:\/\/www.xminsulation.com\/wp-content\/uploads\/2024\/09\/\u56fe\u72474-1.png 921w, https:\/\/www.xminsulation.com\/wp-content\/uploads\/2024\/09\/\u56fe\u72474-1-300x220.png 300w, https:\/\/www.xminsulation.com\/wp-content\/uploads\/2024\/09\/\u56fe\u72474-1-768x562.png 768w, https:\/\/www.xminsulation.com\/wp-content\/uploads\/2024\/09\/\u56fe\u72474-1-16x12.png 16w, https:\/\/www.xminsulation.com\/wp-content\/uploads\/2024\/09\/\u56fe\u72474-1-600x439.png 600w\" sizes=\"(max-width: 921px) 100vw, 921px\" \/> <img loading=\"lazy\" decoding=\"async\" class=\"alignnone wp-image-3128 size-large\" src=\"https:\/\/www.xminsulation.com\/wp-content\/uploads\/2024\/09\/\u56fe\u72475-1-1024x704.png\" alt=\"\" width=\"1024\" height=\"704\" srcset=\"https:\/\/www.xminsulation.com\/wp-content\/uploads\/2024\/09\/\u56fe\u72475-1-1024x704.png 1024w, https:\/\/www.xminsulation.com\/wp-content\/uploads\/2024\/09\/\u56fe\u72475-1-300x206.png 300w, https:\/\/www.xminsulation.com\/wp-content\/uploads\/2024\/09\/\u56fe\u72475-1-768x528.png 768w, https:\/\/www.xminsulation.com\/wp-content\/uploads\/2024\/09\/\u56fe\u72475-1-18x12.png 18w, https:\/\/www.xminsulation.com\/wp-content\/uploads\/2024\/09\/\u56fe\u72475-1-600x413.png 600w, https:\/\/www.xminsulation.com\/wp-content\/uploads\/2024\/09\/\u56fe\u72475-1.png 1159w\" sizes=\"(max-width: 1024px) 100vw, 1024px\" \/> <img loading=\"lazy\" decoding=\"async\" class=\"alignnone wp-image-3129 size-full\" src=\"https:\/\/www.xminsulation.com\/wp-content\/uploads\/2024\/09\/\u56fe\u72476-1.png\" alt=\"\" width=\"941\" height=\"443\" srcset=\"https:\/\/www.xminsulation.com\/wp-content\/uploads\/2024\/09\/\u56fe\u72476-1.png 941w, https:\/\/www.xminsulation.com\/wp-content\/uploads\/2024\/09\/\u56fe\u72476-1-300x141.png 300w, https:\/\/www.xminsulation.com\/wp-content\/uploads\/2024\/09\/\u56fe\u72476-1-768x362.png 768w, https:\/\/www.xminsulation.com\/wp-content\/uploads\/2024\/09\/\u56fe\u72476-1-18x8.png 18w, https:\/\/www.xminsulation.com\/wp-content\/uploads\/2024\/09\/\u56fe\u72476-1-600x282.png 600w\" sizes=\"(max-width: 941px) 100vw, 941px\" \/><\/p>\n<h2><strong><b>C\u00e0i \u0111\u1eb7t<\/b><\/strong><strong><b>s\u1ef1 ph\u00e2n lo\u1ea1i<\/b><\/strong><\/h2>\n<p>&nbsp;<\/p>\n<p>S\u1ea3n ph\u1ea9m ph\u1ea3i \u0111\u01b0\u1ee3c l\u1eafp \u0111\u1eb7t trong khung kim lo\u1ea1i c\u00f3 th\u1ec3 quan s\u00e1t \u0111\u01b0\u1ee3c tr\u1ea1ng th\u00e1i \u0111\u00f3ng m\u1edf c\u1ee7a c\u00f4ng t\u1eafc c\u00e1ch ly. S\u1eed d\u1ee5ng s\u00e1u bu l\u00f4ng M16 \u0111\u1ec3 lu\u1ed3n qua c\u00e1c l\u1ed7 l\u1eafp tr\u00ean gi\u00e1 \u0111\u1ee1 v\u00e0 k\u1ebft n\u1ed1i v\u1edbi khung c\u1ed1 \u0111\u1ecbnh. Trong qu\u00e1 tr\u00ecnh l\u1eafp \u0111\u1eb7t, c\u00f4ng t\u1eafc c\u00e1ch ly v\u00e0 bu\u1ed3ng d\u1eadp h\u1ed3 quang ph\u1ea3i \u1edf tr\u1ea1ng th\u00e1i m\u1edf.<\/p>\n<p>Tr\u01b0\u1edbc khi l\u1eafp \u0111\u1eb7t, s\u1eed d\u1ee5ng v\u1ea3i m\u1ec1m s\u1ea1ch \u0111\u1ec3 lau s\u1ea1ch d\u1ea7u v\u00e0 b\u1ee5i tr\u00ean c\u00e1c b\u1ed9 ph\u1eadn c\u00e1ch \u0111i\u1ec7n v\u00e0 c\u00e1c ti\u1ebfp \u0111i\u1ec3m d\u1eabn \u0111i\u1ec7n. M\u1ed7i b\u1ed9 ph\u1eadn quay ph\u1ea3i \u0111\u01b0\u1ee3c ph\u1ee7 m\u1ed9t l\u1edbp ch\u1ea5t b\u00f4i tr\u01a1n ch\u1ed1ng \u0111\u00f4ng trung t\u00ednh v\u00e0 c\u00e1c ch\u1ed1t ph\u1ea3i \u0111\u01b0\u1ee3c si\u1ebft ch\u1eb7t. Trong qu\u00e1 tr\u00ecnh l\u1eafp \u0111\u1eb7t, thanh c\u00e1i kh\u00f4ng \u0111\u01b0\u1ee3c ph\u00e9p t\u00e1c d\u1ee5ng b\u1ea5t k\u1ef3 l\u1ef1c b\u00ean ngo\u00e0i n\u00e0o l\u00ean c\u00e1c \u0111\u1ea7u n\u1ed1i c\u00f4ng t\u1eafc. B\u1ec1 m\u1eb7t ti\u1ebfp x\u00fac gi\u1eefa thanh c\u00e1i v\u00e0 c\u00f4ng t\u1eafc ph\u1ea3i ph\u1eb3ng.<\/p>\n<p>&nbsp;<\/p>\n<h2><strong><b>T\u00f4i<\/b><\/strong><strong><b>s\u1ef1 ch\u0103m s\u00f3c<\/b><\/strong><\/h2>\n<p>&nbsp;<\/p>\n<p>C\u00f4ng t\u00e1c b\u1ea3o tr\u00ec \u0111\u01b0\u1ee3c s\u1eed d\u1ee5ng \u0111\u1ec3 \u0111\u1ea3m b\u1ea3o thi\u1ebft b\u1ecb \u0111\u00f3ng c\u1eaft ho\u1ea1t \u0111\u1ed9ng an to\u00e0n, \u0111\u00e1ng tin c\u1eady v\u00e0 li\u00ean t\u1ee5c, duy tr\u00ec t\u00ecnh tr\u1ea1ng ho\u1ea1t \u0111\u1ed9ng t\u1ed1t v\u00e0 k\u00e9o d\u00e0i tu\u1ed5i th\u1ecd c\u1ee7a thi\u1ebft b\u1ecb. Th\u01b0\u1eddng c\u00f3 th\u1ec3 chia th\u00e0nh ki\u1ec3m tra, b\u1ea3o tr\u00ec v\u00e0 s\u1eeda ch\u1eefa. Tr\u01b0\u1edbc khi th\u1ef1c hi\u1ec7n b\u1ea3o tr\u00ec, \u0111\u1ea3m b\u1ea3o r\u1eb1ng t\u1ea5t c\u1ea3 c\u00e1c ngu\u1ed3n \u0111i\u1ec7n \u0111\u00e3 \u0111\u01b0\u1ee3c ng\u1eaft k\u1ebft n\u1ed1i (m\u1ea1ch ch\u00ednh v\u00e0 m\u1ea1ch ph\u1ee5), thi\u1ebft b\u1ecb \u0111\u00f3ng c\u1eaft \u0111\u01b0\u1ee3c n\u1ed1i \u0111\u1ea5t \u0111\u00e1ng tin c\u1eady v\u00e0 c\u1ea3m bi\u1ebfn \u0111ang \u1edf tr\u1ea1ng th\u00e1i x\u1ea3.<\/p>\n<p>&nbsp;<\/p>\n<ol>\n<li>Ki\u1ec3m tra \u0111\u1ec3 x\u00e1c \u0111\u1ecbnh t\u00ecnh tr\u1ea1ng th\u1ef1c t\u1ebf c\u1ee7a thi\u1ebft b\u1ecb.<\/li>\n<li>Trong \u0111i\u1ec1u ki\u1ec7n l\u00e0m vi\u1ec7c b\u00ecnh th\u01b0\u1eddng, thi\u1ebft b\u1ecb \u0111\u00f3ng c\u1eaft ph\u1ea3i \u0111\u01b0\u1ee3c ki\u1ec3m tra sau m\u1ed9t n\u0103m xu\u1ea5t x\u01b0\u1edfng ho\u1eb7c sau 1.500 l\u1ea7n v\u1eadn h\u00e0nh, t\u00f9y theo \u0111i\u1ec1u ki\u1ec7n n\u00e0o \u0111\u1ebfn tr\u01b0\u1edbc.<\/li>\n<li>Ki\u1ec3m tra ngo\u1ea1i quan: bao g\u1ed3m ki\u1ec3m tra xem b\u1ec1 m\u1eb7t c\u00e1c b\u1ed9 ph\u1eadn c\u00e1ch \u0111i\u1ec7n c\u00f3 b\u1ee5i b\u1ea9n, \u0111\u1ed9 \u1ea9m, \u0103n m\u00f2n ho\u1eb7c ph\u00f3ng \u0111i\u1ec7n kh\u00f4ng; ti\u1ebfp x\u00fac c\u1ee7a c\u00e1c ti\u1ebfp \u0111i\u1ec3m c\u00e1ch ly c\u00f3 \u0111\u00e1ng tin c\u1eady kh\u00f4ng; c\u00e1c ch\u1ed1t c\u00f3 l\u1ecfng kh\u00f4ng; ch\u1ec9 b\u00e1o v\u1ecb tr\u00ed ph\u00f9 h\u1ee3p v\u1edbi t\u00ecnh h\u00ecnh th\u1ef1c t\u1ebf v\u00e0 thanh truy\u1ec1n, tr\u1ee5c quay v\u00e0 c\u00e1nh tay kh\u00f4ng b\u1ecb bi\u1ebfn d\u1ea1ng. Kh\u00f4ng c\u00f3 v\u1ebft n\u1ee9t v\u00e0 c\u00e1c ch\u1ed1t tr\u1ee5c ho\u00e0n ch\u1ec9nh; kh\u00f4ng c\u00f3 ph\u00f3ng \u0111i\u1ec7n, kh\u00f4ng c\u00f3 ti\u1ebfng \u1ed3n b\u1ea5t th\u01b0\u1eddng, kh\u00f4ng c\u00f3 h\u01b0 h\u1ecfng v\u00e0 kh\u00f4ng c\u00f3 s\u1ef1 \u0111\u1ed5i m\u00e0u trong bu\u1ed3ng d\u1eadp h\u1ed3 quang; d\u00e2y d\u1eabn th\u1ee9 c\u1ea5p \u0111\u01b0\u1ee3c u\u1ed1n t\u1ed1t v\u00e0 kh\u00f4ng c\u00f3 s\u1ef1 \u0111\u1ed5i m\u00e0u do qu\u00e1 nhi\u1ec7t ho\u1eb7c \u0111\u1ee9t s\u1ee3i.<\/li>\n<li>N\u1ebfu ph\u00e1t hi\u1ec7n \u0111i\u1ec1u ki\u1ec7n b\u1ea5t th\u01b0\u1eddng trong qu\u00e1 tr\u00ecnh ki\u1ec3m tra, thi\u1ebft b\u1ecb \u0111\u00f3ng c\u1eaft c\u1ea7n \u0111\u01b0\u1ee3c b\u1ea3o tr\u00ec ho\u1eb7c s\u1eeda ch\u1eefa.<\/li>\n<\/ol>\n<p>&nbsp;<\/p>\n<ol start=\"2\">\n<li>B\u1ea3o tr\u00ec, gi\u1eef cho thi\u1ebft b\u1ecb ho\u1ea1t \u0111\u1ed9ng t\u1ed1t v\u00e0 k\u00e9o d\u00e0i tu\u1ed5i th\u1ecd c\u1ee7a thi\u1ebft b\u1ecb.<\/li>\n<li>Trong \u0111i\u1ec1u ki\u1ec7n l\u00e0m vi\u1ec7c b\u00ecnh th\u01b0\u1eddng, th\u1eddi gian b\u1ea3o d\u01b0\u1ee1ng c\u1ea7n thi\u1ebft cho thi\u1ebft b\u1ecb \u0111\u00f3ng c\u1eaft l\u00e0 hai n\u0103m m\u1ed9t l\u1ea7n sau khi \u0111\u01b0a v\u00e0o v\u1eadn h\u00e0nh.<\/li>\n<li>Tr\u01b0\u1edbc khi ti\u1ebfn h\u00e0nh b\u1ea3o tr\u00ec, ph\u1ea3i c\u00f4 l\u1eadp khu v\u1ef1c l\u00e0m vi\u1ec7c theo c\u00e1c quy \u0111\u1ecbnh c\u00f3 li\u00ean quan v\u00e0 ph\u1ea3i thi\u1ebft l\u1eadp c\u00e1c thi\u1ebft l\u1eadp an to\u00e0n \u0111\u1ec3 tr\u00e1nh ng\u01b0\u1eddi kh\u00e1c s\u1eed d\u1ee5ng sai c\u00f4ng t\u1eafc.<\/li>\n<li>V\u1ec7 sinh: S\u1eed d\u1ee5ng v\u1ea3i m\u1ec1m kh\u00f4 \u0111\u1ec3 lau s\u1ea1ch b\u1ee5i v\u00e0 v\u1ebft b\u1ea9n nh\u1eb9 tr\u00ean b\u1ec1 m\u1eb7t c\u00e1c b\u1ed9 ph\u1eadn c\u00e1ch \u0111i\u1ec7n v\u00e0 c\u00e1c \u0111i\u1ec3m ti\u1ebfp x\u00fac. L\u00e0m s\u1ea1ch v\u00e0 lau kh\u00f4 v\u1ebft b\u1ea9n kh\u00f3 lo\u1ea1i b\u1ecf b\u1eb1ng ch\u1ea5t t\u1ea9y r\u1eeda ki\u1ec1m y\u1ebfu.<\/li>\n<li>B\u00f4i tr\u01a1n: bao g\u1ed3m c\u1ea3 b\u1ed9 ph\u1eadn truy\u1ec1n \u0111\u1ed9ng c\u1ee7a thi\u1ebft b\u1ecb \u0111\u00f3ng c\u1eaft.<\/li>\n<li>Si\u1ebft ch\u1eb7t: Si\u1ebft ch\u1eb7t c\u00e1c \u0111ai \u1ed1c ho\u1eb7c bu l\u00f4ng \u0111\u01b0\u1ee3c t\u00ecm th\u1ea5y trong qu\u00e1 tr\u00ecnh ki\u1ec3m tra v\u00e0 \u0111\u00e1nh d\u1ea5u v\u1ecb tr\u00ed si\u1ebft ch\u1eb7t.<\/li>\n<li>V\u1eadn h\u00e0nh: Th\u1ef1c hi\u1ec7n c\u00e1c thao t\u00e1c \u0111\u00f3ng, m\u1edf tr\u00ean thi\u1ebft b\u1ecb \u0111\u00f3ng c\u1eaft, ki\u1ec3m tra xem h\u01b0\u1edbng d\u1eabn \u0111\u00f3ng, m\u1edf c\u00f3 \u0111\u00fang kh\u00f4ng v\u00e0 ki\u1ec3m tra xem vi\u1ec7c \u0111\u00f3ng, m\u1edf c\u00e1c th\u00e0nh ph\u1ea7n \u0111i\u1ec7n c\u00f3 b\u00ecnh th\u01b0\u1eddng kh\u00f4ng.<\/li>\n<\/ol>\n<p>&nbsp;<\/p>\n<ol start=\"3\">\n<li>S\u1eeda ch\u1eefa v\u00e0 kh\u00f4i ph\u1ee5c ch\u1ee9c n\u0103ng b\u00ecnh th\u01b0\u1eddng c\u1ee7a thi\u1ebft b\u1ecb.<\/li>\n<li>N\u1ebfu ph\u00e1t hi\u1ec7n b\u1ea5t k\u1ef3 b\u1ea5t th\u01b0\u1eddng n\u00e0o \u1edf c\u00f4ng t\u1eafc trong qu\u00e1 tr\u00ecnh ki\u1ec3m tra ho\u1eb7c b\u1ea3o tr\u00ec, ph\u1ea3i ti\u1ebfn h\u00e0nh s\u1eeda ch\u1eefa c\u1ea7n thi\u1ebft \u0111\u1ed1i v\u1edbi thi\u1ebft b\u1ecb c\u00f4ng t\u1eafc.<\/li>\n<li>\u0110\u1ea3m b\u1ea3o r\u1eb1ng nh\u00e2n vi\u00ean b\u1ea3o tr\u00ec kh\u00f4ng g\u1eb7p r\u1ee7i ro khi kh\u00f4i ph\u1ee5c ngu\u1ed3n \u0111i\u1ec7n trong qu\u00e1 tr\u00ecnh b\u1ea3o tr\u00ec.<\/li>\n<li>Ho\u1ea1t \u0111\u1ed9ng b\u1ea3o tr\u00ec ph\u1ea3i \u0111\u01b0\u1ee3c th\u1ef1c hi\u1ec7n b\u1edfi nh\u00e2n vi\u00ean \u0111\u00e3 \u0111\u01b0\u1ee3c \u0111\u00e0o t\u1ea1o \u0111\u1eb7c bi\u1ec7t v\u00e0 c\u00f3 hi\u1ec3u bi\u1ebft chi ti\u1ebft v\u1ec1 thi\u1ebft b\u1ecb \u0111\u00f3ng c\u1eaft n\u00e0y ho\u1eb7c b\u1edfi c\u00e1c k\u1ef9 s\u01b0 sau b\u00e1n h\u00e0ng c\u1ee7a c\u00f4ng ty ch\u00fang t\u00f4i.<\/li>\n<\/ol>\n<h2><strong><b>V\u1eadn t\u1ea3i <\/b><\/strong><strong><b>&amp;<\/b><\/strong><strong><b>\u00a0<\/b><\/strong><strong><b>S<\/b><\/strong><strong><b>torage<\/b><\/strong><\/h2>\n<p>&nbsp;<\/p>\n<ol>\n<li>Bao b\u00ec s\u1ea3n ph\u1ea9m ph\u1ea3i c\u00f3 bi\u1ec7n ph\u00e1p ch\u1ed1ng s\u1ed1c v\u00e0 ch\u1ed1ng \u1ea9m. Trong qu\u00e1 tr\u00ecnh di chuy\u1ec3n v\u00e0 v\u1eadn chuy\u1ec3n c\u00f4ng t\u1eafc, kh\u00f4ng \u0111\u01b0\u1ee3c ph\u00e9p l\u1eadt ho\u1eb7c va ch\u1ea1m. Khi nh\u1ea5c c\u00f4ng t\u1eafc, \u0111i\u1ec3m t\u1eadp trung ch\u1ec9 n\u00ean \u1edf tr\u00ean khung.<\/li>\n<li>S\u1ea3n ph\u1ea9m ph\u1ea3i \u0111\u01b0\u1ee3c b\u1ea3o qu\u1ea3n \u1edf n\u01a1i kh\u00f4 r\u00e1o, th\u00f4ng gi\u00f3, kh\u00f4ng c\u00f3 kh\u00ed \u0111\u1ed9c h\u1ea1i \u0103n m\u00f2n, n\u1ebfu b\u1ea3o qu\u1ea3n l\u00e2u ng\u00e0y ph\u1ea3i tra m\u1ee1 nhi\u1ec7t \u0111\u1ed9 th\u1ea5p v\u00e0o b\u1ed9 ph\u1eadn quay c\u1ee7a c\u00f4ng t\u1eafc, th\u01b0\u1eddng xuy\u00ean ki\u1ec3m tra \u0111i\u1ec1u ki\u1ec7n m\u00f4i tr\u01b0\u1eddng xem c\u00f3 \u0111\u1ea1t y\u00eau c\u1ea7u kh\u00f4ng.<\/li>\n<\/ol>","protected":false},"excerpt":{"rendered":"<p>General Information The 40.5kV 630A\/1250A\u00a0indoor AC high-voltage vacuum circuit breaker is a new generation of 40.5kV combined vacuum circuit breaker (isolation, vacuum circuit breaker, Integrated grounding type), suitable for AC 50Hz\/60Hz, rated voltage 40.5kV power transmission and distribution network, widely used in wind power generation, solar power generation, energy storage power stations and urban distribution [&hellip;]<\/p>","protected":false},"featured_media":3130,"template":"","meta":{"site-sidebar-layout":"default","site-content-layout":"","ast-site-content-layout":"default","site-content-style":"default","site-sidebar-style":"default","ast-global-header-display":"","ast-banner-title-visibility":"","ast-main-header-display":"","ast-hfb-above-header-display":"","ast-hfb-below-header-display":"","ast-hfb-mobile-header-display":"","site-post-title":"","ast-breadcrumbs-content":"","ast-featured-img":"","footer-sml-layout":"","theme-transparent-header-meta":"default","adv-header-id-meta":"","stick-header-meta":"","header-above-stick-meta":"","header-main-stick-meta":"","header-below-stick-meta":"","astra-migrate-meta-layouts":"set","ast-page-background-enabled":"default","ast-page-background-meta":{"desktop":{"background-color":"","background-image":"","background-repeat":"repeat","background-position":"center center","background-size":"auto","background-attachment":"scroll","background-type":"","background-media":"","overlay-type":"","overlay-color":"","overlay-gradient":""},"tablet":{"background-color":"","background-image":"","background-repeat":"repeat","background-position":"center center","background-size":"auto","background-attachment":"scroll","background-type":"","background-media":"","overlay-type":"","overlay-color":"","overlay-gradient":""},"mobile":{"background-color":"","background-image":"","background-repeat":"repeat","background-position":"center center","background-size":"auto","background-attachment":"scroll","background-type":"","background-media":"","overlay-type":"","overlay-color":"","overlay-gradient":""}},"ast-content-background-meta":{"desktop":{"background-color":"var(--ast-global-color-5)","background-image":"","background-repeat":"repeat","background-position":"center center","background-size":"auto","background-attachment":"scroll","background-type":"","background-media":"","overlay-type":"","overlay-color":"","overlay-gradient":""},"tablet":{"background-color":"var(--ast-global-color-5)","background-image":"","background-repeat":"repeat","background-position":"center center","background-size":"auto","background-attachment":"scroll","background-type":"","background-media":"","overlay-type":"","overlay-color":"","overlay-gradient":""},"mobile":{"background-color":"var(--ast-global-color-5)","background-image":"","background-repeat":"repeat","background-position":"center center","background-size":"auto","background-attachment":"scroll","background-type":"","background-media":"","overlay-type":"","overlay-color":"","overlay-gradient":""}}},"product_cat":[59],"product_tag":[],"class_list":{"0":"post-3123","1":"product","2":"type-product","3":"status-publish","4":"has-post-thumbnail","6":"product_cat-40-5kv-630a-1250a-new-energy-vacuum-circuit-breaker-vcb","7":"desktop-align-left","8":"tablet-align-left","9":"mobile-align-left","11":"first","12":"instock","13":"shipping-taxable","14":"product-type-simple"},"_links":{"self":[{"href":"https:\/\/www.xminsulation.com\/vi\/wp-json\/wp\/v2\/product\/3123","targetHints":{"allow":["GET"]}}],"collection":[{"href":"https:\/\/www.xminsulation.com\/vi\/wp-json\/wp\/v2\/product"}],"about":[{"href":"https:\/\/www.xminsulation.com\/vi\/wp-json\/wp\/v2\/types\/product"}],"wp:featuredmedia":[{"embeddable":true,"href":"https:\/\/www.xminsulation.com\/vi\/wp-json\/wp\/v2\/media\/3130"}],"wp:attachment":[{"href":"https:\/\/www.xminsulation.com\/vi\/wp-json\/wp\/v2\/media?parent=3123"}],"wp:term":[{"taxonomy":"product_cat","embeddable":true,"href":"https:\/\/www.xminsulation.com\/vi\/wp-json\/wp\/v2\/product_cat?post=3123"},{"taxonomy":"product_tag","embeddable":true,"href":"https:\/\/www.xminsulation.com\/vi\/wp-json\/wp\/v2\/product_tag?post=3123"}],"curies":[{"name":"wp","href":"https:\/\/api.w.org\/{rel}","templated":true}]}}