{"id":3101,"date":"2024-05-12T17:40:23","date_gmt":"2024-05-12T09:40:23","guid":{"rendered":"https:\/\/www.xminsulation.com\/?post_type=product&#038;p=3101"},"modified":"2024-09-13T17:56:08","modified_gmt":"2024-09-13T09:56:08","slug":"3-ways-or-4-ways-indoor-outdoor-ring-main-unit-rmu","status":"publish","type":"product","link":"https:\/\/www.xminsulation.com\/vi\/product\/3-ways-or-4-ways-indoor-outdoor-ring-main-unit-rmu\/","title":{"rendered":"3 C\u00c1CH HO\u1eb6C 4 C\u00c1CH TRONG NH\u00c0 &amp; NGO\u00c0I TR\u1edcI V\u00d2NG CH\u00cdNH RMU"},"content":{"rendered":"<p><img fetchpriority=\"high\" decoding=\"async\" class=\"alignnone wp-image-3102 size-large\" src=\"https:\/\/www.xminsulation.com\/wp-content\/uploads\/2024\/09\/\u56fe\u724713-1024x1024.png\" alt=\"\" width=\"1024\" height=\"1024\" srcset=\"https:\/\/www.xminsulation.com\/wp-content\/uploads\/2024\/09\/\u56fe\u724713-1024x1024.png 1024w, https:\/\/www.xminsulation.com\/wp-content\/uploads\/2024\/09\/\u56fe\u724713-300x300.png 300w, https:\/\/www.xminsulation.com\/wp-content\/uploads\/2024\/09\/\u56fe\u724713-150x150.png 150w, https:\/\/www.xminsulation.com\/wp-content\/uploads\/2024\/09\/\u56fe\u724713-768x768.png 768w, https:\/\/www.xminsulation.com\/wp-content\/uploads\/2024\/09\/\u56fe\u724713-12x12.png 12w, https:\/\/www.xminsulation.com\/wp-content\/uploads\/2024\/09\/\u56fe\u724713-600x600.png 600w, https:\/\/www.xminsulation.com\/wp-content\/uploads\/2024\/09\/\u56fe\u724713-100x100.png 100w, https:\/\/www.xminsulation.com\/wp-content\/uploads\/2024\/09\/\u56fe\u724713.png 1200w\" sizes=\"(max-width: 1024px) 100vw, 1024px\" \/> <img decoding=\"async\" class=\"alignnone wp-image-3103 size-full\" src=\"https:\/\/www.xminsulation.com\/wp-content\/uploads\/2024\/09\/\u56fe\u724714.png\" alt=\"\" width=\"832\" height=\"844\" srcset=\"https:\/\/www.xminsulation.com\/wp-content\/uploads\/2024\/09\/\u56fe\u724714.png 832w, https:\/\/www.xminsulation.com\/wp-content\/uploads\/2024\/09\/\u56fe\u724714-296x300.png 296w, https:\/\/www.xminsulation.com\/wp-content\/uploads\/2024\/09\/\u56fe\u724714-768x779.png 768w, https:\/\/www.xminsulation.com\/wp-content\/uploads\/2024\/09\/\u56fe\u724714-12x12.png 12w, https:\/\/www.xminsulation.com\/wp-content\/uploads\/2024\/09\/\u56fe\u724714-600x609.png 600w, https:\/\/www.xminsulation.com\/wp-content\/uploads\/2024\/09\/\u56fe\u724714-100x100.png 100w\" sizes=\"(max-width: 832px) 100vw, 832px\" \/> <img decoding=\"async\" class=\"alignnone wp-image-3104 size-full\" src=\"https:\/\/www.xminsulation.com\/wp-content\/uploads\/2024\/09\/\u56fe\u724715.png\" alt=\"\" width=\"1670\" height=\"1802\" srcset=\"https:\/\/www.xminsulation.com\/wp-content\/uploads\/2024\/09\/\u56fe\u724715.png 1670w, https:\/\/www.xminsulation.com\/wp-content\/uploads\/2024\/09\/\u56fe\u724715-278x300.png 278w, https:\/\/www.xminsulation.com\/wp-content\/uploads\/2024\/09\/\u56fe\u724715-949x1024.png 949w, https:\/\/www.xminsulation.com\/wp-content\/uploads\/2024\/09\/\u56fe\u724715-768x829.png 768w, https:\/\/www.xminsulation.com\/wp-content\/uploads\/2024\/09\/\u56fe\u724715-1423x1536.png 1423w, https:\/\/www.xminsulation.com\/wp-content\/uploads\/2024\/09\/\u56fe\u724715-11x12.png 11w, https:\/\/www.xminsulation.com\/wp-content\/uploads\/2024\/09\/\u56fe\u724715-600x647.png 600w\" sizes=\"(max-width: 1670px) 100vw, 1670px\" \/> <img loading=\"lazy\" decoding=\"async\" class=\"alignnone wp-image-3105 size-full\" src=\"https:\/\/www.xminsulation.com\/wp-content\/uploads\/2024\/09\/\u56fe\u724716.png\" alt=\"\" width=\"640\" height=\"818\" srcset=\"https:\/\/www.xminsulation.com\/wp-content\/uploads\/2024\/09\/\u56fe\u724716.png 640w, https:\/\/www.xminsulation.com\/wp-content\/uploads\/2024\/09\/\u56fe\u724716-235x300.png 235w, https:\/\/www.xminsulation.com\/wp-content\/uploads\/2024\/09\/\u56fe\u724716-9x12.png 9w, https:\/\/www.xminsulation.com\/wp-content\/uploads\/2024\/09\/\u56fe\u724716-600x767.png 600w\" sizes=\"(max-width: 640px) 100vw, 640px\" \/><\/p>\n<p>M\u1ed8T\u00a0<a href=\"https:\/\/en.wikipedia.org\/wiki\/Ring_main_unit\">RMU<\/a>\u00a0l\u00e0 t\u1ee7 \u0111i\u1ec7n trung th\u1ebf ch\u1ee9a c\u00e1c ng\u0103n c\u00e1p \u0111\u1ea7u v\u00e0o v\u00e0 \u0111\u1ea7u ra. N\u00f3 c\u00f4 l\u1eadp c\u00e1c ng\u0103n ri\u00eang l\u1ebb n\u00e0y b\u1eb1ng c\u00e1c c\u1ea7u dao \u0111\u01a1n \u0111\u01b0\u1ee3c k\u1ebft n\u1ed1i v\u1edbi c\u00e1c c\u00e1p \u0111i ra m\u00e1y bi\u1ebfn \u00e1p. M\u1ed7i ng\u0103n c\u00f3 c\u1ea7u dao t\u1ea3i v\u00e0 c\u1ea7u ch\u00ec b\u1ea3o v\u1ec7 \u0111\u01b0\u1ee3c l\u1eafp \u0111\u1eb7t. T\u1ee7 RMU c\u00f3 c\u00e1c thi\u1ebft l\u1eadp ti\u00eau chu\u1ea9n l\u00e0 hai, b\u1ed1n v\u00e0 s\u00e1u ng\u0103n.<\/p>\n<p>M\u1ed7i t\u1ee7 s\u1ebd ch\u1ee9a c\u00e1c lo\u1ea1i c\u00f4ng t\u1eafc kh\u00e1c nhau c\u00f3 th\u1ec3 c\u00f3 nhi\u1ec1u m\u1ee5c \u0111\u00edch kh\u00e1c nhau. V\u00ed d\u1ee5, m\u1ed9t c\u00f4ng t\u1eafc c\u00f3 th\u1ec3 c\u1ea5p ngu\u1ed3n cho m\u00e1y bi\u1ebfn \u00e1p ph\u00e2n ph\u1ed1i trong khi c\u00f4ng t\u1eafc kh\u00e1c c\u00f3 th\u1ec3 k\u1ebft n\u1ed1i v\u1edbi t\u1ea3i. C\u00e1c \u0111\u01a1n v\u1ecb ph\u00e2n ph\u1ed1i \u0111i\u1ec7n c\u1ef1c k\u1ef3 nh\u1ecf g\u1ecdn n\u00e0y \u0111\u01b0\u1ee3c s\u1eed d\u1ee5ng cho c\u00e1c t\u00ecnh hu\u1ed1ng \u0111i\u1ec7n \u00e1p trung b\u00ecnh. RMU c\u00f3 th\u1ec3 \u0111\u01b0\u1ee3c ch\u1ebf t\u1ea1o cho nhi\u1ec1u c\u1ea5u h\u00ecnh kh\u00e1c nhau, trong \u0111\u00f3 m\u1ea1ng l\u01b0\u1edbi ph\u00e2n ph\u1ed1i 24 kV l\u00e0 m\u1ea1ng l\u01b0\u1edbi \u0111\u01b0\u1ee3c s\u1eed d\u1ee5ng ph\u1ed5 bi\u1ebfn nh\u1ea5t hi\u1ec7n nay. \u0110i\u1ec1u quan tr\u1ecdng l\u00e0 ph\u1ea3i nh\u1eadn ra r\u1eb1ng m\u1ed7i t\u1ee7 ho\u1eb7c \u0111\u01a1n v\u1ecb l\u00e0 m\u1ed9t h\u1ec7 th\u1ed1ng ho\u00e0n to\u00e0n k\u00edn.<\/p>\n<p>M\u1ed7i thi\u1ebft b\u1ecb \u0111\u00f3ng c\u1eaft RMU c\u00f3 ba ch\u1ee9c n\u0103ng ch\u00ednh. N\u00f3 \u0111i\u1ec1u khi\u1ec3n m\u1ea1ch \u0111\u1ec3 chuy\u1ec3n m\u1ea1ch c\u00e1c ch\u1ee9c n\u0103ng, c\u00f4 l\u1eadp thi\u1ebft b\u1ecb l\u1ed7i kh\u1ecfi m\u1ea1ch c\u00f2n l\u1ea1i v\u00e0 b\u1ea3o v\u1ec7 m\u1ea1ch kh\u1ecfi l\u1ed7i ng\u1eafn m\u1ea1ch, d\u00f2ng \u0111i\u1ec7n l\u1ed7i ti\u1ebfp \u0111\u1ea5t c\u0169ng nh\u01b0 qu\u00e1 t\u1ea3i.<\/p>\n<p>Nh\u1edd c\u00f4ng ngh\u1ec7 b\u00ean trong RMU, ch\u00fang c\u00f3 t\u00e1c d\u1ee5ng l\u1edbn trong vi\u1ec7c gi\u1ea3m t\u00ecnh tr\u1ea1ng m\u1ea5t \u0111i\u1ec7n v\u00e0 gi\u00fap b\u1ea1n duy tr\u00ec ngu\u1ed3n cung c\u1ea5p \u0111i\u1ec7n li\u00ean t\u1ee5c.<\/p>\n<h2><strong><b>\u01afu \u0111i\u1ec3m c\u1ee7a RMU<\/b><\/strong><\/h2>\n<p>&nbsp;<\/p>\n<p>RMU l\u00fd t\u01b0\u1edfng \u0111\u1ec3 gi\u00fap b\u1ea1n qu\u1ea3n l\u00fd nh\u1eefng th\u00e1ch th\u1ee9c kh\u00e1c nhau c\u1ee7a vi\u1ec7c ph\u00e2n ph\u1ed1i \u0111i\u1ec7n. C\u00e1c gi\u1ea3i ph\u00e1p t\u1ea5t c\u1ea3 trong m\u1ed9t n\u00e0y l\u00e0 thi\u1ebft b\u1ecb \u0111\u00f3ng c\u1eaft an to\u00e0n, d\u1ec5 l\u1eafp \u0111\u1eb7t cho nhi\u1ec1u \u0111i\u1ec7n \u00e1p kh\u00e1c nhau.<\/p>\n<p>Ch\u00fang \u0111\u01b0\u1ee3c ch\u1ebf t\u1ea1o \u0111\u1ec3 ch\u1ecbu \u0111\u01b0\u1ee3c c\u00e1c \u0111i\u1ec1u ki\u1ec7n m\u00f4i tr\u01b0\u1eddng kh\u1eafc nghi\u1ec7t v\u00e0 c\u00f3 th\u1ec3 \u0111\u01b0\u1ee3c \u0111\u1eb7t c\u1ea3 trong nh\u00e0 v\u00e0 ngo\u00e0i tr\u1eddi. C\u00e1c h\u1ec7 th\u1ed1ng RMU n\u00e0y cung c\u1ea5p kh\u1ea3 n\u0103ng b\u1ea3o v\u1ec7 n\u00e2ng cao ch\u1ed1ng l\u1ea1i d\u00f2ng \u0111i\u1ec7n qu\u00e1 t\u1ea3i, d\u00f2ng \u0111i\u1ec7n pha-pha v\u00e0 d\u00f2ng \u0111i\u1ec7n ti\u1ebfp x\u00fac \u0111\u1ea5t.<\/p>\n<p>H\u1ea7u nh\u01b0 kh\u00f4ng c\u1ea7n b\u1ea3o tr\u00ec, c\u00e1c thi\u1ebft b\u1ecb nh\u1ecf g\u1ecdn n\u00e0y c\u00f3 tu\u1ed5i th\u1ecd trung b\u00ecnh l\u00e0 20 n\u0103m. \u0110\u01b0\u1ee3c t\u00edch h\u1ee3p v\u1edbi c\u00e1c t\u00ednh n\u0103ng t\u1ef1 ki\u1ec3m tra n\u1ed9i b\u1ed9 cho ph\u00e9p b\u1ea1n bi\u1ebft ch\u00ednh x\u00e1c khi n\u00e0o c\u00f3 v\u1ea5n \u0111\u1ec1 trong giai \u0111o\u1ea1n v\u1eadn h\u00e0nh, c\u00e1c RMU n\u00e0y \u0111\u1ea3m b\u1ea3o b\u1ea3o v\u1ec7 ch\u1ea5t l\u01b0\u1ee3ng t\u1ed1i \u01b0u. V\u1edbi kh\u1ea3 n\u0103ng truy\u1ec1n th\u00f4ng v\u00e0 \u0111i\u1ec7n t\u1eed th\u00f4ng minh \u0111\u01b0\u1ee3c trang b\u1ecb, RMU v\u01b0\u1ee3t tr\u1ed9i h\u01a1n nhi\u1ec1u so v\u1edbi RMU truy\u1ec1n th\u1ed1ng.<\/p>\n<p>RMU r\u1ea5t d\u1ec5 t\u00edch h\u1ee3p v\u1edbi b\u1ea5t k\u1ef3 h\u1ec7 th\u1ed1ng qu\u1ea3n l\u00fd ph\u00e2n ph\u1ed1i n\u00e0o v\u00e0 bi\u1ebfn c\u00e1c gi\u1ea3i ph\u00e1p L\u01b0\u1edbi \u0111i\u1ec7n th\u00f4ng minh tr\u1edf n\u00ean d\u1ec5 d\u00e0ng \u0111\u1ed1i v\u1edbi t\u1ea5t c\u1ea3 c\u00e1c nh\u00e0 \u0111i\u1ec1u h\u00e0nh. Th\u1eadm ch\u00ed t\u1ed1t h\u01a1n, b\u1ea1n c\u00f3 th\u1ec3 t\u1eadn h\u01b0\u1edfng k\u1ebft n\u1ed1i l\u01b0\u1edbi \u0111i\u1ec7n m\u00e0 kh\u00f4ng ph\u1ea3i lo l\u1eafng v\u1ec1 m\u1ee9c \u0111\u1ed9 b\u1ea3o m\u1eadt d\u1eef li\u1ec7u c\u1ee7a m\u00ecnh. RMU v\u1eeba ti\u1ebft ki\u1ec7m chi ph\u00ed v\u1eeba ti\u1ebft ki\u1ec7m th\u1eddi gian, \u0111\u00e2y l\u00e0 nh\u1eefng \u0111\u1eb7c \u0111i\u1ec3m \u0111\u01b0\u1ee3c \u0111\u00e1nh gi\u00e1 cao trong th\u1ebf k\u1ef7 21.<\/p>\n<h2><strong><b>\u1ee8ng d\u1ee5ng c\u1ee7a c\u00e1c \u0111\u01a1n v\u1ecb ch\u00ednh v\u00f2ng<\/b><\/strong><\/h2>\n<p>&nbsp;<\/p>\n<p>RMU \u0111\u01b0\u1ee3c s\u1eed d\u1ee5ng trong m\u1ed9t s\u1ed1 \u1ee9ng d\u1ee5ng m\u1ea1ng l\u01b0\u1edbi truy\u1ec1n t\u1ea3i c\u00e1p ng\u1ea7m, n\u01a1i c\u1ea7n ph\u00e2n ph\u1ed1i \u0111i\u1ec7n \u00e1p trung b\u00ecnh. Ch\u00fang c\u1ef1c k\u1ef3 c\u00f3 nhu c\u1ea7u \u0111\u1ed1i v\u1edbi c\u00e1c ng\u00e0nh c\u00f4ng nghi\u1ec7p \u0111\u00f2i h\u1ecfi ngu\u1ed3n cung c\u1ea5p \u0111i\u1ec7n li\u00ean t\u1ee5c v\u00e0 \u0111\u00e1ng tin c\u1eady v\u00e0 c\u00f3 kh\u1ea3 n\u0103ng chi tr\u1ea3 chi ph\u00ed tr\u1ea3 tr\u01b0\u1edbc cao h\u01a1n cho \u0111\u01a1n v\u1ecb.<\/p>\n<p>Bao g\u1ed3m c\u00e1c khu ph\u1ee9c h\u1ee3p d\u00e2n c\u01b0, trung t\u00e2m th\u01b0\u01a1ng m\u1ea1i, b\u1ec7nh vi\u1ec7n, khu ngh\u1ec9 d\u01b0\u1ee1ng, s\u00e2n bay, t\u00e0u \u0111i\u1ec7n ng\u1ea7m, nh\u00e0 m\u00e1y \u0111i\u1ec7n m\u1eb7t tr\u1eddi, nh\u00e0 m\u00e1y \u0111i\u1ec7n gi\u00f3, tr\u1ea1m bi\u1ebfn \u00e1p ph\u1ee5 nh\u1ecf v\u00e0 nhi\u1ec1u h\u01a1n n\u1eefa. Ch\u00fang l\u00fd t\u01b0\u1edfng \u0111\u1ec3 gi\u1ea3m thi\u1ec3u th\u1eddi gian ch\u1ebft, v\u00ec b\u1ea5t k\u1ef3 s\u1ef1 gi\u00e1n \u0111o\u1ea1n n\u00e0o trong ngu\u1ed3n cung c\u1ea5p \u0111i\u1ec7n \u0111\u1ec1u c\u00f3 th\u1ec3 \u0111\u01b0\u1ee3c thay th\u1ebf ngay l\u1eadp t\u1ee9c b\u1eb1ng c\u00e1ch chuy\u1ec3n \u0111\u1ed5i th\u1ee7 c\u00f4ng ho\u1eb7c t\u1ef1 \u0111\u1ed9ng.<\/p>\n<p><strong><b>T\u00ednh n\u0103ng ch\u00ednh<\/b><\/strong><strong><b>s c\u1ee7a RMU<\/b><\/strong><\/p>\n<p>1. B\u1ea3o v\u1ec7 m\u00e1y bi\u1ebfn \u00e1p nhanh ch\u00f3ng v\u00e0 ch\u00ednh x\u00e1c.<\/p>\n<p>2. R\u01a1 le b\u1ea3o v\u1ec7 t\u1ef1 c\u1ea5p ngu\u1ed3n.<\/p>\n<p>3. Ch\u1ec9 b\u00e1o l\u1ed7i ti\u1ebfp \u0111\u1ea5t.<\/p>\n<p>4. \u0110i\u1ec1u khi\u1ec3n, \u0111o l\u01b0\u1eddng v\u00e0 truy\u1ec1n th\u00f4ng t\u1eeb xa c\u00e1c c\u00f4ng t\u1eafc v\u00e0 m\u00e1y c\u1eaft.<\/p>\n<p>5. K\u00edch th\u01b0\u1edbc nh\u1ecf g\u1ecdn.<\/p>\n<p>6. Ch\u1ea5t l\u01b0\u1ee3ng s\u1ea3n ph\u1ea9m cao nh\u1ea5t.<\/p>\n<p>7. M\u1ee9c \u0111\u1ed9 v\u1eadn h\u00e0nh an to\u00e0n cao.<\/p>\n<p>8. M\u1edf r\u1ed9ng t\u01b0\u01a1ng lai d\u1ec5 d\u00e0ng h\u01a1n<\/p>\n<p>9. Kh\u00f4ng c\u1ea7n b\u1ea3o tr\u00ec.<\/p>\n<p>10. Chi ph\u00ed v\u00f2ng \u0111\u1eddi th\u1ea5p.<\/p>\n<p>&nbsp;<\/p>\n<h2><strong><b>Th\u00f4ng s\u1ed1 k\u1ef9 thu\u1eadt<\/b><\/strong><\/h2>\n<p><strong><b> <img loading=\"lazy\" decoding=\"async\" class=\"alignnone wp-image-3106 size-full\" src=\"https:\/\/www.xminsulation.com\/wp-content\/uploads\/2024\/09\/\u56fe\u724717.png\" alt=\"\" width=\"1374\" height=\"1838\" srcset=\"https:\/\/www.xminsulation.com\/wp-content\/uploads\/2024\/09\/\u56fe\u724717.png 1374w, https:\/\/www.xminsulation.com\/wp-content\/uploads\/2024\/09\/\u56fe\u724717-224x300.png 224w, https:\/\/www.xminsulation.com\/wp-content\/uploads\/2024\/09\/\u56fe\u724717-765x1024.png 765w, https:\/\/www.xminsulation.com\/wp-content\/uploads\/2024\/09\/\u56fe\u724717-768x1027.png 768w, https:\/\/www.xminsulation.com\/wp-content\/uploads\/2024\/09\/\u56fe\u724717-1148x1536.png 1148w, https:\/\/www.xminsulation.com\/wp-content\/uploads\/2024\/09\/\u56fe\u724717-9x12.png 9w, https:\/\/www.xminsulation.com\/wp-content\/uploads\/2024\/09\/\u56fe\u724717-600x803.png 600w\" sizes=\"(max-width: 1374px) 100vw, 1374px\" \/><\/b><\/strong><\/p>\n<h2><strong><b>S\u01a1 \u0111\u1ed3 d\u00e2y \u0111i\u1ec7n ch\u00ednh<\/b><\/strong><\/h2>\n<p>&nbsp;<\/p>\n<p>Kh\u00e1ch h\u00e0ng c\u00f3 th\u1ec3 y\u00eau c\u1ea7u k\u1ebft h\u1ee3p mi\u1ec5n ph\u00ed c\u00e1c rmu 3 chi\u1ec1u ho\u1eb7c 4 chi\u1ec1u, ch\u1eb3ng h\u1ea1n nh\u01b0 CCC, VVV, CCV, CVC, CVV ho\u1eb7c CCCC, VVVV, CCVV, CVVC, v.v. D\u01b0\u1edbi \u0111\u00e2y l\u00e0 m\u1ed9t v\u00ed d\u1ee5 v\u1ec1 CVC.<\/p>\n<p><img loading=\"lazy\" decoding=\"async\" class=\"alignnone wp-image-3107 size-full\" src=\"https:\/\/www.xminsulation.com\/wp-content\/uploads\/2024\/09\/\u56fe\u724718.png\" alt=\"\" width=\"1239\" height=\"707\" srcset=\"https:\/\/www.xminsulation.com\/wp-content\/uploads\/2024\/09\/\u56fe\u724718.png 1239w, https:\/\/www.xminsulation.com\/wp-content\/uploads\/2024\/09\/\u56fe\u724718-300x171.png 300w, https:\/\/www.xminsulation.com\/wp-content\/uploads\/2024\/09\/\u56fe\u724718-1024x584.png 1024w, https:\/\/www.xminsulation.com\/wp-content\/uploads\/2024\/09\/\u56fe\u724718-768x438.png 768w, https:\/\/www.xminsulation.com\/wp-content\/uploads\/2024\/09\/\u56fe\u724718-18x10.png 18w, https:\/\/www.xminsulation.com\/wp-content\/uploads\/2024\/09\/\u56fe\u724718-600x342.png 600w\" sizes=\"(max-width: 1239px) 100vw, 1239px\" \/><\/p>\n<h2><strong><b>S\u01a1 \u0111\u1ed3 c\u1ea5u tr\u00fac s\u1ea3n ph\u1ea9m<\/b><\/strong><\/h2>\n<p><img loading=\"lazy\" decoding=\"async\" class=\"alignnone wp-image-3108 size-full\" src=\"https:\/\/www.xminsulation.com\/wp-content\/uploads\/2024\/09\/\u56fe\u724719.png\" alt=\"\" width=\"947\" height=\"662\" srcset=\"https:\/\/www.xminsulation.com\/wp-content\/uploads\/2024\/09\/\u56fe\u724719.png 947w, https:\/\/www.xminsulation.com\/wp-content\/uploads\/2024\/09\/\u56fe\u724719-300x210.png 300w, https:\/\/www.xminsulation.com\/wp-content\/uploads\/2024\/09\/\u56fe\u724719-768x537.png 768w, https:\/\/www.xminsulation.com\/wp-content\/uploads\/2024\/09\/\u56fe\u724719-18x12.png 18w, https:\/\/www.xminsulation.com\/wp-content\/uploads\/2024\/09\/\u56fe\u724719-600x419.png 600w\" sizes=\"(max-width: 947px) 100vw, 947px\" \/><\/p>\n<h2><strong><b>K\u00edch th\u01b0\u1edbc Hi\u1ec3n th\u1ecb<\/b><\/strong><\/h2>\n<p><strong><b> <img loading=\"lazy\" decoding=\"async\" class=\"alignnone wp-image-3109 size-full\" src=\"https:\/\/www.xminsulation.com\/wp-content\/uploads\/2024\/09\/\u56fe\u724720.png\" alt=\"\" width=\"1086\" height=\"711\" srcset=\"https:\/\/www.xminsulation.com\/wp-content\/uploads\/2024\/09\/\u56fe\u724720.png 1086w, https:\/\/www.xminsulation.com\/wp-content\/uploads\/2024\/09\/\u56fe\u724720-300x196.png 300w, https:\/\/www.xminsulation.com\/wp-content\/uploads\/2024\/09\/\u56fe\u724720-1024x670.png 1024w, https:\/\/www.xminsulation.com\/wp-content\/uploads\/2024\/09\/\u56fe\u724720-768x503.png 768w, https:\/\/www.xminsulation.com\/wp-content\/uploads\/2024\/09\/\u56fe\u724720-18x12.png 18w, https:\/\/www.xminsulation.com\/wp-content\/uploads\/2024\/09\/\u56fe\u724720-600x393.png 600w\" sizes=\"(max-width: 1086px) 100vw, 1086px\" \/> <img loading=\"lazy\" decoding=\"async\" class=\"alignnone wp-image-3110 size-full\" src=\"https:\/\/www.xminsulation.com\/wp-content\/uploads\/2024\/09\/\u56fe\u724721.png\" alt=\"\" width=\"1233\" height=\"723\" srcset=\"https:\/\/www.xminsulation.com\/wp-content\/uploads\/2024\/09\/\u56fe\u724721.png 1233w, https:\/\/www.xminsulation.com\/wp-content\/uploads\/2024\/09\/\u56fe\u724721-300x176.png 300w, https:\/\/www.xminsulation.com\/wp-content\/uploads\/2024\/09\/\u56fe\u724721-1024x600.png 1024w, https:\/\/www.xminsulation.com\/wp-content\/uploads\/2024\/09\/\u56fe\u724721-768x450.png 768w, https:\/\/www.xminsulation.com\/wp-content\/uploads\/2024\/09\/\u56fe\u724721-18x12.png 18w, https:\/\/www.xminsulation.com\/wp-content\/uploads\/2024\/09\/\u56fe\u724721-600x352.png 600w\" sizes=\"(max-width: 1233px) 100vw, 1233px\" \/> <img loading=\"lazy\" decoding=\"async\" class=\"alignnone wp-image-3111 size-full\" src=\"https:\/\/www.xminsulation.com\/wp-content\/uploads\/2024\/09\/\u56fe\u724722.png\" alt=\"\" width=\"1002\" height=\"506\" srcset=\"https:\/\/www.xminsulation.com\/wp-content\/uploads\/2024\/09\/\u56fe\u724722.png 1002w, https:\/\/www.xminsulation.com\/wp-content\/uploads\/2024\/09\/\u56fe\u724722-300x151.png 300w, https:\/\/www.xminsulation.com\/wp-content\/uploads\/2024\/09\/\u56fe\u724722-768x388.png 768w, https:\/\/www.xminsulation.com\/wp-content\/uploads\/2024\/09\/\u56fe\u724722-18x9.png 18w, https:\/\/www.xminsulation.com\/wp-content\/uploads\/2024\/09\/\u56fe\u724722-600x303.png 600w\" sizes=\"(max-width: 1002px) 100vw, 1002px\" \/><\/b><\/strong><\/p>\n<p>&nbsp;<\/p>\n<p>&nbsp;<\/p>\n<p>&nbsp;<\/p>","protected":false},"excerpt":{"rendered":"<p>An\u00a0RMU\u00a0is a medium voltage cabinet containing input and output cable compartments. It isolates these individual compartments with single breakers connected to cables that go out to transformers. Each compartment has load breakers and protective fuses installed. RMU cabinets come standard in two, four, and six-compartment setups. Each cabinet will contain different types of switches that [&hellip;]<\/p>","protected":false},"featured_media":3112,"template":"","meta":{"site-sidebar-layout":"default","site-content-layout":"","ast-site-content-layout":"default","site-content-style":"default","site-sidebar-style":"default","ast-global-header-display":"","ast-banner-title-visibility":"","ast-main-header-display":"","ast-hfb-above-header-display":"","ast-hfb-below-header-display":"","ast-hfb-mobile-header-display":"","site-post-title":"","ast-breadcrumbs-content":"","ast-featured-img":"","footer-sml-layout":"","theme-transparent-header-meta":"default","adv-header-id-meta":"","stick-header-meta":"","header-above-stick-meta":"","header-main-stick-meta":"","header-below-stick-meta":"","astra-migrate-meta-layouts":"set","ast-page-background-enabled":"default","ast-page-background-meta":{"desktop":{"background-color":"","background-image":"","background-repeat":"repeat","background-position":"center center","background-size":"auto","background-attachment":"scroll","background-type":"","background-media":"","overlay-type":"","overlay-color":"","overlay-gradient":""},"tablet":{"background-color":"","background-image":"","background-repeat":"repeat","background-position":"center center","background-size":"auto","background-attachment":"scroll","background-type":"","background-media":"","overlay-type":"","overlay-color":"","overlay-gradient":""},"mobile":{"background-color":"","background-image":"","background-repeat":"repeat","background-position":"center center","background-size":"auto","background-attachment":"scroll","background-type":"","background-media":"","overlay-type":"","overlay-color":"","overlay-gradient":""}},"ast-content-background-meta":{"desktop":{"background-color":"var(--ast-global-color-5)","background-image":"","background-repeat":"repeat","background-position":"center center","background-size":"auto","background-attachment":"scroll","background-type":"","background-media":"","overlay-type":"","overlay-color":"","overlay-gradient":""},"tablet":{"background-color":"var(--ast-global-color-5)","background-image":"","background-repeat":"repeat","background-position":"center center","background-size":"auto","background-attachment":"scroll","background-type":"","background-media":"","overlay-type":"","overlay-color":"","overlay-gradient":""},"mobile":{"background-color":"var(--ast-global-color-5)","background-image":"","background-repeat":"repeat","background-position":"center center","background-size":"auto","background-attachment":"scroll","background-type":"","background-media":"","overlay-type":"","overlay-color":"","overlay-gradient":""}}},"product_cat":[34],"product_tag":[],"class_list":{"0":"post-3101","1":"product","2":"type-product","3":"status-publish","4":"has-post-thumbnail","6":"product_cat-10-40-5kv-sf6-gas-insulated-switchgear-gis-rmu","7":"desktop-align-left","8":"tablet-align-left","9":"mobile-align-left","11":"first","12":"instock","13":"shipping-taxable","14":"product-type-simple"},"_links":{"self":[{"href":"https:\/\/www.xminsulation.com\/vi\/wp-json\/wp\/v2\/product\/3101","targetHints":{"allow":["GET"]}}],"collection":[{"href":"https:\/\/www.xminsulation.com\/vi\/wp-json\/wp\/v2\/product"}],"about":[{"href":"https:\/\/www.xminsulation.com\/vi\/wp-json\/wp\/v2\/types\/product"}],"wp:featuredmedia":[{"embeddable":true,"href":"https:\/\/www.xminsulation.com\/vi\/wp-json\/wp\/v2\/media\/3112"}],"wp:attachment":[{"href":"https:\/\/www.xminsulation.com\/vi\/wp-json\/wp\/v2\/media?parent=3101"}],"wp:term":[{"taxonomy":"product_cat","embeddable":true,"href":"https:\/\/www.xminsulation.com\/vi\/wp-json\/wp\/v2\/product_cat?post=3101"},{"taxonomy":"product_tag","embeddable":true,"href":"https:\/\/www.xminsulation.com\/vi\/wp-json\/wp\/v2\/product_tag?post=3101"}],"curies":[{"name":"wp","href":"https:\/\/api.w.org\/{rel}","templated":true}]}}