{"id":2978,"date":"2024-05-30T11:57:47","date_gmt":"2024-05-30T03:57:47","guid":{"rendered":"https:\/\/www.xminsulation.com\/?post_type=product&#038;p=2978"},"modified":"2024-05-30T11:57:48","modified_gmt":"2024-05-30T03:57:48","slug":"outsourced-high-voltage-products-from-66kv-110kv-126kv","status":"publish","type":"product","link":"https:\/\/www.xminsulation.com\/vi\/product\/outsourced-high-voltage-products-from-66kv-110kv-126kv\/","title":{"rendered":"Gia c\u00f4ng s\u1ea3n ph\u1ea9m cao \u00e1p t\u1eeb 66kV-110kV-126kV"},"content":{"rendered":"<p><img fetchpriority=\"high\" decoding=\"async\" class=\"alignnone wp-image-2979 size-full\" src=\"https:\/\/www.xminsulation.com\/wp-content\/uploads\/2024\/05\/\u56fe\u72471-7.png\" alt=\"\" width=\"715\" height=\"884\" srcset=\"https:\/\/www.xminsulation.com\/wp-content\/uploads\/2024\/05\/\u56fe\u72471-7.png 715w, https:\/\/www.xminsulation.com\/wp-content\/uploads\/2024\/05\/\u56fe\u72471-7-243x300.png 243w, https:\/\/www.xminsulation.com\/wp-content\/uploads\/2024\/05\/\u56fe\u72471-7-10x12.png 10w, https:\/\/www.xminsulation.com\/wp-content\/uploads\/2024\/05\/\u56fe\u72471-7-600x742.png 600w\" sizes=\"(max-width: 715px) 100vw, 715px\" \/><\/p>\n<h2><strong><b>M\u00f4 t\u1ea3 ng\u1eafn g\u1ecdn<\/b><\/strong><\/h2>\n<p>T\u1ea5t c\u1ea3 h\u00e0ng h\u00f3a c\u1ee7a ch\u00fang t\u00f4i \u0111\u1ec1u l\u00e0 \u0111i\u1ec7n \u00e1p trung b\u00ecnh. Tuy nhi\u00ean, kh\u00e1ch h\u00e0ng \u0111\u00f4i khi y\u00eau c\u1ea7u ch\u00fang t\u00f4i cung c\u1ea5p c\u00e1c s\u1ea3n ph\u1ea9m \u0111i\u1ec7n \u00e1p cao cho h\u1ecd, dao \u0111\u1ed9ng t\u1eeb 66kV \u0111\u1ebfn 72,5kV \u0111\u1ebfn 110kV \u0111\u1ebfn 126kV. Do \u0111\u00f3, ch\u00fang t\u00f4i cung c\u1ea5p v\u00e0 mua c\u00e1c s\u1ea3n ph\u1ea9m \u0111i\u1ec7n \u00e1p cao theo th\u1eddi gian, bao g\u1ed3m b\u1ed9 ch\u1ed1ng s\u00e9t lan truy\u1ec1n, m\u00e1y c\u1eaft m\u1ea1ch, c\u00f4ng t\u1eafc ng\u1eaft k\u1ebft n\u1ed1i ngo\u00e0i tr\u1eddi, m\u00e1y bi\u1ebfn d\u00f2ng.<\/p>\n<p>Ch\u00fang t\u00f4i \u0111\u00e3 x\u00e2y d\u1ef1ng \u0111\u01b0\u1ee3c m\u1ed1i quan h\u1ec7 ch\u1eb7t ch\u1ebd v\u1edbi c\u00e1c nh\u00e0 s\u1ea3n xu\u1ea5t s\u1ea3n ph\u1ea9m \u0111i\u1ec7n \u00e1p cao sau nhi\u1ec1u n\u0103m h\u1ee3p t\u00e1c.<\/p>\n<p>Vui l\u00f2ng g\u1eedi email cho ch\u00fang t\u00f4i th\u00f4ng s\u1ed1 k\u1ef9 thu\u1eadt c\u1ee7a b\u1ea1n n\u1ebfu b\u1ea1n mu\u1ed1n ch\u00fang t\u00f4i mua nh\u1eefng th\u1ee9 \u0111\u00f3 cho b\u1ea1n.<\/p>\n<p>C\u00e1c s\u1ea3n ph\u1ea9m \u0111\u01b0\u1ee3c li\u1ec7t k\u00ea d\u01b0\u1edbi \u0111\u00e2y \u0111\u1ec3 b\u1ea1n tham kh\u1ea3o.<\/p>\n<ol>\n<li><b><\/b><strong><b>C\u00f4ng t\u1eafc ng\u1eaft k\u1ebft n\u1ed1i<\/b><\/strong><\/li>\n<\/ol>\n<p><img decoding=\"async\" class=\"alignnone wp-image-2981 size-large\" src=\"https:\/\/www.xminsulation.com\/wp-content\/uploads\/2024\/05\/\u56fe\u72472-8-914x1024.png\" alt=\"\" width=\"914\" height=\"1024\" srcset=\"https:\/\/www.xminsulation.com\/wp-content\/uploads\/2024\/05\/\u56fe\u72472-8-914x1024.png 914w, https:\/\/www.xminsulation.com\/wp-content\/uploads\/2024\/05\/\u56fe\u72472-8-268x300.png 268w, https:\/\/www.xminsulation.com\/wp-content\/uploads\/2024\/05\/\u56fe\u72472-8-768x861.png 768w, https:\/\/www.xminsulation.com\/wp-content\/uploads\/2024\/05\/\u56fe\u72472-8-1370x1536.png 1370w, https:\/\/www.xminsulation.com\/wp-content\/uploads\/2024\/05\/\u56fe\u72472-8-1827x2048.png 1827w, https:\/\/www.xminsulation.com\/wp-content\/uploads\/2024\/05\/\u56fe\u72472-8-11x12.png 11w, https:\/\/www.xminsulation.com\/wp-content\/uploads\/2024\/05\/\u56fe\u72472-8-600x672.png 600w\" sizes=\"(max-width: 914px) 100vw, 914px\" \/> <img decoding=\"async\" class=\"alignnone wp-image-2982 size-full\" src=\"https:\/\/www.xminsulation.com\/wp-content\/uploads\/2024\/05\/\u56fe\u72473-7.png\" alt=\"\" width=\"715\" height=\"884\" srcset=\"https:\/\/www.xminsulation.com\/wp-content\/uploads\/2024\/05\/\u56fe\u72473-7.png 715w, https:\/\/www.xminsulation.com\/wp-content\/uploads\/2024\/05\/\u56fe\u72473-7-243x300.png 243w, https:\/\/www.xminsulation.com\/wp-content\/uploads\/2024\/05\/\u56fe\u72473-7-10x12.png 10w, https:\/\/www.xminsulation.com\/wp-content\/uploads\/2024\/05\/\u56fe\u72473-7-600x742.png 600w\" sizes=\"(max-width: 715px) 100vw, 715px\" \/><\/p>\n<ol start=\"2\">\n<li><b><\/b><strong><b>M\u00e1y bi\u1ebfn d\u00f2ng HV CT<\/b><\/strong><\/li>\n<\/ol>\n<p><img loading=\"lazy\" decoding=\"async\" class=\"alignnone wp-image-2983 size-large\" src=\"https:\/\/www.xminsulation.com\/wp-content\/uploads\/2024\/05\/\u56fe\u72474-7-1024x791.png\" alt=\"\" width=\"1024\" height=\"791\" srcset=\"https:\/\/www.xminsulation.com\/wp-content\/uploads\/2024\/05\/\u56fe\u72474-7-1024x791.png 1024w, https:\/\/www.xminsulation.com\/wp-content\/uploads\/2024\/05\/\u56fe\u72474-7-300x232.png 300w, https:\/\/www.xminsulation.com\/wp-content\/uploads\/2024\/05\/\u56fe\u72474-7-768x593.png 768w, https:\/\/www.xminsulation.com\/wp-content\/uploads\/2024\/05\/\u56fe\u72474-7-1536x1187.png 1536w, https:\/\/www.xminsulation.com\/wp-content\/uploads\/2024\/05\/\u56fe\u72474-7-2048x1583.png 2048w, https:\/\/www.xminsulation.com\/wp-content\/uploads\/2024\/05\/\u56fe\u72474-7-16x12.png 16w, https:\/\/www.xminsulation.com\/wp-content\/uploads\/2024\/05\/\u56fe\u72474-7-600x464.png 600w\" sizes=\"(max-width: 1024px) 100vw, 1024px\" \/> <img loading=\"lazy\" decoding=\"async\" class=\"alignnone wp-image-2984 size-full\" src=\"https:\/\/www.xminsulation.com\/wp-content\/uploads\/2024\/05\/\u56fe\u72475.jpg\" alt=\"\" width=\"1080\" height=\"1558\" srcset=\"https:\/\/www.xminsulation.com\/wp-content\/uploads\/2024\/05\/\u56fe\u72475.jpg 1080w, https:\/\/www.xminsulation.com\/wp-content\/uploads\/2024\/05\/\u56fe\u72475-208x300.jpg 208w, https:\/\/www.xminsulation.com\/wp-content\/uploads\/2024\/05\/\u56fe\u72475-710x1024.jpg 710w, https:\/\/www.xminsulation.com\/wp-content\/uploads\/2024\/05\/\u56fe\u72475-768x1108.jpg 768w, https:\/\/www.xminsulation.com\/wp-content\/uploads\/2024\/05\/\u56fe\u72475-1065x1536.jpg 1065w, https:\/\/www.xminsulation.com\/wp-content\/uploads\/2024\/05\/\u56fe\u72475-8x12.jpg 8w, https:\/\/www.xminsulation.com\/wp-content\/uploads\/2024\/05\/\u56fe\u72475-600x866.jpg 600w\" sizes=\"(max-width: 1080px) 100vw, 1080px\" \/><\/p>\n<ol start=\"3\">\n<li><b><\/b><strong><b>M\u00e1y c\u1eaft SF6 CB<\/b><\/strong><\/li>\n<\/ol>\n<p><img loading=\"lazy\" decoding=\"async\" class=\"alignnone wp-image-2985 size-full\" src=\"https:\/\/www.xminsulation.com\/wp-content\/uploads\/2024\/05\/\u56fe\u72476-7.png\" alt=\"\" width=\"1480\" height=\"2020\" srcset=\"https:\/\/www.xminsulation.com\/wp-content\/uploads\/2024\/05\/\u56fe\u72476-7.png 1480w, https:\/\/www.xminsulation.com\/wp-content\/uploads\/2024\/05\/\u56fe\u72476-7-220x300.png 220w, https:\/\/www.xminsulation.com\/wp-content\/uploads\/2024\/05\/\u56fe\u72476-7-750x1024.png 750w, https:\/\/www.xminsulation.com\/wp-content\/uploads\/2024\/05\/\u56fe\u72476-7-768x1048.png 768w, https:\/\/www.xminsulation.com\/wp-content\/uploads\/2024\/05\/\u56fe\u72476-7-1125x1536.png 1125w, https:\/\/www.xminsulation.com\/wp-content\/uploads\/2024\/05\/\u56fe\u72476-7-9x12.png 9w, https:\/\/www.xminsulation.com\/wp-content\/uploads\/2024\/05\/\u56fe\u72476-7-600x819.png 600w\" sizes=\"(max-width: 1480px) 100vw, 1480px\" \/> <img loading=\"lazy\" decoding=\"async\" class=\"alignnone wp-image-2986 size-full\" src=\"https:\/\/www.xminsulation.com\/wp-content\/uploads\/2024\/05\/\u56fe\u72477-8.png\" alt=\"\" width=\"1284\" height=\"1732\" srcset=\"https:\/\/www.xminsulation.com\/wp-content\/uploads\/2024\/05\/\u56fe\u72477-8.png 1284w, https:\/\/www.xminsulation.com\/wp-content\/uploads\/2024\/05\/\u56fe\u72477-8-222x300.png 222w, https:\/\/www.xminsulation.com\/wp-content\/uploads\/2024\/05\/\u56fe\u72477-8-759x1024.png 759w, https:\/\/www.xminsulation.com\/wp-content\/uploads\/2024\/05\/\u56fe\u72477-8-768x1036.png 768w, https:\/\/www.xminsulation.com\/wp-content\/uploads\/2024\/05\/\u56fe\u72477-8-1139x1536.png 1139w, https:\/\/www.xminsulation.com\/wp-content\/uploads\/2024\/05\/\u56fe\u72477-8-9x12.png 9w, https:\/\/www.xminsulation.com\/wp-content\/uploads\/2024\/05\/\u56fe\u72477-8-600x809.png 600w\" sizes=\"(max-width: 1284px) 100vw, 1284px\" \/> <img loading=\"lazy\" decoding=\"async\" class=\"alignnone wp-image-2987 size-full\" src=\"https:\/\/www.xminsulation.com\/wp-content\/uploads\/2024\/05\/\u56fe\u72478-8.png\" alt=\"\" width=\"1132\" height=\"844\" srcset=\"https:\/\/www.xminsulation.com\/wp-content\/uploads\/2024\/05\/\u56fe\u72478-8.png 1132w, https:\/\/www.xminsulation.com\/wp-content\/uploads\/2024\/05\/\u56fe\u72478-8-300x224.png 300w, https:\/\/www.xminsulation.com\/wp-content\/uploads\/2024\/05\/\u56fe\u72478-8-1024x763.png 1024w, https:\/\/www.xminsulation.com\/wp-content\/uploads\/2024\/05\/\u56fe\u72478-8-768x573.png 768w, https:\/\/www.xminsulation.com\/wp-content\/uploads\/2024\/05\/\u56fe\u72478-8-16x12.png 16w, https:\/\/www.xminsulation.com\/wp-content\/uploads\/2024\/05\/\u56fe\u72478-8-600x447.png 600w\" sizes=\"(max-width: 1132px) 100vw, 1132px\" \/> <img loading=\"lazy\" decoding=\"async\" class=\"alignnone wp-image-2988 size-full\" src=\"https:\/\/www.xminsulation.com\/wp-content\/uploads\/2024\/05\/\u56fe\u72479-7.png\" alt=\"\" width=\"960\" height=\"721\" srcset=\"https:\/\/www.xminsulation.com\/wp-content\/uploads\/2024\/05\/\u56fe\u72479-7.png 960w, https:\/\/www.xminsulation.com\/wp-content\/uploads\/2024\/05\/\u56fe\u72479-7-300x225.png 300w, https:\/\/www.xminsulation.com\/wp-content\/uploads\/2024\/05\/\u56fe\u72479-7-768x577.png 768w, https:\/\/www.xminsulation.com\/wp-content\/uploads\/2024\/05\/\u56fe\u72479-7-16x12.png 16w, https:\/\/www.xminsulation.com\/wp-content\/uploads\/2024\/05\/\u56fe\u72479-7-600x451.png 600w\" sizes=\"(max-width: 960px) 100vw, 960px\" \/><\/p>\n<ol start=\"4\">\n<li><b><\/b><strong><b>B\u1ed9 ch\u1ed1ng s\u00e9t lan truy\u1ec1n<\/b><\/strong><\/li>\n<\/ol>\n<p><img loading=\"lazy\" decoding=\"async\" class=\"alignnone wp-image-2989 size-full\" src=\"https:\/\/www.xminsulation.com\/wp-content\/uploads\/2024\/05\/\u56fe\u724710-7.png\" alt=\"\" width=\"1192\" height=\"1359\" srcset=\"https:\/\/www.xminsulation.com\/wp-content\/uploads\/2024\/05\/\u56fe\u724710-7.png 1192w, https:\/\/www.xminsulation.com\/wp-content\/uploads\/2024\/05\/\u56fe\u724710-7-263x300.png 263w, https:\/\/www.xminsulation.com\/wp-content\/uploads\/2024\/05\/\u56fe\u724710-7-898x1024.png 898w, https:\/\/www.xminsulation.com\/wp-content\/uploads\/2024\/05\/\u56fe\u724710-7-768x876.png 768w, https:\/\/www.xminsulation.com\/wp-content\/uploads\/2024\/05\/\u56fe\u724710-7-11x12.png 11w, https:\/\/www.xminsulation.com\/wp-content\/uploads\/2024\/05\/\u56fe\u724710-7-600x684.png 600w\" sizes=\"(max-width: 1192px) 100vw, 1192px\" \/><\/p>\n<p><img loading=\"lazy\" decoding=\"async\" class=\"alignnone wp-image-2990 size-full\" src=\"https:\/\/www.xminsulation.com\/wp-content\/uploads\/2024\/05\/\u56fe\u724711.jpg\" alt=\"\" width=\"1279\" height=\"1704\" srcset=\"https:\/\/www.xminsulation.com\/wp-content\/uploads\/2024\/05\/\u56fe\u724711.jpg 1279w, https:\/\/www.xminsulation.com\/wp-content\/uploads\/2024\/05\/\u56fe\u724711-225x300.jpg 225w, https:\/\/www.xminsulation.com\/wp-content\/uploads\/2024\/05\/\u56fe\u724711-769x1024.jpg 769w, https:\/\/www.xminsulation.com\/wp-content\/uploads\/2024\/05\/\u56fe\u724711-768x1023.jpg 768w, https:\/\/www.xminsulation.com\/wp-content\/uploads\/2024\/05\/\u56fe\u724711-1153x1536.jpg 1153w, https:\/\/www.xminsulation.com\/wp-content\/uploads\/2024\/05\/\u56fe\u724711-9x12.jpg 9w, https:\/\/www.xminsulation.com\/wp-content\/uploads\/2024\/05\/\u56fe\u724711-600x799.jpg 600w\" sizes=\"(max-width: 1279px) 100vw, 1279px\" \/><\/p>\n<p><img loading=\"lazy\" decoding=\"async\" class=\"alignnone wp-image-2991 size-full\" src=\"https:\/\/www.xminsulation.com\/wp-content\/uploads\/2024\/05\/\u56fe\u724712.jpg\" alt=\"\" width=\"1400\" height=\"788\" srcset=\"https:\/\/www.xminsulation.com\/wp-content\/uploads\/2024\/05\/\u56fe\u724712.jpg 1400w, https:\/\/www.xminsulation.com\/wp-content\/uploads\/2024\/05\/\u56fe\u724712-300x169.jpg 300w, https:\/\/www.xminsulation.com\/wp-content\/uploads\/2024\/05\/\u56fe\u724712-1024x576.jpg 1024w, https:\/\/www.xminsulation.com\/wp-content\/uploads\/2024\/05\/\u56fe\u724712-768x432.jpg 768w, https:\/\/www.xminsulation.com\/wp-content\/uploads\/2024\/05\/\u56fe\u724712-18x10.jpg 18w, https:\/\/www.xminsulation.com\/wp-content\/uploads\/2024\/05\/\u56fe\u724712-600x338.jpg 600w\" sizes=\"(max-width: 1400px) 100vw, 1400px\" \/><\/p>\n<p>&nbsp;<\/p>\n<h2 class=\"wxts\">\u25c6T\u00f9y ch\u1ec9nh \u0111\u1eb7c bi\u1ec7t<\/h2>\n<p>C\u00e1c th\u00f4ng s\u1ed1 tr\u00ean l\u00e0 d\u1eef li\u1ec7u ti\u00eau bi\u1ec3u; n\u1ebfu c\u00e1c ki\u1ec3u d\u00e1ng hi\u1ec7n c\u00f3 kh\u00f4ng \u0111\u00e1p \u1ee9ng \u0111\u01b0\u1ee3c nhu c\u1ea7u c\u1ee5 th\u1ec3 c\u1ee7a b\u1ea1n, vui l\u00f2ng li\u00ean h\u1ec7 v\u1edbi ch\u00fang t\u00f4i \u0111\u1ec3 \u0111\u01b0\u1ee3c thi\u1ebft k\u1ebf ri\u00eang. Ch\u00fang t\u00f4i c\u00f3 k\u1ef9 n\u0103ng s\u1ea3n xu\u1ea5t v\u00e0 ph\u00e1t tri\u1ec3n t\u00f9y ch\u1ec9nh c\u00e1 nh\u00e2n h\u00f3a \u0111\u00e1ng k\u1ec3, cho ph\u00e9p ch\u00fang t\u00f4i cung c\u1ea5p c\u00e1c gi\u1ea3i ph\u00e1p ph\u00f9 h\u1ee3p cho kh\u00e1ch h\u00e0ng tr\u00ean to\u00e0n th\u1ebf gi\u1edbi.<\/p>","protected":false},"excerpt":{"rendered":"<p>Brief Description Our goods are all medium voltage. However, clients occasionally ask us to source high voltage products for them, ranging from 66kV to 72.5kV to 110kV to 126kV. As a result, we source and buy high voltage products\u00a0from time to time, including surge arresters, circuit breakers, outdoor disconnecting switches, current transformers. We have built [&hellip;]<\/p>","protected":false},"featured_media":2980,"template":"","meta":{"site-sidebar-layout":"default","site-content-layout":"","ast-site-content-layout":"default","site-content-style":"default","site-sidebar-style":"default","ast-global-header-display":"","ast-banner-title-visibility":"","ast-main-header-display":"","ast-hfb-above-header-display":"","ast-hfb-below-header-display":"","ast-hfb-mobile-header-display":"","site-post-title":"","ast-breadcrumbs-content":"","ast-featured-img":"","footer-sml-layout":"","theme-transparent-header-meta":"default","adv-header-id-meta":"","stick-header-meta":"","header-above-stick-meta":"","header-main-stick-meta":"","header-below-stick-meta":"","astra-migrate-meta-layouts":"set","ast-page-background-enabled":"default","ast-page-background-meta":{"desktop":{"background-color":"","background-image":"","background-repeat":"repeat","background-position":"center center","background-size":"auto","background-attachment":"scroll","background-type":"","background-media":"","overlay-type":"","overlay-color":"","overlay-gradient":""},"tablet":{"background-color":"","background-image":"","background-repeat":"repeat","background-position":"center center","background-size":"auto","background-attachment":"scroll","background-type":"","background-media":"","overlay-type":"","overlay-color":"","overlay-gradient":""},"mobile":{"background-color":"","background-image":"","background-repeat":"repeat","background-position":"center center","background-size":"auto","background-attachment":"scroll","background-type":"","background-media":"","overlay-type":"","overlay-color":"","overlay-gradient":""}},"ast-content-background-meta":{"desktop":{"background-color":"var(--ast-global-color-5)","background-image":"","background-repeat":"repeat","background-position":"center center","background-size":"auto","background-attachment":"scroll","background-type":"","background-media":"","overlay-type":"","overlay-color":"","overlay-gradient":""},"tablet":{"background-color":"var(--ast-global-color-5)","background-image":"","background-repeat":"repeat","background-position":"center center","background-size":"auto","background-attachment":"scroll","background-type":"","background-media":"","overlay-type":"","overlay-color":"","overlay-gradient":""},"mobile":{"background-color":"var(--ast-global-color-5)","background-image":"","background-repeat":"repeat","background-position":"center center","background-size":"auto","background-attachment":"scroll","background-type":"","background-media":"","overlay-type":"","overlay-color":"","overlay-gradient":""}}},"product_cat":[50],"product_tag":[],"class_list":{"0":"post-2978","1":"product","2":"type-product","3":"status-publish","4":"has-post-thumbnail","6":"product_cat-offer-other-products-and-services","7":"desktop-align-left","8":"tablet-align-left","9":"mobile-align-left","11":"first","12":"instock","13":"shipping-taxable","14":"product-type-simple"},"_links":{"self":[{"href":"https:\/\/www.xminsulation.com\/vi\/wp-json\/wp\/v2\/product\/2978","targetHints":{"allow":["GET"]}}],"collection":[{"href":"https:\/\/www.xminsulation.com\/vi\/wp-json\/wp\/v2\/product"}],"about":[{"href":"https:\/\/www.xminsulation.com\/vi\/wp-json\/wp\/v2\/types\/product"}],"wp:featuredmedia":[{"embeddable":true,"href":"https:\/\/www.xminsulation.com\/vi\/wp-json\/wp\/v2\/media\/2980"}],"wp:attachment":[{"href":"https:\/\/www.xminsulation.com\/vi\/wp-json\/wp\/v2\/media?parent=2978"}],"wp:term":[{"taxonomy":"product_cat","embeddable":true,"href":"https:\/\/www.xminsulation.com\/vi\/wp-json\/wp\/v2\/product_cat?post=2978"},{"taxonomy":"product_tag","embeddable":true,"href":"https:\/\/www.xminsulation.com\/vi\/wp-json\/wp\/v2\/product_tag?post=2978"}],"curies":[{"name":"wp","href":"https:\/\/api.w.org\/{rel}","templated":true}]}}