{"id":2895,"date":"2024-05-13T11:18:40","date_gmt":"2024-05-13T03:18:40","guid":{"rendered":"http:\/\/ceshi.zptpu.com\/?post_type=product&#038;p=2895"},"modified":"2024-09-13T17:58:45","modified_gmt":"2024-09-13T09:58:45","slug":"10-24kv-outdoor-gis-switchgear-ring-main-unit-rmu","status":"publish","type":"product","link":"https:\/\/www.xminsulation.com\/vi\/product\/10-24kv-outdoor-gis-switchgear-ring-main-unit-rmu\/","title":{"rendered":"Thi\u1ebft b\u1ecb \u0111\u00f3ng c\u1eaft GIS ngo\u00e0i tr\u1eddi 10-24kV \u2013 \u0110\u01a1n v\u1ecb RMU v\u00f2ng ch\u00ednh"},"content":{"rendered":"<p><img fetchpriority=\"high\" decoding=\"async\" class=\"alignnone wp-image-2896 size-full\" src=\"http:\/\/www.xminsulation.com\/wp-content\/uploads\/2024\/05\/\u56fe\u724713-6.png\" alt=\"\" width=\"1000\" height=\"1000\" srcset=\"https:\/\/www.xminsulation.com\/wp-content\/uploads\/2024\/05\/\u56fe\u724713-6.png 1000w, https:\/\/www.xminsulation.com\/wp-content\/uploads\/2024\/05\/\u56fe\u724713-6-300x300.png 300w, https:\/\/www.xminsulation.com\/wp-content\/uploads\/2024\/05\/\u56fe\u724713-6-150x150.png 150w, https:\/\/www.xminsulation.com\/wp-content\/uploads\/2024\/05\/\u56fe\u724713-6-768x768.png 768w, https:\/\/www.xminsulation.com\/wp-content\/uploads\/2024\/05\/\u56fe\u724713-6-12x12.png 12w, https:\/\/www.xminsulation.com\/wp-content\/uploads\/2024\/05\/\u56fe\u724713-6-600x600.png 600w, https:\/\/www.xminsulation.com\/wp-content\/uploads\/2024\/05\/\u56fe\u724713-6-100x100.png 100w\" sizes=\"(max-width: 1000px) 100vw, 1000px\" \/> <img decoding=\"async\" class=\"alignnone wp-image-2897 size-full\" src=\"http:\/\/www.xminsulation.com\/wp-content\/uploads\/2024\/05\/\u56fe\u724714-5.png\" alt=\"\" width=\"1000\" height=\"1000\" srcset=\"https:\/\/www.xminsulation.com\/wp-content\/uploads\/2024\/05\/\u56fe\u724714-5.png 1000w, https:\/\/www.xminsulation.com\/wp-content\/uploads\/2024\/05\/\u56fe\u724714-5-300x300.png 300w, https:\/\/www.xminsulation.com\/wp-content\/uploads\/2024\/05\/\u56fe\u724714-5-150x150.png 150w, https:\/\/www.xminsulation.com\/wp-content\/uploads\/2024\/05\/\u56fe\u724714-5-768x768.png 768w, https:\/\/www.xminsulation.com\/wp-content\/uploads\/2024\/05\/\u56fe\u724714-5-12x12.png 12w, https:\/\/www.xminsulation.com\/wp-content\/uploads\/2024\/05\/\u56fe\u724714-5-600x600.png 600w, https:\/\/www.xminsulation.com\/wp-content\/uploads\/2024\/05\/\u56fe\u724714-5-100x100.png 100w\" sizes=\"(max-width: 1000px) 100vw, 1000px\" \/><\/p>\n<div style=\"width: 1762px;\" class=\"wp-video\"><!--[if lt IE 9]><script>document.createElement('video');<\/script><![endif]-->\n<video class=\"wp-video-shortcode\" id=\"video-2895-1\" width=\"1762\" height=\"761\" preload=\"metadata\" controls=\"controls\"><source type=\"video\/mp4\" src=\"http:\/\/www.xminsulation.com\/wp-content\/uploads\/2024\/05\/\u89c6\u98911-\u7ecf\u6d4e\u578b\u7ad9\u7acb\u5f0f\u6237\u5916\u73af\u7f51\u67dc_20240521_11430525.mp4?_=1\" \/><a href=\"http:\/\/www.xminsulation.com\/wp-content\/uploads\/2024\/05\/\u89c6\u98911-\u7ecf\u6d4e\u578b\u7ad9\u7acb\u5f0f\u6237\u5916\u73af\u7f51\u67dc_20240521_11430525.mp4\">http:\/\/www.xminsulation.com\/wp-content\/uploads\/2024\/05\/\u89c6\u98911-\u7ecf\u6d4e\u578b\u7ad9\u7acb\u5f0f\u6237\u5916\u73af\u7f51\u67dc_20240521_11430525.mp4<\/a><\/video><\/div>\n<div style=\"width: 1762px;\" class=\"wp-video\"><video class=\"wp-video-shortcode\" id=\"video-2895-2\" width=\"1762\" height=\"761\" preload=\"metadata\" controls=\"controls\"><source type=\"video\/mp4\" src=\"http:\/\/www.xminsulation.com\/wp-content\/uploads\/2024\/05\/\u89c6\u98912-\u7ecf\u6d4e\u578b\u7ad9\u7acb\u5f0f\u6237\u5916\u73af\u7f51\u67dc_20240521_11453174.mp4?_=2\" \/><a href=\"http:\/\/www.xminsulation.com\/wp-content\/uploads\/2024\/05\/\u89c6\u98912-\u7ecf\u6d4e\u578b\u7ad9\u7acb\u5f0f\u6237\u5916\u73af\u7f51\u67dc_20240521_11453174.mp4\">http:\/\/www.xminsulation.com\/wp-content\/uploads\/2024\/05\/\u89c6\u98912-\u7ecf\u6d4e\u578b\u7ad9\u7acb\u5f0f\u6237\u5916\u73af\u7f51\u67dc_20240521_11453174.mp4<\/a><\/video><\/div>\n<h2><strong><b>Th\u00f4ng tin chung<\/b><\/strong><\/h2>\n<p>RMU c\u00f3 \u0111\u1ea7u v\u00e0o c\u00e1p b\u00ean h\u00f4ng v\u00e0 ph\u00eda sau ti\u1ebft ki\u1ec7m chi ph\u00ed, c\u00e1p \u0111i v\u00e0o v\u00e0 ra t\u1eeb b\u00ean h\u00f4ng v\u00e0 ph\u00eda sau, kh\u00f4ng c\u00f3 \u0111\u1ea7u v\u00e0o ho\u1eb7c \u0111\u1ea7u ra c\u00e1p \u1edf ph\u00eda tr\u01b0\u1edbc.<\/p>\n<p>S\u1ea3n ph\u1ea9m n\u00e0y ho\u00e0n to\u00e0n ch\u1ed1ng ch\u1ecbu \u0111\u01b0\u1ee3c th\u1eddi ti\u1ebft v\u1edbi chu\u1ea9n IP54 cho c\u1ea3 \u1ee9ng d\u1ee5ng ngo\u00e0i tr\u1eddi v\u00e0 trong nh\u00e0.<\/p>\n<p>\u0110\u00e2y l\u00e0 \u0111\u01a1n v\u1ecb c\u00f3 kh\u1ea3 n\u0103ng m\u1edf r\u1ed9ng v\u00e0 c\u1ef1c k\u1ef3 linh ho\u1ea1t \u0111\u01b0\u1ee3c s\u1eed d\u1ee5ng trong nhi\u1ec1u \u1ee9ng d\u1ee5ng bao g\u1ed3m t\u1ee7 ph\u00e2n ph\u1ed1i, tr\u1ea1m bi\u1ebfn \u00e1p, m\u1ea1ng l\u01b0\u1edbi ph\u00e2n ph\u1ed1i v\u00f2ng v\u00e0 k\u1ebft n\u1ed1i \u0111i\u1ec7n \u00e1p cao \u0111\u1ebfn c\u00e1c \u0111\u1ecba \u0111i\u1ec3m c\u00f4ng nghi\u1ec7p v\u00e0 th\u01b0\u01a1ng m\u1ea1i. C\u00e1c \u0111\u01a1n v\u1ecb \u0111\u01b0\u1ee3c ph\u00e1t tri\u1ec3n \u0111\u1ec3 ph\u00f9 h\u1ee3p v\u1edbi y\u00eau c\u1ea7u c\u1ee7a kh\u00e1ch h\u00e0ng v\u1ec1 k\u1ebft n\u1ed1i, cung c\u1ea5p, b\u1ea3o v\u1ec7 v\u00e0 ph\u00e2n \u0111o\u1ea1n.<\/p>\n<p>C\u00e1ch \u0111i\u1ec7n SF6 v\u1edbi b\u1ed9 ng\u1eaft m\u1ea1ch ch\u00e2n kh\u00f4ng b\u1ea3o v\u1ec7 \u0111\u1ea7u c\u00e1p b\u00ean v\u00e0 sau, RMU c\u00e1ch \u0111i\u1ec7n b\u1eb1ng kh\u00ed SF6.<\/p>\n<p>\u0110\u00e2y l\u00e0 h\u1ec7 th\u1ed1ng ho\u00e0n to\u00e0n k\u00edn v\u1edbi m\u1ed9t b\u00ecnh th\u00e9p kh\u00f4ng g\u1ec9 ch\u1ee9a t\u1ea5t c\u1ea3 c\u00e1c b\u1ed9 ph\u1eadn ho\u1ea1t \u0111\u1ed9ng v\u00e0 ch\u1ee9c n\u0103ng chuy\u1ec3n m\u1ea1ch.<\/p>\n<p>B\u1ed3n th\u00e9p k\u00edn v\u1edbi \u0111i\u1ec1u ki\u1ec7n kh\u00ed quy\u1ec3n kh\u00f4ng \u0111\u1ed5i \u0111\u1ea3m b\u1ea3o \u0111\u1ed9 tin c\u1eady cao c\u0169ng nh\u01b0 an to\u00e0n cho nh\u00e2n vi\u00ean v\u00e0 h\u1ec7 th\u1ed1ng h\u1ea7u nh\u01b0 kh\u00f4ng c\u1ea7n b\u1ea3o tr\u00ec.<\/p>\n<p>C\u00f3 th\u1ec3 cung c\u1ea5p theo c\u1ea5u h\u00ecnh 3 chi\u1ec1u ho\u1eb7c 4 chi\u1ec1u v\u1edbi c\u00e1c thi\u1ebft b\u1ecb b\u1ed5 sung theo th\u00f4ng s\u1ed1 k\u1ef9 thu\u1eadt c\u1ee7a kh\u00e1ch h\u00e0ng. C\u00f3 th\u1ec3 k\u1ebft h\u1ee3p t\u1ef1 do theo c\u1ea5u h\u00ecnh c\u1ee7a kh\u00e1ch h\u00e0ng (nh\u01b0 CVC, CCV, CVV, CFF, CCC, VVV, CCVV, v.v.). Ph\u00f9 h\u1ee3p v\u1edbi h\u1ea7u h\u1ebft c\u00e1c \u1ee9ng d\u1ee5ng chuy\u1ec3n m\u1ea1ch trong m\u1ea1ng l\u01b0\u1edbi ph\u00e2n ph\u1ed1i 10\/24 kV.<\/p>\n<p>Kh\u00e1i ni\u1ec7m n\u00e0y cung c\u1ea5p s\u1ef1 l\u1ef1a ch\u1ecdn gi\u1eefa t\u1ed5 h\u1ee3p c\u1ea7u ch\u00ec-c\u00f4ng t\u1eafc ho\u1eb7c c\u1ea7u dao c\u00f3 r\u01a1le \u0111\u1ec3 b\u1ea3o v\u1ec7 m\u00e1y bi\u1ebfn \u00e1p. N\u00f3 c\u00f3 th\u1ec3 \u0111\u01b0\u1ee3c cung c\u1ea5p v\u1edbi m\u1ed9t b\u1ed9 \u0111i\u1ec1u khi\u1ec3n t\u1eeb xa v\u00e0 gi\u00e1m s\u00e1t t\u00edch h\u1ee3p.<\/p>\n<p>S\u1ea3n ph\u1ea9m n\u00e0y ph\u00f9 h\u1ee3p v\u1edbi ti\u00eau chu\u1ea9n: IEC62271-200, IEC60420.<\/p>\n<h2><strong><b>T\u00ednh n\u0103ng s\u1ea3n ph\u1ea9m<\/b><\/strong><\/h2>\n<ol>\n<li>Ho\u1ea1t \u0111\u1ed9ng li\u00ean \u0111\u1ed9ng ho\u00e0n to\u00e0n v\u1edbi c\u01a1 ch\u1ebf kh\u00f3a m\u00f3c \u0111\u1ea3m b\u1ea3o an to\u00e0n cho ng\u01b0\u1eddi v\u1eadn h\u00e0nh v\u00e0 ng\u0103n ng\u1eeba ho\u1ea1t \u0111\u1ed9ng kh\u00f4ng ch\u00ednh x\u00e1c.<\/li>\n<li>Lo\u1ea1i \u0111\u1ed9c l\u1eadp v\u00e0 lo\u1ea1i g\u1eafn tr\u00ean m\u00e1y bi\u1ebfn \u00e1p.<\/li>\n<li>Ch\u00e2n th\u00e9p kh\u00f4ng g\u1ec9 c\u00f3 th\u1ec3 \u0111i\u1ec1u ch\u1ec9nh.<\/li>\n<li>IP54 d\u00f9ng cho l\u1eafp \u0111\u1eb7t ngo\u00e0i tr\u1eddi m\u00e0 kh\u00f4ng c\u1ea7n ki-\u1ed1t.<\/li>\n<li>M\u1ecdi ho\u1ea1t \u0111\u1ed9ng \u0111\u1ec1u \u0111\u01b0\u1ee3c th\u1ef1c hi\u1ec7n t\u1eeb ph\u00eda tr\u01b0\u1edbc \u0111\u01a1n v\u1ecb.<\/li>\n<li>Bao g\u1ed3m c\u00e1c t\u00f9y ch\u1ecdn c\u00f3 th\u1ec3 m\u1edf r\u1ed9ng ho\u00e0n to\u00e0n v\u00e0 kh\u00f4ng th\u1ec3 m\u1edf r\u1ed9ng cho c\u00e1c \u1ee9ng d\u1ee5ng ph\u00e2n ph\u1ed1i th\u1ee9 c\u1ea5p l\u00ean \u0111\u1ebfn \u0111\u1ecbnh m\u1ee9c 24 kV v\u00e0 630 A.<\/li>\n<li>B\u1ea3o v\u1ec7 h\u1ed3 quang b\u00ean trong bao g\u1ed3m h\u1ed9p c\u00e1p. C\u00f3 th\u1ec3 m\u1edf r\u1ed9ng t\u1eeb c\u1ea3 hai ph\u00eda.<\/li>\n<li>Kh\u00f4ng c\u1ea7n b\u1ea3o tr\u00ec v\u00e0 \u00edt t\u00e1c \u0111\u1ed9ng \u0111\u1ebfn m\u00f4i tr\u01b0\u1eddng.<\/li>\n<li>Thi\u1ebft b\u1ecb ch\u1ed1ng s\u00e9t l\u1eafp t\u1ea1i ch\u1ed7.<\/li>\n<\/ol>\n<p><img decoding=\"async\" class=\"alignnone wp-image-2900 size-full\" src=\"http:\/\/www.xminsulation.com\/wp-content\/uploads\/2024\/05\/\u56fe\u724715-5.png\" alt=\"\" width=\"1432\" height=\"1320\" srcset=\"https:\/\/www.xminsulation.com\/wp-content\/uploads\/2024\/05\/\u56fe\u724715-5.png 1432w, https:\/\/www.xminsulation.com\/wp-content\/uploads\/2024\/05\/\u56fe\u724715-5-300x277.png 300w, https:\/\/www.xminsulation.com\/wp-content\/uploads\/2024\/05\/\u56fe\u724715-5-1024x944.png 1024w, https:\/\/www.xminsulation.com\/wp-content\/uploads\/2024\/05\/\u56fe\u724715-5-768x708.png 768w, https:\/\/www.xminsulation.com\/wp-content\/uploads\/2024\/05\/\u56fe\u724715-5-13x12.png 13w, https:\/\/www.xminsulation.com\/wp-content\/uploads\/2024\/05\/\u56fe\u724715-5-600x553.png 600w\" sizes=\"(max-width: 1432px) 100vw, 1432px\" \/><\/p>\n<h2><strong><b>M\u00f4i tr\u01b0\u1eddng d\u1ecbch v\u1ee5<\/b><\/strong><\/h2>\n<p>1. Nhi\u1ec7t \u0111\u1ed9 kh\u00f4ng kh\u00ed: Nhi\u1ec7t \u0111\u1ed9 t\u1ed1i \u0111a: +45\u2103; Nhi\u1ec7t \u0111\u1ed9 t\u1ed1i thi\u1ec3u: -20\u2103.<\/p>\n<p>2. \u0110\u1ed9 \u1ea9m: \u0110\u1ed9 \u1ea9m trung b\u00ecnh th\u00e1ng l\u00e0 95%; \u0110\u1ed9 \u1ea9m trung b\u00ecnh ng\u00e0y l\u00e0 90%.<\/p>\n<p>3. \u0110\u1ed9 cao so v\u1edbi m\u1ef1c n\u01b0\u1edbc bi\u1ec3n: \u0110\u1ed9 cao l\u1eafp \u0111\u1eb7t t\u1ed1i \u0111a: 2500m.<\/p>\n<p>4. Kh\u00f4ng kh\u00ed xung quanh r\u00f5 r\u00e0ng kh\u00f4ng b\u1ecb \u00f4 nhi\u1ec5m b\u1edfi kh\u00ed, h\u01a1i \u0103n m\u00f2n v\u00e0 d\u1ec5 ch\u00e1y, v.v.<\/p>\n<p>5. Kh\u00f4ng rung l\u1eafc m\u1ea1nh th\u01b0\u1eddng xuy\u00ean.<\/p>\n<h2><strong><b>K\u00edch th\u01b0\u1edbc thi\u1ebft b\u1ecb \u0111\u00f3ng c\u1eaft<\/b><\/strong><\/h2>\n<p><img loading=\"lazy\" decoding=\"async\" class=\"alignnone wp-image-2901 size-full\" src=\"http:\/\/www.xminsulation.com\/wp-content\/uploads\/2024\/05\/\u56fe\u724716-6.png\" alt=\"\" width=\"984\" height=\"771\" srcset=\"https:\/\/www.xminsulation.com\/wp-content\/uploads\/2024\/05\/\u56fe\u724716-6.png 984w, https:\/\/www.xminsulation.com\/wp-content\/uploads\/2024\/05\/\u56fe\u724716-6-300x235.png 300w, https:\/\/www.xminsulation.com\/wp-content\/uploads\/2024\/05\/\u56fe\u724716-6-768x602.png 768w, https:\/\/www.xminsulation.com\/wp-content\/uploads\/2024\/05\/\u56fe\u724716-6-15x12.png 15w, https:\/\/www.xminsulation.com\/wp-content\/uploads\/2024\/05\/\u56fe\u724716-6-600x470.png 600w\" sizes=\"(max-width: 984px) 100vw, 984px\" \/> <img loading=\"lazy\" decoding=\"async\" class=\"alignnone wp-image-2902 size-full\" src=\"http:\/\/www.xminsulation.com\/wp-content\/uploads\/2024\/05\/\u56fe\u724717-3.png\" alt=\"\" width=\"986\" height=\"818\" srcset=\"https:\/\/www.xminsulation.com\/wp-content\/uploads\/2024\/05\/\u56fe\u724717-3.png 986w, https:\/\/www.xminsulation.com\/wp-content\/uploads\/2024\/05\/\u56fe\u724717-3-300x249.png 300w, https:\/\/www.xminsulation.com\/wp-content\/uploads\/2024\/05\/\u56fe\u724717-3-768x637.png 768w, https:\/\/www.xminsulation.com\/wp-content\/uploads\/2024\/05\/\u56fe\u724717-3-14x12.png 14w, https:\/\/www.xminsulation.com\/wp-content\/uploads\/2024\/05\/\u56fe\u724717-3-600x498.png 600w\" sizes=\"(max-width: 986px) 100vw, 986px\" \/><\/p>\n<h2><strong><b>B\u00ecnh ch\u1ee9a kh\u00ed GIS<\/b><\/strong><\/h2>\n<p><strong><b> <img loading=\"lazy\" decoding=\"async\" class=\"alignnone wp-image-2903 size-full\" src=\"http:\/\/www.xminsulation.com\/wp-content\/uploads\/2024\/05\/\u56fe\u724718-5.png\" alt=\"\" width=\"1200\" height=\"1200\" srcset=\"https:\/\/www.xminsulation.com\/wp-content\/uploads\/2024\/05\/\u56fe\u724718-5.png 1200w, https:\/\/www.xminsulation.com\/wp-content\/uploads\/2024\/05\/\u56fe\u724718-5-300x300.png 300w, https:\/\/www.xminsulation.com\/wp-content\/uploads\/2024\/05\/\u56fe\u724718-5-1024x1024.png 1024w, https:\/\/www.xminsulation.com\/wp-content\/uploads\/2024\/05\/\u56fe\u724718-5-150x150.png 150w, https:\/\/www.xminsulation.com\/wp-content\/uploads\/2024\/05\/\u56fe\u724718-5-768x768.png 768w, https:\/\/www.xminsulation.com\/wp-content\/uploads\/2024\/05\/\u56fe\u724718-5-12x12.png 12w, https:\/\/www.xminsulation.com\/wp-content\/uploads\/2024\/05\/\u56fe\u724718-5-600x600.png 600w, https:\/\/www.xminsulation.com\/wp-content\/uploads\/2024\/05\/\u56fe\u724718-5-100x100.png 100w\" sizes=\"(max-width: 1200px) 100vw, 1200px\" \/> <img loading=\"lazy\" decoding=\"async\" class=\"alignnone wp-image-2904 size-full\" src=\"http:\/\/www.xminsulation.com\/wp-content\/uploads\/2024\/05\/\u56fe\u724719-4.png\" alt=\"\" width=\"1200\" height=\"1200\" srcset=\"https:\/\/www.xminsulation.com\/wp-content\/uploads\/2024\/05\/\u56fe\u724719-4.png 1200w, https:\/\/www.xminsulation.com\/wp-content\/uploads\/2024\/05\/\u56fe\u724719-4-300x300.png 300w, https:\/\/www.xminsulation.com\/wp-content\/uploads\/2024\/05\/\u56fe\u724719-4-1024x1024.png 1024w, https:\/\/www.xminsulation.com\/wp-content\/uploads\/2024\/05\/\u56fe\u724719-4-150x150.png 150w, https:\/\/www.xminsulation.com\/wp-content\/uploads\/2024\/05\/\u56fe\u724719-4-768x768.png 768w, https:\/\/www.xminsulation.com\/wp-content\/uploads\/2024\/05\/\u56fe\u724719-4-12x12.png 12w, https:\/\/www.xminsulation.com\/wp-content\/uploads\/2024\/05\/\u56fe\u724719-4-600x600.png 600w, https:\/\/www.xminsulation.com\/wp-content\/uploads\/2024\/05\/\u56fe\u724719-4-100x100.png 100w\" sizes=\"(max-width: 1200px) 100vw, 1200px\" \/> <img loading=\"lazy\" decoding=\"async\" class=\"alignnone wp-image-2905 size-full\" src=\"http:\/\/www.xminsulation.com\/wp-content\/uploads\/2024\/05\/\u56fe\u724720-6.png\" alt=\"\" width=\"1200\" height=\"1200\" srcset=\"https:\/\/www.xminsulation.com\/wp-content\/uploads\/2024\/05\/\u56fe\u724720-6.png 1200w, https:\/\/www.xminsulation.com\/wp-content\/uploads\/2024\/05\/\u56fe\u724720-6-300x300.png 300w, https:\/\/www.xminsulation.com\/wp-content\/uploads\/2024\/05\/\u56fe\u724720-6-1024x1024.png 1024w, https:\/\/www.xminsulation.com\/wp-content\/uploads\/2024\/05\/\u56fe\u724720-6-150x150.png 150w, https:\/\/www.xminsulation.com\/wp-content\/uploads\/2024\/05\/\u56fe\u724720-6-768x768.png 768w, https:\/\/www.xminsulation.com\/wp-content\/uploads\/2024\/05\/\u56fe\u724720-6-12x12.png 12w, https:\/\/www.xminsulation.com\/wp-content\/uploads\/2024\/05\/\u56fe\u724720-6-600x600.png 600w, https:\/\/www.xminsulation.com\/wp-content\/uploads\/2024\/05\/\u56fe\u724720-6-100x100.png 100w\" sizes=\"(max-width: 1200px) 100vw, 1200px\" \/><\/b><\/strong><\/p>\n<h2><strong><b>S\u01a1 \u0111\u1ed3 m\u1ea1ch \u0111i\u1ec7n c\u1ee7a CVC<\/b><\/strong><\/h2>\n<p><strong><b> <img loading=\"lazy\" decoding=\"async\" class=\"alignnone wp-image-2906 size-full\" src=\"http:\/\/www.xminsulation.com\/wp-content\/uploads\/2024\/05\/\u56fe\u724721-5.png\" alt=\"\" width=\"1193\" height=\"896\" srcset=\"https:\/\/www.xminsulation.com\/wp-content\/uploads\/2024\/05\/\u56fe\u724721-5.png 1193w, https:\/\/www.xminsulation.com\/wp-content\/uploads\/2024\/05\/\u56fe\u724721-5-300x225.png 300w, https:\/\/www.xminsulation.com\/wp-content\/uploads\/2024\/05\/\u56fe\u724721-5-1024x769.png 1024w, https:\/\/www.xminsulation.com\/wp-content\/uploads\/2024\/05\/\u56fe\u724721-5-768x577.png 768w, https:\/\/www.xminsulation.com\/wp-content\/uploads\/2024\/05\/\u56fe\u724721-5-16x12.png 16w, https:\/\/www.xminsulation.com\/wp-content\/uploads\/2024\/05\/\u56fe\u724721-5-600x451.png 600w\" sizes=\"(max-width: 1193px) 100vw, 1193px\" \/><\/b><\/strong><\/p>\n<h2>\u25c6T\u00f9y ch\u1ec9nh \u0111\u1eb7c bi\u1ec7t<\/h2>\n<p>C\u00e1c th\u00f4ng s\u1ed1 tr\u00ean l\u00e0 d\u1eef li\u1ec7u ti\u00eau bi\u1ec3u; n\u1ebfu c\u00e1c ki\u1ec3u d\u00e1ng hi\u1ec7n c\u00f3 kh\u00f4ng \u0111\u00e1p \u1ee9ng \u0111\u01b0\u1ee3c nhu c\u1ea7u c\u1ee5 th\u1ec3 c\u1ee7a b\u1ea1n, vui l\u00f2ng li\u00ean h\u1ec7 v\u1edbi ch\u00fang t\u00f4i \u0111\u1ec3 \u0111\u01b0\u1ee3c thi\u1ebft k\u1ebf ri\u00eang. Ch\u00fang t\u00f4i c\u00f3 k\u1ef9 n\u0103ng s\u1ea3n xu\u1ea5t v\u00e0 ph\u00e1t tri\u1ec3n t\u00f9y ch\u1ec9nh c\u00e1 nh\u00e2n h\u00f3a \u0111\u00e1ng k\u1ec3, cho ph\u00e9p ch\u00fang t\u00f4i cung c\u1ea5p c\u00e1c gi\u1ea3i ph\u00e1p ph\u00f9 h\u1ee3p cho kh\u00e1ch h\u00e0ng tr\u00ean to\u00e0n th\u1ebf gi\u1edbi.<\/p>\n<p>&nbsp;<\/p>","protected":false},"excerpt":{"rendered":"<p>General Information Cost-Effective Side &amp; Rear Cable Entry RMU, its cables enter and exit from the side and rear, and there are no cable entries or exits on the front. It is fully weatherproof with IP54 for outdoor or indoor applications. It is extensible and highly flexible unit used in a wide range of applications [&hellip;]<\/p>","protected":false},"featured_media":2907,"template":"","meta":{"site-sidebar-layout":"default","site-content-layout":"","ast-site-content-layout":"default","site-content-style":"default","site-sidebar-style":"default","ast-global-header-display":"","ast-banner-title-visibility":"","ast-main-header-display":"","ast-hfb-above-header-display":"","ast-hfb-below-header-display":"","ast-hfb-mobile-header-display":"","site-post-title":"","ast-breadcrumbs-content":"","ast-featured-img":"","footer-sml-layout":"","theme-transparent-header-meta":"default","adv-header-id-meta":"","stick-header-meta":"","header-above-stick-meta":"","header-main-stick-meta":"","header-below-stick-meta":"","astra-migrate-meta-layouts":"set","ast-page-background-enabled":"default","ast-page-background-meta":{"desktop":{"background-color":"","background-image":"","background-repeat":"repeat","background-position":"center center","background-size":"auto","background-attachment":"scroll","background-type":"","background-media":"","overlay-type":"","overlay-color":"","overlay-gradient":""},"tablet":{"background-color":"","background-image":"","background-repeat":"repeat","background-position":"center center","background-size":"auto","background-attachment":"scroll","background-type":"","background-media":"","overlay-type":"","overlay-color":"","overlay-gradient":""},"mobile":{"background-color":"","background-image":"","background-repeat":"repeat","background-position":"center center","background-size":"auto","background-attachment":"scroll","background-type":"","background-media":"","overlay-type":"","overlay-color":"","overlay-gradient":""}},"ast-content-background-meta":{"desktop":{"background-color":"var(--ast-global-color-5)","background-image":"","background-repeat":"repeat","background-position":"center center","background-size":"auto","background-attachment":"scroll","background-type":"","background-media":"","overlay-type":"","overlay-color":"","overlay-gradient":""},"tablet":{"background-color":"var(--ast-global-color-5)","background-image":"","background-repeat":"repeat","background-position":"center center","background-size":"auto","background-attachment":"scroll","background-type":"","background-media":"","overlay-type":"","overlay-color":"","overlay-gradient":""},"mobile":{"background-color":"var(--ast-global-color-5)","background-image":"","background-repeat":"repeat","background-position":"center center","background-size":"auto","background-attachment":"scroll","background-type":"","background-media":"","overlay-type":"","overlay-color":"","overlay-gradient":""}}},"product_cat":[34],"product_tag":[],"class_list":{"0":"post-2895","1":"product","2":"type-product","3":"status-publish","4":"has-post-thumbnail","6":"product_cat-10-40-5kv-sf6-gas-insulated-switchgear-gis-rmu","7":"desktop-align-left","8":"tablet-align-left","9":"mobile-align-left","11":"first","12":"instock","13":"shipping-taxable","14":"product-type-simple"},"_links":{"self":[{"href":"https:\/\/www.xminsulation.com\/vi\/wp-json\/wp\/v2\/product\/2895","targetHints":{"allow":["GET"]}}],"collection":[{"href":"https:\/\/www.xminsulation.com\/vi\/wp-json\/wp\/v2\/product"}],"about":[{"href":"https:\/\/www.xminsulation.com\/vi\/wp-json\/wp\/v2\/types\/product"}],"wp:featuredmedia":[{"embeddable":true,"href":"https:\/\/www.xminsulation.com\/vi\/wp-json\/wp\/v2\/media\/2907"}],"wp:attachment":[{"href":"https:\/\/www.xminsulation.com\/vi\/wp-json\/wp\/v2\/media?parent=2895"}],"wp:term":[{"taxonomy":"product_cat","embeddable":true,"href":"https:\/\/www.xminsulation.com\/vi\/wp-json\/wp\/v2\/product_cat?post=2895"},{"taxonomy":"product_tag","embeddable":true,"href":"https:\/\/www.xminsulation.com\/vi\/wp-json\/wp\/v2\/product_tag?post=2895"}],"curies":[{"name":"wp","href":"https:\/\/api.w.org\/{rel}","templated":true}]}}