{"id":2258,"date":"2024-05-17T18:04:05","date_gmt":"2024-05-17T10:04:05","guid":{"rendered":"http:\/\/www.xminsulation.com\/?post_type=product&#038;p=2258"},"modified":"2024-05-17T18:04:06","modified_gmt":"2024-05-17T10:04:06","slug":"flw34-12-40-5kv-intelligent-outdoor-sf6-load-break-switch","status":"publish","type":"product","link":"https:\/\/www.xminsulation.com\/vi\/product\/flw34-12-40-5kv-intelligent-outdoor-sf6-load-break-switch\/","title":{"rendered":"C\u00f4ng t\u1eafc ng\u1eaft t\u1ea3i SF6 ngo\u00e0i tr\u1eddi th\u00f4ng minh FLW34-12\/40.5kV"},"content":{"rendered":"<p><img fetchpriority=\"high\" decoding=\"async\" class=\"alignnone wp-image-2260 size-full\" src=\"http:\/\/www.xminsulation.com\/wp-content\/uploads\/2024\/05\/\u56fe\u7247164-2.png\" alt=\"\" width=\"1000\" height=\"744\" srcset=\"https:\/\/www.xminsulation.com\/wp-content\/uploads\/2024\/05\/\u56fe\u7247164-2.png 1000w, https:\/\/www.xminsulation.com\/wp-content\/uploads\/2024\/05\/\u56fe\u7247164-2-300x223.png 300w, https:\/\/www.xminsulation.com\/wp-content\/uploads\/2024\/05\/\u56fe\u7247164-2-768x571.png 768w, https:\/\/www.xminsulation.com\/wp-content\/uploads\/2024\/05\/\u56fe\u7247164-2-600x446.png 600w\" sizes=\"(max-width: 1000px) 100vw, 1000px\" \/> <img decoding=\"async\" class=\"alignnone wp-image-2261 size-full\" src=\"http:\/\/www.xminsulation.com\/wp-content\/uploads\/2024\/05\/\u56fe\u7247165-1.jpg\" alt=\"\" width=\"1000\" height=\"1000\" srcset=\"https:\/\/www.xminsulation.com\/wp-content\/uploads\/2024\/05\/\u56fe\u7247165-1.jpg 1000w, https:\/\/www.xminsulation.com\/wp-content\/uploads\/2024\/05\/\u56fe\u7247165-1-300x300.jpg 300w, https:\/\/www.xminsulation.com\/wp-content\/uploads\/2024\/05\/\u56fe\u7247165-1-150x150.jpg 150w, https:\/\/www.xminsulation.com\/wp-content\/uploads\/2024\/05\/\u56fe\u7247165-1-768x768.jpg 768w, https:\/\/www.xminsulation.com\/wp-content\/uploads\/2024\/05\/\u56fe\u7247165-1-600x600.jpg 600w, https:\/\/www.xminsulation.com\/wp-content\/uploads\/2024\/05\/\u56fe\u7247165-1-100x100.jpg 100w\" sizes=\"(max-width: 1000px) 100vw, 1000px\" \/> <img decoding=\"async\" class=\"alignnone wp-image-2262 size-full\" src=\"http:\/\/www.xminsulation.com\/wp-content\/uploads\/2024\/05\/\u56fe\u7247166-1.png\" alt=\"\" width=\"1000\" height=\"1415\" srcset=\"https:\/\/www.xminsulation.com\/wp-content\/uploads\/2024\/05\/\u56fe\u7247166-1.png 1000w, https:\/\/www.xminsulation.com\/wp-content\/uploads\/2024\/05\/\u56fe\u7247166-1-212x300.png 212w, https:\/\/www.xminsulation.com\/wp-content\/uploads\/2024\/05\/\u56fe\u7247166-1-724x1024.png 724w, https:\/\/www.xminsulation.com\/wp-content\/uploads\/2024\/05\/\u56fe\u7247166-1-768x1087.png 768w, https:\/\/www.xminsulation.com\/wp-content\/uploads\/2024\/05\/\u56fe\u7247166-1-600x849.png 600w\" sizes=\"(max-width: 1000px) 100vw, 1000px\" \/><\/p>\n<h2><strong><b>P<\/b><\/strong><strong><b>s\u1ea3n ph\u1ea9m <\/b><\/strong><strong><b>D<\/b><\/strong><strong><b>s\u1ef1 m\u00f4 t\u1ea3<\/b><\/strong><\/h2>\n<p>C\u00f4ng t\u1eafc t\u1ea3i SF6 g\u1eafn tr\u00ean c\u1ed9t FLW34-12\/40.5kV l\u00e0 m\u1ed9t b\u1ed9 ho\u00e0n ch\u1ec9nh c\u00e1c s\u1ea3n ph\u1ea9m c\u00f4ng t\u1eafc g\u1eafn tr\u00ean c\u1ed9t \u0111\u01b0\u1ee3c ph\u00e1t tri\u1ec3n theo ti\u00eau chu\u1ea9n h\u1ee3p nh\u1ea5t s\u01a1 c\u1ea5p v\u00e0 th\u1ee9 c\u1ea5p. C\u00f4ng t\u1eafc c\u00f3 c\u1ea5u tr\u00fac nh\u1ecf g\u1ecdn, b\u1ed1 tr\u00ed h\u1ee3p l\u00fd v\u00e0 ch\u1ee9c n\u0103ng ho\u00e0n ch\u1ec9nh. T\u1ea5t c\u1ea3 c\u00e1c ch\u1ec9 b\u00e1o \u0111\u1ec1u \u0111\u00e1p \u1ee9ng c\u00e1c y\u00eau c\u1ea7u k\u1ef9 thu\u1eadt h\u1ee3p nh\u1ea5t s\u01a1 c\u1ea5p v\u00e0 th\u1ee9 c\u1ea5p. \u0110\u00e2y l\u00e0 b\u1ed9 s\u1ea3n ph\u1ea9m ho\u00e0n ch\u1ec9nh cho c\u00f4ng t\u1eafc g\u1eafn tr\u00ean c\u1ed9t t\u1ef1 \u0111\u1ed9ng ph\u00e2n ph\u1ed1i \u0111i\u1ec7n ngo\u00e0i tr\u1eddi. C\u00f4ng t\u1eafc t\u1ea3i \u00e1p d\u1ee5ng nguy\u00ean l\u00fd d\u1eadp h\u1ed3 quang SF6 v\u00e0 c\u00f3 m\u00e1y bi\u1ebfn d\u00f2ng c\u00f3 \u0111\u1ed9 ch\u00ednh x\u00e1c cao t\u00edch h\u1ee3p, m\u00e1y bi\u1ebfn d\u00f2ng th\u1ee9 t\u1ef1 kh\u00f4ng v\u00e0 c\u1ea3m bi\u1ebfn \u0111i\u1ec7n \u00e1p th\u1ee9 t\u1ef1 kh\u00f4ng. B\u1ed9 c\u00f4ng t\u1eafc ho\u00e0n ch\u1ec9nh n\u00e0y c\u00f3 th\u1ec3 \u0111\u01b0\u1ee3c \u00e1p d\u1ee5ng cho d\u00f2ng t\u1ea3i v\u00e0 qu\u00e1 t\u1ea3i trong h\u1ec7 th\u1ed1ng ng\u1eaft v\u00e0 \u0111\u00f3ng c\u1ee7a m\u1ea1ng l\u01b0\u1edbi ph\u00e2n ph\u1ed1i \u0111i\u1ec7n \u00e1p trung th\u1ebf. d\u00f2ng \u0111i\u1ec7n, c\u00f3 kh\u1ea3 n\u0103ng t\u1ef1 \u0111\u1ed9ng c\u00f4 l\u1eadp c\u00e1c \u0111o\u1ea1n \u0111\u01b0\u1eddng d\u00e2y ph\u00e2n ph\u1ed1i b\u1ecb l\u1ed7i.<\/p>\n<h2><strong><b>\u0110\u1ea7u ti\u00ean v\u00e0 <\/b><\/strong><strong><b>S<\/b><\/strong><strong><b>th\u1ee9 hai <\/b><\/strong><strong><b>F<\/b><\/strong><strong><b>s\u1eed d\u1ee5ng <\/b><\/strong><strong><b>F<\/b><\/strong><strong><b>\u0103n u\u1ed1ng<\/b><\/strong><\/h2>\n<p><strong><b>SF6 ch\u00ednh <\/b><\/strong><strong><b>L<\/b><\/strong><strong><b>oad <\/b><\/strong><strong><b>S<\/b><\/strong><strong><b>ph\u00f9 th\u1ee7y <\/b><\/strong><strong><b>P<\/b><\/strong><strong><b>ngh\u1ec7 thu\u1eadt:<\/b><\/strong><\/p>\n<ol>\n<li>Th\u00e2n m\u00e1y s\u1eed d\u1ee5ng kh\u00ed SF6 c\u00f3 \u0111\u1ed9 tinh khi\u1ebft cao (h\u01a1n 99,9%) c\u00f3 t\u00ednh c\u00e1ch \u0111i\u1ec7n v\u00e0 d\u1eadp h\u1ed3 quang t\u1ed1t. N\u00f3 c\u00f3 th\u1eddi gian d\u1eadp h\u1ed3 quang c\u1ef1c ng\u1eafn (1\/2 chu k\u1ef3) v\u00e0 \u0111\u1eb7c t\u00ednh ph\u1ee5c h\u1ed3i c\u00e1ch \u0111i\u1ec7n t\u1ed1t, v\u00e0 c\u00f3 hi\u1ec7u su\u1ea5t c\u00e1ch \u0111i\u1ec7n v\u01b0\u1ee3t tr\u1ed9i. Ngo\u00e0i ra, th\u1eddi gian d\u1eadp h\u1ed3 quang khi d\u00f2ng \u0111i\u1ec7n t\u1ea3i b\u1ecb ng\u1eaft r\u1ea5t ng\u1eafn v\u00e0 m\u1ee9c ti\u00eau th\u1ee5 ti\u1ebfp x\u00fac c\u1ee7a b\u1ed9 ph\u1eadn ng\u1eaft nh\u1ecf, do \u0111\u00f3 kh\u00f4ng c\u1ea7n b\u1ea3o tr\u00ec v\u00e0 thay th\u1ebf b\u1ed9 ph\u1eadn ng\u1eaft.<\/li>\n<li>H\u1ed9p c\u00f4ng t\u1eafc \u0111\u01b0\u1ee3c l\u00e0m b\u1eb1ng th\u00e9p kh\u00f4ng g\u1ec9 304 \u0111\u1ec3 \u0111\u00e1p \u1ee9ng y\u00eau c\u1ea7u ch\u1ed1ng \u0103n m\u00f2n khi s\u1eed d\u1ee5ng l\u00e2u d\u00e0i.<\/li>\n<li>S\u1eed d\u1ee5ng c\u01a1 ch\u1ebf v\u1eadn h\u00e0nh l\u01b0u tr\u1eef n\u0103ng l\u01b0\u1ee3ng l\u00f2 xo, l\u01b0u tr\u1eef n\u0103ng l\u01b0\u1ee3ng \u0111\u01b0\u1ee3c duy tr\u00ec b\u1eb1ng c\u01a1 h\u1ecdc, s\u1eed d\u1ee5ng thao t\u00e1c \u0111\u00f3ng m\u1edf nhanh b\u1eb1ng tay, b\u1eb1ng \u0111i\u1ec7n, th\u1eddi gian \u0111\u00f3ng m\u1edf nhanh trong v\u00f2ng ch\u01b0a \u0111\u1ea7y 60ms, t\u01b0\u01a1ng th\u00edch t\u1ed1t v\u1edbi thi\u1ebft b\u1ecb b\u1ea3o v\u1ec7 d\u1ef1 ph\u00f2ng.<\/li>\n<li>\u0110\u01b0\u1ee3c trang b\u1ecb c\u01a1 ch\u1ebf kh\u00f3a th\u1ee7 c\u00f4ng \u0111\u1ec3 tr\u00e1nh thao t\u00e1c sai trong qu\u00e1 tr\u00ecnh b\u1ea3o tr\u00ec v\u00e0 n\u00e2ng cao h\u1ec7 s\u1ed1 an to\u00e0n.<\/li>\n<li>\u0110\u01b0\u1ee3c trang b\u1ecb thi\u1ebft b\u1ecb gi\u1ea3m \u00e1p su\u1ea5t cao, ngay c\u1ea3 khi x\u1ea3y ra s\u1ef1 c\u1ed1 b\u00ean trong, h\u1ed9p c\u0169ng kh\u00f4ng b\u1ecb h\u01b0 h\u1ecfng do \u00e1p su\u1ea5t kh\u00ed trong h\u1ed9p t\u0103ng \u0111\u1ed9t ng\u1ed9t.<\/li>\n<\/ol>\n<p><strong><b>S\u01a1 trung <\/b><\/strong><strong><b>T\u00d4I<\/b><\/strong><strong><b>th\u00f4ng minh <\/b><\/strong><strong><b>C<\/b><\/strong><strong><b>ng\u01b0\u1eddi \u0111i\u1ec1u khi\u1ec3n <\/b><\/strong><strong><b>P<\/b><\/strong><strong><b>ngh\u1ec7 thu\u1eadt:<\/b><\/strong><\/p>\n<ol>\n<li>Tu\u00e2n th\u1ee7 ti\u00eau chu\u1ea9n IEC 61850 \u0111\u1ec3 \u0111\u1ea1t \u0111\u01b0\u1ee3c t\u00ednh n\u0103ng c\u1eafm v\u00e0 ch\u1ea1y.<\/li>\n<li>N\u00f3 s\u1eed d\u1ee5ng b\u1ed9 x\u1eed l\u00fd t\u00edn hi\u1ec7u s\u1ed1 hi\u1ec7u su\u1ea5t cao v\u00e0 m\u1ea3ng logic l\u1eadp tr\u00ecnh tr\u01b0\u1eddng quy m\u00f4 l\u1edbn, c\u00f3 kh\u1ea3 n\u0103ng x\u1eed l\u00fd d\u1eef li\u1ec7u th\u1eddi gian th\u1ef1c m\u1ea1nh m\u1ebd v\u00e0 t\u00e0i nguy\u00ean b\u1ed9 nh\u1edb phong ph\u00fa, \u0111\u00e1p \u1ee9ng c\u00e1c y\u00eau c\u1ea7u \u1ee9ng d\u1ee5ng c\u1ee7a ph\u1ea7n m\u1ec1m \u1ee9ng d\u1ee5ng v\u00e0 truy\u1ec1n th\u00f4ng ti\u00ean ti\u1ebfn, qu\u1ea3n l\u00fd h\u1ec7 th\u1ed1ng, t\u01b0\u01a1ng t\u00e1c gi\u1eefa ng\u01b0\u1eddi v\u00e0 m\u00e1y t\u00ednh v\u00e0 c\u00e1c ch\u1ee9c n\u0103ng kh\u00e1c.<\/li>\n<li>C\u00f3 th\u1ec3 c\u1ea5u h\u00ecnh linh ho\u1ea1t theo nhu c\u1ea7u \u0111\u1ec3 t\u1ea1o \u0111i\u1ec1u ki\u1ec7n th\u1ef1c hi\u1ec7n ch\u1ee9c n\u0103ng \u201chai \u0111i\u1ec1u khi\u1ec3n t\u1eeb xa\u201d ho\u1eb7c \u201cba \u0111i\u1ec1u khi\u1ec3n t\u1eeb xa\u201d.<\/li>\n<li>C\u1ea5u tr\u00fac m\u00f4-\u0111un v\u00e0 chu\u1ea9n h\u00f3a, s\u1eed d\u1ee5ng bus n\u1ed1i ti\u1ebfp th\u1eddi gian th\u1ef1c t\u1ed1c \u0111\u1ed9 cao, kh\u1ea3 n\u0103ng m\u1edf r\u1ed9ng linh ho\u1ea1t v\u00e0 b\u1ea3o tr\u00ec d\u1ec5 d\u00e0ng.<\/li>\n<li>D\u1ef1a tr\u00ean h\u1ec7 \u0111i\u1ec1u h\u00e0nh Linux th\u1eddi gian th\u1ef1c, n\u00f3 \u00e1p d\u1ee5ng c\u1ea5u tr\u00fac ph\u1ea7n m\u1ec1m ph\u00e2n c\u1ea5p v\u00e0 m\u00f4-\u0111un. C\u00e1c \u1ee9ng d\u1ee5ng truy c\u1eadp t\u00e0i nguy\u00ean v\u00e0 d\u1eef li\u1ec7u c\u01a1 b\u1ea3n th\u00f4ng qua giao di\u1ec7n m\u1edf, t\u00e1ch d\u1eef li\u1ec7u kh\u1ecfi c\u00e1c \u1ee9ng d\u1ee5ng v\u00e0 h\u1ed7 tr\u1ee3 t\u1ea3i v\u00e0 d\u1ee1 t\u1ea3i \u0111\u1ed9ng c\u00e1c \u1ee9ng d\u1ee5ng. C\u00e1c \u1ee9ng d\u1ee5ng l\u00e0 plug-and-play. Cung c\u1ea5p n\u1ec1n t\u1ea3ng h\u1ed7 tr\u1ee3 th\u1ed1ng nh\u1ea5t cho nhi\u1ec1u \u1ee9ng d\u1ee5ng m\u1ea1ng ph\u00e2n ph\u1ed1i th\u00f4ng minh kh\u00e1c nhau.<\/li>\n<\/ol>\n<h2><strong>K\u00edch th\u01b0\u1edbc<\/strong><\/h2>\n<p><img loading=\"lazy\" decoding=\"async\" class=\"alignnone wp-image-2263 size-large\" src=\"http:\/\/www.xminsulation.com\/wp-content\/uploads\/2024\/05\/\u56fe\u7247167-1-1024x731.png\" alt=\"\" width=\"1024\" height=\"731\" srcset=\"https:\/\/www.xminsulation.com\/wp-content\/uploads\/2024\/05\/\u56fe\u7247167-1-1024x731.png 1024w, https:\/\/www.xminsulation.com\/wp-content\/uploads\/2024\/05\/\u56fe\u7247167-1-300x214.png 300w, https:\/\/www.xminsulation.com\/wp-content\/uploads\/2024\/05\/\u56fe\u7247167-1-768x548.png 768w, https:\/\/www.xminsulation.com\/wp-content\/uploads\/2024\/05\/\u56fe\u7247167-1-1536x1096.png 1536w, https:\/\/www.xminsulation.com\/wp-content\/uploads\/2024\/05\/\u56fe\u7247167-1-2048x1462.png 2048w, https:\/\/www.xminsulation.com\/wp-content\/uploads\/2024\/05\/\u56fe\u7247167-1-600x428.png 600w\" sizes=\"(max-width: 1024px) 100vw, 1024px\" \/> <img loading=\"lazy\" decoding=\"async\" class=\"alignnone wp-image-2264 size-large\" src=\"http:\/\/www.xminsulation.com\/wp-content\/uploads\/2024\/05\/\u56fe\u7247168-1024x638.png\" alt=\"\" width=\"1024\" height=\"638\" srcset=\"https:\/\/www.xminsulation.com\/wp-content\/uploads\/2024\/05\/\u56fe\u7247168-1024x638.png 1024w, https:\/\/www.xminsulation.com\/wp-content\/uploads\/2024\/05\/\u56fe\u7247168-300x187.png 300w, https:\/\/www.xminsulation.com\/wp-content\/uploads\/2024\/05\/\u56fe\u7247168-768x478.png 768w, https:\/\/www.xminsulation.com\/wp-content\/uploads\/2024\/05\/\u56fe\u7247168-1536x957.png 1536w, https:\/\/www.xminsulation.com\/wp-content\/uploads\/2024\/05\/\u56fe\u7247168-600x374.png 600w, https:\/\/www.xminsulation.com\/wp-content\/uploads\/2024\/05\/\u56fe\u7247168.png 1920w\" sizes=\"(max-width: 1024px) 100vw, 1024px\" \/> <img loading=\"lazy\" decoding=\"async\" class=\"alignnone wp-image-2265 size-full\" src=\"http:\/\/www.xminsulation.com\/wp-content\/uploads\/2024\/05\/\u56fe\u7247169-1.png\" alt=\"\" width=\"852\" height=\"750\" srcset=\"https:\/\/www.xminsulation.com\/wp-content\/uploads\/2024\/05\/\u56fe\u7247169-1.png 852w, https:\/\/www.xminsulation.com\/wp-content\/uploads\/2024\/05\/\u56fe\u7247169-1-300x264.png 300w, https:\/\/www.xminsulation.com\/wp-content\/uploads\/2024\/05\/\u56fe\u7247169-1-768x676.png 768w, https:\/\/www.xminsulation.com\/wp-content\/uploads\/2024\/05\/\u56fe\u7247169-1-600x528.png 600w\" sizes=\"(max-width: 852px) 100vw, 852px\" \/> <img loading=\"lazy\" decoding=\"async\" class=\"alignnone wp-image-2266 size-full\" src=\"http:\/\/www.xminsulation.com\/wp-content\/uploads\/2024\/05\/\u56fe\u7247170-1.png\" alt=\"\" width=\"852\" height=\"744\" srcset=\"https:\/\/www.xminsulation.com\/wp-content\/uploads\/2024\/05\/\u56fe\u7247170-1.png 852w, https:\/\/www.xminsulation.com\/wp-content\/uploads\/2024\/05\/\u56fe\u7247170-1-300x262.png 300w, https:\/\/www.xminsulation.com\/wp-content\/uploads\/2024\/05\/\u56fe\u7247170-1-768x671.png 768w, https:\/\/www.xminsulation.com\/wp-content\/uploads\/2024\/05\/\u56fe\u7247170-1-600x524.png 600w\" sizes=\"(max-width: 852px) 100vw, 852px\" \/> <img loading=\"lazy\" decoding=\"async\" class=\"alignnone wp-image-2267 size-full\" src=\"http:\/\/www.xminsulation.com\/wp-content\/uploads\/2024\/05\/\u56fe\u7247171-1.png\" alt=\"\" width=\"852\" height=\"766\" srcset=\"https:\/\/www.xminsulation.com\/wp-content\/uploads\/2024\/05\/\u56fe\u7247171-1.png 852w, https:\/\/www.xminsulation.com\/wp-content\/uploads\/2024\/05\/\u56fe\u7247171-1-300x270.png 300w, https:\/\/www.xminsulation.com\/wp-content\/uploads\/2024\/05\/\u56fe\u7247171-1-768x690.png 768w, https:\/\/www.xminsulation.com\/wp-content\/uploads\/2024\/05\/\u56fe\u7247171-1-600x539.png 600w\" sizes=\"(max-width: 852px) 100vw, 852px\" \/> <img loading=\"lazy\" decoding=\"async\" class=\"alignnone wp-image-2268 size-full\" src=\"http:\/\/www.xminsulation.com\/wp-content\/uploads\/2024\/05\/\u56fe\u7247172-1.png\" alt=\"\" width=\"754\" height=\"828\" srcset=\"https:\/\/www.xminsulation.com\/wp-content\/uploads\/2024\/05\/\u56fe\u7247172-1.png 754w, https:\/\/www.xminsulation.com\/wp-content\/uploads\/2024\/05\/\u56fe\u7247172-1-273x300.png 273w, https:\/\/www.xminsulation.com\/wp-content\/uploads\/2024\/05\/\u56fe\u7247172-1-600x659.png 600w\" sizes=\"(max-width: 754px) 100vw, 754px\" \/><\/p>\n<h2><strong><b>Minh h\u1ecda v\u1ec1 c\u00e0i \u0111\u1eb7t<\/b><\/strong><\/h2>\n<p><img loading=\"lazy\" decoding=\"async\" class=\"alignnone wp-image-2269 size-full\" src=\"http:\/\/www.xminsulation.com\/wp-content\/uploads\/2024\/05\/\u56fe\u7247173-1.png\" alt=\"\" width=\"975\" height=\"837\" srcset=\"https:\/\/www.xminsulation.com\/wp-content\/uploads\/2024\/05\/\u56fe\u7247173-1.png 975w, https:\/\/www.xminsulation.com\/wp-content\/uploads\/2024\/05\/\u56fe\u7247173-1-300x258.png 300w, https:\/\/www.xminsulation.com\/wp-content\/uploads\/2024\/05\/\u56fe\u7247173-1-768x659.png 768w, https:\/\/www.xminsulation.com\/wp-content\/uploads\/2024\/05\/\u56fe\u7247173-1-600x515.png 600w\" sizes=\"(max-width: 975px) 100vw, 975px\" \/><\/p>\n<h2>\u25c6T\u00f9y ch\u1ec9nh \u0111\u1eb7c bi\u1ec7t<\/h2>\n<p>C\u00e1c th\u00f4ng s\u1ed1 tr\u00ean l\u00e0 d\u1eef li\u1ec7u ti\u00eau bi\u1ec3u; n\u1ebfu c\u00e1c ki\u1ec3u d\u00e1ng hi\u1ec7n c\u00f3 kh\u00f4ng \u0111\u00e1p \u1ee9ng \u0111\u01b0\u1ee3c nhu c\u1ea7u c\u1ee5 th\u1ec3 c\u1ee7a b\u1ea1n, vui l\u00f2ng li\u00ean h\u1ec7 v\u1edbi ch\u00fang t\u00f4i \u0111\u1ec3 \u0111\u01b0\u1ee3c thi\u1ebft k\u1ebf ri\u00eang. Ch\u00fang t\u00f4i c\u00f3 k\u1ef9 n\u0103ng s\u1ea3n xu\u1ea5t v\u00e0 ph\u00e1t tri\u1ec3n t\u00f9y ch\u1ec9nh c\u00e1 nh\u00e2n h\u00f3a \u0111\u00e1ng k\u1ec3, cho ph\u00e9p ch\u00fang t\u00f4i cung c\u1ea5p c\u00e1c gi\u1ea3i ph\u00e1p ph\u00f9 h\u1ee3p cho kh\u00e1ch h\u00e0ng tr\u00ean to\u00e0n th\u1ebf gi\u1edbi.<\/p>\n<p>&nbsp;<\/p>","protected":false},"excerpt":{"rendered":"<p>Product Description FLW34-12\/40.5kV pole-mounted SF6 load switch is a complete set of pole-mounted switch products developed in accordance with primary and secondary fusion standards. The switch has a compact structure, reasonable layout, and complete functions. All indicators meet the primary and secondary fusion technical requirements. It is Complete set of products for outdoor power distribution [&hellip;]<\/p>","protected":false},"featured_media":2259,"template":"","meta":{"site-sidebar-layout":"default","site-content-layout":"","ast-site-content-layout":"default","site-content-style":"default","site-sidebar-style":"default","ast-global-header-display":"","ast-banner-title-visibility":"","ast-main-header-display":"","ast-hfb-above-header-display":"","ast-hfb-below-header-display":"","ast-hfb-mobile-header-display":"","site-post-title":"","ast-breadcrumbs-content":"","ast-featured-img":"","footer-sml-layout":"","theme-transparent-header-meta":"default","adv-header-id-meta":"","stick-header-meta":"","header-above-stick-meta":"","header-main-stick-meta":"","header-below-stick-meta":"","astra-migrate-meta-layouts":"set","ast-page-background-enabled":"default","ast-page-background-meta":{"desktop":{"background-color":"","background-image":"","background-repeat":"repeat","background-position":"center center","background-size":"auto","background-attachment":"scroll","background-type":"","background-media":"","overlay-type":"","overlay-color":"","overlay-gradient":""},"tablet":{"background-color":"","background-image":"","background-repeat":"repeat","background-position":"center center","background-size":"auto","background-attachment":"scroll","background-type":"","background-media":"","overlay-type":"","overlay-color":"","overlay-gradient":""},"mobile":{"background-color":"","background-image":"","background-repeat":"repeat","background-position":"center center","background-size":"auto","background-attachment":"scroll","background-type":"","background-media":"","overlay-type":"","overlay-color":"","overlay-gradient":""}},"ast-content-background-meta":{"desktop":{"background-color":"var(--ast-global-color-5)","background-image":"","background-repeat":"repeat","background-position":"center center","background-size":"auto","background-attachment":"scroll","background-type":"","background-media":"","overlay-type":"","overlay-color":"","overlay-gradient":""},"tablet":{"background-color":"var(--ast-global-color-5)","background-image":"","background-repeat":"repeat","background-position":"center center","background-size":"auto","background-attachment":"scroll","background-type":"","background-media":"","overlay-type":"","overlay-color":"","overlay-gradient":""},"mobile":{"background-color":"var(--ast-global-color-5)","background-image":"","background-repeat":"repeat","background-position":"center center","background-size":"auto","background-attachment":"scroll","background-type":"","background-media":"","overlay-type":"","overlay-color":"","overlay-gradient":""}}},"product_cat":[26],"product_tag":[],"class_list":{"0":"post-2258","1":"product","2":"type-product","3":"status-publish","4":"has-post-thumbnail","6":"product_cat-10-40-5kv-outdoor-intelligent-sf6-load-break-switch","7":"desktop-align-left","8":"tablet-align-left","9":"mobile-align-left","11":"first","12":"instock","13":"shipping-taxable","14":"product-type-simple"},"_links":{"self":[{"href":"https:\/\/www.xminsulation.com\/vi\/wp-json\/wp\/v2\/product\/2258","targetHints":{"allow":["GET"]}}],"collection":[{"href":"https:\/\/www.xminsulation.com\/vi\/wp-json\/wp\/v2\/product"}],"about":[{"href":"https:\/\/www.xminsulation.com\/vi\/wp-json\/wp\/v2\/types\/product"}],"wp:featuredmedia":[{"embeddable":true,"href":"https:\/\/www.xminsulation.com\/vi\/wp-json\/wp\/v2\/media\/2259"}],"wp:attachment":[{"href":"https:\/\/www.xminsulation.com\/vi\/wp-json\/wp\/v2\/media?parent=2258"}],"wp:term":[{"taxonomy":"product_cat","embeddable":true,"href":"https:\/\/www.xminsulation.com\/vi\/wp-json\/wp\/v2\/product_cat?post=2258"},{"taxonomy":"product_tag","embeddable":true,"href":"https:\/\/www.xminsulation.com\/vi\/wp-json\/wp\/v2\/product_tag?post=2258"}],"curies":[{"name":"wp","href":"https:\/\/api.w.org\/{rel}","templated":true}]}}