{"id":2142,"date":"2024-05-17T16:35:03","date_gmt":"2024-05-17T08:35:03","guid":{"rendered":"http:\/\/www.xminsulation.com\/?post_type=product&#038;p=2142"},"modified":"2024-05-17T16:35:03","modified_gmt":"2024-05-17T08:35:03","slug":"gis-gas-tank-core-unit-of-outdoor-ring-main-unit-rmu","status":"publish","type":"product","link":"https:\/\/www.xminsulation.com\/vi\/product\/gis-gas-tank-core-unit-of-outdoor-ring-main-unit-rmu\/","title":{"rendered":"\u0110\u01a1n v\u1ecb l\u00f5i b\u00ecnh ch\u1ee9a kh\u00ed GIS c\u1ee7a \u0111\u01a1n v\u1ecb ch\u00ednh v\u00f2ng ngo\u00e0i tr\u1eddi RMU"},"content":{"rendered":"<p><img fetchpriority=\"high\" decoding=\"async\" class=\"alignnone wp-image-2143 size-full\" src=\"http:\/\/www.xminsulation.com\/wp-content\/uploads\/2024\/05\/\u56fe\u724764-3.png\" alt=\"\" width=\"1000\" height=\"1000\" srcset=\"https:\/\/www.xminsulation.com\/wp-content\/uploads\/2024\/05\/\u56fe\u724764-3.png 1000w, https:\/\/www.xminsulation.com\/wp-content\/uploads\/2024\/05\/\u56fe\u724764-3-300x300.png 300w, https:\/\/www.xminsulation.com\/wp-content\/uploads\/2024\/05\/\u56fe\u724764-3-150x150.png 150w, https:\/\/www.xminsulation.com\/wp-content\/uploads\/2024\/05\/\u56fe\u724764-3-768x768.png 768w, https:\/\/www.xminsulation.com\/wp-content\/uploads\/2024\/05\/\u56fe\u724764-3-600x600.png 600w, https:\/\/www.xminsulation.com\/wp-content\/uploads\/2024\/05\/\u56fe\u724764-3-100x100.png 100w\" sizes=\"(max-width: 1000px) 100vw, 1000px\" \/> <img decoding=\"async\" class=\"alignnone wp-image-2144 size-full\" src=\"http:\/\/www.xminsulation.com\/wp-content\/uploads\/2024\/05\/\u56fe\u724765-3.png\" alt=\"\" width=\"1000\" height=\"999\" srcset=\"https:\/\/www.xminsulation.com\/wp-content\/uploads\/2024\/05\/\u56fe\u724765-3.png 1000w, https:\/\/www.xminsulation.com\/wp-content\/uploads\/2024\/05\/\u56fe\u724765-3-300x300.png 300w, https:\/\/www.xminsulation.com\/wp-content\/uploads\/2024\/05\/\u56fe\u724765-3-150x150.png 150w, https:\/\/www.xminsulation.com\/wp-content\/uploads\/2024\/05\/\u56fe\u724765-3-768x767.png 768w, https:\/\/www.xminsulation.com\/wp-content\/uploads\/2024\/05\/\u56fe\u724765-3-600x599.png 600w, https:\/\/www.xminsulation.com\/wp-content\/uploads\/2024\/05\/\u56fe\u724765-3-100x100.png 100w\" sizes=\"(max-width: 1000px) 100vw, 1000px\" \/> <img decoding=\"async\" class=\"alignnone wp-image-2145 size-full\" src=\"http:\/\/www.xminsulation.com\/wp-content\/uploads\/2024\/05\/\u56fe\u724766-2.png\" alt=\"\" width=\"1000\" height=\"1000\" srcset=\"https:\/\/www.xminsulation.com\/wp-content\/uploads\/2024\/05\/\u56fe\u724766-2.png 1000w, https:\/\/www.xminsulation.com\/wp-content\/uploads\/2024\/05\/\u56fe\u724766-2-300x300.png 300w, https:\/\/www.xminsulation.com\/wp-content\/uploads\/2024\/05\/\u56fe\u724766-2-150x150.png 150w, https:\/\/www.xminsulation.com\/wp-content\/uploads\/2024\/05\/\u56fe\u724766-2-768x768.png 768w, https:\/\/www.xminsulation.com\/wp-content\/uploads\/2024\/05\/\u56fe\u724766-2-600x600.png 600w, https:\/\/www.xminsulation.com\/wp-content\/uploads\/2024\/05\/\u56fe\u724766-2-100x100.png 100w\" sizes=\"(max-width: 1000px) 100vw, 1000px\" \/> <img loading=\"lazy\" decoding=\"async\" class=\"alignnone wp-image-2146 size-full\" src=\"http:\/\/www.xminsulation.com\/wp-content\/uploads\/2024\/05\/\u56fe\u724767-3.png\" alt=\"\" width=\"1000\" height=\"1000\" srcset=\"https:\/\/www.xminsulation.com\/wp-content\/uploads\/2024\/05\/\u56fe\u724767-3.png 1000w, https:\/\/www.xminsulation.com\/wp-content\/uploads\/2024\/05\/\u56fe\u724767-3-300x300.png 300w, https:\/\/www.xminsulation.com\/wp-content\/uploads\/2024\/05\/\u56fe\u724767-3-150x150.png 150w, https:\/\/www.xminsulation.com\/wp-content\/uploads\/2024\/05\/\u56fe\u724767-3-768x768.png 768w, https:\/\/www.xminsulation.com\/wp-content\/uploads\/2024\/05\/\u56fe\u724767-3-600x600.png 600w, https:\/\/www.xminsulation.com\/wp-content\/uploads\/2024\/05\/\u56fe\u724767-3-100x100.png 100w\" sizes=\"(max-width: 1000px) 100vw, 1000px\" \/> <img loading=\"lazy\" decoding=\"async\" class=\"alignnone wp-image-2147 size-full\" src=\"http:\/\/www.xminsulation.com\/wp-content\/uploads\/2024\/05\/\u56fe\u724768-3.png\" alt=\"\" width=\"1000\" height=\"1000\" srcset=\"https:\/\/www.xminsulation.com\/wp-content\/uploads\/2024\/05\/\u56fe\u724768-3.png 1000w, https:\/\/www.xminsulation.com\/wp-content\/uploads\/2024\/05\/\u56fe\u724768-3-300x300.png 300w, https:\/\/www.xminsulation.com\/wp-content\/uploads\/2024\/05\/\u56fe\u724768-3-150x150.png 150w, https:\/\/www.xminsulation.com\/wp-content\/uploads\/2024\/05\/\u56fe\u724768-3-768x768.png 768w, https:\/\/www.xminsulation.com\/wp-content\/uploads\/2024\/05\/\u56fe\u724768-3-600x600.png 600w, https:\/\/www.xminsulation.com\/wp-content\/uploads\/2024\/05\/\u56fe\u724768-3-100x100.png 100w\" sizes=\"(max-width: 1000px) 100vw, 1000px\" \/> <img loading=\"lazy\" decoding=\"async\" class=\"alignnone wp-image-2148 size-full\" src=\"http:\/\/www.xminsulation.com\/wp-content\/uploads\/2024\/05\/\u56fe\u724769-3.png\" alt=\"\" width=\"1000\" height=\"1000\" srcset=\"https:\/\/www.xminsulation.com\/wp-content\/uploads\/2024\/05\/\u56fe\u724769-3.png 1000w, https:\/\/www.xminsulation.com\/wp-content\/uploads\/2024\/05\/\u56fe\u724769-3-300x300.png 300w, https:\/\/www.xminsulation.com\/wp-content\/uploads\/2024\/05\/\u56fe\u724769-3-150x150.png 150w, https:\/\/www.xminsulation.com\/wp-content\/uploads\/2024\/05\/\u56fe\u724769-3-768x768.png 768w, https:\/\/www.xminsulation.com\/wp-content\/uploads\/2024\/05\/\u56fe\u724769-3-600x600.png 600w, https:\/\/www.xminsulation.com\/wp-content\/uploads\/2024\/05\/\u56fe\u724769-3-100x100.png 100w\" sizes=\"(max-width: 1000px) 100vw, 1000px\" \/> <img loading=\"lazy\" decoding=\"async\" class=\"alignnone wp-image-2149 size-full\" src=\"http:\/\/www.xminsulation.com\/wp-content\/uploads\/2024\/05\/\u56fe\u724770-3.png\" alt=\"\" width=\"1000\" height=\"1000\" srcset=\"https:\/\/www.xminsulation.com\/wp-content\/uploads\/2024\/05\/\u56fe\u724770-3.png 1000w, https:\/\/www.xminsulation.com\/wp-content\/uploads\/2024\/05\/\u56fe\u724770-3-300x300.png 300w, https:\/\/www.xminsulation.com\/wp-content\/uploads\/2024\/05\/\u56fe\u724770-3-150x150.png 150w, https:\/\/www.xminsulation.com\/wp-content\/uploads\/2024\/05\/\u56fe\u724770-3-768x768.png 768w, https:\/\/www.xminsulation.com\/wp-content\/uploads\/2024\/05\/\u56fe\u724770-3-600x600.png 600w, https:\/\/www.xminsulation.com\/wp-content\/uploads\/2024\/05\/\u56fe\u724770-3-100x100.png 100w\" sizes=\"(max-width: 1000px) 100vw, 1000px\" \/><\/p>\n<h2><strong><b>B<\/b><\/strong><strong><b>s\u1ef1 h\u1ed1i h\u1eadn <\/b><\/strong><strong><b>T\u00d4I<\/b><\/strong><strong><b>gi\u1edbi thi\u1ec7u<\/b><\/strong><\/h2>\n<p>Ch\u00fang t\u00f4i c\u00f3 th\u1ec3 cung c\u1ea5p h\u1ed9p ch\u00ednh v\u00f2ng ngo\u00e0i tr\u1eddi th\u00f4ng th\u01b0\u1eddng ho\u1eb7c kh\u00f4ng chu\u1ea9n, h\u1ed9p kh\u00ed ho\u00e0n to\u00e0n k\u00edn v\u00e0 ho\u00e0n to\u00e0n c\u00e1ch \u0111i\u1ec7n theo nhu c\u1ea7u c\u1ee5 th\u1ec3 c\u1ee7a kh\u00e1ch h\u00e0ng n\u01b0\u1edbc ngo\u00e0i. C\u00e1c \u0111\u01a1n v\u1ecb ch\u1ee9c n\u0103ng chuy\u1ec3n m\u1ea1ch v\u00e0 thanh c\u00e1i \u0111\u01b0\u1ee3c ni\u00eam phong trong m\u1ed9t b\u1ec3 th\u00e9p kh\u00f4ng g\u1ec9 ho\u00e0n to\u00e0n k\u00edn \u0111\u01b0\u1ee3c h\u00e0n t\u1ef1 \u0111\u1ed9ng b\u1eb1ng r\u00f4 b\u1ed1t. C\u00f4ng t\u1eafc s\u1eed d\u1ee5ng c\u00f4ng t\u1eafc t\u1ea3i li\u00ean k\u1ebft ba pha ho\u1eb7c m\u00e1y c\u1eaft m\u1ea1ch.<\/p>\n<p>Kh\u00e1ch h\u00e0ng c\u00f3 th\u1ec3 t\u1ef1 l\u1eafp \u0111\u1eb7t v\u1ecf t\u1ee7 \u0111i\u1ec7n v\u00e0 c\u00e1c th\u00e0nh ph\u1ea7n ch\u00ednh c\u0169ng nh\u01b0 ph\u1ee5 t\u00f9ng kh\u00e1c \u1edf n\u01b0\u1edbc ngo\u00e0i \u0111\u1ec3 \u0111\u1ea1t \u0111\u01b0\u1ee3c m\u1ee5c ti\u00eau s\u1ea3n xu\u1ea5t n\u1ed9i \u0111\u1ecba h\u00f3a t\u1ea1i c\u00e1c nh\u00e0 m\u00e1y \u1edf n\u01b0\u1edbc ngo\u00e0i.<\/p>\n<p>B\u00ecnh kh\u00ed c\u00f3 th\u1ec3 s\u1eed d\u1ee5ng SF6 l\u00e0m m\u00f4i tr\u01b0\u1eddng d\u1eadp h\u1ed3 quang v\u00e0 m\u00f4i tr\u01b0\u1eddng c\u00e1ch \u0111i\u1ec7n, t\u1ee9c l\u00e0 GIS, ho\u1eb7c nit\u01a1 kh\u00f4ng ch\u1ee9a SF6 ho\u1eb7c kh\u00f4ng kh\u00ed kh\u00f4 \u0111\u00e1p \u1ee9ng c\u00e1c y\u00eau c\u1ea7u b\u1ea3o v\u1ec7 m\u00f4i tr\u01b0\u1eddng m\u1edbi, t\u1ee9c l\u00e0 AIS. B\u00ecnh kh\u00ed c\u00f3 th\u1ec3 \u0111\u01b0\u1ee3c n\u1ea1p SF6 t\u1ea1i Trung Qu\u1ed1c v\u00e0 sau \u0111\u00f3 xu\u1ea5t kh\u1ea9u ra n\u01b0\u1edbc ngo\u00e0i, ho\u1eb7c c\u00f3 th\u1ec3 \u0111\u01b0\u1ee3c kh\u00e1ch h\u00e0ng n\u01b0\u1edbc ngo\u00e0i t\u1ef1 n\u1ea1p kh\u00ed SF6 t\u1ea1i c\u00e1c nh\u00e0 m\u00e1y \u0111\u1ecba ph\u01b0\u01a1ng c\u1ee7a h\u1ecd.<\/p>\n<p>T\u1ee7 m\u1ea1ng v\u00f2ng ngo\u00e0i tr\u1eddi lo\u1ea1i h\u1ed9p 10-40,5kV, c\u00f2n \u0111\u01b0\u1ee3c g\u1ecdi l\u00e0 b\u1ed9 c\u1ea5p ngu\u1ed3n m\u1ea1ng v\u00f2ng. M\u1ed7i t\u1ee7 m\u1ea1ng v\u00f2ng \u0111\u01b0\u1ee3c c\u1ea5u th\u00e0nh t\u1eeb 3 \u0111\u1ebfn 6 c\u00f4ng t\u1eafc trong m\u1ed9t h\u1ed9p t\u1ed5ng c\u1ed9ng. Ph\u01b0\u01a1ng ph\u00e1p \u0111\u1ea5u d\u00e2y linh ho\u1ea1t v\u00e0 \u0111a d\u1ea1ng, c\u00f3 th\u1ec3 \u0111\u00e1p \u1ee9ng nhu c\u1ea7u c\u1ee7a c\u00e1c n\u00fat m\u1ea1ng ph\u00e2n ph\u1ed1i \u0111i\u1ec7n kh\u00e1c nhau.<\/p>\n<p>T\u1ed5ng s\u1ed1 lo\u1ea1i h\u1ed9p c\u00f3 th\u1ec3 l\u00e0 3 h\u1ed9p trong m\u1ed9t h\u1ed9p, 4 h\u1ed9p trong m\u1ed9t h\u1ed9p, 5 h\u1ed9p trong m\u1ed9t h\u1ed9p, 6 h\u1ed9p trong m\u1ed9t h\u1ed9p, v.v. Ph\u01b0\u01a1ng ph\u00e1p k\u1ebft h\u1ee3p c\u00f3 th\u1ec3 \u0111\u01b0\u1ee3c k\u1ebft h\u1ee3p theo y\u00eau c\u1ea7u c\u1ee5 th\u1ec3 c\u1ee7a kh\u00e1ch h\u00e0ng, ch\u1eb3ng h\u1ea1n nh\u01b0 CVC, CCV, CVV, CCC, VVV, CCVV, CCVVV, CCVVVV, v.v. M\u1ee9c \u0111i\u1ec7n \u00e1p t\u1eeb 10kV-40,5kV v\u00e0 d\u00f2ng \u0111i\u1ec7n \u0111\u1ecbnh m\u1ee9c l\u00e0 630A, 1250A, 1650A, 2000A, 2500A, v.v.<\/p>\n<h2><strong><b>T\u00ednh n\u0103ng s\u1ea3n ph\u1ea9m<\/b><\/strong><\/h2>\n<p>Lo\u1ea1i ngo\u00e0i tr\u1eddi, c\u00e1ch \u0111i\u1ec7n ho\u00e0n to\u00e0n, c\u1ea5u tr\u00fac k\u00edn ho\u00e0n to\u00e0n, c\u00f3 th\u1ec3 th\u00edch \u1ee9ng v\u1edbi m\u1ecdi m\u00f4i tr\u01b0\u1eddng kh\u1eafc nghi\u1ec7t. K\u00edch th\u01b0\u1edbc nh\u1ecf, tr\u1ecdng l\u01b0\u1ee3ng nh\u1eb9, c\u1ea5u tr\u00fac nh\u1ecf g\u1ecdn v\u00e0 di\u1ec7n t\u00edch nh\u1ecf. D\u1ec5 l\u1eafp \u0111\u1eb7t, d\u1ec5 v\u1eadn h\u00e0nh, an to\u00e0n, \u0111\u00e1ng tin c\u1eady v\u00e0 kh\u00f4ng c\u1ea7n b\u1ea3o tr\u00ec. C\u00f3 c\u01a1 ch\u1ebf v\u1eadn h\u00e0nh b\u1eb1ng \u0111i\u1ec7n v\u00e0 th\u1ee7 c\u00f4ng, sau khi \u0111\u01b0\u1ee3c trang b\u1ecb FTU c\u00f3 th\u1ec3 t\u1ef1 \u0111\u1ed9ng h\u00f3a ph\u00e2n ph\u1ed1i \u0111i\u1ec7n.<\/p>\n<p>Do k\u00edch th\u01b0\u1edbc nh\u1ecf v\u00e0 ch\u1ec9 s\u1ed1 k\u1ef9 thu\u1eadt cao, n\u00f3 c\u00f3 th\u1ec3 thay th\u1ebf ho\u00e0n to\u00e0n c\u00e1c tr\u1ea1m chuy\u1ec3n m\u1ea1ch th\u00f4ng th\u01b0\u1eddng, do \u0111\u00f3 gi\u1ea3m di\u1ec7n t\u00edch s\u00e0n, r\u00fat ng\u1eafn chi\u1ec1u d\u00e0i c\u00e1p ra, gi\u1ea3m t\u1ed5ng chi ph\u00ed v\u00e0 chi ph\u00ed b\u1ea3o tr\u00ec. Do \u0111\u00f3, n\u00f3 \u0111\u01b0\u1ee3c s\u1eed d\u1ee5ng r\u1ed9ng r\u00e3i trong c\u00e1c khu c\u00f4ng nghi\u1ec7p, \u0111\u01b0\u1eddng ph\u1ed1, khu d\u00e2n c\u01b0 v\u00e0 c\u00e1c trung t\u00e2m th\u01b0\u01a1ng m\u1ea1i s\u1ea7m u\u1ea5t. v.v.<\/p>\n<h2>\u25c6T\u00f9y ch\u1ec9nh \u0111\u1eb7c bi\u1ec7t<\/h2>\n<p>C\u00e1c th\u00f4ng s\u1ed1 tr\u00ean l\u00e0 d\u1eef li\u1ec7u ti\u00eau bi\u1ec3u; n\u1ebfu c\u00e1c ki\u1ec3u d\u00e1ng hi\u1ec7n c\u00f3 kh\u00f4ng \u0111\u00e1p \u1ee9ng \u0111\u01b0\u1ee3c nhu c\u1ea7u c\u1ee5 th\u1ec3 c\u1ee7a b\u1ea1n, vui l\u00f2ng li\u00ean h\u1ec7 v\u1edbi ch\u00fang t\u00f4i \u0111\u1ec3 \u0111\u01b0\u1ee3c thi\u1ebft k\u1ebf ri\u00eang. Ch\u00fang t\u00f4i c\u00f3 k\u1ef9 n\u0103ng s\u1ea3n xu\u1ea5t v\u00e0 ph\u00e1t tri\u1ec3n t\u00f9y ch\u1ec9nh c\u00e1 nh\u00e2n h\u00f3a \u0111\u00e1ng k\u1ec3, cho ph\u00e9p ch\u00fang t\u00f4i cung c\u1ea5p c\u00e1c gi\u1ea3i ph\u00e1p ph\u00f9 h\u1ee3p cho kh\u00e1ch h\u00e0ng tr\u00ean to\u00e0n th\u1ebf gi\u1edbi.<\/p>","protected":false},"excerpt":{"rendered":"<p>Brief Introduction We can provide conventional or non-standard outdoor box-type ring main unit fully enclosed and fully insulated air boxes according to the specific needs of foreign customers. The switching function units\u00a0and busbars\u00a0are sealed in a fully enclosed stainless steel tank\u00a0that is automatically welded by a robot. The switch adopts a three-phase linkage load switch [&hellip;]<\/p>","protected":false},"featured_media":2143,"template":"","meta":{"site-sidebar-layout":"default","site-content-layout":"","ast-site-content-layout":"default","site-content-style":"default","site-sidebar-style":"default","ast-global-header-display":"","ast-banner-title-visibility":"","ast-main-header-display":"","ast-hfb-above-header-display":"","ast-hfb-below-header-display":"","ast-hfb-mobile-header-display":"","site-post-title":"","ast-breadcrumbs-content":"","ast-featured-img":"","footer-sml-layout":"","theme-transparent-header-meta":"default","adv-header-id-meta":"","stick-header-meta":"","header-above-stick-meta":"","header-main-stick-meta":"","header-below-stick-meta":"","astra-migrate-meta-layouts":"set","ast-page-background-enabled":"default","ast-page-background-meta":{"desktop":{"background-color":"","background-image":"","background-repeat":"repeat","background-position":"center center","background-size":"auto","background-attachment":"scroll","background-type":"","background-media":"","overlay-type":"","overlay-color":"","overlay-gradient":""},"tablet":{"background-color":"","background-image":"","background-repeat":"repeat","background-position":"center center","background-size":"auto","background-attachment":"scroll","background-type":"","background-media":"","overlay-type":"","overlay-color":"","overlay-gradient":""},"mobile":{"background-color":"","background-image":"","background-repeat":"repeat","background-position":"center center","background-size":"auto","background-attachment":"scroll","background-type":"","background-media":"","overlay-type":"","overlay-color":"","overlay-gradient":""}},"ast-content-background-meta":{"desktop":{"background-color":"var(--ast-global-color-5)","background-image":"","background-repeat":"repeat","background-position":"center center","background-size":"auto","background-attachment":"scroll","background-type":"","background-media":"","overlay-type":"","overlay-color":"","overlay-gradient":""},"tablet":{"background-color":"var(--ast-global-color-5)","background-image":"","background-repeat":"repeat","background-position":"center center","background-size":"auto","background-attachment":"scroll","background-type":"","background-media":"","overlay-type":"","overlay-color":"","overlay-gradient":""},"mobile":{"background-color":"var(--ast-global-color-5)","background-image":"","background-repeat":"repeat","background-position":"center center","background-size":"auto","background-attachment":"scroll","background-type":"","background-media":"","overlay-type":"","overlay-color":"","overlay-gradient":""}}},"product_cat":[34],"product_tag":[],"class_list":{"0":"post-2142","1":"product","2":"type-product","3":"status-publish","4":"has-post-thumbnail","6":"product_cat-10-40-5kv-sf6-gas-insulated-switchgear-gis-rmu","7":"desktop-align-left","8":"tablet-align-left","9":"mobile-align-left","11":"first","12":"instock","13":"shipping-taxable","14":"product-type-simple"},"_links":{"self":[{"href":"https:\/\/www.xminsulation.com\/vi\/wp-json\/wp\/v2\/product\/2142","targetHints":{"allow":["GET"]}}],"collection":[{"href":"https:\/\/www.xminsulation.com\/vi\/wp-json\/wp\/v2\/product"}],"about":[{"href":"https:\/\/www.xminsulation.com\/vi\/wp-json\/wp\/v2\/types\/product"}],"wp:featuredmedia":[{"embeddable":true,"href":"https:\/\/www.xminsulation.com\/vi\/wp-json\/wp\/v2\/media\/2143"}],"wp:attachment":[{"href":"https:\/\/www.xminsulation.com\/vi\/wp-json\/wp\/v2\/media?parent=2142"}],"wp:term":[{"taxonomy":"product_cat","embeddable":true,"href":"https:\/\/www.xminsulation.com\/vi\/wp-json\/wp\/v2\/product_cat?post=2142"},{"taxonomy":"product_tag","embeddable":true,"href":"https:\/\/www.xminsulation.com\/vi\/wp-json\/wp\/v2\/product_tag?post=2142"}],"curies":[{"name":"wp","href":"https:\/\/api.w.org\/{rel}","templated":true}]}}