{"id":2080,"date":"2024-05-17T09:52:36","date_gmt":"2024-05-17T01:52:36","guid":{"rendered":"http:\/\/www.xminsulation.com\/?post_type=product&#038;p=2080"},"modified":"2024-05-17T09:52:36","modified_gmt":"2024-05-17T01:52:36","slug":"spring-operating-mechanism-circuit-breaker-mechanism","status":"publish","type":"product","link":"https:\/\/www.xminsulation.com\/vi\/product\/spring-operating-mechanism-circuit-breaker-mechanism\/","title":{"rendered":"C\u01a1 ch\u1ebf v\u1eadn h\u00e0nh l\u00f2 xo-C\u01a1 ch\u1ebf ng\u1eaft m\u1ea1ch"},"content":{"rendered":"<p><img fetchpriority=\"high\" decoding=\"async\" class=\"alignnone wp-image-2081 size-full\" src=\"http:\/\/www.xminsulation.com\/wp-content\/uploads\/2024\/05\/\u56fe\u724711-4.png\" alt=\"\" width=\"1000\" height=\"1000\" srcset=\"https:\/\/www.xminsulation.com\/wp-content\/uploads\/2024\/05\/\u56fe\u724711-4.png 1000w, https:\/\/www.xminsulation.com\/wp-content\/uploads\/2024\/05\/\u56fe\u724711-4-300x300.png 300w, https:\/\/www.xminsulation.com\/wp-content\/uploads\/2024\/05\/\u56fe\u724711-4-150x150.png 150w, https:\/\/www.xminsulation.com\/wp-content\/uploads\/2024\/05\/\u56fe\u724711-4-768x768.png 768w, https:\/\/www.xminsulation.com\/wp-content\/uploads\/2024\/05\/\u56fe\u724711-4-600x600.png 600w, https:\/\/www.xminsulation.com\/wp-content\/uploads\/2024\/05\/\u56fe\u724711-4-100x100.png 100w\" sizes=\"(max-width: 1000px) 100vw, 1000px\" \/><\/p>\n<h2><strong><b>Th\u00f4ng tin chung<\/b><\/strong><\/h2>\n<p>C\u01a1 c\u1ea5u l\u00f2 xo tu\u00e2n th\u1ee7 c\u00e1c y\u00eau c\u1ea7u k\u1ef9 thu\u1eadt c\u1ee7a m\u00e1y c\u1eaft m\u1ea1ch AC \u0111i\u1ec7n \u00e1p cao GB1984-2003. C\u00f3 th\u1ec3 th\u00edch \u1ee9ng v\u1edbi c\u00e1c s\u1ea3n ph\u1ea9m d\u00f2ng 12T-\/630T-20 v\u00e0 c\u00e1c s\u1ea3n ph\u1ea9m kh\u00e1c. C\u01a1 c\u1ea5u c\u00f3 ch\u1ee9c n\u0103ng \u0111\u00f3ng l\u1ea1i v\u00e0 c\u00f3 k\u00edch th\u01b0\u1edbc nh\u1ecf. \u0110i\u1ec7n \u00e1p \u0111\u1ecbnh m\u1ee9c: DC220V, 110V, 48V, 24V, g\u00f3c \u0111\u1ea7u ra c\u1ee7a c\u01a1 c\u1ea5u: kho\u1ea3ng 88\u00b0, tu\u1ed5i th\u1ecd c\u01a1 h\u1ecdc: 10.000 l\u1ea7n.<\/p>\n<p><strong><b> <img decoding=\"async\" class=\"alignnone wp-image-2082 size-full\" src=\"http:\/\/www.xminsulation.com\/wp-content\/uploads\/2024\/05\/\u56fe\u724712-4.png\" alt=\"\" width=\"816\" height=\"498\" srcset=\"https:\/\/www.xminsulation.com\/wp-content\/uploads\/2024\/05\/\u56fe\u724712-4.png 816w, https:\/\/www.xminsulation.com\/wp-content\/uploads\/2024\/05\/\u56fe\u724712-4-300x183.png 300w, https:\/\/www.xminsulation.com\/wp-content\/uploads\/2024\/05\/\u56fe\u724712-4-768x469.png 768w, https:\/\/www.xminsulation.com\/wp-content\/uploads\/2024\/05\/\u56fe\u724712-4-600x366.png 600w\" sizes=\"(max-width: 816px) 100vw, 816px\" \/><\/b><\/strong><\/p>\n<h2><strong><b>\u1ed2<\/b><\/strong><strong><b>\u0111ang ho\u1ea1t \u0111\u1ed9ng <\/b><\/strong><strong><b>T\u00d4I<\/b><\/strong><strong><b>h\u01b0\u1edbng d\u1eabn<\/b><\/strong><\/h2>\n<ol>\n<li>Ho\u1ea1t \u0111\u1ed9ng l\u01b0u tr\u1eef n\u0103ng l\u01b0\u1ee3ng:<\/li>\n<\/ol>\n<p>X\u00e1c nh\u1eadn v\u00e0 ki\u1ec3m tra xem s\u1ea3n ph\u1ea9m c\u00f3 b\u1ecb bi\u1ebfn d\u1ea1ng trong qu\u00e1 tr\u00ecnh v\u1eadn chuy\u1ec3n kh\u00f4ng. L\u1eafp v\u00e0 c\u1ed1 \u0111\u1ecbnh c\u01a1 c\u1ea5u tr\u00ean c\u00f4ng t\u1eafc. S\u1eed d\u1ee5ng tay c\u1ea7m v\u1eadn h\u00e0nh \u0111\u1eb7c bi\u1ec7t \u0111\u1ec3 l\u1eafp v\u00e0o ph\u1ea7n d\u01b0\u1edbi b\u00ean ph\u1ea3i c\u1ee7a c\u01a1 c\u1ea5u. Xoay theo chi\u1ec1u kim \u0111\u1ed3ng h\u1ed3 (ho\u1eb7c c\u1ea5p \u0111i\u1ec7n cho \u0111\u1ed9ng c\u01a1 b\u1eb1ng \u0111i\u1ec7n) cho \u0111\u1ebfn khi nghe th\u1ea5y ti\u1ebfng \u201ct\u00e1ch\u201d \u0111\u1ec3 ho\u00e0n t\u1ea5t h\u00e0nh \u0111\u1ed9ng l\u01b0u tr\u1eef n\u0103ng l\u01b0\u1ee3ng.<\/p>\n<ol start=\"2\">\n<li>Ho\u1ea1t \u0111\u1ed9ng \u0111\u00f3ng:<\/li>\n<\/ol>\n<p>Nh\u1ea5n n\u00fat m\u00e0u xanh l\u00e1 c\u00e2y, m\u1ea1ch ch\u00ednh c\u1ee7a c\u00f4ng t\u1eafc ng\u1eaft m\u1ea1ch \u0111\u01b0\u1ee3c \u0111\u00f3ng l\u1ea1i d\u01b0\u1edbi t\u00e1c \u0111\u1ed9ng c\u1ee7a l\u1ef1c l\u00f2 xo c\u1ee7a c\u01a1 c\u1ea5u. Ho\u1eb7c trong qu\u00e1 tr\u00ecnh v\u1eadn h\u00e0nh b\u1eb1ng \u0111i\u1ec7n, cu\u1ed9n d\u00e2y \u0111\u00f3ng \u0111\u01b0\u1ee3c c\u1ea5p \u0111i\u1ec7n \u0111\u1ec3 ho\u00e0n th\u00e0nh thao t\u00e1c \u0111\u00f3ng v\u00e0 l\u00f2 xo m\u1edf \u0111\u01b0\u1ee3c t\u00edch \u0111i\u1ec7n c\u00f9ng l\u00fac. L\u00fac n\u00e0y, n\u0103ng l\u01b0\u1ee3ng c\u00f3 th\u1ec3 \u0111\u01b0\u1ee3c l\u01b0u tr\u1eef l\u1ea1i nh\u01b0ng kh\u00f4ng th\u1ec3 th\u1ef1c hi\u1ec7n thao t\u00e1c \u0111\u00f3ng (c\u00f3 li\u00ean \u0111\u1ed9ng).<\/p>\n<ol start=\"3\">\n<li>Ho\u1ea1t \u0111\u1ed9ng m\u1edf \u0111\u1ea7u:<\/li>\n<\/ol>\n<p>Nh\u1ea5n n\u00fat m\u00e0u \u0111\u1ecf, m\u1ea1ch ch\u00ednh c\u1ee7a c\u00f4ng t\u1eafc ng\u1eaft m\u1ea1ch m\u1edf ra d\u01b0\u1edbi t\u00e1c \u0111\u1ed9ng c\u1ee7a l\u1ef1c l\u00f2 xo c\u1ee7a c\u01a1 c\u1ea5u. Ho\u1eb7c trong qu\u00e1 tr\u00ecnh v\u1eadn h\u00e0nh b\u1eb1ng \u0111i\u1ec7n, c\u01a1 c\u1ea5u c\u1ea5p \u0111i\u1ec7n cho cu\u1ed9n d\u00e2y m\u1edf \u0111\u01b0\u1ee3c s\u1eed d\u1ee5ng \u0111\u1ec3 ho\u00e0n t\u1ea5t thao t\u00e1c ph\u00e2n t\u00edch.<\/p>\n<h2><strong><b>K\u00edch th\u01b0\u1edbc s\u1ea3n ph\u1ea9m<\/b><\/strong><\/h2>\n<p><img decoding=\"async\" class=\"alignnone wp-image-2083 size-full\" src=\"http:\/\/www.xminsulation.com\/wp-content\/uploads\/2024\/05\/\u56fe\u724713-4.png\" alt=\"\" width=\"1200\" height=\"1200\" srcset=\"https:\/\/www.xminsulation.com\/wp-content\/uploads\/2024\/05\/\u56fe\u724713-4.png 1200w, https:\/\/www.xminsulation.com\/wp-content\/uploads\/2024\/05\/\u56fe\u724713-4-300x300.png 300w, https:\/\/www.xminsulation.com\/wp-content\/uploads\/2024\/05\/\u56fe\u724713-4-1024x1024.png 1024w, https:\/\/www.xminsulation.com\/wp-content\/uploads\/2024\/05\/\u56fe\u724713-4-150x150.png 150w, https:\/\/www.xminsulation.com\/wp-content\/uploads\/2024\/05\/\u56fe\u724713-4-768x768.png 768w, https:\/\/www.xminsulation.com\/wp-content\/uploads\/2024\/05\/\u56fe\u724713-4-600x600.png 600w, https:\/\/www.xminsulation.com\/wp-content\/uploads\/2024\/05\/\u56fe\u724713-4-100x100.png 100w\" sizes=\"(max-width: 1200px) 100vw, 1200px\" \/><\/p>\n<h2>\u25c6T\u00f9y ch\u1ec9nh \u0111\u1eb7c bi\u1ec7t<\/h2>\n<p>C\u00e1c th\u00f4ng s\u1ed1 tr\u00ean l\u00e0 d\u1eef li\u1ec7u ti\u00eau bi\u1ec3u; n\u1ebfu c\u00e1c ki\u1ec3u d\u00e1ng hi\u1ec7n c\u00f3 kh\u00f4ng \u0111\u00e1p \u1ee9ng \u0111\u01b0\u1ee3c nhu c\u1ea7u c\u1ee5 th\u1ec3 c\u1ee7a b\u1ea1n, vui l\u00f2ng li\u00ean h\u1ec7 v\u1edbi ch\u00fang t\u00f4i \u0111\u1ec3 \u0111\u01b0\u1ee3c thi\u1ebft k\u1ebf ri\u00eang. Ch\u00fang t\u00f4i c\u00f3 k\u1ef9 n\u0103ng s\u1ea3n xu\u1ea5t v\u00e0 ph\u00e1t tri\u1ec3n t\u00f9y ch\u1ec9nh c\u00e1 nh\u00e2n h\u00f3a \u0111\u00e1ng k\u1ec3, cho ph\u00e9p ch\u00fang t\u00f4i cung c\u1ea5p c\u00e1c gi\u1ea3i ph\u00e1p ph\u00f9 h\u1ee3p cho kh\u00e1ch h\u00e0ng tr\u00ean to\u00e0n th\u1ebf gi\u1edbi.<\/p>\n<p>&nbsp;<\/p>\n<p>&nbsp;<\/p>","protected":false},"excerpt":{"rendered":"<p>General Information The spring mechanism complies with the technical requirements of GB1984-2003 high-voltage AC circuit breakers. Can be adapted to 12T-\/630T-20 and other series products. The mechanism has a reclosing function and is small in size. Rated voltage: DC220V, 110V, 48V, 24V, mechanism output angle: about 88\u00b0, mechanical life: 10,000 times. Operating Instructions Energy storage [&hellip;]<\/p>","protected":false},"featured_media":2081,"template":"","meta":{"site-sidebar-layout":"default","site-content-layout":"","ast-site-content-layout":"default","site-content-style":"default","site-sidebar-style":"default","ast-global-header-display":"","ast-banner-title-visibility":"","ast-main-header-display":"","ast-hfb-above-header-display":"","ast-hfb-below-header-display":"","ast-hfb-mobile-header-display":"","site-post-title":"","ast-breadcrumbs-content":"","ast-featured-img":"","footer-sml-layout":"","theme-transparent-header-meta":"default","adv-header-id-meta":"","stick-header-meta":"","header-above-stick-meta":"","header-main-stick-meta":"","header-below-stick-meta":"","astra-migrate-meta-layouts":"set","ast-page-background-enabled":"default","ast-page-background-meta":{"desktop":{"background-color":"","background-image":"","background-repeat":"repeat","background-position":"center center","background-size":"auto","background-attachment":"scroll","background-type":"","background-media":"","overlay-type":"","overlay-color":"","overlay-gradient":""},"tablet":{"background-color":"","background-image":"","background-repeat":"repeat","background-position":"center center","background-size":"auto","background-attachment":"scroll","background-type":"","background-media":"","overlay-type":"","overlay-color":"","overlay-gradient":""},"mobile":{"background-color":"","background-image":"","background-repeat":"repeat","background-position":"center center","background-size":"auto","background-attachment":"scroll","background-type":"","background-media":"","overlay-type":"","overlay-color":"","overlay-gradient":""}},"ast-content-background-meta":{"desktop":{"background-color":"var(--ast-global-color-5)","background-image":"","background-repeat":"repeat","background-position":"center center","background-size":"auto","background-attachment":"scroll","background-type":"","background-media":"","overlay-type":"","overlay-color":"","overlay-gradient":""},"tablet":{"background-color":"var(--ast-global-color-5)","background-image":"","background-repeat":"repeat","background-position":"center center","background-size":"auto","background-attachment":"scroll","background-type":"","background-media":"","overlay-type":"","overlay-color":"","overlay-gradient":""},"mobile":{"background-color":"var(--ast-global-color-5)","background-image":"","background-repeat":"repeat","background-position":"center center","background-size":"auto","background-attachment":"scroll","background-type":"","background-media":"","overlay-type":"","overlay-color":"","overlay-gradient":""}}},"product_cat":[39],"product_tag":[],"class_list":{"0":"post-2080","1":"product","2":"type-product","3":"status-publish","4":"has-post-thumbnail","6":"product_cat-operating-mechanism","7":"desktop-align-left","8":"tablet-align-left","9":"mobile-align-left","11":"first","12":"instock","13":"shipping-taxable","14":"product-type-simple"},"_links":{"self":[{"href":"https:\/\/www.xminsulation.com\/vi\/wp-json\/wp\/v2\/product\/2080","targetHints":{"allow":["GET"]}}],"collection":[{"href":"https:\/\/www.xminsulation.com\/vi\/wp-json\/wp\/v2\/product"}],"about":[{"href":"https:\/\/www.xminsulation.com\/vi\/wp-json\/wp\/v2\/types\/product"}],"wp:featuredmedia":[{"embeddable":true,"href":"https:\/\/www.xminsulation.com\/vi\/wp-json\/wp\/v2\/media\/2081"}],"wp:attachment":[{"href":"https:\/\/www.xminsulation.com\/vi\/wp-json\/wp\/v2\/media?parent=2080"}],"wp:term":[{"taxonomy":"product_cat","embeddable":true,"href":"https:\/\/www.xminsulation.com\/vi\/wp-json\/wp\/v2\/product_cat?post=2080"},{"taxonomy":"product_tag","embeddable":true,"href":"https:\/\/www.xminsulation.com\/vi\/wp-json\/wp\/v2\/product_tag?post=2080"}],"curies":[{"name":"wp","href":"https:\/\/api.w.org\/{rel}","templated":true}]}}