{"id":2074,"date":"2024-05-17T09:49:31","date_gmt":"2024-05-17T01:49:31","guid":{"rendered":"http:\/\/www.xminsulation.com\/?post_type=product&#038;p=2074"},"modified":"2024-05-17T09:49:31","modified_gmt":"2024-05-17T01:49:31","slug":"spring-operating-mechanism-load-switch-mechanism-inlet-mechanism","status":"publish","type":"product","link":"https:\/\/www.xminsulation.com\/vi\/product\/spring-operating-mechanism-load-switch-mechanism-inlet-mechanism\/","title":{"rendered":"C\u01a1 ch\u1ebf v\u1eadn h\u00e0nh l\u00f2 xo - C\u01a1 ch\u1ebf chuy\u1ec3n m\u1ea1ch t\u1ea3i (C\u01a1 ch\u1ebf \u0111\u1ea7u v\u00e0o)"},"content":{"rendered":"<p><img fetchpriority=\"high\" decoding=\"async\" class=\"alignnone wp-image-2076 size-full\" src=\"http:\/\/www.xminsulation.com\/wp-content\/uploads\/2024\/05\/\u56fe\u72477-5.png\" alt=\"\" width=\"1000\" height=\"1000\" srcset=\"https:\/\/www.xminsulation.com\/wp-content\/uploads\/2024\/05\/\u56fe\u72477-5.png 1000w, https:\/\/www.xminsulation.com\/wp-content\/uploads\/2024\/05\/\u56fe\u72477-5-300x300.png 300w, https:\/\/www.xminsulation.com\/wp-content\/uploads\/2024\/05\/\u56fe\u72477-5-150x150.png 150w, https:\/\/www.xminsulation.com\/wp-content\/uploads\/2024\/05\/\u56fe\u72477-5-768x768.png 768w, https:\/\/www.xminsulation.com\/wp-content\/uploads\/2024\/05\/\u56fe\u72477-5-600x600.png 600w, https:\/\/www.xminsulation.com\/wp-content\/uploads\/2024\/05\/\u56fe\u72477-5-100x100.png 100w\" sizes=\"(max-width: 1000px) 100vw, 1000px\" \/> <img decoding=\"async\" class=\"alignnone wp-image-2077 size-full\" src=\"http:\/\/www.xminsulation.com\/wp-content\/uploads\/2024\/05\/\u56fe\u72478-4.png\" alt=\"\" width=\"1000\" height=\"1000\" srcset=\"https:\/\/www.xminsulation.com\/wp-content\/uploads\/2024\/05\/\u56fe\u72478-4.png 1000w, https:\/\/www.xminsulation.com\/wp-content\/uploads\/2024\/05\/\u56fe\u72478-4-300x300.png 300w, https:\/\/www.xminsulation.com\/wp-content\/uploads\/2024\/05\/\u56fe\u72478-4-150x150.png 150w, https:\/\/www.xminsulation.com\/wp-content\/uploads\/2024\/05\/\u56fe\u72478-4-768x768.png 768w, https:\/\/www.xminsulation.com\/wp-content\/uploads\/2024\/05\/\u56fe\u72478-4-600x600.png 600w, https:\/\/www.xminsulation.com\/wp-content\/uploads\/2024\/05\/\u56fe\u72478-4-100x100.png 100w\" sizes=\"(max-width: 1000px) 100vw, 1000px\" \/><\/p>\n<h2><strong><b>Th\u00f4ng tin chung<\/b><\/strong><\/h2>\n<p>C\u01a1 c\u1ea5u v\u1eadn h\u00e0nh l\u00f2 xo lo\u1ea1i C ph\u00f9 h\u1ee3p v\u1edbi thi\u1ebft b\u1ecb chuy\u1ec3n m\u1ea1ch t\u1ea3i \u0111i\u1ec7n \u00e1p trung b\u00ecnh v\u00e0 cao trong nh\u00e0 v\u00e0 ngo\u00e0i tr\u1eddi. D\u00f2ng c\u01a1 c\u1ea5u n\u00e0y s\u1eed d\u1ee5ng l\u00f2 xo cu\u1ed9n ph\u1eb3ng \u0111\u1ec3 \u0111i\u1ec1u khi\u1ec3n ho\u1ea1t \u0111\u1ed9ng c\u1ee7a c\u00f4ng t\u1eafc t\u1ea3i v\u00e0 ho\u1ea1t \u0111\u1ed9ng n\u1ed1i \u0111\u1ea5t s\u1eed d\u1ee5ng l\u00f2 xo n\u00e9n \u0111\u1ec3 \u0111i\u1ec1u khi\u1ec3n t\u00e2m. C\u00f3 ba v\u1ecb tr\u00ed l\u00e0m vi\u1ec7c: \u0111\u00f3ng, m\u1edf v\u00e0 n\u1ed1i \u0111\u1ea5t. N\u1ed1i \u0111\u1ea5t v\u00e0 \u0111\u00f3ng \u0111\u01b0\u1ee3c trang b\u1ecb kh\u00f3a li\u00ean \u0111\u1ed9ng c\u01a1 h\u1ecdc \u0111\u1ec3 ng\u0103n ng\u1eeba ho\u1ea1t \u0111\u1ed9ng sai. S\u1ea3n ph\u1ea9m n\u00e0y c\u00f3 \u0111\u1eb7c \u0111i\u1ec3m l\u00e0 k\u00edch th\u01b0\u1edbc v\u1eeba ph\u1ea3i, d\u1ec5 l\u1eafp \u0111\u1eb7t v\u00e0 s\u1eed d\u1ee5ng, kh\u1ea3 n\u0103ng th\u00edch \u1ee9ng m\u1ea1nh.<\/p>\n<p>C\u01a1 ch\u1ebf n\u00e0y tu\u00e2n th\u1ee7 c\u00e1c y\u00eau c\u1ea7u li\u00ean quan c\u1ee7a GB3804-2004 \u201cC\u00f4ng t\u1eafc tu\u00e2n th\u1ee7 AC \u0111i\u1ec7n \u00e1p cao 3,6~40,5kV\u201d v\u00e0 GB16926-2009 \u201cThi\u1ebft b\u1ecb \u0111i\u1ec7n k\u1ebft h\u1ee3p c\u00f4ng t\u1eafc-c\u1ea7u ch\u00ec tu\u00e2n th\u1ee7 AC \u0111i\u1ec7n \u00e1p cao\u201d.<\/p>\n<p><img decoding=\"async\" class=\"aligncenter wp-image-2078 size-full\" src=\"http:\/\/www.xminsulation.com\/wp-content\/uploads\/2024\/05\/\u56fe\u72479-4.png\" alt=\"\" width=\"816\" height=\"542\" srcset=\"https:\/\/www.xminsulation.com\/wp-content\/uploads\/2024\/05\/\u56fe\u72479-4.png 816w, https:\/\/www.xminsulation.com\/wp-content\/uploads\/2024\/05\/\u56fe\u72479-4-300x199.png 300w, https:\/\/www.xminsulation.com\/wp-content\/uploads\/2024\/05\/\u56fe\u72479-4-768x510.png 768w, https:\/\/www.xminsulation.com\/wp-content\/uploads\/2024\/05\/\u56fe\u72479-4-600x399.png 600w\" sizes=\"(max-width: 816px) 100vw, 816px\" \/><\/p>\n<h2><strong><b>\u1ed2<\/b><\/strong><strong><b>\u0111ang ho\u1ea1t \u0111\u1ed9ng <\/b><\/strong><strong><b>T\u00d4I<\/b><\/strong><strong><b>h\u01b0\u1edbng d\u1eabn<\/b><\/strong><\/h2>\n<ol>\n<li>Ho\u1ea1t \u0111\u1ed9ng \u0111\u00f3ng:<\/li>\n<\/ol>\n<p>C\u01a1 c\u1ea5u l\u01b0u tr\u1eef n\u0103ng l\u01b0\u1ee3ng; l\u1eafp v\u00e0 c\u1ed1 \u0111\u1ecbnh c\u01a1 c\u1ea5u tr\u00ean th\u00e2n m\u00e1y, s\u1eed d\u1ee5ng tay c\u1ea7m v\u1eadn h\u00e0nh \u0111\u1eb7c bi\u1ec7t, l\u1eafp v\u00e0o ph\u1ea7n tr\u00ean c\u1ee7a c\u01a1 c\u1ea5u (tr\u1ee5c v\u1eadn h\u00e0nh \u0111\u00f3ng), xoay theo chi\u1ec1u kim \u0111\u1ed3ng h\u1ed3 kho\u1ea3ng 90\u00b0, th\u00e2n m\u00e1y s\u1ebd \u0111\u00f3ng m\u1ea1ch ch\u00ednh d\u01b0\u1edbi t\u00e1c \u0111\u1ed9ng c\u1ee7a l\u1ef1c l\u00f2 xo c\u1ee7a c\u01a1 c\u1ea5u. Ho\u1eb7c b\u1eb1ng c\u00e1ch v\u1eadn h\u00e0nh \u0111i\u1ec7n, nh\u1ea5n n\u00fat \u0111\u00f3ng v\u00e0 \u0111\u1ed9ng c\u01a1 \u0111\u01b0\u1ee3c c\u1ea5p \u0111i\u1ec7n \u0111\u1ec3 d\u1eabn \u0111\u1ed9ng c\u01a1 ho\u00e0n th\u00e0nh thao t\u00e1c \u0111\u00f3ng c\u00f4ng t\u1eafc.<\/p>\n<ol start=\"2\">\n<li>Ho\u1ea1t \u0111\u1ed9ng m\u1edf \u0111\u1ea7u:<\/li>\n<\/ol>\n<p>Tay c\u1ea7m v\u1eadn h\u00e0nh \u0111\u01b0\u1ee3c l\u1eafp v\u00e0o ph\u1ea7n tr\u00ean c\u1ee7a c\u01a1 c\u1ea5u (tr\u1ee5c v\u1eadn h\u00e0nh \u0111\u00f3ng) v\u00e0 quay ng\u01b0\u1ee3c chi\u1ec1u kim \u0111\u1ed3ng h\u1ed3 kho\u1ea3ng 90\u00b0. M\u1ea1ch ch\u00ednh m\u1edf ra d\u01b0\u1edbi t\u00e1c \u0111\u1ed9ng c\u1ee7a l\u1ef1c l\u00f2 xo c\u1ee7a c\u01a1 c\u1ea5u. Ho\u1eb7c b\u1eb1ng c\u00e1ch v\u1eadn h\u00e0nh \u0111i\u1ec7n, nh\u1ea5n n\u00fat m\u1edf v\u00e0 \u0111\u1ed9ng c\u01a1 \u0111\u01b0\u1ee3c c\u1ea5p \u0111i\u1ec7n \u0111\u1ec3 d\u1eabn \u0111\u1ed9ng c\u01a1 c\u1ea5u ho\u00e0n t\u1ea5t thao t\u00e1c m\u1edf c\u00f4ng t\u1eafc.<\/p>\n<ol start=\"3\">\n<li>Ho\u1ea1t \u0111\u1ed9ng \u0111\u00f3ng \u0111\u1ea5t:<\/li>\n<\/ol>\n<p>L\u1eafp tay c\u1ea7m v\u1eadn h\u00e0nh v\u00e0o ph\u1ea7n d\u01b0\u1edbi c\u1ee7a c\u01a1 c\u1ea5u (tr\u1ee5c v\u1eadn h\u00e0nh n\u1ed1i \u0111\u1ea5t), xoay theo chi\u1ec1u kim \u0111\u1ed3ng h\u1ed3 kho\u1ea3ng 90\u00b0, th\u00e2n m\u00e1y s\u1ebd \u0111\u00f3ng m\u1ea1ch n\u1ed1i \u0111\u1ea5t d\u01b0\u1edbi t\u00e1c \u0111\u1ed9ng c\u1ee7a l\u1ef1c l\u00f2 xo c\u1ee7a c\u01a1 c\u1ea5u.<\/p>\n<ol start=\"4\">\n<li>Ho\u1ea1t \u0111\u1ed9ng m\u1edf \u0111\u1ea5t:<\/li>\n<\/ol>\n<p>\u0110\u01b0a tay c\u1ea7m v\u1eadn h\u00e0nh v\u00e0o ph\u1ea7n d\u01b0\u1edbi c\u1ee7a c\u01a1 c\u1ea5u (tr\u1ee5c v\u1eadn h\u00e0nh n\u1ed1i \u0111\u1ea5t), xoay ng\u01b0\u1ee3c chi\u1ec1u kim \u0111\u1ed3ng h\u1ed3 kho\u1ea3ng 90\u00b0, th\u00e2n m\u00e1y s\u1ebd m\u1edf m\u1ea1ch n\u1ed1i \u0111\u1ea5t d\u01b0\u1edbi t\u00e1c \u0111\u1ed9ng c\u1ee7a l\u1ef1c l\u00f2 xo c\u1ee7a c\u01a1 c\u1ea5u.<\/p>\n<h2><strong><b>K\u00edch th\u01b0\u1edbc s\u1ea3n ph\u1ea9m<\/b><\/strong><\/h2>\n<p><img loading=\"lazy\" decoding=\"async\" class=\"alignnone wp-image-2079 size-large\" src=\"http:\/\/www.xminsulation.com\/wp-content\/uploads\/2024\/05\/\u56fe\u724710-4-1024x1024.png\" alt=\"\" width=\"1024\" height=\"1024\" srcset=\"https:\/\/www.xminsulation.com\/wp-content\/uploads\/2024\/05\/\u56fe\u724710-4-1024x1024.png 1024w, https:\/\/www.xminsulation.com\/wp-content\/uploads\/2024\/05\/\u56fe\u724710-4-300x300.png 300w, https:\/\/www.xminsulation.com\/wp-content\/uploads\/2024\/05\/\u56fe\u724710-4-150x150.png 150w, https:\/\/www.xminsulation.com\/wp-content\/uploads\/2024\/05\/\u56fe\u724710-4-768x768.png 768w, https:\/\/www.xminsulation.com\/wp-content\/uploads\/2024\/05\/\u56fe\u724710-4-1536x1536.png 1536w, https:\/\/www.xminsulation.com\/wp-content\/uploads\/2024\/05\/\u56fe\u724710-4-2048x2048.png 2048w, https:\/\/www.xminsulation.com\/wp-content\/uploads\/2024\/05\/\u56fe\u724710-4-600x600.png 600w, https:\/\/www.xminsulation.com\/wp-content\/uploads\/2024\/05\/\u56fe\u724710-4-100x100.png 100w\" sizes=\"(max-width: 1024px) 100vw, 1024px\" \/><\/p>\n<h2>\u25c6T\u00f9y ch\u1ec9nh \u0111\u1eb7c bi\u1ec7t<\/h2>\n<p>C\u00e1c th\u00f4ng s\u1ed1 tr\u00ean l\u00e0 d\u1eef li\u1ec7u ti\u00eau bi\u1ec3u; n\u1ebfu c\u00e1c ki\u1ec3u d\u00e1ng hi\u1ec7n c\u00f3 kh\u00f4ng \u0111\u00e1p \u1ee9ng \u0111\u01b0\u1ee3c nhu c\u1ea7u c\u1ee5 th\u1ec3 c\u1ee7a b\u1ea1n, vui l\u00f2ng li\u00ean h\u1ec7 v\u1edbi ch\u00fang t\u00f4i \u0111\u1ec3 \u0111\u01b0\u1ee3c thi\u1ebft k\u1ebf ri\u00eang. Ch\u00fang t\u00f4i c\u00f3 k\u1ef9 n\u0103ng s\u1ea3n xu\u1ea5t v\u00e0 ph\u00e1t tri\u1ec3n t\u00f9y ch\u1ec9nh c\u00e1 nh\u00e2n h\u00f3a \u0111\u00e1ng k\u1ec3, cho ph\u00e9p ch\u00fang t\u00f4i cung c\u1ea5p c\u00e1c gi\u1ea3i ph\u00e1p ph\u00f9 h\u1ee3p cho kh\u00e1ch h\u00e0ng tr\u00ean to\u00e0n th\u1ebf gi\u1edbi.<\/p>\n<p>&nbsp;<\/p>","protected":false},"excerpt":{"rendered":"<p>General Information The C-type spring operating mechanism is suitable for indoor and outdoor medium and high-voltage load switch equipment. This series of mechanisms uses a flat scroll spring to control the operation of the load switch, and the grounding operation uses a compression spring to control the center. There are three working positions: closing, opening [&hellip;]<\/p>","protected":false},"featured_media":2075,"template":"","meta":{"site-sidebar-layout":"default","site-content-layout":"","ast-site-content-layout":"default","site-content-style":"default","site-sidebar-style":"default","ast-global-header-display":"","ast-banner-title-visibility":"","ast-main-header-display":"","ast-hfb-above-header-display":"","ast-hfb-below-header-display":"","ast-hfb-mobile-header-display":"","site-post-title":"","ast-breadcrumbs-content":"","ast-featured-img":"","footer-sml-layout":"","theme-transparent-header-meta":"default","adv-header-id-meta":"","stick-header-meta":"","header-above-stick-meta":"","header-main-stick-meta":"","header-below-stick-meta":"","astra-migrate-meta-layouts":"set","ast-page-background-enabled":"default","ast-page-background-meta":{"desktop":{"background-color":"","background-image":"","background-repeat":"repeat","background-position":"center center","background-size":"auto","background-attachment":"scroll","background-type":"","background-media":"","overlay-type":"","overlay-color":"","overlay-gradient":""},"tablet":{"background-color":"","background-image":"","background-repeat":"repeat","background-position":"center center","background-size":"auto","background-attachment":"scroll","background-type":"","background-media":"","overlay-type":"","overlay-color":"","overlay-gradient":""},"mobile":{"background-color":"","background-image":"","background-repeat":"repeat","background-position":"center center","background-size":"auto","background-attachment":"scroll","background-type":"","background-media":"","overlay-type":"","overlay-color":"","overlay-gradient":""}},"ast-content-background-meta":{"desktop":{"background-color":"var(--ast-global-color-5)","background-image":"","background-repeat":"repeat","background-position":"center center","background-size":"auto","background-attachment":"scroll","background-type":"","background-media":"","overlay-type":"","overlay-color":"","overlay-gradient":""},"tablet":{"background-color":"var(--ast-global-color-5)","background-image":"","background-repeat":"repeat","background-position":"center center","background-size":"auto","background-attachment":"scroll","background-type":"","background-media":"","overlay-type":"","overlay-color":"","overlay-gradient":""},"mobile":{"background-color":"var(--ast-global-color-5)","background-image":"","background-repeat":"repeat","background-position":"center center","background-size":"auto","background-attachment":"scroll","background-type":"","background-media":"","overlay-type":"","overlay-color":"","overlay-gradient":""}}},"product_cat":[39],"product_tag":[],"class_list":{"0":"post-2074","1":"product","2":"type-product","3":"status-publish","4":"has-post-thumbnail","6":"product_cat-operating-mechanism","7":"desktop-align-left","8":"tablet-align-left","9":"mobile-align-left","11":"first","12":"instock","13":"shipping-taxable","14":"product-type-simple"},"_links":{"self":[{"href":"https:\/\/www.xminsulation.com\/vi\/wp-json\/wp\/v2\/product\/2074","targetHints":{"allow":["GET"]}}],"collection":[{"href":"https:\/\/www.xminsulation.com\/vi\/wp-json\/wp\/v2\/product"}],"about":[{"href":"https:\/\/www.xminsulation.com\/vi\/wp-json\/wp\/v2\/types\/product"}],"wp:featuredmedia":[{"embeddable":true,"href":"https:\/\/www.xminsulation.com\/vi\/wp-json\/wp\/v2\/media\/2075"}],"wp:attachment":[{"href":"https:\/\/www.xminsulation.com\/vi\/wp-json\/wp\/v2\/media?parent=2074"}],"wp:term":[{"taxonomy":"product_cat","embeddable":true,"href":"https:\/\/www.xminsulation.com\/vi\/wp-json\/wp\/v2\/product_cat?post=2074"},{"taxonomy":"product_tag","embeddable":true,"href":"https:\/\/www.xminsulation.com\/vi\/wp-json\/wp\/v2\/product_tag?post=2074"}],"curies":[{"name":"wp","href":"https:\/\/api.w.org\/{rel}","templated":true}]}}