{"id":2067,"date":"2024-05-17T09:45:30","date_gmt":"2024-05-17T01:45:30","guid":{"rendered":"http:\/\/www.xminsulation.com\/?post_type=product&#038;p=2067"},"modified":"2024-05-23T21:53:26","modified_gmt":"2024-05-23T13:53:26","slug":"permanent-magnet-mechanism-magnetic-actuator","status":"publish","type":"product","link":"https:\/\/www.xminsulation.com\/vi\/product\/permanent-magnet-mechanism-magnetic-actuator\/","title":{"rendered":"C\u01a1 ch\u1ebf nam ch\u00e2m v\u0129nh c\u1eedu B\u1ed9 truy\u1ec1n \u0111\u1ed9ng t\u1eeb"},"content":{"rendered":"<p><img fetchpriority=\"high\" decoding=\"async\" class=\"alignnone wp-image-2068 size-full\" src=\"http:\/\/www.xminsulation.com\/wp-content\/uploads\/2024\/05\/\u56fe\u72471-3.png\" alt=\"\" width=\"1000\" height=\"1000\" srcset=\"https:\/\/www.xminsulation.com\/wp-content\/uploads\/2024\/05\/\u56fe\u72471-3.png 1000w, https:\/\/www.xminsulation.com\/wp-content\/uploads\/2024\/05\/\u56fe\u72471-3-300x300.png 300w, https:\/\/www.xminsulation.com\/wp-content\/uploads\/2024\/05\/\u56fe\u72471-3-150x150.png 150w, https:\/\/www.xminsulation.com\/wp-content\/uploads\/2024\/05\/\u56fe\u72471-3-768x768.png 768w, https:\/\/www.xminsulation.com\/wp-content\/uploads\/2024\/05\/\u56fe\u72471-3-600x600.png 600w, https:\/\/www.xminsulation.com\/wp-content\/uploads\/2024\/05\/\u56fe\u72471-3-100x100.png 100w\" sizes=\"(max-width: 1000px) 100vw, 1000px\" \/> <img decoding=\"async\" class=\"alignnone wp-image-2069 size-full\" src=\"http:\/\/www.xminsulation.com\/wp-content\/uploads\/2024\/05\/\u56fe\u72472-5.png\" alt=\"\" width=\"1000\" height=\"1000\" srcset=\"https:\/\/www.xminsulation.com\/wp-content\/uploads\/2024\/05\/\u56fe\u72472-5.png 1000w, https:\/\/www.xminsulation.com\/wp-content\/uploads\/2024\/05\/\u56fe\u72472-5-300x300.png 300w, https:\/\/www.xminsulation.com\/wp-content\/uploads\/2024\/05\/\u56fe\u72472-5-150x150.png 150w, https:\/\/www.xminsulation.com\/wp-content\/uploads\/2024\/05\/\u56fe\u72472-5-768x768.png 768w, https:\/\/www.xminsulation.com\/wp-content\/uploads\/2024\/05\/\u56fe\u72472-5-600x600.png 600w, https:\/\/www.xminsulation.com\/wp-content\/uploads\/2024\/05\/\u56fe\u72472-5-100x100.png 100w\" sizes=\"(max-width: 1000px) 100vw, 1000px\" \/> <img decoding=\"async\" class=\"alignnone wp-image-2070 size-full\" src=\"http:\/\/www.xminsulation.com\/wp-content\/uploads\/2024\/05\/\u56fe\u72473-4.png\" alt=\"\" width=\"1000\" height=\"1000\" srcset=\"https:\/\/www.xminsulation.com\/wp-content\/uploads\/2024\/05\/\u56fe\u72473-4.png 1000w, https:\/\/www.xminsulation.com\/wp-content\/uploads\/2024\/05\/\u56fe\u72473-4-300x300.png 300w, https:\/\/www.xminsulation.com\/wp-content\/uploads\/2024\/05\/\u56fe\u72473-4-150x150.png 150w, https:\/\/www.xminsulation.com\/wp-content\/uploads\/2024\/05\/\u56fe\u72473-4-768x768.png 768w, https:\/\/www.xminsulation.com\/wp-content\/uploads\/2024\/05\/\u56fe\u72473-4-600x600.png 600w, https:\/\/www.xminsulation.com\/wp-content\/uploads\/2024\/05\/\u56fe\u72473-4-100x100.png 100w\" sizes=\"(max-width: 1000px) 100vw, 1000px\" \/><\/p>\n<h2><strong><b>Th\u00f4ng tin chung<\/b><\/strong><\/h2>\n<p>C\u01a1 c\u1ea5u nam ch\u00e2m v\u0129nh c\u1eedu \u0111\u01a1n \u1ed5n l\u00e0 b\u1eadc th\u1ea7y v\u1ec1 v\u1eadt li\u1ec7u kim lo\u1ea1i, c\u01a1 h\u1ecdc v\u00e0 nghi\u00ean c\u1ee9u \u1ee9ng d\u1ee5ng c\u00f4ng ngh\u1ec7 \u0111i\u1ec7n t\u1eeb. L\u00f5i bao g\u1ed3m l\u00f5i t\u1eeb, cu\u1ed9n d\u00e2y k\u00edch th\u00edch, l\u00f2 xo ch\u1ee9c n\u0103ng v\u00e0 c\u00e1c b\u1ed9 ph\u1eadn kh\u00e1c. N\u00f3 c\u00f3 k\u00edch th\u01b0\u1edbc nh\u1ecf v\u00e0 m\u1ee9c ti\u00eau th\u1ee5 \u0111i\u1ec7n n\u0103ng th\u1ea5p (kh\u00f4ng t\u1ed1t b\u1eb1ng c\u00e1c s\u1ea3n ph\u1ea9m th\u00f4ng th\u01b0\u1eddng). 1\/4), v\u1edbi c\u1ea5u tr\u00fac \u0111\u01a1n gi\u1ea3n, t\u1ed1c \u0111\u1ed9 ph\u1ea3n h\u1ed3i nhanh v\u00e0 kh\u00f4ng c\u00f3 th\u00f4ng s\u1ed1 tr\u00f4i (k\u1ef9 thu\u1eadt s\u1ed1), \u0111\u00e2y l\u00e0 c\u00f4ng ngh\u1ec7 chip \u0111i\u1ec1u khi\u1ec3n c\u00f4ng t\u1eafc ng\u1eaft m\u1ea1ch \u0111i\u1ec7n \u00e1p trung b\u00ecnh t\u1ed1t nh\u1ea5t!<\/p>\n<p>V\u1eadt li\u1ec7u l\u00f5i \u0111\u01b0\u1ee3c n\u1ea5u ch\u1ea3y, r\u00e8n v\u00e0 x\u1eed l\u00fd ch\u00ednh x\u00e1c b\u1eb1ng nhi\u1ec1u c\u00f4ng th\u1ee9c kh\u00e1c nhau nh\u01b0 s\u1eaft Fe, coban Co, mangan Mo v\u00e0 c\u00e1c quy tr\u00ecnh \u0111\u1eb7c bi\u1ec7t kh\u00e1c \u0111\u1ec3 \u0111\u1ea1t \u0111\u01b0\u1ee3c \u0111\u1ed9 kh\u00f4ng \u0111\u1ed3ng \u0111\u1ec1u t\u1ed1t nh\u1ea5t c\u00f3 th\u1ec3 c\u1ee7a v\u1eadt li\u1ec7u v\u00e0 l\u00e0m n\u1ed5i b\u1eadt c\u00e1c \u0111\u1eb7c t\u00ednh b\u1ed9 nh\u1edb t\u1eeb t\u00ednh c\u00f3 \u0111\u1ed9 trung th\u1ef1c cao \u0111\u1ed9c \u0111\u00e1o c\u1ee7a n\u00f3.<\/p>\n<h2><strong><b>T\u00ednh n\u0103ng s\u1ea3n ph\u1ea9m<\/b><\/strong><\/h2>\n<ol>\n<li>Kh\u1ea3 n\u0103ng ng\u1eaft m\u1ea1nh, an to\u00e0n v\u00e0 \u0111\u00e1ng tin c\u1eady. Gi\u00e1 tr\u1ecb l\u1ef1c c\u1ee7a c\u01a1 c\u1ea5u l\u00e0 &gt;3500N. Gi\u00e1 tr\u1ecb l\u1ef1c ph\u00f9 h\u1ee3p v\u1edbi c\u01a1 c\u1ea5u ng\u1eaft m\u1ea1ch nhanh t\u1ed1t nh\u1ea5t. \u0110\u01b0\u1ee3c trang b\u1ecb bu\u1ed3ng d\u1eadp h\u1ed3 quang th\u00f4ng th\u01b0\u1eddng v\u00e0 c\u00f3 kh\u1ea3 n\u0103ng ng\u1eaft m\u1ea1nh.<\/li>\n<li>H\u00e0nh \u0111\u1ed9ng nhanh. Th\u1eddi gian m\u1edf th\u00e2n c\u00f4ng t\u1eafc l\u00e0 &lt;5ms, \u0111\u1ed9 ph\u00e2n t\u00e1n th\u1eddi gian \u0111\u00f3ng v\u00e0 m\u1edf l\u00e0 &lt;1ms v\u00e0 h\u1ed7 tr\u1ee3 b\u1ea3o v\u1ec7 l\u1ed7i c\u1ef1c \u0111\u1ea1i nhi\u1ec1u giai \u0111o\u1ea1n tr\u00ean to\u00e0n b\u1ed9 \u0111\u01b0\u1eddng d\u00e2y.<\/li>\n<li>Ti\u00eau th\u1ee5 \u0111i\u1ec7n n\u0103ng c\u1ef1c th\u1ea5p. D\u00f2ng \u0111i\u1ec7n \u0111\u00f3ng &lt;20A, d\u00f2ng \u0111i\u1ec7n m\u1edf &lt;1A, dung l\u01b0\u1ee3ng l\u01b0u tr\u1eef n\u0103ng l\u01b0\u1ee3ng nh\u1ecf, nh\u1ecf h\u01a1n 30% c\u1ee7a c\u00e1c s\u1ea3n ph\u1ea9m truy\u1ec1n th\u1ed1ng, k\u00edch th\u01b0\u1edbc nh\u1ecf v\u00e0 tr\u1ecdng l\u01b0\u1ee3ng nh\u1eb9.<\/li>\n<li>Nh\u1eb9 v\u00e0 \u0111\u01a1n gi\u1ea3n. C\u00f3 c\u1ea5u tr\u00fac \u0111\u01a1n gi\u1ea3n, \u00edt b\u1ed9 ph\u1eadn, nh\u1eb9, \u0111\u00e1ng tin c\u1eady v\u00e0 \u1ed5n \u0111\u1ecbnh.<\/li>\n<li>Ho\u1ea1t \u0111\u1ed9ng \u1edf nhi\u1ec7t \u0111\u1ed9 c\u1ef1c r\u1ed9ng. V\u1eadt li\u1ec7u h\u1ee3p kim t\u1eeb b\u00e1n c\u1ee9ng c\u00f3 th\u1ec3 \u0111\u1ea3o ng\u01b0\u1ee3c m\u1edbi \u0111\u00e3 n\u00e2ng nhi\u1ec7t \u0111\u1ed9 kh\u1eed t\u1eeb c\u1ee7a c\u00e1c s\u1ea3n ph\u1ea9m truy\u1ec1n th\u1ed1ng t\u1eeb 100\u00b0C l\u00ean h\u01a1n 300\u00b0C v\u00e0 th\u1eddi gian kh\u1eed t\u1eeb m\u1ea5t t\u1eeb d\u00e0i h\u1ea1n nh\u1ecf h\u01a1n 5%.<\/li>\n<li>Kh\u1ea3 n\u0103ng ch\u1ed1ng m\u00e0i m\u00f2n c\u1ef1c t\u1ed1t. C\u00e1c b\u1ed9 ph\u1eadn t\u1eeb t\u00ednh \u0111\u01b0\u1ee3c thi\u1ebft k\u1ebf v\u00e0 ch\u1ebf t\u1ea1o b\u1eb1ng v\u1eadt li\u1ec7u h\u1ee3p kim t\u00edch h\u1ee3p, c\u00f3 \u0111\u1ed9 c\u1ee9ng t\u1ed5ng th\u1ec3 cao v\u00e0 kh\u1ea3 n\u0103ng ch\u1ed1ng m\u00e0i m\u00f2n m\u1ea1nh.<\/li>\n<\/ol>\n<h2><strong><b>C\u1ea5u tr\u00fac s\u1ea3n ph\u1ea9m<\/b><\/strong><\/h2>\n<p>C\u01a1 c\u1ea5u nam ch\u00e2m v\u0129nh c\u1eedu bao g\u1ed3m m\u1ed9t l\u00f5i s\u1eaft chuy\u1ec3n \u0111\u1ed9ng, m\u1ed9t l\u00f5i s\u1eaft c\u1ed1 \u0111\u1ecbnh, m\u1ed9t nam ch\u00e2m v\u0129nh c\u1eedu, m\u1ed9t cu\u1ed9n d\u00e2y, m\u1ed9t tr\u1ee5c truy\u1ec1n \u0111\u1ed9ng v\u00e0 m\u1ed9t t\u1ea5m nh\u00f4m c\u1ed1 \u0111\u1ecbnh.<\/p>\n<p><img loading=\"lazy\" decoding=\"async\" class=\"alignnone wp-image-2071 size-full\" src=\"http:\/\/www.xminsulation.com\/wp-content\/uploads\/2024\/05\/\u56fe\u72474-4.png\" alt=\"\" width=\"743\" height=\"673\" srcset=\"https:\/\/www.xminsulation.com\/wp-content\/uploads\/2024\/05\/\u56fe\u72474-4.png 743w, https:\/\/www.xminsulation.com\/wp-content\/uploads\/2024\/05\/\u56fe\u72474-4-300x272.png 300w, https:\/\/www.xminsulation.com\/wp-content\/uploads\/2024\/05\/\u56fe\u72474-4-600x543.png 600w\" sizes=\"(max-width: 743px) 100vw, 743px\" \/><\/p>\n<h2><strong><b>T<\/b><\/strong><strong><b>c\u00f4ng vi\u1ec7c <\/b><\/strong><strong><b>P<\/b><\/strong><strong><b>nguy\u00ean l\u00fd<\/b><\/strong><\/h2>\n<p>Khi \u0111\u00f3ng, ngu\u1ed3n \u0111i\u1ec7n l\u01b0u tr\u1eef n\u0103ng l\u01b0\u1ee3ng \u0111\u1ea7u ti\u00ean s\u1ebd s\u1ea1c t\u1ee5 \u0111i\u1ec7n l\u01b0u tr\u1eef n\u0103ng l\u01b0\u1ee3ng. Ho\u1ea1t \u0111\u1ed9ng \u0111\u00f3ng ch\u1ec9 c\u00f3 th\u1ec3 \u0111\u01b0\u1ee3c th\u1ef1c hi\u1ec7n khi \u0111i\u1ec7n \u00e1p c\u1ee7a t\u1ee5 \u0111i\u1ec7n l\u01b0u tr\u1eef n\u0103ng l\u01b0\u1ee3ng l\u1edbn h\u01a1n 90%. Khi \u0111\u00f3ng, m\u1ea1ch ngo\u00e0i c\u1ee7a b\u1ed9 \u0111i\u1ec1u khi\u1ec3n cung c\u1ea5p d\u00f2ng \u0111i\u1ec7n d\u1eabn \u0111\u1ed9ng cho cu\u1ed9n d\u00e2y v\u00e0 l\u01b0u tr\u1eef n\u0103ng l\u01b0\u1ee3ng \u0111\u01b0\u1ee3c l\u01b0u tr\u1eef trong t\u1ee5 \u0111i\u1ec7n. N\u0103ng l\u01b0\u1ee3ng \u0111i\u1ec7n \u0111\u1ed5 v\u00e0o cu\u1ed9n d\u00e2y nam ch\u00e2m v\u0129nh c\u1eedu theo h\u01b0\u1edbng v\u1ec1 ph\u00eda tr\u01b0\u1edbc v\u00e0 l\u00f5i s\u1eaft chuy\u1ec3n \u0111\u1ed9ng di chuy\u1ec3n theo h\u01b0\u1edbng \u0111\u00f3ng d\u01b0\u1edbi t\u00e1c \u0111\u1ed9ng c\u1ee7a l\u1ef1c \u0111i\u1ec7n t\u1eeb cho \u0111\u1ebfn khi \u0111\u1ea1t \u0111\u1ebfn v\u1ecb tr\u00ed \u0111\u00f3ng ho\u00e0n to\u00e0n. L\u00fac n\u00e0y, m\u1ea1ch t\u1eeb nam ch\u00e2m v\u0129nh c\u1eedu \u0111\u00f3ng l\u1ea1i v\u00e0 l\u00f5i s\u1eaft chuy\u1ec3n \u0111\u1ed9ng b\u1ecb h\u00fat ho\u00e0n to\u00e0n, \u0111\u00f3ng vai tr\u00f2 \u0111\u00f3ng v\u00e0 duy tr\u00ec hi\u1ec7u \u1ee9ng.<\/p>\n<p>Khi c\u1ed5ng m\u1edf, b\u1ed9 \u0111i\u1ec1u khi\u1ec3n s\u1ebd \u0111\u1ed5 ng\u01b0\u1ee3c n\u0103ng l\u01b0\u1ee3ng \u0111i\u1ec7n \u0111\u01b0\u1ee3c l\u01b0u tr\u1eef trong t\u1ee5 \u0111i\u1ec7n v\u00e0o cu\u1ed9n d\u00e2y nam ch\u00e2m v\u0129nh c\u1eedu. T\u1eeb tr\u01b0\u1eddng ng\u01b0\u1ee3c do cu\u1ed9n d\u00e2y t\u1ea1o ra s\u1ebd b\u00f9 tr\u1eeb cho t\u1eeb tr\u01b0\u1eddng c\u1ee7a nam ch\u00e2m v\u0129nh c\u1eedu. L\u1ef1c gi\u1eef nh\u1ecf h\u01a1n l\u1ef1c c\u1ee7a l\u00f2 xo di chuy\u1ec3n qu\u00e1 m\u1ee9c. D\u01b0\u1edbi t\u00e1c \u0111\u1ed9ng c\u1ee7a l\u00f2 xo m\u1edf, l\u00f5i s\u1eaft chuy\u1ec3n \u0111\u1ed9ng \u0111\u01b0\u1ee3c t\u00e1ch ra kh\u1ecfi th\u00e2n ch\u00ednh c\u1ee7a c\u01a1 c\u1ea5u v\u00e0 l\u00f5i s\u1eaft chuy\u1ec3n \u0111\u1ed9ng s\u1ebd d\u1eabn \u0111\u1ed9ng tr\u1ee5c truy\u1ec1n \u0111\u1ed9ng \u0111\u1ec3 gi\u1eef cho m\u00e1y c\u1eaft \u1edf v\u1ecb tr\u00ed m\u1edf.<\/p>\n<p><img loading=\"lazy\" decoding=\"async\" class=\"alignnone wp-image-2072 size-full\" src=\"http:\/\/www.xminsulation.com\/wp-content\/uploads\/2024\/05\/\u56fe\u72475-5.png\" alt=\"\" width=\"818\" height=\"274\" srcset=\"https:\/\/www.xminsulation.com\/wp-content\/uploads\/2024\/05\/\u56fe\u72475-5.png 818w, https:\/\/www.xminsulation.com\/wp-content\/uploads\/2024\/05\/\u56fe\u72475-5-300x100.png 300w, https:\/\/www.xminsulation.com\/wp-content\/uploads\/2024\/05\/\u56fe\u72475-5-768x257.png 768w, https:\/\/www.xminsulation.com\/wp-content\/uploads\/2024\/05\/\u56fe\u72475-5-600x201.png 600w\" sizes=\"(max-width: 818px) 100vw, 818px\" \/><\/p>\n<h2><strong><b>K\u00edch th\u01b0\u1edbc s\u1ea3n ph\u1ea9m<\/b><\/strong><\/h2>\n<p><img loading=\"lazy\" decoding=\"async\" class=\"alignnone wp-image-2073 size-full\" src=\"http:\/\/www.xminsulation.com\/wp-content\/uploads\/2024\/05\/\u56fe\u72476-4.png\" alt=\"\" width=\"905\" height=\"745\" srcset=\"https:\/\/www.xminsulation.com\/wp-content\/uploads\/2024\/05\/\u56fe\u72476-4.png 905w, https:\/\/www.xminsulation.com\/wp-content\/uploads\/2024\/05\/\u56fe\u72476-4-300x247.png 300w, https:\/\/www.xminsulation.com\/wp-content\/uploads\/2024\/05\/\u56fe\u72476-4-768x632.png 768w, https:\/\/www.xminsulation.com\/wp-content\/uploads\/2024\/05\/\u56fe\u72476-4-600x494.png 600w\" sizes=\"(max-width: 905px) 100vw, 905px\" \/><\/p>\n<h2><strong><b>H\u01b0\u1edbng d\u1eabn \u0111\u1eb7t h\u00e0ng<\/b><\/strong><\/h2>\n<ol>\n<li>H\u00e3y ch\u1eafc ch\u1eafn r\u1eb1ng c\u01a1 ch\u1ebf n\u00e0y l\u00e0 \u0111\u01a1n \u1ed5n \u0111\u1ecbnh ho\u1eb7c l\u01b0\u1ee1ng \u1ed5n \u0111\u1ecbnh.<\/li>\n<li>H\u00e3y \u0111\u1ea3m b\u1ea3o r\u1eb1ng c\u01a1 ch\u1ebf n\u00e0y c\u00f3 h\u00ecnh vu\u00f4ng, tr\u00f2n ho\u1eb7c n\u1eeda vu\u00f4ng v\u00e0 n\u1eeda tr\u00f2n.<\/li>\n<li>Vui l\u00f2ng x\u00e1c nh\u1eadn xem \u0111i\u1ec7n \u00e1p ho\u1ea1t \u0111\u1ed9ng c\u1ee7a c\u01a1 ch\u1ebf n\u00e0y c\u00f3 ph\u1ea3i l\u00e0 DC220V kh\u00f4ng.<\/li>\n<li>Vui l\u00f2ng x\u00e1c nh\u1eadn l\u1ecbch tr\u00ecnh c\u1ee7a t\u1ed5 ch\u1ee9c.<\/li>\n<\/ol>\n<h2>\u25c6T\u00f9y ch\u1ec9nh \u0111\u1eb7c bi\u1ec7t<\/h2>\n<p>C\u00e1c th\u00f4ng s\u1ed1 tr\u00ean l\u00e0 d\u1eef li\u1ec7u ti\u00eau bi\u1ec3u; n\u1ebfu c\u00e1c ki\u1ec3u d\u00e1ng hi\u1ec7n c\u00f3 kh\u00f4ng \u0111\u00e1p \u1ee9ng \u0111\u01b0\u1ee3c nhu c\u1ea7u c\u1ee5 th\u1ec3 c\u1ee7a b\u1ea1n, vui l\u00f2ng li\u00ean h\u1ec7 v\u1edbi ch\u00fang t\u00f4i \u0111\u1ec3 \u0111\u01b0\u1ee3c thi\u1ebft k\u1ebf ri\u00eang. Ch\u00fang t\u00f4i c\u00f3 k\u1ef9 n\u0103ng s\u1ea3n xu\u1ea5t v\u00e0 ph\u00e1t tri\u1ec3n t\u00f9y ch\u1ec9nh c\u00e1 nh\u00e2n h\u00f3a \u0111\u00e1ng k\u1ec3, cho ph\u00e9p ch\u00fang t\u00f4i cung c\u1ea5p c\u00e1c gi\u1ea3i ph\u00e1p ph\u00f9 h\u1ee3p cho kh\u00e1ch h\u00e0ng tr\u00ean to\u00e0n th\u1ebf gi\u1edbi.<\/p>","protected":false},"excerpt":{"rendered":"<p>General Information The monostable permanent magnet mechanism is a master of metal materials, mechanics, and power electromagnetic technology application research. The core includes a magnetic core, an excitation coil, a functional spring, and other parts. It has small size and low power consumption (not as good as conventional products). 1\/4), with simple structure, fast response [&hellip;]<\/p>","protected":false},"featured_media":2068,"template":"","meta":{"site-sidebar-layout":"default","site-content-layout":"","ast-site-content-layout":"default","site-content-style":"default","site-sidebar-style":"default","ast-global-header-display":"","ast-banner-title-visibility":"","ast-main-header-display":"","ast-hfb-above-header-display":"","ast-hfb-below-header-display":"","ast-hfb-mobile-header-display":"","site-post-title":"","ast-breadcrumbs-content":"","ast-featured-img":"","footer-sml-layout":"","theme-transparent-header-meta":"default","adv-header-id-meta":"","stick-header-meta":"","header-above-stick-meta":"","header-main-stick-meta":"","header-below-stick-meta":"","astra-migrate-meta-layouts":"set","ast-page-background-enabled":"default","ast-page-background-meta":{"desktop":{"background-color":"","background-image":"","background-repeat":"repeat","background-position":"center center","background-size":"auto","background-attachment":"scroll","background-type":"","background-media":"","overlay-type":"","overlay-color":"","overlay-gradient":""},"tablet":{"background-color":"","background-image":"","background-repeat":"repeat","background-position":"center center","background-size":"auto","background-attachment":"scroll","background-type":"","background-media":"","overlay-type":"","overlay-color":"","overlay-gradient":""},"mobile":{"background-color":"","background-image":"","background-repeat":"repeat","background-position":"center center","background-size":"auto","background-attachment":"scroll","background-type":"","background-media":"","overlay-type":"","overlay-color":"","overlay-gradient":""}},"ast-content-background-meta":{"desktop":{"background-color":"var(--ast-global-color-5)","background-image":"","background-repeat":"repeat","background-position":"center center","background-size":"auto","background-attachment":"scroll","background-type":"","background-media":"","overlay-type":"","overlay-color":"","overlay-gradient":""},"tablet":{"background-color":"var(--ast-global-color-5)","background-image":"","background-repeat":"repeat","background-position":"center center","background-size":"auto","background-attachment":"scroll","background-type":"","background-media":"","overlay-type":"","overlay-color":"","overlay-gradient":""},"mobile":{"background-color":"var(--ast-global-color-5)","background-image":"","background-repeat":"repeat","background-position":"center center","background-size":"auto","background-attachment":"scroll","background-type":"","background-media":"","overlay-type":"","overlay-color":"","overlay-gradient":""}}},"product_cat":[39],"product_tag":[],"class_list":{"0":"post-2067","1":"product","2":"type-product","3":"status-publish","4":"has-post-thumbnail","6":"product_cat-operating-mechanism","7":"desktop-align-left","8":"tablet-align-left","9":"mobile-align-left","11":"first","12":"instock","13":"shipping-taxable","14":"product-type-simple"},"_links":{"self":[{"href":"https:\/\/www.xminsulation.com\/vi\/wp-json\/wp\/v2\/product\/2067","targetHints":{"allow":["GET"]}}],"collection":[{"href":"https:\/\/www.xminsulation.com\/vi\/wp-json\/wp\/v2\/product"}],"about":[{"href":"https:\/\/www.xminsulation.com\/vi\/wp-json\/wp\/v2\/types\/product"}],"wp:featuredmedia":[{"embeddable":true,"href":"https:\/\/www.xminsulation.com\/vi\/wp-json\/wp\/v2\/media\/2068"}],"wp:attachment":[{"href":"https:\/\/www.xminsulation.com\/vi\/wp-json\/wp\/v2\/media?parent=2067"}],"wp:term":[{"taxonomy":"product_cat","embeddable":true,"href":"https:\/\/www.xminsulation.com\/vi\/wp-json\/wp\/v2\/product_cat?post=2067"},{"taxonomy":"product_tag","embeddable":true,"href":"https:\/\/www.xminsulation.com\/vi\/wp-json\/wp\/v2\/product_tag?post=2067"}],"curies":[{"name":"wp","href":"https:\/\/api.w.org\/{rel}","templated":true}]}}