{"id":1799,"date":"2024-05-11T20:57:53","date_gmt":"2024-05-11T12:57:53","guid":{"rendered":"http:\/\/www.xminsulation.com\/?post_type=product&#038;p=1799"},"modified":"2024-05-15T15:45:01","modified_gmt":"2024-05-15T07:45:01","slug":"32-15-6kv-outdoor-pole-mounted-vacuum-auto-recloser-2","status":"publish","type":"product","link":"https:\/\/www.xminsulation.com\/vi\/product\/32-15-6kv-outdoor-pole-mounted-vacuum-auto-recloser-2\/","title":{"rendered":"M\u00e1y \u0111\u00f3ng l\u1ea1i ch\u00e2n kh\u00f4ng t\u1ef1 \u0111\u1ed9ng l\u1eafp ngo\u00e0i tr\u1eddi 32-15,6kV"},"content":{"rendered":"<p><img fetchpriority=\"high\" decoding=\"async\" class=\"wp-image-1802 size-full aligncenter\" src=\"http:\/\/www.xminsulation.com\/wp-content\/uploads\/2024\/05\/\u56fe\u72471.jpg\" alt=\"\" width=\"1000\" height=\"560\" srcset=\"https:\/\/www.xminsulation.com\/wp-content\/uploads\/2024\/05\/\u56fe\u72471.jpg 1000w, https:\/\/www.xminsulation.com\/wp-content\/uploads\/2024\/05\/\u56fe\u72471-300x168.jpg 300w, https:\/\/www.xminsulation.com\/wp-content\/uploads\/2024\/05\/\u56fe\u72471-768x430.jpg 768w, https:\/\/www.xminsulation.com\/wp-content\/uploads\/2024\/05\/\u56fe\u72471-600x336.jpg 600w\" sizes=\"(max-width: 1000px) 100vw, 1000px\" \/> <img decoding=\"async\" class=\"wp-image-1803 size-full aligncenter\" src=\"http:\/\/www.xminsulation.com\/wp-content\/uploads\/2024\/05\/\u56fe\u72472-3.jpg\" alt=\"\" width=\"1000\" height=\"1000\" srcset=\"https:\/\/www.xminsulation.com\/wp-content\/uploads\/2024\/05\/\u56fe\u72472-3.jpg 1000w, https:\/\/www.xminsulation.com\/wp-content\/uploads\/2024\/05\/\u56fe\u72472-3-300x300.jpg 300w, https:\/\/www.xminsulation.com\/wp-content\/uploads\/2024\/05\/\u56fe\u72472-3-150x150.jpg 150w, https:\/\/www.xminsulation.com\/wp-content\/uploads\/2024\/05\/\u56fe\u72472-3-768x768.jpg 768w, https:\/\/www.xminsulation.com\/wp-content\/uploads\/2024\/05\/\u56fe\u72472-3-600x600.jpg 600w, https:\/\/www.xminsulation.com\/wp-content\/uploads\/2024\/05\/\u56fe\u72472-3-100x100.jpg 100w\" sizes=\"(max-width: 1000px) 100vw, 1000px\" \/> <img decoding=\"async\" class=\"wp-image-1804 size-full aligncenter\" src=\"http:\/\/www.xminsulation.com\/wp-content\/uploads\/2024\/05\/\u56fe\u72473.jpg\" alt=\"\" width=\"1000\" height=\"1023\" srcset=\"https:\/\/www.xminsulation.com\/wp-content\/uploads\/2024\/05\/\u56fe\u72473.jpg 1000w, https:\/\/www.xminsulation.com\/wp-content\/uploads\/2024\/05\/\u56fe\u72473-293x300.jpg 293w, https:\/\/www.xminsulation.com\/wp-content\/uploads\/2024\/05\/\u56fe\u72473-768x786.jpg 768w, https:\/\/www.xminsulation.com\/wp-content\/uploads\/2024\/05\/\u56fe\u72473-600x614.jpg 600w\" sizes=\"(max-width: 1000px) 100vw, 1000px\" \/><\/p>\n<h2><strong><b>P<\/b><\/strong><strong><b>s\u1ea3n ph\u1ea9m <\/b><\/strong><strong><b>D<\/b><\/strong><strong><b>s\u1ef1 m\u00f4 t\u1ea3<\/b><\/strong><\/h2>\n<p>M\u00e1y c\u1eaft ch\u00e2n kh\u00f4ng AC \u0111i\u1ec7n \u00e1p cao ngo\u00e0i tr\u1eddi t\u1ef1 \u0111\u1ed9ng \u0111\u00f3ng l\u1ea1i ZW32 series (sau \u0111\u00e2y g\u1ecdi l\u00e0 \u201cm\u00e1y c\u1eaft\u201d) l\u00e0 thi\u1ebft b\u1ecb \u0111\u00f3ng c\u1eaft \u0111i\u1ec7n \u00e1p cao ngo\u00e0i tr\u1eddi ba pha AC 50Hz\/60Hz. N\u00f3 ch\u1ee7 y\u1ebfu \u0111\u01b0\u1ee3c s\u1eed d\u1ee5ng trong c\u00e1c h\u1ec7 th\u1ed1ng ph\u00e2n ph\u1ed1i \u0111i\u1ec7n ngo\u00e0i tr\u1eddi 10-35kV c\u1ee7a l\u01b0\u1edbi \u0111i\u1ec7n n\u00f4ng th\u00f4n v\u00e0 l\u01b0\u1edbi \u0111i\u1ec7n \u0111\u00f4 th\u1ecb. , k\u1ebft h\u1ee3p v\u1edbi d\u00f2ng \u0111i\u1ec7n t\u1ea3i, d\u00f2ng \u0111i\u1ec7n qu\u00e1 t\u1ea3i v\u00e0 d\u00f2ng \u0111i\u1ec7n ng\u1eafn m\u1ea1ch, v\u00e0 c\u0169ng c\u00f3 th\u1ec3 \u0111\u01b0\u1ee3c s\u1eed d\u1ee5ng \u1edf nh\u1eefng n\u01a1i t\u01b0\u01a1ng t\u1ef1 kh\u00e1c. M\u00e1y c\u1eaft ch\u00e2n kh\u00f4ng AC \u0111i\u1ec7n \u00e1p cao ngo\u00e0i tr\u1eddi series ZW32 tu\u00e2n th\u1ee7 c\u00e1c ti\u00eau chu\u1ea9n nh\u01b0 GB 1984 \u201cM\u00e1y c\u1eaft m\u1ea1ch \u0111i\u1ec7n \u00e1p cao AC\u201d v\u00e0 \u1ee6y ban k\u1ef9 thu\u1eadt \u0111i\u1ec7n qu\u1ed1c t\u1ebf IEC 60056 \u201cM\u00e1y c\u1eaft m\u1ea1ch \u0111i\u1ec7n \u00e1p cao AC\u201d.<\/p>\n<h2><strong><b>C\u1ea5u tr\u00fac <\/b><\/strong><strong><b>F<\/b><\/strong><strong><b>c\u1ea5u t\u1ea1o c\u1ee7a ZW32 <\/b><\/strong><strong><b>R<\/b><\/strong><strong><b>g\u1ea7n h\u01a1n<\/b><\/strong><\/h2>\n<ol>\n<li>M\u00e1y \u0111\u00f3ng l\u1ea1i s\u1eed d\u1ee5ng c\u1ea5u tr\u00fac tr\u1ee5 ba pha, c\u00f3 \u0111\u1eb7c \u0111i\u1ec3m l\u00e0 hi\u1ec7u su\u1ea5t c\u1eaft \u1ed5n \u0111\u1ecbnh v\u00e0 \u0111\u00e1ng tin c\u1eady, kh\u00f4ng c\u00f3 nguy c\u01a1 ch\u00e1y n\u1ed5, kh\u00f4ng c\u1ea7n b\u1ea3o tr\u00ec, k\u00edch th\u01b0\u1edbc nh\u1ecf, tr\u1ecdng l\u01b0\u1ee3ng nh\u1eb9 v\u00e0 tu\u1ed5i th\u1ecd cao.<\/li>\n<li>Recloser s\u1eed d\u1ee5ng c\u1ea5u tr\u00fac ho\u00e0n to\u00e0n kh\u00e9p k\u00edn v\u1edbi hi\u1ec7u su\u1ea5t b\u1ecbt k\u00edn t\u1ed1t, gi\u00fap c\u1ea3i thi\u1ec7n hi\u1ec7u su\u1ea5t ch\u1ed1ng \u1ea9m v\u00e0 ch\u1ed1ng ng\u01b0ng t\u1ee5. \u0110\u1eb7c bi\u1ec7t th\u00edch h\u1ee3p \u0111\u1ec3 s\u1eed d\u1ee5ng \u1edf nh\u1eefng n\u01a1i l\u1ea1nh ho\u1eb7c \u1ea9m \u01b0\u1edbt.<\/li>\n<li>C\u00e1c tr\u1ee5 ba pha v\u00e0 m\u00e1y bi\u1ebfn d\u00f2ng \u0111\u01b0\u1ee3c l\u00e0m b\u1eb1ng v\u1eadt li\u1ec7u c\u00e1ch \u0111i\u1ec7n r\u1eafn b\u1eb1ng nh\u1ef1a epoxy ngo\u00e0i tr\u1eddi v\u00e0 \u0111\u01b0\u1ee3c b\u1ecdc b\u1eb1ng gel silica silicon; ch\u00fang c\u00f3 kh\u1ea3 n\u0103ng ch\u1ecbu \u0111\u01b0\u1ee3c nhi\u1ec7t \u0111\u1ed9 cao v\u00e0 th\u1ea5p, tia c\u1ef1c t\u00edm v\u00e0 l\u00e3o h\u00f3a.<\/li>\n<li>C\u01a1 c\u1ea5u v\u1eadn h\u00e0nh s\u1eed d\u1ee5ng c\u01a1 c\u1ea5u nam ch\u00e2m v\u0129nh c\u1eedu \u0111\u01a1n \u1ed5n, \u0111\u1ed9ng c\u01a1 t\u00edch tr\u1eef n\u0103ng l\u01b0\u1ee3ng c\u00f3 c\u00f4ng su\u1ea5t th\u1ea5p, s\u1ed1 l\u01b0\u1ee3ng linh ki\u1ec7n \u00edt, \u0111\u1ed9 tin c\u1eady cao. C\u01a1 c\u1ea5u v\u1eadn h\u00e0nh \u0111\u01b0\u1ee3c \u0111\u1eb7t trong h\u1ed9p c\u01a1 c\u1ea5u k\u00edn, gi\u1ea3i quy\u1ebft v\u1ea5n \u0111\u1ec1 \u0103n m\u00f2n c\u1ee7a c\u01a1 c\u1ea5u v\u1eadn h\u00e0nh v\u00e0 n\u00e2ng cao \u0111\u1ed9 tin c\u1eady c\u1ee7a c\u01a1 c\u1ea5u.<\/li>\n<li>Ho\u1ea1t \u0111\u1ed9ng \u0111\u00f3ng m\u1edf c\u1ee7a m\u00e1y c\u1eaft c\u00f3 th\u1ec3 \u0111\u01b0\u1ee3c v\u1eadn h\u00e0nh b\u1eb1ng tay ho\u1eb7c b\u1eb1ng \u0111i\u1ec7n v\u00e0 t\u1eeb xa. C\u00f3 th\u1ec3 s\u1eed d\u1ee5ng v\u1edbi b\u1ed9 \u0111i\u1ec1u khi\u1ec3n th\u00f4ng minh \u0111\u1ec3 th\u1ef1c hi\u1ec7n t\u1ef1 \u0111\u1ed9ng h\u00f3a ph\u00e2n ph\u1ed1i \u0111i\u1ec7n v\u00e0 c\u0169ng c\u00f3 th\u1ec3 s\u1eed d\u1ee5ng v\u1edbi b\u1ed9 \u0111i\u1ec1u khi\u1ec3n m\u00e1y c\u1eaft \u0111\u1ec3 t\u1ea1o th\u00e0nh m\u00e1y c\u1eaft t\u1ef1 \u0111\u1ed9ng v\u00e0 m\u00e1y c\u1eaft ph\u00e2n \u0111o\u1ea1n.<\/li>\n<li>Recloser c\u00f3 th\u1ec3 \u0111\u01b0\u1ee3c trang b\u1ecb m\u00e1y bi\u1ebfn d\u00f2ng ba pha \u0111\u1ec3 b\u1ea3o v\u1ec7 qu\u00e1 d\u00f2ng ho\u1eb7c ng\u1eafn m\u1ea1ch. M\u00e1y bi\u1ebfn d\u00f2ng ba pha c\u00f3 th\u1ec3 l\u00e0 600:1A ho\u1eb7c 800:1A; c\u00f3 th\u1ec3 l\u1eafp 6 c\u1ea3m bi\u1ebfn \u0111i\u1ec7n dung \u0111\u1ec3 thu th\u1eadp t\u00edn hi\u1ec7u \u0111i\u1ec7n \u00e1p v\u00e0 \u0111i\u1ec7n \u00e1p \u0111\u1ea7u ra th\u1ee9 c\u1ea5p l\u00e0 3,25V\/\u221a3; n\u00f3 c\u0169ng c\u00f3 th\u1ec3 cung c\u1ea5p t\u00edn hi\u1ec7u thu th\u1eadp \u0111i\u1ec7n \u00e1p v\u00e0 d\u00f2ng \u0111i\u1ec7n cho b\u1ed9 \u0111i\u1ec1u khi\u1ec3n th\u00f4ng minh.<\/li>\n<li>Khi k\u1ebft h\u1ee3p v\u1edbi b\u1ed9 \u0111i\u1ec1u khi\u1ec3n th\u00f4ng minh, n\u00f3 c\u00f3 th\u1ec3 th\u1ef1c hi\u1ec7n ch\u1ee9c n\u0103ng \u0111\u00f3ng l\u1ea1i t\u1ef1 \u0111\u1ed9ng, c\u0169ng nh\u01b0 \u0111i\u1ec1u khi\u1ec3n t\u1eeb xa, \u0111o t\u1eeb xa, b\u00e1o hi\u1ec7u t\u1eeb xa v\u00e0 \u0111i\u1ec1u ch\u1ec9nh t\u1eeb xa.<\/li>\n<\/ol>\n<p><img loading=\"lazy\" decoding=\"async\" class=\"wp-image-1805 size-full aligncenter\" src=\"http:\/\/www.xminsulation.com\/wp-content\/uploads\/2024\/05\/\u56fe\u72474-2.png\" alt=\"\" width=\"694\" height=\"738\" srcset=\"https:\/\/www.xminsulation.com\/wp-content\/uploads\/2024\/05\/\u56fe\u72474-2.png 694w, https:\/\/www.xminsulation.com\/wp-content\/uploads\/2024\/05\/\u56fe\u72474-2-282x300.png 282w, https:\/\/www.xminsulation.com\/wp-content\/uploads\/2024\/05\/\u56fe\u72474-2-600x638.png 600w\" sizes=\"(max-width: 694px) 100vw, 694px\" \/> <img loading=\"lazy\" decoding=\"async\" class=\"wp-image-1806 size-full aligncenter\" src=\"http:\/\/www.xminsulation.com\/wp-content\/uploads\/2024\/05\/\u56fe\u72475-3.png\" alt=\"\" width=\"694\" height=\"504\" srcset=\"https:\/\/www.xminsulation.com\/wp-content\/uploads\/2024\/05\/\u56fe\u72475-3.png 694w, https:\/\/www.xminsulation.com\/wp-content\/uploads\/2024\/05\/\u56fe\u72475-3-300x218.png 300w, https:\/\/www.xminsulation.com\/wp-content\/uploads\/2024\/05\/\u56fe\u72475-3-600x436.png 600w\" sizes=\"(max-width: 694px) 100vw, 694px\" \/> <img loading=\"lazy\" decoding=\"async\" class=\"wp-image-1807 size-full aligncenter\" src=\"http:\/\/www.xminsulation.com\/wp-content\/uploads\/2024\/05\/\u56fe\u72476-2.png\" alt=\"\" width=\"754\" height=\"950\" srcset=\"https:\/\/www.xminsulation.com\/wp-content\/uploads\/2024\/05\/\u56fe\u72476-2.png 754w, https:\/\/www.xminsulation.com\/wp-content\/uploads\/2024\/05\/\u56fe\u72476-2-238x300.png 238w, https:\/\/www.xminsulation.com\/wp-content\/uploads\/2024\/05\/\u56fe\u72476-2-600x756.png 600w\" sizes=\"(max-width: 754px) 100vw, 754px\" \/><\/p>\n<h2><strong><b>\u0110i\u1ec1u ki\u1ec7n s\u1eed d\u1ee5ng<\/b><\/strong><\/h2>\n<p>1. \u0110i\u1ec1u ki\u1ec7n s\u1eed d\u1ee5ng b\u00ecnh th\u01b0\u1eddng:<br \/>\na, Nhi\u1ec7t \u0111\u1ed9 kh\u00f4ng kh\u00ed xung quanh: -40\u2103\uff5e+60\u2103;<br \/>\nb. \u0110\u1ed9 cao: kh\u00f4ng qu\u00e1 2.000 m\u00e9t;<br \/>\nc. Kh\u00f4ng kh\u00ed xung quanh c\u00f3 th\u1ec3 b\u1ecb \u00f4 nhi\u1ec5m b\u1edfi b\u1ee5i, kh\u00f3i, kh\u00ed \u0103n m\u00f2n, h\u01a1i n\u01b0\u1edbc ho\u1eb7c h\u01a1i mu\u1ed1i;<br \/>\nd. T\u1ed1c \u0111\u1ed9 gi\u00f3 kh\u00f4ng v\u01b0\u1ee3t qu\u00e1 34m\/s (t\u01b0\u01a1ng \u0111\u01b0\u01a1ng v\u1edbi 700Pa tr\u00ean b\u1ec1 m\u1eb7t tr\u1ee5);<br \/>\ne. C\u00f3 th\u1ec3 b\u1ecf qua rung \u0111\u1ed9ng ho\u1eb7c chuy\u1ec3n \u0111\u1ed9ng m\u1eb7t \u0111\u1ea5t t\u1eeb thi\u1ebft b\u1ecb \u0111\u00f3ng c\u1eaft v\u00e0 thi\u1ebft b\u1ecb \u0111i\u1ec1u khi\u1ec3n;<br \/>\nf. M\u1ee9c \u0111\u1ed9 \u00f4 nhi\u1ec5m: M\u1ee9c III.<br \/>\n2. \u0110i\u1ec1u ki\u1ec7n s\u1eed d\u1ee5ng \u0111\u1eb7c bi\u1ec7t:<br \/>\nRecloser c\u00f3 th\u1ec3 \u0111\u01b0\u1ee3c s\u1eed d\u1ee5ng trong \u0111i\u1ec1u ki\u1ec7n s\u1eed d\u1ee5ng b\u00ecnh th\u01b0\u1eddng kh\u00e1c v\u1edbi nh\u1eefng \u0111i\u1ec1u ki\u1ec7n n\u00eau tr\u00ean. Trong tr\u01b0\u1eddng h\u1ee3p n\u00e0y, ng\u01b0\u1eddi d\u00f9ng n\u00ean th\u01b0\u01a1ng l\u01b0\u1ee3ng v\u1edbi nh\u00e0 s\u1ea3n xu\u1ea5t v\u1ec1 c\u00e1c y\u00eau c\u1ea7u c\u1ee7a m\u00ecnh v\u00e0 \u0111\u1ea1t \u0111\u01b0\u1ee3c s\u1ef1 \u0111\u1ed3ng thu\u1eadn. N\u1ebfu v\u01b0\u1ee3t qu\u00e1 c\u00e1c \u0111i\u1ec1u ki\u1ec7n s\u1eed d\u1ee5ng b\u00ecnh th\u01b0\u1eddng n\u00eau tr\u00ean, ng\u01b0\u1eddi d\u00f9ng ph\u1ea3i th\u01b0\u01a1ng l\u01b0\u1ee3ng v\u1edbi nh\u00e0 s\u1ea3n xu\u1ea5t.<\/p>\n<h2><strong><b>V\u1ebb b\u1ec1 ngo\u00e0i <\/b><\/strong><strong><b>S<\/b><\/strong><strong><b>h\u00f3a v\u00e0 <\/b><\/strong><strong><b>P<\/b><\/strong><strong><b>s\u1ea3n ph\u1ea9m <\/b><\/strong><strong><b>S<\/b><\/strong><strong><b>c\u1ea5u tr\u00fac<\/b><\/strong><\/h2>\n<p><img loading=\"lazy\" decoding=\"async\" class=\"wp-image-1808 size-full aligncenter\" src=\"http:\/\/www.xminsulation.com\/wp-content\/uploads\/2024\/05\/\u56fe\u72477-2.png\" alt=\"\" width=\"1500\" height=\"1113\" srcset=\"https:\/\/www.xminsulation.com\/wp-content\/uploads\/2024\/05\/\u56fe\u72477-2.png 1500w, https:\/\/www.xminsulation.com\/wp-content\/uploads\/2024\/05\/\u56fe\u72477-2-300x223.png 300w, https:\/\/www.xminsulation.com\/wp-content\/uploads\/2024\/05\/\u56fe\u72477-2-1024x760.png 1024w, https:\/\/www.xminsulation.com\/wp-content\/uploads\/2024\/05\/\u56fe\u72477-2-768x570.png 768w, https:\/\/www.xminsulation.com\/wp-content\/uploads\/2024\/05\/\u56fe\u72477-2-600x445.png 600w\" sizes=\"(max-width: 1500px) 100vw, 1500px\" \/><\/p>\n<h2><strong><b>N\u1ed9i b\u1ed9 <\/b><\/strong><strong><b>S<\/b><\/strong><strong><b>c\u1ea5u tr\u00fac <\/b><\/strong><strong><b>D<\/b><\/strong><strong><b>bi\u1ec3u \u0111\u1ed3<\/b><\/strong><\/h2>\n<p><img loading=\"lazy\" decoding=\"async\" class=\"wp-image-1809 size-full alignnone\" src=\"http:\/\/www.xminsulation.com\/wp-content\/uploads\/2024\/05\/\u56fe\u72478-2.png\" alt=\"\" width=\"1337\" height=\"1536\" srcset=\"https:\/\/www.xminsulation.com\/wp-content\/uploads\/2024\/05\/\u56fe\u72478-2.png 1337w, https:\/\/www.xminsulation.com\/wp-content\/uploads\/2024\/05\/\u56fe\u72478-2-261x300.png 261w, https:\/\/www.xminsulation.com\/wp-content\/uploads\/2024\/05\/\u56fe\u72478-2-891x1024.png 891w, https:\/\/www.xminsulation.com\/wp-content\/uploads\/2024\/05\/\u56fe\u72478-2-768x882.png 768w, https:\/\/www.xminsulation.com\/wp-content\/uploads\/2024\/05\/\u56fe\u72478-2-600x689.png 600w\" sizes=\"(max-width: 1337px) 100vw, 1337px\" \/><\/p>\n<h2><strong><b>M\u00e1y \u0111\u00f3ng l\u1ea1i <\/b><\/strong><strong><b>C<\/b><\/strong><strong><b>ng\u01b0\u1eddi \u0111i\u1ec1u khi\u1ec3n<\/b><\/strong><\/h2>\n<p>B\u1ed9 \u0111i\u1ec1u khi\u1ec3n recloser t\u00edch h\u1ee3p c\u00f4ng ngh\u1ec7 vi x\u1eed l\u00fd v\u00e0 c\u00f4ng ngh\u1ec7 truy\u1ec1n th\u00f4ng m\u1ea1ng hi\u1ec7n \u0111\u1ea1i. N\u00f3 h\u1ed7 tr\u1ee3 nhi\u1ec1u giao th\u1ee9c truy\u1ec1n th\u00f4ng v\u00e0 cho ph\u00e9p l\u1ef1a ch\u1ecdn nhi\u1ec1u ph\u01b0\u01a1ng ph\u00e1p truy\u1ec1n th\u00f4ng \u0111\u1ec3 t\u1ea1o th\u00e0nh m\u1ea1ng truy\u1ec1n th\u00f4ng. C\u00f4ng t\u1eafc c\u00f3 th\u1ec3 \u0111\u01b0\u1ee3c v\u1eadn h\u00e0nh th\u1ee7 c\u00f4ng t\u1ea1i ch\u1ed7 ho\u1eb7c t\u1eeb xa, ho\u1eb7c \u0111i\u1ec1u khi\u1ec3n t\u1eeb xa th\u00f4ng qua m\u1ea1ng truy\u1ec1n th\u00f4ng. N\u1ebfu \u0111\u01b0\u1ee3c trang b\u1ecb thi\u1ebft b\u1ecb \u0111i\u1ec1u khi\u1ec3n recloser ho\u1eb7c ph\u00e2n \u0111o\u1ea1n t\u01b0\u01a1ng \u1ee9ng, n\u00f3 c\u00f3 th\u1ec3 \u0111\u01b0\u1ee3c s\u1eed d\u1ee5ng nh\u01b0 m\u1ed9t recloser ho\u1eb7c thi\u1ebft b\u1ecb ph\u00e2n \u0111o\u1ea1n.<\/p>\n<h2><strong><b>S\u01a1 \u0111\u1ed3 <\/b><\/strong><strong><b>D<\/b><\/strong><strong><b>bi\u1ec3u \u0111\u1ed3 c\u1ee7a <\/b><\/strong><strong><b>C<\/b><\/strong><strong><b>k\u1ebft n\u1ed1i <\/b><\/strong><strong><b>B<\/b><\/strong><strong><b>gi\u1eefa <\/b><\/strong><strong><b>R<\/b><\/strong><strong><b>ecloser v\u00e0 <\/b><\/strong><strong><b>C<\/b><\/strong><strong><b>ng\u01b0\u1eddi \u0111i\u1ec1u khi\u1ec3n<\/b><\/strong><\/h2>\n<p><img loading=\"lazy\" decoding=\"async\" class=\"wp-image-1810 size-full aligncenter\" src=\"http:\/\/www.xminsulation.com\/wp-content\/uploads\/2024\/05\/\u56fe\u72479-2.png\" alt=\"\" width=\"1361\" height=\"1561\" srcset=\"https:\/\/www.xminsulation.com\/wp-content\/uploads\/2024\/05\/\u56fe\u72479-2.png 1361w, https:\/\/www.xminsulation.com\/wp-content\/uploads\/2024\/05\/\u56fe\u72479-2-262x300.png 262w, https:\/\/www.xminsulation.com\/wp-content\/uploads\/2024\/05\/\u56fe\u72479-2-893x1024.png 893w, https:\/\/www.xminsulation.com\/wp-content\/uploads\/2024\/05\/\u56fe\u72479-2-768x881.png 768w, https:\/\/www.xminsulation.com\/wp-content\/uploads\/2024\/05\/\u56fe\u72479-2-1339x1536.png 1339w, https:\/\/www.xminsulation.com\/wp-content\/uploads\/2024\/05\/\u56fe\u72479-2-600x688.png 600w\" sizes=\"(max-width: 1361px) 100vw, 1361px\" \/> <img loading=\"lazy\" decoding=\"async\" class=\"wp-image-1811 size-full aligncenter\" src=\"http:\/\/www.xminsulation.com\/wp-content\/uploads\/2024\/05\/\u56fe\u724710-2.png\" alt=\"\" width=\"563\" height=\"843\" srcset=\"https:\/\/www.xminsulation.com\/wp-content\/uploads\/2024\/05\/\u56fe\u724710-2.png 563w, https:\/\/www.xminsulation.com\/wp-content\/uploads\/2024\/05\/\u56fe\u724710-2-200x300.png 200w\" sizes=\"(max-width: 563px) 100vw, 563px\" \/><\/p>\n<h2><strong><b>C\u00e0i \u0111\u1eb7t<\/b><\/strong><\/h2>\n<p><img loading=\"lazy\" decoding=\"async\" class=\"wp-image-1812 size-full aligncenter\" src=\"http:\/\/www.xminsulation.com\/wp-content\/uploads\/2024\/05\/\u56fe\u724711-2.png\" alt=\"\" width=\"1064\" height=\"878\" srcset=\"https:\/\/www.xminsulation.com\/wp-content\/uploads\/2024\/05\/\u56fe\u724711-2.png 1064w, https:\/\/www.xminsulation.com\/wp-content\/uploads\/2024\/05\/\u56fe\u724711-2-300x248.png 300w, https:\/\/www.xminsulation.com\/wp-content\/uploads\/2024\/05\/\u56fe\u724711-2-1024x845.png 1024w, https:\/\/www.xminsulation.com\/wp-content\/uploads\/2024\/05\/\u56fe\u724711-2-768x634.png 768w, https:\/\/www.xminsulation.com\/wp-content\/uploads\/2024\/05\/\u56fe\u724711-2-600x495.png 600w\" sizes=\"(max-width: 1064px) 100vw, 1064px\" \/> <img loading=\"lazy\" decoding=\"async\" class=\"wp-image-1813 size-full aligncenter\" src=\"http:\/\/www.xminsulation.com\/wp-content\/uploads\/2024\/05\/\u56fe\u724712-2.png\" alt=\"\" width=\"750\" height=\"851\" srcset=\"https:\/\/www.xminsulation.com\/wp-content\/uploads\/2024\/05\/\u56fe\u724712-2.png 750w, https:\/\/www.xminsulation.com\/wp-content\/uploads\/2024\/05\/\u56fe\u724712-2-264x300.png 264w, https:\/\/www.xminsulation.com\/wp-content\/uploads\/2024\/05\/\u56fe\u724712-2-600x681.png 600w\" sizes=\"(max-width: 750px) 100vw, 750px\" \/><\/p>\n<p>&nbsp;<\/p>\n<h2 class=\"wxts\">\u25c6T\u00f9y ch\u1ec9nh \u0111\u1eb7c bi\u1ec7t<\/h2>\n<p>C\u00e1c th\u00f4ng s\u1ed1 tr\u00ean l\u00e0 d\u1eef li\u1ec7u ti\u00eau bi\u1ec3u; n\u1ebfu c\u00e1c ki\u1ec3u d\u00e1ng hi\u1ec7n c\u00f3 kh\u00f4ng \u0111\u00e1p \u1ee9ng \u0111\u01b0\u1ee3c nhu c\u1ea7u c\u1ee5 th\u1ec3 c\u1ee7a b\u1ea1n, vui l\u00f2ng li\u00ean h\u1ec7 v\u1edbi ch\u00fang t\u00f4i \u0111\u1ec3 \u0111\u01b0\u1ee3c thi\u1ebft k\u1ebf ri\u00eang. Ch\u00fang t\u00f4i c\u00f3 k\u1ef9 n\u0103ng s\u1ea3n xu\u1ea5t v\u00e0 ph\u00e1t tri\u1ec3n t\u00f9y ch\u1ec9nh c\u00e1 nh\u00e2n h\u00f3a \u0111\u00e1ng k\u1ec3, cho ph\u00e9p ch\u00fang t\u00f4i cung c\u1ea5p c\u00e1c gi\u1ea3i ph\u00e1p ph\u00f9 h\u1ee3p cho kh\u00e1ch h\u00e0ng tr\u00ean to\u00e0n th\u1ebf gi\u1edbi.<\/p>","protected":false},"excerpt":{"rendered":"<p>Product Description ZW32 series automatic recloser outdoor AC high-voltage vacuum circuit breaker (hereinafter referred to as &#8220;recloser&#8221;) is a three-phase AC 50Hz\/60Hz outdoor high-voltage switchgear. It is mainly used in 10-35kV outdoor power distribution systems of rural power grids and urban power grids. , combined with load current, overload current and short-circuit current, and can [&hellip;]<\/p>","protected":false},"featured_media":1801,"template":"","meta":{"site-sidebar-layout":"default","site-content-layout":"","ast-site-content-layout":"default","site-content-style":"default","site-sidebar-style":"default","ast-global-header-display":"","ast-banner-title-visibility":"","ast-main-header-display":"","ast-hfb-above-header-display":"","ast-hfb-below-header-display":"","ast-hfb-mobile-header-display":"","site-post-title":"","ast-breadcrumbs-content":"","ast-featured-img":"","footer-sml-layout":"","theme-transparent-header-meta":"default","adv-header-id-meta":"","stick-header-meta":"","header-above-stick-meta":"","header-main-stick-meta":"","header-below-stick-meta":"","astra-migrate-meta-layouts":"set","ast-page-background-enabled":"default","ast-page-background-meta":{"desktop":{"background-color":"","background-image":"","background-repeat":"repeat","background-position":"center center","background-size":"auto","background-attachment":"scroll","background-type":"","background-media":"","overlay-type":"","overlay-color":"","overlay-gradient":""},"tablet":{"background-color":"","background-image":"","background-repeat":"repeat","background-position":"center center","background-size":"auto","background-attachment":"scroll","background-type":"","background-media":"","overlay-type":"","overlay-color":"","overlay-gradient":""},"mobile":{"background-color":"","background-image":"","background-repeat":"repeat","background-position":"center center","background-size":"auto","background-attachment":"scroll","background-type":"","background-media":"","overlay-type":"","overlay-color":"","overlay-gradient":""}},"ast-content-background-meta":{"desktop":{"background-color":"var(--ast-global-color-5)","background-image":"","background-repeat":"repeat","background-position":"center center","background-size":"auto","background-attachment":"scroll","background-type":"","background-media":"","overlay-type":"","overlay-color":"","overlay-gradient":""},"tablet":{"background-color":"var(--ast-global-color-5)","background-image":"","background-repeat":"repeat","background-position":"center center","background-size":"auto","background-attachment":"scroll","background-type":"","background-media":"","overlay-type":"","overlay-color":"","overlay-gradient":""},"mobile":{"background-color":"var(--ast-global-color-5)","background-image":"","background-repeat":"repeat","background-position":"center center","background-size":"auto","background-attachment":"scroll","background-type":"","background-media":"","overlay-type":"","overlay-color":"","overlay-gradient":""}}},"product_cat":[24],"product_tag":[],"class_list":{"0":"post-1799","1":"product","2":"type-product","3":"status-publish","4":"has-post-thumbnail","6":"product_cat-10-40-5kv-outdoor-pole-mounted-vacuum-auto-recloser","7":"desktop-align-left","8":"tablet-align-left","9":"mobile-align-left","11":"first","12":"instock","13":"shipping-taxable","14":"product-type-simple"},"_links":{"self":[{"href":"https:\/\/www.xminsulation.com\/vi\/wp-json\/wp\/v2\/product\/1799","targetHints":{"allow":["GET"]}}],"collection":[{"href":"https:\/\/www.xminsulation.com\/vi\/wp-json\/wp\/v2\/product"}],"about":[{"href":"https:\/\/www.xminsulation.com\/vi\/wp-json\/wp\/v2\/types\/product"}],"wp:featuredmedia":[{"embeddable":true,"href":"https:\/\/www.xminsulation.com\/vi\/wp-json\/wp\/v2\/media\/1801"}],"wp:attachment":[{"href":"https:\/\/www.xminsulation.com\/vi\/wp-json\/wp\/v2\/media?parent=1799"}],"wp:term":[{"taxonomy":"product_cat","embeddable":true,"href":"https:\/\/www.xminsulation.com\/vi\/wp-json\/wp\/v2\/product_cat?post=1799"},{"taxonomy":"product_tag","embeddable":true,"href":"https:\/\/www.xminsulation.com\/vi\/wp-json\/wp\/v2\/product_tag?post=1799"}],"curies":[{"name":"wp","href":"https:\/\/api.w.org\/{rel}","templated":true}]}}