{"id":1618,"date":"2024-05-07T19:56:25","date_gmt":"2024-05-07T11:56:25","guid":{"rendered":"http:\/\/www.xminsulation.com\/?post_type=product&#038;p=1618"},"modified":"2024-05-15T15:48:36","modified_gmt":"2024-05-15T07:48:36","slug":"hjt-12-24-630a-shielded-end-connector","status":"publish","type":"product","link":"https:\/\/www.xminsulation.com\/vi\/product\/hjt-12-24-630a-shielded-end-connector\/","title":{"rendered":"\u0110\u1ea7u n\u1ed1i c\u00f3 v\u1ecf b\u1ecdc HJT 12\/24-630A"},"content":{"rendered":"<p><img fetchpriority=\"high\" decoding=\"async\" class=\"alignnone wp-image-1620 size-full\" src=\"http:\/\/www.xminsulation.com\/wp-content\/uploads\/2024\/05\/\u56fe\u7247347-1.png\" alt=\"\" width=\"561\" height=\"561\" srcset=\"https:\/\/www.xminsulation.com\/wp-content\/uploads\/2024\/05\/\u56fe\u7247347-1.png 561w, https:\/\/www.xminsulation.com\/wp-content\/uploads\/2024\/05\/\u56fe\u7247347-1-300x300.png 300w, https:\/\/www.xminsulation.com\/wp-content\/uploads\/2024\/05\/\u56fe\u7247347-1-150x150.png 150w, https:\/\/www.xminsulation.com\/wp-content\/uploads\/2024\/05\/\u56fe\u7247347-1-100x100.png 100w\" sizes=\"(max-width: 561px) 100vw, 561px\" \/><\/p>\n<h2><strong><b>Th\u00f4ng tin chung<\/b><\/strong><\/h2>\n<p>\u0110\u1ea7u n\u1ed1i ph\u00eda sau 630AT c\u00f3 th\u1ec3 \u0111\u01b0\u1ee3c s\u1eed d\u1ee5ng c\u00f9ng v\u1edbi \u0111\u1ea7u n\u1ed1i T Fore v\u00e0 m\u1ed9t s\u1ed1 \u0111\u1ea7u n\u1ed1i ph\u00eda sau kh\u00e1c, n\u00f3 c\u00f3 th\u1ec3 cung c\u1ea5p nhi\u1ec1u nh\u00e1nh h\u01a1n v\u00e0 ch\u00fang kh\u00f4ng th\u1ec3 k\u1ebft h\u1ee3p tr\u1ef1c ti\u1ebfp v\u1edbi \u1ed1ng l\u00f3t, che n\u1eafp b\u1ea3o v\u1ec7 ph\u00eda sau \u1edf \u0111\u1ea7u n\u1eafp che.<\/p>\n<h2><strong><b>S\u1ea3n ph\u1ea9m <\/b><\/strong><strong><b>\u0110\u1eb7c tr\u01b0ng<\/b><\/strong><strong><b>\u00a0<\/b><\/strong><\/h2>\n<p>1, Cung c\u1ea5p k\u1ebft n\u1ed1i t\u00e1ch r\u1eddi \u0111\u01b0\u1ee3c che ch\u1eafn ho\u00e0n to\u00e0n v\u00e0 c\u00f3 th\u1ec3 ng\u00e2m ho\u00e0n to\u00e0n khi \u0111\u01b0\u1ee3c gh\u00e9p n\u1ed1i v\u1edbi \u1ed1ng l\u00f3t ho\u1eb7c ph\u00edch c\u1eafm chuy\u00ean d\u1ee5ng.<\/p>\n<p>2, C\u00f3 th\u1ec3 s\u1eed d\u1ee5ng trong m\u1ed9t s\u1ed1 tr\u01b0\u1eddng h\u1ee3p.<\/p>\n<p>3, \u0110i\u1ec3m ki\u1ec3m tra \u0111i\u1ec7n dung t\u00edch h\u1ee3p \u0111\u1ec3 x\u00e1c \u0111\u1ecbnh tr\u1ea1ng th\u00e1i m\u1ea1ch ho\u1eb7c l\u1eafp \u0111\u1eb7t \u0111\u00e8n b\u00e1o l\u1ed7i. Kh\u00f4ng c\u00f3 y\u00eau c\u1ea7u v\u1ec1 kho\u1ea3ng c\u00e1ch pha t\u1ed1i thi\u1ec3u.<\/p>\n<p>4. C\u00f3 th\u1ec3 l\u1eafp theo chi\u1ec1u d\u1ecdc, chi\u1ec1u ngang ho\u1eb7c b\u1ea5t k\u1ef3 g\u00f3c n\u00e0o \u1edf gi\u1eefa.<\/p>\n<p><img decoding=\"async\" class=\"alignnone wp-image-1621 size-full\" src=\"http:\/\/www.xminsulation.com\/wp-content\/uploads\/2024\/05\/\u56fe\u7247348.png\" alt=\"\" width=\"311\" height=\"578\" srcset=\"https:\/\/www.xminsulation.com\/wp-content\/uploads\/2024\/05\/\u56fe\u7247348.png 311w, https:\/\/www.xminsulation.com\/wp-content\/uploads\/2024\/05\/\u56fe\u7247348-161x300.png 161w\" sizes=\"(max-width: 311px) 100vw, 311px\" \/> <img decoding=\"async\" class=\"alignnone wp-image-1622 size-full\" src=\"http:\/\/www.xminsulation.com\/wp-content\/uploads\/2024\/05\/\u56fe\u7247349.png\" alt=\"\" width=\"289\" height=\"645\" srcset=\"https:\/\/www.xminsulation.com\/wp-content\/uploads\/2024\/05\/\u56fe\u7247349.png 289w, https:\/\/www.xminsulation.com\/wp-content\/uploads\/2024\/05\/\u56fe\u7247349-134x300.png 134w\" sizes=\"(max-width: 289px) 100vw, 289px\" \/><\/p>\n<h2><strong><b>C\u1ea5u tr\u00fac s\u1ea3n ph\u1ea9m<\/b><\/strong><\/h2>\n<ol>\n<li>HAI \u0110\u1ea6U V\u00cdT: \u0110\u1ec3 \u0111\u1ea3m b\u1ea3o ti\u1ebfp x\u00fac t\u1ed1t v\u1edbi \u1ed1ng l\u00f3t c\u1ee7a thi\u1ebft b\u1ecb.<\/li>\n<li>C\u00c1CH NHI\u1ec6T: Cao su c\u00e1ch \u0111i\u1ec7n EPDM \u0111\u00fac s\u1eb5n \u0111\u01b0\u1ee3c \u0111\u1ecbnh h\u00ecnh v\u00e0 tr\u1ed9n t\u1ea1i ch\u1ed7 \u0111\u1ec3 \u0111\u1ea3m b\u1ea3o ch\u1ea5t l\u01b0\u1ee3ng cao.<\/li>\n<li>PH\u1ea6N C\u1ee8NG C\u00c1CH \u0110I\u1ec6N: Ph\u00edch c\u1eafm c\u00e1ch \u0111i\u1ec7n epoxy \u0111\u00fac khu\u00f4n cung c\u1ea5p \u0111\u1ed9 tin c\u1eady tuy\u1ec7t v\u1eddi v\u1ec1 \u0111i\u1ec7n, nhi\u1ec7t v\u00e0 c\u01a1 h\u1ecdc.<\/li>\n<li>L\u1edaP CH\u00c8N B\u00c1N D\u1eaaN: M\u00e0n ch\u1eafn cao su d\u1eabn \u0111i\u1ec7n EPDM \u0111\u00fac ki\u1ec3m so\u00e1t \u1ee9ng su\u1ea5t \u0111i\u1ec7n.<\/li>\n<li>GI\u1ea2M C\u0102NG TH\u1eb2NG: C\u1ea5u h\u00ecnh c\u1ee7a m\u00e0n h\u00ecnh b\u00ean ngo\u00e0i v\u00e0 b\u1ed9 chuy\u1ec3n \u0111\u1ed5i c\u00e1p gi\u00fap gi\u1ea3m c\u0103ng th\u1eb3ng cho c\u00e1p.<\/li>\n<li>M\u1eaeT \u0110\u1ea4T: \u0110\u00fac v\u00e0o m\u00e0n h\u00ecnh b\u00ean ngo\u00e0i \u0111\u1ec3 k\u1ebft n\u1ed1i d\u00e2y \u0111\u1ea5t.<\/li>\n<li>Ra kh\u1ecfi l\u1edbp ch\u1eafn b\u00e1n d\u1eabn: S\u1ef1 k\u1ebft h\u1ee3p c\u1ee7a cao su d\u1eabn \u0111i\u1ec7n EPDM \u0111\u00fac s\u1eb5n v\u00e0 l\u1edbp ch\u1eafn c\u00e1p c\u00f3 th\u1ec3 hi\u1ec7n th\u1ef1c h\u00f3a t\u00ednh li\u00ean t\u1ee5c c\u1ee7a l\u1edbp ch\u1eafn<\/li>\n<\/ol>\n<p>v\u00e0 \u0111\u1ea3m b\u1ea3o l\u1edbp b\u00e1n d\u1eabn b\u00ean ngo\u00e0i \u0111\u01b0\u1ee3c n\u1ed1i \u0111\u1ea5t.<\/p>\n<ol start=\"8\">\n<li>\u0110\u1ea7u n\u1ed1i u\u1ed1n: T\u1ea5t c\u1ea3 c\u00e1c \u0111\u1ea7u n\u1ed1i u\u1ed1n b\u1eb1ng \u0111\u1ed3ng ho\u1eb7c \u0111\u1ed3ng nh\u00f4m \u0111\u1ec1u ph\u00f9 h\u1ee3p v\u1edbi d\u00e2y d\u1eabn b\u1eb1ng \u0111\u1ed3ng ho\u1eb7c nh\u00f4m.<\/li>\n<\/ol>\n<p><img loading=\"lazy\" decoding=\"async\" class=\"alignnone wp-image-1623 size-large\" src=\"http:\/\/www.xminsulation.com\/wp-content\/uploads\/2024\/05\/\u56fe\u7247350-1024x578.png\" alt=\"\" width=\"1024\" height=\"578\" srcset=\"https:\/\/www.xminsulation.com\/wp-content\/uploads\/2024\/05\/\u56fe\u7247350-1024x578.png 1024w, https:\/\/www.xminsulation.com\/wp-content\/uploads\/2024\/05\/\u56fe\u7247350-300x169.png 300w, https:\/\/www.xminsulation.com\/wp-content\/uploads\/2024\/05\/\u56fe\u7247350-768x434.png 768w, https:\/\/www.xminsulation.com\/wp-content\/uploads\/2024\/05\/\u56fe\u7247350-600x339.png 600w, https:\/\/www.xminsulation.com\/wp-content\/uploads\/2024\/05\/\u56fe\u7247350.png 1038w\" sizes=\"(max-width: 1024px) 100vw, 1024px\" \/> <img loading=\"lazy\" decoding=\"async\" class=\"alignnone wp-image-1624 size-large\" src=\"http:\/\/www.xminsulation.com\/wp-content\/uploads\/2024\/05\/\u56fe\u7247351-1024x616.png\" alt=\"\" width=\"1024\" height=\"616\" srcset=\"https:\/\/www.xminsulation.com\/wp-content\/uploads\/2024\/05\/\u56fe\u7247351-1024x616.png 1024w, https:\/\/www.xminsulation.com\/wp-content\/uploads\/2024\/05\/\u56fe\u7247351-300x181.png 300w, https:\/\/www.xminsulation.com\/wp-content\/uploads\/2024\/05\/\u56fe\u7247351-768x462.png 768w, https:\/\/www.xminsulation.com\/wp-content\/uploads\/2024\/05\/\u56fe\u7247351-600x361.png 600w, https:\/\/www.xminsulation.com\/wp-content\/uploads\/2024\/05\/\u56fe\u7247351.png 1030w\" sizes=\"(max-width: 1024px) 100vw, 1024px\" \/><\/p>\n<p>&nbsp;<\/p>\n<div class=\"wxts\">\n<h2>\u25c6T\u00f9y ch\u1ec9nh \u0111\u1eb7c bi\u1ec7t<\/h2>\n<p>C\u00e1c th\u00f4ng s\u1ed1 tr\u00ean l\u00e0 d\u1eef li\u1ec7u ti\u00eau bi\u1ec3u; n\u1ebfu c\u00e1c ki\u1ec3u d\u00e1ng hi\u1ec7n c\u00f3 kh\u00f4ng \u0111\u00e1p \u1ee9ng \u0111\u01b0\u1ee3c nhu c\u1ea7u c\u1ee5 th\u1ec3 c\u1ee7a b\u1ea1n, vui l\u00f2ng li\u00ean h\u1ec7 v\u1edbi ch\u00fang t\u00f4i \u0111\u1ec3 \u0111\u01b0\u1ee3c thi\u1ebft k\u1ebf ri\u00eang. Ch\u00fang t\u00f4i c\u00f3 k\u1ef9 n\u0103ng s\u1ea3n xu\u1ea5t v\u00e0 ph\u00e1t tri\u1ec3n t\u00f9y ch\u1ec9nh c\u00e1 nh\u00e2n h\u00f3a \u0111\u00e1ng k\u1ec3, cho ph\u00e9p ch\u00fang t\u00f4i cung c\u1ea5p c\u00e1c gi\u1ea3i ph\u00e1p ph\u00f9 h\u1ee3p cho kh\u00e1ch h\u00e0ng tr\u00ean to\u00e0n th\u1ebf gi\u1edbi.<\/p>\n<\/div>","protected":false},"excerpt":{"rendered":"<p>General Information 630AT Back connector can be use together with the T Fore connector and some other back connector , it can be provide more branches, and they can not together with the bushing directly, cover the back protection cap on the end of the blanking cover. Product Features\u00a0 1,Provides a fully screened and fully [&hellip;]<\/p>","protected":false},"featured_media":1619,"template":"","meta":{"site-sidebar-layout":"default","site-content-layout":"","ast-site-content-layout":"default","site-content-style":"default","site-sidebar-style":"default","ast-global-header-display":"","ast-banner-title-visibility":"","ast-main-header-display":"","ast-hfb-above-header-display":"","ast-hfb-below-header-display":"","ast-hfb-mobile-header-display":"","site-post-title":"","ast-breadcrumbs-content":"","ast-featured-img":"","footer-sml-layout":"","theme-transparent-header-meta":"default","adv-header-id-meta":"","stick-header-meta":"","header-above-stick-meta":"","header-main-stick-meta":"","header-below-stick-meta":"","astra-migrate-meta-layouts":"set","ast-page-background-enabled":"default","ast-page-background-meta":{"desktop":{"background-color":"","background-image":"","background-repeat":"repeat","background-position":"center center","background-size":"auto","background-attachment":"scroll","background-type":"","background-media":"","overlay-type":"","overlay-color":"","overlay-gradient":""},"tablet":{"background-color":"","background-image":"","background-repeat":"repeat","background-position":"center center","background-size":"auto","background-attachment":"scroll","background-type":"","background-media":"","overlay-type":"","overlay-color":"","overlay-gradient":""},"mobile":{"background-color":"","background-image":"","background-repeat":"repeat","background-position":"center center","background-size":"auto","background-attachment":"scroll","background-type":"","background-media":"","overlay-type":"","overlay-color":"","overlay-gradient":""}},"ast-content-background-meta":{"desktop":{"background-color":"var(--ast-global-color-5)","background-image":"","background-repeat":"repeat","background-position":"center center","background-size":"auto","background-attachment":"scroll","background-type":"","background-media":"","overlay-type":"","overlay-color":"","overlay-gradient":""},"tablet":{"background-color":"var(--ast-global-color-5)","background-image":"","background-repeat":"repeat","background-position":"center center","background-size":"auto","background-attachment":"scroll","background-type":"","background-media":"","overlay-type":"","overlay-color":"","overlay-gradient":""},"mobile":{"background-color":"var(--ast-global-color-5)","background-image":"","background-repeat":"repeat","background-position":"center center","background-size":"auto","background-attachment":"scroll","background-type":"","background-media":"","overlay-type":"","overlay-color":"","overlay-gradient":""}}},"product_cat":[53],"product_tag":[],"class_list":{"0":"post-1618","1":"product","2":"type-product","3":"status-publish","4":"has-post-thumbnail","6":"product_cat-oushi","7":"desktop-align-left","8":"tablet-align-left","9":"mobile-align-left","11":"first","12":"instock","13":"shipping-taxable","14":"product-type-simple"},"_links":{"self":[{"href":"https:\/\/www.xminsulation.com\/vi\/wp-json\/wp\/v2\/product\/1618","targetHints":{"allow":["GET"]}}],"collection":[{"href":"https:\/\/www.xminsulation.com\/vi\/wp-json\/wp\/v2\/product"}],"about":[{"href":"https:\/\/www.xminsulation.com\/vi\/wp-json\/wp\/v2\/types\/product"}],"wp:featuredmedia":[{"embeddable":true,"href":"https:\/\/www.xminsulation.com\/vi\/wp-json\/wp\/v2\/media\/1619"}],"wp:attachment":[{"href":"https:\/\/www.xminsulation.com\/vi\/wp-json\/wp\/v2\/media?parent=1618"}],"wp:term":[{"taxonomy":"product_cat","embeddable":true,"href":"https:\/\/www.xminsulation.com\/vi\/wp-json\/wp\/v2\/product_cat?post=1618"},{"taxonomy":"product_tag","embeddable":true,"href":"https:\/\/www.xminsulation.com\/vi\/wp-json\/wp\/v2\/product_tag?post=1618"}],"curies":[{"name":"wp","href":"https:\/\/api.w.org\/{rel}","templated":true}]}}