{"id":1611,"date":"2024-05-07T19:53:22","date_gmt":"2024-05-07T11:53:22","guid":{"rendered":"http:\/\/www.xminsulation.com\/?post_type=product&#038;p=1611"},"modified":"2024-05-15T15:49:56","modified_gmt":"2024-05-15T07:49:56","slug":"tt-35kv-630a-t-cable-connector","status":"publish","type":"product","link":"https:\/\/www.xminsulation.com\/vi\/product\/tt-35kv-630a-t-cable-connector\/","title":{"rendered":"\u0110\u1ea7u n\u1ed1i c\u00e1p TT 35kV 630A T"},"content":{"rendered":"<p><img fetchpriority=\"high\" decoding=\"async\" class=\"alignnone wp-image-1613 size-large\" src=\"http:\/\/www.xminsulation.com\/wp-content\/uploads\/2024\/05\/\u56fe\u7247342-1-1024x1024.png\" alt=\"\" width=\"1024\" height=\"1024\" srcset=\"https:\/\/www.xminsulation.com\/wp-content\/uploads\/2024\/05\/\u56fe\u7247342-1-1024x1024.png 1024w, https:\/\/www.xminsulation.com\/wp-content\/uploads\/2024\/05\/\u56fe\u7247342-1-300x300.png 300w, https:\/\/www.xminsulation.com\/wp-content\/uploads\/2024\/05\/\u56fe\u7247342-1-150x150.png 150w, https:\/\/www.xminsulation.com\/wp-content\/uploads\/2024\/05\/\u56fe\u7247342-1-768x768.png 768w, https:\/\/www.xminsulation.com\/wp-content\/uploads\/2024\/05\/\u56fe\u7247342-1-600x600.png 600w, https:\/\/www.xminsulation.com\/wp-content\/uploads\/2024\/05\/\u56fe\u7247342-1-100x100.png 100w, https:\/\/www.xminsulation.com\/wp-content\/uploads\/2024\/05\/\u56fe\u7247342-1.png 1158w\" sizes=\"(max-width: 1024px) 100vw, 1024px\" \/><\/p>\n<h2><strong><b>Th\u00f4ng tin chung<\/b><\/strong><\/h2>\n<p>\u0110\u1ea7u n\u1ed1i c\u00e1p T 35kV 630A cung c\u1ea5p k\u1ebft n\u1ed1i \u0111\u01b0\u1ee3c che ch\u1eafn ho\u00e0n to\u00e0n v\u00e0 ho\u00e0n to\u00e0n ch\u00ecm khi \u0111\u01b0\u1ee3c gh\u00e9p v\u1edbi \u1ed1ng l\u00f3t ho\u1eb7c ph\u00edch c\u1eafm th\u00edch h\u1ee3p. \u0110\u1ec3 k\u1ebft n\u1ed1i c\u00e1p polyme v\u1edbi m\u00e1y bi\u1ebfn \u00e1p, thi\u1ebft b\u1ecb \u0111\u00f3ng c\u1eaft, \u0111\u1ed9ng c\u01a1 v\u00e0 c\u00e1c thi\u1ebft b\u1ecb kh\u00e1c b\u1eb1ng \u0111\u1ea7u n\u1ed1i t\u00e1ch r\u1eddi \u0111\u00fac s\u1eb5n. \u0110i\u1ec3m ki\u1ec3m tra \u0111i\u1ec7n dung t\u00f9y ch\u1ecdn cho ph\u00e9p d\u1ec5 d\u00e0ng ki\u1ec3m tra tr\u1ea1ng th\u00e1i m\u1ea1ch ho\u1eb7c l\u1eafp \u0111\u1eb7t ch\u1ec9 b\u00e1o l\u1ed7i. \u0110\u1ea7u n\u1ed1i c\u00e1p T 36kV 630AT n\u00e0y \u0111\u01b0\u1ee3c s\u1ea3n xu\u1ea5t b\u1edfi EPDM v\u1edbi ch\u1ea5t l\u01b0\u1ee3ng t\u1ed1t.<\/p>\n<p><img decoding=\"async\" class=\"alignnone wp-image-1614 size-full\" src=\"http:\/\/www.xminsulation.com\/wp-content\/uploads\/2024\/05\/\u56fe\u7247343.png\" alt=\"\" width=\"892\" height=\"634\" srcset=\"https:\/\/www.xminsulation.com\/wp-content\/uploads\/2024\/05\/\u56fe\u7247343.png 892w, https:\/\/www.xminsulation.com\/wp-content\/uploads\/2024\/05\/\u56fe\u7247343-300x213.png 300w, https:\/\/www.xminsulation.com\/wp-content\/uploads\/2024\/05\/\u56fe\u7247343-768x546.png 768w, https:\/\/www.xminsulation.com\/wp-content\/uploads\/2024\/05\/\u56fe\u7247343-600x426.png 600w\" sizes=\"(max-width: 892px) 100vw, 892px\" \/> <img decoding=\"async\" class=\"alignnone wp-image-1615 size-full\" src=\"http:\/\/www.xminsulation.com\/wp-content\/uploads\/2024\/05\/\u56fe\u7247344.png\" alt=\"\" width=\"412\" height=\"706\" srcset=\"https:\/\/www.xminsulation.com\/wp-content\/uploads\/2024\/05\/\u56fe\u7247344.png 412w, https:\/\/www.xminsulation.com\/wp-content\/uploads\/2024\/05\/\u56fe\u7247344-175x300.png 175w\" sizes=\"(max-width: 412px) 100vw, 412px\" \/> <img loading=\"lazy\" decoding=\"async\" class=\"alignnone wp-image-1616 size-full\" src=\"http:\/\/www.xminsulation.com\/wp-content\/uploads\/2024\/05\/\u56fe\u7247345.png\" alt=\"\" width=\"401\" height=\"748\" srcset=\"https:\/\/www.xminsulation.com\/wp-content\/uploads\/2024\/05\/\u56fe\u7247345.png 401w, https:\/\/www.xminsulation.com\/wp-content\/uploads\/2024\/05\/\u56fe\u7247345-161x300.png 161w\" sizes=\"(max-width: 401px) 100vw, 401px\" \/><\/p>\n<h2><strong><b>C\u1ea5u tr\u00fac s\u1ea3n ph\u1ea9m<\/b><\/strong><\/h2>\n<ol>\n<li>L\u1edaP CH\u1eaeN CH\u1eaeN B\u00c1N D\u1eaaN: L\u1edbp ch\u00e8n b\u00e1n d\u1eabn \u0111\u01b0\u1ee3c \u0111\u00fac b\u1eb1ng EPDM b\u00e1n d\u1eabn v\u00e0 ki\u1ec3m so\u00e1t \u1ee9ng su\u1ea5t \u0111i\u1ec7n t\u1ea1i m\u0169i c\u1ee7a s\u1ea3n ph\u1ea9m ch\u1ecbu t\u1ea3i gh\u00e9p n\u1ed1i.<\/li>\n<li>EPDM TRONG L\u1edaP C\u00c1CH NHI\u1ec6T: L\u1edbp c\u00e1ch nhi\u1ec7t EPDM l\u01b0u hu\u1ef3nh ch\u1ea5t l\u01b0\u1ee3ng cao \u0111\u01b0\u1ee3c pha tr\u1ed9n v\u00e0 pha ch\u1ebf t\u1ea1i ch\u1ed7 \u0111\u1ec3 ki\u1ec3m so\u00e1t ho\u00e0n to\u00e0n c\u00e1c \u0111\u1eb7c t\u00ednh c\u1ee7a cao su c\u00e1ch nhi\u1ec7t.<\/li>\n<li>L\u1edaP CH\u00c8N B\u00c1N D\u1eaaN: M\u00e0n ch\u1eafn cao su d\u1eabn \u0111i\u1ec7n EPDM \u0111\u00fac ki\u1ec3m so\u00e1t \u1ee9ng su\u1ea5t \u0111i\u1ec7n.<\/li>\n<li>M\u1eaeT \u0110\u1ea4T: \u0110\u00fac v\u00e0o m\u00e0n h\u00ecnh b\u00ean ngo\u00e0i \u0111\u1ec3 k\u1ebft n\u1ed1i d\u00e2y \u0111\u1ea5t.<\/li>\n<li>GI\u1ea2M C\u0102NG TH\u1eb2NG: C\u1ea5u h\u00ecnh c\u1ee7a m\u00e0n h\u00ecnh b\u00ean ngo\u00e0i v\u00e0 b\u1ed9 chuy\u1ec3n \u0111\u1ed5i c\u00e1p gi\u00fap gi\u1ea3m c\u0103ng th\u1eb3ng cho c\u00e1p.<\/li>\n<li>\u0110\u1ea6U C\u00c1P D\u00c2Y: \u0110\u1ea7u n\u1ed1i n\u00e9n nh\u00f4m \u0111\u01b0\u1ee3c thi\u1ebft k\u1ebf \u0111\u1ec3 \u0111\u1ea3m b\u1ea3o \u0111\u1ea7u n\u1ed1i ch\u1ea1y m\u00e1t v\u1edbi kh\u1ea3 n\u0103ng truy\u1ec1n d\u00f2ng \u0111i\u1ec7n t\u1ed1i \u0111a.<\/li>\n<li>PH\u1ea6N C\u1ee8NG C\u00c1CH \u0110I\u1ec6N: Ph\u00edch c\u1eafm c\u00e1ch \u0111i\u1ec7n epoxy \u0111\u00fac mang l\u1ea1i \u0111\u1ed9 tin c\u1eady tuy\u1ec7t v\u1eddi v\u1ec1 \u0111i\u1ec7n, nhi\u1ec7t v\u00e0 c\u01a1 h\u1ecdc.<\/li>\n<li>HAI \u0110\u1ea6U V\u00cdT: \u0110\u1ec3 \u0111\u1ea3m b\u1ea3o ti\u1ebfp x\u00fac t\u1ed1t v\u1edbi \u1ed1ng l\u00f3t c\u1ee7a thi\u1ebft b\u1ecb.<\/li>\n<\/ol>\n<p><img loading=\"lazy\" decoding=\"async\" class=\"alignnone wp-image-1617 size-large\" src=\"http:\/\/www.xminsulation.com\/wp-content\/uploads\/2024\/05\/\u56fe\u7247346-1024x631.png\" alt=\"\" width=\"1024\" height=\"631\" srcset=\"https:\/\/www.xminsulation.com\/wp-content\/uploads\/2024\/05\/\u56fe\u7247346-1024x631.png 1024w, https:\/\/www.xminsulation.com\/wp-content\/uploads\/2024\/05\/\u56fe\u7247346-300x185.png 300w, https:\/\/www.xminsulation.com\/wp-content\/uploads\/2024\/05\/\u56fe\u7247346-768x473.png 768w, https:\/\/www.xminsulation.com\/wp-content\/uploads\/2024\/05\/\u56fe\u7247346-600x370.png 600w, https:\/\/www.xminsulation.com\/wp-content\/uploads\/2024\/05\/\u56fe\u7247346.png 1366w\" sizes=\"(max-width: 1024px) 100vw, 1024px\" \/><\/p>\n<p>&nbsp;<\/p>\n<div class=\"wxts\">\n<h2>\u25c6T\u00f9y ch\u1ec9nh \u0111\u1eb7c bi\u1ec7t<\/h2>\n<p>C\u00e1c th\u00f4ng s\u1ed1 tr\u00ean l\u00e0 d\u1eef li\u1ec7u ti\u00eau bi\u1ec3u; n\u1ebfu c\u00e1c ki\u1ec3u d\u00e1ng hi\u1ec7n c\u00f3 kh\u00f4ng \u0111\u00e1p \u1ee9ng \u0111\u01b0\u1ee3c nhu c\u1ea7u c\u1ee5 th\u1ec3 c\u1ee7a b\u1ea1n, vui l\u00f2ng li\u00ean h\u1ec7 v\u1edbi ch\u00fang t\u00f4i \u0111\u1ec3 \u0111\u01b0\u1ee3c thi\u1ebft k\u1ebf ri\u00eang. Ch\u00fang t\u00f4i c\u00f3 k\u1ef9 n\u0103ng s\u1ea3n xu\u1ea5t v\u00e0 ph\u00e1t tri\u1ec3n t\u00f9y ch\u1ec9nh c\u00e1 nh\u00e2n h\u00f3a \u0111\u00e1ng k\u1ec3, cho ph\u00e9p ch\u00fang t\u00f4i cung c\u1ea5p c\u00e1c gi\u1ea3i ph\u00e1p ph\u00f9 h\u1ee3p cho kh\u00e1ch h\u00e0ng tr\u00ean to\u00e0n th\u1ebf gi\u1edbi.<\/p>\n<\/div>","protected":false},"excerpt":{"rendered":"<p>General Information 35kV 630A T Cable Connector provides a fully screened and fully submersible connection when mated with the proper bushing or plug . For connection of polymeric cable to transformers, switchgear, motors, and other equipment with a premoulded separable connector. Optional capacitive test point allows for an easy check of the circuit status or [&hellip;]<\/p>","protected":false},"featured_media":1612,"template":"","meta":{"site-sidebar-layout":"default","site-content-layout":"","ast-site-content-layout":"default","site-content-style":"default","site-sidebar-style":"default","ast-global-header-display":"","ast-banner-title-visibility":"","ast-main-header-display":"","ast-hfb-above-header-display":"","ast-hfb-below-header-display":"","ast-hfb-mobile-header-display":"","site-post-title":"","ast-breadcrumbs-content":"","ast-featured-img":"","footer-sml-layout":"","theme-transparent-header-meta":"default","adv-header-id-meta":"","stick-header-meta":"","header-above-stick-meta":"","header-main-stick-meta":"","header-below-stick-meta":"","astra-migrate-meta-layouts":"set","ast-page-background-enabled":"default","ast-page-background-meta":{"desktop":{"background-color":"","background-image":"","background-repeat":"repeat","background-position":"center center","background-size":"auto","background-attachment":"scroll","background-type":"","background-media":"","overlay-type":"","overlay-color":"","overlay-gradient":""},"tablet":{"background-color":"","background-image":"","background-repeat":"repeat","background-position":"center center","background-size":"auto","background-attachment":"scroll","background-type":"","background-media":"","overlay-type":"","overlay-color":"","overlay-gradient":""},"mobile":{"background-color":"","background-image":"","background-repeat":"repeat","background-position":"center center","background-size":"auto","background-attachment":"scroll","background-type":"","background-media":"","overlay-type":"","overlay-color":"","overlay-gradient":""}},"ast-content-background-meta":{"desktop":{"background-color":"var(--ast-global-color-5)","background-image":"","background-repeat":"repeat","background-position":"center center","background-size":"auto","background-attachment":"scroll","background-type":"","background-media":"","overlay-type":"","overlay-color":"","overlay-gradient":""},"tablet":{"background-color":"var(--ast-global-color-5)","background-image":"","background-repeat":"repeat","background-position":"center center","background-size":"auto","background-attachment":"scroll","background-type":"","background-media":"","overlay-type":"","overlay-color":"","overlay-gradient":""},"mobile":{"background-color":"var(--ast-global-color-5)","background-image":"","background-repeat":"repeat","background-position":"center center","background-size":"auto","background-attachment":"scroll","background-type":"","background-media":"","overlay-type":"","overlay-color":"","overlay-gradient":""}}},"product_cat":[53],"product_tag":[],"class_list":{"0":"post-1611","1":"product","2":"type-product","3":"status-publish","4":"has-post-thumbnail","6":"product_cat-oushi","7":"desktop-align-left","8":"tablet-align-left","9":"mobile-align-left","11":"first","12":"instock","13":"shipping-taxable","14":"product-type-simple"},"_links":{"self":[{"href":"https:\/\/www.xminsulation.com\/vi\/wp-json\/wp\/v2\/product\/1611","targetHints":{"allow":["GET"]}}],"collection":[{"href":"https:\/\/www.xminsulation.com\/vi\/wp-json\/wp\/v2\/product"}],"about":[{"href":"https:\/\/www.xminsulation.com\/vi\/wp-json\/wp\/v2\/types\/product"}],"wp:featuredmedia":[{"embeddable":true,"href":"https:\/\/www.xminsulation.com\/vi\/wp-json\/wp\/v2\/media\/1612"}],"wp:attachment":[{"href":"https:\/\/www.xminsulation.com\/vi\/wp-json\/wp\/v2\/media?parent=1611"}],"wp:term":[{"taxonomy":"product_cat","embeddable":true,"href":"https:\/\/www.xminsulation.com\/vi\/wp-json\/wp\/v2\/product_cat?post=1611"},{"taxonomy":"product_tag","embeddable":true,"href":"https:\/\/www.xminsulation.com\/vi\/wp-json\/wp\/v2\/product_tag?post=1611"}],"curies":[{"name":"wp","href":"https:\/\/api.w.org\/{rel}","templated":true}]}}