{"id":1607,"date":"2024-05-07T19:50:09","date_gmt":"2024-05-07T11:50:09","guid":{"rendered":"http:\/\/www.xminsulation.com\/?post_type=product&#038;p=1607"},"modified":"2024-05-15T15:51:13","modified_gmt":"2024-05-15T07:51:13","slug":"zt-12kv24kv-250a-european-style-elbow-cable-connector","status":"publish","type":"product","link":"https:\/\/www.xminsulation.com\/vi\/product\/zt-12kv24kv-250a-european-style-elbow-cable-connector\/","title":{"rendered":"\u0110\u1ea7u n\u1ed1i c\u00e1p khu\u1ef7u tay ki\u1ec3u Ch\u00e2u \u00c2u ZT 12kV(24kV) 250A"},"content":{"rendered":"<p><img fetchpriority=\"high\" decoding=\"async\" class=\"alignnone wp-image-1609 size-full\" src=\"http:\/\/www.xminsulation.com\/wp-content\/uploads\/2024\/05\/\u56fe\u7247340-1.png\" alt=\"\" width=\"990\" height=\"990\" srcset=\"https:\/\/www.xminsulation.com\/wp-content\/uploads\/2024\/05\/\u56fe\u7247340-1.png 990w, https:\/\/www.xminsulation.com\/wp-content\/uploads\/2024\/05\/\u56fe\u7247340-1-300x300.png 300w, https:\/\/www.xminsulation.com\/wp-content\/uploads\/2024\/05\/\u56fe\u7247340-1-150x150.png 150w, https:\/\/www.xminsulation.com\/wp-content\/uploads\/2024\/05\/\u56fe\u7247340-1-768x768.png 768w, https:\/\/www.xminsulation.com\/wp-content\/uploads\/2024\/05\/\u56fe\u7247340-1-600x600.png 600w, https:\/\/www.xminsulation.com\/wp-content\/uploads\/2024\/05\/\u56fe\u7247340-1-100x100.png 100w\" sizes=\"(max-width: 990px) 100vw, 990px\" \/><\/p>\n<h2><strong><b>Th\u00f4ng tin chung<\/b><\/strong><\/h2>\n<p>\u0110\u1ea7u n\u1ed1i c\u00e1p lo\u1ea1i khu\u1ef7u tay LT-12 (24) \/250 \u0111\u01b0\u1ee3c \u00e1p d\u1ee5ng cho k\u1ebft n\u1ed1i v\u1ecf ti\u00eau chu\u1ea9n DIN47636 250A, c\u00e1p d\u00e2y d\u1eabn \u0111i\u1ec7n \u00e1p cao. \u0110i\u1ec3m ki\u1ec3m tra c\u00f3 th\u1ec3 \u0111\u01b0\u1ee3c l\u1eafp \u0111\u1eb7t ch\u1ec9 b\u00e1o l\u1ed7i ng\u1eafn m\u1ea1ch ho\u1eb7c m\u00e0n h\u00ecnh tr\u1ef1c ti\u1ebfp, \u0111\u1ec3 \u0111\u1ea1t \u0111\u01b0\u1ee3c v\u1ecb tr\u00ed l\u1ed7i nhanh ho\u1eb7c ch\u1ec9 b\u00e1o tr\u1ea1ng th\u00e1i t\u00edch \u0111i\u1ec7n \u0111\u01b0\u1eddng d\u00e2y, kh\u00f4ng th\u1ec3 c\u1eafm ph\u00edch c\u1eafm t\u00edch \u0111i\u1ec7n.<\/p>\n<p>C\u1ea5p \u0111i\u1ec7n \u00e1p theo y\u00eau c\u1ea7u thi\u1ebft k\u1ebf l\u00e0 12kV ho\u1eb7c 24kV, d\u00f2ng \u0111i\u1ec7n \u0111\u1ecbnh m\u1ee9c: 250A, \u1ee9ng d\u1ee5ng ti\u1ebft di\u1ec7n c\u00e1p: 35~150mm.<\/p>\n<p><img decoding=\"async\" class=\"alignnone wp-image-1610 size-full\" src=\"http:\/\/www.xminsulation.com\/wp-content\/uploads\/2024\/05\/\u56fe\u7247341.png\" alt=\"\" width=\"1221\" height=\"1364\" srcset=\"https:\/\/www.xminsulation.com\/wp-content\/uploads\/2024\/05\/\u56fe\u7247341.png 1221w, https:\/\/www.xminsulation.com\/wp-content\/uploads\/2024\/05\/\u56fe\u7247341-269x300.png 269w, https:\/\/www.xminsulation.com\/wp-content\/uploads\/2024\/05\/\u56fe\u7247341-917x1024.png 917w, https:\/\/www.xminsulation.com\/wp-content\/uploads\/2024\/05\/\u56fe\u7247341-768x858.png 768w, https:\/\/www.xminsulation.com\/wp-content\/uploads\/2024\/05\/\u56fe\u7247341-600x670.png 600w\" sizes=\"(max-width: 1221px) 100vw, 1221px\" \/><\/p>\n<p>&nbsp;<\/p>\n<h2 class=\"wxts\">\u25c6T\u00f9y ch\u1ec9nh \u0111\u1eb7c bi\u1ec7t<\/h2>\n<p>C\u00e1c th\u00f4ng s\u1ed1 tr\u00ean l\u00e0 d\u1eef li\u1ec7u ti\u00eau bi\u1ec3u; n\u1ebfu c\u00e1c ki\u1ec3u d\u00e1ng hi\u1ec7n c\u00f3 kh\u00f4ng \u0111\u00e1p \u1ee9ng \u0111\u01b0\u1ee3c nhu c\u1ea7u c\u1ee5 th\u1ec3 c\u1ee7a b\u1ea1n, vui l\u00f2ng li\u00ean h\u1ec7 v\u1edbi ch\u00fang t\u00f4i \u0111\u1ec3 \u0111\u01b0\u1ee3c thi\u1ebft k\u1ebf ri\u00eang. Ch\u00fang t\u00f4i c\u00f3 k\u1ef9 n\u0103ng s\u1ea3n xu\u1ea5t v\u00e0 ph\u00e1t tri\u1ec3n t\u00f9y ch\u1ec9nh c\u00e1 nh\u00e2n h\u00f3a \u0111\u00e1ng k\u1ec3, cho ph\u00e9p ch\u00fang t\u00f4i cung c\u1ea5p c\u00e1c gi\u1ea3i ph\u00e1p ph\u00f9 h\u1ee3p cho kh\u00e1ch h\u00e0ng tr\u00ean to\u00e0n th\u1ebf gi\u1edbi.<\/p>","protected":false},"excerpt":{"rendered":"<p>General Information LT-12 (24) \/250 type elbow type cable connector is applied to the connection of the 250A DIN47636 standard casing, the high voltage lead wire cable. The test point can be installed short circuit fault indicator or live monitor, to achieve fast fault location or line charged state indicator, can not be charged plug. [&hellip;]<\/p>","protected":false},"featured_media":1608,"template":"","meta":{"site-sidebar-layout":"default","site-content-layout":"","ast-site-content-layout":"default","site-content-style":"default","site-sidebar-style":"default","ast-global-header-display":"","ast-banner-title-visibility":"","ast-main-header-display":"","ast-hfb-above-header-display":"","ast-hfb-below-header-display":"","ast-hfb-mobile-header-display":"","site-post-title":"","ast-breadcrumbs-content":"","ast-featured-img":"","footer-sml-layout":"","theme-transparent-header-meta":"default","adv-header-id-meta":"","stick-header-meta":"","header-above-stick-meta":"","header-main-stick-meta":"","header-below-stick-meta":"","astra-migrate-meta-layouts":"set","ast-page-background-enabled":"default","ast-page-background-meta":{"desktop":{"background-color":"","background-image":"","background-repeat":"repeat","background-position":"center center","background-size":"auto","background-attachment":"scroll","background-type":"","background-media":"","overlay-type":"","overlay-color":"","overlay-gradient":""},"tablet":{"background-color":"","background-image":"","background-repeat":"repeat","background-position":"center center","background-size":"auto","background-attachment":"scroll","background-type":"","background-media":"","overlay-type":"","overlay-color":"","overlay-gradient":""},"mobile":{"background-color":"","background-image":"","background-repeat":"repeat","background-position":"center center","background-size":"auto","background-attachment":"scroll","background-type":"","background-media":"","overlay-type":"","overlay-color":"","overlay-gradient":""}},"ast-content-background-meta":{"desktop":{"background-color":"var(--ast-global-color-5)","background-image":"","background-repeat":"repeat","background-position":"center center","background-size":"auto","background-attachment":"scroll","background-type":"","background-media":"","overlay-type":"","overlay-color":"","overlay-gradient":""},"tablet":{"background-color":"var(--ast-global-color-5)","background-image":"","background-repeat":"repeat","background-position":"center center","background-size":"auto","background-attachment":"scroll","background-type":"","background-media":"","overlay-type":"","overlay-color":"","overlay-gradient":""},"mobile":{"background-color":"var(--ast-global-color-5)","background-image":"","background-repeat":"repeat","background-position":"center center","background-size":"auto","background-attachment":"scroll","background-type":"","background-media":"","overlay-type":"","overlay-color":"","overlay-gradient":""}}},"product_cat":[53],"product_tag":[],"class_list":{"0":"post-1607","1":"product","2":"type-product","3":"status-publish","4":"has-post-thumbnail","6":"product_cat-oushi","7":"desktop-align-left","8":"tablet-align-left","9":"mobile-align-left","11":"first","12":"instock","13":"shipping-taxable","14":"product-type-simple"},"_links":{"self":[{"href":"https:\/\/www.xminsulation.com\/vi\/wp-json\/wp\/v2\/product\/1607","targetHints":{"allow":["GET"]}}],"collection":[{"href":"https:\/\/www.xminsulation.com\/vi\/wp-json\/wp\/v2\/product"}],"about":[{"href":"https:\/\/www.xminsulation.com\/vi\/wp-json\/wp\/v2\/types\/product"}],"wp:featuredmedia":[{"embeddable":true,"href":"https:\/\/www.xminsulation.com\/vi\/wp-json\/wp\/v2\/media\/1608"}],"wp:attachment":[{"href":"https:\/\/www.xminsulation.com\/vi\/wp-json\/wp\/v2\/media?parent=1607"}],"wp:term":[{"taxonomy":"product_cat","embeddable":true,"href":"https:\/\/www.xminsulation.com\/vi\/wp-json\/wp\/v2\/product_cat?post=1607"},{"taxonomy":"product_tag","embeddable":true,"href":"https:\/\/www.xminsulation.com\/vi\/wp-json\/wp\/v2\/product_tag?post=1607"}],"curies":[{"name":"wp","href":"https:\/\/api.w.org\/{rel}","templated":true}]}}