{"id":1584,"date":"2024-05-07T19:41:08","date_gmt":"2024-05-07T11:41:08","guid":{"rendered":"http:\/\/www.xminsulation.com\/?post_type=product&#038;p=1584"},"modified":"2024-05-15T15:55:04","modified_gmt":"2024-05-15T07:55:04","slug":"hblq-17-50-m-0-v-bushing-rear-surge-arrester","status":"publish","type":"product","link":"https:\/\/www.xminsulation.com\/vi\/product\/hblq-17-50-m-0-v-bushing-rear-surge-arrester\/","title":{"rendered":"HBLQ-17\/50 M.0.V Bushing B\u1ed9 ch\u1ed1ng s\u00e9t lan truy\u1ec1n ph\u00eda sau"},"content":{"rendered":"<p><img fetchpriority=\"high\" decoding=\"async\" class=\"alignnone wp-image-1586 size-full\" src=\"http:\/\/www.xminsulation.com\/wp-content\/uploads\/2024\/05\/\u56fe\u7247328-1.png\" alt=\"\" width=\"567\" height=\"567\" srcset=\"https:\/\/www.xminsulation.com\/wp-content\/uploads\/2024\/05\/\u56fe\u7247328-1.png 567w, https:\/\/www.xminsulation.com\/wp-content\/uploads\/2024\/05\/\u56fe\u7247328-1-300x300.png 300w, https:\/\/www.xminsulation.com\/wp-content\/uploads\/2024\/05\/\u56fe\u7247328-1-150x150.png 150w, https:\/\/www.xminsulation.com\/wp-content\/uploads\/2024\/05\/\u56fe\u7247328-1-100x100.png 100w\" sizes=\"(max-width: 567px) 100vw, 567px\" \/><\/p>\n<h2><strong><b>Th\u00f4ng tin chung<\/b><\/strong><\/h2>\n<p>Thi\u1ebft b\u1ecb ch\u1ed1ng s\u00e9t van MOV 17\/50kV cung c\u1ea5p m\u1ea1ng l\u01b0\u1edbi \u0111i\u1ec7n trung th\u1ebf b\u1ea3o v\u1ec7 \u0111\u00e1ng tin c\u1eady. S\u1eed d\u1ee5ng l\u1edbp ch\u1eafn b\u00e1n d\u1eabn \u0111\u1ec3 \u0111\u1ea3m b\u1ea3o an to\u00e0n cho ng\u01b0\u1eddi v\u00e0 thi\u1ebft b\u1ecb ho\u1ea1t \u0111\u1ed9ng t\u1ed1t, ngo\u00e0i ra c\u00f2n c\u00f3 s\u1ed1 l\u01b0\u1ee3ng l\u1edbn \u0111\u1ec3 \u0111\u1ea3m b\u1ea3o c\u00f3 th\u1ec3 ho\u1ea1t \u0111\u1ed9ng trong nhi\u1ec1u tr\u01b0\u1eddng h\u1ee3p.<\/p>\n<p>B\u1ed9 ch\u1ed1ng s\u00e9t van MOV 17\/50kV c\u00f3 th\u1ec3 \u0111\u01b0\u1ee3c s\u1eed d\u1ee5ng c\u00f9ng v\u1edbi \u0111\u1ea7u n\u1ed1i ch\u1eef T ph\u00eda sau.<\/p>\n<p><img decoding=\"async\" class=\"alignnone wp-image-1587 size-full\" src=\"http:\/\/www.xminsulation.com\/wp-content\/uploads\/2024\/05\/\u56fe\u7247329.png\" alt=\"\" width=\"337\" height=\"627\" srcset=\"https:\/\/www.xminsulation.com\/wp-content\/uploads\/2024\/05\/\u56fe\u7247329.png 337w, https:\/\/www.xminsulation.com\/wp-content\/uploads\/2024\/05\/\u56fe\u7247329-161x300.png 161w\" sizes=\"(max-width: 337px) 100vw, 337px\" \/><\/p>\n<h2><strong><b>C\u1ea5u tr\u00fac s\u1ea3n ph\u1ea9m<\/b><\/strong><\/h2>\n<ol>\n<li>L\u1edbp c\u00e1ch nhi\u1ec7t: c\u00f4ng th\u1ee9c v\u00e0 c\u00f4ng ngh\u1ec7 pha tr\u1ed9n \u0111\u1ed9c \u0111\u00e1o \u0111\u1ec3 \u0111\u1ea3m b\u1ea3o ch\u1ea5t l\u01b0\u1ee3ng c\u1ee7a cao su c\u00e1ch nhi\u1ec7t EPDM \u0111\u00fac s\u1eb5n.<\/li>\n<li>L\u1edbp b\u00e1n d\u1eabn b\u00ean ngo\u00e0i: Cao su d\u1eabn \u0111i\u1ec7n EPDM \u0111\u00fac s\u1eb5n theo ti\u00eau chu\u1ea9n IEEE592.<\/li>\n<li>L\u00f5i ch\u1ed1ng s\u00e9t: \u0111\u01b0\u1ee3c c\u1ea5u t\u1ea1o t\u1eeb K\u1ebdm Oxit MOA th\u00f4ng qua qu\u00e1 tr\u00ecnh gia c\u00f4ng th\u1ee7 c\u00f4ng \u0111\u1eb7c bi\u1ec7t.<\/li>\n<li>\u0111\u1ed3ng, n\u1eafp \u0111\u00e1y \u0111\u1ed3ng, n\u1eafp \u0111\u00e1y v\u00e0 l\u1edbp ch\u1ed1ng s\u00e9t b\u00ean ngo\u00e0i \u0111\u01b0\u1ee3c k\u1ebft n\u1ed1i ch\u1eb7t ch\u1ebd, t\u1ea1o th\u00e0nh b\u1ed9 ch\u1ed1ng s\u00e9t hi\u1ec7u qu\u1ea3 v\u00e0 cung c\u1ea5p ti\u1ebfp \u0111\u1ecba cho b\u1ed9 ch\u1ed1ng s\u00e9t.<\/li>\n<li>\u0110\u1ea7u d\u01b0\u1edbi c\u1ee7a d\u00e2y n\u1ed1i \u0111\u1ea5t: b\u1ed9 ch\u1ed1ng s\u00e9t lan truy\u1ec1n tr\u00ean m\u1eb7t \u0111\u1ea5t, s\u1ebd n\u1ed1i \u0111\u1ea5t hi\u1ec7u qu\u1ea3 cho \u0111i\u1ec7n \u00e1p xung s\u00e9t<\/li>\n<\/ol>\n<p>d\u1eabn \u0111\u1ebfn v\u1ecb tr\u00ed n\u1ed1i \u0111\u1ea5t.<\/p>\n<ol start=\"6\">\n<li>l\u1edbp b\u00e1n d\u1eabn b\u00ean trong: cao su d\u1eabn \u0111i\u1ec7n EPDM \u0111\u00fac s\u1eb5n c\u00f3 kh\u1ea3 n\u0103ng ki\u1ec3m so\u00e1t \u1ee9ng su\u1ea5t \u0111i\u1ec7n hi\u1ec7u qu\u1ea3.<\/li>\n<li>Bu l\u00f4ng hai \u0111\u1ea7u: bu l\u00f4ng l\u00f5i \u0111\u1ed3ng m\u1ea1 thi\u1ebfc v\u00e0 v\u1ecf \u0111\u1ec3 \u0111\u1ea3m b\u1ea3o ph\u1ed1i h\u1ee3p ch\u1eb7t ch\u1ebd.<\/li>\n<li>N\u1eafp \u0111\u1ea7u c\u00e1ch \u0111i\u1ec7n: s\u1ea3n ph\u1ea9m c\u00f3 t\u00e1c d\u1ee5ng b\u1ecbt k\u00edn c\u00e1ch \u0111i\u1ec7n.<\/li>\n<\/ol>\n<p><img decoding=\"async\" class=\"alignnone wp-image-1588 size-full\" src=\"http:\/\/www.xminsulation.com\/wp-content\/uploads\/2024\/05\/\u56fe\u7247330.png\" alt=\"\" width=\"838\" height=\"216\" srcset=\"https:\/\/www.xminsulation.com\/wp-content\/uploads\/2024\/05\/\u56fe\u7247330.png 838w, https:\/\/www.xminsulation.com\/wp-content\/uploads\/2024\/05\/\u56fe\u7247330-300x77.png 300w, https:\/\/www.xminsulation.com\/wp-content\/uploads\/2024\/05\/\u56fe\u7247330-768x198.png 768w, https:\/\/www.xminsulation.com\/wp-content\/uploads\/2024\/05\/\u56fe\u7247330-600x155.png 600w\" sizes=\"(max-width: 838px) 100vw, 838px\" \/><\/p>\n<p>&nbsp;<\/p>\n<div class=\"wxts\">\n<h2>\u25c6T\u00f9y ch\u1ec9nh \u0111\u1eb7c bi\u1ec7t<\/h2>\n<p>C\u00e1c th\u00f4ng s\u1ed1 tr\u00ean l\u00e0 d\u1eef li\u1ec7u ti\u00eau bi\u1ec3u; n\u1ebfu c\u00e1c ki\u1ec3u d\u00e1ng hi\u1ec7n c\u00f3 kh\u00f4ng \u0111\u00e1p \u1ee9ng \u0111\u01b0\u1ee3c nhu c\u1ea7u c\u1ee5 th\u1ec3 c\u1ee7a b\u1ea1n, vui l\u00f2ng li\u00ean h\u1ec7 v\u1edbi ch\u00fang t\u00f4i \u0111\u1ec3 \u0111\u01b0\u1ee3c thi\u1ebft k\u1ebf ri\u00eang. Ch\u00fang t\u00f4i c\u00f3 k\u1ef9 n\u0103ng s\u1ea3n xu\u1ea5t v\u00e0 ph\u00e1t tri\u1ec3n t\u00f9y ch\u1ec9nh c\u00e1 nh\u00e2n h\u00f3a \u0111\u00e1ng k\u1ec3, cho ph\u00e9p ch\u00fang t\u00f4i cung c\u1ea5p c\u00e1c gi\u1ea3i ph\u00e1p ph\u00f9 h\u1ee3p cho kh\u00e1ch h\u00e0ng tr\u00ean to\u00e0n th\u1ebf gi\u1edbi.<\/p>\n<\/div>","protected":false},"excerpt":{"rendered":"<p>General Information 17\/50kV M.O.V Bushing Surge Arrester provide a reliable protective medium voltage network . using the semi-conductive shield to make sure the person is safe and the equipment can work well, also they have the high quantity to make sure they can work in the Circumstances. The 17\/50kV M.O.V Bushing Surge\u00a0Arrester can be use [&hellip;]<\/p>","protected":false},"featured_media":1585,"template":"","meta":{"site-sidebar-layout":"default","site-content-layout":"","ast-site-content-layout":"default","site-content-style":"default","site-sidebar-style":"default","ast-global-header-display":"","ast-banner-title-visibility":"","ast-main-header-display":"","ast-hfb-above-header-display":"","ast-hfb-below-header-display":"","ast-hfb-mobile-header-display":"","site-post-title":"","ast-breadcrumbs-content":"","ast-featured-img":"","footer-sml-layout":"","theme-transparent-header-meta":"default","adv-header-id-meta":"","stick-header-meta":"","header-above-stick-meta":"","header-main-stick-meta":"","header-below-stick-meta":"","astra-migrate-meta-layouts":"set","ast-page-background-enabled":"default","ast-page-background-meta":{"desktop":{"background-color":"","background-image":"","background-repeat":"repeat","background-position":"center center","background-size":"auto","background-attachment":"scroll","background-type":"","background-media":"","overlay-type":"","overlay-color":"","overlay-gradient":""},"tablet":{"background-color":"","background-image":"","background-repeat":"repeat","background-position":"center center","background-size":"auto","background-attachment":"scroll","background-type":"","background-media":"","overlay-type":"","overlay-color":"","overlay-gradient":""},"mobile":{"background-color":"","background-image":"","background-repeat":"repeat","background-position":"center center","background-size":"auto","background-attachment":"scroll","background-type":"","background-media":"","overlay-type":"","overlay-color":"","overlay-gradient":""}},"ast-content-background-meta":{"desktop":{"background-color":"var(--ast-global-color-5)","background-image":"","background-repeat":"repeat","background-position":"center center","background-size":"auto","background-attachment":"scroll","background-type":"","background-media":"","overlay-type":"","overlay-color":"","overlay-gradient":""},"tablet":{"background-color":"var(--ast-global-color-5)","background-image":"","background-repeat":"repeat","background-position":"center center","background-size":"auto","background-attachment":"scroll","background-type":"","background-media":"","overlay-type":"","overlay-color":"","overlay-gradient":""},"mobile":{"background-color":"var(--ast-global-color-5)","background-image":"","background-repeat":"repeat","background-position":"center center","background-size":"auto","background-attachment":"scroll","background-type":"","background-media":"","overlay-type":"","overlay-color":"","overlay-gradient":""}}},"product_cat":[53],"product_tag":[],"class_list":{"0":"post-1584","1":"product","2":"type-product","3":"status-publish","4":"has-post-thumbnail","6":"product_cat-oushi","7":"desktop-align-left","8":"tablet-align-left","9":"mobile-align-left","11":"first","12":"instock","13":"shipping-taxable","14":"product-type-simple"},"_links":{"self":[{"href":"https:\/\/www.xminsulation.com\/vi\/wp-json\/wp\/v2\/product\/1584","targetHints":{"allow":["GET"]}}],"collection":[{"href":"https:\/\/www.xminsulation.com\/vi\/wp-json\/wp\/v2\/product"}],"about":[{"href":"https:\/\/www.xminsulation.com\/vi\/wp-json\/wp\/v2\/types\/product"}],"wp:featuredmedia":[{"embeddable":true,"href":"https:\/\/www.xminsulation.com\/vi\/wp-json\/wp\/v2\/media\/1585"}],"wp:attachment":[{"href":"https:\/\/www.xminsulation.com\/vi\/wp-json\/wp\/v2\/media?parent=1584"}],"wp:term":[{"taxonomy":"product_cat","embeddable":true,"href":"https:\/\/www.xminsulation.com\/vi\/wp-json\/wp\/v2\/product_cat?post=1584"},{"taxonomy":"product_tag","embeddable":true,"href":"https:\/\/www.xminsulation.com\/vi\/wp-json\/wp\/v2\/product_tag?post=1584"}],"curies":[{"name":"wp","href":"https:\/\/api.w.org\/{rel}","templated":true}]}}