{"id":1574,"date":"2024-05-07T18:02:35","date_gmt":"2024-05-07T10:02:35","guid":{"rendered":"http:\/\/www.xminsulation.com\/?post_type=product&#038;p=1574"},"modified":"2024-05-15T15:56:01","modified_gmt":"2024-05-15T07:56:01","slug":"jym-12kv-24kv-630a-lnsulated-protective-cap","status":"publish","type":"product","link":"https:\/\/www.xminsulation.com\/vi\/product\/jym-12kv-24kv-630a-lnsulated-protective-cap\/","title":{"rendered":"JYM-12kV\/24kV 630A N\u1eafp b\u1ea3o v\u1ec7 c\u00e1ch \u0111i\u1ec7n"},"content":{"rendered":"<p><strong><b><img fetchpriority=\"high\" decoding=\"async\" class=\"alignnone wp-image-1576 size-full\" src=\"http:\/\/www.xminsulation.com\/wp-content\/uploads\/2024\/05\/\u56fe\u7247322-1.png\" alt=\"\" width=\"504\" height=\"504\" srcset=\"https:\/\/www.xminsulation.com\/wp-content\/uploads\/2024\/05\/\u56fe\u7247322-1.png 504w, https:\/\/www.xminsulation.com\/wp-content\/uploads\/2024\/05\/\u56fe\u7247322-1-300x300.png 300w, https:\/\/www.xminsulation.com\/wp-content\/uploads\/2024\/05\/\u56fe\u7247322-1-150x150.png 150w, https:\/\/www.xminsulation.com\/wp-content\/uploads\/2024\/05\/\u56fe\u7247322-1-100x100.png 100w\" sizes=\"(max-width: 504px) 100vw, 504px\" \/><\/b><\/strong><\/p>\n<h2><strong><b>Th\u00f4ng tin chung<\/b><\/strong><\/h2>\n<p>N\u1eafp c\u00e1ch \u0111i\u1ec7n 12KV\/24KV l\u00e0 ph\u1ee5 ki\u1ec7n cho \u1ed1ng b\u1ecdc \u0111i\u1ec3m. N\u00f3 cung c\u1ea5p l\u1edbp v\u1ecf c\u00e1ch \u0111i\u1ec7n cho \u1ed1ng b\u1ecdc \u0111i\u1ec3m v\u00e0 l\u1edbp v\u1ecf ch\u1ed1ng b\u1ee5i v\u00e0 ch\u1ed1ng \u1ea9m cho m\u1ed1i n\u1ed1i th\u1ea9m v\u1ea5n kh\u00f4ng ph\u1ea3i \u0111i\u1ec3m.<\/p>\n<p>N\u1eafp c\u00e1ch \u0111i\u1ec7n 630A c\u00f3 th\u1ec3 \u0111\u01b0\u1ee3c l\u1eafp tr\u00ean \u1ed1ng l\u00f3t 630A, thanh c\u00e1i v\u00e0 thi\u1ebft b\u1ecb treo t\u01b0\u1eddng. Khi thanh c\u00e1i v\u00e0 \u0111\u1ea7u n\u1ed1i c\u00e1p \u0111\u01b0\u1ee3c d\u00e0nh ri\u00eang cho \u1ed5 c\u1eafm d\u1ef1 ph\u00f2ng, ph\u1ea3i \u0111\u01b0\u1ee3c b\u1ecbt k\u00edn b\u1eb1ng n\u1eafp c\u00e1ch \u0111i\u1ec7n 630A.<\/p>\n<p><img decoding=\"async\" class=\"alignnone wp-image-1577 size-full\" src=\"http:\/\/www.xminsulation.com\/wp-content\/uploads\/2024\/05\/\u56fe\u7247323.png\" alt=\"\" width=\"483\" height=\"392\" srcset=\"https:\/\/www.xminsulation.com\/wp-content\/uploads\/2024\/05\/\u56fe\u7247323.png 483w, https:\/\/www.xminsulation.com\/wp-content\/uploads\/2024\/05\/\u56fe\u7247323-300x243.png 300w\" sizes=\"(max-width: 483px) 100vw, 483px\" \/><\/p>\n<h2><strong><b>C\u1ea5u tr\u00fac s\u1ea3n ph\u1ea9m<\/b><\/strong><\/h2>\n<ol>\n<li>Ho\u1ea1t \u0111\u1ed9ng c\u1ee7a v\u00f2ng: \u0111\u01b0\u1ee3c l\u00e0m b\u1eb1ng th\u00e9p kh\u00f4ng g\u1ec9, vi\u1ec7c l\u1eafp \u0111\u1eb7t v\u00e0 v\u1eadn h\u00e0nh l\u00e0 s\u1ea3n ph\u1ea9m thu\u1eadn ti\u1ec7n;<\/li>\n<li>L\u1edbp c\u00e1ch nhi\u1ec7t: c\u00f4ng ngh\u1ec7 pha ch\u1ebf v\u00e0 pha tr\u1ed9n \u0111\u1ed9c \u0111\u00e1o \u0111\u1ea3m b\u1ea3o ch\u1ea5t l\u01b0\u1ee3ng cao su c\u00e1ch nhi\u1ec7t EPDM \u0111\u00fac s\u1eb5n;<\/li>\n<li>L\u1edbp b\u00e1n d\u1eabn b\u00ean ngo\u00e0i: Cao su d\u1eabn \u0111i\u1ec7n EPDM ch\u1ebf t\u1ea1o s\u1eb5n theo ti\u00eau chu\u1ea9n IEEE592;<\/li>\n<li>ren trong: ren trong cho M16-2;<\/li>\n<li>n\u1ed1i \u0111\u1ea5t b\u1eb1ng m\u1eaft n\u1ed1i \u0111\u1ea5t: m\u1eaft, l\u00e0m cho s\u1ea3n ph\u1ea9m \u0111\u01b0\u1ee3c n\u1ed1i \u0111\u1ea5t.<\/li>\n<\/ol>\n<p><img decoding=\"async\" class=\"alignnone wp-image-1578 size-full\" src=\"http:\/\/www.xminsulation.com\/wp-content\/uploads\/2024\/05\/\u56fe\u7247324.png\" alt=\"\" width=\"1008\" height=\"278\" srcset=\"https:\/\/www.xminsulation.com\/wp-content\/uploads\/2024\/05\/\u56fe\u7247324.png 1008w, https:\/\/www.xminsulation.com\/wp-content\/uploads\/2024\/05\/\u56fe\u7247324-300x83.png 300w, https:\/\/www.xminsulation.com\/wp-content\/uploads\/2024\/05\/\u56fe\u7247324-768x212.png 768w, https:\/\/www.xminsulation.com\/wp-content\/uploads\/2024\/05\/\u56fe\u7247324-600x165.png 600w\" sizes=\"(max-width: 1008px) 100vw, 1008px\" \/><\/p>\n<p>&nbsp;<\/p>\n<div class=\"wxts\">\n<h2>\u25c6T\u00f9y ch\u1ec9nh \u0111\u1eb7c bi\u1ec7t<\/h2>\n<p>C\u00e1c th\u00f4ng s\u1ed1 tr\u00ean l\u00e0 d\u1eef li\u1ec7u ti\u00eau bi\u1ec3u; n\u1ebfu c\u00e1c ki\u1ec3u d\u00e1ng hi\u1ec7n c\u00f3 kh\u00f4ng \u0111\u00e1p \u1ee9ng \u0111\u01b0\u1ee3c nhu c\u1ea7u c\u1ee5 th\u1ec3 c\u1ee7a b\u1ea1n, vui l\u00f2ng li\u00ean h\u1ec7 v\u1edbi ch\u00fang t\u00f4i \u0111\u1ec3 \u0111\u01b0\u1ee3c thi\u1ebft k\u1ebf ri\u00eang. Ch\u00fang t\u00f4i c\u00f3 k\u1ef9 n\u0103ng s\u1ea3n xu\u1ea5t v\u00e0 ph\u00e1t tri\u1ec3n t\u00f9y ch\u1ec9nh c\u00e1 nh\u00e2n h\u00f3a \u0111\u00e1ng k\u1ec3, cho ph\u00e9p ch\u00fang t\u00f4i cung c\u1ea5p c\u00e1c gi\u1ea3i ph\u00e1p ph\u00f9 h\u1ee3p cho kh\u00e1ch h\u00e0ng tr\u00ean to\u00e0n th\u1ebf gi\u1edbi.<\/p>\n<\/div>","protected":false},"excerpt":{"rendered":"<p>General Information The 12KV\/24KV insulating cap is an accessory to the point sleeve. It provides insulation envelope for the point sleeve and dust-proof and moisture-proof envelope for the non-point interrogative joint. The 630A insulating cap can be installed on the 630A bushing, bus bar and wall hanging equipment. When the bus bar and cable connector [&hellip;]<\/p>","protected":false},"featured_media":1575,"template":"","meta":{"site-sidebar-layout":"default","site-content-layout":"","ast-site-content-layout":"default","site-content-style":"default","site-sidebar-style":"default","ast-global-header-display":"","ast-banner-title-visibility":"","ast-main-header-display":"","ast-hfb-above-header-display":"","ast-hfb-below-header-display":"","ast-hfb-mobile-header-display":"","site-post-title":"","ast-breadcrumbs-content":"","ast-featured-img":"","footer-sml-layout":"","theme-transparent-header-meta":"default","adv-header-id-meta":"","stick-header-meta":"","header-above-stick-meta":"","header-main-stick-meta":"","header-below-stick-meta":"","astra-migrate-meta-layouts":"set","ast-page-background-enabled":"default","ast-page-background-meta":{"desktop":{"background-color":"","background-image":"","background-repeat":"repeat","background-position":"center center","background-size":"auto","background-attachment":"scroll","background-type":"","background-media":"","overlay-type":"","overlay-color":"","overlay-gradient":""},"tablet":{"background-color":"","background-image":"","background-repeat":"repeat","background-position":"center center","background-size":"auto","background-attachment":"scroll","background-type":"","background-media":"","overlay-type":"","overlay-color":"","overlay-gradient":""},"mobile":{"background-color":"","background-image":"","background-repeat":"repeat","background-position":"center center","background-size":"auto","background-attachment":"scroll","background-type":"","background-media":"","overlay-type":"","overlay-color":"","overlay-gradient":""}},"ast-content-background-meta":{"desktop":{"background-color":"var(--ast-global-color-5)","background-image":"","background-repeat":"repeat","background-position":"center center","background-size":"auto","background-attachment":"scroll","background-type":"","background-media":"","overlay-type":"","overlay-color":"","overlay-gradient":""},"tablet":{"background-color":"var(--ast-global-color-5)","background-image":"","background-repeat":"repeat","background-position":"center center","background-size":"auto","background-attachment":"scroll","background-type":"","background-media":"","overlay-type":"","overlay-color":"","overlay-gradient":""},"mobile":{"background-color":"var(--ast-global-color-5)","background-image":"","background-repeat":"repeat","background-position":"center center","background-size":"auto","background-attachment":"scroll","background-type":"","background-media":"","overlay-type":"","overlay-color":"","overlay-gradient":""}}},"product_cat":[53],"product_tag":[],"class_list":{"0":"post-1574","1":"product","2":"type-product","3":"status-publish","4":"has-post-thumbnail","6":"product_cat-oushi","7":"desktop-align-left","8":"tablet-align-left","9":"mobile-align-left","11":"first","12":"instock","13":"shipping-taxable","14":"product-type-simple"},"_links":{"self":[{"href":"https:\/\/www.xminsulation.com\/vi\/wp-json\/wp\/v2\/product\/1574","targetHints":{"allow":["GET"]}}],"collection":[{"href":"https:\/\/www.xminsulation.com\/vi\/wp-json\/wp\/v2\/product"}],"about":[{"href":"https:\/\/www.xminsulation.com\/vi\/wp-json\/wp\/v2\/types\/product"}],"wp:featuredmedia":[{"embeddable":true,"href":"https:\/\/www.xminsulation.com\/vi\/wp-json\/wp\/v2\/media\/1575"}],"wp:attachment":[{"href":"https:\/\/www.xminsulation.com\/vi\/wp-json\/wp\/v2\/media?parent=1574"}],"wp:term":[{"taxonomy":"product_cat","embeddable":true,"href":"https:\/\/www.xminsulation.com\/vi\/wp-json\/wp\/v2\/product_cat?post=1574"},{"taxonomy":"product_tag","embeddable":true,"href":"https:\/\/www.xminsulation.com\/vi\/wp-json\/wp\/v2\/product_tag?post=1574"}],"curies":[{"name":"wp","href":"https:\/\/api.w.org\/{rel}","templated":true}]}}