{"id":1567,"date":"2024-05-07T18:00:21","date_gmt":"2024-05-07T10:00:21","guid":{"rendered":"http:\/\/www.xminsulation.com\/?post_type=product&#038;p=1567"},"modified":"2024-05-15T15:58:14","modified_gmt":"2024-05-15T07:58:14","slug":"24kv630a-%cf%80-type-tangible-fore-surge-arrester","status":"publish","type":"product","link":"https:\/\/www.xminsulation.com\/vi\/product\/24kv630a-%cf%80-type-tangible-fore-surge-arrester\/","title":{"rendered":"B\u1ed9 ch\u1ed1ng s\u00e9t lan truy\u1ec1n ph\u00eda tr\u01b0\u1edbc lo\u1ea1i 24kV630A \u03c0"},"content":{"rendered":"<p><img fetchpriority=\"high\" decoding=\"async\" class=\"alignnone wp-image-1569 size-full\" src=\"http:\/\/www.xminsulation.com\/wp-content\/uploads\/2024\/05\/\u56fe\u7247317-1.jpg\" alt=\"\" width=\"1020\" height=\"1020\" srcset=\"https:\/\/www.xminsulation.com\/wp-content\/uploads\/2024\/05\/\u56fe\u7247317-1.jpg 1020w, https:\/\/www.xminsulation.com\/wp-content\/uploads\/2024\/05\/\u56fe\u7247317-1-300x300.jpg 300w, https:\/\/www.xminsulation.com\/wp-content\/uploads\/2024\/05\/\u56fe\u7247317-1-150x150.jpg 150w, https:\/\/www.xminsulation.com\/wp-content\/uploads\/2024\/05\/\u56fe\u7247317-1-768x768.jpg 768w, https:\/\/www.xminsulation.com\/wp-content\/uploads\/2024\/05\/\u56fe\u7247317-1-600x600.jpg 600w, https:\/\/www.xminsulation.com\/wp-content\/uploads\/2024\/05\/\u56fe\u7247317-1-100x100.jpg 100w\" sizes=\"(max-width: 1020px) 100vw, 1020px\" \/><\/p>\n<h2><strong><b>Th\u00f4ng tin chung<\/b><\/strong><\/h2>\n<p>\u0110\u1ea7u n\u1ed1i h\u1eefu h\u00ecnh lo\u1ea1i \u03c0 \u0111\u01b0\u1ee3c s\u1eed d\u1ee5ng trong m\u1ea1ng v\u00f2ng tr\u01b0\u1edbc khi h\u1ed9p, nh\u00e1nh c\u00e1p c\u1ee7a h\u1ed9p ho\u1eb7c h\u1ed9p tr\u1edf th\u00e0nh h\u1ec7 th\u1ed1ng m\u1ea1ng v\u00f2ng ch\u00ednh, nh\u01b0 c\u00e1c k\u1ebft n\u1ed1i c\u00e1p v\u00e0o v\u00e0 ra. C\u00f3 th\u1ec3 k\u1ebft n\u1ed1i v\u1edbi m\u1ed1i n\u1ed1i 630 A v\u00e0 th\u00f4ng qua sau s\u1ebd ch\u1ea1m v\u00e0o t\u1ed5 h\u1ee3p kh\u1edbp \u0111\u1ec3 t\u1ea1o ra m\u1ea1ch k\u1ebft n\u1ed1i nhi\u1ec1u h\u01a1n.<\/p>\n<p>D\u00f2ng \u0111i\u1ec7n \u0111\u1ecbnh m\u1ee9c c\u1ee7a \u0111\u1ea7u n\u1ed1i h\u1eefu h\u00ecnh lo\u1ea1i \u03c0 l\u00e0 630A, \u00e1p d\u1ee5ng cho c\u00e1p \u0111i\u1ec7n XLPE c\u00f3 ti\u1ebft di\u1ec7n 25-300mm.<\/p>\n<p><img decoding=\"async\" class=\"alignnone wp-image-1570 size-full\" src=\"http:\/\/www.xminsulation.com\/wp-content\/uploads\/2024\/05\/\u56fe\u7247318.png\" alt=\"\" width=\"342\" height=\"582\" srcset=\"https:\/\/www.xminsulation.com\/wp-content\/uploads\/2024\/05\/\u56fe\u7247318.png 342w, https:\/\/www.xminsulation.com\/wp-content\/uploads\/2024\/05\/\u56fe\u7247318-176x300.png 176w\" sizes=\"(max-width: 342px) 100vw, 342px\" \/> <img decoding=\"async\" class=\"alignnone wp-image-1571 size-full\" src=\"http:\/\/www.xminsulation.com\/wp-content\/uploads\/2024\/05\/\u56fe\u7247319.png\" alt=\"\" width=\"512\" height=\"629\" srcset=\"https:\/\/www.xminsulation.com\/wp-content\/uploads\/2024\/05\/\u56fe\u7247319.png 512w, https:\/\/www.xminsulation.com\/wp-content\/uploads\/2024\/05\/\u56fe\u7247319-244x300.png 244w\" sizes=\"(max-width: 512px) 100vw, 512px\" \/> <img loading=\"lazy\" decoding=\"async\" class=\"alignnone wp-image-1572 size-large\" src=\"http:\/\/www.xminsulation.com\/wp-content\/uploads\/2024\/05\/\u56fe\u7247320-1024x557.png\" alt=\"\" width=\"1024\" height=\"557\" srcset=\"https:\/\/www.xminsulation.com\/wp-content\/uploads\/2024\/05\/\u56fe\u7247320-1024x557.png 1024w, https:\/\/www.xminsulation.com\/wp-content\/uploads\/2024\/05\/\u56fe\u7247320-300x163.png 300w, https:\/\/www.xminsulation.com\/wp-content\/uploads\/2024\/05\/\u56fe\u7247320-768x418.png 768w, https:\/\/www.xminsulation.com\/wp-content\/uploads\/2024\/05\/\u56fe\u7247320-600x327.png 600w, https:\/\/www.xminsulation.com\/wp-content\/uploads\/2024\/05\/\u56fe\u7247320.png 1172w\" sizes=\"(max-width: 1024px) 100vw, 1024px\" \/> <img loading=\"lazy\" decoding=\"async\" class=\"alignnone wp-image-1573 size-full\" src=\"http:\/\/www.xminsulation.com\/wp-content\/uploads\/2024\/05\/\u56fe\u7247321.png\" alt=\"\" width=\"1000\" height=\"708\" srcset=\"https:\/\/www.xminsulation.com\/wp-content\/uploads\/2024\/05\/\u56fe\u7247321.png 1000w, https:\/\/www.xminsulation.com\/wp-content\/uploads\/2024\/05\/\u56fe\u7247321-300x212.png 300w, https:\/\/www.xminsulation.com\/wp-content\/uploads\/2024\/05\/\u56fe\u7247321-768x544.png 768w, https:\/\/www.xminsulation.com\/wp-content\/uploads\/2024\/05\/\u56fe\u7247321-600x425.png 600w\" sizes=\"(max-width: 1000px) 100vw, 1000px\" \/><\/p>\n<p>&nbsp;<\/p>\n<div class=\"wxts\">\n<h2>\u25c6T\u00f9y ch\u1ec9nh \u0111\u1eb7c bi\u1ec7t<\/h2>\n<p>C\u00e1c th\u00f4ng s\u1ed1 tr\u00ean l\u00e0 d\u1eef li\u1ec7u ti\u00eau bi\u1ec3u; n\u1ebfu c\u00e1c ki\u1ec3u d\u00e1ng hi\u1ec7n c\u00f3 kh\u00f4ng \u0111\u00e1p \u1ee9ng \u0111\u01b0\u1ee3c nhu c\u1ea7u c\u1ee5 th\u1ec3 c\u1ee7a b\u1ea1n, vui l\u00f2ng li\u00ean h\u1ec7 v\u1edbi ch\u00fang t\u00f4i \u0111\u1ec3 \u0111\u01b0\u1ee3c thi\u1ebft k\u1ebf ri\u00eang. Ch\u00fang t\u00f4i c\u00f3 k\u1ef9 n\u0103ng s\u1ea3n xu\u1ea5t v\u00e0 ph\u00e1t tri\u1ec3n t\u00f9y ch\u1ec9nh c\u00e1 nh\u00e2n h\u00f3a \u0111\u00e1ng k\u1ec3, cho ph\u00e9p ch\u00fang t\u00f4i cung c\u1ea5p c\u00e1c gi\u1ea3i ph\u00e1p ph\u00f9 h\u1ee3p cho kh\u00e1ch h\u00e0ng tr\u00ean to\u00e0n th\u1ebf gi\u1edbi.<\/p>\n<\/div>","protected":false},"excerpt":{"rendered":"<p>General Information \u03c0 type tangible connector is used in ring network before the ark, cable branch of the box or box become main system ring net system, as the in and out cable connections. Can be connected to630 A junction and through after shall touch joint combination to creating more connected circuit. The rated current [&hellip;]<\/p>","protected":false},"featured_media":1568,"template":"","meta":{"site-sidebar-layout":"default","site-content-layout":"","ast-site-content-layout":"default","site-content-style":"default","site-sidebar-style":"default","ast-global-header-display":"","ast-banner-title-visibility":"","ast-main-header-display":"","ast-hfb-above-header-display":"","ast-hfb-below-header-display":"","ast-hfb-mobile-header-display":"","site-post-title":"","ast-breadcrumbs-content":"","ast-featured-img":"","footer-sml-layout":"","theme-transparent-header-meta":"default","adv-header-id-meta":"","stick-header-meta":"","header-above-stick-meta":"","header-main-stick-meta":"","header-below-stick-meta":"","astra-migrate-meta-layouts":"set","ast-page-background-enabled":"default","ast-page-background-meta":{"desktop":{"background-color":"","background-image":"","background-repeat":"repeat","background-position":"center center","background-size":"auto","background-attachment":"scroll","background-type":"","background-media":"","overlay-type":"","overlay-color":"","overlay-gradient":""},"tablet":{"background-color":"","background-image":"","background-repeat":"repeat","background-position":"center center","background-size":"auto","background-attachment":"scroll","background-type":"","background-media":"","overlay-type":"","overlay-color":"","overlay-gradient":""},"mobile":{"background-color":"","background-image":"","background-repeat":"repeat","background-position":"center center","background-size":"auto","background-attachment":"scroll","background-type":"","background-media":"","overlay-type":"","overlay-color":"","overlay-gradient":""}},"ast-content-background-meta":{"desktop":{"background-color":"var(--ast-global-color-5)","background-image":"","background-repeat":"repeat","background-position":"center center","background-size":"auto","background-attachment":"scroll","background-type":"","background-media":"","overlay-type":"","overlay-color":"","overlay-gradient":""},"tablet":{"background-color":"var(--ast-global-color-5)","background-image":"","background-repeat":"repeat","background-position":"center center","background-size":"auto","background-attachment":"scroll","background-type":"","background-media":"","overlay-type":"","overlay-color":"","overlay-gradient":""},"mobile":{"background-color":"var(--ast-global-color-5)","background-image":"","background-repeat":"repeat","background-position":"center center","background-size":"auto","background-attachment":"scroll","background-type":"","background-media":"","overlay-type":"","overlay-color":"","overlay-gradient":""}}},"product_cat":[53],"product_tag":[],"class_list":{"0":"post-1567","1":"product","2":"type-product","3":"status-publish","4":"has-post-thumbnail","6":"product_cat-oushi","7":"desktop-align-left","8":"tablet-align-left","9":"mobile-align-left","11":"first","12":"instock","13":"shipping-taxable","14":"product-type-simple"},"_links":{"self":[{"href":"https:\/\/www.xminsulation.com\/vi\/wp-json\/wp\/v2\/product\/1567","targetHints":{"allow":["GET"]}}],"collection":[{"href":"https:\/\/www.xminsulation.com\/vi\/wp-json\/wp\/v2\/product"}],"about":[{"href":"https:\/\/www.xminsulation.com\/vi\/wp-json\/wp\/v2\/types\/product"}],"wp:featuredmedia":[{"embeddable":true,"href":"https:\/\/www.xminsulation.com\/vi\/wp-json\/wp\/v2\/media\/1568"}],"wp:attachment":[{"href":"https:\/\/www.xminsulation.com\/vi\/wp-json\/wp\/v2\/media?parent=1567"}],"wp:term":[{"taxonomy":"product_cat","embeddable":true,"href":"https:\/\/www.xminsulation.com\/vi\/wp-json\/wp\/v2\/product_cat?post=1567"},{"taxonomy":"product_tag","embeddable":true,"href":"https:\/\/www.xminsulation.com\/vi\/wp-json\/wp\/v2\/product_tag?post=1567"}],"curies":[{"name":"wp","href":"https:\/\/api.w.org\/{rel}","templated":true}]}}