{"id":1555,"date":"2024-05-07T17:54:59","date_gmt":"2024-05-07T09:54:59","guid":{"rendered":"http:\/\/www.xminsulation.com\/?post_type=product&#038;p=1555"},"modified":"2024-05-15T16:06:15","modified_gmt":"2024-05-15T08:06:15","slug":"tt-35kv-630a-t-cable-rear-connector","status":"publish","type":"product","link":"https:\/\/www.xminsulation.com\/vi\/product\/tt-35kv-630a-t-cable-rear-connector\/","title":{"rendered":"\u0110\u1ea7u n\u1ed1i c\u00e1p ph\u00eda sau TT-35kV 630A T"},"content":{"rendered":"<p><img fetchpriority=\"high\" decoding=\"async\" class=\"alignnone wp-image-1557 size-full\" src=\"http:\/\/www.xminsulation.com\/wp-content\/uploads\/2024\/05\/\u56fe\u7247310-1.png\" alt=\"\" width=\"548\" height=\"548\" srcset=\"https:\/\/www.xminsulation.com\/wp-content\/uploads\/2024\/05\/\u56fe\u7247310-1.png 548w, https:\/\/www.xminsulation.com\/wp-content\/uploads\/2024\/05\/\u56fe\u7247310-1-300x300.png 300w, https:\/\/www.xminsulation.com\/wp-content\/uploads\/2024\/05\/\u56fe\u7247310-1-150x150.png 150w, https:\/\/www.xminsulation.com\/wp-content\/uploads\/2024\/05\/\u56fe\u7247310-1-100x100.png 100w\" sizes=\"(max-width: 548px) 100vw, 548px\" \/><\/p>\n<h2><strong><b>Th\u00f4ng tin chung<\/b><\/strong><\/h2>\n<p>Th\u00edch h\u1ee3p cho c\u00e1c thi\u1ebft b\u1ecb \u0111i\u1ec7n cao th\u1ebf c\u1ee7a nh\u00e0 m\u00e1y \u0111i\u1ec7n, tr\u1ea1m bi\u1ebfn \u00e1p \u0111i\u1ec7n \u1edf ho\u1eb7c d\u01b0\u1edbi 35kV, ch\u1eb3ng h\u1ea1n nh\u01b0 h\u1ed9p nh\u00e1nh c\u00e1p, m\u00e1y bi\u1ebfn \u00e1p k\u1ebft h\u1ee3p v\u00e0 \u0111\u01b0\u1eddng d\u00e2y v\u00e0o\/ra c\u1ee7a h\u1ec7 th\u1ed1ng CIS. Ho\u00e0n to\u00e0n c\u00e1ch \u0111i\u1ec7n, ho\u00e0n to\u00e0n k\u00edn v\u00e0 \u0111\u01b0\u1ee3c che ch\u1eafn ho\u00e0n to\u00e0n. \u00c1p d\u1ee5ng c\u00f4ng ngh\u1ec7 phun \u0111en ti\u00ean ti\u1ebfn, hi\u1ec7u su\u1ea5t \u0111i\u1ec7n \u0111\u1ea1t \u0111\u1ebfn tr\u00ecnh \u0111\u1ed9 h\u00e0ng \u0111\u1ea7u qu\u1ed1c t\u1ebf. An to\u00e0n v\u00e0 \u0111\u00e1ng tin c\u1eady h\u01a1n. \u00cdt b\u1ecb \u1ea3nh h\u01b0\u1edfng b\u1edfi th\u1eddi ti\u1ebft x\u1ea5u \u0111\u1ebfn \u0111i\u1ec1u ki\u1ec7n l\u1eafp \u0111\u1eb7t. Ch\u1ed1ng kem s\u01b0\u01a1ng \u0111\u00f4ng t\u1ee5 v\u00e0 ch\u1ed1ng \u00f4 nhi\u1ec5m, kh\u00f4ng c\u1ea7n b\u1ea3o tr\u00ec. \u1ee8ng su\u1ea5t \u0111\u01b0\u1ee3c gi\u1ea3i quy\u1ebft v\u1edbi m\u1ee9c ph\u00f3ng \u0111i\u1ec7n c\u1ee5c b\u1ed9 cao \u00e1p d\u1ee5ng c\u00f4ng ngh\u1ec7 \u0110\u1ee9c. K\u00edch th\u01b0\u1edbc nh\u1ecf \u0111\u00e1p \u1ee9ng \u0111\u1ee7 y\u00eau c\u1ea7u v\u1ec1 kh\u00f4ng gian l\u1eafp \u0111\u1eb7t. \u0110\u1ea7u n\u1ed1i c\u00e1p \u0111\u00fac s\u1eb5n h\u00e0ng \u0111\u1ea7u trong th\u1ebf gi\u1edbi. Ti\u1ebft di\u1ec7n d\u00e2y d\u1eabn l\u00e0 50-630mm2\u3002<\/p>\n<p><img decoding=\"async\" class=\"alignnone wp-image-1558 size-full\" src=\"http:\/\/www.xminsulation.com\/wp-content\/uploads\/2024\/05\/\u56fe\u7247311.png\" alt=\"\" width=\"334\" height=\"392\" srcset=\"https:\/\/www.xminsulation.com\/wp-content\/uploads\/2024\/05\/\u56fe\u7247311.png 334w, https:\/\/www.xminsulation.com\/wp-content\/uploads\/2024\/05\/\u56fe\u7247311-256x300.png 256w\" sizes=\"(max-width: 334px) 100vw, 334px\" \/> <img decoding=\"async\" class=\"alignnone wp-image-1559 size-full\" src=\"http:\/\/www.xminsulation.com\/wp-content\/uploads\/2024\/05\/\u56fe\u7247312.png\" alt=\"\" width=\"1018\" height=\"480\" srcset=\"https:\/\/www.xminsulation.com\/wp-content\/uploads\/2024\/05\/\u56fe\u7247312.png 1018w, https:\/\/www.xminsulation.com\/wp-content\/uploads\/2024\/05\/\u56fe\u7247312-300x141.png 300w, https:\/\/www.xminsulation.com\/wp-content\/uploads\/2024\/05\/\u56fe\u7247312-768x362.png 768w, https:\/\/www.xminsulation.com\/wp-content\/uploads\/2024\/05\/\u56fe\u7247312-600x283.png 600w\" sizes=\"(max-width: 1018px) 100vw, 1018px\" \/><\/p>\n<p>&nbsp;<\/p>\n<div class=\"wxts\">\n<h2>\u25c6T\u00f9y ch\u1ec9nh \u0111\u1eb7c bi\u1ec7t<\/h2>\n<p>C\u00e1c th\u00f4ng s\u1ed1 tr\u00ean l\u00e0 d\u1eef li\u1ec7u ti\u00eau bi\u1ec3u; n\u1ebfu c\u00e1c ki\u1ec3u d\u00e1ng hi\u1ec7n c\u00f3 kh\u00f4ng \u0111\u00e1p \u1ee9ng \u0111\u01b0\u1ee3c nhu c\u1ea7u c\u1ee5 th\u1ec3 c\u1ee7a b\u1ea1n, vui l\u00f2ng li\u00ean h\u1ec7 v\u1edbi ch\u00fang t\u00f4i \u0111\u1ec3 \u0111\u01b0\u1ee3c thi\u1ebft k\u1ebf ri\u00eang. Ch\u00fang t\u00f4i c\u00f3 k\u1ef9 n\u0103ng s\u1ea3n xu\u1ea5t v\u00e0 ph\u00e1t tri\u1ec3n t\u00f9y ch\u1ec9nh c\u00e1 nh\u00e2n h\u00f3a \u0111\u00e1ng k\u1ec3, cho ph\u00e9p ch\u00fang t\u00f4i cung c\u1ea5p c\u00e1c gi\u1ea3i ph\u00e1p ph\u00f9 h\u1ee3p cho kh\u00e1ch h\u00e0ng tr\u00ean to\u00e0n th\u1ebf gi\u1edbi.<\/p>\n<\/div>","protected":false},"excerpt":{"rendered":"<p>General Information Suitable\u00a0for\u00a0high voltage electrical apparatus of power plant, power transform station at or under 35kV,such as cable branch box, combination transformer and incoming\/outing line of CIS system. Fully insulated, fully sealed and fully screened. Adopt advanced\u00a0black injecting technology, the electric\u00a0performance reach the international leading level. More safe and reliable. Little affect by bad weather [&hellip;]<\/p>","protected":false},"featured_media":1556,"template":"","meta":{"site-sidebar-layout":"default","site-content-layout":"","ast-site-content-layout":"default","site-content-style":"default","site-sidebar-style":"default","ast-global-header-display":"","ast-banner-title-visibility":"","ast-main-header-display":"","ast-hfb-above-header-display":"","ast-hfb-below-header-display":"","ast-hfb-mobile-header-display":"","site-post-title":"","ast-breadcrumbs-content":"","ast-featured-img":"","footer-sml-layout":"","theme-transparent-header-meta":"default","adv-header-id-meta":"","stick-header-meta":"","header-above-stick-meta":"","header-main-stick-meta":"","header-below-stick-meta":"","astra-migrate-meta-layouts":"set","ast-page-background-enabled":"default","ast-page-background-meta":{"desktop":{"background-color":"","background-image":"","background-repeat":"repeat","background-position":"center center","background-size":"auto","background-attachment":"scroll","background-type":"","background-media":"","overlay-type":"","overlay-color":"","overlay-gradient":""},"tablet":{"background-color":"","background-image":"","background-repeat":"repeat","background-position":"center center","background-size":"auto","background-attachment":"scroll","background-type":"","background-media":"","overlay-type":"","overlay-color":"","overlay-gradient":""},"mobile":{"background-color":"","background-image":"","background-repeat":"repeat","background-position":"center center","background-size":"auto","background-attachment":"scroll","background-type":"","background-media":"","overlay-type":"","overlay-color":"","overlay-gradient":""}},"ast-content-background-meta":{"desktop":{"background-color":"var(--ast-global-color-5)","background-image":"","background-repeat":"repeat","background-position":"center center","background-size":"auto","background-attachment":"scroll","background-type":"","background-media":"","overlay-type":"","overlay-color":"","overlay-gradient":""},"tablet":{"background-color":"var(--ast-global-color-5)","background-image":"","background-repeat":"repeat","background-position":"center center","background-size":"auto","background-attachment":"scroll","background-type":"","background-media":"","overlay-type":"","overlay-color":"","overlay-gradient":""},"mobile":{"background-color":"var(--ast-global-color-5)","background-image":"","background-repeat":"repeat","background-position":"center center","background-size":"auto","background-attachment":"scroll","background-type":"","background-media":"","overlay-type":"","overlay-color":"","overlay-gradient":""}}},"product_cat":[53],"product_tag":[],"class_list":{"0":"post-1555","1":"product","2":"type-product","3":"status-publish","4":"has-post-thumbnail","6":"product_cat-oushi","7":"desktop-align-left","8":"tablet-align-left","9":"mobile-align-left","11":"first","12":"instock","13":"shipping-taxable","14":"product-type-simple"},"_links":{"self":[{"href":"https:\/\/www.xminsulation.com\/vi\/wp-json\/wp\/v2\/product\/1555","targetHints":{"allow":["GET"]}}],"collection":[{"href":"https:\/\/www.xminsulation.com\/vi\/wp-json\/wp\/v2\/product"}],"about":[{"href":"https:\/\/www.xminsulation.com\/vi\/wp-json\/wp\/v2\/types\/product"}],"wp:featuredmedia":[{"embeddable":true,"href":"https:\/\/www.xminsulation.com\/vi\/wp-json\/wp\/v2\/media\/1556"}],"wp:attachment":[{"href":"https:\/\/www.xminsulation.com\/vi\/wp-json\/wp\/v2\/media?parent=1555"}],"wp:term":[{"taxonomy":"product_cat","embeddable":true,"href":"https:\/\/www.xminsulation.com\/vi\/wp-json\/wp\/v2\/product_cat?post=1555"},{"taxonomy":"product_tag","embeddable":true,"href":"https:\/\/www.xminsulation.com\/vi\/wp-json\/wp\/v2\/product_tag?post=1555"}],"curies":[{"name":"wp","href":"https:\/\/api.w.org\/{rel}","templated":true}]}}