{"id":1532,"date":"2024-05-07T17:45:34","date_gmt":"2024-05-07T09:45:34","guid":{"rendered":"http:\/\/www.xminsulation.com\/?post_type=product&#038;p=1532"},"modified":"2024-05-15T16:07:49","modified_gmt":"2024-05-15T08:07:49","slug":"stt-15kv-200a-rotatable-feedthru-insert","status":"publish","type":"product","link":"https:\/\/www.xminsulation.com\/vi\/product\/stt-15kv-200a-rotatable-feedthru-insert\/","title":{"rendered":"Ch\u00e8n Feedthru xoay STT-15kV-200A"},"content":{"rendered":"<p><img fetchpriority=\"high\" decoding=\"async\" class=\"alignnone wp-image-1534 size-full\" src=\"http:\/\/www.xminsulation.com\/wp-content\/uploads\/2024\/05\/\u56fe\u7247293-1.jpg\" alt=\"\" width=\"737\" height=\"737\" srcset=\"https:\/\/www.xminsulation.com\/wp-content\/uploads\/2024\/05\/\u56fe\u7247293-1.jpg 737w, https:\/\/www.xminsulation.com\/wp-content\/uploads\/2024\/05\/\u56fe\u7247293-1-300x300.jpg 300w, https:\/\/www.xminsulation.com\/wp-content\/uploads\/2024\/05\/\u56fe\u7247293-1-150x150.jpg 150w, https:\/\/www.xminsulation.com\/wp-content\/uploads\/2024\/05\/\u56fe\u7247293-1-600x600.jpg 600w, https:\/\/www.xminsulation.com\/wp-content\/uploads\/2024\/05\/\u56fe\u7247293-1-100x100.jpg 100w\" sizes=\"(max-width: 737px) 100vw, 737px\" \/><\/p>\n<h2><strong><b>Th\u00f4ng tin chung<\/b><\/strong><\/h2>\n<p>\u0110\u1ea7u n\u1ed1i \u1ed1ng l\u00f3t hai l\u1ea7n 15kV 200A, \u0111\u01b0\u1ee3c k\u1ebft n\u1ed1i v\u1edbi \u1ed5 c\u1eafm \u1ed1ng l\u00f3t \u0111\u1ec3 \u0111\u1ea1t \u0111\u01b0\u1ee3c chuy\u1ec3n \u0111\u1ed5i m\u1ed9t chi\u1ec1u v\u00e0 hai chi\u1ec1u, m\u1ed9t trong s\u1ed1 \u0111\u00f3 c\u00f3 c\u00f9ng ch\u1ee9c n\u0103ng v\u1edbi \u0111\u1ea7u n\u1ed1i \u1ed1ng l\u00f3t m\u1ed9t l\u1ea7n, li\u00ean k\u1ebft c\u00f2n l\u1ea1i l\u00e0 b\u1ed9 ch\u1ed1ng s\u00e9t khu\u1ef7u tay (\u0111\u1ec3 b\u1ea3o v\u1ec7 qu\u00e1 \u00e1p) ho\u1eb7c \u0111\u1ec3 thay \u0111\u1ed5i ch\u1ebf \u0111\u1ed9 k\u1ebft n\u1ed1i c\u1ee7a m\u00e1y bi\u1ebfn \u00e1p h\u1ed9p.<\/p>\n<p>S\u1ea3n ph\u1ea9m n\u00e0y ch\u1ee7 y\u1ebfu \u0111\u01b0\u1ee3c s\u1eed d\u1ee5ng cho c\u00e1c thi\u1ebft b\u1ecb \u0111i\u1ec7n cao th\u1ebf nh\u01b0 m\u00e1y bi\u1ebfn \u00e1p h\u1ed9p M\u1ef9, t\u1ee7 c\u00f4ng t\u1eafc v\u00f2ng ngo\u00e0i tr\u1eddi, v.v. C\u00e1c ph\u1ee5 ki\u1ec7n c\u00e1p th\u00f4ng d\u1ee5ng \u0111\u01b0\u1ee3c k\u1ebft n\u1ed1i v\u1edbi n\u00f3 l\u00e0: \u0111\u1ea7u n\u1ed1i lo\u1ea1i khu\u1ef7u tay, thi\u1ebft b\u1ecb ch\u1ed1ng s\u00e9t lo\u1ea1i khu\u1ef7u tay v\u00e0 \u0111\u1ebf \u1ed1ng l\u00f3t.<\/p>\n<p>S\u1eed d\u1ee5ng l\u1edbp c\u00e1ch \u0111i\u1ec7n b\u1eb1ng cao su EPDM ch\u1ea5t l\u01b0\u1ee3ng cao, c\u1ea5u tr\u00fac thi\u1ebft k\u1ebf ti\u00ean ti\u1ebfn c\u1ee7a \u1ed1ng b\u1ecdc \u0111\u00f4i \u0111\u1ea3m b\u1ea3o d\u1eadp t\u1eaft h\u1ed3 quang b\u00ecnh th\u01b0\u1eddng khi ng\u1eaft k\u1ebft n\u1ed1i v\u1edbi m\u1ed1i n\u1ed1i khu\u1ef7u tay.<\/p>\n<p>Thi\u1ebft k\u1ebf nh\u1ea3 v\u00e0 \u0111\u1ea3o ng\u01b0\u1ee3c \u0111\u1ed9c \u0111\u00e1o \u0111\u1ea3m b\u1ea3o kh\u1edbp v\u1ecf hai chi\u1ec1u quay \u0111\u1ebfn \u0111\u00fang v\u1ecb tr\u00ed l\u1eafp \u0111\u1eb7t m\u00e0 kh\u00f4ng \u1ea3nh h\u01b0\u1edfng \u0111\u1ebfn hi\u1ec7u su\u1ea5t k\u1ebft n\u1ed1i.<\/p>\n<p><img decoding=\"async\" class=\"alignnone wp-image-1535 size-full\" src=\"http:\/\/www.xminsulation.com\/wp-content\/uploads\/2024\/05\/\u56fe\u7247294.png\" alt=\"\" width=\"413\" height=\"621\" srcset=\"https:\/\/www.xminsulation.com\/wp-content\/uploads\/2024\/05\/\u56fe\u7247294.png 413w, https:\/\/www.xminsulation.com\/wp-content\/uploads\/2024\/05\/\u56fe\u7247294-200x300.png 200w\" sizes=\"(max-width: 413px) 100vw, 413px\" \/> <img decoding=\"async\" class=\"alignnone wp-image-1536 size-full\" src=\"http:\/\/www.xminsulation.com\/wp-content\/uploads\/2024\/05\/\u56fe\u7247295.png\" alt=\"\" width=\"428\" height=\"599\" srcset=\"https:\/\/www.xminsulation.com\/wp-content\/uploads\/2024\/05\/\u56fe\u7247295.png 428w, https:\/\/www.xminsulation.com\/wp-content\/uploads\/2024\/05\/\u56fe\u7247295-214x300.png 214w\" sizes=\"(max-width: 428px) 100vw, 428px\" \/><\/p>\n<h2><strong><b>C\u1ea5u tr\u00fac s\u1ea3n ph\u1ea9m<\/b><\/strong><\/h2>\n<p>1. C\u00c1CH NHI\u1ec6T EPDM: V\u1eadt li\u1ec7u c\u00e1ch nhi\u1ec7t EPDM l\u01b0u hu\u1ef3nh ch\u1ea5t l\u01b0\u1ee3ng cao \u0111\u01b0\u1ee3c pha tr\u1ed9n v\u00e0 s\u1ea3n xu\u1ea5t t\u1ea1i ch\u1ed7 \u0111\u1ec3 c\u00f3 hi\u1ec7u su\u1ea5t ho\u1ea1t \u0111\u1ed9ng t\u1ea1i hi\u1ec7n tr\u01b0\u1eddng \u0111\u1ed3ng nh\u1ea5t v\u00e0 \u0111\u00e1ng tin c\u1eady.<\/p>\n<p>2.REN GIAO DI\u1ec6N: Ren 3\/8\u2033-16 UNC.<\/p>\n<p>3. C\u1ea6N V\u00d2NG BI GI\u1edaI H\u1ea0N M\u00d4-MEN XO\u1eaeN: Lo\u1ea1i b\u1ecf t\u00ecnh tr\u1ea1ng g\u00e3y ch\u1ed1t \u1ed1ng l\u00f3t v\u00e0 cho ph\u00e9p \u0111\u1ecbnh h\u01b0\u1edbng 360\u00b0.<\/p>\n<p>4.L\u1edaP CH\u1eaeN B\u00c1N D\u1eaaN: L\u1edbp ph\u1ee7 EPDM b\u00e1n d\u1eabn \u0111\u00fac l\u01b0u hu\u1ef3nh \u0111\u00e1p \u1ee9ng c\u00e1c y\u00eau c\u1ea7u c\u1ee7a Ti\u00eau chu\u1ea9n IEEE 592\u2122.<\/p>\n<p>5. V\u00d2NG CH\u1ec8 B\u00c1O CH\u00ccA KH\u00d3A: V\u00f2ng \u0111\u00fac m\u00e0u v\u00e0ng s\u00e1ng gi\u00fap lo\u1ea1i b\u1ecf vi\u1ec7c \u0111o\u00e1n g\u00f3c l\u1eafp \u0111\u1eb7t b\u1eb1ng c\u00e1ch \u0111\u1ea3m b\u1ea3o k\u1ebft n\u1ed1i ch\u1ea5t l\u01b0\u1ee3ng.<\/p>\n<ol start=\"6\">\n<li>THANH BUS \u0110\u1ed2NG: Cung c\u1ea5p \u0111\u01b0\u1eddng d\u1eabn d\u00f2ng \u0111i\u1ec7n b\u1eb1ng \u0111\u1ed3ng \u0111\u00e1ng tin c\u1eady v\u00e0 \u0111\u1ea3m b\u1ea3o nhi\u1ec7t \u0111\u1ed9 ho\u1ea1t \u0111\u1ed9ng m\u00e1t nh\u1ea5t.<\/li>\n<li>L\u1eaeP R\u00c1P CH\u1eb6N H\u1ed2 QUANG: Nh\u1ef1a ch\u1ed1ng h\u1ed3 quang t\u1ea1o ra kh\u00ed d\u1eadp h\u1ed3 quang trong qu\u00e1 tr\u00ecnh \u0111\u00f3ng c\u1eaft t\u1ea3i.<\/li>\n<li>R\u00c3NH KH\u00d3A: R\u00e3nh kh\u00f3a c\u1ee7a mi\u1ebfng m\u0169i \u0111\u01b0\u1ee3c l\u00e0m b\u1eb1ng nh\u1ef1a ch\u1ecbu nhi\u1ec7t \u0111\u1ed9 cao, c\u00f3 \u0111\u1ed9 b\u1ec1n cao gi\u00fap c\u1ed1 \u0111\u1ecbnh \u0111\u1ea7u n\u1ed1i ti\u1ebfp x\u00fac v\u1edbi mi\u1ebfng ch\u00e8n xuy\u00ean qua.<\/li>\n<\/ol>\n<p><img loading=\"lazy\" decoding=\"async\" class=\"alignnone wp-image-1537 size-large\" src=\"http:\/\/www.xminsulation.com\/wp-content\/uploads\/2024\/05\/\u56fe\u7247296-1024x206.png\" alt=\"\" width=\"1024\" height=\"206\" srcset=\"https:\/\/www.xminsulation.com\/wp-content\/uploads\/2024\/05\/\u56fe\u7247296-1024x206.png 1024w, https:\/\/www.xminsulation.com\/wp-content\/uploads\/2024\/05\/\u56fe\u7247296-300x60.png 300w, https:\/\/www.xminsulation.com\/wp-content\/uploads\/2024\/05\/\u56fe\u7247296-768x155.png 768w, https:\/\/www.xminsulation.com\/wp-content\/uploads\/2024\/05\/\u56fe\u7247296-600x121.png 600w, https:\/\/www.xminsulation.com\/wp-content\/uploads\/2024\/05\/\u56fe\u7247296.png 1262w\" sizes=\"(max-width: 1024px) 100vw, 1024px\" \/><\/p>\n<p>&nbsp;<\/p>\n<div class=\"wxts\">\n<h2>\u25c6T\u00f9y ch\u1ec9nh \u0111\u1eb7c bi\u1ec7t<\/h2>\n<p>C\u00e1c th\u00f4ng s\u1ed1 tr\u00ean l\u00e0 d\u1eef li\u1ec7u ti\u00eau bi\u1ec3u; n\u1ebfu c\u00e1c ki\u1ec3u d\u00e1ng hi\u1ec7n c\u00f3 kh\u00f4ng \u0111\u00e1p \u1ee9ng \u0111\u01b0\u1ee3c nhu c\u1ea7u c\u1ee5 th\u1ec3 c\u1ee7a b\u1ea1n, vui l\u00f2ng li\u00ean h\u1ec7 v\u1edbi ch\u00fang t\u00f4i \u0111\u1ec3 \u0111\u01b0\u1ee3c thi\u1ebft k\u1ebf ri\u00eang. Ch\u00fang t\u00f4i c\u00f3 k\u1ef9 n\u0103ng s\u1ea3n xu\u1ea5t v\u00e0 ph\u00e1t tri\u1ec3n t\u00f9y ch\u1ec9nh c\u00e1 nh\u00e2n h\u00f3a \u0111\u00e1ng k\u1ec3, cho ph\u00e9p ch\u00fang t\u00f4i cung c\u1ea5p c\u00e1c gi\u1ea3i ph\u00e1p ph\u00f9 h\u1ee3p cho kh\u00e1ch h\u00e0ng tr\u00ean to\u00e0n th\u1ebf gi\u1edbi.<\/p>\n<\/div>","protected":false},"excerpt":{"rendered":"<p>General Information 15kV 200A double-pass sleeve connector, connected with the sleeve socket to achieve single- way and double-way conversion, one of which has the same function as the single-pass sleeve connector, the other link elbow arrester (to provide over voltage protection), or to change the connection mode of the box transformer. This product is mainly [&hellip;]<\/p>","protected":false},"featured_media":1533,"template":"","meta":{"site-sidebar-layout":"default","site-content-layout":"","ast-site-content-layout":"default","site-content-style":"default","site-sidebar-style":"default","ast-global-header-display":"","ast-banner-title-visibility":"","ast-main-header-display":"","ast-hfb-above-header-display":"","ast-hfb-below-header-display":"","ast-hfb-mobile-header-display":"","site-post-title":"","ast-breadcrumbs-content":"","ast-featured-img":"","footer-sml-layout":"","theme-transparent-header-meta":"default","adv-header-id-meta":"","stick-header-meta":"","header-above-stick-meta":"","header-main-stick-meta":"","header-below-stick-meta":"","astra-migrate-meta-layouts":"set","ast-page-background-enabled":"default","ast-page-background-meta":{"desktop":{"background-color":"","background-image":"","background-repeat":"repeat","background-position":"center center","background-size":"auto","background-attachment":"scroll","background-type":"","background-media":"","overlay-type":"","overlay-color":"","overlay-gradient":""},"tablet":{"background-color":"","background-image":"","background-repeat":"repeat","background-position":"center center","background-size":"auto","background-attachment":"scroll","background-type":"","background-media":"","overlay-type":"","overlay-color":"","overlay-gradient":""},"mobile":{"background-color":"","background-image":"","background-repeat":"repeat","background-position":"center center","background-size":"auto","background-attachment":"scroll","background-type":"","background-media":"","overlay-type":"","overlay-color":"","overlay-gradient":""}},"ast-content-background-meta":{"desktop":{"background-color":"var(--ast-global-color-5)","background-image":"","background-repeat":"repeat","background-position":"center center","background-size":"auto","background-attachment":"scroll","background-type":"","background-media":"","overlay-type":"","overlay-color":"","overlay-gradient":""},"tablet":{"background-color":"var(--ast-global-color-5)","background-image":"","background-repeat":"repeat","background-position":"center center","background-size":"auto","background-attachment":"scroll","background-type":"","background-media":"","overlay-type":"","overlay-color":"","overlay-gradient":""},"mobile":{"background-color":"var(--ast-global-color-5)","background-image":"","background-repeat":"repeat","background-position":"center center","background-size":"auto","background-attachment":"scroll","background-type":"","background-media":"","overlay-type":"","overlay-color":"","overlay-gradient":""}}},"product_cat":[52],"product_tag":[],"class_list":{"0":"post-1532","1":"product","2":"type-product","3":"status-publish","4":"has-post-thumbnail","6":"product_cat-meishi","7":"desktop-align-left","8":"tablet-align-left","9":"mobile-align-left","11":"first","12":"instock","13":"shipping-taxable","14":"product-type-simple"},"_links":{"self":[{"href":"https:\/\/www.xminsulation.com\/vi\/wp-json\/wp\/v2\/product\/1532","targetHints":{"allow":["GET"]}}],"collection":[{"href":"https:\/\/www.xminsulation.com\/vi\/wp-json\/wp\/v2\/product"}],"about":[{"href":"https:\/\/www.xminsulation.com\/vi\/wp-json\/wp\/v2\/types\/product"}],"wp:featuredmedia":[{"embeddable":true,"href":"https:\/\/www.xminsulation.com\/vi\/wp-json\/wp\/v2\/media\/1533"}],"wp:attachment":[{"href":"https:\/\/www.xminsulation.com\/vi\/wp-json\/wp\/v2\/media?parent=1532"}],"wp:term":[{"taxonomy":"product_cat","embeddable":true,"href":"https:\/\/www.xminsulation.com\/vi\/wp-json\/wp\/v2\/product_cat?post=1532"},{"taxonomy":"product_tag","embeddable":true,"href":"https:\/\/www.xminsulation.com\/vi\/wp-json\/wp\/v2\/product_tag?post=1532"}],"curies":[{"name":"wp","href":"https:\/\/api.w.org\/{rel}","templated":true}]}}