{"id":1514,"date":"2024-05-07T17:31:57","date_gmt":"2024-05-07T09:31:57","guid":{"rendered":"http:\/\/www.xminsulation.com\/?post_type=product&#038;p=1514"},"modified":"2024-05-15T16:09:26","modified_gmt":"2024-05-15T08:09:26","slug":"zl-25kv-200a-straight-joint","status":"publish","type":"product","link":"https:\/\/www.xminsulation.com\/vi\/product\/zl-25kv-200a-straight-joint\/","title":{"rendered":"ZL 25kV 200A Kh\u1edbp n\u1ed1i th\u1eb3ng"},"content":{"rendered":"<p><img fetchpriority=\"high\" decoding=\"async\" class=\"alignnone wp-image-1516 size-full\" src=\"http:\/\/www.xminsulation.com\/wp-content\/uploads\/2024\/05\/\u56fe\u7247282-1.png\" alt=\"\" width=\"661\" height=\"661\" srcset=\"https:\/\/www.xminsulation.com\/wp-content\/uploads\/2024\/05\/\u56fe\u7247282-1.png 661w, https:\/\/www.xminsulation.com\/wp-content\/uploads\/2024\/05\/\u56fe\u7247282-1-300x300.png 300w, https:\/\/www.xminsulation.com\/wp-content\/uploads\/2024\/05\/\u56fe\u7247282-1-150x150.png 150w, https:\/\/www.xminsulation.com\/wp-content\/uploads\/2024\/05\/\u56fe\u7247282-1-600x600.png 600w, https:\/\/www.xminsulation.com\/wp-content\/uploads\/2024\/05\/\u56fe\u7247282-1-100x100.png 100w\" sizes=\"(max-width: 661px) 100vw, 661px\" \/><\/p>\n<h2><strong><b>\u00a0<\/b><\/strong><strong><b>Th\u00f4ng tin chung<\/b><\/strong><strong><b>\u00a0<\/b><\/strong><\/h2>\n<p>\u0110\u01b0\u1ee3c l\u00e0m b\u1eb1ng cao su EPDM ch\u1ea5t l\u01b0\u1ee3ng cao, cung c\u1ea5p k\u1ebft n\u1ed1i t\u00e1ch r\u1eddi ho\u00e0n to\u00e0n v\u00e0 c\u00f3 th\u1ec3 ng\u00e2m trong n\u01b0\u1edbc. K\u1ebft h\u1ee3p v\u1edbi \u1ed1ng l\u00f3t lo\u1ea1i A.<\/p>\n<p>\u0110i\u1ec3m ki\u1ec3m tra \u0111i\u1ec7n dung t\u00edch h\u1ee3p cho ph\u00e9p d\u1ec5 d\u00e0ng ki\u1ec3m tra tr\u1ea1ng th\u00e1i m\u1ea1ch ho\u1eb7c l\u1eafp \u0111\u1eb7t ch\u1ec9 b\u00e1o l\u1ed7i 100% \u0111\u00e3 \u0111\u01b0\u1ee3c ki\u1ec3m tra t\u1ea1i nh\u00e0 m\u00e1y, Thi\u1ebft k\u1ebf nh\u1ecf g\u1ecdn.<\/p>\n<p>Cung c\u1ea5p k\u1ebft n\u1ed1i c\u00f3 th\u1ec3 th\u00e1o r\u1eddi \u0111\u01b0\u1ee3c che ch\u1eafn v\u00e0 b\u1ecbt k\u00edn ho\u00e0n to\u00e0n khi \u0111\u01b0\u1ee3c gh\u00e9p v\u1edbi c\u00e1c v\u00f2ng \u0111\u1ec7m ho\u1eb7c \u0111\u1ea7u n\u1ed1i ph\u00f9 h\u1ee3p.<\/p>\n<p><strong><b> <img decoding=\"async\" class=\"alignnone wp-image-1517 size-full\" src=\"http:\/\/www.xminsulation.com\/wp-content\/uploads\/2024\/05\/\u56fe\u7247283.png\" alt=\"\" width=\"495\" height=\"417\" srcset=\"https:\/\/www.xminsulation.com\/wp-content\/uploads\/2024\/05\/\u56fe\u7247283.png 495w, https:\/\/www.xminsulation.com\/wp-content\/uploads\/2024\/05\/\u56fe\u7247283-300x253.png 300w\" sizes=\"(max-width: 495px) 100vw, 495px\" \/> <img decoding=\"async\" class=\"alignnone wp-image-1518 size-large\" src=\"http:\/\/www.xminsulation.com\/wp-content\/uploads\/2024\/05\/\u56fe\u7247284-1024x214.png\" alt=\"\" width=\"1024\" height=\"214\" srcset=\"https:\/\/www.xminsulation.com\/wp-content\/uploads\/2024\/05\/\u56fe\u7247284-1024x214.png 1024w, https:\/\/www.xminsulation.com\/wp-content\/uploads\/2024\/05\/\u56fe\u7247284-300x63.png 300w, https:\/\/www.xminsulation.com\/wp-content\/uploads\/2024\/05\/\u56fe\u7247284-768x160.png 768w, https:\/\/www.xminsulation.com\/wp-content\/uploads\/2024\/05\/\u56fe\u7247284-600x125.png 600w, https:\/\/www.xminsulation.com\/wp-content\/uploads\/2024\/05\/\u56fe\u7247284.png 1302w\" sizes=\"(max-width: 1024px) 100vw, 1024px\" \/><\/b><\/strong><\/p>\n<p><strong><b>\u00a0<\/b><\/strong><\/p>\n<div class=\"wxts\">\n<h2>\u25c6T\u00f9y ch\u1ec9nh \u0111\u1eb7c bi\u1ec7t<\/h2>\n<p>C\u00e1c th\u00f4ng s\u1ed1 tr\u00ean l\u00e0 d\u1eef li\u1ec7u ti\u00eau bi\u1ec3u; n\u1ebfu c\u00e1c ki\u1ec3u d\u00e1ng hi\u1ec7n c\u00f3 kh\u00f4ng \u0111\u00e1p \u1ee9ng \u0111\u01b0\u1ee3c nhu c\u1ea7u c\u1ee5 th\u1ec3 c\u1ee7a b\u1ea1n, vui l\u00f2ng li\u00ean h\u1ec7 v\u1edbi ch\u00fang t\u00f4i \u0111\u1ec3 \u0111\u01b0\u1ee3c thi\u1ebft k\u1ebf ri\u00eang. Ch\u00fang t\u00f4i c\u00f3 k\u1ef9 n\u0103ng s\u1ea3n xu\u1ea5t v\u00e0 ph\u00e1t tri\u1ec3n t\u00f9y ch\u1ec9nh c\u00e1 nh\u00e2n h\u00f3a \u0111\u00e1ng k\u1ec3, cho ph\u00e9p ch\u00fang t\u00f4i cung c\u1ea5p c\u00e1c gi\u1ea3i ph\u00e1p ph\u00f9 h\u1ee3p cho kh\u00e1ch h\u00e0ng tr\u00ean to\u00e0n th\u1ebf gi\u1edbi.<\/p>\n<\/div>","protected":false},"excerpt":{"rendered":"<p>\u00a0General Information\u00a0 Made of high-quality EPDM rubber, providing a fully screened and submersible separable connection Mating with A-type bushings. Built-in capacitive test point allows for an easy check of the circuit status or installation of a fault indicator 100% factory tested, Compact design. Provides a fully shielded and sealed detachable connection when mated to suitable [&hellip;]<\/p>","protected":false},"featured_media":1515,"template":"","meta":{"site-sidebar-layout":"default","site-content-layout":"","ast-site-content-layout":"default","site-content-style":"default","site-sidebar-style":"default","ast-global-header-display":"","ast-banner-title-visibility":"","ast-main-header-display":"","ast-hfb-above-header-display":"","ast-hfb-below-header-display":"","ast-hfb-mobile-header-display":"","site-post-title":"","ast-breadcrumbs-content":"","ast-featured-img":"","footer-sml-layout":"","theme-transparent-header-meta":"default","adv-header-id-meta":"","stick-header-meta":"","header-above-stick-meta":"","header-main-stick-meta":"","header-below-stick-meta":"","astra-migrate-meta-layouts":"set","ast-page-background-enabled":"default","ast-page-background-meta":{"desktop":{"background-color":"","background-image":"","background-repeat":"repeat","background-position":"center center","background-size":"auto","background-attachment":"scroll","background-type":"","background-media":"","overlay-type":"","overlay-color":"","overlay-gradient":""},"tablet":{"background-color":"","background-image":"","background-repeat":"repeat","background-position":"center center","background-size":"auto","background-attachment":"scroll","background-type":"","background-media":"","overlay-type":"","overlay-color":"","overlay-gradient":""},"mobile":{"background-color":"","background-image":"","background-repeat":"repeat","background-position":"center center","background-size":"auto","background-attachment":"scroll","background-type":"","background-media":"","overlay-type":"","overlay-color":"","overlay-gradient":""}},"ast-content-background-meta":{"desktop":{"background-color":"var(--ast-global-color-5)","background-image":"","background-repeat":"repeat","background-position":"center center","background-size":"auto","background-attachment":"scroll","background-type":"","background-media":"","overlay-type":"","overlay-color":"","overlay-gradient":""},"tablet":{"background-color":"var(--ast-global-color-5)","background-image":"","background-repeat":"repeat","background-position":"center center","background-size":"auto","background-attachment":"scroll","background-type":"","background-media":"","overlay-type":"","overlay-color":"","overlay-gradient":""},"mobile":{"background-color":"var(--ast-global-color-5)","background-image":"","background-repeat":"repeat","background-position":"center center","background-size":"auto","background-attachment":"scroll","background-type":"","background-media":"","overlay-type":"","overlay-color":"","overlay-gradient":""}}},"product_cat":[52],"product_tag":[],"class_list":{"0":"post-1514","1":"product","2":"type-product","3":"status-publish","4":"has-post-thumbnail","6":"product_cat-meishi","7":"desktop-align-left","8":"tablet-align-left","9":"mobile-align-left","11":"first","12":"instock","13":"shipping-taxable","14":"product-type-simple"},"_links":{"self":[{"href":"https:\/\/www.xminsulation.com\/vi\/wp-json\/wp\/v2\/product\/1514","targetHints":{"allow":["GET"]}}],"collection":[{"href":"https:\/\/www.xminsulation.com\/vi\/wp-json\/wp\/v2\/product"}],"about":[{"href":"https:\/\/www.xminsulation.com\/vi\/wp-json\/wp\/v2\/types\/product"}],"wp:featuredmedia":[{"embeddable":true,"href":"https:\/\/www.xminsulation.com\/vi\/wp-json\/wp\/v2\/media\/1515"}],"wp:attachment":[{"href":"https:\/\/www.xminsulation.com\/vi\/wp-json\/wp\/v2\/media?parent=1514"}],"wp:term":[{"taxonomy":"product_cat","embeddable":true,"href":"https:\/\/www.xminsulation.com\/vi\/wp-json\/wp\/v2\/product_cat?post=1514"},{"taxonomy":"product_tag","embeddable":true,"href":"https:\/\/www.xminsulation.com\/vi\/wp-json\/wp\/v2\/product_tag?post=1514"}],"curies":[{"name":"wp","href":"https:\/\/api.w.org\/{rel}","templated":true}]}}