{"id":1509,"date":"2024-05-07T17:29:35","date_gmt":"2024-05-07T09:29:35","guid":{"rendered":"http:\/\/www.xminsulation.com\/?post_type=product&#038;p=1509"},"modified":"2024-05-15T16:10:29","modified_gmt":"2024-05-15T08:10:29","slug":"dtt-24kv-200a-single-pass-casing-joints","status":"publish","type":"product","link":"https:\/\/www.xminsulation.com\/vi\/product\/dtt-24kv-200a-single-pass-casing-joints\/","title":{"rendered":"M\u1ed1i n\u1ed1i v\u1ecf b\u1ecdc m\u1ed9t l\u1ea7n DTT-24kV-200A"},"content":{"rendered":"<p><img fetchpriority=\"high\" decoding=\"async\" class=\"alignnone wp-image-1511 size-full\" src=\"http:\/\/www.xminsulation.com\/wp-content\/uploads\/2024\/05\/\u56fe\u7247279-1.png\" alt=\"\" width=\"497\" height=\"497\" srcset=\"https:\/\/www.xminsulation.com\/wp-content\/uploads\/2024\/05\/\u56fe\u7247279-1.png 497w, https:\/\/www.xminsulation.com\/wp-content\/uploads\/2024\/05\/\u56fe\u7247279-1-300x300.png 300w, https:\/\/www.xminsulation.com\/wp-content\/uploads\/2024\/05\/\u56fe\u7247279-1-150x150.png 150w, https:\/\/www.xminsulation.com\/wp-content\/uploads\/2024\/05\/\u56fe\u7247279-1-100x100.png 100w\" sizes=\"(max-width: 497px) 100vw, 497px\" \/><\/p>\n<h2><strong><b>Th\u00f4ng tin chung<\/b><\/strong><\/h2>\n<p>C\u00e1c m\u1ed1i n\u1ed1i v\u1ecf b\u1ecdc m\u1ed9t l\u1ea7n 24kV-200A \u0111\u01b0\u1ee3c ren v\u00e0o m\u1ed9t \u1ed1ng l\u00f3t v\u1ea1n n\u0103ng \u0111\u1ec3 cung c\u1ea5p c\u00f9ng ch\u1ee9c n\u0103ng nh\u01b0 \u1ed1ng l\u00f3t ch\u1ecbu t\u1ea3i t\u00edch h\u1ee3p. S\u1eed d\u1ee5ng c\u00e1c ch\u00e8n \u1ed1ng l\u00f3t gi\u00fap l\u1eafp \u0111\u1eb7t v\u00e0 thay th\u1ebf t\u1ea1i hi\u1ec7n tr\u01b0\u1eddng tr\u1edf n\u00ean kh\u1ea3 thi v\u00e0 hi\u1ec7u qu\u1ea3. C\u00e1c ch\u00e8n \u1ed1ng l\u00f3t v\u00e0 \u0111\u1ea7u n\u1ed1i khu\u1ef7u tay bao g\u1ed3m c\u00e1c th\u00e0nh ph\u1ea7n thi\u1ebft y\u1ebfu c\u1ee7a t\u1ea5t c\u1ea3 c\u00e1c k\u1ebft n\u1ed1i ch\u1ecbu t\u1ea3i. Ch\u00e8n \u1ed1ng l\u00f3t s\u1eed d\u1ee5ng \u0111\u01b0\u1eddng d\u1eabn d\u00f2ng \u0111i\u1ec7n ho\u00e0n to\u00e0n \u0111\u01b0\u1ee3c c\u1ea5p b\u1eb1ng s\u00e1ng ch\u1ebf, ch\u1ec9 ch\u1ee9a m\u1ed9t \u0111i\u1ec3m truy\u1ec1n d\u00f2ng \u0111i\u1ec7n, b\u00ean trong ch\u00ednh ch\u00e8n. B\u1ea3n ch\u1ea5t \u0111\u01a1n gi\u1ea3n c\u1ee7a thi\u1ebft k\u1ebf \u0111\u01b0\u1eddng d\u1eabn d\u00f2ng \u0111i\u1ec7n mang l\u1ea1i hi\u1ec7u su\u1ea5t v\u01b0\u1ee3t tr\u1ed9i, \u0111\u00e1ng tin c\u1eady.<\/p>\n<p>M\u1ed9t thanh doa b\u00ean trong cho ph\u00e9p l\u1eafp \u0111\u1eb7t ki\u1ec3m so\u00e1t m\u00f4-men xo\u1eafn d\u01b0\u01a1ng. S\u1eed d\u1ee5ng c\u00f4ng c\u1ee5 m\u00f4-men xo\u1eafn l\u1eafp \u0111\u1eb7t t\u00f9y ch\u1ecdn, c\u00f3 th\u1ec3 si\u1ebft ch\u1eb7t ch\u00e8n \u1ed1ng l\u00f3t v\u00e0o gi\u1ebfng \u1ed1ng l\u00f3t m\u00e0 kh\u00f4ng s\u1ee3 v\u00f4 t\u00ecnh l\u00e0m g\u00e3y ch\u1ed1t gi\u1ebfng \u1ed1ng l\u00f3t. V\u00f2ng ch\u1ec9 b\u00e1o ch\u1ed1t \u0111\u1ed9c quy\u1ec1n c\u1ee7a Power, n\u1eb1m tr\u00ean chu vi c\u1ee7a c\u1ed5 \u1ed1ng l\u00f3t, lo\u1ea1i b\u1ecf s\u1ef1 ph\u1ecfng \u0111o\u00e1n v\u1ec1 l\u1eafp \u0111\u1eb7t khu\u1ef7u tay ch\u1ecbu t\u1ea3i c\u1ee7a ch\u00e8n \u1ed1ng l\u00f3t.<\/p>\n<p>V\u00f2ng m\u00e0u v\u00e0ng s\u00e1ng cung c\u1ea5p ph\u1ea3n h\u1ed3i ngay l\u1eadp t\u1ee9c \u0111\u1ec3 x\u00e1c \u0111\u1ecbnh xem khu\u1ef7u tay c\u00f3 \u0111\u01b0\u1ee3c l\u1eafp \u0111\u00fang v\u00e0o mi\u1ebfng ch\u00e8n hay kh\u00f4ng.<\/p>\n<p>C\u00e1c m\u1ed1i n\u1ed1i v\u1ecf Single-pass \u0111\u01b0\u1ee3c \u0111\u00fac b\u1eb1ng v\u1eadt li\u1ec7u c\u00e1ch \u0111i\u1ec7n l\u01b0u hu\u1ef3nh ch\u1ea5t l\u01b0\u1ee3ng cao v\u00e0 cao su EPDM b\u00e1n d\u1eabn. Khi gh\u00e9p v\u1edbi m\u1ed9t th\u00e0nh ph\u1ea7n c\u00f3 \u0111\u1ecbnh m\u1ee9c t\u01b0\u01a1ng \u0111\u01b0\u01a1ng, mi\u1ebfng ch\u00e8n \u1ed1ng l\u00f3t cung c\u1ea5p k\u1ebft n\u1ed1i \u0111\u01b0\u1ee3c che ch\u1eafn ho\u00e0n to\u00e0n v\u00e0 ch\u00ecm \u0111\u1ec3 v\u1eadn h\u00e0nh ng\u1eaft t\u1ea3i.<\/p>\n<p><img decoding=\"async\" class=\"alignnone wp-image-1512 size-full\" src=\"http:\/\/www.xminsulation.com\/wp-content\/uploads\/2024\/05\/\u56fe\u7247280.png\" alt=\"\" width=\"418\" height=\"1058\" srcset=\"https:\/\/www.xminsulation.com\/wp-content\/uploads\/2024\/05\/\u56fe\u7247280.png 418w, https:\/\/www.xminsulation.com\/wp-content\/uploads\/2024\/05\/\u56fe\u7247280-119x300.png 119w, https:\/\/www.xminsulation.com\/wp-content\/uploads\/2024\/05\/\u56fe\u7247280-405x1024.png 405w\" sizes=\"(max-width: 418px) 100vw, 418px\" \/> <img decoding=\"async\" class=\"alignnone wp-image-1513 size-full\" src=\"http:\/\/www.xminsulation.com\/wp-content\/uploads\/2024\/05\/\u56fe\u7247281.png\" alt=\"\" width=\"1266\" height=\"260\" srcset=\"https:\/\/www.xminsulation.com\/wp-content\/uploads\/2024\/05\/\u56fe\u7247281.png 1266w, https:\/\/www.xminsulation.com\/wp-content\/uploads\/2024\/05\/\u56fe\u7247281-300x62.png 300w, https:\/\/www.xminsulation.com\/wp-content\/uploads\/2024\/05\/\u56fe\u7247281-1024x210.png 1024w, https:\/\/www.xminsulation.com\/wp-content\/uploads\/2024\/05\/\u56fe\u7247281-768x158.png 768w, https:\/\/www.xminsulation.com\/wp-content\/uploads\/2024\/05\/\u56fe\u7247281-600x123.png 600w\" sizes=\"(max-width: 1266px) 100vw, 1266px\" \/><\/p>\n<p>&nbsp;<\/p>\n<div class=\"wxts\">\n<h2>\u25c6T\u00f9y ch\u1ec9nh \u0111\u1eb7c bi\u1ec7t<\/h2>\n<p>C\u00e1c th\u00f4ng s\u1ed1 tr\u00ean l\u00e0 d\u1eef li\u1ec7u ti\u00eau bi\u1ec3u; n\u1ebfu c\u00e1c ki\u1ec3u d\u00e1ng hi\u1ec7n c\u00f3 kh\u00f4ng \u0111\u00e1p \u1ee9ng \u0111\u01b0\u1ee3c nhu c\u1ea7u c\u1ee5 th\u1ec3 c\u1ee7a b\u1ea1n, vui l\u00f2ng li\u00ean h\u1ec7 v\u1edbi ch\u00fang t\u00f4i \u0111\u1ec3 \u0111\u01b0\u1ee3c thi\u1ebft k\u1ebf ri\u00eang. Ch\u00fang t\u00f4i c\u00f3 k\u1ef9 n\u0103ng s\u1ea3n xu\u1ea5t v\u00e0 ph\u00e1t tri\u1ec3n t\u00f9y ch\u1ec9nh c\u00e1 nh\u00e2n h\u00f3a \u0111\u00e1ng k\u1ec3, cho ph\u00e9p ch\u00fang t\u00f4i cung c\u1ea5p c\u00e1c gi\u1ea3i ph\u00e1p ph\u00f9 h\u1ee3p cho kh\u00e1ch h\u00e0ng tr\u00ean to\u00e0n th\u1ebf gi\u1edbi.<\/p>\n<\/div>","protected":false},"excerpt":{"rendered":"<p>General Information 24kV-200A single-pass casing joints threads into a universal bushing well to provide the same function as an integral loadbreak bushing. Using bushing inserts makes field installation and replacement possible and efficient. Bushing inserts and elbow connectors comprise the essential components of all loadbreak connections. The bushing Insert uses a patented wholly current path, [&hellip;]<\/p>","protected":false},"featured_media":1510,"template":"","meta":{"site-sidebar-layout":"default","site-content-layout":"","ast-site-content-layout":"default","site-content-style":"default","site-sidebar-style":"default","ast-global-header-display":"","ast-banner-title-visibility":"","ast-main-header-display":"","ast-hfb-above-header-display":"","ast-hfb-below-header-display":"","ast-hfb-mobile-header-display":"","site-post-title":"","ast-breadcrumbs-content":"","ast-featured-img":"","footer-sml-layout":"","theme-transparent-header-meta":"default","adv-header-id-meta":"","stick-header-meta":"","header-above-stick-meta":"","header-main-stick-meta":"","header-below-stick-meta":"","astra-migrate-meta-layouts":"set","ast-page-background-enabled":"default","ast-page-background-meta":{"desktop":{"background-color":"","background-image":"","background-repeat":"repeat","background-position":"center center","background-size":"auto","background-attachment":"scroll","background-type":"","background-media":"","overlay-type":"","overlay-color":"","overlay-gradient":""},"tablet":{"background-color":"","background-image":"","background-repeat":"repeat","background-position":"center center","background-size":"auto","background-attachment":"scroll","background-type":"","background-media":"","overlay-type":"","overlay-color":"","overlay-gradient":""},"mobile":{"background-color":"","background-image":"","background-repeat":"repeat","background-position":"center center","background-size":"auto","background-attachment":"scroll","background-type":"","background-media":"","overlay-type":"","overlay-color":"","overlay-gradient":""}},"ast-content-background-meta":{"desktop":{"background-color":"var(--ast-global-color-5)","background-image":"","background-repeat":"repeat","background-position":"center center","background-size":"auto","background-attachment":"scroll","background-type":"","background-media":"","overlay-type":"","overlay-color":"","overlay-gradient":""},"tablet":{"background-color":"var(--ast-global-color-5)","background-image":"","background-repeat":"repeat","background-position":"center center","background-size":"auto","background-attachment":"scroll","background-type":"","background-media":"","overlay-type":"","overlay-color":"","overlay-gradient":""},"mobile":{"background-color":"var(--ast-global-color-5)","background-image":"","background-repeat":"repeat","background-position":"center center","background-size":"auto","background-attachment":"scroll","background-type":"","background-media":"","overlay-type":"","overlay-color":"","overlay-gradient":""}}},"product_cat":[52],"product_tag":[],"class_list":{"0":"post-1509","1":"product","2":"type-product","3":"status-publish","4":"has-post-thumbnail","6":"product_cat-meishi","7":"desktop-align-left","8":"tablet-align-left","9":"mobile-align-left","11":"first","12":"instock","13":"shipping-taxable","14":"product-type-simple"},"_links":{"self":[{"href":"https:\/\/www.xminsulation.com\/vi\/wp-json\/wp\/v2\/product\/1509","targetHints":{"allow":["GET"]}}],"collection":[{"href":"https:\/\/www.xminsulation.com\/vi\/wp-json\/wp\/v2\/product"}],"about":[{"href":"https:\/\/www.xminsulation.com\/vi\/wp-json\/wp\/v2\/types\/product"}],"wp:featuredmedia":[{"embeddable":true,"href":"https:\/\/www.xminsulation.com\/vi\/wp-json\/wp\/v2\/media\/1510"}],"wp:attachment":[{"href":"https:\/\/www.xminsulation.com\/vi\/wp-json\/wp\/v2\/media?parent=1509"}],"wp:term":[{"taxonomy":"product_cat","embeddable":true,"href":"https:\/\/www.xminsulation.com\/vi\/wp-json\/wp\/v2\/product_cat?post=1509"},{"taxonomy":"product_tag","embeddable":true,"href":"https:\/\/www.xminsulation.com\/vi\/wp-json\/wp\/v2\/product_tag?post=1509"}],"curies":[{"name":"wp","href":"https:\/\/api.w.org\/{rel}","templated":true}]}}