{"id":1503,"date":"2024-05-07T17:27:22","date_gmt":"2024-05-07T09:27:22","guid":{"rendered":"http:\/\/www.xminsulation.com\/?post_type=product&#038;p=1503"},"modified":"2024-05-15T16:12:35","modified_gmt":"2024-05-15T08:12:35","slug":"jdzt-15kv-200a-grounding-elbow","status":"publish","type":"product","link":"https:\/\/www.xminsulation.com\/vi\/product\/jdzt-15kv-200a-grounding-elbow\/","title":{"rendered":"JDZT-15kV-200A C\u00fat n\u1ed1i \u0111\u1ea5t"},"content":{"rendered":"<p><img fetchpriority=\"high\" decoding=\"async\" class=\"alignnone wp-image-1505 size-full\" src=\"http:\/\/www.xminsulation.com\/wp-content\/uploads\/2024\/05\/\u56fe\u7247276-1.jpg\" alt=\"\" width=\"427\" height=\"427\" srcset=\"https:\/\/www.xminsulation.com\/wp-content\/uploads\/2024\/05\/\u56fe\u7247276-1.jpg 427w, https:\/\/www.xminsulation.com\/wp-content\/uploads\/2024\/05\/\u56fe\u7247276-1-300x300.jpg 300w, https:\/\/www.xminsulation.com\/wp-content\/uploads\/2024\/05\/\u56fe\u7247276-1-150x150.jpg 150w, https:\/\/www.xminsulation.com\/wp-content\/uploads\/2024\/05\/\u56fe\u7247276-1-100x100.jpg 100w\" sizes=\"(max-width: 427px) 100vw, 427px\" \/><\/p>\n<h2><strong><b>Th\u00f4ng tin chung<\/b><\/strong><strong><b>\u00a0<\/b><\/strong><\/h2>\n<p>C\u00f9i n\u1ed1i \u0111\u1ea5t 15kV 200A l\u00e0 s\u1ef1 l\u1ef1a ch\u1ecdn t\u1ed1t nh\u1ea5t cho h\u1ec7 th\u1ed1ng \u0111i\u1ec7n ng\u1ea7m. N\u00f3 c\u00f3 th\u1ec3 cung c\u1ea5p \u0111\u01b0\u1eddng d\u00e2y n\u1ed1i \u0111\u1ea5t ra \u0111\u1ec3 ki\u1ec3m tra c\u00e1p trong \u1ee9ng d\u1ee5ng th\u1ef1c t\u1ebf ho\u1eb7c ki\u1ec3m tra.<\/p>\n<p>C\u00fat n\u1ed1i \u0111\u1ea5t c\u00f3 th\u1ec3 s\u1eed d\u1ee5ng ri\u00eang ho\u1eb7c k\u1ebft n\u1ed1i v\u1edbi \u1ed0ng l\u00f3t, \u1ed0ng l\u00f3t xoay xuy\u00ean qua c\u1ee7a m\u00e1y bi\u1ebfn \u00e1p g\u1eafn \u0111\u1ebf v\u00e0 t\u1ee7 ngu\u1ed3n xung quanh, c\u00f3 th\u1ec3 t\u1ea1o th\u00e0nh \u0111i\u1ec3m n\u1ed1i \u0111\u1ea5t c\u00f3 th\u1ec3 nh\u00ecn th\u1ea5y \u0111\u01b0\u1ee3c.<\/p>\n<p>Khu\u1ef7u n\u1ed1i \u0111\u1ea5t ch\u1ee9a ti\u1ebfp \u0111i\u1ec3m d\u1eabn \u0111i\u1ec7n b\u1eb1ng \u0111\u1ed3ng, \u0111\u1ea7u n\u1ed1i n\u00e9n b\u1eb1ng \u0111\u1ed3ng v\u00e0 n\u00f3ng ch\u1ea3y v\u1edbi cao su c\u00e1ch \u0111i\u1ec7n ch\u1ed1ng l\u00e3o h\u00f3a, c\u00e1ch \u0111i\u1ec7n cao. Nh\u1eefng th\u1ee9 n\u00e0y l\u00e0m cho s\u1ea3n ph\u1ea9m \u0111\u01b0\u1ee3c che ch\u1eafn ho\u00e0n to\u00e0n. Trong khi \u0111\u00f3, m\u1ed9t c\u00e1p n\u1ed1i \u0111\u1ea5t d\u00e0i 2 m\u00e9t \u0111\u01b0\u1ee3c k\u1ebft n\u1ed1i \u1edf \u0111\u1ea7u Khu\u1ef7u n\u1ed1i \u0111\u1ea5t. Gi\u00e1 tr\u1ecb c\u00e1ch \u0111i\u1ec7n c\u1ee7a l\u1edbp b\u1ea3o v\u1ec7 b\u00ean ngo\u00e0i c\u1ee7a c\u00e1p n\u1ed1i \u0111\u1ea5t l\u00e0 600V, v\u00ec v\u1eady khi ki\u1ec3m tra, vui l\u00f2ng treo tr\u00ean cao.<\/p>\n<p><img decoding=\"async\" class=\"alignnone wp-image-1506 size-full\" src=\"http:\/\/www.xminsulation.com\/wp-content\/uploads\/2024\/05\/\u56fe\u7247277.png\" alt=\"\" width=\"546\" height=\"996\" srcset=\"https:\/\/www.xminsulation.com\/wp-content\/uploads\/2024\/05\/\u56fe\u7247277.png 546w, https:\/\/www.xminsulation.com\/wp-content\/uploads\/2024\/05\/\u56fe\u7247277-164x300.png 164w\" sizes=\"(max-width: 546px) 100vw, 546px\" \/><\/p>\n<h2><strong><b>C\u1ea5u tr\u00fac s\u1ea3n ph\u1ea9m<\/b><\/strong><\/h2>\n<ol>\n<li>Ho\u1ea1t \u0111\u1ed9ng c\u1ee7a v\u00f2ng: l\u00e0m b\u1eb1ng v\u00f2ng th\u00e9p kh\u00f4ng g\u1ec9, s\u1eed d\u1ee5ng thanh b\u1ea3o v\u1ec7 v\u00e0 thanh h\u1ed7 tr\u1ee3 ho\u1ea1t \u0111\u1ed9ng c\u00e1ch \u0111i\u1ec7n.<\/li>\n<\/ol>\n<p>2. \u0110\u1ea7u n\u1ed1i b\u1eb1ng \u0111\u1ed3ng: s\u1ea3n ph\u1ea9m v\u00e0 c\u00e1p \u0111\u01b0\u1ee3c k\u1ebft n\u1ed1i ch\u1eb7t ch\u1ebd.<\/p>\n<p>3. L\u1edbp c\u00e1ch nhi\u1ec7t: c\u00f4ng th\u1ee9c v\u00e0 c\u00f4ng ngh\u1ec7 pha tr\u1ed9n \u0111\u1ed9c \u0111\u00e1o \u0111\u1ec3 \u0111\u1ea3m b\u1ea3o ch\u1ea5t l\u01b0\u1ee3ng tuy\u1ec7t v\u1eddi c\u1ee7a cao su c\u00e1ch nhi\u1ec7t EPDM \u0111\u00fac s\u1eb5n.<\/p>\n<p>4. L\u1edbp b\u00e1n d\u1eabn b\u00ean trong: cao su d\u1eabn \u0111i\u1ec7n EPDM \u0111\u00fac s\u1eb5n c\u00f3 t\u00e1c d\u1ee5ng ki\u1ec3m so\u00e1t \u1ee9ng su\u1ea5t \u0111i\u1ec7n hi\u1ec7u qu\u1ea3.<\/p>\n<p>C\u00e1p l\u00f5i \u0111\u01a1n 5.600V: C\u1ea5p \u0111i\u1ec7n \u00e1p 600V, ti\u1ebfp \u0111\u1ecba hi\u1ec7u qu\u1ea3.<\/p>\n<p>6. Thanh ch\u00e8n h\u1ed3 quang: thanh d\u1eabn b\u1eb1ng \u0111\u1ed3ng thi\u1ebfc c\u00f3 ch\u1ee9c n\u0103ng d\u1eadp h\u1ed3 quang.<\/p>\n<p><img decoding=\"async\" class=\"alignnone wp-image-1507 size-large\" src=\"http:\/\/www.xminsulation.com\/wp-content\/uploads\/2024\/05\/\u56fe\u7247278-1024x181.png\" alt=\"\" width=\"1024\" height=\"181\" srcset=\"https:\/\/www.xminsulation.com\/wp-content\/uploads\/2024\/05\/\u56fe\u7247278-1024x181.png 1024w, https:\/\/www.xminsulation.com\/wp-content\/uploads\/2024\/05\/\u56fe\u7247278-300x53.png 300w, https:\/\/www.xminsulation.com\/wp-content\/uploads\/2024\/05\/\u56fe\u7247278-768x136.png 768w, https:\/\/www.xminsulation.com\/wp-content\/uploads\/2024\/05\/\u56fe\u7247278-600x106.png 600w, https:\/\/www.xminsulation.com\/wp-content\/uploads\/2024\/05\/\u56fe\u7247278.png 1502w\" sizes=\"(max-width: 1024px) 100vw, 1024px\" \/><\/p>\n<p>&nbsp;<\/p>\n<div class=\"wxts\">\n<h2>\u25c6T\u00f9y ch\u1ec9nh \u0111\u1eb7c bi\u1ec7t<\/h2>\n<p>C\u00e1c th\u00f4ng s\u1ed1 tr\u00ean l\u00e0 d\u1eef li\u1ec7u ti\u00eau bi\u1ec3u; n\u1ebfu c\u00e1c ki\u1ec3u d\u00e1ng hi\u1ec7n c\u00f3 kh\u00f4ng \u0111\u00e1p \u1ee9ng \u0111\u01b0\u1ee3c nhu c\u1ea7u c\u1ee5 th\u1ec3 c\u1ee7a b\u1ea1n, vui l\u00f2ng li\u00ean h\u1ec7 v\u1edbi ch\u00fang t\u00f4i \u0111\u1ec3 \u0111\u01b0\u1ee3c thi\u1ebft k\u1ebf ri\u00eang. Ch\u00fang t\u00f4i c\u00f3 k\u1ef9 n\u0103ng s\u1ea3n xu\u1ea5t v\u00e0 ph\u00e1t tri\u1ec3n t\u00f9y ch\u1ec9nh c\u00e1 nh\u00e2n h\u00f3a \u0111\u00e1ng k\u1ec3, cho ph\u00e9p ch\u00fang t\u00f4i cung c\u1ea5p c\u00e1c gi\u1ea3i ph\u00e1p ph\u00f9 h\u1ee3p cho kh\u00e1ch h\u00e0ng tr\u00ean to\u00e0n th\u1ebf gi\u1edbi.<\/p>\n<\/div>","protected":false},"excerpt":{"rendered":"<p>General Information\u00a0 15kV 200A Grounding Elbow is the best choice for subterranean power systems.It can provide an grounding outgoing line for checking up the cable in the practical application or examination. Grounding Elbow could use alone or connect with Bushing Insert, Rotatable Feedthru Insert of pad mounted transformer and surrounding power supply cabinet,which could structure [&hellip;]<\/p>","protected":false},"featured_media":1504,"template":"","meta":{"site-sidebar-layout":"default","site-content-layout":"","ast-site-content-layout":"default","site-content-style":"default","site-sidebar-style":"default","ast-global-header-display":"","ast-banner-title-visibility":"","ast-main-header-display":"","ast-hfb-above-header-display":"","ast-hfb-below-header-display":"","ast-hfb-mobile-header-display":"","site-post-title":"","ast-breadcrumbs-content":"","ast-featured-img":"","footer-sml-layout":"","theme-transparent-header-meta":"default","adv-header-id-meta":"","stick-header-meta":"","header-above-stick-meta":"","header-main-stick-meta":"","header-below-stick-meta":"","astra-migrate-meta-layouts":"set","ast-page-background-enabled":"default","ast-page-background-meta":{"desktop":{"background-color":"","background-image":"","background-repeat":"repeat","background-position":"center center","background-size":"auto","background-attachment":"scroll","background-type":"","background-media":"","overlay-type":"","overlay-color":"","overlay-gradient":""},"tablet":{"background-color":"","background-image":"","background-repeat":"repeat","background-position":"center center","background-size":"auto","background-attachment":"scroll","background-type":"","background-media":"","overlay-type":"","overlay-color":"","overlay-gradient":""},"mobile":{"background-color":"","background-image":"","background-repeat":"repeat","background-position":"center center","background-size":"auto","background-attachment":"scroll","background-type":"","background-media":"","overlay-type":"","overlay-color":"","overlay-gradient":""}},"ast-content-background-meta":{"desktop":{"background-color":"var(--ast-global-color-5)","background-image":"","background-repeat":"repeat","background-position":"center center","background-size":"auto","background-attachment":"scroll","background-type":"","background-media":"","overlay-type":"","overlay-color":"","overlay-gradient":""},"tablet":{"background-color":"var(--ast-global-color-5)","background-image":"","background-repeat":"repeat","background-position":"center center","background-size":"auto","background-attachment":"scroll","background-type":"","background-media":"","overlay-type":"","overlay-color":"","overlay-gradient":""},"mobile":{"background-color":"var(--ast-global-color-5)","background-image":"","background-repeat":"repeat","background-position":"center center","background-size":"auto","background-attachment":"scroll","background-type":"","background-media":"","overlay-type":"","overlay-color":"","overlay-gradient":""}}},"product_cat":[52],"product_tag":[],"class_list":{"0":"post-1503","1":"product","2":"type-product","3":"status-publish","4":"has-post-thumbnail","6":"product_cat-meishi","7":"desktop-align-left","8":"tablet-align-left","9":"mobile-align-left","11":"first","12":"instock","13":"shipping-taxable","14":"product-type-simple"},"_links":{"self":[{"href":"https:\/\/www.xminsulation.com\/vi\/wp-json\/wp\/v2\/product\/1503","targetHints":{"allow":["GET"]}}],"collection":[{"href":"https:\/\/www.xminsulation.com\/vi\/wp-json\/wp\/v2\/product"}],"about":[{"href":"https:\/\/www.xminsulation.com\/vi\/wp-json\/wp\/v2\/types\/product"}],"wp:featuredmedia":[{"embeddable":true,"href":"https:\/\/www.xminsulation.com\/vi\/wp-json\/wp\/v2\/media\/1504"}],"wp:attachment":[{"href":"https:\/\/www.xminsulation.com\/vi\/wp-json\/wp\/v2\/media?parent=1503"}],"wp:term":[{"taxonomy":"product_cat","embeddable":true,"href":"https:\/\/www.xminsulation.com\/vi\/wp-json\/wp\/v2\/product_cat?post=1503"},{"taxonomy":"product_tag","embeddable":true,"href":"https:\/\/www.xminsulation.com\/vi\/wp-json\/wp\/v2\/product_tag?post=1503"}],"curies":[{"name":"wp","href":"https:\/\/api.w.org\/{rel}","templated":true}]}}