{"id":1478,"date":"2024-05-07T17:16:36","date_gmt":"2024-05-07T09:16:36","guid":{"rendered":"http:\/\/www.xminsulation.com\/?post_type=product&#038;p=1478"},"modified":"2024-05-15T16:15:22","modified_gmt":"2024-05-15T08:15:22","slug":"jym-24kv-250a-insulated-protective-cap","status":"publish","type":"product","link":"https:\/\/www.xminsulation.com\/vi\/product\/jym-24kv-250a-insulated-protective-cap\/","title":{"rendered":"N\u1eafp b\u1ea3o v\u1ec7 c\u00e1ch \u0111i\u1ec7n JYM-24kV-250A"},"content":{"rendered":"<p><img fetchpriority=\"high\" decoding=\"async\" class=\"alignnone wp-image-1480 size-full\" src=\"http:\/\/www.xminsulation.com\/wp-content\/uploads\/2024\/05\/\u56fe\u7247260-1.png\" alt=\"\" width=\"366\" height=\"366\" srcset=\"https:\/\/www.xminsulation.com\/wp-content\/uploads\/2024\/05\/\u56fe\u7247260-1.png 366w, https:\/\/www.xminsulation.com\/wp-content\/uploads\/2024\/05\/\u56fe\u7247260-1-300x300.png 300w, https:\/\/www.xminsulation.com\/wp-content\/uploads\/2024\/05\/\u56fe\u7247260-1-150x150.png 150w, https:\/\/www.xminsulation.com\/wp-content\/uploads\/2024\/05\/\u56fe\u7247260-1-100x100.png 100w\" sizes=\"(max-width: 366px) 100vw, 366px\" \/><\/p>\n<h2><strong><b>Th\u00f4ng tin chung<\/b><\/strong><strong><b>\u00a0<\/b><\/strong><\/h2>\n<p>N\u1eafp b\u1ea3o v\u1ec7 c\u00e1ch \u0111i\u1ec7n 24kV-250A l\u00e0 m\u1ed9t thi\u1ebft b\u1ecb ph\u1ee5 tr\u1ee3 \u0111\u01b0\u1ee3c thi\u1ebft k\u1ebf \u0111\u1ec3 c\u00e1ch \u0111i\u1ec7n v\u00e0 b\u1ecbt k\u00edn c\u01a1 h\u1ecdc c\u00e1c m\u1eb7t ti\u1ebfp gi\u00e1p c\u1ee7a \u1ed1ng l\u00f3t ng\u1eaft t\u1ea3i. Khi \u0111\u01b0\u1ee3c gh\u00e9p n\u1ed1i v\u1edbi s\u1ea3n ph\u1ea9m ng\u1eaft t\u1ea3i v\u00e0 d\u00e2y tho\u00e1t \u0111\u01b0\u1ee3c g\u1eafn v\u00e0o \u0111\u1ea5t, N\u1eafp b\u1ea3o v\u1ec7 c\u00e1ch \u0111i\u1ec7n cung c\u1ea5p m\u1ed9t l\u1edbp c\u00e1ch \u0111i\u1ec7n ho\u00e0n to\u00e0n \u0111\u01b0\u1ee3c che ch\u1eafn, c\u00f3 th\u1ec3 ch\u00ecm trong n\u01b0\u1edbc cho c\u00e1c \u1ed1ng l\u00f3t c\u00f3 \u0111i\u1ec7n.<\/p>\n<p>N\u1eafp b\u1ea3o v\u1ec7 c\u00e1ch \u0111i\u1ec7n c\u00f3 th\u1ec3 \u0111\u01b0\u1ee3c s\u1eed d\u1ee5ng \u0111\u1ec3 l\u1eafp \u0111\u1eb7t c\u1ed1 \u0111\u1ecbnh ho\u1eb7c t\u1ea1m th\u1eddi tr\u00ean \u1ed1ng l\u00f3t 250A, m\u1ed1i n\u1ed1i ho\u1eb7c \u1ed1ng l\u00f3t c\u00e1ch \u0111i\u1ec7n \u0111\u1ee9ng.<\/p>\n<p><img decoding=\"async\" class=\"alignnone wp-image-1481 size-full\" src=\"http:\/\/www.xminsulation.com\/wp-content\/uploads\/2024\/05\/\u56fe\u7247261.png\" alt=\"\" width=\"830\" height=\"724\" srcset=\"https:\/\/www.xminsulation.com\/wp-content\/uploads\/2024\/05\/\u56fe\u7247261.png 830w, https:\/\/www.xminsulation.com\/wp-content\/uploads\/2024\/05\/\u56fe\u7247261-300x262.png 300w, https:\/\/www.xminsulation.com\/wp-content\/uploads\/2024\/05\/\u56fe\u7247261-768x670.png 768w, https:\/\/www.xminsulation.com\/wp-content\/uploads\/2024\/05\/\u56fe\u7247261-600x523.png 600w\" sizes=\"(max-width: 830px) 100vw, 830px\" \/> <img decoding=\"async\" class=\"alignnone wp-image-1482 size-full\" src=\"http:\/\/www.xminsulation.com\/wp-content\/uploads\/2024\/05\/\u56fe\u7247262.png\" alt=\"\" width=\"1000\" height=\"258\" srcset=\"https:\/\/www.xminsulation.com\/wp-content\/uploads\/2024\/05\/\u56fe\u7247262.png 1000w, https:\/\/www.xminsulation.com\/wp-content\/uploads\/2024\/05\/\u56fe\u7247262-300x77.png 300w, https:\/\/www.xminsulation.com\/wp-content\/uploads\/2024\/05\/\u56fe\u7247262-768x198.png 768w, https:\/\/www.xminsulation.com\/wp-content\/uploads\/2024\/05\/\u56fe\u7247262-600x155.png 600w\" sizes=\"(max-width: 1000px) 100vw, 1000px\" \/><\/p>\n<p>&nbsp;<\/p>\n<div class=\"wxts\">\n<h2>\u25c6T\u00f9y ch\u1ec9nh \u0111\u1eb7c bi\u1ec7t<\/h2>\n<p>C\u00e1c th\u00f4ng s\u1ed1 tr\u00ean l\u00e0 d\u1eef li\u1ec7u ti\u00eau bi\u1ec3u; n\u1ebfu c\u00e1c ki\u1ec3u d\u00e1ng hi\u1ec7n c\u00f3 kh\u00f4ng \u0111\u00e1p \u1ee9ng \u0111\u01b0\u1ee3c nhu c\u1ea7u c\u1ee5 th\u1ec3 c\u1ee7a b\u1ea1n, vui l\u00f2ng li\u00ean h\u1ec7 v\u1edbi ch\u00fang t\u00f4i \u0111\u1ec3 \u0111\u01b0\u1ee3c thi\u1ebft k\u1ebf ri\u00eang. Ch\u00fang t\u00f4i c\u00f3 k\u1ef9 n\u0103ng s\u1ea3n xu\u1ea5t v\u00e0 ph\u00e1t tri\u1ec3n t\u00f9y ch\u1ec9nh c\u00e1 nh\u00e2n h\u00f3a \u0111\u00e1ng k\u1ec3, cho ph\u00e9p ch\u00fang t\u00f4i cung c\u1ea5p c\u00e1c gi\u1ea3i ph\u00e1p ph\u00f9 h\u1ee3p cho kh\u00e1ch h\u00e0ng tr\u00ean to\u00e0n th\u1ebf gi\u1edbi.<\/p>\n<\/div>","protected":false},"excerpt":{"rendered":"<p>General Information\u00a0 24kV-250A Insulated Protective Cap is an accessory device designed to electrically insulate and mechnanically seal loadbreak bushing inter faces. When mated to a loadbreak product and the drain wire is attached to ground, the Insulated Protective Cap provides a fully shielded, submersible insulating cover for energized bushings. The insulated protective cap can be [&hellip;]<\/p>","protected":false},"featured_media":1479,"template":"","meta":{"site-sidebar-layout":"default","site-content-layout":"","ast-site-content-layout":"default","site-content-style":"default","site-sidebar-style":"default","ast-global-header-display":"","ast-banner-title-visibility":"","ast-main-header-display":"","ast-hfb-above-header-display":"","ast-hfb-below-header-display":"","ast-hfb-mobile-header-display":"","site-post-title":"","ast-breadcrumbs-content":"","ast-featured-img":"","footer-sml-layout":"","theme-transparent-header-meta":"default","adv-header-id-meta":"","stick-header-meta":"","header-above-stick-meta":"","header-main-stick-meta":"","header-below-stick-meta":"","astra-migrate-meta-layouts":"set","ast-page-background-enabled":"default","ast-page-background-meta":{"desktop":{"background-color":"","background-image":"","background-repeat":"repeat","background-position":"center center","background-size":"auto","background-attachment":"scroll","background-type":"","background-media":"","overlay-type":"","overlay-color":"","overlay-gradient":""},"tablet":{"background-color":"","background-image":"","background-repeat":"repeat","background-position":"center center","background-size":"auto","background-attachment":"scroll","background-type":"","background-media":"","overlay-type":"","overlay-color":"","overlay-gradient":""},"mobile":{"background-color":"","background-image":"","background-repeat":"repeat","background-position":"center center","background-size":"auto","background-attachment":"scroll","background-type":"","background-media":"","overlay-type":"","overlay-color":"","overlay-gradient":""}},"ast-content-background-meta":{"desktop":{"background-color":"var(--ast-global-color-5)","background-image":"","background-repeat":"repeat","background-position":"center center","background-size":"auto","background-attachment":"scroll","background-type":"","background-media":"","overlay-type":"","overlay-color":"","overlay-gradient":""},"tablet":{"background-color":"var(--ast-global-color-5)","background-image":"","background-repeat":"repeat","background-position":"center center","background-size":"auto","background-attachment":"scroll","background-type":"","background-media":"","overlay-type":"","overlay-color":"","overlay-gradient":""},"mobile":{"background-color":"var(--ast-global-color-5)","background-image":"","background-repeat":"repeat","background-position":"center center","background-size":"auto","background-attachment":"scroll","background-type":"","background-media":"","overlay-type":"","overlay-color":"","overlay-gradient":""}}},"product_cat":[52],"product_tag":[],"class_list":{"0":"post-1478","1":"product","2":"type-product","3":"status-publish","4":"has-post-thumbnail","6":"product_cat-meishi","7":"desktop-align-left","8":"tablet-align-left","9":"mobile-align-left","11":"first","12":"instock","13":"shipping-taxable","14":"product-type-simple"},"_links":{"self":[{"href":"https:\/\/www.xminsulation.com\/vi\/wp-json\/wp\/v2\/product\/1478","targetHints":{"allow":["GET"]}}],"collection":[{"href":"https:\/\/www.xminsulation.com\/vi\/wp-json\/wp\/v2\/product"}],"about":[{"href":"https:\/\/www.xminsulation.com\/vi\/wp-json\/wp\/v2\/types\/product"}],"wp:featuredmedia":[{"embeddable":true,"href":"https:\/\/www.xminsulation.com\/vi\/wp-json\/wp\/v2\/media\/1479"}],"wp:attachment":[{"href":"https:\/\/www.xminsulation.com\/vi\/wp-json\/wp\/v2\/media?parent=1478"}],"wp:term":[{"taxonomy":"product_cat","embeddable":true,"href":"https:\/\/www.xminsulation.com\/vi\/wp-json\/wp\/v2\/product_cat?post=1478"},{"taxonomy":"product_tag","embeddable":true,"href":"https:\/\/www.xminsulation.com\/vi\/wp-json\/wp\/v2\/product_tag?post=1478"}],"curies":[{"name":"wp","href":"https:\/\/api.w.org\/{rel}","templated":true}]}}