{"id":1464,"date":"2024-05-07T17:11:19","date_gmt":"2024-05-07T09:11:19","guid":{"rendered":"http:\/\/www.xminsulation.com\/?post_type=product&#038;p=1464"},"modified":"2024-05-15T16:16:57","modified_gmt":"2024-05-15T08:16:57","slug":"blq-24kv-200a-surge-arrester-insert","status":"publish","type":"product","link":"https:\/\/www.xminsulation.com\/vi\/product\/blq-24kv-200a-surge-arrester-insert\/","title":{"rendered":"Ch\u00e8n b\u1ed9 ch\u1ed1ng s\u00e9t lan truy\u1ec1n BLQ-24kV-200A"},"content":{"rendered":"<p><img fetchpriority=\"high\" decoding=\"async\" class=\"alignnone wp-image-1466 size-full\" src=\"http:\/\/www.xminsulation.com\/wp-content\/uploads\/2024\/05\/\u56fe\u7247251-1.png\" alt=\"\" width=\"457\" height=\"457\" srcset=\"https:\/\/www.xminsulation.com\/wp-content\/uploads\/2024\/05\/\u56fe\u7247251-1.png 457w, https:\/\/www.xminsulation.com\/wp-content\/uploads\/2024\/05\/\u56fe\u7247251-1-300x300.png 300w, https:\/\/www.xminsulation.com\/wp-content\/uploads\/2024\/05\/\u56fe\u7247251-1-150x150.png 150w, https:\/\/www.xminsulation.com\/wp-content\/uploads\/2024\/05\/\u56fe\u7247251-1-100x100.png 100w\" sizes=\"(max-width: 457px) 100vw, 457px\" \/><\/p>\n<h2><strong><b>T\u1ed5ng quan<\/b><\/strong><strong><b>\u00a0Th\u00f4ng tin<\/b><\/strong><\/h2>\n<p>Thi\u1ebft b\u1ecb ch\u1ed1ng s\u00e9t lan truy\u1ec1n 24kV \u0111\u01b0\u1ee3c s\u1eed d\u1ee5ng r\u1ed9ng r\u00e3i tr\u00ean m\u1ea1ng l\u01b0\u1edbi \u0111i\u1ec7n trung th\u1ebf, ch\u1eb3ng h\u1ea1n nh\u01b0 m\u00e1y bi\u1ebfn \u00e1p, thi\u1ebft b\u1ecb \u0111\u00f3ng c\u1eaft, c\u00e1p v\u00e0 c\u00e1c thi\u1ebft b\u1ecb kh\u00e1c.<\/p>\n<p><img decoding=\"async\" class=\"alignnone wp-image-1467 size-full\" src=\"http:\/\/www.xminsulation.com\/wp-content\/uploads\/2024\/05\/\u56fe\u7247252.png\" alt=\"\" width=\"684\" height=\"1086\" srcset=\"https:\/\/www.xminsulation.com\/wp-content\/uploads\/2024\/05\/\u56fe\u7247252.png 684w, https:\/\/www.xminsulation.com\/wp-content\/uploads\/2024\/05\/\u56fe\u7247252-189x300.png 189w, https:\/\/www.xminsulation.com\/wp-content\/uploads\/2024\/05\/\u56fe\u7247252-645x1024.png 645w, https:\/\/www.xminsulation.com\/wp-content\/uploads\/2024\/05\/\u56fe\u7247252-600x953.png 600w\" sizes=\"(max-width: 684px) 100vw, 684px\" \/> <img decoding=\"async\" class=\"alignnone wp-image-1468 size-full\" src=\"http:\/\/www.xminsulation.com\/wp-content\/uploads\/2024\/05\/\u56fe\u7247253.png\" alt=\"\" width=\"606\" height=\"954\" srcset=\"https:\/\/www.xminsulation.com\/wp-content\/uploads\/2024\/05\/\u56fe\u7247253.png 606w, https:\/\/www.xminsulation.com\/wp-content\/uploads\/2024\/05\/\u56fe\u7247253-191x300.png 191w, https:\/\/www.xminsulation.com\/wp-content\/uploads\/2024\/05\/\u56fe\u7247253-600x945.png 600w\" sizes=\"(max-width: 606px) 100vw, 606px\" \/><\/p>\n<h2><strong><b>C\u1ea5u tr\u00fac s\u1ea3n ph\u1ea9m<\/b><\/strong><\/h2>\n<p>1\u3001C\u00c1CH NHI\u1ec6T EPDM: V\u1eadt li\u1ec7u c\u00e1ch nhi\u1ec7t EPDM l\u01b0u hu\u1ef3nh ch\u1ea5t l\u01b0\u1ee3ng cao \u0111\u01b0\u1ee3c pha tr\u1ed9n v\u00e0 pha ch\u1ebf t\u1ea1i ch\u1ed7 \u0111\u1ec3 ki\u1ec3m so\u00e1t ho\u00e0n to\u00e0n c\u00e1c \u0111\u1eb7c t\u00ednh c\u1ee7a cao su c\u00e1ch nhi\u1ec7t.<\/p>\n<p>2\u3001L\u1edaP CH\u1eaeN B\u00c1N D\u1eaaN: L\u1edbp ch\u1eafn EPDM b\u00e1n d\u1eabn \u0111\u00fac \u0111\u00e1p \u1ee9ng c\u00e1c y\u00eau c\u1ea7u c\u1ee7a Ti\u00eau chu\u1ea9n ANSI\/IEEE 592.<\/p>\n<p>3\u3001L\u00d5I CH\u1ed0NG S\u00c9T: \u0110\u01b0\u1ee3c c\u1ea5u t\u1ea1o t\u1eeb l\u1edbp van ch\u1ed1ng s\u00e9t oxit k\u1ebdm \u0111\u01b0\u1ee3c x\u1eed l\u00fd theo quy tr\u00ecnh \u0111\u1eb7c bi\u1ec7t.<\/p>\n<p>4\u3001\u0110\u1ea6U D\u00d2: \u0110\u1ea7u d\u00f2 cung c\u1ea5p \u0111\u01b0\u1eddng d\u1eabn \u0111i\u1ec7n \u0111\u00e1ng tin c\u1eady v\u1edbi c\u00e1c ti\u1ebfp \u0111i\u1ec3m c\u00e1i gh\u00e9p n\u1ed1i.<\/p>\n<p>5\u3001D\u00c2Y \u0110\u1ea4T: (T\u00f9y ch\u1ecdn cho d\u00e2y \u0111\u1ea5t l\u1edbn h\u01a1n) \u0110\u01b0\u1ee3c s\u1eed d\u1ee5ng cho \u0111i\u1ec7n \u00e1p xung c\u00f3 hi\u1ec7u l\u1ef1c sau khi d\u1eabn \u0111\u1ebfn v\u1ecb tr\u00ed \u0111\u1ea5t.<\/p>\n<p><img loading=\"lazy\" decoding=\"async\" class=\"alignnone wp-image-1469 size-full\" src=\"http:\/\/www.xminsulation.com\/wp-content\/uploads\/2024\/05\/\u56fe\u7247254.png\" alt=\"\" width=\"1260\" height=\"248\" srcset=\"https:\/\/www.xminsulation.com\/wp-content\/uploads\/2024\/05\/\u56fe\u7247254.png 1260w, https:\/\/www.xminsulation.com\/wp-content\/uploads\/2024\/05\/\u56fe\u7247254-300x59.png 300w, https:\/\/www.xminsulation.com\/wp-content\/uploads\/2024\/05\/\u56fe\u7247254-1024x202.png 1024w, https:\/\/www.xminsulation.com\/wp-content\/uploads\/2024\/05\/\u56fe\u7247254-768x151.png 768w, https:\/\/www.xminsulation.com\/wp-content\/uploads\/2024\/05\/\u56fe\u7247254-600x118.png 600w\" sizes=\"(max-width: 1260px) 100vw, 1260px\" \/><\/p>\n<p>&nbsp;<\/p>\n<div class=\"wxts\">\n<h2>\u25c6T\u00f9y ch\u1ec9nh \u0111\u1eb7c bi\u1ec7t<\/h2>\n<p>C\u00e1c th\u00f4ng s\u1ed1 tr\u00ean l\u00e0 d\u1eef li\u1ec7u ti\u00eau bi\u1ec3u; n\u1ebfu c\u00e1c ki\u1ec3u d\u00e1ng hi\u1ec7n c\u00f3 kh\u00f4ng \u0111\u00e1p \u1ee9ng \u0111\u01b0\u1ee3c nhu c\u1ea7u c\u1ee5 th\u1ec3 c\u1ee7a b\u1ea1n, vui l\u00f2ng li\u00ean h\u1ec7 v\u1edbi ch\u00fang t\u00f4i \u0111\u1ec3 \u0111\u01b0\u1ee3c thi\u1ebft k\u1ebf ri\u00eang. Ch\u00fang t\u00f4i c\u00f3 k\u1ef9 n\u0103ng s\u1ea3n xu\u1ea5t v\u00e0 ph\u00e1t tri\u1ec3n t\u00f9y ch\u1ec9nh c\u00e1 nh\u00e2n h\u00f3a \u0111\u00e1ng k\u1ec3, cho ph\u00e9p ch\u00fang t\u00f4i cung c\u1ea5p c\u00e1c gi\u1ea3i ph\u00e1p ph\u00f9 h\u1ee3p cho kh\u00e1ch h\u00e0ng tr\u00ean to\u00e0n th\u1ebf gi\u1edbi.<\/p>\n<\/div>","protected":false},"excerpt":{"rendered":"<p>General\u00a0Information 24kV Surge Arrester Insert is widely used on medium voltage network, such as transformers switch switch gears and cable and other equipment. Product Structure 1\u3001EPDM INSULATION: High quality sulfur cured EPDM insulation is mixed and formulated in-house for complete control of insulation rubber characteristics. 2\u3001SEMI-CONDUCTIVE SHIELD: Molded semi-conductive EPDM shield meets requirements of ANSI\/IEEE [&hellip;]<\/p>","protected":false},"featured_media":1465,"template":"","meta":{"site-sidebar-layout":"default","site-content-layout":"","ast-site-content-layout":"default","site-content-style":"default","site-sidebar-style":"default","ast-global-header-display":"","ast-banner-title-visibility":"","ast-main-header-display":"","ast-hfb-above-header-display":"","ast-hfb-below-header-display":"","ast-hfb-mobile-header-display":"","site-post-title":"","ast-breadcrumbs-content":"","ast-featured-img":"","footer-sml-layout":"","theme-transparent-header-meta":"default","adv-header-id-meta":"","stick-header-meta":"","header-above-stick-meta":"","header-main-stick-meta":"","header-below-stick-meta":"","astra-migrate-meta-layouts":"set","ast-page-background-enabled":"default","ast-page-background-meta":{"desktop":{"background-color":"","background-image":"","background-repeat":"repeat","background-position":"center center","background-size":"auto","background-attachment":"scroll","background-type":"","background-media":"","overlay-type":"","overlay-color":"","overlay-gradient":""},"tablet":{"background-color":"","background-image":"","background-repeat":"repeat","background-position":"center center","background-size":"auto","background-attachment":"scroll","background-type":"","background-media":"","overlay-type":"","overlay-color":"","overlay-gradient":""},"mobile":{"background-color":"","background-image":"","background-repeat":"repeat","background-position":"center center","background-size":"auto","background-attachment":"scroll","background-type":"","background-media":"","overlay-type":"","overlay-color":"","overlay-gradient":""}},"ast-content-background-meta":{"desktop":{"background-color":"var(--ast-global-color-5)","background-image":"","background-repeat":"repeat","background-position":"center center","background-size":"auto","background-attachment":"scroll","background-type":"","background-media":"","overlay-type":"","overlay-color":"","overlay-gradient":""},"tablet":{"background-color":"var(--ast-global-color-5)","background-image":"","background-repeat":"repeat","background-position":"center center","background-size":"auto","background-attachment":"scroll","background-type":"","background-media":"","overlay-type":"","overlay-color":"","overlay-gradient":""},"mobile":{"background-color":"var(--ast-global-color-5)","background-image":"","background-repeat":"repeat","background-position":"center center","background-size":"auto","background-attachment":"scroll","background-type":"","background-media":"","overlay-type":"","overlay-color":"","overlay-gradient":""}}},"product_cat":[52],"product_tag":[],"class_list":{"0":"post-1464","1":"product","2":"type-product","3":"status-publish","4":"has-post-thumbnail","6":"product_cat-meishi","7":"desktop-align-left","8":"tablet-align-left","9":"mobile-align-left","11":"first","12":"instock","13":"shipping-taxable","14":"product-type-simple"},"_links":{"self":[{"href":"https:\/\/www.xminsulation.com\/vi\/wp-json\/wp\/v2\/product\/1464","targetHints":{"allow":["GET"]}}],"collection":[{"href":"https:\/\/www.xminsulation.com\/vi\/wp-json\/wp\/v2\/product"}],"about":[{"href":"https:\/\/www.xminsulation.com\/vi\/wp-json\/wp\/v2\/types\/product"}],"wp:featuredmedia":[{"embeddable":true,"href":"https:\/\/www.xminsulation.com\/vi\/wp-json\/wp\/v2\/media\/1465"}],"wp:attachment":[{"href":"https:\/\/www.xminsulation.com\/vi\/wp-json\/wp\/v2\/media?parent=1464"}],"wp:term":[{"taxonomy":"product_cat","embeddable":true,"href":"https:\/\/www.xminsulation.com\/vi\/wp-json\/wp\/v2\/product_cat?post=1464"},{"taxonomy":"product_tag","embeddable":true,"href":"https:\/\/www.xminsulation.com\/vi\/wp-json\/wp\/v2\/product_tag?post=1464"}],"curies":[{"name":"wp","href":"https:\/\/api.w.org\/{rel}","templated":true}]}}