{"id":1453,"date":"2024-05-07T17:06:10","date_gmt":"2024-05-07T09:06:10","guid":{"rendered":"http:\/\/www.xminsulation.com\/?post_type=product&#038;p=1453"},"modified":"2024-05-15T16:18:13","modified_gmt":"2024-05-15T08:18:13","slug":"dbg-15kv-200a-single-wall","status":"publish","type":"product","link":"https:\/\/www.xminsulation.com\/vi\/product\/dbg-15kv-200a-single-wall\/","title":{"rendered":"DBG-15kV-200A T\u01b0\u1eddng \u0111\u01a1n"},"content":{"rendered":"<p><img fetchpriority=\"high\" decoding=\"async\" class=\"alignnone wp-image-1455 size-full\" src=\"http:\/\/www.xminsulation.com\/wp-content\/uploads\/2024\/05\/\u56fe\u7247244-1.png\" alt=\"\" width=\"572\" height=\"572\" srcset=\"https:\/\/www.xminsulation.com\/wp-content\/uploads\/2024\/05\/\u56fe\u7247244-1.png 572w, https:\/\/www.xminsulation.com\/wp-content\/uploads\/2024\/05\/\u56fe\u7247244-1-300x300.png 300w, https:\/\/www.xminsulation.com\/wp-content\/uploads\/2024\/05\/\u56fe\u7247244-1-150x150.png 150w, https:\/\/www.xminsulation.com\/wp-content\/uploads\/2024\/05\/\u56fe\u7247244-1-100x100.png 100w\" sizes=\"(max-width: 572px) 100vw, 572px\" \/><\/p>\n<h2><strong><b>Th\u00f4ng tin chung<\/b><\/strong><\/h2>\n<p>Single-wall \u0111\u01b0\u1ee3c thi\u1ebft k\u1ebf \u0111\u1ec3 l\u1eafp \u0111\u1eb7t trong gi\u00e1 \u0111\u1ed7 xe g\u1eafn tr\u00ean m\u00e1y bi\u1ebfn \u00e1p ho\u1eb7c thi\u1ebft b\u1ecb kh\u00e1c. N\u00f3 \u0111\u01b0\u1ee3c s\u1eed d\u1ee5ng c\u00f9ng v\u1edbi c\u00e1c ph\u1ee5 ki\u1ec7n c\u00e1p nh\u01b0: \u0111\u1ea7u n\u1ed1i khu\u1ef7u tay, b\u1ed9 ch\u1ed1ng s\u00e9t lan truy\u1ec1n khu\u1ef7u tay v\u00e0 c\u00e1c Ph\u1ee5 ki\u1ec7n ng\u1eaft t\u1ea3i 200A kh\u00e1c. M\u1ed9t \u0111\u1ea7u n\u1ed1i \u0111\u1ea5t \u0111\u01b0\u1ee3c cung c\u1ea5p tr\u00ean gi\u00e1 \u0111\u1ee1 \u1ed1ng l\u00f3t \u0111\u1ee9ng \u0111\u1ec3 g\u1eafn d\u00e2y tho\u00e1t n\u01b0\u1edbc nh\u1eb1m \u0111\u1ea3m b\u1ea3o k\u1ebft c\u1ea5u m\u1eb7t tr\u01b0\u1edbc ch\u1ebft. Khi \u0111\u01b0\u1ee3c gh\u00e9p n\u1ed1i v\u1edbi s\u1ea3n ph\u1ea9m c\u00f3 \u0111\u1ecbnh m\u1ee9c t\u01b0\u01a1ng \u0111\u01b0\u01a1ng, \u1ed1ng l\u00f3t \u0111\u1ee9ng c\u00e1ch \u0111i\u1ec7n cung c\u1ea5p \u0111\u1ea7u n\u1ed1i c\u00f3 th\u1ec3 t\u00e1ch r\u1eddi, ch\u00ecm ho\u00e0n to\u00e0n, \u0111\u01b0\u1ee3c che ch\u1eafn \u0111\u1ec3 v\u1eadn h\u00e0nh c\u00f3 \u0111i\u1ec7n.<\/p>\n<p>Single-wall c\u00f3 bu l\u00f4ng m\u1eaft b\u1eb1ng th\u00e9p kh\u00f4ng g\u1ec9 v\u1edbi ch\u00e2n ch\u1ecbu \u00e1p b\u1eb1ng \u0111\u1ed3ng thau. Th\u00e2n cao su EPDM \u0111\u00fac \u0111\u01b0\u1ee3c bu l\u00f4ng v\u00e0o gi\u00e1 \u0111\u1ee1 \u0111\u1ebf b\u1eb1ng th\u00e9p kh\u00f4ng g\u1ec9 b\u1eb1ng c\u00e1ch s\u1eed d\u1ee5ng v\u00f2ng gi\u1eef b\u1eb1ng th\u00e9p m\u1ea1 k\u1ebdm. C\u00f3 s\u1eb5n c\u1ee5m gi\u00e1 \u0111\u1ee1 ho\u00e0n to\u00e0n b\u1eb1ng th\u00e9p kh\u00f4ng g\u1ec9 cho m\u00f4i tr\u01b0\u1eddng c\u1ef1c k\u1ef3 \u0103n m\u00f2n.<\/p>\n<p><img decoding=\"async\" class=\"alignnone wp-image-1456 size-full\" src=\"http:\/\/www.xminsulation.com\/wp-content\/uploads\/2024\/05\/\u56fe\u7247245.png\" alt=\"\" width=\"806\" height=\"778\" srcset=\"https:\/\/www.xminsulation.com\/wp-content\/uploads\/2024\/05\/\u56fe\u7247245.png 806w, https:\/\/www.xminsulation.com\/wp-content\/uploads\/2024\/05\/\u56fe\u7247245-300x290.png 300w, https:\/\/www.xminsulation.com\/wp-content\/uploads\/2024\/05\/\u56fe\u7247245-768x741.png 768w, https:\/\/www.xminsulation.com\/wp-content\/uploads\/2024\/05\/\u56fe\u7247245-600x579.png 600w\" sizes=\"(max-width: 806px) 100vw, 806px\" \/> <img decoding=\"async\" class=\"alignnone wp-image-1457 size-full\" src=\"http:\/\/www.xminsulation.com\/wp-content\/uploads\/2024\/05\/\u56fe\u7247246.png\" alt=\"\" width=\"1226\" height=\"248\" srcset=\"https:\/\/www.xminsulation.com\/wp-content\/uploads\/2024\/05\/\u56fe\u7247246.png 1226w, https:\/\/www.xminsulation.com\/wp-content\/uploads\/2024\/05\/\u56fe\u7247246-300x61.png 300w, https:\/\/www.xminsulation.com\/wp-content\/uploads\/2024\/05\/\u56fe\u7247246-1024x207.png 1024w, https:\/\/www.xminsulation.com\/wp-content\/uploads\/2024\/05\/\u56fe\u7247246-768x155.png 768w, https:\/\/www.xminsulation.com\/wp-content\/uploads\/2024\/05\/\u56fe\u7247246-600x121.png 600w\" sizes=\"(max-width: 1226px) 100vw, 1226px\" \/><\/p>\n<p>&nbsp;<\/p>\n<div class=\"wxts\">\n<h2>\u25c6T\u00f9y ch\u1ec9nh \u0111\u1eb7c bi\u1ec7t<\/h2>\n<p>C\u00e1c th\u00f4ng s\u1ed1 tr\u00ean l\u00e0 d\u1eef li\u1ec7u ti\u00eau bi\u1ec3u; n\u1ebfu c\u00e1c ki\u1ec3u d\u00e1ng hi\u1ec7n c\u00f3 kh\u00f4ng \u0111\u00e1p \u1ee9ng \u0111\u01b0\u1ee3c nhu c\u1ea7u c\u1ee5 th\u1ec3 c\u1ee7a b\u1ea1n, vui l\u00f2ng li\u00ean h\u1ec7 v\u1edbi ch\u00fang t\u00f4i \u0111\u1ec3 \u0111\u01b0\u1ee3c thi\u1ebft k\u1ebf ri\u00eang. Ch\u00fang t\u00f4i c\u00f3 k\u1ef9 n\u0103ng s\u1ea3n xu\u1ea5t v\u00e0 ph\u00e1t tri\u1ec3n t\u00f9y ch\u1ec9nh c\u00e1 nh\u00e2n h\u00f3a \u0111\u00e1ng k\u1ec3, cho ph\u00e9p ch\u00fang t\u00f4i cung c\u1ea5p c\u00e1c gi\u1ea3i ph\u00e1p ph\u00f9 h\u1ee3p cho kh\u00e1ch h\u00e0ng tr\u00ean to\u00e0n th\u1ebf gi\u1edbi.<\/p>\n<\/div>","protected":false},"excerpt":{"rendered":"<p>General Information The Single-wall is designed to be installed in the parking stand mounted on a transformer or other apparatus. It is used together with the cable accessories such as: elbow connector elbow surge arrester and the other 200A loadbreak Accessories. A grounding lug is provided on the stand off bushing bracket for attachment of [&hellip;]<\/p>","protected":false},"featured_media":1454,"template":"","meta":{"site-sidebar-layout":"default","site-content-layout":"","ast-site-content-layout":"default","site-content-style":"default","site-sidebar-style":"default","ast-global-header-display":"","ast-banner-title-visibility":"","ast-main-header-display":"","ast-hfb-above-header-display":"","ast-hfb-below-header-display":"","ast-hfb-mobile-header-display":"","site-post-title":"","ast-breadcrumbs-content":"","ast-featured-img":"","footer-sml-layout":"","theme-transparent-header-meta":"default","adv-header-id-meta":"","stick-header-meta":"","header-above-stick-meta":"","header-main-stick-meta":"","header-below-stick-meta":"","astra-migrate-meta-layouts":"set","ast-page-background-enabled":"default","ast-page-background-meta":{"desktop":{"background-color":"","background-image":"","background-repeat":"repeat","background-position":"center center","background-size":"auto","background-attachment":"scroll","background-type":"","background-media":"","overlay-type":"","overlay-color":"","overlay-gradient":""},"tablet":{"background-color":"","background-image":"","background-repeat":"repeat","background-position":"center center","background-size":"auto","background-attachment":"scroll","background-type":"","background-media":"","overlay-type":"","overlay-color":"","overlay-gradient":""},"mobile":{"background-color":"","background-image":"","background-repeat":"repeat","background-position":"center center","background-size":"auto","background-attachment":"scroll","background-type":"","background-media":"","overlay-type":"","overlay-color":"","overlay-gradient":""}},"ast-content-background-meta":{"desktop":{"background-color":"var(--ast-global-color-5)","background-image":"","background-repeat":"repeat","background-position":"center center","background-size":"auto","background-attachment":"scroll","background-type":"","background-media":"","overlay-type":"","overlay-color":"","overlay-gradient":""},"tablet":{"background-color":"var(--ast-global-color-5)","background-image":"","background-repeat":"repeat","background-position":"center center","background-size":"auto","background-attachment":"scroll","background-type":"","background-media":"","overlay-type":"","overlay-color":"","overlay-gradient":""},"mobile":{"background-color":"var(--ast-global-color-5)","background-image":"","background-repeat":"repeat","background-position":"center center","background-size":"auto","background-attachment":"scroll","background-type":"","background-media":"","overlay-type":"","overlay-color":"","overlay-gradient":""}}},"product_cat":[52],"product_tag":[],"class_list":{"0":"post-1453","1":"product","2":"type-product","3":"status-publish","4":"has-post-thumbnail","6":"product_cat-meishi","7":"desktop-align-left","8":"tablet-align-left","9":"mobile-align-left","11":"first","12":"instock","13":"shipping-taxable","14":"product-type-simple"},"_links":{"self":[{"href":"https:\/\/www.xminsulation.com\/vi\/wp-json\/wp\/v2\/product\/1453","targetHints":{"allow":["GET"]}}],"collection":[{"href":"https:\/\/www.xminsulation.com\/vi\/wp-json\/wp\/v2\/product"}],"about":[{"href":"https:\/\/www.xminsulation.com\/vi\/wp-json\/wp\/v2\/types\/product"}],"wp:featuredmedia":[{"embeddable":true,"href":"https:\/\/www.xminsulation.com\/vi\/wp-json\/wp\/v2\/media\/1454"}],"wp:attachment":[{"href":"https:\/\/www.xminsulation.com\/vi\/wp-json\/wp\/v2\/media?parent=1453"}],"wp:term":[{"taxonomy":"product_cat","embeddable":true,"href":"https:\/\/www.xminsulation.com\/vi\/wp-json\/wp\/v2\/product_cat?post=1453"},{"taxonomy":"product_tag","embeddable":true,"href":"https:\/\/www.xminsulation.com\/vi\/wp-json\/wp\/v2\/product_tag?post=1453"}],"curies":[{"name":"wp","href":"https:\/\/api.w.org\/{rel}","templated":true}]}}