{"id":1443,"date":"2024-05-07T17:03:57","date_gmt":"2024-05-07T09:03:57","guid":{"rendered":"http:\/\/www.xminsulation.com\/?post_type=product&#038;p=1443"},"modified":"2024-05-15T16:19:24","modified_gmt":"2024-05-15T08:19:24","slug":"mp-15kv-200a-loadbreak-junctions","status":"publish","type":"product","link":"https:\/\/www.xminsulation.com\/vi\/product\/mp-15kv-200a-loadbreak-junctions\/","title":{"rendered":"Ng\u00e3 ba t\u1ea3i MP-15kV\/200A"},"content":{"rendered":"<p><img fetchpriority=\"high\" decoding=\"async\" class=\"alignnone wp-image-1445 size-full\" src=\"http:\/\/www.xminsulation.com\/wp-content\/uploads\/2024\/05\/\u56fe\u7247236-1.jpg\" alt=\"\" width=\"501\" height=\"501\" srcset=\"https:\/\/www.xminsulation.com\/wp-content\/uploads\/2024\/05\/\u56fe\u7247236-1.jpg 501w, https:\/\/www.xminsulation.com\/wp-content\/uploads\/2024\/05\/\u56fe\u7247236-1-300x300.jpg 300w, https:\/\/www.xminsulation.com\/wp-content\/uploads\/2024\/05\/\u56fe\u7247236-1-150x150.jpg 150w, https:\/\/www.xminsulation.com\/wp-content\/uploads\/2024\/05\/\u56fe\u7247236-1-100x100.jpg 100w\" sizes=\"(max-width: 501px) 100vw, 501px\" \/><\/p>\n<h2><strong><b>Th\u00f4ng tin chung<\/b><\/strong><\/h2>\n<p>C\u00e1c m\u1ed1i n\u1ed1i Loadbreak 200A \u0111\u01b0\u1ee3c s\u1eed d\u1ee5ng trong c\u00e1c thi\u1ebft b\u1ecb g\u1eafn tr\u00ean b\u1ec7, h\u1ea7m ng\u1ea7m v\u00e0 c\u00e1c thi\u1ebft b\u1ecb kh\u00e1c \u0111\u1ec3 ph\u00e2n \u0111o\u1ea1n, thi\u1ebft l\u1eadp c\u00e1c v\u00f2ng l\u1eb7p, v\u00f2i ho\u1eb7c m\u1ed1i n\u1ed1i v\u00e0 t\u1ea1o \u0111i\u1ec1u ki\u1ec7n cho vi\u1ec7c thay \u0111\u1ed5i thi\u1ebft b\u1ecb. Vi\u1ec7c ph\u00e2n \u0111o\u1ea1n m\u1ed9t \u0111\u01b0\u1eddng c\u00e1p \u0111\u1ec3 t\u00ecm v\u00e0 c\u00f4 l\u1eadp l\u1ed7i c\u00e1p tr\u1edf n\u00ean d\u1ec5 d\u00e0ng khi s\u1eed d\u1ee5ng m\u1ed1i n\u1ed1i Loadbreak v\u1edbi c\u00e1c khu\u1ef7u tay Loadbreak Class 15kV. Khi \u0111\u01b0\u1ee3c gh\u00e9p n\u1ed1i v\u1edbi m\u1ed9t s\u1ea3n ph\u1ea9m c\u00f3 \u0111\u1ecbnh m\u1ee9c t\u01b0\u01a1ng \u0111\u01b0\u01a1ng, m\u1ed1i n\u1ed1i n\u00e0y cung c\u1ea5p m\u1ed9t k\u1ebft n\u1ed1i ho\u00e0n to\u00e0n \u0111\u01b0\u1ee3c che ch\u1eafn, c\u00f3 th\u1ec3 ch\u00ecm v\u00e0 t\u00e1ch r\u1eddi \u0111\u1ec3 v\u1eadn h\u00e0nh Loadbreak.<\/p>\n<p>Th\u00e2n van \u0111\u01b0\u1ee3c \u0111\u00fac b\u1eb1ng v\u1eadt li\u1ec7u EPDM ch\u1ea5t l\u01b0\u1ee3ng cao.<\/p>\n<p><img decoding=\"async\" class=\"alignnone wp-image-1446 size-full\" src=\"http:\/\/www.xminsulation.com\/wp-content\/uploads\/2024\/05\/\u56fe\u7247237.png\" alt=\"\" width=\"702\" height=\"650\" srcset=\"https:\/\/www.xminsulation.com\/wp-content\/uploads\/2024\/05\/\u56fe\u7247237.png 702w, https:\/\/www.xminsulation.com\/wp-content\/uploads\/2024\/05\/\u56fe\u7247237-300x278.png 300w, https:\/\/www.xminsulation.com\/wp-content\/uploads\/2024\/05\/\u56fe\u7247237-600x556.png 600w\" sizes=\"(max-width: 702px) 100vw, 702px\" \/> <img decoding=\"async\" class=\"alignnone wp-image-1447 size-full\" src=\"http:\/\/www.xminsulation.com\/wp-content\/uploads\/2024\/05\/\u56fe\u7247238.png\" alt=\"\" width=\"776\" height=\"556\" srcset=\"https:\/\/www.xminsulation.com\/wp-content\/uploads\/2024\/05\/\u56fe\u7247238.png 776w, https:\/\/www.xminsulation.com\/wp-content\/uploads\/2024\/05\/\u56fe\u7247238-300x215.png 300w, https:\/\/www.xminsulation.com\/wp-content\/uploads\/2024\/05\/\u56fe\u7247238-768x550.png 768w, https:\/\/www.xminsulation.com\/wp-content\/uploads\/2024\/05\/\u56fe\u7247238-600x430.png 600w\" sizes=\"(max-width: 776px) 100vw, 776px\" \/> <img loading=\"lazy\" decoding=\"async\" class=\"alignnone wp-image-1448 size-full\" src=\"http:\/\/www.xminsulation.com\/wp-content\/uploads\/2024\/05\/\u56fe\u7247239.png\" alt=\"\" width=\"590\" height=\"656\" srcset=\"https:\/\/www.xminsulation.com\/wp-content\/uploads\/2024\/05\/\u56fe\u7247239.png 590w, https:\/\/www.xminsulation.com\/wp-content\/uploads\/2024\/05\/\u56fe\u7247239-270x300.png 270w\" sizes=\"(max-width: 590px) 100vw, 590px\" \/> <img loading=\"lazy\" decoding=\"async\" class=\"alignnone wp-image-1449 size-full\" src=\"http:\/\/www.xminsulation.com\/wp-content\/uploads\/2024\/05\/\u56fe\u7247240.png\" alt=\"\" width=\"796\" height=\"784\" srcset=\"https:\/\/www.xminsulation.com\/wp-content\/uploads\/2024\/05\/\u56fe\u7247240.png 796w, https:\/\/www.xminsulation.com\/wp-content\/uploads\/2024\/05\/\u56fe\u7247240-300x295.png 300w, https:\/\/www.xminsulation.com\/wp-content\/uploads\/2024\/05\/\u56fe\u7247240-768x756.png 768w, https:\/\/www.xminsulation.com\/wp-content\/uploads\/2024\/05\/\u56fe\u7247240-600x591.png 600w\" sizes=\"(max-width: 796px) 100vw, 796px\" \/> <img loading=\"lazy\" decoding=\"async\" class=\"alignnone wp-image-1450 size-full\" src=\"http:\/\/www.xminsulation.com\/wp-content\/uploads\/2024\/05\/\u56fe\u7247241.png\" alt=\"\" width=\"672\" height=\"824\" srcset=\"https:\/\/www.xminsulation.com\/wp-content\/uploads\/2024\/05\/\u56fe\u7247241.png 672w, https:\/\/www.xminsulation.com\/wp-content\/uploads\/2024\/05\/\u56fe\u7247241-245x300.png 245w, https:\/\/www.xminsulation.com\/wp-content\/uploads\/2024\/05\/\u56fe\u7247241-600x736.png 600w\" sizes=\"(max-width: 672px) 100vw, 672px\" \/><\/p>\n<h2><strong><b>C\u1ea5u tr\u00fac s\u1ea3n ph\u1ea9m<\/b><\/strong><\/h2>\n<ol>\n<li>L\u1eaeP R\u00c1P CH\u1eb6N H\u1ed2 QUANG: Nh\u1ef1a ch\u1ed1ng h\u1ed3 quang t\u1ea1o ra kh\u00ed d\u1eadp h\u1ed3 quang trong qu\u00e1 tr\u00ecnh chuy\u1ec3n m\u1ea1ch t\u1ea3i.<\/li>\n<li>THANH BUS GOPPER: C\u00e1c ph\u1ee5 ki\u1ec7n b\u1eb1ng \u0111\u1ed3ng \u0111\u01b0\u1ee3c c\u1ed1 \u0111\u1ecbnh trong thanh d\u1eabn \u0111i\u1ec7n b\u1eb1ng \u0111\u1ed3ng.<\/li>\n<li>C\u00c1CH NHI\u1ec6T EPDM: V\u1eadt li\u1ec7u c\u00e1ch nhi\u1ec7t EPDM l\u01b0u hu\u1ef3nh ch\u1ea5t l\u01b0\u1ee3ng cao \u0111\u01b0\u1ee3c pha tr\u1ed9n v\u00e0 pha ch\u1ebf t\u1ea1i ch\u1ed7 \u0111\u1ec3 ki\u1ec3m so\u00e1t ho\u00e0n to\u00e0n c\u00e1c \u0111\u1eb7c t\u00ednh c\u1ee7a cao su c\u00e1ch nhi\u1ec7t.<\/li>\n<li>T\u1ea4M CH\u1eaeN B\u00c1N D\u1eaaN: T\u1ea5m ch\u1eafn EPDM b\u00e1n d\u1eabn \u0111\u00fac \u0111\u00e1p \u1ee9ng c\u00e1c y\u00eau c\u1ea7u c\u1ee7a Ti\u00eau chu\u1ea9n ANSI\/IEEE 592.<\/li>\n<li>THANH D\u1eaaN \u0110\u1ed2NG: H\u00e0ng d\u1eabn \u0111i\u1ec7n \u0111\u01b0\u1ee3c l\u00e0m b\u1eb1ng \u0111\u1ed3ng, c\u00f3 th\u1ec3 \u0111\u1ea3m b\u1ea3o d\u00f2ng \u0111i\u1ec7n ch\u1ea1y tr\u01a1n tru v\u00e0 ph\u00e1t huy hi\u1ec7u qu\u1ea3 l\u00e0m m\u00e1t t\u1ed1t.<\/li>\n<\/ol>\n<p><img loading=\"lazy\" decoding=\"async\" class=\"alignnone wp-image-1451 size-full\" src=\"http:\/\/www.xminsulation.com\/wp-content\/uploads\/2024\/05\/\u56fe\u7247242.png\" alt=\"\" width=\"700\" height=\"264\" srcset=\"https:\/\/www.xminsulation.com\/wp-content\/uploads\/2024\/05\/\u56fe\u7247242.png 700w, https:\/\/www.xminsulation.com\/wp-content\/uploads\/2024\/05\/\u56fe\u7247242-300x113.png 300w, https:\/\/www.xminsulation.com\/wp-content\/uploads\/2024\/05\/\u56fe\u7247242-600x226.png 600w\" sizes=\"(max-width: 700px) 100vw, 700px\" \/> <img loading=\"lazy\" decoding=\"async\" class=\"alignnone wp-image-1452 size-large\" src=\"http:\/\/www.xminsulation.com\/wp-content\/uploads\/2024\/05\/\u56fe\u7247243-1024x296.png\" alt=\"\" width=\"1024\" height=\"296\" srcset=\"https:\/\/www.xminsulation.com\/wp-content\/uploads\/2024\/05\/\u56fe\u7247243-1024x296.png 1024w, https:\/\/www.xminsulation.com\/wp-content\/uploads\/2024\/05\/\u56fe\u7247243-300x87.png 300w, https:\/\/www.xminsulation.com\/wp-content\/uploads\/2024\/05\/\u56fe\u7247243-768x222.png 768w, https:\/\/www.xminsulation.com\/wp-content\/uploads\/2024\/05\/\u56fe\u7247243-600x173.png 600w, https:\/\/www.xminsulation.com\/wp-content\/uploads\/2024\/05\/\u56fe\u7247243.png 1088w\" sizes=\"(max-width: 1024px) 100vw, 1024px\" \/><\/p>\n<p>&nbsp;<\/p>\n<div class=\"wxts\">\n<h2>\u25c6T\u00f9y ch\u1ec9nh \u0111\u1eb7c bi\u1ec7t<\/h2>\n<p>C\u00e1c th\u00f4ng s\u1ed1 tr\u00ean l\u00e0 d\u1eef li\u1ec7u ti\u00eau bi\u1ec3u; n\u1ebfu c\u00e1c ki\u1ec3u d\u00e1ng hi\u1ec7n c\u00f3 kh\u00f4ng \u0111\u00e1p \u1ee9ng \u0111\u01b0\u1ee3c nhu c\u1ea7u c\u1ee5 th\u1ec3 c\u1ee7a b\u1ea1n, vui l\u00f2ng li\u00ean h\u1ec7 v\u1edbi ch\u00fang t\u00f4i \u0111\u1ec3 \u0111\u01b0\u1ee3c thi\u1ebft k\u1ebf ri\u00eang. Ch\u00fang t\u00f4i c\u00f3 k\u1ef9 n\u0103ng s\u1ea3n xu\u1ea5t v\u00e0 ph\u00e1t tri\u1ec3n t\u00f9y ch\u1ec9nh c\u00e1 nh\u00e2n h\u00f3a \u0111\u00e1ng k\u1ec3, cho ph\u00e9p ch\u00fang t\u00f4i cung c\u1ea5p c\u00e1c gi\u1ea3i ph\u00e1p ph\u00f9 h\u1ee3p cho kh\u00e1ch h\u00e0ng tr\u00ean to\u00e0n th\u1ebf gi\u1edbi.<\/p>\n<\/div>","protected":false},"excerpt":{"rendered":"<p>General Information 200A Loadbreak junctions are used in pad-mounted apparatus, underground vaults, and other apparatus to sectionalize, establish loops, taps, or splices, and to facilitate apparatus changeouts. Sectionalizing a cable run to find and isolate a cable fault is made easy when a loadbreak junction is used with 15kV Class loadbreak elbows. When mated with [&hellip;]<\/p>","protected":false},"featured_media":1444,"template":"","meta":{"site-sidebar-layout":"default","site-content-layout":"","ast-site-content-layout":"default","site-content-style":"default","site-sidebar-style":"default","ast-global-header-display":"","ast-banner-title-visibility":"","ast-main-header-display":"","ast-hfb-above-header-display":"","ast-hfb-below-header-display":"","ast-hfb-mobile-header-display":"","site-post-title":"","ast-breadcrumbs-content":"","ast-featured-img":"","footer-sml-layout":"","theme-transparent-header-meta":"default","adv-header-id-meta":"","stick-header-meta":"","header-above-stick-meta":"","header-main-stick-meta":"","header-below-stick-meta":"","astra-migrate-meta-layouts":"set","ast-page-background-enabled":"default","ast-page-background-meta":{"desktop":{"background-color":"","background-image":"","background-repeat":"repeat","background-position":"center center","background-size":"auto","background-attachment":"scroll","background-type":"","background-media":"","overlay-type":"","overlay-color":"","overlay-gradient":""},"tablet":{"background-color":"","background-image":"","background-repeat":"repeat","background-position":"center center","background-size":"auto","background-attachment":"scroll","background-type":"","background-media":"","overlay-type":"","overlay-color":"","overlay-gradient":""},"mobile":{"background-color":"","background-image":"","background-repeat":"repeat","background-position":"center center","background-size":"auto","background-attachment":"scroll","background-type":"","background-media":"","overlay-type":"","overlay-color":"","overlay-gradient":""}},"ast-content-background-meta":{"desktop":{"background-color":"var(--ast-global-color-5)","background-image":"","background-repeat":"repeat","background-position":"center center","background-size":"auto","background-attachment":"scroll","background-type":"","background-media":"","overlay-type":"","overlay-color":"","overlay-gradient":""},"tablet":{"background-color":"var(--ast-global-color-5)","background-image":"","background-repeat":"repeat","background-position":"center center","background-size":"auto","background-attachment":"scroll","background-type":"","background-media":"","overlay-type":"","overlay-color":"","overlay-gradient":""},"mobile":{"background-color":"var(--ast-global-color-5)","background-image":"","background-repeat":"repeat","background-position":"center center","background-size":"auto","background-attachment":"scroll","background-type":"","background-media":"","overlay-type":"","overlay-color":"","overlay-gradient":""}}},"product_cat":[52],"product_tag":[],"class_list":{"0":"post-1443","1":"product","2":"type-product","3":"status-publish","4":"has-post-thumbnail","6":"product_cat-meishi","7":"desktop-align-left","8":"tablet-align-left","9":"mobile-align-left","11":"first","12":"instock","13":"shipping-taxable","14":"product-type-simple"},"_links":{"self":[{"href":"https:\/\/www.xminsulation.com\/vi\/wp-json\/wp\/v2\/product\/1443","targetHints":{"allow":["GET"]}}],"collection":[{"href":"https:\/\/www.xminsulation.com\/vi\/wp-json\/wp\/v2\/product"}],"about":[{"href":"https:\/\/www.xminsulation.com\/vi\/wp-json\/wp\/v2\/types\/product"}],"wp:featuredmedia":[{"embeddable":true,"href":"https:\/\/www.xminsulation.com\/vi\/wp-json\/wp\/v2\/media\/1444"}],"wp:attachment":[{"href":"https:\/\/www.xminsulation.com\/vi\/wp-json\/wp\/v2\/media?parent=1443"}],"wp:term":[{"taxonomy":"product_cat","embeddable":true,"href":"https:\/\/www.xminsulation.com\/vi\/wp-json\/wp\/v2\/product_cat?post=1443"},{"taxonomy":"product_tag","embeddable":true,"href":"https:\/\/www.xminsulation.com\/vi\/wp-json\/wp\/v2\/product_tag?post=1443"}],"curies":[{"name":"wp","href":"https:\/\/api.w.org\/{rel}","templated":true}]}}