{"id":1433,"date":"2024-05-07T16:58:07","date_gmt":"2024-05-07T08:58:07","guid":{"rendered":"http:\/\/www.xminsulation.com\/?post_type=product&#038;p=1433"},"modified":"2024-05-15T16:22:31","modified_gmt":"2024-05-15T08:22:31","slug":"zt-25kv-200a-loadbreak-elbow-connector","status":"publish","type":"product","link":"https:\/\/www.xminsulation.com\/vi\/product\/zt-25kv-200a-loadbreak-elbow-connector\/","title":{"rendered":"\u0110\u1ea7u n\u1ed1i khu\u1ef7u tay ch\u1ecbu t\u1ea3i ZT-25kV 200A"},"content":{"rendered":"<p><img fetchpriority=\"high\" decoding=\"async\" class=\"alignnone wp-image-1435 size-full\" src=\"http:\/\/www.xminsulation.com\/wp-content\/uploads\/2024\/05\/\u56fe\u7247230-1.png\" alt=\"\" width=\"378\" height=\"378\" srcset=\"https:\/\/www.xminsulation.com\/wp-content\/uploads\/2024\/05\/\u56fe\u7247230-1.png 378w, https:\/\/www.xminsulation.com\/wp-content\/uploads\/2024\/05\/\u56fe\u7247230-1-300x300.png 300w, https:\/\/www.xminsulation.com\/wp-content\/uploads\/2024\/05\/\u56fe\u7247230-1-150x150.png 150w, https:\/\/www.xminsulation.com\/wp-content\/uploads\/2024\/05\/\u56fe\u7247230-1-100x100.png 100w\" sizes=\"(max-width: 378px) 100vw, 378px\" \/><\/p>\n<h2><strong><b>Th\u00f4ng tin chung<\/b><\/strong><\/h2>\n<p>\u0110\u1ea7u n\u1ed1i khu\u1ef7u tay ch\u1ecbu t\u1ea3i 25kV 200A l\u00e0 \u0111\u1ea7u n\u1ed1i c\u1eafm \u0111i\u1ec7n \u0111\u01b0\u1ee3c che ch\u1eafn v\u00e0 c\u00e1ch \u0111i\u1ec7n ho\u00e0n to\u00e0n \u0111\u1ec3 k\u1ebft n\u1ed1i c\u00e1p ng\u1ea7m v\u1edbi h\u1ec7 th\u1ed1ng \u0111i\u1ec7n ph\u00e2n ph\u1ed1i c\u1ee7a m\u00e1y bi\u1ebfn \u00e1p pad-mound, h\u1ed9p nh\u00e1nh cung c\u1ea5p \u0111i\u1ec7n xung quanh, h\u1ed9p nh\u00e1nh c\u00e1p \u0111\u01b0\u1ee3c trang b\u1ecb \u1ed1ng l\u00f3t ch\u1ecbu t\u1ea3i. \u0110\u1ea7u n\u1ed1i khu\u1ef7u tay v\u00e0 ch\u00e8n \u1ed1ng l\u00f3t bao g\u1ed3m c\u00e1c th\u00e0nh ph\u1ea7n thi\u1ebft y\u1ebfu c\u1ee7a t\u1ea5t c\u1ea3 c\u00e1c k\u1ebft n\u1ed1i ch\u1ecbu t\u1ea3i. N\u00f3 c\u00f3 th\u1ec3 \u0111\u00e1p \u1ee9ng nhu c\u1ea7u c\u1ee7a c\u00e1c \u0111\u01b0\u1eddng d\u00e2y trong h\u1ea1t nh\u00e2n.<\/p>\n<p>C\u00e1c khu\u1ef7u tay ch\u1ecbu t\u1ea3i \u0111\u01b0\u1ee3c \u0111\u00fac b\u1eb1ng v\u1eadt li\u1ec7u c\u00e1ch \u0111i\u1ec7n l\u01b0u hu\u1ef3nh l\u01b0u hu\u1ef3nh ch\u1ea5t l\u01b0\u1ee3ng cao v\u00e0 cao su EPDM b\u00e1n d\u1eabn. C\u00e1c t\u00ednh n\u0103ng ti\u00eau chu\u1ea9n bao g\u1ed3m \u0111\u1ea7u n\u1ed1i b\u1eb1ng \u0111\u1ed3ng, \u0111\u1ea7u d\u00f2 ch\u1ecbu t\u1ea3i b\u1eb1ng \u0111\u1ed3ng m\u1ea1 thi\u1ebfc v\u1edbi \u0111\u1ea7u d\u00f2 theo h\u1ed3 quang m\u00e0i m\u00f2n v\u00e0 m\u1eaft k\u00e9o gia c\u1ed1 b\u1eb1ng th\u00e9p kh\u00f4ng g\u1ec9. M\u1ed9t \u0111i\u1ec3m ki\u1ec3m tra \u0111i\u1ec7n dung t\u00f9y ch\u1ecdn, \u0111\u01b0\u1ee3c l\u00e0m b\u1eb1ng nh\u1ef1a ch\u1ed1ng \u0103n m\u00f2n. c\u00f3 s\u1eb5n \u0111\u1ec3 s\u1eed d\u1ee5ng v\u1edbi c\u00e1c ch\u1ec9 b\u00e1o l\u1ed7i.<\/p>\n<p>Ti\u1ebft di\u1ec7n d\u00e2y d\u1eabn c\u00f3 s\u1eb5n l\u00e0 25-150mm2 cho c\u00e1p 25kV. C\u1ef1c d\u1eabn W\/ARC c\u00f3 ch\u1ee9c n\u0103ng d\u1eadp t\u1eaft.<\/p>\n<p><img decoding=\"async\" class=\"alignnone wp-image-1436 size-full\" src=\"http:\/\/www.xminsulation.com\/wp-content\/uploads\/2024\/05\/\u56fe\u7247231.png\" alt=\"\" width=\"626\" height=\"1246\" srcset=\"https:\/\/www.xminsulation.com\/wp-content\/uploads\/2024\/05\/\u56fe\u7247231.png 626w, https:\/\/www.xminsulation.com\/wp-content\/uploads\/2024\/05\/\u56fe\u7247231-151x300.png 151w, https:\/\/www.xminsulation.com\/wp-content\/uploads\/2024\/05\/\u56fe\u7247231-514x1024.png 514w, https:\/\/www.xminsulation.com\/wp-content\/uploads\/2024\/05\/\u56fe\u7247231-600x1194.png 600w\" sizes=\"(max-width: 626px) 100vw, 626px\" \/> <img decoding=\"async\" class=\"alignnone wp-image-1437 size-full\" src=\"http:\/\/www.xminsulation.com\/wp-content\/uploads\/2024\/05\/\u56fe\u7247232.png\" alt=\"\" width=\"1038\" height=\"548\" srcset=\"https:\/\/www.xminsulation.com\/wp-content\/uploads\/2024\/05\/\u56fe\u7247232.png 1038w, https:\/\/www.xminsulation.com\/wp-content\/uploads\/2024\/05\/\u56fe\u7247232-300x158.png 300w, https:\/\/www.xminsulation.com\/wp-content\/uploads\/2024\/05\/\u56fe\u7247232-1024x541.png 1024w, https:\/\/www.xminsulation.com\/wp-content\/uploads\/2024\/05\/\u56fe\u7247232-768x405.png 768w, https:\/\/www.xminsulation.com\/wp-content\/uploads\/2024\/05\/\u56fe\u7247232-600x317.png 600w\" sizes=\"(max-width: 1038px) 100vw, 1038px\" \/><\/p>\n<p>&nbsp;<\/p>\n<div class=\"wxts\">\n<h2>\u25c6T\u00f9y ch\u1ec9nh \u0111\u1eb7c bi\u1ec7t<\/h2>\n<p>C\u00e1c th\u00f4ng s\u1ed1 tr\u00ean l\u00e0 d\u1eef li\u1ec7u ti\u00eau bi\u1ec3u; n\u1ebfu c\u00e1c ki\u1ec3u d\u00e1ng hi\u1ec7n c\u00f3 kh\u00f4ng \u0111\u00e1p \u1ee9ng \u0111\u01b0\u1ee3c nhu c\u1ea7u c\u1ee5 th\u1ec3 c\u1ee7a b\u1ea1n, vui l\u00f2ng li\u00ean h\u1ec7 v\u1edbi ch\u00fang t\u00f4i \u0111\u1ec3 \u0111\u01b0\u1ee3c thi\u1ebft k\u1ebf ri\u00eang. Ch\u00fang t\u00f4i c\u00f3 k\u1ef9 n\u0103ng s\u1ea3n xu\u1ea5t v\u00e0 ph\u00e1t tri\u1ec3n t\u00f9y ch\u1ec9nh c\u00e1 nh\u00e2n h\u00f3a \u0111\u00e1ng k\u1ec3, cho ph\u00e9p ch\u00fang t\u00f4i cung c\u1ea5p c\u00e1c gi\u1ea3i ph\u00e1p ph\u00f9 h\u1ee3p cho kh\u00e1ch h\u00e0ng tr\u00ean to\u00e0n th\u1ebf gi\u1edbi.<\/p>\n<\/div>","protected":false},"excerpt":{"rendered":"<p>General Information 25kV 200A loadbreak Elbow Connector is a fully-shielded and insulated plug- in termination for connecting underground cable to distribution power system of pad-mound transformer,surrounding power supply branch box, cable branch box equipped with loadbreak bushings. The elbow connector and bushing insert comprise the essential components of all loadbreak connections. It can meet the [&hellip;]<\/p>","protected":false},"featured_media":1434,"template":"","meta":{"site-sidebar-layout":"default","site-content-layout":"","ast-site-content-layout":"default","site-content-style":"default","site-sidebar-style":"default","ast-global-header-display":"","ast-banner-title-visibility":"","ast-main-header-display":"","ast-hfb-above-header-display":"","ast-hfb-below-header-display":"","ast-hfb-mobile-header-display":"","site-post-title":"","ast-breadcrumbs-content":"","ast-featured-img":"","footer-sml-layout":"","theme-transparent-header-meta":"default","adv-header-id-meta":"","stick-header-meta":"","header-above-stick-meta":"","header-main-stick-meta":"","header-below-stick-meta":"","astra-migrate-meta-layouts":"set","ast-page-background-enabled":"default","ast-page-background-meta":{"desktop":{"background-color":"","background-image":"","background-repeat":"repeat","background-position":"center center","background-size":"auto","background-attachment":"scroll","background-type":"","background-media":"","overlay-type":"","overlay-color":"","overlay-gradient":""},"tablet":{"background-color":"","background-image":"","background-repeat":"repeat","background-position":"center center","background-size":"auto","background-attachment":"scroll","background-type":"","background-media":"","overlay-type":"","overlay-color":"","overlay-gradient":""},"mobile":{"background-color":"","background-image":"","background-repeat":"repeat","background-position":"center center","background-size":"auto","background-attachment":"scroll","background-type":"","background-media":"","overlay-type":"","overlay-color":"","overlay-gradient":""}},"ast-content-background-meta":{"desktop":{"background-color":"var(--ast-global-color-5)","background-image":"","background-repeat":"repeat","background-position":"center center","background-size":"auto","background-attachment":"scroll","background-type":"","background-media":"","overlay-type":"","overlay-color":"","overlay-gradient":""},"tablet":{"background-color":"var(--ast-global-color-5)","background-image":"","background-repeat":"repeat","background-position":"center center","background-size":"auto","background-attachment":"scroll","background-type":"","background-media":"","overlay-type":"","overlay-color":"","overlay-gradient":""},"mobile":{"background-color":"var(--ast-global-color-5)","background-image":"","background-repeat":"repeat","background-position":"center center","background-size":"auto","background-attachment":"scroll","background-type":"","background-media":"","overlay-type":"","overlay-color":"","overlay-gradient":""}}},"product_cat":[52],"product_tag":[],"class_list":{"0":"post-1433","1":"product","2":"type-product","3":"status-publish","4":"has-post-thumbnail","6":"product_cat-meishi","7":"desktop-align-left","8":"tablet-align-left","9":"mobile-align-left","11":"first","12":"instock","13":"shipping-taxable","14":"product-type-simple"},"_links":{"self":[{"href":"https:\/\/www.xminsulation.com\/vi\/wp-json\/wp\/v2\/product\/1433","targetHints":{"allow":["GET"]}}],"collection":[{"href":"https:\/\/www.xminsulation.com\/vi\/wp-json\/wp\/v2\/product"}],"about":[{"href":"https:\/\/www.xminsulation.com\/vi\/wp-json\/wp\/v2\/types\/product"}],"wp:featuredmedia":[{"embeddable":true,"href":"https:\/\/www.xminsulation.com\/vi\/wp-json\/wp\/v2\/media\/1434"}],"wp:attachment":[{"href":"https:\/\/www.xminsulation.com\/vi\/wp-json\/wp\/v2\/media?parent=1433"}],"wp:term":[{"taxonomy":"product_cat","embeddable":true,"href":"https:\/\/www.xminsulation.com\/vi\/wp-json\/wp\/v2\/product_cat?post=1433"},{"taxonomy":"product_tag","embeddable":true,"href":"https:\/\/www.xminsulation.com\/vi\/wp-json\/wp\/v2\/product_tag?post=1433"}],"curies":[{"name":"wp","href":"https:\/\/api.w.org\/{rel}","templated":true}]}}