{"id":1429,"date":"2024-05-07T16:55:11","date_gmt":"2024-05-07T08:55:11","guid":{"rendered":"http:\/\/www.xminsulation.com\/?post_type=product&#038;p=1429"},"modified":"2024-05-15T16:23:02","modified_gmt":"2024-05-15T08:23:02","slug":"ymp-15kv-200a-630a-special-shaped-busbar","status":"publish","type":"product","link":"https:\/\/www.xminsulation.com\/vi\/product\/ymp-15kv-200a-630a-special-shaped-busbar\/","title":{"rendered":"Thanh c\u00e1i h\u00ecnh d\u1ea1ng \u0111\u1eb7c bi\u1ec7t YMP-15kV 200A-630A"},"content":{"rendered":"<p><img fetchpriority=\"high\" decoding=\"async\" class=\"alignnone wp-image-1431 size-full\" src=\"http:\/\/www.xminsulation.com\/wp-content\/uploads\/2024\/05\/\u56fe\u7247228-1.jpg\" alt=\"\" width=\"467\" height=\"467\" srcset=\"https:\/\/www.xminsulation.com\/wp-content\/uploads\/2024\/05\/\u56fe\u7247228-1.jpg 467w, https:\/\/www.xminsulation.com\/wp-content\/uploads\/2024\/05\/\u56fe\u7247228-1-300x300.jpg 300w, https:\/\/www.xminsulation.com\/wp-content\/uploads\/2024\/05\/\u56fe\u7247228-1-150x150.jpg 150w, https:\/\/www.xminsulation.com\/wp-content\/uploads\/2024\/05\/\u56fe\u7247228-1-100x100.jpg 100w\" sizes=\"(max-width: 467px) 100vw, 467px\" \/><\/p>\n<h2><strong><b>Th\u00f4ng tin chung<\/b><\/strong><\/h2>\n<p>Thanh c\u00e1i h\u00ecnh d\u1ea1ng \u0111\u1eb7c bi\u1ec7t 200A\/600A \u0111\u01b0\u1ee3c s\u1eed d\u1ee5ng trong h\u1ed9p nh\u00e1nh c\u00e1p c\u00f3 c\u00f4ng t\u1eafc t\u1ea3i SF6 ho\u1eb7c m\u00e1y c\u1eaft m\u1ea1ch ch\u00e2n kh\u00f4ng. C\u1ea5u tr\u00fac linh ho\u1ea1t v\u00e0 c\u00f3 th\u1ec3 thay \u0111\u1ed5i \u0111\u1ec3 \u0111\u00e1p \u1ee9ng nhi\u1ec1u ph\u01b0\u01a1ng ph\u00e1p \u0111\u1ea5u d\u00e2y kh\u00e1c nhau. N\u00f3 \u0111\u01b0\u1ee3c chia th\u00e0nh ki\u1ec3u Ch\u00e2u \u00c2u v\u00e0 Ch\u00e2u M\u1ef9, v\u1edbi hai chi\u1ec1u, ba chi\u1ec1u v\u00e0 b\u1ed1n chi\u1ec1u, c\u00f3 th\u1ec3 k\u1ebft h\u1ee3p. N\u00f3 c\u00f3 200 \u0111\u1ea7u n\u1ed1i, 600 \u0111\u1ea7u n\u1ed1i, 600A, \u0111\u1ea7u n\u1ed1i lai 200A v\u00e0 \u0111\u1ea7u n\u1ed1i shed l\u00e0 \u0111\u1ea7u n\u1ed1i Ch\u00e2u \u00c2u 630A. N\u00f3 c\u00f3 th\u1ec3 \u0111\u01b0\u1ee3c k\u1ebft n\u1ed1i v\u1edbi \u0111\u1ea7u cu\u1ed1i c\u00f4ng t\u1eafc th\u00f4ng qua \u0111\u1ea7u n\u1ed1i ch\u00e9o v\u00e0 \u0111\u1ea7u n\u1ed1i h\u00ecnh ch\u1eef T \u0111\u1ec3 \u0111\u1ea1t \u0111\u01b0\u1ee3c c\u00e1ch \u0111i\u1ec7n ho\u00e0n to\u00e0n v\u00e0 b\u1ecbt k\u00edn ho\u00e0n to\u00e0n.<\/p>\n<p><img decoding=\"async\" class=\"alignnone wp-image-1432 size-full\" src=\"http:\/\/www.xminsulation.com\/wp-content\/uploads\/2024\/05\/\u56fe\u7247229.png\" alt=\"\" width=\"964\" height=\"1052\" srcset=\"https:\/\/www.xminsulation.com\/wp-content\/uploads\/2024\/05\/\u56fe\u7247229.png 964w, https:\/\/www.xminsulation.com\/wp-content\/uploads\/2024\/05\/\u56fe\u7247229-275x300.png 275w, https:\/\/www.xminsulation.com\/wp-content\/uploads\/2024\/05\/\u56fe\u7247229-938x1024.png 938w, https:\/\/www.xminsulation.com\/wp-content\/uploads\/2024\/05\/\u56fe\u7247229-768x838.png 768w, https:\/\/www.xminsulation.com\/wp-content\/uploads\/2024\/05\/\u56fe\u7247229-600x655.png 600w\" sizes=\"(max-width: 964px) 100vw, 964px\" \/><\/p>\n<p>&nbsp;<\/p>\n<p>&nbsp;<\/p>\n<div class=\"wxts\">\n<h2>\u25c6T\u00f9y ch\u1ec9nh \u0111\u1eb7c bi\u1ec7t<\/h2>\n<p>C\u00e1c th\u00f4ng s\u1ed1 tr\u00ean l\u00e0 d\u1eef li\u1ec7u ti\u00eau bi\u1ec3u; n\u1ebfu c\u00e1c ki\u1ec3u d\u00e1ng hi\u1ec7n c\u00f3 kh\u00f4ng \u0111\u00e1p \u1ee9ng \u0111\u01b0\u1ee3c nhu c\u1ea7u c\u1ee5 th\u1ec3 c\u1ee7a b\u1ea1n, vui l\u00f2ng li\u00ean h\u1ec7 v\u1edbi ch\u00fang t\u00f4i \u0111\u1ec3 \u0111\u01b0\u1ee3c thi\u1ebft k\u1ebf ri\u00eang. Ch\u00fang t\u00f4i c\u00f3 k\u1ef9 n\u0103ng s\u1ea3n xu\u1ea5t v\u00e0 ph\u00e1t tri\u1ec3n t\u00f9y ch\u1ec9nh c\u00e1 nh\u00e2n h\u00f3a \u0111\u00e1ng k\u1ec3, cho ph\u00e9p ch\u00fang t\u00f4i cung c\u1ea5p c\u00e1c gi\u1ea3i ph\u00e1p ph\u00f9 h\u1ee3p cho kh\u00e1ch h\u00e0ng tr\u00ean to\u00e0n th\u1ebf gi\u1edbi.<\/p>\n<\/div>","protected":false},"excerpt":{"rendered":"<p>General Information 200A\/600A special-shaped busbar is used in cable branch boxes with SF6 load switches or vacuum circuit breakers. The structure is flexible and changeable to meet various wiring methods. It is divided into European and American styles, with two-way, three-way and four-way, which can be combined. It has 200 connectors, 600 connectors, 600A, 200A [&hellip;]<\/p>","protected":false},"featured_media":1430,"template":"","meta":{"site-sidebar-layout":"default","site-content-layout":"","ast-site-content-layout":"default","site-content-style":"default","site-sidebar-style":"default","ast-global-header-display":"","ast-banner-title-visibility":"","ast-main-header-display":"","ast-hfb-above-header-display":"","ast-hfb-below-header-display":"","ast-hfb-mobile-header-display":"","site-post-title":"","ast-breadcrumbs-content":"","ast-featured-img":"","footer-sml-layout":"","theme-transparent-header-meta":"default","adv-header-id-meta":"","stick-header-meta":"","header-above-stick-meta":"","header-main-stick-meta":"","header-below-stick-meta":"","astra-migrate-meta-layouts":"set","ast-page-background-enabled":"default","ast-page-background-meta":{"desktop":{"background-color":"","background-image":"","background-repeat":"repeat","background-position":"center center","background-size":"auto","background-attachment":"scroll","background-type":"","background-media":"","overlay-type":"","overlay-color":"","overlay-gradient":""},"tablet":{"background-color":"","background-image":"","background-repeat":"repeat","background-position":"center center","background-size":"auto","background-attachment":"scroll","background-type":"","background-media":"","overlay-type":"","overlay-color":"","overlay-gradient":""},"mobile":{"background-color":"","background-image":"","background-repeat":"repeat","background-position":"center center","background-size":"auto","background-attachment":"scroll","background-type":"","background-media":"","overlay-type":"","overlay-color":"","overlay-gradient":""}},"ast-content-background-meta":{"desktop":{"background-color":"var(--ast-global-color-5)","background-image":"","background-repeat":"repeat","background-position":"center center","background-size":"auto","background-attachment":"scroll","background-type":"","background-media":"","overlay-type":"","overlay-color":"","overlay-gradient":""},"tablet":{"background-color":"var(--ast-global-color-5)","background-image":"","background-repeat":"repeat","background-position":"center center","background-size":"auto","background-attachment":"scroll","background-type":"","background-media":"","overlay-type":"","overlay-color":"","overlay-gradient":""},"mobile":{"background-color":"var(--ast-global-color-5)","background-image":"","background-repeat":"repeat","background-position":"center center","background-size":"auto","background-attachment":"scroll","background-type":"","background-media":"","overlay-type":"","overlay-color":"","overlay-gradient":""}}},"product_cat":[52],"product_tag":[],"class_list":{"0":"post-1429","1":"product","2":"type-product","3":"status-publish","4":"has-post-thumbnail","6":"product_cat-meishi","7":"desktop-align-left","8":"tablet-align-left","9":"mobile-align-left","11":"first","12":"instock","13":"shipping-taxable","14":"product-type-simple"},"_links":{"self":[{"href":"https:\/\/www.xminsulation.com\/vi\/wp-json\/wp\/v2\/product\/1429","targetHints":{"allow":["GET"]}}],"collection":[{"href":"https:\/\/www.xminsulation.com\/vi\/wp-json\/wp\/v2\/product"}],"about":[{"href":"https:\/\/www.xminsulation.com\/vi\/wp-json\/wp\/v2\/types\/product"}],"wp:featuredmedia":[{"embeddable":true,"href":"https:\/\/www.xminsulation.com\/vi\/wp-json\/wp\/v2\/media\/1430"}],"wp:attachment":[{"href":"https:\/\/www.xminsulation.com\/vi\/wp-json\/wp\/v2\/media?parent=1429"}],"wp:term":[{"taxonomy":"product_cat","embeddable":true,"href":"https:\/\/www.xminsulation.com\/vi\/wp-json\/wp\/v2\/product_cat?post=1429"},{"taxonomy":"product_tag","embeddable":true,"href":"https:\/\/www.xminsulation.com\/vi\/wp-json\/wp\/v2\/product_tag?post=1429"}],"curies":[{"name":"wp","href":"https:\/\/api.w.org\/{rel}","templated":true}]}}