{"id":1412,"date":"2024-05-07T16:40:57","date_gmt":"2024-05-07T08:40:57","guid":{"rendered":"http:\/\/www.xminsulation.com\/?post_type=product&#038;p=1412"},"modified":"2024-05-15T16:24:31","modified_gmt":"2024-05-15T08:24:31","slug":"mt-15kv-600a-american-t-type-cable-connector","status":"publish","type":"product","link":"https:\/\/www.xminsulation.com\/vi\/product\/mt-15kv-600a-american-t-type-cable-connector\/","title":{"rendered":"\u0110\u1ea7u n\u1ed1i c\u00e1p lo\u1ea1i T c\u1ee7a M\u1ef9 MT-15kV-600A"},"content":{"rendered":"<p><img fetchpriority=\"high\" decoding=\"async\" class=\"alignnone wp-image-1414 size-full\" src=\"http:\/\/www.xminsulation.com\/wp-content\/uploads\/2024\/05\/\u56fe\u7247218-1.png\" alt=\"\" width=\"462\" height=\"462\" srcset=\"https:\/\/www.xminsulation.com\/wp-content\/uploads\/2024\/05\/\u56fe\u7247218-1.png 462w, https:\/\/www.xminsulation.com\/wp-content\/uploads\/2024\/05\/\u56fe\u7247218-1-300x300.png 300w, https:\/\/www.xminsulation.com\/wp-content\/uploads\/2024\/05\/\u56fe\u7247218-1-150x150.png 150w, https:\/\/www.xminsulation.com\/wp-content\/uploads\/2024\/05\/\u56fe\u7247218-1-100x100.png 100w\" sizes=\"(max-width: 462px) 100vw, 462px\" \/><\/p>\n<h2><strong><b>Th\u00f4ng tin chung<\/b><\/strong><\/h2>\n<p>Kh\u1edbp n\u1ed1i lo\u1ea1i T 600A c\u1ee7a M\u1ef9 d\u00f9ng cho h\u1ed9p nh\u00e1nh c\u00e1p c\u1ee7a M\u1ef9, t\u1ee7 m\u1ea1ng h\u1ed9p ho\u1eb7c v\u00f2ng c\u1ee7a M\u1ef9, \u1ed5 c\u1eafm \u0111\u01b0\u1ee3c k\u1ebft n\u1ed1i v\u1edbi v\u1ecf 600A v\u00e0 gi\u00e1 \u0111\u1ee1 bus 600A. S\u1ea3n ph\u1ea9m c\u00f3 \u0111\u1ea7u th\u1eed, c\u00f3 th\u1ec3 s\u1ea1c cho ho\u1ea1t \u0111\u1ed9ng c\u1ee7a m\u00e0n h\u00ecnh s\u1ea3n ph\u1ea9m.<\/p>\n<p>S\u1ea3n ph\u1ea9m n\u00e0y l\u00e0 s\u1ea3n ph\u1ea9m c\u00e1ch \u0111i\u1ec7n ho\u00e0n to\u00e0n, k\u00edn ho\u00e0n to\u00e0n, \u0111\u01b0\u1ee3c che ch\u1eafn ho\u00e0n to\u00e0n, c\u00f3 th\u1ec3 k\u1ebft n\u1ed1i th\u00f4ng qua \u0111\u1ea7u n\u1ed1i gi\u1eefa v\u00e0 \u0111\u1ea7u n\u1ed1i lo\u1ea1i T 600A, b\u1ed9 ch\u1ed1ng s\u00e9t lo\u1ea1i T 600A \u0111\u1ec3 k\u1ebft n\u1ed1i m\u1edf r\u1ed9ng. Ti\u1ebft di\u1ec7n \u00e1p d\u1ee5ng 25-500mm.<\/p>\n<p><img decoding=\"async\" class=\"alignnone wp-image-1415 size-full\" src=\"http:\/\/www.xminsulation.com\/wp-content\/uploads\/2024\/05\/\u56fe\u7247219.png\" alt=\"\" width=\"471\" height=\"539\" srcset=\"https:\/\/www.xminsulation.com\/wp-content\/uploads\/2024\/05\/\u56fe\u7247219.png 471w, https:\/\/www.xminsulation.com\/wp-content\/uploads\/2024\/05\/\u56fe\u7247219-262x300.png 262w\" sizes=\"(max-width: 471px) 100vw, 471px\" \/> <img decoding=\"async\" class=\"alignnone wp-image-1416 size-full\" src=\"http:\/\/www.xminsulation.com\/wp-content\/uploads\/2024\/05\/\u56fe\u7247220.png\" alt=\"\" width=\"1246\" height=\"296\" srcset=\"https:\/\/www.xminsulation.com\/wp-content\/uploads\/2024\/05\/\u56fe\u7247220.png 1246w, https:\/\/www.xminsulation.com\/wp-content\/uploads\/2024\/05\/\u56fe\u7247220-300x71.png 300w, https:\/\/www.xminsulation.com\/wp-content\/uploads\/2024\/05\/\u56fe\u7247220-1024x243.png 1024w, https:\/\/www.xminsulation.com\/wp-content\/uploads\/2024\/05\/\u56fe\u7247220-768x182.png 768w, https:\/\/www.xminsulation.com\/wp-content\/uploads\/2024\/05\/\u56fe\u7247220-600x143.png 600w\" sizes=\"(max-width: 1246px) 100vw, 1246px\" \/><\/p>\n<p>&nbsp;<\/p>\n<div class=\"wxts\">\n<h2>\u25c6T\u00f9y ch\u1ec9nh \u0111\u1eb7c bi\u1ec7t<\/h2>\n<p>C\u00e1c th\u00f4ng s\u1ed1 tr\u00ean l\u00e0 d\u1eef li\u1ec7u ti\u00eau bi\u1ec3u; n\u1ebfu c\u00e1c ki\u1ec3u d\u00e1ng hi\u1ec7n c\u00f3 kh\u00f4ng \u0111\u00e1p \u1ee9ng \u0111\u01b0\u1ee3c nhu c\u1ea7u c\u1ee5 th\u1ec3 c\u1ee7a b\u1ea1n, vui l\u00f2ng li\u00ean h\u1ec7 v\u1edbi ch\u00fang t\u00f4i \u0111\u1ec3 \u0111\u01b0\u1ee3c thi\u1ebft k\u1ebf ri\u00eang. Ch\u00fang t\u00f4i c\u00f3 k\u1ef9 n\u0103ng s\u1ea3n xu\u1ea5t v\u00e0 ph\u00e1t tri\u1ec3n t\u00f9y ch\u1ec9nh c\u00e1 nh\u00e2n h\u00f3a \u0111\u00e1ng k\u1ec3, cho ph\u00e9p ch\u00fang t\u00f4i cung c\u1ea5p c\u00e1c gi\u1ea3i ph\u00e1p ph\u00f9 h\u1ee3p cho kh\u00e1ch h\u00e0ng tr\u00ean to\u00e0n th\u1ebf gi\u1edbi.<\/p>\n<\/div>","protected":false},"excerpt":{"rendered":"<p>General Information American 600A T type joint for the used for American cable branch box,American box or ring network cabinet,outlet is connected with the 600A casing and 600A bus supporting. Product with a test head, can be charged for the operation of the product display. This product is fully insulated, fully sealed, fully shielded products, [&hellip;]<\/p>","protected":false},"featured_media":1413,"template":"","meta":{"site-sidebar-layout":"default","site-content-layout":"","ast-site-content-layout":"default","site-content-style":"default","site-sidebar-style":"default","ast-global-header-display":"","ast-banner-title-visibility":"","ast-main-header-display":"","ast-hfb-above-header-display":"","ast-hfb-below-header-display":"","ast-hfb-mobile-header-display":"","site-post-title":"","ast-breadcrumbs-content":"","ast-featured-img":"","footer-sml-layout":"","theme-transparent-header-meta":"default","adv-header-id-meta":"","stick-header-meta":"","header-above-stick-meta":"","header-main-stick-meta":"","header-below-stick-meta":"","astra-migrate-meta-layouts":"set","ast-page-background-enabled":"default","ast-page-background-meta":{"desktop":{"background-color":"","background-image":"","background-repeat":"repeat","background-position":"center center","background-size":"auto","background-attachment":"scroll","background-type":"","background-media":"","overlay-type":"","overlay-color":"","overlay-gradient":""},"tablet":{"background-color":"","background-image":"","background-repeat":"repeat","background-position":"center center","background-size":"auto","background-attachment":"scroll","background-type":"","background-media":"","overlay-type":"","overlay-color":"","overlay-gradient":""},"mobile":{"background-color":"","background-image":"","background-repeat":"repeat","background-position":"center center","background-size":"auto","background-attachment":"scroll","background-type":"","background-media":"","overlay-type":"","overlay-color":"","overlay-gradient":""}},"ast-content-background-meta":{"desktop":{"background-color":"var(--ast-global-color-5)","background-image":"","background-repeat":"repeat","background-position":"center center","background-size":"auto","background-attachment":"scroll","background-type":"","background-media":"","overlay-type":"","overlay-color":"","overlay-gradient":""},"tablet":{"background-color":"var(--ast-global-color-5)","background-image":"","background-repeat":"repeat","background-position":"center center","background-size":"auto","background-attachment":"scroll","background-type":"","background-media":"","overlay-type":"","overlay-color":"","overlay-gradient":""},"mobile":{"background-color":"var(--ast-global-color-5)","background-image":"","background-repeat":"repeat","background-position":"center center","background-size":"auto","background-attachment":"scroll","background-type":"","background-media":"","overlay-type":"","overlay-color":"","overlay-gradient":""}}},"product_cat":[52],"product_tag":[],"class_list":{"0":"post-1412","1":"product","2":"type-product","3":"status-publish","4":"has-post-thumbnail","6":"product_cat-meishi","7":"desktop-align-left","8":"tablet-align-left","9":"mobile-align-left","11":"first","12":"instock","13":"shipping-taxable","14":"product-type-simple"},"_links":{"self":[{"href":"https:\/\/www.xminsulation.com\/vi\/wp-json\/wp\/v2\/product\/1412","targetHints":{"allow":["GET"]}}],"collection":[{"href":"https:\/\/www.xminsulation.com\/vi\/wp-json\/wp\/v2\/product"}],"about":[{"href":"https:\/\/www.xminsulation.com\/vi\/wp-json\/wp\/v2\/types\/product"}],"wp:featuredmedia":[{"embeddable":true,"href":"https:\/\/www.xminsulation.com\/vi\/wp-json\/wp\/v2\/media\/1413"}],"wp:attachment":[{"href":"https:\/\/www.xminsulation.com\/vi\/wp-json\/wp\/v2\/media?parent=1412"}],"wp:term":[{"taxonomy":"product_cat","embeddable":true,"href":"https:\/\/www.xminsulation.com\/vi\/wp-json\/wp\/v2\/product_cat?post=1412"},{"taxonomy":"product_tag","embeddable":true,"href":"https:\/\/www.xminsulation.com\/vi\/wp-json\/wp\/v2\/product_tag?post=1412"}],"curies":[{"name":"wp","href":"https:\/\/api.w.org\/{rel}","templated":true}]}}