{"id":1365,"date":"2024-05-07T16:06:08","date_gmt":"2024-05-07T08:06:08","guid":{"rendered":"http:\/\/www.xminsulation.com\/?post_type=product&#038;p=1365"},"modified":"2024-05-15T16:28:50","modified_gmt":"2024-05-15T08:28:50","slug":"35kv-cold-shrinkable-power-cable-terminal","status":"publish","type":"product","link":"https:\/\/www.xminsulation.com\/vi\/product\/35kv-cold-shrinkable-power-cable-terminal\/","title":{"rendered":"\u0110\u1ea7u c\u00e1p \u0111i\u1ec7n co ngu\u1ed9i 35kV"},"content":{"rendered":"<h1><img fetchpriority=\"high\" decoding=\"async\" class=\"alignnone wp-image-1367 size-full\" src=\"http:\/\/www.xminsulation.com\/wp-content\/uploads\/2024\/05\/\u56fe\u7247185.png\" alt=\"\" width=\"1152\" height=\"824\" srcset=\"https:\/\/www.xminsulation.com\/wp-content\/uploads\/2024\/05\/\u56fe\u7247185.png 1152w, https:\/\/www.xminsulation.com\/wp-content\/uploads\/2024\/05\/\u56fe\u7247185-300x215.png 300w, https:\/\/www.xminsulation.com\/wp-content\/uploads\/2024\/05\/\u56fe\u7247185-1024x732.png 1024w, https:\/\/www.xminsulation.com\/wp-content\/uploads\/2024\/05\/\u56fe\u7247185-768x549.png 768w, https:\/\/www.xminsulation.com\/wp-content\/uploads\/2024\/05\/\u56fe\u7247185-600x429.png 600w\" sizes=\"(max-width: 1152px) 100vw, 1152px\" \/> <img decoding=\"async\" class=\"alignnone wp-image-1368 size-full\" src=\"http:\/\/www.xminsulation.com\/wp-content\/uploads\/2024\/05\/\u56fe\u7247186-1.png\" alt=\"\" width=\"1000\" height=\"1000\" srcset=\"https:\/\/www.xminsulation.com\/wp-content\/uploads\/2024\/05\/\u56fe\u7247186-1.png 1000w, https:\/\/www.xminsulation.com\/wp-content\/uploads\/2024\/05\/\u56fe\u7247186-1-300x300.png 300w, https:\/\/www.xminsulation.com\/wp-content\/uploads\/2024\/05\/\u56fe\u7247186-1-150x150.png 150w, https:\/\/www.xminsulation.com\/wp-content\/uploads\/2024\/05\/\u56fe\u7247186-1-768x768.png 768w, https:\/\/www.xminsulation.com\/wp-content\/uploads\/2024\/05\/\u56fe\u7247186-1-600x600.png 600w, https:\/\/www.xminsulation.com\/wp-content\/uploads\/2024\/05\/\u56fe\u7247186-1-100x100.png 100w\" sizes=\"(max-width: 1000px) 100vw, 1000px\" \/> <img decoding=\"async\" class=\"alignnone wp-image-1369 size-full\" src=\"http:\/\/www.xminsulation.com\/wp-content\/uploads\/2024\/05\/\u56fe\u7247187.png\" alt=\"\" width=\"1000\" height=\"1000\" srcset=\"https:\/\/www.xminsulation.com\/wp-content\/uploads\/2024\/05\/\u56fe\u7247187.png 1000w, https:\/\/www.xminsulation.com\/wp-content\/uploads\/2024\/05\/\u56fe\u7247187-300x300.png 300w, https:\/\/www.xminsulation.com\/wp-content\/uploads\/2024\/05\/\u56fe\u7247187-150x150.png 150w, https:\/\/www.xminsulation.com\/wp-content\/uploads\/2024\/05\/\u56fe\u7247187-768x768.png 768w, https:\/\/www.xminsulation.com\/wp-content\/uploads\/2024\/05\/\u56fe\u7247187-600x600.png 600w, https:\/\/www.xminsulation.com\/wp-content\/uploads\/2024\/05\/\u56fe\u7247187-100x100.png 100w\" sizes=\"(max-width: 1000px) 100vw, 1000px\" \/> <img loading=\"lazy\" decoding=\"async\" class=\"alignnone wp-image-1370 size-full\" src=\"http:\/\/www.xminsulation.com\/wp-content\/uploads\/2024\/05\/\u56fe\u7247188.png\" alt=\"\" width=\"988\" height=\"774\" srcset=\"https:\/\/www.xminsulation.com\/wp-content\/uploads\/2024\/05\/\u56fe\u7247188.png 988w, https:\/\/www.xminsulation.com\/wp-content\/uploads\/2024\/05\/\u56fe\u7247188-300x235.png 300w, https:\/\/www.xminsulation.com\/wp-content\/uploads\/2024\/05\/\u56fe\u7247188-768x602.png 768w, https:\/\/www.xminsulation.com\/wp-content\/uploads\/2024\/05\/\u56fe\u7247188-600x470.png 600w\" sizes=\"(max-width: 988px) 100vw, 988px\" \/><\/h1>\n<h2><strong><b>\u0110i\u1ec7n \u00e1p 35kV<\/b><\/strong><\/h2>\n<h2><strong><b>\u0110\u1ea7u n\u1ed1i c\u00e1p co ngu\u1ed9i 35kV \/ \u0110\u1ea7u n\u1ed1i c\u00e1p \u0111i\u1ec7n co ngu\u1ed9i 35kV<\/b><\/strong><\/h2>\n<p>Kh\u1edbp n\u1ed1i c\u00e1p co ngu\u1ed9i \u0111\u01b0\u1ee3c l\u00e0m b\u1eb1ng cao su silicon l\u1ecfng v\u00e0 cao su EPDM c\u00f3 hi\u1ec7u su\u1ea5t k\u1ef5 n\u01b0\u1edbc. \u0110\u1ed9 \u0111\u00e0n h\u1ed3i cao v\u00e0 kh\u1ea3 n\u0103ng co ng\u00f3t \u0111\u1ea3m b\u1ea3o \u00e1p su\u1ea5t ho\u1ea1t \u0111\u1ed9ng m\u1ea1nh m\u1ebd v\u00e0 li\u00ean t\u1ee5c gi\u1eefa cao su v\u00e0 c\u00e1p c\u00f3 th\u1ec3 ph\u1ea3n \u1ee9ng v\u1edbi \u0111\u01b0\u1eddng k\u00ednh c\u00e1p gi\u00e3n n\u1edf ho\u1eb7c co l\u1ea1i theo chu k\u1ef3 t\u1ea3i.<\/p>\n<h2><strong>S\u1ee9c m\u1ea1nh v\u00e0 c\u00f4ng ngh\u1ec7<\/strong><\/h2>\n<p>Ph\u1ee5 ki\u1ec7n c\u00e1p co l\u1ea1nh l\u00e0 vi\u1ec7c s\u1eed d\u1ee5ng v\u1eadt li\u1ec7u \u0111\u00e0n h\u1ed3i (th\u01b0\u1eddng \u0111\u01b0\u1ee3c s\u1eed d\u1ee5ng v\u1edbi cao su silicon v\u00e0 cao su EPDM) trong thi\u1ebft b\u1ecb \u00e9p phun l\u01b0u h\u00f3a \u00e9p phun, sau \u0111\u00f3 b\u1eb1ng c\u00e1ch m\u1edf r\u1ed9ng v\u00e0 l\u00f3t b\u1eb1ng gi\u00e1 \u0111\u1ee1 xo\u1eafn \u1ed1c b\u1eb1ng nh\u1ef1a bao g\u1ed3m nhi\u1ec1u ph\u1ee5 ki\u1ec7n c\u00e1p kh\u00e1c nhau. Khi l\u1eafp \u0111\u1eb7t t\u1ea1i ch\u1ed7, c\u00e1c b\u1ed9 ph\u1eadn gi\u00e3n n\u1edf tr\u01b0\u1edbc \u0111\u01b0\u1ee3c b\u1ecdc \u1edf \u0111\u1ea7u ho\u1eb7c m\u1ed1i n\u1ed1i c\u1ee7a c\u00e1p \u0111\u00e3 x\u1eed l\u00fd v\u00e0 k\u00e9o ra d\u1ea3i xo\u1eafn \u1ed1c b\u1eb1ng nh\u1ef1a h\u1ed7 tr\u1ee3 b\u00ean trong (gi\u00e1 \u0111\u1ee1), \u0111\u01b0\u1ee3c \u00e9p v\u00e0o l\u1edbp c\u00e1ch \u0111i\u1ec7n c\u1ee7a c\u00e1p. V\u00ec \u1edf nhi\u1ec7t \u0111\u1ed9 ph\u00f2ng b\u1eb1ng l\u1ef1c gi\u1eadt \u0111\u00e0n h\u1ed3i, thay v\u00ec gi\u1ed1ng nh\u01b0 ph\u1ee5 ki\u1ec7n c\u00e1p co nhi\u1ec7t \u0111\u01b0\u1ee3c s\u1eed d\u1ee5ng \u0111\u1ec3 l\u00e0m n\u00f3ng s\u1ef1 co l\u1ea1i, n\u00ean th\u01b0\u1eddng \u0111\u01b0\u1ee3c g\u1ecdi l\u00e0 ph\u1ee5 ki\u1ec7n c\u00e1p co l\u1ea1nh. \u0110\u1ea7u c\u1ef1c c\u00e1p co l\u1ea1nh ban \u0111\u1ea7u ch\u1ec9 c\u1ea7n s\u1eed d\u1ee5ng th\u00eam l\u1edbp c\u00e1ch \u0111i\u1ec7n cao su silicon v\u00e0 c\u00e1c b\u1ed9 ph\u1eadn co, x\u1eed l\u00fd tr\u01b0\u1eddng \u0111i\u1ec7n v\u1eabn s\u1eed d\u1ee5ng n\u00ean \u1ee9ng su\u1ea5t lo\u1ea1i h\u00ecnh n\u00f3n ho\u1eb7c v\u00f9ng \u1ee9ng su\u1ea5t xung quanh g\u00f3i.<\/p>\n<p>Hi\u1ec7n nay th\u01b0\u1eddng \u00e1p d\u1ee5ng \u1ed1ng \u0111i\u1ec1u khi\u1ec3n \u1ee9ng su\u1ea5t co ng\u00f3t l\u1ea1nh, m\u1ee9c \u0111i\u1ec7n \u00e1p t\u1eeb 10kV \u0111\u1ebfn 35kv. M\u1ed1i n\u1ed1i c\u00e1p co ng\u00f3t l\u1ea1nh, m\u1ee9c 1kV s\u1eed d\u1ee5ng \u1ed1ng c\u00e1ch \u0111i\u1ec7n co ng\u00f3t l\u1ea1nh \u0111\u1ec3 t\u0103ng c\u01b0\u1eddng c\u00e1ch \u0111i\u1ec7n, m\u1ee9c 10kV s\u1eed d\u1ee5ng l\u1edbp ch\u1eafn b\u00e1n d\u1eabn b\u00ean trong v\u00e0 b\u00ean ngo\u00e0i m\u1ed1i n\u1ed1i mi\u1ebfng c\u00e1ch \u0111i\u1ec7n co ng\u00f3t l\u1ea1nh. \u0110\u1ea7u c\u00e1p ba l\u00f5i ph\u00e2n nh\u00e1nh v\u1edbi nh\u00e1nh b\u1ed9 co ng\u00f3t l\u1ea1nh.<\/p>\n<h2><strong>\u0110\u1eb7c \u0111i\u1ec3m c\u1ee7a ph\u1ee5 ki\u1ec7n c\u00e1p co ngu\u1ed9i<\/strong><\/h2>\n<p>S\u1eed d\u1ee5ng c\u00f4ng ngh\u1ec7 l\u00e0m l\u1ea1nh ti\u00ean ti\u1ebfn nh\u1ea5t, kh\u00f4ng c\u1ea7n loe v\u00e0 d\u1ee5ng c\u1ee5 chuy\u00ean d\u1ee5ng, l\u1eafp \u0111\u1eb7t, ch\u1ec9 c\u1ea7n k\u00e9o l\u00f5i d\u00e2y ra, th\u00e2n \u0111\u00e0n h\u1ed3i s\u1ebd nhanh ch\u00f3ng co l\u1ea1i v\u00e0 \u00e1p s\u00e1t v\u00e0o v\u1ecb tr\u00ed l\u1eafp \u0111\u1eb7t.<\/p>\n<p>Cao su silicon c\u00f3 kh\u1ea3 n\u0103ng c\u00e1ch \u0111i\u1ec7n tuy\u1ec7t v\u1eddi v\u00e0 \u0111\u1ed9 \u0111\u00e0n h\u1ed3i cao, sau khi l\u1eafp \u0111\u1eb7t ph\u1ea7n c\u00f2n l\u1ea1i c\u1ee7a th\u00e2n c\u00e1p, \u00e1p su\u1ea5t xuy\u00ean t\u00e2m ph\u00f9 h\u1ee3p, li\u00ean k\u1ebft giao di\u1ec7n, kh\u00f4ng ph\u1ea3i do c\u00e1p ch\u1ea1y h\u00f4 h\u1ea5p v\u00e0 h\u1ecfng h\u00f3c. B\u1ed9 ph\u1eadn ki\u1ec3m so\u00e1t \u1ee9ng su\u1ea5t v\u00e0 v\u1eadt li\u1ec7u c\u00e1ch \u0111i\u1ec7n ch\u00ednh \u0111\u01b0\u1ee3c t\u00edch h\u1ee3p, gi\u1ea3i quy\u1ebft hi\u1ec7u qu\u1ea3 v\u1ea5n \u0111\u1ec1 t\u1eadp trung \u1ee9ng su\u1ea5t \u0111i\u1ec7n \u1edf b\u1ec1 m\u1eb7t che ch\u1eafn b\u00ean ngo\u00e0i c\u1ee7a c\u00e1p, \u0111\u1ea3m b\u1ea3o \u0111\u1ed9 tin c\u1eady c\u1ee7a l\u1edbp c\u00e1ch \u0111i\u1ec7n v\u00e0 an to\u00e0n khi v\u1eadn h\u00e0nh. T\u1ea5t c\u1ea3 c\u00e1c s\u1ea3n ph\u1ea9m \u0111\u1ec1u \u0111\u01b0\u1ee3c s\u1ea3n xu\u1ea5t t\u1ea1i nh\u00e0 m\u00e1y. Kh\u00f4ng c\u1ea7n \u0111\u00e0o t\u1ea1o \u0111\u1eb7c bi\u1ec7t, l\u1eafp \u0111\u1eb7t v\u00e0 v\u1eadn h\u00e0nh \u0111\u01a1n gi\u1ea3n, kh\u00f4ng s\u1eed d\u1ee5ng l\u1eeda, ti\u1ebft ki\u1ec7m th\u1eddi gian v\u00e0 ti\u1ebft ki\u1ec7m nh\u00e2n c\u00f4ng, c\u00f4ng ngh\u1ec7 t\u1ef1 \u0111\u1ed9ng co ng\u00f3t l\u1ea1nh, l\u1eafp \u0111\u1eb7t d\u1ec5 d\u00e0ng m\u00e0 kh\u00f4ng t\u1ed1n nhi\u1ec1u c\u00f4ng s\u1ee9c, gi\u1ea3m \u0111\u00e1ng k\u1ec3 do tai n\u1ea1n ch\u1ea5t l\u01b0\u1ee3ng do v\u1eadn h\u00e0nh kh\u00f4ng \u0111\u00fang c\u00e1ch, nh\u01b0ng c\u0169ng gi\u1ea3i quy\u1ebft hi\u1ec7n t\u01b0\u1ee3ng ph\u1ee5 ki\u1ec7n c\u00e1p \u0111\u00fac s\u1eb5n co l\u1ea1i kh\u00f4ng ch\u1eb7t ho\u1eb7c kh\u00f4ng v\u00e0o.<\/p>\n<h2><strong>B\u1ea3n t\u00f3m t\u1eaft<\/strong><\/h2>\n<p>V\u1eadt li\u1ec7u c\u00e1ch \u0111i\u1ec7n \u0111\u1ea7u cu\u1ed1i \u0111\u01b0\u1ee3c l\u00e0m b\u1eb1ng v\u1eadt li\u1ec7u cao su silicon ch\u1ea5t l\u01b0\u1ee3ng cao v\u00e0 c\u00f3 hi\u1ec7u su\u1ea5t k\u1ef5 n\u01b0\u1edbc t\u1ed1t, khi c\u00e1c gi\u1ecdt sau khi \u1edf tr\u00ean, s\u1eb5n s\u00e0ng l\u0103n xu\u1ed1ng, kh\u00f4ng t\u1ea1o th\u00e0nh m\u00e0ng n\u01b0\u1edbc d\u1eabn \u0111i\u1ec7n v\u00e0 c\u00f3 \u0111\u1eb7c t\u00ednh t\u1ef1 ph\u1ee5c h\u1ed3i k\u1ef5 n\u01b0\u1edbc. Ngo\u00e0i ra, n\u00f3 c\u00f3 kh\u1ea3 n\u0103ng c\u00e1ch \u0111i\u1ec7n m\u1ea1nh, kh\u1ea3 n\u0103ng ch\u1ed1ng ch\u1ecbu, ch\u1ed1ng \u0103n m\u00f2n v\u00e0 ch\u1ed1ng tia c\u1ef1c t\u00edm, \u01b0u \u0111i\u1ec3m l\u1edbn nh\u1ea5t l\u00e0 \u0111\u1ea3m b\u1ea3o s\u1eed d\u1ee5ng l\u00e2u d\u00e0i hi\u1ec7u su\u1ea5t \u1ed5n \u0111\u1ecbnh. Tu\u1ed5i th\u1ecd cao, tu\u1ed5i th\u1ecd t\u01b0\u01a1ng \u0111\u01b0\u01a1ng v\u1edbi th\u00e2n c\u00e1p.<\/p>\n<p>\u0110\u1ea7u c\u00e1p ph\u1ee5 ki\u1ec7n, c\u00f3 c\u00f4ng th\u1ee9c v\u1eadt li\u1ec7u v\u00e0 quy tr\u00ecnh s\u1ea3n xu\u1ea5t \u0111\u1ed9c \u0111\u00e1o, g\u1eafn ch\u1eb7t l\u1edbp c\u00e1ch \u0111i\u1ec7n ch\u00ednh c\u1ee7a c\u00e1p, th\u00e2n c\u00e1p cung c\u1ea5p \u00e1p su\u1ea5t h\u01b0\u1edbng t\u00e2m kh\u00f4ng \u0111\u1ed5i, l\u01b0\u1ee3ng ph\u00f3ng \u0111i\u1ec7n c\u1ee5c b\u1ed9 nh\u1ecf, \u0111i\u1ec7n \u00e1p kh\u1edfi \u0111\u1ed9ng cao, m\u1ee9c c\u00e1ch \u0111i\u1ec7n xung cao h\u01a1n m\u1ee9c ti\u00eau chu\u1ea9n hi\u1ec7n h\u00e0nh v\u00e0 th\u00e2n c\u00e1p c\u00f3 &#039;h\u01a1i th\u1edf&#039;.<\/p>\n<p>Ti\u00eau chu\u1ea9n qu\u1ed1c gia GB50168-92 &#039;m\u00e3 x\u00e2y d\u1ef1ng v\u00e0 ch\u1ea5p nh\u1eadn \u0111\u01b0\u1eddng d\u00e2y c\u00e1p ph\u1ea7n 6.1.3 quy \u0111\u1ecbnh: s\u1ea3n xu\u1ea5t \u0111\u1ea7u n\u1ed1i v\u00e0 \u0111\u1ea7u n\u1ed1i c\u00e1p \u0111i\u1ec7n c\u00e1ch \u0111i\u1ec7n b\u1eb1ng nh\u1ef1a, ph\u1ea3i ng\u0103n b\u1ee5i, m\u1ea3nh v\u1ee5n r\u01a1i v\u00e0o l\u1edbp c\u00e1ch \u0111i\u1ec7n. Nghi\u00eam c\u1ea5m trong s\u01b0\u01a1ng m\u00f9 ho\u1eb7c m\u01b0a &quot;. N\u1ebfu ch\u00fang ta kh\u00f4ng ch\u00fa \u00fd \u0111\u1ebfn \u1ea3nh h\u01b0\u1edfng c\u1ee7a c\u00e1c y\u1ebfu t\u1ed1 m\u00f4i tr\u01b0\u1eddng trong qu\u00e1 tr\u00ecnh s\u1ea3n xu\u1ea5t, c\u00e1ch \u0111i\u1ec7n \u0111\u1ea7u c\u00e1p do b\u1ee5i, t\u1ea1p ch\u1ea5t, ch\u1eb3ng h\u1ea1n nh\u01b0 h\u00ecnh th\u00e0nh khe h\u1edf kh\u00f4ng kh\u00ed v\u00e0 d\u01b0\u1edbi tr\u01b0\u1eddng \u0111i\u1ec7n m\u1ea1nh x\u1ea3y ra ph\u00f3ng \u0111i\u1ec7n c\u1ee5c b\u1ed9 (PD), v\u00e0 sau \u0111\u00f3 d\u1eabn \u0111\u1ebfn s\u1ef1 c\u1ed1 c\u00e1ch \u0111i\u1ec7n, d\u1eabn \u0111\u1ebfn s\u1ef1 c\u1ed1 h\u1ecfng \u0111\u1ea7u c\u00e1p. N\u1ebfu \u0111\u01b0\u1ee3c th\u1ef1c hi\u1ec7n trong m\u00f4i tr\u01b0\u1eddng \u1ea9m \u01b0\u1edbt, c\u00e1p d\u1ec5 b\u1ecb \u1ea3nh h\u01b0\u1edfng b\u1edfi \u0111\u1ed9 \u1ea9m v\u00e0 l\u00e0m gi\u1ea3m t\u1ed5ng th\u1ec3 m\u1ee9c \u0111\u1ed9 c\u00e1ch \u0111i\u1ec7n. Ngo\u00e0i ra, c\u0169ng d\u1ec5 b\u1ecb h\u01a1i \u1ea9m x\u00e2m nh\u1eadp v\u00e0o s\u1ef1 h\u00ecnh th\u00e0nh khe h\u1edf v\u00e0 xu\u1ea5t hi\u1ec7n s\u1ef1 ph\u00f3ng \u0111i\u1ec7n c\u1ee5c b\u1ed9.<\/p>\n<p><img loading=\"lazy\" decoding=\"async\" class=\"alignnone wp-image-1371 size-full\" src=\"http:\/\/www.xminsulation.com\/wp-content\/uploads\/2024\/05\/\u56fe\u7247189.png\" alt=\"\" width=\"750\" height=\"984\" srcset=\"https:\/\/www.xminsulation.com\/wp-content\/uploads\/2024\/05\/\u56fe\u7247189.png 750w, https:\/\/www.xminsulation.com\/wp-content\/uploads\/2024\/05\/\u56fe\u7247189-229x300.png 229w, https:\/\/www.xminsulation.com\/wp-content\/uploads\/2024\/05\/\u56fe\u7247189-600x787.png 600w\" sizes=\"(max-width: 750px) 100vw, 750px\" \/><\/p>\n<h2><strong>Ph\u00e2n t\u00edch l\u1eafp \u0111\u1eb7t co ngu\u1ed9i:<\/strong><\/h2>\n<p>1. T\u1ea5t c\u1ea3 cao su silicon \u0111\u1ec1u l\u00e0 cao su silicon l\u1ecfng ch\u1ea5t l\u01b0\u1ee3ng cao, c\u00f3 kh\u1ea3 n\u0103ng c\u00e1ch \u0111i\u1ec7n tuy\u1ec7t v\u1eddi v\u00e0 \u0111\u1ed9 \u0111\u00e0n h\u1ed3i cao.<\/p>\n<p>2. V\u1edbi c\u00e1p \u201cth\u1edf\u201d c\u00f3 hi\u1ec7u qu\u1ea3 l\u00e0m gi\u1ea3m hi\u1ec7n t\u01b0\u1ee3ng ph\u00f3ng \u0111i\u1ec7n c\u1ee5c b\u1ed9 v\u00e0 ph\u00f3ng \u0111i\u1ec7n khe h\u1edf;<\/p>\n<p>3. Kh\u00f4ng c\u00f3 l\u00f2 xo t\u1eeb t\u00ednh kh\u00f4ng \u0111\u1ed5i, tr\u00e1nh d\u00f2ng \u0111i\u1ec7n xo\u00e1y v\u00e0 \u0111i\u1ec7n th\u1ebf l\u01a1 l\u1eedng.<\/p>\n<p><img loading=\"lazy\" decoding=\"async\" class=\"alignnone wp-image-1372 size-full\" src=\"http:\/\/www.xminsulation.com\/wp-content\/uploads\/2024\/05\/\u56fe\u7247190.png\" alt=\"\" width=\"479\" height=\"790\" srcset=\"https:\/\/www.xminsulation.com\/wp-content\/uploads\/2024\/05\/\u56fe\u7247190.png 479w, https:\/\/www.xminsulation.com\/wp-content\/uploads\/2024\/05\/\u56fe\u7247190-182x300.png 182w\" sizes=\"(max-width: 479px) 100vw, 479px\" \/><\/p>\n<p><strong><b>\u4e09\u82af\u51b7\u7f29\u6237\u5185\u5916\u7ec8\u7aef\u88c5\u914d\u793a\u610f\u56fe<\/b><\/strong><\/p>\n<p><strong><b>Cu\u1ed9c h\u1ecdp <\/b><\/strong><strong><b>D<\/b><\/strong><strong><b>bi\u1ec3u \u0111\u1ed3 c\u1ee7a <\/b><\/strong><strong><b>T<\/b><\/strong><strong><b>\u0111\u00e2y-<\/b><\/strong><strong><b>C<\/b><\/strong><strong><b>qu\u1eb7ng <\/b><\/strong><strong><b>C<\/b><\/strong><strong><b>c\u0169 <\/b><\/strong><strong><b>S<\/b><\/strong><strong><b>hink <\/b><\/strong><strong><b>T\u00d4I<\/b><\/strong><strong><b>ndoor v\u00e0 <\/b><\/strong><strong><b>\u1ed2<\/b><\/strong><strong><b>ngo\u00e0i tr\u1eddi <\/b><\/strong><strong><b>T<\/b><\/strong><strong><b>lo\u00e0i ch\u1ed3n<\/b><\/strong><\/p>\n<ul>\n<li>\u63a5\u7ebf\u7aef\u5b50Terminals\uff0c<\/li>\n<li>J-20\u767d\u7c98\u5e26B\u0103ng d\u00ednh tr\u1eafng J-20,<\/li>\n<li>\u7ebf\u82afCore\uff0c<\/li>\n<li>Ch\u1ea5t b\u1ecbt k\u00edn<\/li>\n<li>\u1ed0ng k\u00edn<\/li>\n<li>Th\u00e2n m\u00e1y \u0111\u1ea7u cu\u1ed1i<\/li>\n<li>\u4e3b\u7edd\u7f18\u5c42L\u1edbp c\u00e1ch nhi\u1ec7t ch\u00ednh,<\/li>\n<li>\u5e94\u529b\u9525H\u00ecnh n\u00f3n \u1ee9ng su\u1ea5t<\/li>\n<li>\u0110i\u1ec7n t\u1eed b\u00e1n d\u1eabn<\/li>\n<li>T\u1ea5m ch\u1eafn b\u00e1n d\u1eabn<\/li>\n<li>Ch\u1ea5t b\u1ecbt k\u00edn<\/li>\n<li>\u94dc\u5c4f\u853d\u5e26B\u0103ng che ch\u1eafn b\u1eb1ng \u0111\u1ed3ng,<\/li>\n<li>\u51b7\u7f29\u7edd\u7f18\u7ba1\u1ed0ng c\u00e1ch nhi\u1ec7t co l\u1ea1nh,<\/li>\n<li>L\u1edbp l\u00f3t\uff0c<\/li>\n<li>\u6052\u529b\u5f39\u7c27l\u00f2 xo li\u00ean t\u1ee5c,<\/li>\n<li>\u94a2\u94e0gi\u00e1p th\u00e9p\uff0c<\/li>\n<li>Keo tr\u00e1m tr\u00e9t<\/li>\n<li>V\u1ecf b\u1ecdc b\u00ean ngo\u00e0i c\u1ee7a c\u00e1p<\/li>\n<li>\u51b7\u7f29\u4e09\u652f\u5957B\u1ed9 ba m\u1ea3nh co l\u1ea1nh,<\/li>\n<li>\u5c4f\u853d\u63a5\u5730\u7ebfD\u00e2y n\u1ed1i \u0111\u1ea5t \u0111\u01b0\u1ee3c b\u1ea3o v\u1ec7,<\/li>\n<\/ul>\n<p>21\u3001\u94a2\u94e0\u63a5\u5730\u7ebfD\u00e2y n\u1ed1i \u0111\u1ea5t b\u1ecdc th\u00e9p.<\/p>\n<h2><strong><b>G\u00f3i ph\u1ee5 ki\u1ec7n s\u1ea3n ph\u1ea9m<\/b><\/strong><\/h2>\n<p><img loading=\"lazy\" decoding=\"async\" class=\"alignnone wp-image-1373 size-full\" src=\"http:\/\/www.xminsulation.com\/wp-content\/uploads\/2024\/05\/\u56fe\u7247191.png\" alt=\"\" width=\"1000\" height=\"1312\" srcset=\"https:\/\/www.xminsulation.com\/wp-content\/uploads\/2024\/05\/\u56fe\u7247191.png 1000w, https:\/\/www.xminsulation.com\/wp-content\/uploads\/2024\/05\/\u56fe\u7247191-229x300.png 229w, https:\/\/www.xminsulation.com\/wp-content\/uploads\/2024\/05\/\u56fe\u7247191-780x1024.png 780w, https:\/\/www.xminsulation.com\/wp-content\/uploads\/2024\/05\/\u56fe\u7247191-768x1008.png 768w, https:\/\/www.xminsulation.com\/wp-content\/uploads\/2024\/05\/\u56fe\u7247191-600x787.png 600w\" sizes=\"(max-width: 1000px) 100vw, 1000px\" \/> <img loading=\"lazy\" decoding=\"async\" class=\"alignnone wp-image-1374 size-full\" src=\"http:\/\/www.xminsulation.com\/wp-content\/uploads\/2024\/05\/\u56fe\u7247192.png\" alt=\"\" width=\"1000\" height=\"1121\" srcset=\"https:\/\/www.xminsulation.com\/wp-content\/uploads\/2024\/05\/\u56fe\u7247192.png 1000w, https:\/\/www.xminsulation.com\/wp-content\/uploads\/2024\/05\/\u56fe\u7247192-268x300.png 268w, https:\/\/www.xminsulation.com\/wp-content\/uploads\/2024\/05\/\u56fe\u7247192-913x1024.png 913w, https:\/\/www.xminsulation.com\/wp-content\/uploads\/2024\/05\/\u56fe\u7247192-768x861.png 768w, https:\/\/www.xminsulation.com\/wp-content\/uploads\/2024\/05\/\u56fe\u7247192-600x673.png 600w\" sizes=\"(max-width: 1000px) 100vw, 1000px\" \/><\/p>\n<h2><strong>C\u00e1ch s\u1eed d\u1ee5ng<\/strong><\/h2>\n<p><strong>\u00a0<\/strong><\/p>\n<p>Th\u00edch h\u1ee3p cho k\u1ebft n\u1ed1i c\u00e1p \u0111i\u1ec7n li\u00ean k\u1ebft ch\u00e9o m\u1ed9t l\u00f5i v\u00e0 ba l\u00f5i c\u1ea5p \u0111i\u1ec7n \u00e1p 26kV\/355kV, c\u00f3 t\u00e1c d\u1ee5ng b\u1ecbt k\u00edn, c\u00e1ch \u0111i\u1ec7n, tho\u00e1t \u1ee9ng su\u1ea5t. \u0110\u1eb7c bi\u1ec7t th\u00edch h\u1ee3p s\u1eed d\u1ee5ng trong d\u1ea7u kh\u00ed, h\u00f3a ch\u1ea5t, khai th\u00e1c m\u1ecf v\u00e0 nh\u1eefng n\u01a1i d\u1ec5 ch\u00e1y n\u1ed5 kh\u00e1c.<\/p>\n<div class=\"wxts\">\n<h2>\u25c6T\u00f9y ch\u1ec9nh \u0111\u1eb7c bi\u1ec7t<\/h2>\n<p>C\u00e1c th\u00f4ng s\u1ed1 tr\u00ean l\u00e0 d\u1eef li\u1ec7u ti\u00eau bi\u1ec3u; n\u1ebfu c\u00e1c ki\u1ec3u d\u00e1ng hi\u1ec7n c\u00f3 kh\u00f4ng \u0111\u00e1p \u1ee9ng \u0111\u01b0\u1ee3c nhu c\u1ea7u c\u1ee5 th\u1ec3 c\u1ee7a b\u1ea1n, vui l\u00f2ng li\u00ean h\u1ec7 v\u1edbi ch\u00fang t\u00f4i \u0111\u1ec3 \u0111\u01b0\u1ee3c thi\u1ebft k\u1ebf ri\u00eang. Ch\u00fang t\u00f4i c\u00f3 k\u1ef9 n\u0103ng s\u1ea3n xu\u1ea5t v\u00e0 ph\u00e1t tri\u1ec3n t\u00f9y ch\u1ec9nh c\u00e1 nh\u00e2n h\u00f3a \u0111\u00e1ng k\u1ec3, cho ph\u00e9p ch\u00fang t\u00f4i cung c\u1ea5p c\u00e1c gi\u1ea3i ph\u00e1p ph\u00f9 h\u1ee3p cho kh\u00e1ch h\u00e0ng tr\u00ean to\u00e0n th\u1ebf gi\u1edbi.<\/p>\n<\/div>","protected":false},"excerpt":{"rendered":"<p>35kV\u6237\u5185\u5916\u51b7\u6536\u7f29\u7ba1 35kV Cold Shrink Cable Joint \/ 35kV Cold Shrinkable Power Cable Terminal Cold shrink cable joint is made of liquid silicone rubber and EPDM rubber with hydrophobic performance. High elasticity and ability to shrink ensure powerful and constant active pressure between rubber and cable that can respond to expanding or shrinking cable diameters under [&hellip;]<\/p>","protected":false},"featured_media":1366,"template":"","meta":{"site-sidebar-layout":"default","site-content-layout":"","ast-site-content-layout":"default","site-content-style":"default","site-sidebar-style":"default","ast-global-header-display":"","ast-banner-title-visibility":"","ast-main-header-display":"","ast-hfb-above-header-display":"","ast-hfb-below-header-display":"","ast-hfb-mobile-header-display":"","site-post-title":"","ast-breadcrumbs-content":"","ast-featured-img":"","footer-sml-layout":"","theme-transparent-header-meta":"default","adv-header-id-meta":"","stick-header-meta":"","header-above-stick-meta":"","header-main-stick-meta":"","header-below-stick-meta":"","astra-migrate-meta-layouts":"set","ast-page-background-enabled":"default","ast-page-background-meta":{"desktop":{"background-color":"","background-image":"","background-repeat":"repeat","background-position":"center center","background-size":"auto","background-attachment":"scroll","background-type":"","background-media":"","overlay-type":"","overlay-color":"","overlay-gradient":""},"tablet":{"background-color":"","background-image":"","background-repeat":"repeat","background-position":"center center","background-size":"auto","background-attachment":"scroll","background-type":"","background-media":"","overlay-type":"","overlay-color":"","overlay-gradient":""},"mobile":{"background-color":"","background-image":"","background-repeat":"repeat","background-position":"center center","background-size":"auto","background-attachment":"scroll","background-type":"","background-media":"","overlay-type":"","overlay-color":"","overlay-gradient":""}},"ast-content-background-meta":{"desktop":{"background-color":"var(--ast-global-color-5)","background-image":"","background-repeat":"repeat","background-position":"center center","background-size":"auto","background-attachment":"scroll","background-type":"","background-media":"","overlay-type":"","overlay-color":"","overlay-gradient":""},"tablet":{"background-color":"var(--ast-global-color-5)","background-image":"","background-repeat":"repeat","background-position":"center center","background-size":"auto","background-attachment":"scroll","background-type":"","background-media":"","overlay-type":"","overlay-color":"","overlay-gradient":""},"mobile":{"background-color":"var(--ast-global-color-5)","background-image":"","background-repeat":"repeat","background-position":"center center","background-size":"auto","background-attachment":"scroll","background-type":"","background-media":"","overlay-type":"","overlay-color":"","overlay-gradient":""}}},"product_cat":[51],"product_tag":[],"class_list":{"0":"post-1365","1":"product","2":"type-product","3":"status-publish","4":"has-post-thumbnail","6":"product_cat-cold-shrink-tubing","7":"desktop-align-left","8":"tablet-align-left","9":"mobile-align-left","11":"first","12":"instock","13":"shipping-taxable","14":"product-type-simple"},"_links":{"self":[{"href":"https:\/\/www.xminsulation.com\/vi\/wp-json\/wp\/v2\/product\/1365","targetHints":{"allow":["GET"]}}],"collection":[{"href":"https:\/\/www.xminsulation.com\/vi\/wp-json\/wp\/v2\/product"}],"about":[{"href":"https:\/\/www.xminsulation.com\/vi\/wp-json\/wp\/v2\/types\/product"}],"wp:featuredmedia":[{"embeddable":true,"href":"https:\/\/www.xminsulation.com\/vi\/wp-json\/wp\/v2\/media\/1366"}],"wp:attachment":[{"href":"https:\/\/www.xminsulation.com\/vi\/wp-json\/wp\/v2\/media?parent=1365"}],"wp:term":[{"taxonomy":"product_cat","embeddable":true,"href":"https:\/\/www.xminsulation.com\/vi\/wp-json\/wp\/v2\/product_cat?post=1365"},{"taxonomy":"product_tag","embeddable":true,"href":"https:\/\/www.xminsulation.com\/vi\/wp-json\/wp\/v2\/product_tag?post=1365"}],"curies":[{"name":"wp","href":"https:\/\/api.w.org\/{rel}","templated":true}]}}