{"id":1349,"date":"2024-05-07T15:42:29","date_gmt":"2024-05-07T07:42:29","guid":{"rendered":"http:\/\/www.xminsulation.com\/?post_type=product&#038;p=1349"},"modified":"2024-05-15T16:29:49","modified_gmt":"2024-05-15T08:29:49","slug":"2-0-busbar-insulating-heat-shrinkable-tubing-withstand-voltage-up-to-24kv","status":"publish","type":"product","link":"https:\/\/www.xminsulation.com\/vi\/product\/2-0-busbar-insulating-heat-shrinkable-tubing-withstand-voltage-up-to-24kv\/","title":{"rendered":"2.0 \u1ed0ng co nhi\u1ec7t c\u00e1ch \u0111i\u1ec7n thanh c\u00e1i (Ch\u1ecbu \u0111\u01b0\u1ee3c \u0111i\u1ec7n \u00e1p l\u00ean \u0111\u1ebfn 24kV)"},"content":{"rendered":"<h1><img fetchpriority=\"high\" decoding=\"async\" class=\"alignnone wp-image-1351 size-full\" src=\"http:\/\/www.xminsulation.com\/wp-content\/uploads\/2024\/05\/\u56fe\u7247174-1.png\" alt=\"\" width=\"591\" height=\"578\" srcset=\"https:\/\/www.xminsulation.com\/wp-content\/uploads\/2024\/05\/\u56fe\u7247174-1.png 591w, https:\/\/www.xminsulation.com\/wp-content\/uploads\/2024\/05\/\u56fe\u7247174-1-300x293.png 300w\" sizes=\"(max-width: 591px) 100vw, 591px\" \/><\/h1>\n<h2><strong><b>\u1ee8NG D\u1ee4NG<\/b><\/strong><\/h2>\n<p>\u1ed0ng co nhi\u1ec7t c\u00e1ch \u0111i\u1ec7n thanh c\u00e1i 2.0 \u0111\u01b0\u1ee3c l\u00e0m b\u1eb1ng polyolefin. V\u1eadt li\u1ec7u linh ho\u1ea1t gi\u00fap ng\u01b0\u1eddi v\u1eadn h\u00e0nh d\u1ec5 d\u00e0ng x\u1eed l\u00fd thanh c\u00e1i u\u1ed1n cong. V\u1eadt li\u1ec7u polyolefin th\u00e2n thi\u1ec7n v\u1edbi m\u00f4i tr\u01b0\u1eddng c\u00f3 th\u1ec3 cung c\u1ea5p kh\u1ea3 n\u0103ng b\u1ea3o v\u1ec7 c\u00e1ch \u0111i\u1ec7n \u0111\u00e1ng tin c\u1eady l\u00ean \u0111\u1ebfn 24 kV, tr\u00e1nh kh\u1ea3 n\u0103ng ph\u00f3ng \u0111i\u1ec7n v\u00e0 ti\u1ebfp x\u00fac ng\u1eabu nhi\u00ean. Vi\u1ec7c s\u1eed d\u1ee5ng HB2 \u0111\u1ec3 che thanh c\u00e1i c\u00f3 th\u1ec3 gi\u1ea3m thi\u1ebft k\u1ebf kh\u00f4ng gian c\u1ee7a thi\u1ebft b\u1ecb \u0111\u00f3ng c\u1eaft v\u00e0 gi\u1ea3m chi ph\u00ed.<\/p>\n<h2><strong><b>PH\u00ca DUY\u1ec6T \/ TH\u00d4NG S\u1ed0 K\u1ef8 THU\u1eacT<\/b><\/strong><\/h2>\n<p>IEC60060-1<\/p>\n<h2><strong><b>PH\u1ea0M VI NHI\u1ec6T \u0110\u1ed8 HO\u1ea0T \u0110\u1ed8NG<\/b><\/strong><\/h2>\n<p>a, Nhi\u1ec7t \u0111\u1ed9 ho\u1ea1t \u0111\u1ed9ng li\u00ean t\u1ee5c: -45\u2103 ~ 105\u2103.<\/p>\n<p>b, Nhi\u1ec7t \u0111\u1ed9 co t\u1ed1i thi\u1ec3u: 50\u2103.<\/p>\n<p>c, Nhi\u1ec7t \u0111\u1ed9 ph\u1ee5c h\u1ed3i ho\u00e0n to\u00e0n t\u1ed1i thi\u1ec3u: 125\u02daC.<\/p>\n<h2><strong><b>M\u00c0U S\u1eaeC<\/b><\/strong><\/h2>\n<p>M\u00e0u ti\u00eau chu\u1ea9n: \u0111\u1ecf, (Chi\u1ec1u r\u1ed9ng thanh c\u00e1i s\u1ebd thay \u0111\u1ed5i t\u00f9y theo thi\u1ebft k\u1ebf c\u1ee7a nh\u00e0 s\u1ea3n xu\u1ea5t. K\u00edch th\u01b0\u1edbc khuy\u1ebfn ngh\u1ecb ch\u1ec9 mang t\u00ednh ch\u1ea5t tham kh\u1ea3o.)<\/p>\n<p>a, T\u1ef7 l\u1ec7 co ng\u00f3t: 2,5:1.<\/p>\n<p>b, T\u00ednh linh ho\u1ea1t v\u00e0 kh\u1ea3 n\u0103ng ch\u1ed1ng \u0103n m\u00f2n.<\/p>\n<p>c, Kh\u1ea3 n\u0103ng ch\u1ed1ng h\u00f3a ch\u1ea5t v\u00e0 hi\u1ec7u su\u1ea5t c\u00e1ch \u0111i\u1ec7n tuy\u1ec7t v\u1eddi.<\/p>\n<h2><strong><b>B\u1ea3ng th\u00f4ng s\u1ed1 k\u1ef9 thu\u1eadt<\/b><\/strong><\/h2>\n<p><img decoding=\"async\" class=\"alignnone wp-image-1352 size-full\" src=\"http:\/\/www.xminsulation.com\/wp-content\/uploads\/2024\/05\/\u56fe\u7247175.png\" alt=\"\" width=\"912\" height=\"1018\" srcset=\"https:\/\/www.xminsulation.com\/wp-content\/uploads\/2024\/05\/\u56fe\u7247175.png 912w, https:\/\/www.xminsulation.com\/wp-content\/uploads\/2024\/05\/\u56fe\u7247175-269x300.png 269w, https:\/\/www.xminsulation.com\/wp-content\/uploads\/2024\/05\/\u56fe\u7247175-768x857.png 768w, https:\/\/www.xminsulation.com\/wp-content\/uploads\/2024\/05\/\u56fe\u7247175-600x670.png 600w\" sizes=\"(max-width: 912px) 100vw, 912px\" \/> <img decoding=\"async\" class=\"alignnone wp-image-1353 size-full\" src=\"http:\/\/www.xminsulation.com\/wp-content\/uploads\/2024\/05\/\u56fe\u7247176.png\" alt=\"\" width=\"912\" height=\"910\" srcset=\"https:\/\/www.xminsulation.com\/wp-content\/uploads\/2024\/05\/\u56fe\u7247176.png 912w, https:\/\/www.xminsulation.com\/wp-content\/uploads\/2024\/05\/\u56fe\u7247176-300x300.png 300w, https:\/\/www.xminsulation.com\/wp-content\/uploads\/2024\/05\/\u56fe\u7247176-150x150.png 150w, https:\/\/www.xminsulation.com\/wp-content\/uploads\/2024\/05\/\u56fe\u7247176-768x766.png 768w, https:\/\/www.xminsulation.com\/wp-content\/uploads\/2024\/05\/\u56fe\u7247176-600x599.png 600w, https:\/\/www.xminsulation.com\/wp-content\/uploads\/2024\/05\/\u56fe\u7247176-100x100.png 100w\" sizes=\"(max-width: 912px) 100vw, 912px\" \/> <img loading=\"lazy\" decoding=\"async\" class=\"alignnone wp-image-1354 size-full\" src=\"http:\/\/www.xminsulation.com\/wp-content\/uploads\/2024\/05\/\u56fe\u7247177.png\" alt=\"\" width=\"622\" height=\"388\" srcset=\"https:\/\/www.xminsulation.com\/wp-content\/uploads\/2024\/05\/\u56fe\u7247177.png 622w, https:\/\/www.xminsulation.com\/wp-content\/uploads\/2024\/05\/\u56fe\u7247177-300x187.png 300w, https:\/\/www.xminsulation.com\/wp-content\/uploads\/2024\/05\/\u56fe\u7247177-600x374.png 600w\" sizes=\"(max-width: 622px) 100vw, 622px\" \/><\/p>\n<p>&nbsp;<\/p>\n<div class=\"wxts\">\n<h2>\u25c6T\u00f9y ch\u1ec9nh \u0111\u1eb7c bi\u1ec7t<\/h2>\n<p>C\u00e1c th\u00f4ng s\u1ed1 tr\u00ean l\u00e0 d\u1eef li\u1ec7u ti\u00eau bi\u1ec3u; n\u1ebfu c\u00e1c ki\u1ec3u d\u00e1ng hi\u1ec7n c\u00f3 kh\u00f4ng \u0111\u00e1p \u1ee9ng \u0111\u01b0\u1ee3c nhu c\u1ea7u c\u1ee5 th\u1ec3 c\u1ee7a b\u1ea1n, vui l\u00f2ng li\u00ean h\u1ec7 v\u1edbi ch\u00fang t\u00f4i \u0111\u1ec3 \u0111\u01b0\u1ee3c thi\u1ebft k\u1ebf ri\u00eang. Ch\u00fang t\u00f4i c\u00f3 k\u1ef9 n\u0103ng s\u1ea3n xu\u1ea5t v\u00e0 ph\u00e1t tri\u1ec3n t\u00f9y ch\u1ec9nh c\u00e1 nh\u00e2n h\u00f3a \u0111\u00e1ng k\u1ec3, cho ph\u00e9p ch\u00fang t\u00f4i cung c\u1ea5p c\u00e1c gi\u1ea3i ph\u00e1p ph\u00f9 h\u1ee3p cho kh\u00e1ch h\u00e0ng tr\u00ean to\u00e0n th\u1ebf gi\u1edbi.<\/p>\n<\/div>","protected":false},"excerpt":{"rendered":"<p>APPLICATIONS 2.0\u00a0busbar insulating heat shrinkable tubing\u00a0is made of polyolefin. The flexible material make it very easy for the operator to process bent busbars. The environmental friendly polyolefin material can provide reliable insulation protection up to 24 kV, avoiding the possibility of flashovers and accidental contact. The use of HB2 to cover busbars can reduce the [&hellip;]<\/p>","protected":false},"featured_media":1350,"template":"","meta":{"site-sidebar-layout":"default","site-content-layout":"","ast-site-content-layout":"default","site-content-style":"default","site-sidebar-style":"default","ast-global-header-display":"","ast-banner-title-visibility":"","ast-main-header-display":"","ast-hfb-above-header-display":"","ast-hfb-below-header-display":"","ast-hfb-mobile-header-display":"","site-post-title":"","ast-breadcrumbs-content":"","ast-featured-img":"","footer-sml-layout":"","theme-transparent-header-meta":"default","adv-header-id-meta":"","stick-header-meta":"","header-above-stick-meta":"","header-main-stick-meta":"","header-below-stick-meta":"","astra-migrate-meta-layouts":"set","ast-page-background-enabled":"default","ast-page-background-meta":{"desktop":{"background-color":"","background-image":"","background-repeat":"repeat","background-position":"center center","background-size":"auto","background-attachment":"scroll","background-type":"","background-media":"","overlay-type":"","overlay-color":"","overlay-gradient":""},"tablet":{"background-color":"","background-image":"","background-repeat":"repeat","background-position":"center center","background-size":"auto","background-attachment":"scroll","background-type":"","background-media":"","overlay-type":"","overlay-color":"","overlay-gradient":""},"mobile":{"background-color":"","background-image":"","background-repeat":"repeat","background-position":"center center","background-size":"auto","background-attachment":"scroll","background-type":"","background-media":"","overlay-type":"","overlay-color":"","overlay-gradient":""}},"ast-content-background-meta":{"desktop":{"background-color":"var(--ast-global-color-5)","background-image":"","background-repeat":"repeat","background-position":"center center","background-size":"auto","background-attachment":"scroll","background-type":"","background-media":"","overlay-type":"","overlay-color":"","overlay-gradient":""},"tablet":{"background-color":"var(--ast-global-color-5)","background-image":"","background-repeat":"repeat","background-position":"center center","background-size":"auto","background-attachment":"scroll","background-type":"","background-media":"","overlay-type":"","overlay-color":"","overlay-gradient":""},"mobile":{"background-color":"var(--ast-global-color-5)","background-image":"","background-repeat":"repeat","background-position":"center center","background-size":"auto","background-attachment":"scroll","background-type":"","background-media":"","overlay-type":"","overlay-color":"","overlay-gradient":""}}},"product_cat":[54],"product_tag":[],"class_list":{"0":"post-1349","1":"product","2":"type-product","3":"status-publish","4":"has-post-thumbnail","6":"product_cat-heat-shrink-tubing","7":"desktop-align-left","8":"tablet-align-left","9":"mobile-align-left","11":"first","12":"instock","13":"shipping-taxable","14":"product-type-simple"},"_links":{"self":[{"href":"https:\/\/www.xminsulation.com\/vi\/wp-json\/wp\/v2\/product\/1349","targetHints":{"allow":["GET"]}}],"collection":[{"href":"https:\/\/www.xminsulation.com\/vi\/wp-json\/wp\/v2\/product"}],"about":[{"href":"https:\/\/www.xminsulation.com\/vi\/wp-json\/wp\/v2\/types\/product"}],"wp:featuredmedia":[{"embeddable":true,"href":"https:\/\/www.xminsulation.com\/vi\/wp-json\/wp\/v2\/media\/1350"}],"wp:attachment":[{"href":"https:\/\/www.xminsulation.com\/vi\/wp-json\/wp\/v2\/media?parent=1349"}],"wp:term":[{"taxonomy":"product_cat","embeddable":true,"href":"https:\/\/www.xminsulation.com\/vi\/wp-json\/wp\/v2\/product_cat?post=1349"},{"taxonomy":"product_tag","embeddable":true,"href":"https:\/\/www.xminsulation.com\/vi\/wp-json\/wp\/v2\/product_tag?post=1349"}],"curies":[{"name":"wp","href":"https:\/\/api.w.org\/{rel}","templated":true}]}}