{"id":1326,"date":"2024-05-07T12:17:41","date_gmt":"2024-05-07T04:17:41","guid":{"rendered":"http:\/\/www.xminsulation.com\/?post_type=product&#038;p=1326"},"modified":"2024-05-15T16:31:53","modified_gmt":"2024-05-15T08:31:53","slug":"heat-shrinkable-bus-terminal-box","status":"publish","type":"product","link":"https:\/\/www.xminsulation.com\/vi\/product\/heat-shrinkable-bus-terminal-box\/","title":{"rendered":"H\u1ed9p \u0111\u1ea7u cu\u1ed1i xe bu\u00fdt co nhi\u1ec7t"},"content":{"rendered":"<p><img fetchpriority=\"high\" decoding=\"async\" class=\"alignnone wp-image-1327 size-full\" src=\"http:\/\/www.xminsulation.com\/wp-content\/uploads\/2024\/05\/\u56fe\u7247161.png\" alt=\"\" width=\"876\" height=\"752\" srcset=\"https:\/\/www.xminsulation.com\/wp-content\/uploads\/2024\/05\/\u56fe\u7247161.png 876w, https:\/\/www.xminsulation.com\/wp-content\/uploads\/2024\/05\/\u56fe\u7247161-300x258.png 300w, https:\/\/www.xminsulation.com\/wp-content\/uploads\/2024\/05\/\u56fe\u7247161-768x659.png 768w, https:\/\/www.xminsulation.com\/wp-content\/uploads\/2024\/05\/\u56fe\u7247161-600x515.png 600w\" sizes=\"(max-width: 876px) 100vw, 876px\" \/><img decoding=\"async\" class=\"alignnone wp-image-1328 size-full\" src=\"http:\/\/www.xminsulation.com\/wp-content\/uploads\/2024\/05\/\u56fe\u7247162.png\" alt=\"\" width=\"1060\" height=\"664\" srcset=\"https:\/\/www.xminsulation.com\/wp-content\/uploads\/2024\/05\/\u56fe\u7247162.png 1060w, https:\/\/www.xminsulation.com\/wp-content\/uploads\/2024\/05\/\u56fe\u7247162-300x188.png 300w, https:\/\/www.xminsulation.com\/wp-content\/uploads\/2024\/05\/\u56fe\u7247162-1024x641.png 1024w, https:\/\/www.xminsulation.com\/wp-content\/uploads\/2024\/05\/\u56fe\u7247162-768x481.png 768w, https:\/\/www.xminsulation.com\/wp-content\/uploads\/2024\/05\/\u56fe\u7247162-600x376.png 600w\" sizes=\"(max-width: 1060px) 100vw, 1060px\" \/><\/p>\n<p><strong><b>\u70ed\u7f29\u6bcd\u6392\u63a5\u5934\u76d2<\/b><\/strong><\/p>\n<p><strong><b>H\u1ed9p \u0111\u1ea7u cu\u1ed1i xe bu\u00fdt co nhi\u1ec7t<\/b><\/strong><\/p>\n<p>H\u1ed9p co nhi\u1ec7t \u2013 \u1ed1ng co nhi\u1ec7t polyolefin li\u00ean k\u1ebft ch\u00e9o, \u0111\u01b0\u1ee3c s\u1eed d\u1ee5ng r\u1ed9ng r\u00e3i trong b\u1ea3o v\u1ec7 c\u00e1ch \u0111i\u1ec7n n\u00fat thanh \u0111\u1ed3ng t\u1ee7 \u0111i\u1ec7n \u00e1p cao v\u00e0 th\u1ea5p, b\u1ea3o v\u1ec7 c\u00e1ch \u0111i\u1ec7n n\u00fat \u0111\u1ea7u v\u00e0o v\u00e0 \u0111\u1ea7u ra m\u00e1y bi\u1ebfn \u00e1p, b\u1ea3o v\u1ec7 c\u00e1ch \u0111i\u1ec7n n\u00fat ri\u00eang l\u1ebb v\u00e0 t\u1ed5ng th\u1ec3 thanh \u0111\u1ed3ng tr\u1ea1m bi\u1ebfn \u00e1p trong nh\u00e0 v\u00e0 ngo\u00e0i tr\u1eddi, \u0111\u01b0\u1eddng d\u00e2y tr\u00ean kh\u00f4ng v\u00e0 ti\u1ebfp t\u1ee5c b\u1ea3o v\u1ec7 c\u00e1ch \u0111i\u1ec7n cho ph\u1ea7n c\u1ee9ng k\u1ebft n\u1ed1i.<\/p>\n<h2><strong><b>Th\u00f4ng tin chung<\/b><\/strong><\/h2>\n<p>H\u1ed9p co nhi\u1ec7t \u2013 \u1ed1ng co nhi\u1ec7t polyolefin li\u00ean k\u1ebft ch\u00e9o, \u0111\u01b0\u1ee3c s\u1eed d\u1ee5ng r\u1ed9ng r\u00e3i trong b\u1ea3o v\u1ec7 c\u00e1ch \u0111i\u1ec7n n\u00fat thanh \u0111\u1ed3ng t\u1ee7 \u0111i\u1ec7n \u00e1p cao v\u00e0 th\u1ea5p, b\u1ea3o v\u1ec7 c\u00e1ch \u0111i\u1ec7n n\u00fat \u0111\u1ea7u v\u00e0o v\u00e0 \u0111\u1ea7u ra m\u00e1y bi\u1ebfn \u00e1p, b\u1ea3o v\u1ec7 c\u00e1ch \u0111i\u1ec7n n\u00fat ri\u00eang l\u1ebb v\u00e0 t\u1ed5ng th\u1ec3 thanh \u0111\u1ed3ng tr\u1ea1m bi\u1ebfn \u00e1p trong nh\u00e0 v\u00e0 ngo\u00e0i tr\u1eddi, \u0111\u01b0\u1eddng d\u00e2y tr\u00ean kh\u00f4ng v\u00e0 ti\u1ebfp t\u1ee5c b\u1ea3o v\u1ec7 c\u00e1ch \u0111i\u1ec7n cho ph\u1ea7n c\u1ee9ng k\u1ebft n\u1ed1i.<\/p>\n<h2><strong><b>T\u00ednh n\u0103ng s\u1ea3n ph\u1ea9m<\/b><\/strong><\/h2>\n<ol>\n<li>Hi\u1ec7u su\u1ea5t c\u00e1ch \u0111i\u1ec7n tuy\u1ec7t v\u1eddi, c\u01b0\u1eddng \u0111\u1ed9 \u0111i\u1ec7n m\u00f4i \u226525kV\/mm, \u0111i\u1ec7n tr\u1edf su\u1ea5t kh\u1ed1i \u22651\u00d71015 \u03a9\u00b7cm.<\/li>\n<li>Ch\u1ed1ng r\u00f2 r\u1ec9, \u0103n m\u00f2n, corona v\u00e0 r\u00e1ch.<\/li>\n<li>Ng\u0103n ng\u1eeba hi\u1ec7u qu\u1ea3 th\u01b0\u01a1ng vong do ti\u1ebfp x\u00fac \u0111i\u1ec7n g\u00e2y ra.<\/li>\n<li>Ch\u1ecbu nhi\u1ec7t v\u00e0 ch\u1ecbu l\u1ea1nh, c\u00f3 th\u1ec3 s\u1eed d\u1ee5ng b\u00ecnh th\u01b0\u1eddng trong ph\u1ea1m vi nhi\u1ec7t \u0111\u1ed9 -60~60\u2103.<\/li>\n<li>Ng\u0103n ng\u1eeba hi\u1ec7u qu\u1ea3 s\u1ef1 c\u1ed1 ng\u1eafn m\u1ea1ch do v\u1eadt l\u1ea1 ch\u1ed3ng l\u00ean nhau.<\/li>\n<li>N\u00f3 c\u00f3 c\u1ea3 ch\u1ee9c n\u0103ng ch\u1ed1ng tr\u1ed9m \u0111i\u1ec7n v\u00e0 ch\u1ee9c n\u0103ng nh\u1eadn d\u1ea1ng tr\u00ecnh t\u1ef1 pha.<\/li>\n<\/ol>\n<p><img decoding=\"async\" class=\"alignnone wp-image-1330 size-full\" src=\"http:\/\/www.xminsulation.com\/wp-content\/uploads\/2024\/05\/\u56fe\u7247163.png\" alt=\"\" width=\"1064\" height=\"646\" srcset=\"https:\/\/www.xminsulation.com\/wp-content\/uploads\/2024\/05\/\u56fe\u7247163.png 1064w, https:\/\/www.xminsulation.com\/wp-content\/uploads\/2024\/05\/\u56fe\u7247163-300x182.png 300w, https:\/\/www.xminsulation.com\/wp-content\/uploads\/2024\/05\/\u56fe\u7247163-1024x622.png 1024w, https:\/\/www.xminsulation.com\/wp-content\/uploads\/2024\/05\/\u56fe\u7247163-768x466.png 768w, https:\/\/www.xminsulation.com\/wp-content\/uploads\/2024\/05\/\u56fe\u7247163-600x364.png 600w\" sizes=\"(max-width: 1064px) 100vw, 1064px\" \/><\/p>\n<p>&nbsp;<\/p>\n<div class=\"wxts\">\n<h2>\u25c6T\u00f9y ch\u1ec9nh \u0111\u1eb7c bi\u1ec7t<\/h2>\n<p>C\u00e1c th\u00f4ng s\u1ed1 tr\u00ean l\u00e0 d\u1eef li\u1ec7u ti\u00eau bi\u1ec3u; n\u1ebfu c\u00e1c ki\u1ec3u d\u00e1ng hi\u1ec7n c\u00f3 kh\u00f4ng \u0111\u00e1p \u1ee9ng \u0111\u01b0\u1ee3c nhu c\u1ea7u c\u1ee5 th\u1ec3 c\u1ee7a b\u1ea1n, vui l\u00f2ng li\u00ean h\u1ec7 v\u1edbi ch\u00fang t\u00f4i \u0111\u1ec3 \u0111\u01b0\u1ee3c thi\u1ebft k\u1ebf ri\u00eang. Ch\u00fang t\u00f4i c\u00f3 k\u1ef9 n\u0103ng s\u1ea3n xu\u1ea5t v\u00e0 ph\u00e1t tri\u1ec3n t\u00f9y ch\u1ec9nh c\u00e1 nh\u00e2n h\u00f3a \u0111\u00e1ng k\u1ec3, cho ph\u00e9p ch\u00fang t\u00f4i cung c\u1ea5p c\u00e1c gi\u1ea3i ph\u00e1p ph\u00f9 h\u1ee3p cho kh\u00e1ch h\u00e0ng tr\u00ean to\u00e0n th\u1ebf gi\u1edbi.<\/p>\n<\/div>\n<p>&nbsp;<\/p>","protected":false},"excerpt":{"rendered":"<p>\u70ed\u7f29\u6bcd\u6392\u63a5\u5934\u76d2 Heat Shrinkable Bus Terminal Box Heat shrink joint box &#8211; cross-linked polyolefin pipe heat shrink molding, widely used in high and low voltage switch cabinet copper bar node insulation protection, transformer inlet and outlet node insulation protection, indoor and outdoor substation individual node and overall copper bar insulation protection, overhead lines and continued Insulation [&hellip;]<\/p>","protected":false},"featured_media":1329,"template":"","meta":{"site-sidebar-layout":"default","site-content-layout":"","ast-site-content-layout":"default","site-content-style":"default","site-sidebar-style":"default","ast-global-header-display":"","ast-banner-title-visibility":"","ast-main-header-display":"","ast-hfb-above-header-display":"","ast-hfb-below-header-display":"","ast-hfb-mobile-header-display":"","site-post-title":"","ast-breadcrumbs-content":"","ast-featured-img":"","footer-sml-layout":"","theme-transparent-header-meta":"default","adv-header-id-meta":"","stick-header-meta":"","header-above-stick-meta":"","header-main-stick-meta":"","header-below-stick-meta":"","astra-migrate-meta-layouts":"set","ast-page-background-enabled":"default","ast-page-background-meta":{"desktop":{"background-color":"","background-image":"","background-repeat":"repeat","background-position":"center center","background-size":"auto","background-attachment":"scroll","background-type":"","background-media":"","overlay-type":"","overlay-color":"","overlay-gradient":""},"tablet":{"background-color":"","background-image":"","background-repeat":"repeat","background-position":"center center","background-size":"auto","background-attachment":"scroll","background-type":"","background-media":"","overlay-type":"","overlay-color":"","overlay-gradient":""},"mobile":{"background-color":"","background-image":"","background-repeat":"repeat","background-position":"center center","background-size":"auto","background-attachment":"scroll","background-type":"","background-media":"","overlay-type":"","overlay-color":"","overlay-gradient":""}},"ast-content-background-meta":{"desktop":{"background-color":"var(--ast-global-color-5)","background-image":"","background-repeat":"repeat","background-position":"center center","background-size":"auto","background-attachment":"scroll","background-type":"","background-media":"","overlay-type":"","overlay-color":"","overlay-gradient":""},"tablet":{"background-color":"var(--ast-global-color-5)","background-image":"","background-repeat":"repeat","background-position":"center center","background-size":"auto","background-attachment":"scroll","background-type":"","background-media":"","overlay-type":"","overlay-color":"","overlay-gradient":""},"mobile":{"background-color":"var(--ast-global-color-5)","background-image":"","background-repeat":"repeat","background-position":"center center","background-size":"auto","background-attachment":"scroll","background-type":"","background-media":"","overlay-type":"","overlay-color":"","overlay-gradient":""}}},"product_cat":[54],"product_tag":[],"class_list":{"0":"post-1326","1":"product","2":"type-product","3":"status-publish","4":"has-post-thumbnail","6":"product_cat-heat-shrink-tubing","7":"desktop-align-left","8":"tablet-align-left","9":"mobile-align-left","11":"first","12":"instock","13":"shipping-taxable","14":"product-type-simple"},"_links":{"self":[{"href":"https:\/\/www.xminsulation.com\/vi\/wp-json\/wp\/v2\/product\/1326","targetHints":{"allow":["GET"]}}],"collection":[{"href":"https:\/\/www.xminsulation.com\/vi\/wp-json\/wp\/v2\/product"}],"about":[{"href":"https:\/\/www.xminsulation.com\/vi\/wp-json\/wp\/v2\/types\/product"}],"wp:featuredmedia":[{"embeddable":true,"href":"https:\/\/www.xminsulation.com\/vi\/wp-json\/wp\/v2\/media\/1329"}],"wp:attachment":[{"href":"https:\/\/www.xminsulation.com\/vi\/wp-json\/wp\/v2\/media?parent=1326"}],"wp:term":[{"taxonomy":"product_cat","embeddable":true,"href":"https:\/\/www.xminsulation.com\/vi\/wp-json\/wp\/v2\/product_cat?post=1326"},{"taxonomy":"product_tag","embeddable":true,"href":"https:\/\/www.xminsulation.com\/vi\/wp-json\/wp\/v2\/product_tag?post=1326"}],"curies":[{"name":"wp","href":"https:\/\/api.w.org\/{rel}","templated":true}]}}