{"id":1315,"date":"2024-05-07T12:12:27","date_gmt":"2024-05-07T04:12:27","guid":{"rendered":"http:\/\/www.xminsulation.com\/?post_type=product&#038;p=1315"},"modified":"2024-05-15T16:32:23","modified_gmt":"2024-05-15T08:32:23","slug":"heat-shrinkable-power-cable-middle-connector","status":"publish","type":"product","link":"https:\/\/www.xminsulation.com\/vi\/product\/heat-shrinkable-power-cable-middle-connector\/","title":{"rendered":"\u0110\u1ea7u n\u1ed1i gi\u1eefa c\u00e1p ngu\u1ed3n co nhi\u1ec7t"},"content":{"rendered":"<p><img fetchpriority=\"high\" decoding=\"async\" class=\"alignnone wp-image-1321 size-full\" src=\"http:\/\/www.xminsulation.com\/wp-content\/uploads\/2024\/05\/\u56fe\u7247156.jpg\" alt=\"\" width=\"1580\" height=\"1072\" srcset=\"https:\/\/www.xminsulation.com\/wp-content\/uploads\/2024\/05\/\u56fe\u7247156.jpg 1580w, https:\/\/www.xminsulation.com\/wp-content\/uploads\/2024\/05\/\u56fe\u7247156-300x204.jpg 300w, https:\/\/www.xminsulation.com\/wp-content\/uploads\/2024\/05\/\u56fe\u7247156-1024x695.jpg 1024w, https:\/\/www.xminsulation.com\/wp-content\/uploads\/2024\/05\/\u56fe\u7247156-768x521.jpg 768w, https:\/\/www.xminsulation.com\/wp-content\/uploads\/2024\/05\/\u56fe\u7247156-1536x1042.jpg 1536w, https:\/\/www.xminsulation.com\/wp-content\/uploads\/2024\/05\/\u56fe\u7247156-600x407.jpg 600w\" sizes=\"(max-width: 1580px) 100vw, 1580px\" \/> <img decoding=\"async\" class=\"alignnone wp-image-1322 size-full\" src=\"http:\/\/www.xminsulation.com\/wp-content\/uploads\/2024\/05\/\u56fe\u7247157.jpg\" alt=\"\" width=\"1722\" height=\"1278\" srcset=\"https:\/\/www.xminsulation.com\/wp-content\/uploads\/2024\/05\/\u56fe\u7247157.jpg 1722w, https:\/\/www.xminsulation.com\/wp-content\/uploads\/2024\/05\/\u56fe\u7247157-300x223.jpg 300w, https:\/\/www.xminsulation.com\/wp-content\/uploads\/2024\/05\/\u56fe\u7247157-1024x760.jpg 1024w, https:\/\/www.xminsulation.com\/wp-content\/uploads\/2024\/05\/\u56fe\u7247157-768x570.jpg 768w, https:\/\/www.xminsulation.com\/wp-content\/uploads\/2024\/05\/\u56fe\u7247157-1536x1140.jpg 1536w, https:\/\/www.xminsulation.com\/wp-content\/uploads\/2024\/05\/\u56fe\u7247157-600x445.jpg 600w\" sizes=\"(max-width: 1722px) 100vw, 1722px\" \/> <img decoding=\"async\" class=\"alignnone wp-image-1323 size-full\" src=\"http:\/\/www.xminsulation.com\/wp-content\/uploads\/2024\/05\/\u56fe\u7247158.jpg\" alt=\"\" width=\"1000\" height=\"809\" srcset=\"https:\/\/www.xminsulation.com\/wp-content\/uploads\/2024\/05\/\u56fe\u7247158.jpg 1000w, https:\/\/www.xminsulation.com\/wp-content\/uploads\/2024\/05\/\u56fe\u7247158-300x243.jpg 300w, https:\/\/www.xminsulation.com\/wp-content\/uploads\/2024\/05\/\u56fe\u7247158-768x621.jpg 768w, https:\/\/www.xminsulation.com\/wp-content\/uploads\/2024\/05\/\u56fe\u7247158-600x485.jpg 600w\" sizes=\"(max-width: 1000px) 100vw, 1000px\" \/> <img loading=\"lazy\" decoding=\"async\" class=\"alignnone wp-image-1324 size-full\" src=\"http:\/\/www.xminsulation.com\/wp-content\/uploads\/2024\/05\/\u56fe\u7247159-2.png\" alt=\"\" width=\"866\" height=\"799\" srcset=\"https:\/\/www.xminsulation.com\/wp-content\/uploads\/2024\/05\/\u56fe\u7247159-2.png 866w, https:\/\/www.xminsulation.com\/wp-content\/uploads\/2024\/05\/\u56fe\u7247159-2-300x277.png 300w, https:\/\/www.xminsulation.com\/wp-content\/uploads\/2024\/05\/\u56fe\u7247159-2-768x709.png 768w, https:\/\/www.xminsulation.com\/wp-content\/uploads\/2024\/05\/\u56fe\u7247159-2-600x554.png 600w\" sizes=\"(max-width: 866px) 100vw, 866px\" \/><\/p>\n<h2><strong><b>Th\u00f4ng tin chung<\/b><\/strong><\/h2>\n<p>Ph\u1ee5 ki\u1ec7n c\u00e1p co nhi\u1ec7t li\u00ean k\u1ebft b\u1ee9c x\u1ea1 l\u00e0 s\u1ea3n ph\u1ea9m m\u1edbi trong ng\u00e0nh c\u00e1p. N\u00f3 c\u00f3 \u0111\u1eb7c \u0111i\u1ec3m l\u00e0 k\u00edch th\u01b0\u1edbc nh\u1ecf, tr\u1ecdng l\u01b0\u1ee3ng nh\u1eb9, hi\u1ec7u su\u1ea5t \u0111\u00e1ng tin c\u1eady, kh\u1ea3 n\u0103ng th\u00edch \u1ee9ng m\u1ea1nh, l\u1eafp \u0111\u1eb7t d\u1ec5 d\u00e0ng v\u00e0 gi\u00e1 th\u00e0nh th\u1ea5p. N\u00f3 ph\u00f9 h\u1ee3p cho c\u00e1c thi\u1ebft b\u1ecb \u0111\u1ea7u cu\u1ed1i trong nh\u00e0 v\u00e0 ngo\u00e0i tr\u1eddi, c\u00e1c k\u1ebft n\u1ed1i trung gian c\u1ee7a nhi\u1ec1u lo\u1ea1i c\u00e1p \u0111i\u1ec7n (c\u00e1p li\u00ean k\u1ebft, c\u00e1p nh\u1ef1a v\u00e0 c\u00e1p ng\u00e2m d\u1ea7u), c\u0169ng nh\u01b0 c\u00e1c k\u1ebft n\u1ed1i c\u00e1p th\u00f4ng tin li\u00ean l\u1ea1c, c\u00e1ch \u0111i\u1ec7n v\u00e0 c\u00e1c d\u1ef1 \u00e1n truy\u1ec1n t\u1ea3i v\u00e0 ph\u00e2n ph\u1ed1i \u0111i\u1ec7n trong nhi\u1ec1u l\u0129nh v\u1ef1c.<\/p>\n<p>\u0110\u1ea7u c\u00e1p \u0111i\u1ec7n co nhi\u1ec7t 10KV, 20KV, 35KV v\u00e0 c\u00e1c s\u1ea3n ph\u1ea9m \u0111\u1ea7u n\u1ed1i trung gian t\u00edch h\u1ee3p kh\u1ea3 n\u0103ng ch\u1ed1ng th\u1ea5m n\u01b0\u1edbc, ki\u1ec3m so\u00e1t \u1ee9ng su\u1ea5t v\u00e0 c\u00e1ch \u0111i\u1ec7n. C\u00f3 \u0111\u1eb7c t\u00ednh \u0111i\u1ec7n v\u00e0 c\u01a1 h\u1ecdc t\u1ed1t, c\u00f3 th\u1ec3 s\u1eed d\u1ee5ng l\u00e2u d\u00e0i trong nhi\u1ec1u \u0111i\u1ec1u ki\u1ec7n m\u00f4i tr\u01b0\u1eddng kh\u1eafc nghi\u1ec7t. C\u00f3 \u01b0u \u0111i\u1ec3m l\u00e0 tr\u1ecdng l\u01b0\u1ee3ng nh\u1eb9 v\u00e0 d\u1ec5 l\u1eafp \u0111\u1eb7t. \u0110\u01b0\u1ee3c s\u1eed d\u1ee5ng r\u1ed9ng r\u00e3i trong c\u00e1c l\u0129nh v\u1ef1c \u0111i\u1ec7n, h\u00f3a d\u1ea7u, luy\u1ec7n kim, c\u1ea3ng \u0111\u01b0\u1eddng s\u1eaft v\u00e0 x\u00e2y d\u1ef1ng.<\/p>\n<p>Ph\u1ee5 ki\u1ec7n c\u00e1p co nhi\u1ec7t, th\u01b0\u1eddng \u0111\u01b0\u1ee3c g\u1ecdi l\u00e0 \u0111\u1ea7u c\u00e1p co nhi\u1ec7t, \u0111\u01b0\u1ee3c s\u1eed d\u1ee5ng r\u1ed9ng r\u00e3i trong c\u00e1c k\u1ebft n\u1ed1i trung gian v\u00e0 \u0111\u1ea7u cu\u1ed1i c\u1ee7a c\u00e1p li\u00ean k\u1ebft ch\u00e9o ho\u1eb7c c\u00e1p ng\u00e2m d\u1ea7u c\u00f3 c\u1ea5p \u0111i\u1ec7n \u00e1p d\u01b0\u1edbi 35KV tr\u1edf xu\u1ed1ng. So v\u1edbi c\u00e1c ph\u1ee5 ki\u1ec7n c\u00e1p truy\u1ec1n th\u1ed1ng, n\u00f3 c\u00f3 c\u00e1c \u0111\u1eb7c \u0111i\u1ec3m l\u00e0 k\u00edch th\u01b0\u1edbc nh\u1ecf, tr\u1ecdng l\u01b0\u1ee3ng nh\u1eb9, an to\u00e0n v\u00e0 tin c\u1eady, v\u00e0 d\u1ec5 l\u1eafp \u0111\u1eb7t. S\u1ea3n ph\u1ea9m tu\u00e2n th\u1ee7 ti\u00eau chu\u1ea9n GB11033. Ph\u1ea1m vi nhi\u1ec7t \u0111\u1ed9 s\u1eed d\u1ee5ng l\u00e2u d\u00e0i l\u00e0 -55\u2103~105\u2103, tu\u1ed5i th\u1ecd l\u00e3o h\u00f3a l\u00ean \u0111\u1ebfn 20 n\u0103m, \u0111\u1ed9 co ng\u00f3t xuy\u00ean t\u00e2m l\u00e0 \u226550%, \u0111\u1ed9 co ng\u00f3t d\u1ecdc l\u00e0 &lt;5% v\u00e0 nhi\u1ec7t \u0111\u1ed9 co ng\u00f3t l\u00e0 110\u2103~140\u2103.<\/p>\n<p>C\u00e1c v\u1eadt li\u1ec7u \u0111\u01b0\u1ee3c s\u1eed d\u1ee5ng th\u01b0\u1eddng bao g\u1ed3m h\u1ed7n h\u1ee3p nhi\u1ec1u th\u00e0nh ph\u1ea7n v\u1eadt li\u1ec7u kh\u00e1c nhau nh\u01b0 polyethylene, ethylene vinyl acetate (EVA) v\u00e0 cao su ethylene-propylene.<\/p>\n<p>Lo\u1ea1i s\u1ea3n ph\u1ea9m n\u00e0y ch\u1ee7 y\u1ebfu s\u1eed d\u1ee5ng \u1ed1ng \u1ee9ng su\u1ea5t \u0111\u1ec3 gi\u1ea3i quy\u1ebft v\u1ea5n \u0111\u1ec1 t\u1eadp trung \u1ee9ng su\u1ea5t \u0111i\u1ec7n. Ngh\u0129a l\u00e0, s\u1eed d\u1ee5ng ph\u01b0\u01a1ng ph\u00e1p \u0111i\u1ec1u khi\u1ec3n tham s\u1ed1 \u0111\u1ec3 gi\u1ea3m b\u1edbt s\u1ef1 t\u1eadp trung \u1ee9ng su\u1ea5t \u0111i\u1ec7n tr\u01b0\u1eddng.<\/p>\n<p>\u01afu \u0111i\u1ec3m ch\u00ednh l\u00e0 tr\u1ecdng l\u01b0\u1ee3ng nh\u1eb9, d\u1ec5 l\u1eafp \u0111\u1eb7t v\u00e0 hi\u1ec7u su\u1ea5t t\u1ed1t. gi\u00e1 r\u1ebb.<\/p>\n<p>\u1ed0ng \u1ee9ng su\u1ea5t l\u00e0 \u1ed1ng co nhi\u1ec7t c\u00f3 th\u00f4ng s\u1ed1 \u0111i\u1ec7n \u0111\u1eb7c bi\u1ec7t v\u1edbi \u0111i\u1ec7n tr\u1edf su\u1ea5t th\u1ec3 t\u00edch v\u1eeba ph\u1ea3i (1010-1012\u03a9\u00b7cm) v\u00e0 h\u1eb1ng s\u1ed1 \u0111i\u1ec7n m\u00f4i l\u1edbn (20\u201325). N\u00f3 s\u1eed d\u1ee5ng th\u00f4ng s\u1ed1 \u0111i\u1ec7n \u0111\u1ec3 bu\u1ed9c qu\u00e1 tr\u00ecnh tho\u00e1t \u1ee9ng su\u1ea5t t\u1ea1i v\u1ebft n\u1ee9t b\u1ea3o v\u1ec7 c\u00e1ch \u0111i\u1ec7n c\u1ee7a c\u00e1p. th\u00e0nh s\u1ef1 ph\u00e2n b\u1ed1 \u0111\u1ec1u h\u01a1n d\u1ecdc theo \u1ed1ng \u1ee9ng su\u1ea5t. C\u00f4ng ngh\u1ec7 n\u00e0y ch\u1ec9 c\u00f3 th\u1ec3 \u0111\u01b0\u1ee3c s\u1eed d\u1ee5ng trong c\u00e1c ph\u1ee5 ki\u1ec7n c\u00e1p c\u00f3 \u0111i\u1ec7n \u00e1p 35kV tr\u1edf xu\u1ed1ng. B\u1edfi v\u00ec \u1ed1ng \u1ee9ng su\u1ea5t s\u1ebd n\u00f3ng l\u00ean v\u00e0 kh\u00f4ng th\u1ec3 ho\u1ea1t \u0111\u1ed9ng khi m\u1ee9c \u0111i\u1ec7n \u00e1p cao.<\/p>\n<p>C\u00e1c v\u1ea5n \u0111\u1ec1 k\u1ef9 thu\u1eadt ch\u00ednh trong qu\u00e1 tr\u00ecnh s\u1eed d\u1ee5ng l\u00e0: \u0110\u1ea3m b\u1ea3o c\u00e1c th\u00f4ng s\u1ed1 \u0111i\u1ec7n c\u1ee7a \u1ed1ng \u1ee9ng su\u1ea5t ph\u1ea3i \u0111\u1ea1t c\u00e1c gi\u00e1 tr\u1ecb quy \u0111\u1ecbnh trong c\u00e1c ti\u00eau chu\u1ea9n tr\u00ean th\u00ec m\u1edbi c\u00f3 th\u1ec3 ho\u1ea1t \u0111\u1ed9ng. Ngo\u00e0i ra, c\u1ea7n ch\u00fa \u00fd l\u1ea5p \u0111\u1ea7y khe h\u1edf kh\u00f4ng kh\u00ed t\u1ea1i ch\u1ed7 \u0111\u1ee9t l\u1edbp b\u00e1n d\u1eabn c\u00e1ch \u0111i\u1ec7n c\u1ee7a c\u00e1p b\u1eb1ng m\u1ee1 silicon \u0111\u1ec3 lo\u1ea1i b\u1ecf kh\u00ed v\u00e0 \u0111\u1ea1t \u0111\u01b0\u1ee3c m\u1ee5c \u0111\u00edch gi\u1ea3m ph\u00f3ng \u0111i\u1ec7n c\u1ee5c b\u1ed9. C\u00e1p li\u00ean k\u1ebft ch\u00e9o s\u1ebd co ng\u00f3t r\u1ea5t nhi\u1ec1u trong qu\u00e1 tr\u00ecnh v\u1eadn h\u00e0nh do x\u1eed l\u00fd \u1ee9ng su\u1ea5t b\u00ean trong k\u00e9m. Do \u0111\u00f3, khi l\u1eafp \u0111\u1eb7t ph\u1ee5 ki\u1ec7n, h\u00e3y ch\u00fa \u00fd \u0111\u1ebfn ph\u1ea7n ch\u1ed3ng ch\u00e9o gi\u1eefa \u1ed1ng \u1ee9ng su\u1ea5t v\u00e0 l\u1edbp ch\u1eafn c\u00e1ch \u0111i\u1ec7n kh\u00f4ng nh\u1ecf h\u01a1n 20mm \u0111\u1ec3 tr\u00e1nh \u1ed1ng \u1ee9ng su\u1ea5t b\u1ecb t\u00e1ch kh\u1ecfi l\u1edbp ch\u1eafn c\u00e1ch \u0111i\u1ec7n trong qu\u00e1 tr\u00ecnh co ng\u00f3t.<\/p>\n<p>Do \u0111\u1ed9 \u0111\u00e0n h\u1ed3i th\u1ea5p c\u1ee7a c\u00e1c ph\u1ee5 ki\u1ec7n co nhi\u1ec7t n\u00ean c\u00f3 th\u1ec3 xu\u1ea5t hi\u1ec7n c\u00e1c khe h\u1edf kh\u00f4ng kh\u00ed t\u1ea1i giao di\u1ec7n trong qu\u00e1 tr\u00ecnh gi\u00e3n n\u1edf v\u00e0 co l\u1ea1i v\u00ec nhi\u1ec7t trong qu\u00e1 tr\u00ecnh v\u1eadn h\u00e0nh, do \u0111\u00f3 c\u00f4ng ngh\u1ec7 b\u1ecbt k\u00edn r\u1ea5t quan tr\u1ecdng \u0111\u1ec3 ng\u0103n h\u01a1i \u1ea9m x\u00e2m nh\u1eadp.<\/p>\n<p><img loading=\"lazy\" decoding=\"async\" class=\"alignnone wp-image-1325 size-full\" src=\"http:\/\/www.xminsulation.com\/wp-content\/uploads\/2024\/05\/\u56fe\u7247160.png\" alt=\"\" width=\"1200\" height=\"1403\" srcset=\"https:\/\/www.xminsulation.com\/wp-content\/uploads\/2024\/05\/\u56fe\u7247160.png 1200w, https:\/\/www.xminsulation.com\/wp-content\/uploads\/2024\/05\/\u56fe\u7247160-257x300.png 257w, https:\/\/www.xminsulation.com\/wp-content\/uploads\/2024\/05\/\u56fe\u7247160-876x1024.png 876w, https:\/\/www.xminsulation.com\/wp-content\/uploads\/2024\/05\/\u56fe\u7247160-768x898.png 768w, https:\/\/www.xminsulation.com\/wp-content\/uploads\/2024\/05\/\u56fe\u7247160-600x702.png 600w\" sizes=\"(max-width: 1200px) 100vw, 1200px\" \/><\/p>\n<p>&nbsp;<\/p>\n<div class=\"wxts\">\n<h2>\u25c6T\u00f9y ch\u1ec9nh \u0111\u1eb7c bi\u1ec7t<\/h2>\n<p>C\u00e1c th\u00f4ng s\u1ed1 tr\u00ean l\u00e0 d\u1eef li\u1ec7u ti\u00eau bi\u1ec3u; n\u1ebfu c\u00e1c ki\u1ec3u d\u00e1ng hi\u1ec7n c\u00f3 kh\u00f4ng \u0111\u00e1p \u1ee9ng \u0111\u01b0\u1ee3c nhu c\u1ea7u c\u1ee5 th\u1ec3 c\u1ee7a b\u1ea1n, vui l\u00f2ng li\u00ean h\u1ec7 v\u1edbi ch\u00fang t\u00f4i \u0111\u1ec3 \u0111\u01b0\u1ee3c thi\u1ebft k\u1ebf ri\u00eang. Ch\u00fang t\u00f4i c\u00f3 k\u1ef9 n\u0103ng s\u1ea3n xu\u1ea5t v\u00e0 ph\u00e1t tri\u1ec3n t\u00f9y ch\u1ec9nh c\u00e1 nh\u00e2n h\u00f3a \u0111\u00e1ng k\u1ec3, cho ph\u00e9p ch\u00fang t\u00f4i cung c\u1ea5p c\u00e1c gi\u1ea3i ph\u00e1p ph\u00f9 h\u1ee3p cho kh\u00e1ch h\u00e0ng tr\u00ean to\u00e0n th\u1ebf gi\u1edbi.<\/p>\n<\/div>\n<p>&nbsp;<\/p>\n<p>&nbsp;<\/p>","protected":false},"excerpt":{"rendered":"<p>General Information Radiation cross-linked heat shrinkable cable accessories are a new product in the cable industry. It has the characteristics of small size, light weight, reliable performance, strong adaptability, easy installation and low price. It is suitable for indoor and outdoor terminals, intermediate connections of various power cables (cross-linked cables, plastic cables and oil-immersed cables), [&hellip;]<\/p>","protected":false},"featured_media":1316,"template":"","meta":{"site-sidebar-layout":"default","site-content-layout":"","ast-site-content-layout":"default","site-content-style":"default","site-sidebar-style":"default","ast-global-header-display":"","ast-banner-title-visibility":"","ast-main-header-display":"","ast-hfb-above-header-display":"","ast-hfb-below-header-display":"","ast-hfb-mobile-header-display":"","site-post-title":"","ast-breadcrumbs-content":"","ast-featured-img":"","footer-sml-layout":"","theme-transparent-header-meta":"default","adv-header-id-meta":"","stick-header-meta":"","header-above-stick-meta":"","header-main-stick-meta":"","header-below-stick-meta":"","astra-migrate-meta-layouts":"set","ast-page-background-enabled":"default","ast-page-background-meta":{"desktop":{"background-color":"","background-image":"","background-repeat":"repeat","background-position":"center center","background-size":"auto","background-attachment":"scroll","background-type":"","background-media":"","overlay-type":"","overlay-color":"","overlay-gradient":""},"tablet":{"background-color":"","background-image":"","background-repeat":"repeat","background-position":"center center","background-size":"auto","background-attachment":"scroll","background-type":"","background-media":"","overlay-type":"","overlay-color":"","overlay-gradient":""},"mobile":{"background-color":"","background-image":"","background-repeat":"repeat","background-position":"center center","background-size":"auto","background-attachment":"scroll","background-type":"","background-media":"","overlay-type":"","overlay-color":"","overlay-gradient":""}},"ast-content-background-meta":{"desktop":{"background-color":"var(--ast-global-color-5)","background-image":"","background-repeat":"repeat","background-position":"center center","background-size":"auto","background-attachment":"scroll","background-type":"","background-media":"","overlay-type":"","overlay-color":"","overlay-gradient":""},"tablet":{"background-color":"var(--ast-global-color-5)","background-image":"","background-repeat":"repeat","background-position":"center center","background-size":"auto","background-attachment":"scroll","background-type":"","background-media":"","overlay-type":"","overlay-color":"","overlay-gradient":""},"mobile":{"background-color":"var(--ast-global-color-5)","background-image":"","background-repeat":"repeat","background-position":"center center","background-size":"auto","background-attachment":"scroll","background-type":"","background-media":"","overlay-type":"","overlay-color":"","overlay-gradient":""}}},"product_cat":[54],"product_tag":[],"class_list":{"0":"post-1315","1":"product","2":"type-product","3":"status-publish","4":"has-post-thumbnail","6":"product_cat-heat-shrink-tubing","7":"desktop-align-left","8":"tablet-align-left","9":"mobile-align-left","11":"first","12":"instock","13":"shipping-taxable","14":"product-type-simple"},"_links":{"self":[{"href":"https:\/\/www.xminsulation.com\/vi\/wp-json\/wp\/v2\/product\/1315","targetHints":{"allow":["GET"]}}],"collection":[{"href":"https:\/\/www.xminsulation.com\/vi\/wp-json\/wp\/v2\/product"}],"about":[{"href":"https:\/\/www.xminsulation.com\/vi\/wp-json\/wp\/v2\/types\/product"}],"wp:featuredmedia":[{"embeddable":true,"href":"https:\/\/www.xminsulation.com\/vi\/wp-json\/wp\/v2\/media\/1316"}],"wp:attachment":[{"href":"https:\/\/www.xminsulation.com\/vi\/wp-json\/wp\/v2\/media?parent=1315"}],"wp:term":[{"taxonomy":"product_cat","embeddable":true,"href":"https:\/\/www.xminsulation.com\/vi\/wp-json\/wp\/v2\/product_cat?post=1315"},{"taxonomy":"product_tag","embeddable":true,"href":"https:\/\/www.xminsulation.com\/vi\/wp-json\/wp\/v2\/product_tag?post=1315"}],"curies":[{"name":"wp","href":"https:\/\/api.w.org\/{rel}","templated":true}]}}