{"id":1303,"date":"2024-05-07T11:51:37","date_gmt":"2024-05-07T03:51:37","guid":{"rendered":"http:\/\/www.xminsulation.com\/?post_type=product&#038;p=1303"},"modified":"2024-05-07T12:07:44","modified_gmt":"2024-05-07T04:07:44","slug":"customized-sheet-metal-materials-or-sheet-metal-cabinets","status":"publish","type":"product","link":"https:\/\/www.xminsulation.com\/vi\/product\/customized-sheet-metal-materials-or-sheet-metal-cabinets\/","title":{"rendered":"V\u1eadt li\u1ec7u kim lo\u1ea1i t\u1ea5m ho\u1eb7c t\u1ee7 kim lo\u1ea1i t\u1ea5m t\u00f9y ch\u1ec9nh"},"content":{"rendered":"<p>Nh\u00e0 m\u00e1y c\u1ee7a ch\u00fang t\u00f4i t\u1eadp trung v\u00e0o c\u00e1c s\u1ea3n ph\u1ea9m li\u00ean quan \u0111\u1ebfn \u0111i\u1ec7n \u00e1p trung b\u00ecnh. Ch\u00fang t\u00f4i c\u0169ng c\u00f3 m\u1ed9t nh\u00e0 m\u00e1y Brother, l\u00e0 m\u1ed9t nh\u00e0 m\u00e1y l\u1eafp r\u00e1p ho\u00e0n ch\u1ec9nh \u0111i\u1ec7n \u00e1p cao v\u00e0 h\u1ea1 th\u1ebf quy m\u00f4 l\u1edbn. L\u01b0\u1ee3ng s\u1eed d\u1ee5ng v\u00e0 mua c\u00e1c lo\u1ea1i v\u1eadt li\u1ec7u t\u1ea5m kim lo\u1ea1i kh\u00e1c nhau r\u1ea5t l\u1edbn. Ch\u00fang t\u00f4i c\u00f3 th\u1ec3 s\u1eed d\u1ee5ng c\u00e1c k\u00eanh mua s\u1eafm hi\u1ec7n c\u00f3 c\u1ee7a nh\u00e0 m\u00e1y Brother v\u00e0 l\u1ee3i th\u1ebf v\u1ec1 chi ph\u00ed c\u1ee7a c\u00e1c s\u1ea3n ph\u1ea9m t\u1ea5m kim lo\u1ea1i, \u0111\u1ed3ng th\u1eddi cung c\u1ea5p cho kh\u00e1ch h\u00e0ng n\u01b0\u1edbc ngo\u00e0i c\u00e1c d\u1ecbch v\u1ee5 mua s\u1eafm v\u00e0 mua s\u1eafm cho c\u00e1c s\u1ea3n ph\u1ea9m t\u1ea5m kim lo\u1ea1i kh\u00e1c nhau.<\/p>\n<p>T\u1ea5m th\u00e9p c\u00e1n ngu\u1ed9i, t\u1ea5m th\u00e9p kh\u00f4ng g\u1ec9, t\u1ea5m nh\u00f4m-k\u1ebdm tr\u00e1ng, t\u1ea5m th\u00e9p c\u00e1n n\u00f3ng, t\u1ea5m nh\u00f4m h\u1ee3p kim c\u01b0\u1eddng \u0111\u1ed9 cao v\u00e0 c\u00e1c v\u1eadt li\u1ec7u kh\u00e1c. Ch\u00fang c\u00f3 th\u1ec3 \u0111\u01b0\u1ee3c c\u1eaft \u0111\u01a1n gi\u1ea3n theo chi\u1ec1u d\u00e0i v\u00e0 chi\u1ec1u r\u1ed9ng m\u00e0 kh\u00e1ch h\u00e0ng y\u00eau c\u1ea7u v\u00e0 sau \u0111\u00f3 \u0111\u01b0\u1ee3c v\u1eadn chuy\u1ec3n, ho\u1eb7c laser\/d\u1eadp th\u00e0nh h\u00ecnh d\u1ea1ng kh\u00f4ng \u0111\u1ec1u v\u00e0 \u0111\u1ee5c l\u1ed7, v.v. T\u1ea5t nhi\u00ean, ch\u00fang t\u00f4i c\u0169ng c\u00f3 th\u1ec3 l\u00e0m t\u1ee7 cho b\u1ea1n.<\/p>\n<p>B\u1ea5t k\u1ec3 s\u1ed1 l\u01b0\u1ee3ng \u00edt hay nhi\u1ec1u, d\u00f9 l\u00e0 lo\u1ea1i th\u00f4ng d\u1ee5ng hay \u0111\u1eb7c bi\u1ec7t, ch\u00fang t\u00f4i \u0111\u1ec1u c\u00f3 th\u1ec3 t\u00f9y ch\u1ec9nh cho b\u1ea1n, kh\u00f4ng c\u00f3 MOQ.<\/p>\n<p><img fetchpriority=\"high\" decoding=\"async\" class=\"alignnone wp-image-1305 size-full\" src=\"http:\/\/www.xminsulation.com\/wp-content\/uploads\/2024\/05\/\u56fe\u7247148-1.png\" alt=\"\" width=\"675\" height=\"675\" srcset=\"https:\/\/www.xminsulation.com\/wp-content\/uploads\/2024\/05\/\u56fe\u7247148-1.png 675w, https:\/\/www.xminsulation.com\/wp-content\/uploads\/2024\/05\/\u56fe\u7247148-1-300x300.png 300w, https:\/\/www.xminsulation.com\/wp-content\/uploads\/2024\/05\/\u56fe\u7247148-1-150x150.png 150w, https:\/\/www.xminsulation.com\/wp-content\/uploads\/2024\/05\/\u56fe\u7247148-1-600x600.png 600w, https:\/\/www.xminsulation.com\/wp-content\/uploads\/2024\/05\/\u56fe\u7247148-1-100x100.png 100w\" sizes=\"(max-width: 675px) 100vw, 675px\" \/><\/p>\n<p>T\u1ee7 ph\u00e2n ph\u1ed1i gia c\u00f4ng t\u1ea5m kim lo\u1ea1i l\u00e0 qu\u00e1 tr\u00ecnh gia c\u00f4ng t\u1ea5m kim lo\u1ea1i th\u00e0nh h\u1ed9p ph\u00e2n ph\u1ed1i \u0111\u00e1p \u1ee9ng y\u00eau c\u1ea7u thi\u1ebft k\u1ebf th\u00f4ng qua c\u1eaft, u\u1ed1n, h\u00e0n, v.v. H\u1ed9p ph\u00e2n ph\u1ed1i l\u00e0 c\u1ea5u tr\u00fac k\u00edn b\u1eb1ng kim lo\u1ea1i d\u00f9ng \u0111\u1ec3 l\u1eafp \u0111\u1eb7t c\u00f4ng t\u1eafc, d\u1ee5ng c\u1ee5, thi\u1ebft b\u1ecb b\u1ea3o v\u1ec7 v\u00e0 thi\u1ebft b\u1ecb ph\u1ee5 tr\u1ee3. \u0110\u00e2y l\u00e0 thi\u1ebft b\u1ecb c\u00f3 th\u1ec3 \u0111i\u1ec1u khi\u1ec3n, ph\u00e2n ph\u1ed1i v\u00e0 b\u1ea3o v\u1ec7 h\u1ec7 th\u1ed1ng \u0111i\u1ec7n.<\/p>\n<h2><strong><b>Qu\u00e1 tr\u00ecnh <\/b><\/strong><strong><b>F<\/b><\/strong><strong><b>th\u1ea5p c\u1ee7a <\/b><\/strong><strong><b>S<\/b><\/strong><strong><b>heet <\/b><\/strong><strong><b>T\u00f4i<\/b><\/strong><strong><b>etal <\/b><\/strong><strong><b>P<\/b><\/strong><strong><b>ch\u1ebf bi\u1ebfn <\/b><\/strong><strong><b>D<\/b><\/strong><strong><b>ph\u00e2n ph\u1ed1i <\/b><\/strong><strong><b>B<\/b><\/strong><strong><b>con b\u00f2 v\u00e0 <\/b><\/strong><strong><b>C<\/b><\/strong><strong><b>abinet<\/b><\/strong><\/h2>\n<p><img decoding=\"async\" class=\"alignnone wp-image-1306 size-full\" src=\"http:\/\/www.xminsulation.com\/wp-content\/uploads\/2024\/05\/\u56fe\u7247149.png\" alt=\"\" width=\"919\" height=\"369\" srcset=\"https:\/\/www.xminsulation.com\/wp-content\/uploads\/2024\/05\/\u56fe\u7247149.png 919w, https:\/\/www.xminsulation.com\/wp-content\/uploads\/2024\/05\/\u56fe\u7247149-300x120.png 300w, https:\/\/www.xminsulation.com\/wp-content\/uploads\/2024\/05\/\u56fe\u7247149-768x308.png 768w, https:\/\/www.xminsulation.com\/wp-content\/uploads\/2024\/05\/\u56fe\u7247149-600x241.png 600w\" sizes=\"(max-width: 919px) 100vw, 919px\" \/><\/p>\n<ol>\n<li>Thi\u1ebft k\u1ebf v\u00e0 v\u1ebd b\u1ea3n v\u1ebd: Theo ch\u1ee9c n\u0103ng, th\u00f4ng s\u1ed1 k\u1ef9 thu\u1eadt, v\u1ecb tr\u00ed l\u1eafp \u0111\u1eb7t v\u00e0 c\u00e1c y\u00eau c\u1ea7u kh\u00e1c c\u1ee7a h\u1ed9p ph\u00e2n ph\u1ed1i ho\u1eb7c t\u1ee7 ph\u00e2n ph\u1ed1i, thi\u1ebft k\u1ebf v\u00e0 v\u1ebd b\u1ea3n v\u1ebd h\u1ed9p ph\u00e2n ph\u1ed1i ho\u1eb7c t\u1ee7 ph\u00e2n ph\u1ed1i gia c\u00f4ng kim lo\u1ea1i t\u1ea5m, bao g\u1ed3m b\u1ea3n v\u1ebd m\u1eb7t b\u1eb1ng, m\u1eb7t \u0111\u1ee9ng, m\u1eb7t c\u1eaft, s\u01a1 \u0111\u1ed3 m\u1edf r\u1ed9ng, v.v., x\u00e1c \u0111\u1ecbnh k\u00edch th\u01b0\u1edbc, h\u00ecnh d\u1ea1ng, v\u1ecb tr\u00ed v\u00e0 ph\u01b0\u01a1ng ph\u00e1p k\u1ebft n\u1ed1i c\u1ee7a t\u1eebng th\u00e0nh ph\u1ea7n.<\/li>\n<li>T\u1ea1o m\u1eabu: Theo b\u1ea3n v\u1ebd, ch\u1ecdn v\u1eadt li\u1ec7u t\u1ea5m kim lo\u1ea1i th\u00edch h\u1ee3p, ch\u1eb3ng h\u1ea1n nh\u01b0 th\u00e9p kh\u00f4ng g\u1ec9, h\u1ee3p kim nh\u00f4m, t\u1ea5m m\u1ea1 k\u1ebdm, v.v., s\u1eed d\u1ee5ng m\u00e1y c\u1eaft, m\u00e1y \u0111\u1ed9t v\u00e0 c\u00e1c thi\u1ebft b\u1ecb kh\u00e1c \u0111\u1ec3 c\u1eaft v\u1eadt li\u1ec7u t\u1ea5m kim lo\u1ea1i th\u00e0nh h\u00ecnh d\u1ea1ng v\u00e0 k\u00edch th\u01b0\u1edbc y\u00eau c\u1ea7u, sau \u0111\u00f3 s\u1eed d\u1ee5ng m\u00e1y u\u1ed1n, m\u00e1y u\u1ed1n t\u1ea5m v\u00e0 c\u00e1c thi\u1ebft b\u1ecb kh\u00e1c u\u1ed1n v\u1eadt li\u1ec7u t\u1ea5m kim lo\u1ea1i th\u00e0nh g\u00f3c v\u00e0 \u0111\u1ed9 cong y\u00eau c\u1ea7u, v\u00e0 cu\u1ed1i c\u00f9ng s\u1eed d\u1ee5ng m\u00e1y h\u00e0n, v\u00edt v\u00e0 c\u00e1c ph\u01b0\u01a1ng ph\u00e1p kh\u00e1c \u0111\u1ec3 k\u1ebft n\u1ed1i c\u00e1c th\u00e0nh ph\u1ea7n v\u00e0o m\u1ed9t m\u1eabu.<\/li>\n<\/ol>\n<p><img decoding=\"async\" class=\"alignnone wp-image-1307 size-full\" src=\"http:\/\/www.xminsulation.com\/wp-content\/uploads\/2024\/05\/\u56fe\u7247150.jpg\" alt=\"\" width=\"1000\" height=\"750\" srcset=\"https:\/\/www.xminsulation.com\/wp-content\/uploads\/2024\/05\/\u56fe\u7247150.jpg 1000w, https:\/\/www.xminsulation.com\/wp-content\/uploads\/2024\/05\/\u56fe\u7247150-300x225.jpg 300w, https:\/\/www.xminsulation.com\/wp-content\/uploads\/2024\/05\/\u56fe\u7247150-768x576.jpg 768w, https:\/\/www.xminsulation.com\/wp-content\/uploads\/2024\/05\/\u56fe\u7247150-600x450.jpg 600w\" sizes=\"(max-width: 1000px) 100vw, 1000px\" \/><\/p>\n<ol start=\"3\">\n<li>Ki\u1ec3m tra v\u00e0 s\u1eeda \u0111\u1ed5i m\u1eabu: So s\u00e1nh m\u1eabu v\u1edbi b\u1ea3n v\u1ebd v\u00e0 ki\u1ec3m tra xem m\u1eabu c\u00f3 \u0111\u00e1p \u1ee9ng c\u00e1c y\u00eau c\u1ea7u thi\u1ebft k\u1ebf hay kh\u00f4ng, ch\u1eb3ng h\u1ea1n nh\u01b0 k\u00edch th\u01b0\u1edbc, h\u00ecnh d\u1ea1ng, v\u1ecb tr\u00ed, c\u01b0\u1eddng \u0111\u1ed9 k\u1ebft n\u1ed1i, v.v. N\u1ebfu c\u00f3 b\u1ea5t k\u1ef3 s\u1ef1 kh\u00e1c bi\u1ec7t n\u00e0o, h\u00e3y s\u1eeda \u0111\u1ed5i v\u00e0 \u0111i\u1ec1u ch\u1ec9nh k\u1ecbp th\u1eddi cho \u0111\u1ebfn khi m\u1eabu \u0111\u1ea1t \u0111\u01b0\u1ee3c ch\u1ea5t l\u01b0\u1ee3ng hi\u1ec7u qu\u1ea3 th\u1ecfa \u0111\u00e1ng.<\/li>\n<li>S\u1ea3n xu\u1ea5t h\u00e0ng lo\u1ea1t: D\u1ef1a tr\u00ean m\u1eabu, s\u1eed d\u1ee5ng c\u00f9ng m\u1ed9t v\u1eadt li\u1ec7u v\u00e0 thi\u1ebft b\u1ecb kim lo\u1ea1i t\u1ea5m, tu\u00e2n theo c\u00f9ng m\u1ed9t quy tr\u00ecnh \u0111\u1ec3 s\u1ea3n xu\u1ea5t h\u00e0ng lo\u1ea1t h\u1ed9p ph\u00e2n ph\u1ed1i gia c\u00f4ng kim lo\u1ea1i t\u1ea5m v\u00e0 t\u1ee7 ph\u00e2n ph\u1ed1i, \u0111\u1ed3ng th\u1eddi \u0111\u00e1nh s\u1ed1 v\u00e0 \u0111\u00e1nh d\u1ea5u ch\u00fang.<\/li>\n<\/ol>\n<p><img loading=\"lazy\" decoding=\"async\" class=\"alignnone wp-image-1308 size-full\" src=\"http:\/\/www.xminsulation.com\/wp-content\/uploads\/2024\/05\/\u56fe\u7247151.jpg\" alt=\"\" width=\"1056\" height=\"1052\" srcset=\"https:\/\/www.xminsulation.com\/wp-content\/uploads\/2024\/05\/\u56fe\u7247151.jpg 1056w, https:\/\/www.xminsulation.com\/wp-content\/uploads\/2024\/05\/\u56fe\u7247151-300x300.jpg 300w, https:\/\/www.xminsulation.com\/wp-content\/uploads\/2024\/05\/\u56fe\u7247151-1024x1020.jpg 1024w, https:\/\/www.xminsulation.com\/wp-content\/uploads\/2024\/05\/\u56fe\u7247151-150x150.jpg 150w, https:\/\/www.xminsulation.com\/wp-content\/uploads\/2024\/05\/\u56fe\u7247151-768x765.jpg 768w, https:\/\/www.xminsulation.com\/wp-content\/uploads\/2024\/05\/\u56fe\u7247151-600x598.jpg 600w, https:\/\/www.xminsulation.com\/wp-content\/uploads\/2024\/05\/\u56fe\u7247151-100x100.jpg 100w\" sizes=\"(max-width: 1056px) 100vw, 1056px\" \/><\/p>\n<ol start=\"5\">\n<li>X\u1eed l\u00fd b\u1ec1 m\u1eb7t: \u0110\u1ec3 n\u00e2ng cao t\u00ednh th\u1ea9m m\u1ef9 v\u00e0 kh\u1ea3 n\u0103ng ch\u1ed1ng \u0103n m\u00f2n c\u1ee7a h\u1ed9p ph\u00e2n ph\u1ed1i gia c\u00f4ng kim lo\u1ea1i t\u1ea5m, th\u01b0\u1eddng ph\u1ea3i x\u1eed l\u00fd b\u1ec1 m\u1eb7t nh\u01b0 phun, m\u1ea1, \u0111\u00e1nh b\u00f3ng, v.v. \u0111\u1ec3 t\u1ea1o cho n\u00f3 m\u00e0u s\u1eafc v\u00e0 \u0111\u1ed9 b\u00f3ng nh\u1ea5t \u0111\u1ecbnh.<\/li>\n<li>L\u1eafp r\u00e1p v\u00e0 g\u1ee1 l\u1ed7i: L\u1eafp \u0111\u1eb7t c\u00f4ng t\u1eafc, d\u1ee5ng c\u1ee5, thi\u1ebft b\u1ecb b\u1ea3o v\u1ec7 v\u00e0 thi\u1ebft b\u1ecb ph\u1ee5 tr\u1ee3 b\u00ean trong h\u1ed9p ph\u00e2n ph\u1ed1i gia c\u00f4ng t\u1ea5m kim lo\u1ea1i, v\u00e0 th\u1ef1c hi\u1ec7n \u0111\u1ea5u d\u00e2y v\u00e0 \u0111\u1ea5u d\u00e2y. Sau \u0111\u00f3 g\u1ee1 l\u1ed7i v\u00e0 th\u1eed nghi\u1ec7m \u0111\u1ec3 ki\u1ec3m tra xem n\u00f3 c\u00f3 th\u1ec3 ho\u1ea1t \u0111\u1ed9ng b\u00ecnh th\u01b0\u1eddng v\u00e0 tu\u00e2n th\u1ee7 c\u00e1c quy \u0111\u1ecbnh, ti\u00eau chu\u1ea9n v\u00e0 th\u00f4ng s\u1ed1 k\u1ef9 thu\u1eadt c\u00f3 li\u00ean quan hay kh\u00f4ng.<\/li>\n<\/ol>\n<p><img loading=\"lazy\" decoding=\"async\" class=\"alignnone wp-image-1309 size-full\" src=\"http:\/\/www.xminsulation.com\/wp-content\/uploads\/2024\/05\/\u56fe\u7247152.jpg\" alt=\"\" width=\"1000\" height=\"828\" srcset=\"https:\/\/www.xminsulation.com\/wp-content\/uploads\/2024\/05\/\u56fe\u7247152.jpg 1000w, https:\/\/www.xminsulation.com\/wp-content\/uploads\/2024\/05\/\u56fe\u7247152-300x248.jpg 300w, https:\/\/www.xminsulation.com\/wp-content\/uploads\/2024\/05\/\u56fe\u7247152-768x636.jpg 768w, https:\/\/www.xminsulation.com\/wp-content\/uploads\/2024\/05\/\u56fe\u7247152-600x497.jpg 600w\" sizes=\"(max-width: 1000px) 100vw, 1000px\" \/><\/p>\n<p>&nbsp;<\/p>\n<p>&nbsp;<\/p>","protected":false},"excerpt":{"rendered":"<p>Our factory focuses on medium-voltage related products. We also have a brother factory, which is a large-scale high and low voltage complete assembly factory. The usage and purchase volume of various sheet metal materials are very huge. We can use our brother factory\u2019s existing procurement channels and cost advantages of sheet metal products, and provide [&hellip;]<\/p>","protected":false},"featured_media":1304,"template":"","meta":{"site-sidebar-layout":"default","site-content-layout":"","ast-site-content-layout":"default","site-content-style":"default","site-sidebar-style":"default","ast-global-header-display":"","ast-banner-title-visibility":"","ast-main-header-display":"","ast-hfb-above-header-display":"","ast-hfb-below-header-display":"","ast-hfb-mobile-header-display":"","site-post-title":"","ast-breadcrumbs-content":"","ast-featured-img":"","footer-sml-layout":"","theme-transparent-header-meta":"default","adv-header-id-meta":"","stick-header-meta":"","header-above-stick-meta":"","header-main-stick-meta":"","header-below-stick-meta":"","astra-migrate-meta-layouts":"set","ast-page-background-enabled":"default","ast-page-background-meta":{"desktop":{"background-color":"","background-image":"","background-repeat":"repeat","background-position":"center center","background-size":"auto","background-attachment":"scroll","background-type":"","background-media":"","overlay-type":"","overlay-color":"","overlay-gradient":""},"tablet":{"background-color":"","background-image":"","background-repeat":"repeat","background-position":"center center","background-size":"auto","background-attachment":"scroll","background-type":"","background-media":"","overlay-type":"","overlay-color":"","overlay-gradient":""},"mobile":{"background-color":"","background-image":"","background-repeat":"repeat","background-position":"center center","background-size":"auto","background-attachment":"scroll","background-type":"","background-media":"","overlay-type":"","overlay-color":"","overlay-gradient":""}},"ast-content-background-meta":{"desktop":{"background-color":"var(--ast-global-color-5)","background-image":"","background-repeat":"repeat","background-position":"center center","background-size":"auto","background-attachment":"scroll","background-type":"","background-media":"","overlay-type":"","overlay-color":"","overlay-gradient":""},"tablet":{"background-color":"var(--ast-global-color-5)","background-image":"","background-repeat":"repeat","background-position":"center center","background-size":"auto","background-attachment":"scroll","background-type":"","background-media":"","overlay-type":"","overlay-color":"","overlay-gradient":""},"mobile":{"background-color":"var(--ast-global-color-5)","background-image":"","background-repeat":"repeat","background-position":"center center","background-size":"auto","background-attachment":"scroll","background-type":"","background-media":"","overlay-type":"","overlay-color":"","overlay-gradient":""}}},"product_cat":[47],"product_tag":[],"class_list":{"0":"post-1303","1":"product","2":"type-product","3":"status-publish","4":"has-post-thumbnail","6":"product_cat-customized-sheet-metal-materials-or-sheet-metal-cabinets","7":"desktop-align-left","8":"tablet-align-left","9":"mobile-align-left","11":"first","12":"instock","13":"shipping-taxable","14":"product-type-simple"},"_links":{"self":[{"href":"https:\/\/www.xminsulation.com\/vi\/wp-json\/wp\/v2\/product\/1303","targetHints":{"allow":["GET"]}}],"collection":[{"href":"https:\/\/www.xminsulation.com\/vi\/wp-json\/wp\/v2\/product"}],"about":[{"href":"https:\/\/www.xminsulation.com\/vi\/wp-json\/wp\/v2\/types\/product"}],"wp:featuredmedia":[{"embeddable":true,"href":"https:\/\/www.xminsulation.com\/vi\/wp-json\/wp\/v2\/media\/1304"}],"wp:attachment":[{"href":"https:\/\/www.xminsulation.com\/vi\/wp-json\/wp\/v2\/media?parent=1303"}],"wp:term":[{"taxonomy":"product_cat","embeddable":true,"href":"https:\/\/www.xminsulation.com\/vi\/wp-json\/wp\/v2\/product_cat?post=1303"},{"taxonomy":"product_tag","embeddable":true,"href":"https:\/\/www.xminsulation.com\/vi\/wp-json\/wp\/v2\/product_tag?post=1303"}],"curies":[{"name":"wp","href":"https:\/\/api.w.org\/{rel}","templated":true}]}}