{"id":1251,"date":"2024-05-07T11:13:29","date_gmt":"2024-05-07T03:13:29","guid":{"rendered":"http:\/\/www.xminsulation.com\/?post_type=product&#038;p=1251"},"modified":"2024-05-15T16:34:24","modified_gmt":"2024-05-15T08:34:24","slug":"sf6-high-voltage-cable-branch-box-with-switch","status":"publish","type":"product","link":"https:\/\/www.xminsulation.com\/vi\/product\/sf6-high-voltage-cable-branch-box-with-switch\/","title":{"rendered":"H\u1ed9p ph\u00e2n nh\u00e1nh c\u00e1p \u0111i\u1ec7n cao th\u1ebf SF6 c\u00f3 c\u00f4ng t\u1eafc"},"content":{"rendered":"<p><img fetchpriority=\"high\" decoding=\"async\" class=\"alignnone wp-image-1253 size-full\" src=\"http:\/\/www.xminsulation.com\/wp-content\/uploads\/2024\/05\/\u56fe\u7247102-1.jpg\" alt=\"\" width=\"726\" height=\"726\" srcset=\"https:\/\/www.xminsulation.com\/wp-content\/uploads\/2024\/05\/\u56fe\u7247102-1.jpg 726w, https:\/\/www.xminsulation.com\/wp-content\/uploads\/2024\/05\/\u56fe\u7247102-1-300x300.jpg 300w, https:\/\/www.xminsulation.com\/wp-content\/uploads\/2024\/05\/\u56fe\u7247102-1-150x150.jpg 150w, https:\/\/www.xminsulation.com\/wp-content\/uploads\/2024\/05\/\u56fe\u7247102-1-600x600.jpg 600w, https:\/\/www.xminsulation.com\/wp-content\/uploads\/2024\/05\/\u56fe\u7247102-1-100x100.jpg 100w\" sizes=\"(max-width: 726px) 100vw, 726px\" \/> <img decoding=\"async\" class=\"alignnone wp-image-1254 size-full\" src=\"http:\/\/www.xminsulation.com\/wp-content\/uploads\/2024\/05\/\u56fe\u7247103.png\" alt=\"\" width=\"719\" height=\"548\" srcset=\"https:\/\/www.xminsulation.com\/wp-content\/uploads\/2024\/05\/\u56fe\u7247103.png 719w, https:\/\/www.xminsulation.com\/wp-content\/uploads\/2024\/05\/\u56fe\u7247103-300x229.png 300w, https:\/\/www.xminsulation.com\/wp-content\/uploads\/2024\/05\/\u56fe\u7247103-600x457.png 600w\" sizes=\"(max-width: 719px) 100vw, 719px\" \/><\/p>\n<h2><strong><b>Th\u00f4ng tin chung<\/b><\/strong><\/h2>\n<p>S\u1ea3n ph\u1ea9m n\u00e0y s\u1eed d\u1ee5ng c\u00f4ng t\u1eafc t\u1ea3i l\u01b0u hu\u1ef3nh hexafluoride hi\u1ec7u su\u1ea5t cao v\u1edbi kh\u00ed c\u00e1ch \u0111i\u1ec7n SF6 t\u00edch h\u1ee3p v\u00e0 m\u1ed1i n\u1ed1i c\u00e1p cao su t\u1ed5ng h\u1ee3p nh\u1eadp kh\u1ea9u c\u00f3 l\u1edbp b\u1ea3o v\u1ec7 c\u1ea3m \u1ee9ng. N\u00f3 c\u00f3 kh\u1ea3 n\u0103ng ng\u1eaft m\u1ea1nh \u0111\u1ed1i v\u1edbi d\u00f2ng \u0111i\u1ec7n c\u00e1p t\u1ea3i ch\u1ee7 \u0111\u1ed9ng v\u00e0 kh\u00f4ng t\u1ea3i v\u00e0 kh\u1ea3 n\u0103ng \u0111\u00f3ng d\u00f2ng \u0111i\u1ec7n ng\u1eafn m\u1ea1ch. V\u00e0 c\u00f3 th\u1ec3 \u0111\u01b0\u1ee3c trang b\u1ecb b\u1ed9 ch\u1ed1ng s\u00e9t v\u00e0 ch\u1ec9 b\u00e1o l\u1ed7i ti\u1ebfp \u0111\u1ea5t theo y\u00eau c\u1ea7u c\u1ee7a ng\u01b0\u1eddi d\u00f9ng.<\/p>\n<p>M\u1ed7i \u0111\u01b0\u1eddng d\u00e2y m\u1ea1ng v\u00f2ng trong lo\u1ea1t s\u1ea3n ph\u1ea9m n\u00e0y \u0111\u1ec1u \u0111\u01b0\u1ee3c trang b\u1ecb c\u00f4ng t\u1eafc t\u1ea3i ho\u1eb7c m\u00e1y c\u1eaft m\u1ea1ch ch\u00e2n kh\u00f4ng. B\u1ea5t k\u1ef3 m\u1ea1ch nh\u00e1nh n\u00e0o c\u0169ng c\u00f3 th\u1ec3 \u0111\u01b0\u1ee3c r\u00fat ra v\u00e0 \u0111\u01b0a v\u00e0o ho\u1ea1t \u0111\u1ed9ng t\u1ef1 do, v\u00e0 c\u00e1c m\u1ea1ch m\u1ea1ng v\u00f2ng kh\u00e1c s\u1ebd kh\u00f4ng b\u1ecb \u1ea3nh h\u01b0\u1edfng. C\u1ea7u ch\u00ec c\u0169ng c\u00f3 th\u1ec3 \u0111\u01b0\u1ee3c g\u1eafn v\u00e0o c\u00f4ng t\u1eafc t\u1ea3i. Khi x\u1ea3y ra l\u1ed7i ng\u1eafn m\u1ea1ch trong m\u1ea1ch nh\u00e1nh, c\u1ea7u ch\u00ec tr\u00ean m\u1ea1ch nh\u00e1nh c\u00f3 th\u1ec3 nhanh ch\u00f3ng ng\u1eaft k\u1ebft n\u1ed1i m\u1ea1ch l\u1ed7i v\u00e0 nh\u1ea5n n\u00fat nh\u1ea3 c\u00f4ng t\u1eafc t\u1ea3i \u0111\u1ec3 m\u1edf. M\u1ea1ch l\u1ed7i \u0111\u01b0\u1ee3c c\u00f4 l\u1eadp, do \u0111\u00f3 \u0111\u1ea3m b\u1ea3o an to\u00e0n cho m\u1ea1ch nh\u00e1nh kh\u00f4ng l\u1ed7i. Cung c\u1ea5p li\u00ean t\u1ee5c.<\/p>\n<p>S\u1ea3n ph\u1ea9m n\u00e0y \u0111\u01b0\u1ee3c s\u1eed d\u1ee5ng r\u1ed9ng r\u00e3i trong khai th\u00e1c c\u00e1p trong h\u1ec7 th\u1ed1ng \u0111i\u1ec7n 10kV. Ph\u01b0\u01a1ng ph\u00e1p k\u1ebft n\u1ed1i c\u1ee7a n\u00f3 \u0111\u01a1n gi\u1ea3n, linh ho\u1ea1t, thu\u1eadn ti\u1ec7n, an to\u00e0n v\u00e0 \u0111\u00e1ng tin c\u1eady. T\u1ee7 \u0111\u01b0\u1ee3c l\u00e0m b\u1eb1ng th\u00e9p kh\u00f4ng g\u1ec9, ch\u1eafc ch\u1eafn v\u00e0 b\u1ec1n. C\u00e1c b\u1ed9 ph\u1eadn mang \u0111i\u1ec7n \u0111\u01b0\u1ee3c c\u00e1ch \u0111i\u1ec7n ho\u00e0n to\u00e0n v\u00e0 \u0111\u01b0\u1ee3c b\u1ecbt k\u00edn ho\u00e0n to\u00e0n. N\u1ebfu s\u1eed d\u1ee5ng \u0111\u1ea7u c\u00e1p c\u1ea3m \u1ee9ng ch\u1ed1ng l\u0169, n\u00f3 c\u0169ng c\u00f3 th\u1ec3 ch\u1ecbu \u0111\u01b0\u1ee3c l\u0169 l\u1ee5t v\u00e0 c\u1ea3i thi\u1ec7n \u0111\u00e1ng k\u1ec3 \u0111\u1ed9 tin c\u1eady c\u1ee7a ngu\u1ed3n cung c\u1ea5p \u0111i\u1ec7n. S\u1ea3n ph\u1ea9m n\u00e0y \u0111\u01b0\u1ee3c s\u1eed d\u1ee5ng r\u1ed9ng r\u00e3i trong c\u00e1c m\u1ea1ng l\u01b0\u1edbi ph\u00e2n ph\u1ed1i t\u1ea1i c\u00e1c khu c\u00f4ng nghi\u1ec7p \u0111\u00f4 th\u1ecb, khu d\u00e2n c\u01b0, trung t\u00e2m th\u01b0\u01a1ng m\u1ea1i, khu khai th\u00e1c m\u1ecf, s\u00e2n bay, \u0111\u01b0\u1eddng s\u1eaft, nh\u00e0 m\u00e1y \u0111i\u1ec7n gi\u00f3, v\u0103n ph\u00f2ng chuy\u1ec3n m\u1ea1ch v\u00e0 c\u00e1c doanh nghi\u1ec7p l\u1edbn nh\u01b0 th\u00e9p, d\u1ea7u m\u1ecf, h\u00f3a ch\u1ea5t, xi m\u0103ng, v.v., c\u0169ng nh\u01b0 c\u00e1c d\u1ecbp kh\u00e1c. N\u00f3 \u0111\u1eb7c bi\u1ec7t ph\u00f9 h\u1ee3p cho \u0111\u01b0\u1eddng \u0111\u00f4 th\u1ecb. D\u1ef1 \u00e1n chuy\u1ec3n \u0111\u1ed5i l\u01b0\u1edbi \u0111i\u1ec7n c\u00f3 th\u1ec3 ti\u1ebft ki\u1ec7m \u0111\u00e1ng k\u1ec3 \u0111\u1ea7u t\u01b0 v\u00e0o thi\u1ebft b\u1ecb \u0111i\u1ec7n v\u00e0 c\u00e1p v\u00e0 c\u1ea3i thi\u1ec7n \u0111\u1ed9 tin c\u1eady c\u1ee7a ngu\u1ed3n cung c\u1ea5p \u0111i\u1ec7n.<\/p>\n<p><img decoding=\"async\" class=\"alignnone wp-image-1255 size-full\" src=\"http:\/\/www.xminsulation.com\/wp-content\/uploads\/2024\/05\/\u56fe\u7247104.png\" alt=\"\" width=\"697\" height=\"456\" srcset=\"https:\/\/www.xminsulation.com\/wp-content\/uploads\/2024\/05\/\u56fe\u7247104.png 697w, https:\/\/www.xminsulation.com\/wp-content\/uploads\/2024\/05\/\u56fe\u7247104-300x196.png 300w, https:\/\/www.xminsulation.com\/wp-content\/uploads\/2024\/05\/\u56fe\u7247104-600x393.png 600w\" sizes=\"(max-width: 697px) 100vw, 697px\" \/><\/p>\n<h2><strong><b>K\u1ef9 thu\u1eadt <\/b><\/strong><strong><b>P<\/b><\/strong><strong><b>tham s\u1ed1 c\u1ee7a <\/b><\/strong><strong><b>C<\/b><\/strong><strong><b>c\u00f3 th\u1ec3 <\/b><\/strong><strong><b>B<\/b><\/strong><strong><b>trang tr\u1ea1i <\/b><\/strong><strong><b>B<\/b><\/strong><strong><b>con b\u00f2 \u0111\u1ef1c <\/b><\/strong><strong><b>ch\u00fang t\u00f4i<\/b><\/strong><strong><b>v\u1edbi SF6 <\/b><\/strong><strong><b>L<\/b><\/strong><strong><b>oad <\/b><\/strong><strong><b>S<\/b><\/strong><strong><b>ph\u00f9 th\u1ee7y<\/b><\/strong><\/h2>\n<p><img loading=\"lazy\" decoding=\"async\" class=\"alignnone wp-image-1256 size-full\" src=\"http:\/\/www.xminsulation.com\/wp-content\/uploads\/2024\/05\/\u56fe\u7247105.png\" alt=\"\" width=\"1000\" height=\"442\" srcset=\"https:\/\/www.xminsulation.com\/wp-content\/uploads\/2024\/05\/\u56fe\u7247105.png 1000w, https:\/\/www.xminsulation.com\/wp-content\/uploads\/2024\/05\/\u56fe\u7247105-300x133.png 300w, https:\/\/www.xminsulation.com\/wp-content\/uploads\/2024\/05\/\u56fe\u7247105-768x339.png 768w, https:\/\/www.xminsulation.com\/wp-content\/uploads\/2024\/05\/\u56fe\u7247105-600x265.png 600w\" sizes=\"(max-width: 1000px) 100vw, 1000px\" \/><\/p>\n<h2><strong><b>C\u1ea5u tr\u00fac <\/b><\/strong><strong><b>E<\/b><\/strong><strong><b>v\u00ed d\u1ee5 c\u1ee7a <\/b><\/strong><strong><b>C<\/b><\/strong><strong><b>c\u00f3 th\u1ec3 <\/b><\/strong><strong><b>B<\/b><\/strong><strong><b>trang tr\u1ea1i <\/b><\/strong><strong><b>B<\/b><\/strong><strong><b>con b\u00f2 \u0111\u1ef1c <\/b><\/strong><strong><b>ch\u00fang t\u00f4i<\/b><\/strong><strong><b>v\u1edbi SF6 <\/b><\/strong><strong><b>L<\/b><\/strong><strong><b>oad <\/b><\/strong><strong><b>S<\/b><\/strong><strong><b>ph\u00f9 th\u1ee7y<\/b><\/strong><\/h2>\n<p><strong><b> <img loading=\"lazy\" decoding=\"async\" class=\"alignnone wp-image-1257 size-full\" src=\"http:\/\/www.xminsulation.com\/wp-content\/uploads\/2024\/05\/\u56fe\u7247106.png\" alt=\"\" width=\"875\" height=\"539\" srcset=\"https:\/\/www.xminsulation.com\/wp-content\/uploads\/2024\/05\/\u56fe\u7247106.png 875w, https:\/\/www.xminsulation.com\/wp-content\/uploads\/2024\/05\/\u56fe\u7247106-300x185.png 300w, https:\/\/www.xminsulation.com\/wp-content\/uploads\/2024\/05\/\u56fe\u7247106-768x473.png 768w, https:\/\/www.xminsulation.com\/wp-content\/uploads\/2024\/05\/\u56fe\u7247106-600x370.png 600w\" sizes=\"(max-width: 875px) 100vw, 875px\" \/> <img loading=\"lazy\" decoding=\"async\" class=\"alignnone wp-image-1258 size-full\" src=\"http:\/\/www.xminsulation.com\/wp-content\/uploads\/2024\/05\/\u56fe\u7247107.png\" alt=\"\" width=\"781\" height=\"411\" srcset=\"https:\/\/www.xminsulation.com\/wp-content\/uploads\/2024\/05\/\u56fe\u7247107.png 781w, https:\/\/www.xminsulation.com\/wp-content\/uploads\/2024\/05\/\u56fe\u7247107-300x158.png 300w, https:\/\/www.xminsulation.com\/wp-content\/uploads\/2024\/05\/\u56fe\u7247107-768x404.png 768w, https:\/\/www.xminsulation.com\/wp-content\/uploads\/2024\/05\/\u56fe\u7247107-600x316.png 600w\" sizes=\"(max-width: 781px) 100vw, 781px\" \/><\/b><\/strong><\/p>\n<h2><strong><b>C\u00e1p <\/b><\/strong><strong><b>B<\/b><\/strong><strong><b>trang tr\u1ea1i <\/b><\/strong><strong><b>B<\/b><\/strong><strong><b>con b\u00f2 \u0111\u1ef1c <\/b><\/strong><strong><b>C<\/b><\/strong><strong><b>c\u1ea5u h\u00ecnh <\/b><\/strong><strong><b>S<\/b><\/strong><strong><b>h\u00f3a ch\u1ea5t v\u1edbi SF6 <\/b><\/strong><strong><b>L<\/b><\/strong><strong><b>oad <\/b><\/strong><strong><b>S<\/b><\/strong><strong><b>ph\u00f9 th\u1ee7y<\/b><\/strong><\/h2>\n<p><strong><b> <img loading=\"lazy\" decoding=\"async\" class=\"alignnone wp-image-1259 size-full\" src=\"http:\/\/www.xminsulation.com\/wp-content\/uploads\/2024\/05\/\u56fe\u7247108.png\" alt=\"\" width=\"1106\" height=\"1112\" srcset=\"https:\/\/www.xminsulation.com\/wp-content\/uploads\/2024\/05\/\u56fe\u7247108.png 1106w, https:\/\/www.xminsulation.com\/wp-content\/uploads\/2024\/05\/\u56fe\u7247108-298x300.png 298w, https:\/\/www.xminsulation.com\/wp-content\/uploads\/2024\/05\/\u56fe\u7247108-1018x1024.png 1018w, https:\/\/www.xminsulation.com\/wp-content\/uploads\/2024\/05\/\u56fe\u7247108-150x150.png 150w, https:\/\/www.xminsulation.com\/wp-content\/uploads\/2024\/05\/\u56fe\u7247108-768x772.png 768w, https:\/\/www.xminsulation.com\/wp-content\/uploads\/2024\/05\/\u56fe\u7247108-600x603.png 600w, https:\/\/www.xminsulation.com\/wp-content\/uploads\/2024\/05\/\u56fe\u7247108-100x100.png 100w\" sizes=\"(max-width: 1106px) 100vw, 1106px\" \/><\/b><\/strong><\/p>\n<h2><strong><b>C\u00e1p <\/b><\/strong><strong><b>B<\/b><\/strong><strong><b>trang tr\u1ea1i <\/b><\/strong><strong><b>B<\/b><\/strong><strong><b>con b\u00f2 \u0111\u1ef1c <\/b><\/strong><strong><b>C<\/b><\/strong><strong><b>c\u1ea5u h\u00ecnh v\u1edbi SF6 <\/b><\/strong><strong><b>L<\/b><\/strong><strong><b>oad <\/b><\/strong><strong><b>S<\/b><\/strong><strong><b>ph\u00f9 th\u1ee7y<\/b><\/strong><\/h2>\n<p>&nbsp;<\/p>\n<h2><strong><b> <img loading=\"lazy\" decoding=\"async\" class=\"alignnone wp-image-1260 size-full\" src=\"http:\/\/www.xminsulation.com\/wp-content\/uploads\/2024\/05\/\u56fe\u7247109.png\" alt=\"\" width=\"686\" height=\"333\" srcset=\"https:\/\/www.xminsulation.com\/wp-content\/uploads\/2024\/05\/\u56fe\u7247109.png 686w, https:\/\/www.xminsulation.com\/wp-content\/uploads\/2024\/05\/\u56fe\u7247109-300x146.png 300w, https:\/\/www.xminsulation.com\/wp-content\/uploads\/2024\/05\/\u56fe\u7247109-600x291.png 600w\" sizes=\"(max-width: 686px) 100vw, 686px\" \/><\/b><\/strong><\/h2>\n<p>&nbsp;<\/p>\n<h2><strong><b>C\u00e1p <\/b><\/strong><strong><b>B<\/b><\/strong><strong><b>trang tr\u1ea1i <\/b><\/strong><strong><b>B<\/b><\/strong><strong><b>con b\u00f2 \u0111\u1ef1c <\/b><\/strong><strong><b>T<\/b><\/strong><strong><b>th\u1ee9 i <\/b><\/strong><strong><b>V<\/b><\/strong><strong><b>acuum <\/b><\/strong><strong><b>L<\/b><\/strong><strong><b>oad <\/b><\/strong><strong><b>S<\/b><\/strong><strong><b>ph\u00f9 th\u1ee7y (<\/b><\/strong><strong><b>V<\/b><\/strong><strong><b>acuum <\/b><\/strong><strong><b>C<\/b><\/strong><strong><b>\u0111i\u1ec7n \u00e1p <\/b><\/strong><strong><b>B<\/b><\/strong><strong><b>ng\u01b0\u1eddi \u0111\u00e0o b\u1edbi)<\/b><\/strong><\/h2>\n<p>\u0110\u01b0\u1ee3c l\u1eafp r\u00e1p b\u1eb1ng c\u00f4ng t\u1eafc t\u1ea3i ch\u00e2n kh\u00f4ng ch\u1ea5t l\u01b0\u1ee3ng cao trong n\u01b0\u1edbc (m\u00e1y c\u1eaft ch\u00e2n kh\u00f4ng), c\u00e1c \u0111\u01b0\u1eddng d\u00e2y \u0111\u1ebfn v\u00e0 \u0111i tr\u00e1i v\u00e0 ph\u1ea3i \u0111\u01b0\u1ee3c t\u00e1ch bi\u1ec7t kh\u00e9o l\u00e9o, thi\u1ebft k\u1ebf c\u1ea5u tr\u00fac t\u1ed1i thi\u1ec3u v\u00e0 ch\u1ee9c n\u0103ng c\u1ea5u h\u00ecnh c\u00e1p m\u1ea1nh nh\u1ea5t, v\u1edbi t\u1ed1i \u0111a 8 \u0111\u01b0\u1eddng d\u00e2y \u0111\u1ebfn v\u00e0 \u0111i. H\u1ed9p nh\u00e1nh n\u00e0y kh\u00f4ng ch\u1ec9 gi\u1eef l\u1ea1i nh\u1eefng \u01b0u \u0111i\u1ec3m c\u1ee7a h\u1ed9p nh\u00e1nh truy\u1ec1n th\u1ed1ng m\u00e0 c\u00f2n c\u00f3 m\u1ed9t s\u1ed1 \u01b0u \u0111i\u1ec3m c\u1ee7a b\u1ed9 ph\u1eadn ch\u00ednh v\u00f2ng. \u0110\u00e2y l\u00e0 thi\u1ebft b\u1ecb l\u00fd t\u01b0\u1edfng \u0111\u1ec3 chuy\u1ec3n \u0111\u1ed5i m\u1ea1ng l\u01b0\u1edbi \u0111\u00f4 th\u1ecb. K\u00edch th\u01b0\u1edbc nh\u1ecf, kh\u00f4ng c\u1ea7n b\u1ea3o tr\u00ec, t\u00ednh kinh t\u1ebf k\u1ef9 thu\u1eadt t\u1ed1t, \u0111\u1ed9 tin c\u1eady cao, l\u1eafp \u0111\u1eb7t \u0111\u01a1n gi\u1ea3n v\u00e0 s\u1eed d\u1ee5ng thu\u1eadn ti\u1ec7n.<\/p>\n<p>\u0110\u1eb7c \u0111i\u1ec3m c\u1ee7a h\u1ed9p nh\u00e1nh c\u00e1p c\u00f3 c\u00f4ng t\u1eafc t\u1ea3i ch\u00e2n kh\u00f4ng l\u00e0: c\u00f3 ba ng\u0103n trong h\u1ed9p, m\u1ed9t trong s\u1ed1 \u0111\u00f3 \u0111\u01b0\u1ee3c ni\u00eam phong. C\u01a1 ch\u1ebf v\u1eadn h\u00e0nh c\u1ee7a c\u00f4ng t\u1eafc t\u1ea3i n\u1eb1m ngay ph\u00eda tr\u01b0\u1edbc h\u1ed9p nh\u00e1nh v\u00e0 c\u00f3 th\u1ec3 v\u1eadn h\u00e0nh b\u1eb1ng tay ho\u1eb7c b\u1eb1ng \u0111i\u1ec7n. C\u00f3 c\u00e1c \u0111\u01b0\u1eddng c\u1ecdc c\u00e1p trong ng\u0103n c\u00e1p. V\u00e0 \u0111\u1ea7u cu\u1ed1i c\u00e1p, \u0111\u1ea7u cu\u1ed1i c\u00e1p \u0111\u01b0\u1ee3c k\u1ebft n\u1ed1i v\u1edbi c\u00f4ng t\u1eafc t\u1ea3i. Ng\u0103n c\u00e1p c\u00f3 th\u1ec3 \u0111\u01b0\u1ee3c b\u1ea3o v\u1ec7 b\u1eb1ng c\u1ea7u ch\u00ec n\u1ebfu thi\u1ebft k\u1ebf y\u00eau c\u1ea7u. Thi\u1ebft k\u1ebf \u0111a d\u1ea1ng v\u00e0 c\u00f3 th\u1ec3 th\u1ef1c hi\u1ec7n c\u00e1c ch\u1ee9c n\u0103ng nh\u01b0 \u0111o t\u1eeb xa, \u0111i\u1ec1u khi\u1ec3n t\u1eeb xa v\u00e0 b\u00e1o hi\u1ec7u t\u1eeb xa.<\/p>\n<p><strong><b><img loading=\"lazy\" decoding=\"async\" class=\"alignnone wp-image-1261 size-full\" src=\"http:\/\/www.xminsulation.com\/wp-content\/uploads\/2024\/05\/\u56fe\u7247110.png\" alt=\"\" width=\"1000\" height=\"408\" srcset=\"https:\/\/www.xminsulation.com\/wp-content\/uploads\/2024\/05\/\u56fe\u7247110.png 1000w, https:\/\/www.xminsulation.com\/wp-content\/uploads\/2024\/05\/\u56fe\u7247110-300x122.png 300w, https:\/\/www.xminsulation.com\/wp-content\/uploads\/2024\/05\/\u56fe\u7247110-768x313.png 768w, https:\/\/www.xminsulation.com\/wp-content\/uploads\/2024\/05\/\u56fe\u7247110-600x245.png 600w\" sizes=\"(max-width: 1000px) 100vw, 1000px\" \/> <img loading=\"lazy\" decoding=\"async\" class=\"alignnone wp-image-1262 size-full\" src=\"http:\/\/www.xminsulation.com\/wp-content\/uploads\/2024\/05\/\u56fe\u7247111.png\" alt=\"\" width=\"1000\" height=\"590\" srcset=\"https:\/\/www.xminsulation.com\/wp-content\/uploads\/2024\/05\/\u56fe\u7247111.png 1000w, https:\/\/www.xminsulation.com\/wp-content\/uploads\/2024\/05\/\u56fe\u7247111-300x177.png 300w, https:\/\/www.xminsulation.com\/wp-content\/uploads\/2024\/05\/\u56fe\u7247111-768x453.png 768w, https:\/\/www.xminsulation.com\/wp-content\/uploads\/2024\/05\/\u56fe\u7247111-600x354.png 600w\" sizes=\"(max-width: 1000px) 100vw, 1000px\" \/><\/b><\/strong><\/p>\n<h2><strong><b>S\u01a1 \u0111\u1ed3 h\u1ec7 th\u1ed1ng ch\u00ednh \u0111i\u1ec3n h\u00ecnh<\/b><\/strong><\/h2>\n<p><strong><b><img loading=\"lazy\" decoding=\"async\" class=\"alignnone wp-image-1263 size-full\" src=\"http:\/\/www.xminsulation.com\/wp-content\/uploads\/2024\/05\/\u56fe\u7247112.png\" alt=\"\" width=\"1000\" height=\"1367\" srcset=\"https:\/\/www.xminsulation.com\/wp-content\/uploads\/2024\/05\/\u56fe\u7247112.png 1000w, https:\/\/www.xminsulation.com\/wp-content\/uploads\/2024\/05\/\u56fe\u7247112-219x300.png 219w, https:\/\/www.xminsulation.com\/wp-content\/uploads\/2024\/05\/\u56fe\u7247112-749x1024.png 749w, https:\/\/www.xminsulation.com\/wp-content\/uploads\/2024\/05\/\u56fe\u7247112-768x1050.png 768w, https:\/\/www.xminsulation.com\/wp-content\/uploads\/2024\/05\/\u56fe\u7247112-600x820.png 600w\" sizes=\"(max-width: 1000px) 100vw, 1000px\" \/><\/b><\/strong><\/p>\n<p><strong><b>\u00a0<\/b><\/strong><\/p>\n<div class=\"wxts\">\n<h2>\u25c6T\u00f9y ch\u1ec9nh \u0111\u1eb7c bi\u1ec7t<\/h2>\n<p>C\u00e1c th\u00f4ng s\u1ed1 tr\u00ean l\u00e0 d\u1eef li\u1ec7u ti\u00eau bi\u1ec3u; n\u1ebfu c\u00e1c ki\u1ec3u d\u00e1ng hi\u1ec7n c\u00f3 kh\u00f4ng \u0111\u00e1p \u1ee9ng \u0111\u01b0\u1ee3c nhu c\u1ea7u c\u1ee5 th\u1ec3 c\u1ee7a b\u1ea1n, vui l\u00f2ng li\u00ean h\u1ec7 v\u1edbi ch\u00fang t\u00f4i \u0111\u1ec3 \u0111\u01b0\u1ee3c thi\u1ebft k\u1ebf ri\u00eang. Ch\u00fang t\u00f4i c\u00f3 k\u1ef9 n\u0103ng s\u1ea3n xu\u1ea5t v\u00e0 ph\u00e1t tri\u1ec3n t\u00f9y ch\u1ec9nh c\u00e1 nh\u00e2n h\u00f3a \u0111\u00e1ng k\u1ec3, cho ph\u00e9p ch\u00fang t\u00f4i cung c\u1ea5p c\u00e1c gi\u1ea3i ph\u00e1p ph\u00f9 h\u1ee3p cho kh\u00e1ch h\u00e0ng tr\u00ean to\u00e0n th\u1ebf gi\u1edbi.<\/p>\n<\/div>","protected":false},"excerpt":{"rendered":"<p>General Information This product adopts a high-performance sulfur hexafluoride load switch with built-in SF6 insulating gas and a touch-shielded imported synthetic rubber cable joint. It has strong breaking ability of active load and no-load cable current and closing ability of short-circuit current. And can be equipped with lightning arresters and ground fault indicators according to [&hellip;]<\/p>","protected":false},"featured_media":1252,"template":"","meta":{"site-sidebar-layout":"default","site-content-layout":"","ast-site-content-layout":"default","site-content-style":"default","site-sidebar-style":"default","ast-global-header-display":"","ast-banner-title-visibility":"","ast-main-header-display":"","ast-hfb-above-header-display":"","ast-hfb-below-header-display":"","ast-hfb-mobile-header-display":"","site-post-title":"","ast-breadcrumbs-content":"","ast-featured-img":"","footer-sml-layout":"","theme-transparent-header-meta":"default","adv-header-id-meta":"","stick-header-meta":"","header-above-stick-meta":"","header-main-stick-meta":"","header-below-stick-meta":"","astra-migrate-meta-layouts":"set","ast-page-background-enabled":"default","ast-page-background-meta":{"desktop":{"background-color":"","background-image":"","background-repeat":"repeat","background-position":"center center","background-size":"auto","background-attachment":"scroll","background-type":"","background-media":"","overlay-type":"","overlay-color":"","overlay-gradient":""},"tablet":{"background-color":"","background-image":"","background-repeat":"repeat","background-position":"center center","background-size":"auto","background-attachment":"scroll","background-type":"","background-media":"","overlay-type":"","overlay-color":"","overlay-gradient":""},"mobile":{"background-color":"","background-image":"","background-repeat":"repeat","background-position":"center center","background-size":"auto","background-attachment":"scroll","background-type":"","background-media":"","overlay-type":"","overlay-color":"","overlay-gradient":""}},"ast-content-background-meta":{"desktop":{"background-color":"var(--ast-global-color-5)","background-image":"","background-repeat":"repeat","background-position":"center center","background-size":"auto","background-attachment":"scroll","background-type":"","background-media":"","overlay-type":"","overlay-color":"","overlay-gradient":""},"tablet":{"background-color":"var(--ast-global-color-5)","background-image":"","background-repeat":"repeat","background-position":"center center","background-size":"auto","background-attachment":"scroll","background-type":"","background-media":"","overlay-type":"","overlay-color":"","overlay-gradient":""},"mobile":{"background-color":"var(--ast-global-color-5)","background-image":"","background-repeat":"repeat","background-position":"center center","background-size":"auto","background-attachment":"scroll","background-type":"","background-media":"","overlay-type":"","overlay-color":"","overlay-gradient":""}}},"product_cat":[40],"product_tag":[],"class_list":{"0":"post-1251","1":"product","2":"type-product","3":"status-publish","4":"has-post-thumbnail","6":"product_cat-10-35kv-high-voltage-cable-branch-box","7":"desktop-align-left","8":"tablet-align-left","9":"mobile-align-left","11":"first","12":"instock","13":"shipping-taxable","14":"product-type-simple"},"_links":{"self":[{"href":"https:\/\/www.xminsulation.com\/vi\/wp-json\/wp\/v2\/product\/1251","targetHints":{"allow":["GET"]}}],"collection":[{"href":"https:\/\/www.xminsulation.com\/vi\/wp-json\/wp\/v2\/product"}],"about":[{"href":"https:\/\/www.xminsulation.com\/vi\/wp-json\/wp\/v2\/types\/product"}],"wp:featuredmedia":[{"embeddable":true,"href":"https:\/\/www.xminsulation.com\/vi\/wp-json\/wp\/v2\/media\/1252"}],"wp:attachment":[{"href":"https:\/\/www.xminsulation.com\/vi\/wp-json\/wp\/v2\/media?parent=1251"}],"wp:term":[{"taxonomy":"product_cat","embeddable":true,"href":"https:\/\/www.xminsulation.com\/vi\/wp-json\/wp\/v2\/product_cat?post=1251"},{"taxonomy":"product_tag","embeddable":true,"href":"https:\/\/www.xminsulation.com\/vi\/wp-json\/wp\/v2\/product_tag?post=1251"}],"curies":[{"name":"wp","href":"https:\/\/api.w.org\/{rel}","templated":true}]}}