{"id":1239,"date":"2024-05-07T11:03:22","date_gmt":"2024-05-07T03:03:22","guid":{"rendered":"http:\/\/www.xminsulation.com\/?post_type=product&#038;p=1239"},"modified":"2024-05-15T16:34:57","modified_gmt":"2024-05-15T08:34:57","slug":"200-600a-high-voltage-cable-branch-box-american-style","status":"publish","type":"product","link":"https:\/\/www.xminsulation.com\/vi\/product\/200-600a-high-voltage-cable-branch-box-american-style\/","title":{"rendered":"H\u1ed9p ph\u00e2n nh\u00e1nh c\u00e1p \u0111i\u1ec7n \u00e1p cao 200\/600A (Ki\u1ec3u M\u1ef9)"},"content":{"rendered":"<p><img fetchpriority=\"high\" decoding=\"async\" class=\"alignnone wp-image-1241 size-full\" src=\"http:\/\/www.xminsulation.com\/wp-content\/uploads\/2024\/05\/\u56fe\u724793-1.jpg\" alt=\"\" width=\"1000\" height=\"1000\" srcset=\"https:\/\/www.xminsulation.com\/wp-content\/uploads\/2024\/05\/\u56fe\u724793-1.jpg 1000w, https:\/\/www.xminsulation.com\/wp-content\/uploads\/2024\/05\/\u56fe\u724793-1-300x300.jpg 300w, https:\/\/www.xminsulation.com\/wp-content\/uploads\/2024\/05\/\u56fe\u724793-1-150x150.jpg 150w, https:\/\/www.xminsulation.com\/wp-content\/uploads\/2024\/05\/\u56fe\u724793-1-768x768.jpg 768w, https:\/\/www.xminsulation.com\/wp-content\/uploads\/2024\/05\/\u56fe\u724793-1-600x600.jpg 600w, https:\/\/www.xminsulation.com\/wp-content\/uploads\/2024\/05\/\u56fe\u724793-1-100x100.jpg 100w\" sizes=\"(max-width: 1000px) 100vw, 1000px\" \/> <img decoding=\"async\" class=\"alignnone wp-image-1242 size-full\" src=\"http:\/\/www.xminsulation.com\/wp-content\/uploads\/2024\/05\/\u56fe\u724794.png\" alt=\"\" width=\"1000\" height=\"752\" srcset=\"https:\/\/www.xminsulation.com\/wp-content\/uploads\/2024\/05\/\u56fe\u724794.png 1000w, https:\/\/www.xminsulation.com\/wp-content\/uploads\/2024\/05\/\u56fe\u724794-300x226.png 300w, https:\/\/www.xminsulation.com\/wp-content\/uploads\/2024\/05\/\u56fe\u724794-768x578.png 768w, https:\/\/www.xminsulation.com\/wp-content\/uploads\/2024\/05\/\u56fe\u724794-600x451.png 600w\" sizes=\"(max-width: 1000px) 100vw, 1000px\" \/><\/p>\n<h2><strong><b>Th\u00f4ng tin chung<\/b><\/strong><\/h2>\n<p>H\u1ed9p ph\u00e2n ph\u1ed1i c\u00e1p ki\u1ec3u M\u1ef9 do c\u00f4ng ty s\u1ea3n xu\u1ea5t, v\u1edbi hi\u1ec7u su\u1ea5t tuy\u1ec7t v\u1eddi, thi\u1ebft k\u1ebf ti\u00eau chu\u1ea9n h\u00f3a v\u00e0 v\u1ebb ngo\u00e0i \u0111\u1eb9p m\u1eaft, \u0111\u01b0\u1ee3c s\u1eed d\u1ee5ng r\u1ed9ng r\u00e3i trong thi\u1ebft b\u1ecb k\u1ef9 thu\u1eadt c\u00e1p trong h\u1ec7 th\u1ed1ng m\u1ea1ng l\u01b0\u1edbi ph\u00e2n ph\u1ed1i c\u00e1p. Ch\u00fang \u0111\u01b0\u1ee3c s\u1eed d\u1ee5ng trong c\u00e1c khu c\u00f4ng nghi\u1ec7p l\u1edbn, khu d\u00e2n c\u01b0 v\u00e0 c\u00e1c th\u00e0nh ph\u1ed1 \u0111\u00f4ng d\u00e2n. N\u00f3 \u0111\u01b0\u1ee3c c\u00f4ng nh\u1eadn r\u1ed9ng r\u00e3i \u1edf nhi\u1ec1u n\u01a1i nh\u01b0 qu\u1eadn, trung t\u00e2m th\u01b0\u01a1ng m\u1ea1i v\u00e0 c\u00e1c t\u00f2a nh\u00e0 cao t\u1ea7ng. N\u00f3 \u0111\u01b0\u1ee3c \u0111\u1eb7c tr\u01b0ng b\u1edfi c\u1eeda m\u1edf m\u1ed9t chi\u1ec1u v\u00e0 thanh c\u00e1i \u0111a \u0111\u01b0\u1eddng ngang. N\u00f3 c\u00f3 nh\u1eefng \u01b0u \u0111i\u1ec3m \u0111\u00e1ng k\u1ec3 nh\u01b0 chi\u1ec1u r\u1ed9ng nh\u1ecf, k\u1ebft h\u1ee3p linh ho\u1ea1t, c\u00e1ch \u0111i\u1ec7n ho\u00e0n to\u00e0n v\u00e0 b\u1ecbt k\u00edn ho\u00e0n to\u00e0n. Theo d\u00f2ng \u0111i\u1ec7n \u0111\u1ecbnh m\u1ee9c, n\u00f3 th\u01b0\u1eddng c\u00f3 th\u1ec3 \u0111\u01b0\u1ee3c chia th\u00e0nh hai lo\u1ea1i: m\u1ea1ch ch\u00ednh 600A v\u00e0 m\u1ea1ch nh\u00e1nh 200A. M\u1ea1ch ch\u00ednh 600A s\u1eed d\u1ee5ng k\u1ebft n\u1ed1i c\u1ed1 \u0111\u1ecbnh bu l\u00f4ng v\u1eb7n v\u00edt; m\u1ea1ch nh\u00e1nh 200A s\u1eed d\u1ee5ng k\u1ebft n\u1ed1i c\u1eafm v\u00e0 c\u00f3 th\u1ec3 c\u1eafm v\u00e0 c\u1eafm d\u01b0\u1edbi t\u1ea3i.<\/p>\n<h2><strong><b>S\u1ea3n ph\u1ea9m <\/b><\/strong><strong><b>\u0110\u1eb7c tr\u01b0ng<\/b><\/strong><\/h2>\n<ol>\n<li>C\u1ea5u tr\u00fac nh\u1ecf g\u1ecdn, di\u1ec7n t\u00edch chi\u1ebfm d\u1ee5ng nh\u1ecf, d\u1ec5 l\u1eafp \u0111\u1eb7t, d\u1ec5 v\u1eadn h\u00e0nh v\u00e0 kh\u00f4ng c\u1ea7n b\u1ea3o tr\u00ec.<\/li>\n<li>Th\u00e2n h\u1ed9p \u0111\u01b0\u1ee3c l\u00e0m b\u1eb1ng th\u00e9p t\u1ea5m kim lo\u1ea1i ho\u1eb7c th\u00e9p kh\u00f4ng g\u1ec9 d\u00e0y 2mm, s\u1eed d\u1ee5ng thi\u1ebft k\u1ebf ch\u1ed1ng \u0103n m\u00f2n v\u00e0 x\u1eed l\u00fd phun s\u01a1n \u0111\u1eb7c bi\u1ec7t, ho\u1ea1t \u0111\u1ed9ng \u0111\u00e1ng tin c\u1eady trong m\u00f4i tr\u01b0\u1eddng kh\u1eafc nghi\u1ec7t (tu\u1ed5i th\u1ecd \u2265 30 n\u0103m).<\/li>\n<li>C\u1ea5u tr\u00fac b\u1ea3o v\u1ec7 to\u00e0n di\u1ec7n, ho\u1ea1t \u0111\u1ed9ng ngo\u00e0i tr\u1eddi trong m\u1ecdi th\u1eddi ti\u1ebft, th\u00edch h\u1ee3p cho nh\u1eefng khu v\u1ef1c c\u00f3 nhi\u1ec7t \u0111\u1ed9 cao, gi\u00e1 l\u1ea1nh, ng\u1eadp l\u1ee5t v\u00e0 nhi\u1ec1u b\u1ee5i.<\/li>\n<li>C\u1ea5u tr\u00fac ho\u00e0n to\u00e0n k\u00edn v\u00e0 c\u00e1ch \u0111i\u1ec7n ho\u00e0n to\u00e0n, kh\u00f4ng y\u00eau c\u1ea7u kho\u1ea3ng c\u00e1ch c\u00e1ch \u0111i\u1ec7n, t\u1ea5t c\u1ea3 c\u00e1c b\u1ed9 ph\u1eadn \u0111i\u1ec7n \u00e1p cao \u0111\u1ec1u l\u00e0 \u0111\u1ea7u n\u1ed1i c\u00e1p \u0111\u00fac s\u1eb5n b\u1eb1ng cao su silicon ho\u1eb7c EPDM, \u0111\u1ea3m b\u1ea3o an to\u00e0n c\u00e1 nh\u00e2n hi\u1ec7u qu\u1ea3.<\/li>\n<li>S\u1ef1 k\u1ebft h\u1ee3p linh ho\u1ea1t c\u00f3 th\u1ec3 l\u00e0m cho s\u1ed1 nh\u00e1nh \u1ed5 c\u1eafm \u0111\u1ea1t t\u1edbi b\u1ea3y, c\u00f3 th\u1ec3 k\u1ebft h\u1ee3p v\u1edbi SF. C\u00f4ng t\u1eafc t\u1ea3i t\u1ea1o th\u00e0nh m\u1ea1ng l\u01b0\u1edbi v\u00f2ng cung c\u1ea5p \u0111i\u1ec7n, \u0111\u00e1p \u1ee9ng \u0111\u1ea7y \u0111\u1ee7 c\u00e1c y\u00eau c\u1ea7u v\u1ec1 h\u1ec7 th\u1ed1ng d\u00e2y \u0111i\u1ec7n kh\u00e1c nhau.<\/li>\n<li>\u0110\u1ea7u n\u1ed1i c\u00e1p c\u00f3 th\u1ec3 \u0111\u01b0\u1ee3c s\u1eed d\u1ee5ng nh\u01b0 m\u1ed9t c\u00f4ng t\u1eafc, c\u00f3 th\u1ec3 c\u1eafm v\u00e0 r\u00fat ph\u00edch c\u1eafm khi c\u00f3 t\u1ea3i \u0111\u1ec3 ng\u1eaft d\u00f2ng \u0111i\u1ec7n t\u1ea3i 200A.<\/li>\n<li>Sau khi l\u1eafp \u0111\u1eb7t \u0111\u00e8n b\u00e1o l\u1ed7i, l\u1ed7i m\u1ea1ch c\u00f3 th\u1ec3 \u0111\u01b0\u1ee3c ph\u00e1t hi\u1ec7n nhanh ch\u00f3ng.<\/li>\n<li>\u0110\u1ea7u t\u01b0 m\u1ed9t l\u1ea7n nh\u1ecf, chi\u1ec1u d\u00e0i c\u00e1p gi\u1ea3m, di\u1ec7n t\u00edch x\u00e2y d\u1ef1ng kh\u00f4ng b\u1ecb chi\u1ebfm d\u1ee5ng, ti\u1ebft ki\u1ec7m ti\u1ec1n.<\/li>\n<li>\u0110\u1ea7u n\u1ed1i c\u00e1p \u0111\u01b0\u1ee3c s\u1eed d\u1ee5ng tu\u00e2n th\u1ee7 ti\u00eau chu\u1ea9n IEEE386.<\/li>\n<li>T\u1ea5t c\u1ea3 c\u00e1c m\u1ed1i n\u1ed1i c\u00e1p \u0111\u1ec1u ph\u00f9 h\u1ee3p v\u1edbi c\u00e1p c\u00e1ch \u0111i\u1ec7n polyethylene li\u00ean k\u1ebft ch\u00e9o. M\u1ed1i n\u1ed1i c\u00e1p 200A ph\u00f9 h\u1ee3p v\u1edbi c\u00e1p c\u00f3 ti\u1ebft di\u1ec7n c\u00e1p t\u1eeb 35mm\u00b2-180mm\u00b2; m\u1ed1i n\u1ed1i c\u00e1p 600A ph\u00f9 h\u1ee3p v\u1edbi c\u00e1p c\u00f3 ti\u1ebft di\u1ec7n c\u00e1p t\u1eeb 25mm\u00b2-500mm\u00b2.<\/li>\n<\/ol>\n<p><img decoding=\"async\" class=\"alignnone wp-image-1243 size-full\" src=\"http:\/\/www.xminsulation.com\/wp-content\/uploads\/2024\/05\/\u56fe\u724795.png\" alt=\"\" width=\"1234\" height=\"968\" srcset=\"https:\/\/www.xminsulation.com\/wp-content\/uploads\/2024\/05\/\u56fe\u724795.png 1234w, https:\/\/www.xminsulation.com\/wp-content\/uploads\/2024\/05\/\u56fe\u724795-300x235.png 300w, https:\/\/www.xminsulation.com\/wp-content\/uploads\/2024\/05\/\u56fe\u724795-1024x803.png 1024w, https:\/\/www.xminsulation.com\/wp-content\/uploads\/2024\/05\/\u56fe\u724795-768x602.png 768w, https:\/\/www.xminsulation.com\/wp-content\/uploads\/2024\/05\/\u56fe\u724795-600x471.png 600w\" sizes=\"(max-width: 1234px) 100vw, 1234px\" \/><\/p>\n<h2><strong><b>C\u00e1ch s\u1eed d\u1ee5ng <\/b><\/strong><strong><b>E<\/b><\/strong><strong><b>m\u00f4i tr\u01b0\u1eddng<\/b><\/strong><\/h2>\n<ol>\n<li>Nhi\u1ec7t \u0111\u1ed9 m\u00f4i tr\u01b0\u1eddng pha: nhi\u1ec7t \u0111\u1ed9 t\u1ed1i \u0111a: +40\u2103, nhi\u1ec7t \u0111\u1ed9 t\u1ed1i thi\u1ec3u -30\u2103.<\/li>\n<li>T\u1ed1c \u0111\u1ed9 gi\u00f3: khi 34m\/s (kh\u00f4ng l\u1edbn h\u01a1n 700Pa).<\/li>\n<li>\u0110\u1ed9 \u1ea9m: \u0110\u1ed9 \u1ea9m t\u01b0\u01a1ng \u0111\u1ed1i trung b\u00ecnh h\u00e0ng ng\u00e0y kh\u00f4ng l\u1edbn h\u01a1n 95%; \u0111\u1ed9 \u1ea9m t\u01b0\u01a1ng \u0111\u1ed1i trung b\u00ecnh h\u00e0ng th\u00e1ng kh\u00f4ng l\u1edbn h\u01a1n 95%.<\/li>\n<li>Ch\u1ed1ng s\u1ed1c: gia t\u1ed1c theo ph\u01b0\u01a1ng ngang kh\u00f4ng l\u1edbn h\u01a1n 0,4m\/s2 v\u00e0 gia t\u1ed1c theo ph\u01b0\u01a1ng th\u1eb3ng \u0111\u1ee9ng kh\u00f4ng l\u1edbn h\u01a1n 0,15m\/s2.<\/li>\n<li>\u0110\u1ed9 nghi\u00eang c\u1ee7a v\u1ecb tr\u00ed l\u1eafp \u0111\u1eb7t: kh\u00f4ng qu\u00e1 3\u00b0.<\/li>\n<li>M\u00f4i tr\u01b0\u1eddng l\u1eafp \u0111\u1eb7t: Kh\u00f4ng kh\u00ed xung quanh kh\u00f4ng \u0111\u01b0\u1ee3c \u00f4 nhi\u1ec5m \u0111\u00e1ng k\u1ec3 b\u1edfi kh\u00ed \u0103n m\u00f2n, d\u1ec5 ch\u00e1y, h\u01a1i n\u01b0\u1edbc, v.v. v\u00e0 kh\u00f4ng \u0111\u01b0\u1ee3c c\u00f3 rung \u0111\u1ed9ng m\u1ea1nh t\u1ea1i v\u1ecb tr\u00ed l\u1eafp \u0111\u1eb7t.<\/li>\n<\/ol>\n<h2><strong><b>T\u1ee7 <\/b><\/strong><strong><b>C<\/b><\/strong><strong><b>c\u1ea5u h\u00ecnh <\/b><\/strong><strong><b>P<\/b><\/strong><strong><b>lan<\/b><\/strong><\/h2>\n<p><img loading=\"lazy\" decoding=\"async\" class=\"alignnone wp-image-1244 size-full\" src=\"http:\/\/www.xminsulation.com\/wp-content\/uploads\/2024\/05\/\u56fe\u724796.png\" alt=\"\" width=\"842\" height=\"1246\" srcset=\"https:\/\/www.xminsulation.com\/wp-content\/uploads\/2024\/05\/\u56fe\u724796.png 842w, https:\/\/www.xminsulation.com\/wp-content\/uploads\/2024\/05\/\u56fe\u724796-203x300.png 203w, https:\/\/www.xminsulation.com\/wp-content\/uploads\/2024\/05\/\u56fe\u724796-692x1024.png 692w, https:\/\/www.xminsulation.com\/wp-content\/uploads\/2024\/05\/\u56fe\u724796-768x1136.png 768w, https:\/\/www.xminsulation.com\/wp-content\/uploads\/2024\/05\/\u56fe\u724796-600x888.png 600w\" sizes=\"(max-width: 842px) 100vw, 842px\" \/><\/p>\n<h2><strong><b>ng\u01b0\u1eddi M\u1ef9 <\/b><\/strong><strong><b>C<\/b><\/strong><strong><b>c\u00f3 th\u1ec3 <\/b><\/strong><strong><b>D<\/b><\/strong><strong><b>ph\u00e2n ph\u1ed1i <\/b><\/strong><strong><b>B<\/b><\/strong><strong><b>con b\u00f2 \u0111\u1ef1c <\/b><\/strong><strong><b>S<\/b><\/strong><strong><b>c\u1ea5u tr\u00fac <\/b><\/strong><strong><b>E<\/b><\/strong><strong><b>v\u00ed d\u1ee5 <\/b><\/strong><strong><b>D<\/b><\/strong><strong><b>bi\u1ec3u \u0111\u1ed3<\/b><\/strong><\/h2>\n<p>&nbsp;<\/p>\n<p>N\u1ebfu kh\u00f4ng th\u1ec3 \u0111\u1eb7t h\u1ed9p ph\u00e2n ph\u1ed1i c\u00e1p do h\u1ea1n ch\u1ebf v\u1ec1 m\u1eb7t \u0111\u1ecba \u0111i\u1ec3m, c\u00e1c m\u1ed1i n\u1ed1i c\u00e1p c\u00f3 th\u1ec3 \u0111\u01b0\u1ee3c k\u1ebft h\u1ee3p tr\u1ef1c ti\u1ebfp \u0111\u1ec3 t\u1ea1o th\u00e0nh nhi\u1ec1u nh\u00e1nh c\u00e1p (kh\u00f4ng c\u1ea7n thanh c\u00e1i, xem ph\u01b0\u01a1ng ph\u00e1p k\u1ebft n\u1ed1i b\u00ean d\u01b0\u1edbi) v\u00e0 \u0111\u1eb7t trong r\u00e3nh c\u00e1p ho\u1eb7c c\u00e1c v\u1ecb tr\u00ed kh\u00e1c.<\/p>\n<p>V\u00ed d\u1ee5 1: B\u1ed1n \u0111\u01b0\u1eddng d\u00e2y v\u00e0o v\u00e0 ra (2x600A+2x200A).<\/p>\n<p>M\u1ed7i nh\u00f3m bao g\u1ed3m hai \u0111\u1ea7u n\u1ed1i c\u00e1p T-II, hai \u0111\u1ea7u n\u1ed1i khu\u1ef7u tay v\u00e0 m\u1ed9t \u0111\u1ea7u n\u1ed1i trung gian. \u0110\u1ea7u n\u1ed1i c\u00e1p lo\u1ea1i T-II 200A \u0111\u01b0\u1ee3c k\u1ebft n\u1ed1i v\u1edbi m\u1ed9t \u0111\u1ea7u n\u1ed1i c\u00e1p khu\u1ef7u tay \u1edf m\u1ed9t b\u00ean (v\u00e0 m\u1ed9t b\u1ed9 ch\u1ed1ng s\u00e9t oxit c\u00e1ch \u0111i\u1ec7n ho\u00e0n to\u00e0n \u1edf b\u00ean kia).<\/p>\n<p>V\u00ed d\u1ee5 2: Ba \u0111\u01b0\u1eddng d\u00e2y v\u00e0o v\u00e0 ra (3x600A).<\/p>\n<p>M\u1ed7i pha bao g\u1ed3m ba \u0111\u1ea7u n\u1ed1i c\u00e1p h\u00ecnh ch\u1eef T v\u00e0 hai \u0111\u1ea7u n\u1ed1i k\u1ebft n\u1ed1i trung gian.<\/p>\n<p><img loading=\"lazy\" decoding=\"async\" class=\"alignnone wp-image-1245 size-full\" src=\"http:\/\/www.xminsulation.com\/wp-content\/uploads\/2024\/05\/\u56fe\u724797.jpg\" alt=\"\" width=\"1000\" height=\"1118\" srcset=\"https:\/\/www.xminsulation.com\/wp-content\/uploads\/2024\/05\/\u56fe\u724797.jpg 1000w, https:\/\/www.xminsulation.com\/wp-content\/uploads\/2024\/05\/\u56fe\u724797-268x300.jpg 268w, https:\/\/www.xminsulation.com\/wp-content\/uploads\/2024\/05\/\u56fe\u724797-916x1024.jpg 916w, https:\/\/www.xminsulation.com\/wp-content\/uploads\/2024\/05\/\u56fe\u724797-768x859.jpg 768w, https:\/\/www.xminsulation.com\/wp-content\/uploads\/2024\/05\/\u56fe\u724797-600x671.jpg 600w\" sizes=\"(max-width: 1000px) 100vw, 1000px\" \/> <img loading=\"lazy\" decoding=\"async\" class=\"alignnone wp-image-1246 size-full\" src=\"http:\/\/www.xminsulation.com\/wp-content\/uploads\/2024\/05\/\u56fe\u724798.jpg\" alt=\"\" width=\"1000\" height=\"721\" srcset=\"https:\/\/www.xminsulation.com\/wp-content\/uploads\/2024\/05\/\u56fe\u724798.jpg 1000w, https:\/\/www.xminsulation.com\/wp-content\/uploads\/2024\/05\/\u56fe\u724798-300x216.jpg 300w, https:\/\/www.xminsulation.com\/wp-content\/uploads\/2024\/05\/\u56fe\u724798-768x554.jpg 768w, https:\/\/www.xminsulation.com\/wp-content\/uploads\/2024\/05\/\u56fe\u724798-600x433.jpg 600w\" sizes=\"(max-width: 1000px) 100vw, 1000px\" \/> <img loading=\"lazy\" decoding=\"async\" class=\"alignnone wp-image-1247 size-full\" src=\"http:\/\/www.xminsulation.com\/wp-content\/uploads\/2024\/05\/\u56fe\u724799.jpg\" alt=\"\" width=\"1000\" height=\"714\" srcset=\"https:\/\/www.xminsulation.com\/wp-content\/uploads\/2024\/05\/\u56fe\u724799.jpg 1000w, https:\/\/www.xminsulation.com\/wp-content\/uploads\/2024\/05\/\u56fe\u724799-300x214.jpg 300w, https:\/\/www.xminsulation.com\/wp-content\/uploads\/2024\/05\/\u56fe\u724799-768x548.jpg 768w, https:\/\/www.xminsulation.com\/wp-content\/uploads\/2024\/05\/\u56fe\u724799-600x428.jpg 600w\" sizes=\"(max-width: 1000px) 100vw, 1000px\" \/><\/p>\n<h2><strong><b>C\u00e1p <\/b><\/strong><strong><b>P<\/b><\/strong><strong><b>tai <\/b><\/strong><strong><b>T\u00d4I<\/b><\/strong><strong><b>c\u00e0i \u0111\u1eb7t <\/b><\/strong><strong><b>D<\/b><\/strong><strong><b>bi\u1ec3u \u0111\u1ed3<\/b><\/strong><\/h2>\n<p><img loading=\"lazy\" decoding=\"async\" class=\"alignnone wp-image-1248 size-full\" src=\"http:\/\/www.xminsulation.com\/wp-content\/uploads\/2024\/05\/\u56fe\u7247100.jpg\" alt=\"\" width=\"1000\" height=\"848\" srcset=\"https:\/\/www.xminsulation.com\/wp-content\/uploads\/2024\/05\/\u56fe\u7247100.jpg 1000w, https:\/\/www.xminsulation.com\/wp-content\/uploads\/2024\/05\/\u56fe\u7247100-300x254.jpg 300w, https:\/\/www.xminsulation.com\/wp-content\/uploads\/2024\/05\/\u56fe\u7247100-768x651.jpg 768w, https:\/\/www.xminsulation.com\/wp-content\/uploads\/2024\/05\/\u56fe\u7247100-600x509.jpg 600w\" sizes=\"(max-width: 1000px) 100vw, 1000px\" \/><\/p>\n<h2><strong><b>ng\u01b0\u1eddi M\u1ef9 <\/b><\/strong><strong><b>C<\/b><\/strong><strong><b>c\u00f3 th\u1ec3 <\/b><\/strong><strong><b>B<\/b><\/strong><strong><b>trang tr\u1ea1i <\/b><\/strong><strong><b>B<\/b><\/strong><strong><b>con b\u00f2 \u0111\u1ef1c <\/b><\/strong><strong><b>F<\/b><\/strong><strong><b>n\u1ec1n m\u00f3ng <\/b><\/strong><strong><b>D<\/b><\/strong><strong><b>bi\u1ec3u \u0111\u1ed3<\/b><\/strong><\/h2>\n<p><img loading=\"lazy\" decoding=\"async\" class=\"alignnone wp-image-1249 size-full\" src=\"http:\/\/www.xminsulation.com\/wp-content\/uploads\/2024\/05\/\u56fe\u7247101.jpg\" alt=\"\" width=\"1000\" height=\"628\" srcset=\"https:\/\/www.xminsulation.com\/wp-content\/uploads\/2024\/05\/\u56fe\u7247101.jpg 1000w, https:\/\/www.xminsulation.com\/wp-content\/uploads\/2024\/05\/\u56fe\u7247101-300x188.jpg 300w, https:\/\/www.xminsulation.com\/wp-content\/uploads\/2024\/05\/\u56fe\u7247101-768x482.jpg 768w, https:\/\/www.xminsulation.com\/wp-content\/uploads\/2024\/05\/\u56fe\u7247101-600x377.jpg 600w\" sizes=\"(max-width: 1000px) 100vw, 1000px\" \/><\/p>\n<div class=\"wxts\">\n<h2>\u25c6T\u00f9y ch\u1ec9nh \u0111\u1eb7c bi\u1ec7t<\/h2>\n<p>C\u00e1c th\u00f4ng s\u1ed1 tr\u00ean l\u00e0 d\u1eef li\u1ec7u ti\u00eau bi\u1ec3u; n\u1ebfu c\u00e1c ki\u1ec3u d\u00e1ng hi\u1ec7n c\u00f3 kh\u00f4ng \u0111\u00e1p \u1ee9ng \u0111\u01b0\u1ee3c nhu c\u1ea7u c\u1ee5 th\u1ec3 c\u1ee7a b\u1ea1n, vui l\u00f2ng li\u00ean h\u1ec7 v\u1edbi ch\u00fang t\u00f4i \u0111\u1ec3 \u0111\u01b0\u1ee3c thi\u1ebft k\u1ebf ri\u00eang. Ch\u00fang t\u00f4i c\u00f3 k\u1ef9 n\u0103ng s\u1ea3n xu\u1ea5t v\u00e0 ph\u00e1t tri\u1ec3n t\u00f9y ch\u1ec9nh c\u00e1 nh\u00e2n h\u00f3a \u0111\u00e1ng k\u1ec3, cho ph\u00e9p ch\u00fang t\u00f4i cung c\u1ea5p c\u00e1c gi\u1ea3i ph\u00e1p ph\u00f9 h\u1ee3p cho kh\u00e1ch h\u00e0ng tr\u00ean to\u00e0n th\u1ebf gi\u1edbi.<\/p>\n<\/div>","protected":false},"excerpt":{"rendered":"<p>General Information The American-style cable distribution boxes produced by the company, with their excellent performance, standardized design, and beautiful appearance, are widely used in cable engineering equipment in cable distribution network systems. They are used in major industrial parks, residential areas, and densely populated cities. It is widely recognized in various places such as districts, [&hellip;]<\/p>","protected":false},"featured_media":1250,"template":"","meta":{"site-sidebar-layout":"default","site-content-layout":"","ast-site-content-layout":"default","site-content-style":"default","site-sidebar-style":"default","ast-global-header-display":"","ast-banner-title-visibility":"","ast-main-header-display":"","ast-hfb-above-header-display":"","ast-hfb-below-header-display":"","ast-hfb-mobile-header-display":"","site-post-title":"","ast-breadcrumbs-content":"","ast-featured-img":"","footer-sml-layout":"","theme-transparent-header-meta":"default","adv-header-id-meta":"","stick-header-meta":"","header-above-stick-meta":"","header-main-stick-meta":"","header-below-stick-meta":"","astra-migrate-meta-layouts":"set","ast-page-background-enabled":"default","ast-page-background-meta":{"desktop":{"background-color":"","background-image":"","background-repeat":"repeat","background-position":"center center","background-size":"auto","background-attachment":"scroll","background-type":"","background-media":"","overlay-type":"","overlay-color":"","overlay-gradient":""},"tablet":{"background-color":"","background-image":"","background-repeat":"repeat","background-position":"center center","background-size":"auto","background-attachment":"scroll","background-type":"","background-media":"","overlay-type":"","overlay-color":"","overlay-gradient":""},"mobile":{"background-color":"","background-image":"","background-repeat":"repeat","background-position":"center center","background-size":"auto","background-attachment":"scroll","background-type":"","background-media":"","overlay-type":"","overlay-color":"","overlay-gradient":""}},"ast-content-background-meta":{"desktop":{"background-color":"var(--ast-global-color-5)","background-image":"","background-repeat":"repeat","background-position":"center center","background-size":"auto","background-attachment":"scroll","background-type":"","background-media":"","overlay-type":"","overlay-color":"","overlay-gradient":""},"tablet":{"background-color":"var(--ast-global-color-5)","background-image":"","background-repeat":"repeat","background-position":"center center","background-size":"auto","background-attachment":"scroll","background-type":"","background-media":"","overlay-type":"","overlay-color":"","overlay-gradient":""},"mobile":{"background-color":"var(--ast-global-color-5)","background-image":"","background-repeat":"repeat","background-position":"center center","background-size":"auto","background-attachment":"scroll","background-type":"","background-media":"","overlay-type":"","overlay-color":"","overlay-gradient":""}}},"product_cat":[40],"product_tag":[],"class_list":{"0":"post-1239","1":"product","2":"type-product","3":"status-publish","4":"has-post-thumbnail","6":"product_cat-10-35kv-high-voltage-cable-branch-box","7":"desktop-align-left","8":"tablet-align-left","9":"mobile-align-left","11":"first","12":"instock","13":"shipping-taxable","14":"product-type-simple"},"_links":{"self":[{"href":"https:\/\/www.xminsulation.com\/vi\/wp-json\/wp\/v2\/product\/1239","targetHints":{"allow":["GET"]}}],"collection":[{"href":"https:\/\/www.xminsulation.com\/vi\/wp-json\/wp\/v2\/product"}],"about":[{"href":"https:\/\/www.xminsulation.com\/vi\/wp-json\/wp\/v2\/types\/product"}],"wp:featuredmedia":[{"embeddable":true,"href":"https:\/\/www.xminsulation.com\/vi\/wp-json\/wp\/v2\/media\/1250"}],"wp:attachment":[{"href":"https:\/\/www.xminsulation.com\/vi\/wp-json\/wp\/v2\/media?parent=1239"}],"wp:term":[{"taxonomy":"product_cat","embeddable":true,"href":"https:\/\/www.xminsulation.com\/vi\/wp-json\/wp\/v2\/product_cat?post=1239"},{"taxonomy":"product_tag","embeddable":true,"href":"https:\/\/www.xminsulation.com\/vi\/wp-json\/wp\/v2\/product_tag?post=1239"}],"curies":[{"name":"wp","href":"https:\/\/api.w.org\/{rel}","templated":true}]}}