{"id":1223,"date":"2024-05-27T10:47:04","date_gmt":"2024-05-27T02:47:04","guid":{"rendered":"http:\/\/www.xminsulation.com\/?post_type=product&#038;p=1223"},"modified":"2024-05-28T18:27:21","modified_gmt":"2024-05-28T10:27:21","slug":"design-and-development-of-medium-voltage-distribution-related-components-and-various-molds","status":"publish","type":"product","link":"https:\/\/www.xminsulation.com\/vi\/product\/design-and-development-of-medium-voltage-distribution-related-components-and-various-molds\/","title":{"rendered":"Thi\u1ebft k\u1ebf v\u00e0 ph\u00e1t tri\u1ec3n c\u00e1c th\u00e0nh ph\u1ea7n li\u00ean quan \u0111\u1ebfn ph\u00e2n ph\u1ed1i \u0111i\u1ec7n \u00e1p trung th\u1ebf v\u00e0 c\u00e1c khu\u00f4n m\u1eabu kh\u00e1c nhau"},"content":{"rendered":"<p>Ngo\u00e0i vi\u1ec7c t\u00f9y ch\u1ec9nh, ph\u00e1t tri\u1ec3n v\u00e0 s\u1ea3n xu\u1ea5t nhi\u1ec1u lo\u1ea1i \u201cs\u1ea3n ph\u1ea9m l\u1edbn\u201d kh\u00f4ng theo ti\u00eau chu\u1ea9n trong l\u0129nh v\u1ef1c ph\u00e2n ph\u1ed1i \u0111i\u1ec7n trung th\u1ebf, ch\u1eb3ng h\u1ea1n nh\u01b0 m\u00e1y c\u1eaft ch\u00e2n kh\u00f4ng, c\u00f4ng t\u1eafc ng\u1eaft t\u1ea3i, c\u00f4ng t\u1eafc c\u00e1ch ly, m\u00e1y \u0111\u00f3ng l\u1ea1i ngo\u00e0i tr\u1eddi, c\u00f4ng t\u1eafc ng\u1eaft t\u1ea3i ngo\u00e0i tr\u1eddi, c\u01a1 c\u1ea5u v\u1eadn h\u00e0nh, c\u1ee5m m\u1ea1ch v\u00f2ng, tr\u1ea1m bi\u1ebfn \u00e1p \u0111\u00fac s\u1eb5n, b\u1ed9 thi\u1ebft b\u1ecb, v.v., ch\u00fang t\u00f4i c\u0169ng c\u00f3 th\u1ec3 cung c\u1ea5p d\u1ecbch v\u1ee5 thi\u1ebft k\u1ebf khu\u00f4n m\u1eabu, s\u1ea3n xu\u1ea5t khu\u00f4n m\u1eabu, l\u1ea5y m\u1eabu, s\u1ea3n xu\u1ea5t s\u1ea3n ph\u1ea9m v\u00e0 c\u00e1c d\u1ecbch v\u1ee5 kh\u00e1c cho c\u00e1c \u201cs\u1ea3n ph\u1ea9m nh\u1ecf\u201d c\u1ef1c nh\u1ecf c\u00f3 trong c\u00e1c \u201cs\u1ea3n ph\u1ea9m l\u1edbn\u201d n\u00e0y.<\/p>\n<p>B\u1edfi v\u00ec ch\u00fang t\u00f4i hi\u1ec3u s\u00e2u s\u1eafc v\u1ec1 ch\u1ee9c n\u0103ng v\u00e0 y\u00eau c\u1ea7u c\u1ee7a c\u00e1c s\u1ea3n ph\u1ea9m \u0111i\u1ec7n ho\u00e0n ch\u1ec9nh, bi\u1ebft c\u00e1ch n\u1eafm b\u1eaft c\u00e1c y\u1ebfu t\u1ed1 \u1ea3nh h\u01b0\u1edfng nh\u01b0 ph\u00f3ng \u0111i\u1ec7n c\u1ee5c b\u1ed9, \u0111i\u1ec7n tr\u1edf, kh\u1ea3 n\u0103ng t\u01b0\u01a1ng th\u00edch \u0111i\u1ec7n t\u1eeb, d\u00f2ng \u0111i\u1ec7n xo\u00e1y, t\u1ea3n nhi\u1ec7t, c\u00f4ng su\u1ea5t \u0111i\u1ec7n v\u00e0 c\u00e1c ti\u00eau chu\u1ea9n s\u1ea3n ph\u1ea9m li\u00ean quan, v\u00e0 bi\u1ebft c\u00e1ch \u0111\u1ea1t \u0111\u01b0\u1ee3c s\u1ef1 th\u1ed1ng nh\u1ea5t h\u1eefu c\u01a1 gi\u1eefa v\u0129 m\u00f4 v\u00e0 vi m\u00f4, c\u0169ng nh\u01b0 t\u1ed5ng th\u1ec3 v\u00e0 c\u1ee5c b\u1ed9. Do \u0111\u00f3, n\u1ebfu b\u1ea1n giao ph\u00f3 cho ch\u00fang t\u00f4i c\u00e1c nhi\u1ec7m v\u1ee5 s\u1ea3n xu\u1ea5t v\u00e0 ph\u00e1t tri\u1ec3n khu\u00f4n m\u1eabu c\u1ee7a c\u00e1c &quot;s\u1ea3n ph\u1ea9m nh\u1ecf&quot; li\u00ean quan \u0111\u1ebfn c\u00e1c &quot;s\u1ea3n ph\u1ea9m l\u1edbn&quot; n\u00eau tr\u00ean, ch\u1eb3ng h\u1ea1n nh\u01b0 nh\u1ef1a epoxy, silicon, nh\u1ef1a, linh ki\u1ec7n \u0111\u1ed3ng, h\u1ee3p kim k\u1ebdm v\u00e0 c\u00e1c th\u00e0nh ph\u1ea7n nh\u1ecf kh\u00e1c, ph\u1ee5 ki\u1ec7n, ph\u1ee5 t\u00f9ng thay th\u1ebf, v.v., th\u00ec c\u00f3 th\u1ec3 tr\u00e1nh hi\u1ec7u qu\u1ea3 r\u1ee7i ro v\u1ec1 khuy\u1ebft t\u1eadt ch\u1ee9c n\u0103ng ho\u1eb7c kh\u00f4ng c\u00f3 kh\u1ea3 n\u0103ng th\u00edch \u1ee9ng do thi\u1ebfu hi\u1ec3u bi\u1ebft v\u1ec1 \u1ee9ng d\u1ee5ng c\u00f4ng nghi\u1ec7p, \u0111\u1eb7c \u0111i\u1ec3m s\u1ea3n ph\u1ea9m v\u00e0 hi\u1ec3u bi\u1ebft kh\u00f4ng \u0111\u1ea7y \u0111\u1ee7.<\/p>\n<p>Khu\u00f4n m\u1eabu bao g\u1ed3m khu\u00f4n c\u00e1ch \u0111i\u1ec7n nh\u1ef1a epoxy APG, khu\u00f4n \u00e9p cao su silicon, khu\u00f4n \u00e9p nh\u1ef1a, khu\u00f4n d\u1eadp \u0111\u1ed3ng ho\u1eb7c khu\u00f4n r\u00e8n ngu\u1ed9i ho\u1eb7c r\u00e8n n\u00f3ng, khu\u00f4n \u0111\u00fac h\u1ee3p kim k\u1ebdm, v.v.<\/p>\n<p>Trong giai \u0111o\u1ea1n \u0111\u1ea7u c\u1ee7a qu\u00e1 tr\u00ecnh thi\u1ebft k\u1ebf s\u1ea3n ph\u1ea9m, ch\u00fang t\u00f4i s\u1ebd t\u00ednh \u0111\u1ebfn c\u00f4ng ngh\u1ec7, v\u1eadt li\u1ec7u, ch\u1ee9c n\u0103ng v\u00e0 c\u00e1c y\u1ebfu t\u1ed1 to\u00e0n di\u1ec7n kh\u00e1c h\u1ee3p l\u00fd nh\u1ea5t c\u1ea7n thi\u1ebft cho s\u1ea3n ph\u1ea9m.<\/p>\n<p>Ch\u00fang t\u00f4i cam k\u1ebft s\u1ebd gi\u00fap b\u1ea1n tr\u00e1nh \u0111\u01b0\u1ee3c nh\u1eefng sai s\u00f3t v\u00e0 thi\u1ebft k\u1ebf, ph\u00e1t tri\u1ec3n c\u00e1c th\u00e0nh ph\u1ea7n li\u00ean quan \u0111\u1ebfn ph\u00e2n ph\u1ed1i \u0111i\u1ec7n \u00e1p trung b\u00ecnh v\u00e0 nhi\u1ec1u lo\u1ea1i khu\u00f4n m\u1eabu kh\u00e1c nhau m\u1ed9t c\u00e1ch nhanh ch\u00f3ng v\u00e0 hi\u1ec7u qu\u1ea3!<\/p>\n<p><img fetchpriority=\"high\" decoding=\"async\" class=\"alignnone wp-image-1224 size-full\" src=\"\/wp-content\/uploads\/2024\/05\/\u56fe\u724780.jpg\" alt=\"\" width=\"1018\" height=\"1018\" srcset=\"https:\/\/www.xminsulation.com\/wp-content\/uploads\/2024\/05\/\u56fe\u724780.jpg 1018w, https:\/\/www.xminsulation.com\/wp-content\/uploads\/2024\/05\/\u56fe\u724780-300x300.jpg 300w, https:\/\/www.xminsulation.com\/wp-content\/uploads\/2024\/05\/\u56fe\u724780-150x150.jpg 150w, https:\/\/www.xminsulation.com\/wp-content\/uploads\/2024\/05\/\u56fe\u724780-768x768.jpg 768w, https:\/\/www.xminsulation.com\/wp-content\/uploads\/2024\/05\/\u56fe\u724780-600x600.jpg 600w, https:\/\/www.xminsulation.com\/wp-content\/uploads\/2024\/05\/\u56fe\u724780-100x100.jpg 100w\" sizes=\"(max-width: 1018px) 100vw, 1018px\" \/> <img decoding=\"async\" class=\"alignnone wp-image-1225 size-full\" src=\"\/wp-content\/uploads\/2024\/05\/\u56fe\u724781.jpg\" alt=\"\" width=\"1000\" height=\"623\" srcset=\"https:\/\/www.xminsulation.com\/wp-content\/uploads\/2024\/05\/\u56fe\u724781.jpg 1000w, https:\/\/www.xminsulation.com\/wp-content\/uploads\/2024\/05\/\u56fe\u724781-300x187.jpg 300w, https:\/\/www.xminsulation.com\/wp-content\/uploads\/2024\/05\/\u56fe\u724781-768x478.jpg 768w, https:\/\/www.xminsulation.com\/wp-content\/uploads\/2024\/05\/\u56fe\u724781-600x374.jpg 600w\" sizes=\"(max-width: 1000px) 100vw, 1000px\" \/><\/p>\n<p>&nbsp;<\/p>\n<p><strong><b>\u00a0<\/b><\/strong><\/p>","protected":false},"excerpt":{"rendered":"<p>In addition to customizing, developing and producing various non-standard &#8220;large products&#8221; in the field of medium voltage power distribution, such as vacuum circuit breakers, load break switches, isolating switches, outdoor reclosers, outdoor load break switches, operating mechanisms, ring main units, prefabricated substations, sets of equipment etc., we can also provide mold design, mold manufacturing, sampling, [&hellip;]<\/p>","protected":false},"featured_media":1224,"template":"","meta":{"site-sidebar-layout":"default","site-content-layout":"","ast-site-content-layout":"default","site-content-style":"default","site-sidebar-style":"default","ast-global-header-display":"","ast-banner-title-visibility":"","ast-main-header-display":"","ast-hfb-above-header-display":"","ast-hfb-below-header-display":"","ast-hfb-mobile-header-display":"","site-post-title":"","ast-breadcrumbs-content":"","ast-featured-img":"","footer-sml-layout":"","theme-transparent-header-meta":"default","adv-header-id-meta":"","stick-header-meta":"","header-above-stick-meta":"","header-main-stick-meta":"","header-below-stick-meta":"","astra-migrate-meta-layouts":"set","ast-page-background-enabled":"default","ast-page-background-meta":{"desktop":{"background-color":"","background-image":"","background-repeat":"repeat","background-position":"center center","background-size":"auto","background-attachment":"scroll","background-type":"","background-media":"","overlay-type":"","overlay-color":"","overlay-gradient":""},"tablet":{"background-color":"","background-image":"","background-repeat":"repeat","background-position":"center center","background-size":"auto","background-attachment":"scroll","background-type":"","background-media":"","overlay-type":"","overlay-color":"","overlay-gradient":""},"mobile":{"background-color":"","background-image":"","background-repeat":"repeat","background-position":"center center","background-size":"auto","background-attachment":"scroll","background-type":"","background-media":"","overlay-type":"","overlay-color":"","overlay-gradient":""}},"ast-content-background-meta":{"desktop":{"background-color":"var(--ast-global-color-5)","background-image":"","background-repeat":"repeat","background-position":"center center","background-size":"auto","background-attachment":"scroll","background-type":"","background-media":"","overlay-type":"","overlay-color":"","overlay-gradient":""},"tablet":{"background-color":"var(--ast-global-color-5)","background-image":"","background-repeat":"repeat","background-position":"center center","background-size":"auto","background-attachment":"scroll","background-type":"","background-media":"","overlay-type":"","overlay-color":"","overlay-gradient":""},"mobile":{"background-color":"var(--ast-global-color-5)","background-image":"","background-repeat":"repeat","background-position":"center center","background-size":"auto","background-attachment":"scroll","background-type":"","background-media":"","overlay-type":"","overlay-color":"","overlay-gradient":""}}},"product_cat":[48],"product_tag":[],"class_list":{"0":"post-1223","1":"product","2":"type-product","3":"status-publish","4":"has-post-thumbnail","6":"product_cat-components-and-various-molds-design-and-development","7":"desktop-align-left","8":"tablet-align-left","9":"mobile-align-left","11":"first","12":"instock","13":"shipping-taxable","14":"product-type-simple"},"_links":{"self":[{"href":"https:\/\/www.xminsulation.com\/vi\/wp-json\/wp\/v2\/product\/1223","targetHints":{"allow":["GET"]}}],"collection":[{"href":"https:\/\/www.xminsulation.com\/vi\/wp-json\/wp\/v2\/product"}],"about":[{"href":"https:\/\/www.xminsulation.com\/vi\/wp-json\/wp\/v2\/types\/product"}],"wp:featuredmedia":[{"embeddable":true,"href":"https:\/\/www.xminsulation.com\/vi\/wp-json\/wp\/v2\/media\/1224"}],"wp:attachment":[{"href":"https:\/\/www.xminsulation.com\/vi\/wp-json\/wp\/v2\/media?parent=1223"}],"wp:term":[{"taxonomy":"product_cat","embeddable":true,"href":"https:\/\/www.xminsulation.com\/vi\/wp-json\/wp\/v2\/product_cat?post=1223"},{"taxonomy":"product_tag","embeddable":true,"href":"https:\/\/www.xminsulation.com\/vi\/wp-json\/wp\/v2\/product_tag?post=1223"}],"curies":[{"name":"wp","href":"https:\/\/api.w.org\/{rel}","templated":true}]}}