{"id":1204,"date":"2024-05-07T10:27:27","date_gmt":"2024-05-07T02:27:27","guid":{"rendered":"http:\/\/www.xminsulation.com\/?post_type=product&#038;p=1204"},"modified":"2024-05-15T16:37:26","modified_gmt":"2024-05-15T08:37:26","slug":"kyn28-24kv-metal-clad-withdrawable-switchgear","status":"publish","type":"product","link":"https:\/\/www.xminsulation.com\/vi\/product\/kyn28-24kv-metal-clad-withdrawable-switchgear\/","title":{"rendered":"Thi\u1ebft b\u1ecb \u0111\u00f3ng c\u1eaft c\u00f3 th\u1ec3 k\u00e9o ra b\u1eb1ng kim lo\u1ea1i KYN28-24kV"},"content":{"rendered":"<p><img fetchpriority=\"high\" decoding=\"async\" class=\"alignnone wp-image-1206 size-full\" src=\"http:\/\/www.xminsulation.com\/wp-content\/uploads\/2024\/05\/\u56fe\u724766-1.jpg\" alt=\"\" width=\"800\" height=\"800\" srcset=\"https:\/\/www.xminsulation.com\/wp-content\/uploads\/2024\/05\/\u56fe\u724766-1.jpg 800w, https:\/\/www.xminsulation.com\/wp-content\/uploads\/2024\/05\/\u56fe\u724766-1-300x300.jpg 300w, https:\/\/www.xminsulation.com\/wp-content\/uploads\/2024\/05\/\u56fe\u724766-1-150x150.jpg 150w, https:\/\/www.xminsulation.com\/wp-content\/uploads\/2024\/05\/\u56fe\u724766-1-768x768.jpg 768w, https:\/\/www.xminsulation.com\/wp-content\/uploads\/2024\/05\/\u56fe\u724766-1-600x600.jpg 600w, https:\/\/www.xminsulation.com\/wp-content\/uploads\/2024\/05\/\u56fe\u724766-1-100x100.jpg 100w\" sizes=\"(max-width: 800px) 100vw, 800px\" \/><\/p>\n<h2><strong><b>Th\u00f4ng tin chung<\/b><\/strong><\/h2>\n<p>Thi\u1ebft b\u1ecb \u0111\u00f3ng c\u1eaft AC b\u1ecdc th\u00e9p c\u00f3 th\u1ec3 k\u00e9o ra KYN28-24 ph\u00f9 h\u1ee3p v\u1edbi h\u1ec7 th\u1ed1ng \u0111i\u1ec7n ba pha 50\/60HZ, \u0111i\u1ec7n \u00e1p \u0111\u1ecbnh m\u1ee9c 24kV trong nh\u00e0. Ch\u1ee7 y\u1ebfu \u0111\u01b0\u1ee3c s\u1eed d\u1ee5ng trong c\u00e1c nh\u00e0 m\u00e1y \u0111i\u1ec7n, tr\u1ea1m bi\u1ebfn \u00e1p, doanh nghi\u1ec7p c\u00f4ng nghi\u1ec7p v\u00e0 khai th\u00e1c m\u1ecf v\u00e0 c\u00e1c t\u00f2a nh\u00e0 cao t\u1ea7ng. Nh\u1eadn v\u00e0 ph\u00e2n ph\u1ed1i n\u0103ng l\u01b0\u1ee3ng \u0111i\u1ec7n v\u00e0 \u0111i\u1ec1u khi\u1ec3n, b\u1ea3o v\u1ec7 v\u00e0 gi\u00e1m s\u00e1t m\u1ea1ch \u0111i\u1ec7n.<\/p>\n<p>Thi\u1ebft b\u1ecb \u0111\u00f3ng c\u1eaft KYN28-24 c\u00f3 nhi\u1ec1u ch\u1ee9c n\u0103ng kh\u00e1c nhau \u0111\u1ec3 ng\u0103n ng\u1eeba ho\u1ea1t \u0111\u1ed9ng sai, bao g\u1ed3m ng\u0103n xe \u0111\u1ea9y tay di chuy\u1ec3n khi c\u00f3 t\u1ea3i, ng\u0103n c\u00f4ng t\u1eafc n\u1ed1i \u0111\u1ea5t \u0111\u00f3ng c\u1ea7u dao \u1edf v\u1ecb tr\u00ed \u0111\u00f3ng, ng\u0103n c\u00f4ng t\u1eafc n\u1ed1i \u0111\u1ea5t \u0111\u01b0\u1ee3c b\u1eadt ngu\u1ed3n v\u00e0 ng\u0103n ng\u1eeba v\u00f4 t\u00ecnh x\u00e2m nh\u1eadp v\u00e0o ng\u0103n ch\u1ee9a \u0111i\u1ec7n.<\/p>\n<p>Thi\u1ebft b\u1ecb \u0111\u00f3ng c\u1eaft \u0111\u01b0\u1ee3c trang b\u1ecb m\u00e1y c\u1eaft ch\u00e2n kh\u00f4ng AC \u0111i\u1ec7n \u00e1p trung b\u00ecnh lo\u1ea1i VS1 v\u00e0 VN2 v\u00e0 c\u00f4ng t\u1eafc ch\u00e2n kh\u00f4ng k\u00edn c\u00f3 hi\u1ec7u su\u1ea5t tuy\u1ec7t v\u1eddi. M\u1ea1ch th\u1ee9 c\u1ea5p c\u1ee7a thi\u1ebft b\u1ecb \u0111\u00f3ng c\u1eaft \u0111\u01b0\u1ee3c trang b\u1ecb c\u00e1c th\u00e0nh ph\u1ea7n \u0111i\u1ec1u khi\u1ec3n v\u00e0 b\u1ea3o v\u1ec7 s\u00e1ng t\u1ea1o v\u00e0 \u0111\u00e1ng tin c\u1eady; thanh c\u00e1i s\u1eed d\u1ee5ng v\u1eadt li\u1ec7u c\u00e1ch \u0111i\u1ec7n co nhi\u1ec7t ho\u1eb7c ph\u01b0\u01a1ng ti\u1ec7n c\u00e1ch \u0111i\u1ec7n ph\u1ee7 oxy, h\u00ecnh d\u1ea1ng \u0111i\u1ec7n c\u1ef1c \u0111\u01b0\u1ee3c t\u1ed1i \u01b0u h\u00f3a v\u00e0 c\u1ea5u tr\u00fac t\u1ee7 nh\u1ecf g\u1ecdn. Thi\u1ebft b\u1ecb \u0111\u00f3ng c\u1eaft n\u00e0y c\u00f3 c\u00f4ng ngh\u1ec7 ti\u00ean ti\u1ebfn, hi\u1ec7u su\u1ea5t \u1ed5n \u0111\u1ecbnh v\u00e0 c\u00f3 c\u1ea5u tr\u00fac h\u1ee3p l\u00fd. Thi\u1ebft b\u1ecb ph\u00e2n ph\u1ed1i \u0111i\u1ec7n d\u1ec5 s\u1eed d\u1ee5ng, an to\u00e0n v\u00e0 \u0111\u00e1ng tin c\u1eady.<\/p>\n<p>S\u1ea3n ph\u1ea9m n\u00e0y tu\u00e2n th\u1ee7 ti\u00eau chu\u1ea9n GB 3906, IEC 62271-200 v\u00e0 c\u00e1c y\u00eau c\u1ea7u ti\u00eau chu\u1ea9n kh\u00e1c.<\/p>\n<p><img decoding=\"async\" class=\"alignnone wp-image-1207 size-full\" src=\"http:\/\/www.xminsulation.com\/wp-content\/uploads\/2024\/05\/\u56fe\u724767-1.png\" alt=\"\" width=\"1000\" height=\"556\" srcset=\"https:\/\/www.xminsulation.com\/wp-content\/uploads\/2024\/05\/\u56fe\u724767-1.png 1000w, https:\/\/www.xminsulation.com\/wp-content\/uploads\/2024\/05\/\u56fe\u724767-1-300x167.png 300w, https:\/\/www.xminsulation.com\/wp-content\/uploads\/2024\/05\/\u56fe\u724767-1-768x427.png 768w, https:\/\/www.xminsulation.com\/wp-content\/uploads\/2024\/05\/\u56fe\u724767-1-600x334.png 600w\" sizes=\"(max-width: 1000px) 100vw, 1000px\" \/><\/p>\n<h2><strong><b>C\u00e1ch s\u1eed d\u1ee5ng <\/b><\/strong><strong><b>E<\/b><\/strong><strong><b>m\u00f4i tr\u01b0\u1eddng<\/b><\/strong><\/h2>\n<ol>\n<li>Nhi\u1ec7t \u0111\u1ed9 m\u00f4i tr\u01b0\u1eddng: nhi\u1ec7t \u0111\u1ed9 t\u1ed1i \u0111a +40\u2103, nhi\u1ec7t \u0111\u1ed9 t\u1ed1i thi\u1ec3u -15\u2103 v\u00e0 gi\u00e1 tr\u1ecb trung b\u00ecnh \u0111o \u0111\u01b0\u1ee3c trong v\u00f2ng 24 gi\u1edd kh\u00f4ng v\u01b0\u1ee3t qu\u00e1 35\u2103.<\/li>\n<li>\u0110i\u1ec1u ki\u1ec7n \u0111\u1ed9 \u1ea9m nh\u01b0 sau: \u0111\u1ed9 \u1ea9m t\u01b0\u01a1ng \u0111\u1ed1i trung b\u00ecnh h\u00e0ng ng\u00e0y kh\u00f4ng v\u01b0\u1ee3t qu\u00e1 95%, \u00e1p su\u1ea5t h\u01a1i n\u01b0\u1edbc trung b\u00ecnh h\u00e0ng ng\u00e0y kh\u00f4ng v\u01b0\u1ee3t qu\u00e1 2,2kpa v\u00e0 \u00e1p su\u1ea5t h\u01a1i n\u01b0\u1edbc trung b\u00ecnh h\u00e0ng th\u00e1ng kh\u00f4ng v\u01b0\u1ee3t qu\u00e1 1,8kpa. \u0110\u00f4i khi c\u00f3 th\u1ec3 x\u1ea3y ra ng\u01b0ng t\u1ee5 trong nh\u1eefng \u0111i\u1ec1u ki\u1ec7n nh\u01b0 v\u1eady.<\/li>\n<li>\u0110\u1ed9 cao kh\u00f4ng v\u01b0\u1ee3t qu\u00e1 1000m.<\/li>\n<li>Kh\u00f4ng kh\u00ed xung quanh kh\u00f4ng b\u1ecb \u00f4 nhi\u1ec5m \u0111\u00e1ng k\u1ec3 b\u1edfi b\u1ee5i, kh\u00f3i, kh\u00ed \u0103n m\u00f2n v\u00e0\/ho\u1eb7c d\u1ec5 ch\u00e1y, h\u01a1i ho\u1eb7c h\u01a1i mu\u1ed1i.<\/li>\n<li>C\u00f3 th\u1ec3 b\u1ecf qua rung \u0111\u1ed9ng ho\u1eb7c chuy\u1ec3n \u0111\u1ed9ng c\u1ee7a m\u1eb7t \u0111\u1ea5t t\u1eeb b\u00ean ngo\u00e0i thi\u1ebft b\u1ecb \u0111\u00f3ng c\u1eaft v\u00e0 \u0111i\u1ec1u khi\u1ec3n.<\/li>\n<li>Bi\u00ean \u0111\u1ed9 nhi\u1ec5u \u0111i\u1ec7n t\u1eeb g\u00e2y ra trong h\u1ec7 th\u1ed1ng th\u1ee9 c\u1ea5p kh\u00f4ng v\u01b0\u1ee3t qu\u00e1 1,6KV.<\/li>\n<li>\u0110i\u1ec1u ki\u1ec7n s\u1eed d\u1ee5ng \u0111\u1eb7c bi\u1ec7t: Khi s\u1eed d\u1ee5ng trong \u0111i\u1ec1u ki\u1ec7n m\u00f4i tr\u01b0\u1eddng b\u00ecnh th\u01b0\u1eddng v\u01b0\u1ee3t qu\u00e1 c\u00e1c \u0111i\u1ec1u ki\u1ec7n quy \u0111\u1ecbnh trong GB\/T11022, c\u00f4ng ty v\u00e0 ng\u01b0\u1eddi d\u00f9ng c\u00f3 th\u1ec3 th\u01b0\u01a1ng l\u01b0\u1ee3ng v\u00e0 \u0111\u1ea1t \u0111\u01b0\u1ee3c th\u1ecfa thu\u1eadn v\u1ec1 c\u00e1c \u0111i\u1ec1u ki\u1ec7n v\u1eadn h\u00e0nh \u0111\u1eb7c bi\u1ec7t v\u01b0\u1ee3t qu\u00e1 c\u00e1c \u0111i\u1ec1u ki\u1ec7n v\u1eadn h\u00e0nh b\u00ecnh th\u01b0\u1eddng. \u0110\u1ec3 ng\u0103n ng\u1eeba ng\u01b0ng t\u1ee5, thi\u1ebft b\u1ecb \u0111\u00f3ng c\u1eaft \u0111\u01b0\u1ee3c trang b\u1ecb m\u1ed9t l\u00f2 s\u01b0\u1edfi, n\u00ean \u0111\u01b0a v\u00e0o s\u1eed d\u1ee5ng khi thi\u1ebft b\u1ecb \u0111\u00f3ng c\u1eaft \u1edf ch\u1ebf \u0111\u1ed9 ch\u1edd. C\u0169ng c\u1ea7n ch\u00fa \u00fd \u0111\u01b0a l\u00f2 s\u01b0\u1edfi v\u00e0o ho\u1ea1t \u0111\u1ed9ng khi thi\u1ebft b\u1ecb \u0111\u00f3ng c\u1eaft ho\u1ea1t \u0111\u1ed9ng b\u00ecnh th\u01b0\u1eddng.<\/li>\n<\/ol>\n<h2><strong><b>C\u1ea5u tr\u00fac v\u00e0 <\/b><\/strong><strong><b>T<\/b><\/strong><strong><b>c\u00f4ng vi\u1ec7c <\/b><\/strong><strong><b>P<\/b><\/strong><strong><b>nguy\u00ean l\u00fd<\/b><\/strong><\/h2>\n<p>Thi\u1ebft b\u1ecb \u0111\u00f3ng c\u1eaft KYN28-24 bao g\u1ed3m hai ph\u1ea7n: t\u1ee7 v\u00e0 ph\u1ea7n c\u00f3 th\u1ec3 th\u00e1o r\u1eddi (th\u01b0\u1eddng \u0111\u01b0\u1ee3c g\u1ecdi l\u00e0 xe \u0111\u1ea9y tay). T\u1ee7 \u0111\u01b0\u1ee3c chia th\u00e0nh nhi\u1ec1u ng\u0103n ch\u1ee9c n\u0103ng b\u1eb1ng v\u00e1ch ng\u0103n kim lo\u1ea1i, ch\u1eb3ng h\u1ea1n nh\u01b0 ph\u00f2ng thanh c\u00e1i, ph\u00f2ng m\u00e1y c\u1eaft, ph\u00f2ng c\u00e1p, ph\u00f2ng d\u1ee5ng c\u1ee5 r\u01a1le, v.v. C\u00e1c b\u1ed9 ph\u1eadn c\u00f3 th\u1ec3 th\u00e1o r\u1eddi c\u1ee7a thi\u1ebft b\u1ecb \u0111\u00f3ng c\u1eaft c\u00f3 th\u1ec3 \u0111\u01b0\u1ee3c trang b\u1ecb xe \u0111\u1ea9y tay m\u00e1y c\u1eaft ch\u00e2n kh\u00f4ng, xe \u0111\u1ea9y tay m\u00e1y bi\u1ebfn \u00e1p, xe \u0111\u1ea9y tay ch\u1ed1ng s\u00e9t, xe \u0111\u1ea9y tay c\u00e1ch ly v\u00e0 xe \u0111\u1ea9y tay c\u1ea7u ch\u00ec, v.v.<\/p>\n<p><img decoding=\"async\" class=\"alignnone wp-image-1208 size-full\" src=\"http:\/\/www.xminsulation.com\/wp-content\/uploads\/2024\/05\/\u56fe\u724768-1.png\" alt=\"\" width=\"1002\" height=\"713\" srcset=\"https:\/\/www.xminsulation.com\/wp-content\/uploads\/2024\/05\/\u56fe\u724768-1.png 1002w, https:\/\/www.xminsulation.com\/wp-content\/uploads\/2024\/05\/\u56fe\u724768-1-300x213.png 300w, https:\/\/www.xminsulation.com\/wp-content\/uploads\/2024\/05\/\u56fe\u724768-1-768x546.png 768w, https:\/\/www.xminsulation.com\/wp-content\/uploads\/2024\/05\/\u56fe\u724768-1-600x427.png 600w\" sizes=\"(max-width: 1002px) 100vw, 1002px\" \/><\/p>\n<p>A\u3001\u6bcd\u7ebf\u5ba4Ph\u00f2ng xe bu\u00fdt.<\/p>\n<p>B\u3001\u65ad\u8def\u5668\u624b\u8f66\u5ba4Ph\u00f2ng xe \u0111\u1ea9y c\u1ea7u dao.<\/p>\n<p>C\u3001\u0110i\u1ec7n tho\u1ea1i di \u0111\u1ed9ngPh\u00f2ng c\u00e1p.<\/p>\n<p>D\u3001\u7ee7\u7535\u5668\u4eea\u8868\u5ba4Ph\u00f2ng d\u1ee5ng c\u1ee5 chuy\u1ec3n ti\u1ebfp.<\/p>\n<p><img loading=\"lazy\" decoding=\"async\" class=\"alignnone wp-image-1209 size-full\" src=\"http:\/\/www.xminsulation.com\/wp-content\/uploads\/2024\/05\/\u56fe\u724769.jpg\" alt=\"\" width=\"1000\" height=\"995\" srcset=\"https:\/\/www.xminsulation.com\/wp-content\/uploads\/2024\/05\/\u56fe\u724769.jpg 1000w, https:\/\/www.xminsulation.com\/wp-content\/uploads\/2024\/05\/\u56fe\u724769-300x300.jpg 300w, https:\/\/www.xminsulation.com\/wp-content\/uploads\/2024\/05\/\u56fe\u724769-150x150.jpg 150w, https:\/\/www.xminsulation.com\/wp-content\/uploads\/2024\/05\/\u56fe\u724769-768x764.jpg 768w, https:\/\/www.xminsulation.com\/wp-content\/uploads\/2024\/05\/\u56fe\u724769-600x597.jpg 600w, https:\/\/www.xminsulation.com\/wp-content\/uploads\/2024\/05\/\u56fe\u724769-100x100.jpg 100w\" sizes=\"(max-width: 1000px) 100vw, 1000px\" \/><\/p>\n<p>1\u3001\u4e8c\u6b21\u63d2\u5934Ph\u00edch c\u1eafm th\u1ee9 c\u1ea5p.<\/p>\n<p>2\u3001\u5206\u5408\u6307\u793aD\u1ea5u hi\u1ec7u m\u1edf v\u00e0 \u0111\u00f3ng.<\/p>\n<p>3\u3001\u50a8\u80fd\u6307\u793aCh\u1ec9 b\u00e1o l\u01b0u tr\u1eef n\u0103ng l\u01b0\u1ee3ng.<\/p>\n<p>4\u3001Thi\u1ebft k\u1ebf m\u1eb7t \u0111\u1ed3ng h\u1ed3 Counter.<\/p>\n<p>5\u3001\u5206\u95f8\u6309\u94aeN\u00fat m\u1edf.<\/p>\n<p>6. N\u00fat \u0111\u00f3ng.<\/p>\n<p>7\u3001\u624b\u52a8\u50a8\u80fdL\u01b0u tr\u1eef n\u0103ng l\u01b0\u1ee3ng th\u1ee7 c\u00f4ng.<\/p>\n<p>8\u3001\u6447\u8fdb\u673a\u6784C\u01a1 ch\u1ebf l\u1eafc.<\/p>\n<p>9\u3001\u8f6c\u8fd0\u8f66\u9501\u5b54Chuy\u1ec3n l\u1ed7 kh\u00f3a xe.<\/p>\n<p>10\u3001\u8f6c\u8fd0\u8f66\u5b9a\u4f4dChuy\u1ec3n \u0111\u1ecbnh v\u1ecb xe.<\/p>\n<p>11. C\u00f4ng t\u1eafc n\u1ed1i \u0111\u1ea5t.<\/p>\n<p>12\u3001\u7d27\u6025\u89e3\u9501M\u1edf kh\u00f3a kh\u1ea9n c\u1ea5p.<\/p>\n<h2><strong><b>B\u1ea3n v\u1ebd k\u00edch th\u01b0\u1edbc l\u1eafp \u0111\u1eb7t<\/b><\/strong><\/h2>\n<p><img loading=\"lazy\" decoding=\"async\" class=\"alignnone wp-image-1211 size-full\" src=\"http:\/\/www.xminsulation.com\/wp-content\/uploads\/2024\/05\/\u56fe\u724770.jpg\" alt=\"\" width=\"1000\" height=\"1634\" srcset=\"https:\/\/www.xminsulation.com\/wp-content\/uploads\/2024\/05\/\u56fe\u724770.jpg 1000w, https:\/\/www.xminsulation.com\/wp-content\/uploads\/2024\/05\/\u56fe\u724770-184x300.jpg 184w, https:\/\/www.xminsulation.com\/wp-content\/uploads\/2024\/05\/\u56fe\u724770-627x1024.jpg 627w, https:\/\/www.xminsulation.com\/wp-content\/uploads\/2024\/05\/\u56fe\u724770-768x1255.jpg 768w, https:\/\/www.xminsulation.com\/wp-content\/uploads\/2024\/05\/\u56fe\u724770-940x1536.jpg 940w, https:\/\/www.xminsulation.com\/wp-content\/uploads\/2024\/05\/\u56fe\u724770-600x980.jpg 600w\" sizes=\"(max-width: 1000px) 100vw, 1000px\" \/><\/p>\n<p>&nbsp;<\/p>\n<div class=\"wxts\">\n<h2>\u25c6T\u00f9y ch\u1ec9nh \u0111\u1eb7c bi\u1ec7t<\/h2>\n<p>C\u00e1c th\u00f4ng s\u1ed1 tr\u00ean l\u00e0 d\u1eef li\u1ec7u ti\u00eau bi\u1ec3u; n\u1ebfu c\u00e1c ki\u1ec3u d\u00e1ng hi\u1ec7n c\u00f3 kh\u00f4ng \u0111\u00e1p \u1ee9ng \u0111\u01b0\u1ee3c nhu c\u1ea7u c\u1ee5 th\u1ec3 c\u1ee7a b\u1ea1n, vui l\u00f2ng li\u00ean h\u1ec7 v\u1edbi ch\u00fang t\u00f4i \u0111\u1ec3 \u0111\u01b0\u1ee3c thi\u1ebft k\u1ebf ri\u00eang. Ch\u00fang t\u00f4i c\u00f3 k\u1ef9 n\u0103ng s\u1ea3n xu\u1ea5t v\u00e0 ph\u00e1t tri\u1ec3n t\u00f9y ch\u1ec9nh c\u00e1 nh\u00e2n h\u00f3a \u0111\u00e1ng k\u1ec3, cho ph\u00e9p ch\u00fang t\u00f4i cung c\u1ea5p c\u00e1c gi\u1ea3i ph\u00e1p ph\u00f9 h\u1ee3p cho kh\u00e1ch h\u00e0ng tr\u00ean to\u00e0n th\u1ebf gi\u1edbi.<\/p>\n<\/div>","protected":false},"excerpt":{"rendered":"<p>General Information KYN28-24 armored withdrawable AC metal-enclosed switchgear is suitable for indoor three-phase 50\/60HZ, rated voltage 24kV power systems. It is mainly used in power plants, substations, industrial and mining enterprises and high-rise buildings. Receive and distribute electrical energy and control, protect and monitor circuits. KYN28-24 switchgear has various functions to prevent misoperation, including preventing [&hellip;]<\/p>","protected":false},"featured_media":1205,"template":"","meta":{"site-sidebar-layout":"default","site-content-layout":"","ast-site-content-layout":"default","site-content-style":"default","site-sidebar-style":"default","ast-global-header-display":"","ast-banner-title-visibility":"","ast-main-header-display":"","ast-hfb-above-header-display":"","ast-hfb-below-header-display":"","ast-hfb-mobile-header-display":"","site-post-title":"","ast-breadcrumbs-content":"","ast-featured-img":"","footer-sml-layout":"","theme-transparent-header-meta":"default","adv-header-id-meta":"","stick-header-meta":"","header-above-stick-meta":"","header-main-stick-meta":"","header-below-stick-meta":"","astra-migrate-meta-layouts":"set","ast-page-background-enabled":"default","ast-page-background-meta":{"desktop":{"background-color":"","background-image":"","background-repeat":"repeat","background-position":"center center","background-size":"auto","background-attachment":"scroll","background-type":"","background-media":"","overlay-type":"","overlay-color":"","overlay-gradient":""},"tablet":{"background-color":"","background-image":"","background-repeat":"repeat","background-position":"center center","background-size":"auto","background-attachment":"scroll","background-type":"","background-media":"","overlay-type":"","overlay-color":"","overlay-gradient":""},"mobile":{"background-color":"","background-image":"","background-repeat":"repeat","background-position":"center center","background-size":"auto","background-attachment":"scroll","background-type":"","background-media":"","overlay-type":"","overlay-color":"","overlay-gradient":""}},"ast-content-background-meta":{"desktop":{"background-color":"var(--ast-global-color-5)","background-image":"","background-repeat":"repeat","background-position":"center center","background-size":"auto","background-attachment":"scroll","background-type":"","background-media":"","overlay-type":"","overlay-color":"","overlay-gradient":""},"tablet":{"background-color":"var(--ast-global-color-5)","background-image":"","background-repeat":"repeat","background-position":"center center","background-size":"auto","background-attachment":"scroll","background-type":"","background-media":"","overlay-type":"","overlay-color":"","overlay-gradient":""},"mobile":{"background-color":"var(--ast-global-color-5)","background-image":"","background-repeat":"repeat","background-position":"center center","background-size":"auto","background-attachment":"scroll","background-type":"","background-media":"","overlay-type":"","overlay-color":"","overlay-gradient":""}}},"product_cat":[36],"product_tag":[],"class_list":{"0":"post-1204","1":"product","2":"type-product","3":"status-publish","4":"has-post-thumbnail","6":"product_cat-metal-clad-withdrawable-switchgear","7":"desktop-align-left","8":"tablet-align-left","9":"mobile-align-left","11":"first","12":"instock","13":"shipping-taxable","14":"product-type-simple"},"_links":{"self":[{"href":"https:\/\/www.xminsulation.com\/vi\/wp-json\/wp\/v2\/product\/1204","targetHints":{"allow":["GET"]}}],"collection":[{"href":"https:\/\/www.xminsulation.com\/vi\/wp-json\/wp\/v2\/product"}],"about":[{"href":"https:\/\/www.xminsulation.com\/vi\/wp-json\/wp\/v2\/types\/product"}],"wp:featuredmedia":[{"embeddable":true,"href":"https:\/\/www.xminsulation.com\/vi\/wp-json\/wp\/v2\/media\/1205"}],"wp:attachment":[{"href":"https:\/\/www.xminsulation.com\/vi\/wp-json\/wp\/v2\/media?parent=1204"}],"wp:term":[{"taxonomy":"product_cat","embeddable":true,"href":"https:\/\/www.xminsulation.com\/vi\/wp-json\/wp\/v2\/product_cat?post=1204"},{"taxonomy":"product_tag","embeddable":true,"href":"https:\/\/www.xminsulation.com\/vi\/wp-json\/wp\/v2\/product_tag?post=1204"}],"curies":[{"name":"wp","href":"https:\/\/api.w.org\/{rel}","templated":true}]}}