{"id":1194,"date":"2024-05-07T10:03:39","date_gmt":"2024-05-07T02:03:39","guid":{"rendered":"http:\/\/www.xminsulation.com\/?post_type=product&#038;p=1194"},"modified":"2024-05-15T16:38:00","modified_gmt":"2024-05-15T08:38:00","slug":"kyn550-12kv-metal-clad-withdrawable-switchgear","status":"publish","type":"product","link":"https:\/\/www.xminsulation.com\/vi\/product\/kyn550-12kv-metal-clad-withdrawable-switchgear\/","title":{"rendered":"Thi\u1ebft b\u1ecb \u0111\u00f3ng c\u1eaft c\u00f3 th\u1ec3 k\u00e9o ra b\u1eb1ng kim lo\u1ea1i KYN550-12kV"},"content":{"rendered":"<p><img fetchpriority=\"high\" decoding=\"async\" class=\"alignnone wp-image-1196 size-full\" src=\"http:\/\/www.xminsulation.com\/wp-content\/uploads\/2024\/05\/\u56fe\u724758-2.png\" alt=\"\" width=\"1000\" height=\"1000\" srcset=\"https:\/\/www.xminsulation.com\/wp-content\/uploads\/2024\/05\/\u56fe\u724758-2.png 1000w, https:\/\/www.xminsulation.com\/wp-content\/uploads\/2024\/05\/\u56fe\u724758-2-300x300.png 300w, https:\/\/www.xminsulation.com\/wp-content\/uploads\/2024\/05\/\u56fe\u724758-2-150x150.png 150w, https:\/\/www.xminsulation.com\/wp-content\/uploads\/2024\/05\/\u56fe\u724758-2-768x768.png 768w, https:\/\/www.xminsulation.com\/wp-content\/uploads\/2024\/05\/\u56fe\u724758-2-600x600.png 600w, https:\/\/www.xminsulation.com\/wp-content\/uploads\/2024\/05\/\u56fe\u724758-2-100x100.png 100w\" sizes=\"(max-width: 1000px) 100vw, 1000px\" \/><\/p>\n<h2><strong><b>Ch\u1ee7 y\u1ebfu <\/b><\/strong><strong><b>H<\/b><\/strong><strong><b>\u0111i\u1ec3m n\u1ed5i b\u1eadt<\/b><\/strong><\/h2>\n<ol>\n<li>Thanh c\u00e1i ch\u00ednh tr\u00f2n c\u00f3 nhi\u1ec1u \u01b0u \u0111i\u1ec3m nh\u01b0 \u0111\u1ed9 b\u1ec1n c\u01a1 h\u1ecdc cao, ph\u00e2n b\u1ed1 tr\u01b0\u1eddng \u0111i\u1ec7n \u0111\u1ed3ng \u0111\u1ec1u v\u00e0 \u0111i\u1ec7n tr\u1edf th\u1ea5p t\u1edbi 15-20u\u03a9.<\/li>\n<li>M\u00e1y c\u1eaft ch\u00e2n kh\u00f4ng d\u1ea1ng m\u00f4-\u0111un l\u00e0 thi\u1ebft k\u1ebf t\u00edch h\u1ee3p ki\u1ec3u F v\u1edbi hi\u1ec7u su\u1ea5t c\u00e1ch \u0111i\u1ec7n tuy\u1ec7t v\u1eddi, \u00edt b\u1ed9 ph\u1eadn, tu\u1ed5i th\u1ecd c\u01a1 h\u1ecdc 30.000 l\u1ea7n v\u00e0 hi\u1ec7u su\u1ea5t tuy\u1ec7t v\u1eddi.<\/li>\n<li>Thi\u1ebft k\u1ebf t\u00edch h\u1ee3p h\u00ecnh ch\u1eef U c\u1ee7a m\u00e1y bi\u1ebfn d\u00f2ng d\u1ea1ng m\u00f4-\u0111un c\u00f3 th\u1ec3 th\u00e1o r\u1eddi c\u00f3 kho\u1ea3ng c\u00e1ch r\u00f2 l\u1edbn v\u00e0 \u0111i\u1ec7n \u00e1p ch\u1ecbu \u0111\u01b0\u1ee3c t\u1ea7n s\u1ed1 ngu\u1ed3n c\u00f3 th\u1ec3 \u0111\u1ea1t t\u1edbi 4,5kV (xu\u1ed1ng \u0111\u1ea5t).<\/li>\n<li>C\u00f4ng t\u1eafc ti\u1ebfp \u0111\u1ecba d\u1ea1ng m\u00f4-\u0111un k\u00e9o ra c\u00f3 c\u1ea5u tr\u00fac \u0111\u01a1n gi\u1ea3n, ti\u1ebft ki\u1ec7m nh\u00e2n c\u00f4ng v\u00e0 l\u1eafp \u0111\u1eb7t thu\u1eadn ti\u1ec7n.<\/li>\n<li>Qu\u1ea3n l\u00fd to\u00e0n b\u1ed9 v\u00f2ng \u0111\u1eddi Qu\u1ea3n l\u00fd to\u00e0n b\u1ed9 v\u00f2ng \u0111\u1eddi, v\u1eadt li\u1ec7u s\u1ea3n ph\u1ea9m c\u00f3 th\u1ec3 t\u00e1i ch\u1ebf, xanh v\u00e0 \u00edt carbon.<\/li>\n<\/ol>\n<p><img decoding=\"async\" class=\"alignnone wp-image-1197 size-full\" src=\"http:\/\/www.xminsulation.com\/wp-content\/uploads\/2024\/05\/\u56fe\u724759.jpg\" alt=\"\" width=\"1000\" height=\"533\" srcset=\"https:\/\/www.xminsulation.com\/wp-content\/uploads\/2024\/05\/\u56fe\u724759.jpg 1000w, https:\/\/www.xminsulation.com\/wp-content\/uploads\/2024\/05\/\u56fe\u724759-300x160.jpg 300w, https:\/\/www.xminsulation.com\/wp-content\/uploads\/2024\/05\/\u56fe\u724759-768x409.jpg 768w, https:\/\/www.xminsulation.com\/wp-content\/uploads\/2024\/05\/\u56fe\u724759-600x320.jpg 600w\" sizes=\"(max-width: 1000px) 100vw, 1000px\" \/><\/p>\n<h2><strong><b>Nguy\u00ean t\u1eafc thi\u1ebft k\u1ebf<\/b><\/strong><\/h2>\n<p>&nbsp;<\/p>\n<h2><strong><b>Nh\u00e2n b\u1ea3n <\/b><\/strong><strong><b>D<\/b><\/strong><strong><b>thi\u1ebft k\u1ebf \u0111i\u1ec7n t\u1eed<\/b><\/strong><\/h2>\n<ol>\n<li>Kh\u00f3a c\u1eeda m\u1edf xoay gi\u00fap m\u1edf c\u1eeda d\u1ec5 d\u00e0ng v\u00e0 kh\u00f3a ch\u1eafc ch\u1eafn.<\/li>\n<li>Thi\u1ebft k\u1ebf kh\u00f3a c\u1eeda b\u1eb1ng tay c\u1ea7m ti\u1ec7n l\u1ee3i h\u01a1n, \u0111\u1eb9p h\u01a1n v\u00e0 an to\u00e0n h\u01a1n.<\/li>\n<li>T\u1ea5t c\u1ea3 c\u00e1c th\u00e0nh ph\u1ea7n c\u1ee7a b\u1ea3ng \u0111i\u1ec1u khi\u1ec3n \u0111\u1ec1u \u0111\u01b0\u1ee3c s\u1eafp x\u1ebfp theo nguy\u00ean t\u1eafc c\u00f4ng th\u00e1i h\u1ecdc v\u00e0 m\u1ecdi h\u01b0\u1edbng d\u1eabn v\u1eadn h\u00e0nh \u0111\u1ec1u c\u00f3 l\u1eddi nh\u1eafc d\u1ec5 hi\u1ec3u.<\/li>\n<li>T\u1ee7 \u0111i\u1ec7n \u00e1p d\u1ee5ng nguy\u00ean l\u00fd th\u00f4ng gi\u00f3 t\u1ef1 nhi\u00ean, k\u00edch th\u01b0\u1edbc v\u00e0 chi\u1ec1u cao c\u1ee7a l\u1ed7 th\u00f4ng gi\u00f3 v\u00e0o v\u00e0 ra \u0111\u01b0\u1ee3c thi\u1ebft k\u1ebf c\u1ea9n th\u1eadn \u0111\u1ec3 \u0111\u1ea3m b\u1ea3o nhi\u1ec7t \u0111\u1ed9 t\u0103ng b\u00ean trong t\u1ee7 \u0111i\u1ec7n n\u1eb1m trong ph\u1ea1m vi c\u00f3 th\u1ec3 ki\u1ec3m so\u00e1t \u0111\u01b0\u1ee3c.<\/li>\n<li>M\u1edf c\u1eeda sau c\u1ee7a t\u1ee7 c\u00f4ng t\u1eafc v\u00e0 c\u00f3 th\u1ec3 l\u1eafp \u0111\u1eb7t c\u00e1p.<\/li>\n<li>C\u00f3 th\u1ec3 s\u1eed d\u1ee5ng \u0111\u1ea7u c\u00e1p th\u00f4ng th\u01b0\u1eddng, th\u00edch h\u1ee3p \u0111\u1ec3 k\u1ebft n\u1ed1i nhi\u1ec1u lo\u1ea1i c\u00e1p c\u00f3 th\u00f4ng s\u1ed1 k\u1ef9 thu\u1eadt ph\u1ed5 bi\u1ebfn kh\u00e1c nhau.<\/li>\n<li>B\u1ea3ng \u0111i\u1ec1u khi\u1ec3n thi\u1ebft l\u1eadp m\u00f4 ph\u1ecfng \u0111\u1ed9ng m\u1ea1ch ch\u00ednh v\u00e0 tr\u1ef1c quan h\u00f3a tr\u1ea1ng th\u00e1i v\u1ecb tr\u00ed c\u1ee7a nhi\u1ec1u th\u00e0nh ph\u1ea7n kh\u00e1c nhau.<\/li>\n<li>Qu\u00e1 tr\u00ecnh l\u1eafp \u0111\u1eb7t v\u00e0 l\u1eafp r\u00e1p t\u1ee7 t\u1ea1i ch\u1ed7 r\u1ea5t \u0111\u01a1n gi\u1ea3n v\u00e0 kh\u00f4ng c\u1ea7n d\u1ee5ng c\u1ee5 chuy\u00ean d\u1ee5ng. H\u1ec7 th\u1ed1ng c\u00f3 th\u1ec3 m\u1edf r\u1ed9ng \u1edf c\u1ea3 hai b\u00ean v\u00e0 c\u0169ng c\u00f3 th\u1ec3 m\u1edf r\u1ed9ng v\u00e0 gh\u00e9p n\u1ed1i v\u1edbi d\u00f2ng t\u1ee7 KYN28.<\/li>\n<li>Qu\u1ea3n l\u00fd v\u00f2ng \u0111\u1eddi tr\u1ecdn v\u1eb9n, kh\u00f4ng ph\u00e1t th\u1ea3i, kh\u00f4ng \u00f4 nhi\u1ec5m, xanh v\u00e0 th\u00e2n thi\u1ec7n v\u1edbi m\u00f4i tr\u01b0\u1eddng, v\u1edbi tu\u1ed5i th\u1ecd l\u00ean t\u1edbi 25 n\u0103m.<\/li>\n<\/ol>\n<h2><strong><b>Th\u00f4ng minh <\/b><\/strong><strong><b>D<\/b><\/strong><strong><b>thi\u1ebft k\u1ebf \u0111i\u1ec7n t\u1eed<\/b><\/strong><\/h2>\n<p>H\u1ec7 th\u1ed1ng \u0111i\u1ec1u khi\u1ec3n th\u00f4ng minh c\u1ee7a t\u1ee7 \u0111\u00f3ng c\u1eaft b\u1ecdc kim lo\u1ea1i KYN550-12 c\u00f3 th\u1ec3 ph\u00e1t hi\u1ec7n tr\u1ef1c tuy\u1ebfn v\u00e0 ch\u1ea9n \u0111o\u00e1n l\u1ed7i thi\u1ebft b\u1ecb bao g\u1ed3m c\u1ea3 m\u00e1y c\u1eaft m\u1ea1ch v\u00e0 ti\u1ebfp \u0111i\u1ec3m.<\/p>\n<p>N\u00f3 c\u0169ng c\u00f3 th\u1ec3 cung c\u1ea5p b\u00e1o \u0111\u1ed9ng l\u1ed7i v\u00e0 t\u1ef1 \u0111\u1ed9ng b\u1eadt v\u00e0 t\u1eaft c\u00e1c thi\u1ebft b\u1ecb ph\u1ee5 tr\u1ee3 nh\u01b0 qu\u1ea1t v\u00e0 m\u00e1y s\u01b0\u1edfi. N\u00f3 c\u0169ng c\u00f3 ch\u1ee9c n\u0103ng giao ti\u1ebfp t\u1eeb xa b\u1eb1ng m\u00e1y vi t\u00ednh, c\u00f3 th\u1ec3 th\u1ef1c hi\u1ec7n t\u1eeb xa vi\u1ec7c \u0111\u00f3ng m\u1edf c\u1ea7u dao \u0111i\u1ec7n cao th\u1ebf, chuy\u1ec3n \u0111\u1ed5i gi\u1eefa v\u1ecb tr\u00ed l\u00e0m vi\u1ec7c v\u00e0 v\u1ecb tr\u00ed th\u1eed nghi\u1ec7m, thao t\u00e1c \u0111\u00f3ng m\u1edf c\u00f4ng t\u1eafc n\u1ed1i \u0111\u1ea5t, v.v. N\u00f3 c\u00f3 \u0111i\u1ec1u khi\u1ec3n c\u1ea3m \u1ee9ng th\u00f4ng minh, hi\u1ec3n th\u1ecb d\u1eef li\u1ec7u tr\u1ef1c tuy\u1ebfn theo th\u1eddi gian th\u1ef1c v\u00e0 c\u1ea3nh b\u00e1o r\u1ee7i ro.<\/p>\n<p><img decoding=\"async\" class=\"alignnone wp-image-1198 size-full\" src=\"http:\/\/www.xminsulation.com\/wp-content\/uploads\/2024\/05\/\u56fe\u724760.jpg\" alt=\"\" width=\"1000\" height=\"1000\" srcset=\"https:\/\/www.xminsulation.com\/wp-content\/uploads\/2024\/05\/\u56fe\u724760.jpg 1000w, https:\/\/www.xminsulation.com\/wp-content\/uploads\/2024\/05\/\u56fe\u724760-300x300.jpg 300w, https:\/\/www.xminsulation.com\/wp-content\/uploads\/2024\/05\/\u56fe\u724760-150x150.jpg 150w, https:\/\/www.xminsulation.com\/wp-content\/uploads\/2024\/05\/\u56fe\u724760-768x768.jpg 768w, https:\/\/www.xminsulation.com\/wp-content\/uploads\/2024\/05\/\u56fe\u724760-600x600.jpg 600w, https:\/\/www.xminsulation.com\/wp-content\/uploads\/2024\/05\/\u56fe\u724760-100x100.jpg 100w\" sizes=\"(max-width: 1000px) 100vw, 1000px\" \/><\/p>\n<h2><strong><b>S\u1ef1 an to\u00e0n <\/b><\/strong><strong><b>P<\/b><\/strong><strong><b>hi\u1ec7u su\u1ea5t <\/b><\/strong><strong><b>D<\/b><\/strong><strong><b>thi\u1ebft k\u1ebf \u0111i\u1ec7n t\u1eed<\/b><\/strong><\/h2>\n<ol>\n<li>V\u1ecf kim lo\u1ea1i v\u00e0 c\u1ea5u tr\u00fac ho\u00e0n to\u00e0n k\u00edn c\u00f3 th\u1ec3 ng\u0103n ch\u1eb7n b\u1ee5i b\u1ea9n v\u00e0 \u0111\u1ed9ng v\u1eadt nh\u1ecf x\u00e2m nh\u1eadp.<\/li>\n<li>T\u1ee7 s\u1eed d\u1ee5ng c\u00f4ng ngh\u1ec7 \u0111inh t\u00e1n c\u01b0\u1eddng \u0111\u1ed9 cao v\u00e0 c\u00e1c b\u1ed9 ph\u1eadn ti\u00eau chu\u1ea9n c\u01b0\u1eddng \u0111\u1ed9 cao \u0111\u01b0\u1ee3c s\u1eed d\u1ee5ng trong qu\u00e1 tr\u00ecnh l\u1eafp \u0111\u1eb7t t\u1eebng th\u00e0nh ph\u1ea7n \u0111\u1ec1u l\u00e0 \u0111\u1ea7u b\u00e1n nguy\u1ec7t 10,9 c\u1ea5p \u0111\u1ec3 tr\u00e1nh r\u00f2 r\u1ec9 \u1edf \u0111\u1ea7u.<\/li>\n<li>S\u1eed d\u1ee5ng c\u1ea5u tr\u00fac c\u00e1ch \u0111i\u1ec7n composite, c\u00f3 kh\u1ea3 n\u0103ng ch\u1ecbu nhi\u1ec7t, c\u00e1ch \u0111i\u1ec7n v\u00e0 ch\u1ed1ng \u0103n m\u00f2n t\u1ed1t h\u01a1n. Ngu\u1ed3n \u0111i\u1ec7n li\u00ean t\u1ee5c \u0111\u00e1ng tin c\u1eady v\u00e0 \u0111\u1ea3m b\u1ea3o ho\u1ea1t \u0111\u1ed9ng c\u1ee7a thi\u1ebft b\u1ecb.<\/li>\n<li>Ho\u1ea1t \u0111\u1ed9ng \u0111\u00f3ng c\u1eeda b\u1eaft bu\u1ed9c \u0111\u1ec3 \u0111\u1ea3m b\u1ea3o an to\u00e0n c\u00e1 nh\u00e2n cho ng\u01b0\u1eddi v\u1eadn h\u00e0nh.<\/li>\n<li>Thi\u1ebft b\u1ecb li\u00ean \u0111\u1ed9ng \u0111\u00e1ng tin c\u1eady v\u00e0 to\u00e0n di\u1ec7n gi\u00fap ng\u0103n ng\u1eeba hi\u1ec7u qu\u1ea3 t\u00ecnh tr\u1ea1ng ho\u1ea1t \u0111\u1ed9ng sai.<\/li>\n<li>C\u00f4ng t\u1eafc n\u1ed1i \u0111\u1ea5t \u0111\u00f3ng nhanh \u0111\u01b0\u1ee3c s\u1eed d\u1ee5ng \u0111\u1ec3 n\u1ed1i \u0111\u1ea5t \u1edf ph\u00eda c\u00e1p nh\u1eb1m t\u1ea1o \u0111i\u1ec1u ki\u1ec7n thu\u1eadn l\u1ee3i cho vi\u1ec7c b\u1ea3o tr\u00ec v\u00e0 ki\u1ec3m tra.<\/li>\n<li>K\u00edch th\u01b0\u1edbc nh\u1ecf v\u00e0 tr\u1ecdng l\u01b0\u1ee3ng nh\u1eb9. Tr\u1ecdng l\u01b0\u1ee3ng \u01b0\u1edbc t\u00ednh c\u1ee7a t\u1ee7: KYN28\/458Kg&gt;KYN550\/420Kg, tr\u1ecdng l\u01b0\u1ee3ng c\u1ee7a m\u00e1y c\u1eaft: KYN28\/135Kg&gt;KYN550\/95Kg.<\/li>\n<li>Kho\u1ea3ng c\u00e1ch r\u00f2 r\u1ec9 l\u1edbn h\u01a1n v\u00e0 hi\u1ec7u su\u1ea5t an to\u00e0n t\u1ed1t h\u01a1n. Kho\u1ea3ng c\u00e1ch r\u00f2 r\u1ec9: KYN28\/180mm<\/li>\n<li>Tu\u1ed5i th\u1ecd d\u00e0i v\u00e0 hi\u1ec7u su\u1ea5t t\u1ed1t h\u01a1n. \u0110i\u1ec7n tr\u1edf m\u1ea1ch c\u1ee7a to\u00e0n b\u1ed9 t\u1ee7: KYN28\/\u2264150u\u03a9&gt;KYN550\/\u226495u\u03a9, tu\u1ed5i th\u1ecd c\u1ee7a thi\u1ebft b\u1ecb: KYN28\/20 n\u0103m<\/li>\n<li>M\u00f4i tr\u01b0\u1eddng \u00e1p d\u1ee5ng r\u1ed9ng r\u00e3i. M\u00f4i tr\u01b0\u1eddng nhi\u1ec7t \u0111\u1ed9 th\u1ea5p: KYN28\/-15\u2103<\/li>\n<\/ol>\n<p><img loading=\"lazy\" decoding=\"async\" class=\"alignnone wp-image-1199 size-full\" src=\"http:\/\/www.xminsulation.com\/wp-content\/uploads\/2024\/05\/\u56fe\u724761.jpg\" alt=\"\" width=\"1000\" height=\"1000\" srcset=\"https:\/\/www.xminsulation.com\/wp-content\/uploads\/2024\/05\/\u56fe\u724761.jpg 1000w, https:\/\/www.xminsulation.com\/wp-content\/uploads\/2024\/05\/\u56fe\u724761-300x300.jpg 300w, https:\/\/www.xminsulation.com\/wp-content\/uploads\/2024\/05\/\u56fe\u724761-150x150.jpg 150w, https:\/\/www.xminsulation.com\/wp-content\/uploads\/2024\/05\/\u56fe\u724761-768x768.jpg 768w, https:\/\/www.xminsulation.com\/wp-content\/uploads\/2024\/05\/\u56fe\u724761-600x600.jpg 600w, https:\/\/www.xminsulation.com\/wp-content\/uploads\/2024\/05\/\u56fe\u724761-100x100.jpg 100w\" sizes=\"(max-width: 1000px) 100vw, 1000px\" \/> <img loading=\"lazy\" decoding=\"async\" class=\"alignnone wp-image-1200 size-full\" src=\"http:\/\/www.xminsulation.com\/wp-content\/uploads\/2024\/05\/\u56fe\u724762.png\" alt=\"\" width=\"1000\" height=\"545\" srcset=\"https:\/\/www.xminsulation.com\/wp-content\/uploads\/2024\/05\/\u56fe\u724762.png 1000w, https:\/\/www.xminsulation.com\/wp-content\/uploads\/2024\/05\/\u56fe\u724762-300x164.png 300w, https:\/\/www.xminsulation.com\/wp-content\/uploads\/2024\/05\/\u56fe\u724762-768x419.png 768w, https:\/\/www.xminsulation.com\/wp-content\/uploads\/2024\/05\/\u56fe\u724762-600x327.png 600w\" sizes=\"(max-width: 1000px) 100vw, 1000px\" \/><\/p>\n<h2><strong><b>S\u1eed d\u1ee5ng <\/b><\/strong><strong><b>C<\/b><\/strong><strong><b>t\u00f9y \u00fd <\/b><\/strong><strong><b>E<\/b><\/strong><strong><b>m\u00f4i tr\u01b0\u1eddng<\/b><\/strong><\/h2>\n<ol>\n<li>Nhi\u1ec7t \u0111\u1ed9 kh\u00f4ng kh\u00ed: nhi\u1ec7t \u0111\u1ed9 t\u1ed1i thi\u1ec3u -15\u2103, nhi\u1ec7t \u0111\u1ed9 t\u1ed1i \u0111a +40\u2103, nhi\u1ec7t \u0111\u1ed9 trung b\u00ecnh 24 gi\u1edd +35\u2103.<\/li>\n<li>\u0110\u1ed9 cao: 2000m.<\/li>\n<li>\u0110\u1ed9 \u1ea9m (\u0111\u1ed9 \u1ea9m t\u01b0\u01a1ng \u0111\u1ed1i), trung b\u00ecnh ng\u00e0y \u226495%, trung b\u00ecnh th\u00e1ng \u226490%.<\/li>\n<\/ol>\n<h2><strong><b>C\u00e0i \u0111\u1eb7t v\u00e0 <\/b><\/strong><strong><b>C<\/b><\/strong><strong><b>thi\u1ebfu s\u00f3t<\/b><\/strong><\/h2>\n<p>Thi c\u00f4ng m\u00f3ng l\u1eafp \u0111\u1eb7t t\u1ee7 \u0111i\u1ec7n ph\u1ea3i tu\u00e2n th\u1ee7 c\u00e1c quy \u0111\u1ecbnh c\u00f3 li\u00ean quan c\u1ee7a \u201cTi\u00eau chu\u1ea9n k\u1ef9 thu\u1eadt v\u1ec1 thi c\u00f4ng v\u00e0 nghi\u1ec7m thu \u0111i\u1ec7n\u201d. M\u00f3ng l\u1eafp \u0111\u1eb7t t\u1ee7 \u0111i\u1ec7n th\u01b0\u1eddng y\u00eau c\u1ea7u \u0111\u1ed5 b\u00ea t\u00f4ng th\u1ee9 c\u1ea5p. L\u1ea7n \u0111\u1ea7u ti\u00ean l\u00e0 c\u01a1 s\u1edf l\u1eafp \u0111\u1eb7t c\u00e1c th\u00e0nh ph\u1ea7n l\u1eafp \u0111\u1eb7t t\u1ee7 \u0111i\u1ec7n, t\u1ee9c l\u00e0 c\u00e1c th\u00e0nh ph\u1ea7n th\u00e9p g\u00f3c, th\u00e9p vu\u00f4ng ho\u1eb7c th\u00e9p k\u00eanh. Khi \u0111\u1ed5 b\u00ea t\u00f4ng l\u1ea7n th\u1ee9 hai, l\u1edbp b\u1ed5 sung tr\u00ean m\u1eb7t \u0111\u1ea5t th\u01b0\u1eddng d\u00e0y 60mm. Khi \u0111\u1ed5 l\u1edbp b\u00ea t\u00f4ng b\u1ed5 sung, chi\u1ec1u cao c\u1ee7a b\u00ea t\u00f4ng ph\u1ea3i th\u1ea5p h\u01a1n m\u1eb7t ph\u1eb3ng th\u00e0nh ph\u1ea7n t\u1eeb 1~3mm. Trong qu\u00e1 tr\u00ecnh thi c\u00f4ng d\u00e2n d\u1ee5ng, cao \u0111\u1ed9 m\u00f3ng t\u1ee7 \u0111i\u1ec7n ph\u1ea3i c\u00e2n nh\u1eafc \u0111\u1ebfn vi\u1ec7c gi\u1eef l\u1ea1i chi\u1ec1u cao c\u1ee7a th\u00e9p k\u00eanh c\u1ee7a t\u1ee7 \u0111i\u1ec7n, v\u1edbi m\u1ed9t bi\u00ean \u0111\u1ed9 nh\u1ecf v\u00e0 nh\u00fang tr\u01b0\u1edbc c\u00e1c t\u1ea5m th\u00e9p v\u00e0o t\u1ee7 \u0111i\u1ec7n theo kho\u1ea3ng c\u00e1ch t\u1eeb 1 \u0111\u1ebfn 1,5 m\u00e9t theo h\u01b0\u1edbng d\u1ecdc c\u1ee7a khung.<\/p>\n<p>Khi l\u1eafp \u0111\u1eb7t k\u1ebft c\u1ea5u c\u01a1 b\u1ea3n, ph\u1ea3i \u0111\u1ea3m b\u1ea3o ch\u1ea5t l\u01b0\u1ee3ng l\u1eafp \u0111\u1eb7t. Ti\u00eau chu\u1ea9n k\u1ef9 thu\u1eadt l\u1eafp \u0111\u1eb7t k\u1ebft c\u1ea5u l\u00e0 dung sai 1mm tr\u00ean m\u1ed9t m\u00e9t vu\u00f4ng. Khung c\u01a1 b\u1ea3n \u0111\u01b0\u1ee3c c\u1ea5u th\u00e0nh t\u1eeb th\u00e9p k\u00eanh h\u00e0n v\u00e0 th\u00e9p g\u00f3c. Y\u00eau c\u1ea7u v\u1ec1 k\u00edch th\u01b0\u1edbc c\u01a1 b\u1ea3n c\u1ee7a khung v\u00e0 b\u1ed1 tr\u00ed k\u00eanh c\u00e1p \u0111\u01b0\u1ee3c th\u1ec3 hi\u1ec7n trong b\u1ea3n v\u1ebd \u0111\u00ednh k\u00e8m. Kho\u1ea3ng c\u00e1ch k\u00e9o d\u00e0i c\u1ee7a th\u00e9p k\u00eanh c\u1ee7a khung c\u01a1 b\u1ea3n ph\u1ea3i ph\u00f9 h\u1ee3p v\u1edbi k\u00edch th\u01b0\u1edbc c\u1ee7a khung th\u00e2n t\u1ee7 chuy\u1ec3n m\u1ea1ch. Khi c\u00e1c t\u1ee7 \u0111\u01b0\u1ee3c s\u1eafp x\u1ebfp th\u00e0nh m\u1ed9t h\u00e0ng, h\u00e0nh lang ph\u00eda tr\u01b0\u1edbc t\u1ee7 t\u1ed1t nh\u1ea5t l\u00e0 2,5 m\u00e9t; khi c\u00e1c t\u1ee7 \u0111\u01b0\u1ee3c s\u1eafp x\u1ebfp th\u00e0nh hai h\u00e0ng, h\u00e0nh lang v\u1eadn h\u00e0nh gi\u1eefa c\u00e1c t\u1ee7 t\u1ed1t nh\u1ea5t l\u00e0 3 m\u00e9t.<\/p>\n<p>Trong qu\u00e1 tr\u00ecnh v\u1eadn chuy\u1ec3n t\u1ee7 c\u00f4ng t\u1eafc, ph\u1ea3i s\u1eed d\u1ee5ng ph\u01b0\u01a1ng ti\u1ec7n v\u1eadn chuy\u1ec3n c\u1ee5 th\u1ec3 nh\u01b0 c\u1ea7n c\u1ea9u ho\u1eb7c xe n\u00e2ng. Nghi\u00eam c\u1ea5m s\u1eed d\u1ee5ng x\u00e0 beng l\u0103n, nghi\u00eam c\u1ea5m \u0111\u1ea9y xe \u0111\u1ea9y tay c\u1ea7u dao v\u00e0o t\u1ee7 v\u00e0 v\u1eadn chuy\u1ec3n c\u00f9ng nhau. Xe \u0111\u1ea9y tay c\u1ea7u dao (v\u00e0 c\u00e1c xe \u0111\u1ea9y tay kh\u00e1c) ch\u1ec9 c\u00f3 th\u1ec3 \u0111\u01b0\u1ee3c \u0111\u1ea9y v\u00e0o ph\u00f2ng nh\u1ecf t\u01b0\u01a1ng \u1ee9ng sau khi t\u1ee7 \u0111\u01b0\u1ee3c l\u1eafp \u0111\u1eb7t.<\/p>\n<p><img loading=\"lazy\" decoding=\"async\" class=\"alignnone wp-image-1201 size-full\" src=\"http:\/\/www.xminsulation.com\/wp-content\/uploads\/2024\/05\/\u56fe\u724763-1.png\" alt=\"\" width=\"640\" height=\"825\" srcset=\"https:\/\/www.xminsulation.com\/wp-content\/uploads\/2024\/05\/\u56fe\u724763-1.png 640w, https:\/\/www.xminsulation.com\/wp-content\/uploads\/2024\/05\/\u56fe\u724763-1-233x300.png 233w, https:\/\/www.xminsulation.com\/wp-content\/uploads\/2024\/05\/\u56fe\u724763-1-600x773.png 600w\" sizes=\"(max-width: 640px) 100vw, 640px\" \/><\/p>\n<h2><strong><b>B\u1ea3n v\u1ebd m\u00f3ng c\u00f4ng tr\u00ecnh<\/b><\/strong><\/h2>\n<p><img loading=\"lazy\" decoding=\"async\" class=\"alignnone wp-image-1202 size-full\" src=\"http:\/\/www.xminsulation.com\/wp-content\/uploads\/2024\/05\/\u56fe\u724764-1.png\" alt=\"\" width=\"1000\" height=\"833\" srcset=\"https:\/\/www.xminsulation.com\/wp-content\/uploads\/2024\/05\/\u56fe\u724764-1.png 1000w, https:\/\/www.xminsulation.com\/wp-content\/uploads\/2024\/05\/\u56fe\u724764-1-300x250.png 300w, https:\/\/www.xminsulation.com\/wp-content\/uploads\/2024\/05\/\u56fe\u724764-1-768x640.png 768w, https:\/\/www.xminsulation.com\/wp-content\/uploads\/2024\/05\/\u56fe\u724764-1-600x500.png 600w\" sizes=\"(max-width: 1000px) 100vw, 1000px\" \/> <img loading=\"lazy\" decoding=\"async\" class=\"alignnone wp-image-1203 size-full\" src=\"http:\/\/www.xminsulation.com\/wp-content\/uploads\/2024\/05\/\u56fe\u724765-1.png\" alt=\"\" width=\"1000\" height=\"550\" srcset=\"https:\/\/www.xminsulation.com\/wp-content\/uploads\/2024\/05\/\u56fe\u724765-1.png 1000w, https:\/\/www.xminsulation.com\/wp-content\/uploads\/2024\/05\/\u56fe\u724765-1-300x165.png 300w, https:\/\/www.xminsulation.com\/wp-content\/uploads\/2024\/05\/\u56fe\u724765-1-768x422.png 768w, https:\/\/www.xminsulation.com\/wp-content\/uploads\/2024\/05\/\u56fe\u724765-1-600x330.png 600w\" sizes=\"(max-width: 1000px) 100vw, 1000px\" \/><\/p>\n<p>&nbsp;<\/p>\n<p>&nbsp;<\/p>\n<div class=\"wxts\">\n<h2>\u25c6T\u00f9y ch\u1ec9nh \u0111\u1eb7c bi\u1ec7t<\/h2>\n<p>C\u00e1c th\u00f4ng s\u1ed1 tr\u00ean l\u00e0 d\u1eef li\u1ec7u ti\u00eau bi\u1ec3u; n\u1ebfu c\u00e1c ki\u1ec3u d\u00e1ng hi\u1ec7n c\u00f3 kh\u00f4ng \u0111\u00e1p \u1ee9ng \u0111\u01b0\u1ee3c nhu c\u1ea7u c\u1ee5 th\u1ec3 c\u1ee7a b\u1ea1n, vui l\u00f2ng li\u00ean h\u1ec7 v\u1edbi ch\u00fang t\u00f4i \u0111\u1ec3 \u0111\u01b0\u1ee3c thi\u1ebft k\u1ebf ri\u00eang. Ch\u00fang t\u00f4i c\u00f3 k\u1ef9 n\u0103ng s\u1ea3n xu\u1ea5t v\u00e0 ph\u00e1t tri\u1ec3n t\u00f9y ch\u1ec9nh c\u00e1 nh\u00e2n h\u00f3a \u0111\u00e1ng k\u1ec3, cho ph\u00e9p ch\u00fang t\u00f4i cung c\u1ea5p c\u00e1c gi\u1ea3i ph\u00e1p ph\u00f9 h\u1ee3p cho kh\u00e1ch h\u00e0ng tr\u00ean to\u00e0n th\u1ebf gi\u1edbi.<\/p>\n<\/div>\n<p>&nbsp;<\/p>","protected":false},"excerpt":{"rendered":"<p>Main Highlights The circular main busbar has many advantages such as high mechanical strength, uniform electric field distribution, and resistance as low as 15-20u\u03a9. The modular vacuum circuit breaker is an integrated F-type design with excellent insulation performance, few parts, a mechanical life of 30,000 times, and excellent performance. The U-shaped integrated design of the [&hellip;]<\/p>","protected":false},"featured_media":1195,"template":"","meta":{"site-sidebar-layout":"default","site-content-layout":"","ast-site-content-layout":"default","site-content-style":"default","site-sidebar-style":"default","ast-global-header-display":"","ast-banner-title-visibility":"","ast-main-header-display":"","ast-hfb-above-header-display":"","ast-hfb-below-header-display":"","ast-hfb-mobile-header-display":"","site-post-title":"","ast-breadcrumbs-content":"","ast-featured-img":"","footer-sml-layout":"","theme-transparent-header-meta":"default","adv-header-id-meta":"","stick-header-meta":"","header-above-stick-meta":"","header-main-stick-meta":"","header-below-stick-meta":"","astra-migrate-meta-layouts":"set","ast-page-background-enabled":"default","ast-page-background-meta":{"desktop":{"background-color":"","background-image":"","background-repeat":"repeat","background-position":"center center","background-size":"auto","background-attachment":"scroll","background-type":"","background-media":"","overlay-type":"","overlay-color":"","overlay-gradient":""},"tablet":{"background-color":"","background-image":"","background-repeat":"repeat","background-position":"center center","background-size":"auto","background-attachment":"scroll","background-type":"","background-media":"","overlay-type":"","overlay-color":"","overlay-gradient":""},"mobile":{"background-color":"","background-image":"","background-repeat":"repeat","background-position":"center center","background-size":"auto","background-attachment":"scroll","background-type":"","background-media":"","overlay-type":"","overlay-color":"","overlay-gradient":""}},"ast-content-background-meta":{"desktop":{"background-color":"var(--ast-global-color-5)","background-image":"","background-repeat":"repeat","background-position":"center center","background-size":"auto","background-attachment":"scroll","background-type":"","background-media":"","overlay-type":"","overlay-color":"","overlay-gradient":""},"tablet":{"background-color":"var(--ast-global-color-5)","background-image":"","background-repeat":"repeat","background-position":"center center","background-size":"auto","background-attachment":"scroll","background-type":"","background-media":"","overlay-type":"","overlay-color":"","overlay-gradient":""},"mobile":{"background-color":"var(--ast-global-color-5)","background-image":"","background-repeat":"repeat","background-position":"center center","background-size":"auto","background-attachment":"scroll","background-type":"","background-media":"","overlay-type":"","overlay-color":"","overlay-gradient":""}}},"product_cat":[36],"product_tag":[],"class_list":{"0":"post-1194","1":"product","2":"type-product","3":"status-publish","4":"has-post-thumbnail","6":"product_cat-metal-clad-withdrawable-switchgear","7":"desktop-align-left","8":"tablet-align-left","9":"mobile-align-left","11":"first","12":"instock","13":"shipping-taxable","14":"product-type-simple"},"_links":{"self":[{"href":"https:\/\/www.xminsulation.com\/vi\/wp-json\/wp\/v2\/product\/1194","targetHints":{"allow":["GET"]}}],"collection":[{"href":"https:\/\/www.xminsulation.com\/vi\/wp-json\/wp\/v2\/product"}],"about":[{"href":"https:\/\/www.xminsulation.com\/vi\/wp-json\/wp\/v2\/types\/product"}],"wp:featuredmedia":[{"embeddable":true,"href":"https:\/\/www.xminsulation.com\/vi\/wp-json\/wp\/v2\/media\/1195"}],"wp:attachment":[{"href":"https:\/\/www.xminsulation.com\/vi\/wp-json\/wp\/v2\/media?parent=1194"}],"wp:term":[{"taxonomy":"product_cat","embeddable":true,"href":"https:\/\/www.xminsulation.com\/vi\/wp-json\/wp\/v2\/product_cat?post=1194"},{"taxonomy":"product_tag","embeddable":true,"href":"https:\/\/www.xminsulation.com\/vi\/wp-json\/wp\/v2\/product_tag?post=1194"}],"curies":[{"name":"wp","href":"https:\/\/api.w.org\/{rel}","templated":true}]}}