{"id":1095,"date":"2024-05-06T12:19:08","date_gmt":"2024-05-06T04:19:08","guid":{"rendered":"http:\/\/www.xminsulation.com\/?post_type=product&#038;p=1095"},"modified":"2024-05-15T16:41:25","modified_gmt":"2024-05-15T08:41:25","slug":"customize-rigid-flexible-busbar-copper-conductor","status":"publish","type":"product","link":"https:\/\/www.xminsulation.com\/vi\/product\/customize-rigid-flexible-busbar-copper-conductor\/","title":{"rendered":"T\u00f9y ch\u1ec9nh thanh d\u1eabn \u0111\u1ed3ng c\u1ee9ng v\u00e0 m\u1ec1m d\u1ebbo"},"content":{"rendered":"<p><img fetchpriority=\"high\" decoding=\"async\" class=\"alignnone wp-image-1096 size-full\" src=\"http:\/\/www.xminsulation.com\/wp-content\/uploads\/2024\/05\/\u82f1\u6587-sent-\u94dc\u4ef6112.jpg\" alt=\"\" width=\"642\" height=\"533\" srcset=\"https:\/\/www.xminsulation.com\/wp-content\/uploads\/2024\/05\/\u82f1\u6587-sent-\u94dc\u4ef6112.jpg 642w, https:\/\/www.xminsulation.com\/wp-content\/uploads\/2024\/05\/\u82f1\u6587-sent-\u94dc\u4ef6112-300x249.jpg 300w, https:\/\/www.xminsulation.com\/wp-content\/uploads\/2024\/05\/\u82f1\u6587-sent-\u94dc\u4ef6112-600x498.jpg 600w\" sizes=\"(max-width: 642px) 100vw, 642px\" \/><\/p>\n<p><img decoding=\"async\" class=\"alignnone wp-image-1097 size-full\" src=\"http:\/\/www.xminsulation.com\/wp-content\/uploads\/2024\/05\/\u82f1\u6587-sent-\u94dc\u4ef6113.jpg\" alt=\"\" width=\"643\" height=\"791\" srcset=\"https:\/\/www.xminsulation.com\/wp-content\/uploads\/2024\/05\/\u82f1\u6587-sent-\u94dc\u4ef6113.jpg 643w, https:\/\/www.xminsulation.com\/wp-content\/uploads\/2024\/05\/\u82f1\u6587-sent-\u94dc\u4ef6113-244x300.jpg 244w, https:\/\/www.xminsulation.com\/wp-content\/uploads\/2024\/05\/\u82f1\u6587-sent-\u94dc\u4ef6113-600x738.jpg 600w\" sizes=\"(max-width: 643px) 100vw, 643px\" \/><\/p>\n<p><img decoding=\"async\" class=\"alignnone wp-image-1098 size-full\" src=\"http:\/\/www.xminsulation.com\/wp-content\/uploads\/2024\/05\/\u82f1\u6587-sent-\u94dc\u4ef6114.jpg\" alt=\"\" width=\"641\" height=\"713\" srcset=\"https:\/\/www.xminsulation.com\/wp-content\/uploads\/2024\/05\/\u82f1\u6587-sent-\u94dc\u4ef6114.jpg 641w, https:\/\/www.xminsulation.com\/wp-content\/uploads\/2024\/05\/\u82f1\u6587-sent-\u94dc\u4ef6114-270x300.jpg 270w, https:\/\/www.xminsulation.com\/wp-content\/uploads\/2024\/05\/\u82f1\u6587-sent-\u94dc\u4ef6114-600x667.jpg 600w\" sizes=\"(max-width: 641px) 100vw, 641px\" \/><\/p>\n<p><img loading=\"lazy\" decoding=\"async\" class=\"alignnone wp-image-1099 size-full\" src=\"http:\/\/www.xminsulation.com\/wp-content\/uploads\/2024\/05\/\u82f1\u6587-sent-\u94dc\u4ef6115.jpg\" alt=\"\" width=\"642\" height=\"551\" srcset=\"https:\/\/www.xminsulation.com\/wp-content\/uploads\/2024\/05\/\u82f1\u6587-sent-\u94dc\u4ef6115.jpg 642w, https:\/\/www.xminsulation.com\/wp-content\/uploads\/2024\/05\/\u82f1\u6587-sent-\u94dc\u4ef6115-300x257.jpg 300w, https:\/\/www.xminsulation.com\/wp-content\/uploads\/2024\/05\/\u82f1\u6587-sent-\u94dc\u4ef6115-600x515.jpg 600w\" sizes=\"(max-width: 642px) 100vw, 642px\" \/><\/p>\n<p><img loading=\"lazy\" decoding=\"async\" class=\"alignnone wp-image-1100 size-full\" src=\"http:\/\/www.xminsulation.com\/wp-content\/uploads\/2024\/05\/\u82f1\u6587-sent-\u94dc\u4ef6116.jpg\" alt=\"\" width=\"642\" height=\"489\" srcset=\"https:\/\/www.xminsulation.com\/wp-content\/uploads\/2024\/05\/\u82f1\u6587-sent-\u94dc\u4ef6116.jpg 642w, https:\/\/www.xminsulation.com\/wp-content\/uploads\/2024\/05\/\u82f1\u6587-sent-\u94dc\u4ef6116-300x229.jpg 300w, https:\/\/www.xminsulation.com\/wp-content\/uploads\/2024\/05\/\u82f1\u6587-sent-\u94dc\u4ef6116-600x457.jpg 600w\" sizes=\"(max-width: 642px) 100vw, 642px\" \/><\/p>\n<p><img loading=\"lazy\" decoding=\"async\" class=\"alignnone wp-image-1101 size-full\" src=\"http:\/\/www.xminsulation.com\/wp-content\/uploads\/2024\/05\/\u82f1\u6587-sent-\u94dc\u4ef6117.jpg\" alt=\"\" width=\"639\" height=\"364\" srcset=\"https:\/\/www.xminsulation.com\/wp-content\/uploads\/2024\/05\/\u82f1\u6587-sent-\u94dc\u4ef6117.jpg 639w, https:\/\/www.xminsulation.com\/wp-content\/uploads\/2024\/05\/\u82f1\u6587-sent-\u94dc\u4ef6117-300x171.jpg 300w, https:\/\/www.xminsulation.com\/wp-content\/uploads\/2024\/05\/\u82f1\u6587-sent-\u94dc\u4ef6117-600x342.jpg 600w\" sizes=\"(max-width: 639px) 100vw, 639px\" \/><\/p>\n<p><img loading=\"lazy\" decoding=\"async\" class=\"alignnone wp-image-1102 size-full\" src=\"http:\/\/www.xminsulation.com\/wp-content\/uploads\/2024\/05\/\u82f1\u6587-sent-\u94dc\u4ef6118.jpg\" alt=\"\" width=\"642\" height=\"591\" srcset=\"https:\/\/www.xminsulation.com\/wp-content\/uploads\/2024\/05\/\u82f1\u6587-sent-\u94dc\u4ef6118.jpg 642w, https:\/\/www.xminsulation.com\/wp-content\/uploads\/2024\/05\/\u82f1\u6587-sent-\u94dc\u4ef6118-300x276.jpg 300w, https:\/\/www.xminsulation.com\/wp-content\/uploads\/2024\/05\/\u82f1\u6587-sent-\u94dc\u4ef6118-600x552.jpg 600w\" sizes=\"(max-width: 642px) 100vw, 642px\" \/><\/p>\n<p><img loading=\"lazy\" decoding=\"async\" class=\"alignnone wp-image-1103 size-full\" src=\"http:\/\/www.xminsulation.com\/wp-content\/uploads\/2024\/05\/\u82f1\u6587-sent-\u94dc\u4ef6119.jpg\" alt=\"\" width=\"643\" height=\"617\" srcset=\"https:\/\/www.xminsulation.com\/wp-content\/uploads\/2024\/05\/\u82f1\u6587-sent-\u94dc\u4ef6119.jpg 643w, https:\/\/www.xminsulation.com\/wp-content\/uploads\/2024\/05\/\u82f1\u6587-sent-\u94dc\u4ef6119-300x288.jpg 300w, https:\/\/www.xminsulation.com\/wp-content\/uploads\/2024\/05\/\u82f1\u6587-sent-\u94dc\u4ef6119-600x576.jpg 600w\" sizes=\"(max-width: 643px) 100vw, 643px\" \/><\/p>\n<p><img loading=\"lazy\" decoding=\"async\" class=\"alignnone wp-image-1104 size-full\" src=\"http:\/\/www.xminsulation.com\/wp-content\/uploads\/2024\/05\/\u82f1\u6587-sent-\u94dc\u4ef6120.jpg\" alt=\"\" width=\"641\" height=\"610\" srcset=\"https:\/\/www.xminsulation.com\/wp-content\/uploads\/2024\/05\/\u82f1\u6587-sent-\u94dc\u4ef6120.jpg 641w, https:\/\/www.xminsulation.com\/wp-content\/uploads\/2024\/05\/\u82f1\u6587-sent-\u94dc\u4ef6120-300x285.jpg 300w, https:\/\/www.xminsulation.com\/wp-content\/uploads\/2024\/05\/\u82f1\u6587-sent-\u94dc\u4ef6120-600x571.jpg 600w\" sizes=\"(max-width: 641px) 100vw, 641px\" \/><\/p>\n<p><img loading=\"lazy\" decoding=\"async\" class=\"alignnone wp-image-1105 size-full\" src=\"http:\/\/www.xminsulation.com\/wp-content\/uploads\/2024\/05\/\u82f1\u6587-sent-\u94dc\u4ef6121.jpg\" alt=\"\" width=\"642\" height=\"717\" srcset=\"https:\/\/www.xminsulation.com\/wp-content\/uploads\/2024\/05\/\u82f1\u6587-sent-\u94dc\u4ef6121.jpg 642w, https:\/\/www.xminsulation.com\/wp-content\/uploads\/2024\/05\/\u82f1\u6587-sent-\u94dc\u4ef6121-269x300.jpg 269w, https:\/\/www.xminsulation.com\/wp-content\/uploads\/2024\/05\/\u82f1\u6587-sent-\u94dc\u4ef6121-600x670.jpg 600w\" sizes=\"(max-width: 642px) 100vw, 642px\" \/><\/p>\n<p><img loading=\"lazy\" decoding=\"async\" class=\"alignnone wp-image-1106 size-full\" src=\"http:\/\/www.xminsulation.com\/wp-content\/uploads\/2024\/05\/\u82f1\u6587-sent-\u94dc\u4ef6122.jpg\" alt=\"\" width=\"643\" height=\"951\" srcset=\"https:\/\/www.xminsulation.com\/wp-content\/uploads\/2024\/05\/\u82f1\u6587-sent-\u94dc\u4ef6122.jpg 643w, https:\/\/www.xminsulation.com\/wp-content\/uploads\/2024\/05\/\u82f1\u6587-sent-\u94dc\u4ef6122-203x300.jpg 203w, https:\/\/www.xminsulation.com\/wp-content\/uploads\/2024\/05\/\u82f1\u6587-sent-\u94dc\u4ef6122-600x887.jpg 600w\" sizes=\"(max-width: 643px) 100vw, 643px\" \/><\/p>\n<p><img loading=\"lazy\" decoding=\"async\" class=\"alignnone wp-image-1107 size-full\" src=\"http:\/\/www.xminsulation.com\/wp-content\/uploads\/2024\/05\/\u82f1\u6587-sent-\u94dc\u4ef6123.jpg\" alt=\"\" width=\"639\" height=\"399\" srcset=\"https:\/\/www.xminsulation.com\/wp-content\/uploads\/2024\/05\/\u82f1\u6587-sent-\u94dc\u4ef6123.jpg 639w, https:\/\/www.xminsulation.com\/wp-content\/uploads\/2024\/05\/\u82f1\u6587-sent-\u94dc\u4ef6123-300x187.jpg 300w, https:\/\/www.xminsulation.com\/wp-content\/uploads\/2024\/05\/\u82f1\u6587-sent-\u94dc\u4ef6123-600x375.jpg 600w\" sizes=\"(max-width: 639px) 100vw, 639px\" \/><\/p>\n<p><img loading=\"lazy\" decoding=\"async\" class=\"alignnone wp-image-1108 size-full\" src=\"http:\/\/www.xminsulation.com\/wp-content\/uploads\/2024\/05\/\u82f1\u6587-sent-\u94dc\u4ef6129.jpg\" alt=\"\" width=\"643\" height=\"643\" srcset=\"https:\/\/www.xminsulation.com\/wp-content\/uploads\/2024\/05\/\u82f1\u6587-sent-\u94dc\u4ef6129.jpg 643w, https:\/\/www.xminsulation.com\/wp-content\/uploads\/2024\/05\/\u82f1\u6587-sent-\u94dc\u4ef6129-300x300.jpg 300w, https:\/\/www.xminsulation.com\/wp-content\/uploads\/2024\/05\/\u82f1\u6587-sent-\u94dc\u4ef6129-150x150.jpg 150w, https:\/\/www.xminsulation.com\/wp-content\/uploads\/2024\/05\/\u82f1\u6587-sent-\u94dc\u4ef6129-600x600.jpg 600w, https:\/\/www.xminsulation.com\/wp-content\/uploads\/2024\/05\/\u82f1\u6587-sent-\u94dc\u4ef6129-100x100.jpg 100w\" sizes=\"(max-width: 643px) 100vw, 643px\" \/><\/p>\n<p><img loading=\"lazy\" decoding=\"async\" class=\"alignnone wp-image-1109 size-full\" src=\"http:\/\/www.xminsulation.com\/wp-content\/uploads\/2024\/05\/\u82f1\u6587-sent-\u94dc\u4ef6131.jpg\" alt=\"\" width=\"643\" height=\"643\" srcset=\"https:\/\/www.xminsulation.com\/wp-content\/uploads\/2024\/05\/\u82f1\u6587-sent-\u94dc\u4ef6131.jpg 643w, https:\/\/www.xminsulation.com\/wp-content\/uploads\/2024\/05\/\u82f1\u6587-sent-\u94dc\u4ef6131-300x300.jpg 300w, https:\/\/www.xminsulation.com\/wp-content\/uploads\/2024\/05\/\u82f1\u6587-sent-\u94dc\u4ef6131-150x150.jpg 150w, https:\/\/www.xminsulation.com\/wp-content\/uploads\/2024\/05\/\u82f1\u6587-sent-\u94dc\u4ef6131-600x600.jpg 600w, https:\/\/www.xminsulation.com\/wp-content\/uploads\/2024\/05\/\u82f1\u6587-sent-\u94dc\u4ef6131-100x100.jpg 100w\" sizes=\"(max-width: 643px) 100vw, 643px\" \/><\/p>\n<p><img loading=\"lazy\" decoding=\"async\" class=\"alignnone wp-image-1110 size-full\" src=\"http:\/\/www.xminsulation.com\/wp-content\/uploads\/2024\/05\/\u82f1\u6587-sent-\u94dc\u4ef6133.jpg\" alt=\"\" width=\"640\" height=\"480\" srcset=\"https:\/\/www.xminsulation.com\/wp-content\/uploads\/2024\/05\/\u82f1\u6587-sent-\u94dc\u4ef6133.jpg 640w, https:\/\/www.xminsulation.com\/wp-content\/uploads\/2024\/05\/\u82f1\u6587-sent-\u94dc\u4ef6133-300x225.jpg 300w, https:\/\/www.xminsulation.com\/wp-content\/uploads\/2024\/05\/\u82f1\u6587-sent-\u94dc\u4ef6133-600x450.jpg 600w\" sizes=\"(max-width: 640px) 100vw, 640px\" \/><\/p>\n<p><img loading=\"lazy\" decoding=\"async\" class=\"alignnone wp-image-1111 size-full\" src=\"http:\/\/www.xminsulation.com\/wp-content\/uploads\/2024\/05\/\u82f1\u6587-sent-\u94dc\u4ef6134.jpg\" alt=\"\" width=\"640\" height=\"480\" srcset=\"https:\/\/www.xminsulation.com\/wp-content\/uploads\/2024\/05\/\u82f1\u6587-sent-\u94dc\u4ef6134.jpg 640w, https:\/\/www.xminsulation.com\/wp-content\/uploads\/2024\/05\/\u82f1\u6587-sent-\u94dc\u4ef6134-300x225.jpg 300w, https:\/\/www.xminsulation.com\/wp-content\/uploads\/2024\/05\/\u82f1\u6587-sent-\u94dc\u4ef6134-600x450.jpg 600w\" sizes=\"(max-width: 640px) 100vw, 640px\" \/><\/p>\n<p><img loading=\"lazy\" decoding=\"async\" class=\"alignnone wp-image-1112 size-full\" src=\"http:\/\/www.xminsulation.com\/wp-content\/uploads\/2024\/05\/\u82f1\u6587-sent-\u94dc\u4ef6135.jpg\" alt=\"\" width=\"641\" height=\"287\" srcset=\"https:\/\/www.xminsulation.com\/wp-content\/uploads\/2024\/05\/\u82f1\u6587-sent-\u94dc\u4ef6135.jpg 641w, https:\/\/www.xminsulation.com\/wp-content\/uploads\/2024\/05\/\u82f1\u6587-sent-\u94dc\u4ef6135-300x134.jpg 300w, https:\/\/www.xminsulation.com\/wp-content\/uploads\/2024\/05\/\u82f1\u6587-sent-\u94dc\u4ef6135-600x269.jpg 600w\" sizes=\"(max-width: 641px) 100vw, 641px\" \/><\/p>\n<p><img loading=\"lazy\" decoding=\"async\" class=\"alignnone wp-image-1113 size-full\" src=\"http:\/\/www.xminsulation.com\/wp-content\/uploads\/2024\/05\/\u82f1\u6587-sent-\u94dc\u4ef6136.jpg\" alt=\"\" width=\"640\" height=\"286\" srcset=\"https:\/\/www.xminsulation.com\/wp-content\/uploads\/2024\/05\/\u82f1\u6587-sent-\u94dc\u4ef6136.jpg 640w, https:\/\/www.xminsulation.com\/wp-content\/uploads\/2024\/05\/\u82f1\u6587-sent-\u94dc\u4ef6136-300x134.jpg 300w, https:\/\/www.xminsulation.com\/wp-content\/uploads\/2024\/05\/\u82f1\u6587-sent-\u94dc\u4ef6136-600x268.jpg 600w\" sizes=\"(max-width: 640px) 100vw, 640px\" \/><\/p>\n<p><img loading=\"lazy\" decoding=\"async\" class=\"alignnone wp-image-1114 size-full\" src=\"http:\/\/www.xminsulation.com\/wp-content\/uploads\/2024\/05\/\u82f1\u6587-sent-\u94dc\u4ef6137.jpg\" alt=\"\" width=\"640\" height=\"480\" srcset=\"https:\/\/www.xminsulation.com\/wp-content\/uploads\/2024\/05\/\u82f1\u6587-sent-\u94dc\u4ef6137.jpg 640w, https:\/\/www.xminsulation.com\/wp-content\/uploads\/2024\/05\/\u82f1\u6587-sent-\u94dc\u4ef6137-300x225.jpg 300w, https:\/\/www.xminsulation.com\/wp-content\/uploads\/2024\/05\/\u82f1\u6587-sent-\u94dc\u4ef6137-600x450.jpg 600w\" sizes=\"(max-width: 640px) 100vw, 640px\" \/><\/p>\n<p><img loading=\"lazy\" decoding=\"async\" class=\"alignnone wp-image-1115 size-full\" src=\"http:\/\/www.xminsulation.com\/wp-content\/uploads\/2024\/05\/\u82f1\u6587-sent-\u94dc\u4ef6138.jpg\" alt=\"\" width=\"642\" height=\"855\" srcset=\"https:\/\/www.xminsulation.com\/wp-content\/uploads\/2024\/05\/\u82f1\u6587-sent-\u94dc\u4ef6138.jpg 642w, https:\/\/www.xminsulation.com\/wp-content\/uploads\/2024\/05\/\u82f1\u6587-sent-\u94dc\u4ef6138-225x300.jpg 225w, https:\/\/www.xminsulation.com\/wp-content\/uploads\/2024\/05\/\u82f1\u6587-sent-\u94dc\u4ef6138-600x799.jpg 600w\" sizes=\"(max-width: 642px) 100vw, 642px\" \/><\/p>\n<p><img loading=\"lazy\" decoding=\"async\" class=\"alignnone wp-image-1116 size-full\" src=\"http:\/\/www.xminsulation.com\/wp-content\/uploads\/2024\/05\/\u82f1\u6587-sent-\u94dc\u4ef6139.jpg\" alt=\"\" width=\"639\" height=\"633\" srcset=\"https:\/\/www.xminsulation.com\/wp-content\/uploads\/2024\/05\/\u82f1\u6587-sent-\u94dc\u4ef6139.jpg 639w, https:\/\/www.xminsulation.com\/wp-content\/uploads\/2024\/05\/\u82f1\u6587-sent-\u94dc\u4ef6139-300x297.jpg 300w, https:\/\/www.xminsulation.com\/wp-content\/uploads\/2024\/05\/\u82f1\u6587-sent-\u94dc\u4ef6139-150x150.jpg 150w, https:\/\/www.xminsulation.com\/wp-content\/uploads\/2024\/05\/\u82f1\u6587-sent-\u94dc\u4ef6139-600x594.jpg 600w, https:\/\/www.xminsulation.com\/wp-content\/uploads\/2024\/05\/\u82f1\u6587-sent-\u94dc\u4ef6139-100x100.jpg 100w\" sizes=\"(max-width: 639px) 100vw, 639px\" \/><\/p>\n<p><img loading=\"lazy\" decoding=\"async\" class=\"alignnone wp-image-1117 size-full\" src=\"http:\/\/www.xminsulation.com\/wp-content\/uploads\/2024\/05\/\u82f1\u6587-sent-\u94dc\u4ef6140.jpg\" alt=\"\" width=\"643\" height=\"453\" srcset=\"https:\/\/www.xminsulation.com\/wp-content\/uploads\/2024\/05\/\u82f1\u6587-sent-\u94dc\u4ef6140.jpg 643w, https:\/\/www.xminsulation.com\/wp-content\/uploads\/2024\/05\/\u82f1\u6587-sent-\u94dc\u4ef6140-300x211.jpg 300w, https:\/\/www.xminsulation.com\/wp-content\/uploads\/2024\/05\/\u82f1\u6587-sent-\u94dc\u4ef6140-600x423.jpg 600w\" sizes=\"(max-width: 643px) 100vw, 643px\" \/><\/p>\n<p><img loading=\"lazy\" decoding=\"async\" class=\"alignnone wp-image-1118 size-full\" src=\"http:\/\/www.xminsulation.com\/wp-content\/uploads\/2024\/05\/\u82f1\u6587-sent-\u94dc\u4ef6142.jpg\" alt=\"\" width=\"643\" height=\"643\" srcset=\"https:\/\/www.xminsulation.com\/wp-content\/uploads\/2024\/05\/\u82f1\u6587-sent-\u94dc\u4ef6142.jpg 643w, https:\/\/www.xminsulation.com\/wp-content\/uploads\/2024\/05\/\u82f1\u6587-sent-\u94dc\u4ef6142-300x300.jpg 300w, https:\/\/www.xminsulation.com\/wp-content\/uploads\/2024\/05\/\u82f1\u6587-sent-\u94dc\u4ef6142-150x150.jpg 150w, https:\/\/www.xminsulation.com\/wp-content\/uploads\/2024\/05\/\u82f1\u6587-sent-\u94dc\u4ef6142-600x600.jpg 600w, https:\/\/www.xminsulation.com\/wp-content\/uploads\/2024\/05\/\u82f1\u6587-sent-\u94dc\u4ef6142-100x100.jpg 100w\" sizes=\"(max-width: 643px) 100vw, 643px\" \/><\/p>\n<h2 class=\"wxts\">\u25c6T\u00f9y ch\u1ec9nh \u0111\u1eb7c bi\u1ec7t<\/h2>\n<p>C\u00e1c th\u00f4ng s\u1ed1 tr\u00ean l\u00e0 d\u1eef li\u1ec7u ti\u00eau bi\u1ec3u; n\u1ebfu c\u00e1c ki\u1ec3u d\u00e1ng hi\u1ec7n c\u00f3 kh\u00f4ng \u0111\u00e1p \u1ee9ng \u0111\u01b0\u1ee3c nhu c\u1ea7u c\u1ee5 th\u1ec3 c\u1ee7a b\u1ea1n, vui l\u00f2ng li\u00ean h\u1ec7 v\u1edbi ch\u00fang t\u00f4i \u0111\u1ec3 \u0111\u01b0\u1ee3c thi\u1ebft k\u1ebf ri\u00eang. Ch\u00fang t\u00f4i c\u00f3 k\u1ef9 n\u0103ng s\u1ea3n xu\u1ea5t v\u00e0 ph\u00e1t tri\u1ec3n t\u00f9y ch\u1ec9nh c\u00e1 nh\u00e2n h\u00f3a \u0111\u00e1ng k\u1ec3, cho ph\u00e9p ch\u00fang t\u00f4i cung c\u1ea5p c\u00e1c gi\u1ea3i ph\u00e1p ph\u00f9 h\u1ee3p cho kh\u00e1ch h\u00e0ng tr\u00ean to\u00e0n th\u1ebf gi\u1edbi.<\/p>","protected":false},"excerpt":{"rendered":"<p>\u25c6Special Customization The above parameters\u00a0are typical data; if the existing styles do not meet your specific demands, please contact us for a custom design.We have significant personalized customization development and production skills, allowing us to provide tailored solutions to customers all over the world.<\/p>","protected":false},"featured_media":1119,"template":"","meta":{"site-sidebar-layout":"default","site-content-layout":"","ast-site-content-layout":"default","site-content-style":"default","site-sidebar-style":"default","ast-global-header-display":"","ast-banner-title-visibility":"","ast-main-header-display":"","ast-hfb-above-header-display":"","ast-hfb-below-header-display":"","ast-hfb-mobile-header-display":"","site-post-title":"","ast-breadcrumbs-content":"","ast-featured-img":"","footer-sml-layout":"","theme-transparent-header-meta":"default","adv-header-id-meta":"","stick-header-meta":"","header-above-stick-meta":"","header-main-stick-meta":"","header-below-stick-meta":"","astra-migrate-meta-layouts":"set","ast-page-background-enabled":"default","ast-page-background-meta":{"desktop":{"background-color":"","background-image":"","background-repeat":"repeat","background-position":"center center","background-size":"auto","background-attachment":"scroll","background-type":"","background-media":"","overlay-type":"","overlay-color":"","overlay-gradient":""},"tablet":{"background-color":"","background-image":"","background-repeat":"repeat","background-position":"center center","background-size":"auto","background-attachment":"scroll","background-type":"","background-media":"","overlay-type":"","overlay-color":"","overlay-gradient":""},"mobile":{"background-color":"","background-image":"","background-repeat":"repeat","background-position":"center center","background-size":"auto","background-attachment":"scroll","background-type":"","background-media":"","overlay-type":"","overlay-color":"","overlay-gradient":""}},"ast-content-background-meta":{"desktop":{"background-color":"var(--ast-global-color-5)","background-image":"","background-repeat":"repeat","background-position":"center center","background-size":"auto","background-attachment":"scroll","background-type":"","background-media":"","overlay-type":"","overlay-color":"","overlay-gradient":""},"tablet":{"background-color":"var(--ast-global-color-5)","background-image":"","background-repeat":"repeat","background-position":"center center","background-size":"auto","background-attachment":"scroll","background-type":"","background-media":"","overlay-type":"","overlay-color":"","overlay-gradient":""},"mobile":{"background-color":"var(--ast-global-color-5)","background-image":"","background-repeat":"repeat","background-position":"center center","background-size":"auto","background-attachment":"scroll","background-type":"","background-media":"","overlay-type":"","overlay-color":"","overlay-gradient":""}}},"product_cat":[45],"product_tag":[],"class_list":{"0":"post-1095","1":"product","2":"type-product","3":"status-publish","4":"has-post-thumbnail","6":"product_cat-oem-rigid-flexible-busbar-copper-conductor","7":"desktop-align-left","8":"tablet-align-left","9":"mobile-align-left","11":"first","12":"instock","13":"shipping-taxable","14":"product-type-simple"},"_links":{"self":[{"href":"https:\/\/www.xminsulation.com\/vi\/wp-json\/wp\/v2\/product\/1095","targetHints":{"allow":["GET"]}}],"collection":[{"href":"https:\/\/www.xminsulation.com\/vi\/wp-json\/wp\/v2\/product"}],"about":[{"href":"https:\/\/www.xminsulation.com\/vi\/wp-json\/wp\/v2\/types\/product"}],"wp:featuredmedia":[{"embeddable":true,"href":"https:\/\/www.xminsulation.com\/vi\/wp-json\/wp\/v2\/media\/1119"}],"wp:attachment":[{"href":"https:\/\/www.xminsulation.com\/vi\/wp-json\/wp\/v2\/media?parent=1095"}],"wp:term":[{"taxonomy":"product_cat","embeddable":true,"href":"https:\/\/www.xminsulation.com\/vi\/wp-json\/wp\/v2\/product_cat?post=1095"},{"taxonomy":"product_tag","embeddable":true,"href":"https:\/\/www.xminsulation.com\/vi\/wp-json\/wp\/v2\/product_tag?post=1095"}],"curies":[{"name":"wp","href":"https:\/\/api.w.org\/{rel}","templated":true}]}}