{"id":1069,"date":"2024-05-06T11:09:04","date_gmt":"2024-05-06T03:09:04","guid":{"rendered":"http:\/\/www.xminsulation.com\/?post_type=product&#038;p=1069"},"modified":"2024-05-15T16:42:26","modified_gmt":"2024-05-15T08:42:26","slug":"quik-lock-plugs-and-receptacles-for-low-voltage","status":"publish","type":"product","link":"https:\/\/www.xminsulation.com\/vi\/product\/quik-lock-plugs-and-receptacles-for-low-voltage\/","title":{"rendered":"Ph\u00edch c\u1eafm v\u00e0 \u1ed5 c\u1eafm Quik-Lock cho \u0111i\u1ec7n \u00e1p th\u1ea5p"},"content":{"rendered":"<p><img fetchpriority=\"high\" decoding=\"async\" class=\"alignnone wp-image-1071 size-full\" src=\"http:\/\/www.xminsulation.com\/wp-content\/uploads\/2024\/05\/\u56fe\u724762-1.jpg\" alt=\"\" width=\"800\" height=\"800\" srcset=\"https:\/\/www.xminsulation.com\/wp-content\/uploads\/2024\/05\/\u56fe\u724762-1.jpg 800w, https:\/\/www.xminsulation.com\/wp-content\/uploads\/2024\/05\/\u56fe\u724762-1-300x300.jpg 300w, https:\/\/www.xminsulation.com\/wp-content\/uploads\/2024\/05\/\u56fe\u724762-1-150x150.jpg 150w, https:\/\/www.xminsulation.com\/wp-content\/uploads\/2024\/05\/\u56fe\u724762-1-768x768.jpg 768w, https:\/\/www.xminsulation.com\/wp-content\/uploads\/2024\/05\/\u56fe\u724762-1-600x600.jpg 600w, https:\/\/www.xminsulation.com\/wp-content\/uploads\/2024\/05\/\u56fe\u724762-1-100x100.jpg 100w\" sizes=\"(max-width: 800px) 100vw, 800px\" \/> <img decoding=\"async\" class=\"alignnone wp-image-1072 size-full\" src=\"http:\/\/www.xminsulation.com\/wp-content\/uploads\/2024\/05\/\u56fe\u724763.png\" alt=\"\" width=\"808\" height=\"377\" srcset=\"https:\/\/www.xminsulation.com\/wp-content\/uploads\/2024\/05\/\u56fe\u724763.png 808w, https:\/\/www.xminsulation.com\/wp-content\/uploads\/2024\/05\/\u56fe\u724763-300x140.png 300w, https:\/\/www.xminsulation.com\/wp-content\/uploads\/2024\/05\/\u56fe\u724763-768x358.png 768w, https:\/\/www.xminsulation.com\/wp-content\/uploads\/2024\/05\/\u56fe\u724763-600x280.png 600w\" sizes=\"(max-width: 808px) 100vw, 808px\" \/> <img decoding=\"async\" class=\"alignnone wp-image-1073 size-full\" src=\"http:\/\/www.xminsulation.com\/wp-content\/uploads\/2024\/05\/\u56fe\u724764.png\" alt=\"\" width=\"694\" height=\"376\" srcset=\"https:\/\/www.xminsulation.com\/wp-content\/uploads\/2024\/05\/\u56fe\u724764.png 694w, https:\/\/www.xminsulation.com\/wp-content\/uploads\/2024\/05\/\u56fe\u724764-300x163.png 300w, https:\/\/www.xminsulation.com\/wp-content\/uploads\/2024\/05\/\u56fe\u724764-600x325.png 600w\" sizes=\"(max-width: 694px) 100vw, 694px\" \/><\/p>\n<h2><strong><b>Th\u00f4ng tin chung<\/b><\/strong><\/h2>\n<p>Giao di\u1ec7n c\u1eafm nhanh ngu\u1ed3n \u0111i\u1ec7n kh\u1ea9n c\u1ea5p \u0111i\u1ec7n \u00e1p th\u1ea5p c\u00f2n \u0111\u01b0\u1ee3c g\u1ecdi l\u00e0 b\u1ed9 gh\u00e9p n\u1ed1i nhanh ngu\u1ed3n \u0111i\u1ec7n kh\u1ea9n c\u1ea5p. M\u1ed9t \u0111\u1ea7u c\u1ee7a n\u00f3 \u0111\u01b0\u1ee3c k\u1ebft n\u1ed1i v\u00e0 c\u1ed1 \u0111\u1ecbnh v\u1edbi \u0111\u1ea7u n\u1ed1i tr\u00ean xe m\u00e1y ph\u00e1t \u0111i\u1ec7n, v\u00e0 \u0111\u1ea7u kia \u0111\u01b0\u1ee3c k\u1ebft n\u1ed1i v\u00e0 c\u1ed1 \u0111\u1ecbnh v\u1edbi giao di\u1ec7n ngu\u1ed3n \u0111i\u1ec7n kh\u1ea9n c\u1ea5p tr\u00ean t\u1ee7 chuy\u1ec3n m\u1ea1ch \u0111i\u1ec7n \u00e1p trung b\u00ecnh ho\u1eb7c \u0111i\u1ec7n \u00e1p th\u1ea5p \u0111\u1ec3 t\u1ea1o th\u00e0nh h\u1ec7 th\u1ed1ng truy c\u1eadp nhanh ngu\u1ed3n \u0111i\u1ec7n kh\u1ea9n c\u1ea5p. . \u0110\u01b0\u1ee3c s\u1eed d\u1ee5ng r\u1ed9ng r\u00e3i trong c\u00e1c xe ph\u00e1t \u0111i\u1ec7n, m\u00e1y ph\u00e1t \u0111i\u1ec7n, t\u1ee7 ph\u00e2n ph\u1ed1i, ph\u00e2n ph\u1ed1i \u0111i\u1ec7n, v.v. S\u1ea3n ph\u1ea9m \u0111\u01b0\u1ee3c chia th\u00e0nh hai c\u1ea5p \u0111i\u1ec7n \u00e1p: \u0111i\u1ec7n \u00e1p trung b\u00ecnh v\u00e0 \u0111i\u1ec7n \u00e1p th\u1ea5p.<\/p>\n<p>Xe ph\u00e1t \u0111i\u1ec7n kh\u1ea9n c\u1ea5p l\u00e0 m\u1ed9t lo\u1ea1i thi\u1ebft b\u1ecb ph\u00e1t \u0111i\u1ec7n d\u1ef1 ph\u00f2ng kh\u1ea9n c\u1ea5p, th\u01b0\u1eddng \u0111\u01b0\u1ee3c s\u1eed d\u1ee5ng \u0111\u1ec3 cung c\u1ea5p \u0111i\u1ec7n khi m\u1ea5t \u0111i\u1ec7n \u0111\u1ed9t ng\u1ed9t ho\u1eb7c \u0111\u1ecba \u0111i\u1ec3m kh\u00f4ng th\u1ec3 k\u1ebft n\u1ed1i v\u1edbi l\u01b0\u1edbi \u0111i\u1ec7n. Xe ph\u00e1t \u0111i\u1ec7n kh\u1ea9n c\u1ea5p ch\u1ee7 y\u1ebfu \u0111\u01b0\u1ee3c s\u1eed d\u1ee5ng trong c\u00e1c tr\u01b0\u1eddng h\u1ee3p sau: Th\u1ee9 nh\u1ea5t, m\u1ea5t \u0111i\u1ec7n \u0111\u1ed9t ng\u1ed9t ho\u1eb7c \u0111\u1ecba \u0111i\u1ec3m kh\u00f4ng th\u1ec3 k\u1ebft n\u1ed1i v\u1edbi l\u01b0\u1edbi \u0111i\u1ec7n. V\u00ed d\u1ee5, trong tr\u01b0\u1eddng h\u1ee3p m\u1ea5t \u0111i\u1ec7n ho\u1eb7c \u0111\u1ecba \u0111i\u1ec3m kh\u00f4ng th\u1ec3 k\u1ebft n\u1ed1i v\u1edbi l\u01b0\u1edbi \u0111i\u1ec7n do thi\u00ean tai, s\u1ef1 c\u1ed1 c\u01a1 s\u1edf, b\u1ea3o tr\u00ec \u0111\u01b0\u1eddng d\u00e2y ho\u1eb7c thi\u1ebft b\u1ecb, v.v., c\u1ea7n ph\u1ea3i ph\u00e1t \u0111i\u1ec7n kh\u1ea9n c\u1ea5p. Xe c\u00f3 th\u1ec3 cung c\u1ea5p d\u1ecbch v\u1ee5 cung c\u1ea5p \u0111i\u1ec7n nh\u01b0 m\u1ed9t ngu\u1ed3n \u0111i\u1ec7n d\u1ef1 ph\u00f2ng. Th\u1ee9 hai l\u00e0 nhu c\u1ea7u n\u0103ng l\u01b0\u1ee3ng t\u1ea1m th\u1eddi, ch\u1eb3ng h\u1ea1n nh\u01b0 x\u00e2y d\u1ef1ng, hi\u1ec7u su\u1ea5t v\u00e0 c\u00e1c d\u1ef1 \u00e1n kh\u00e1c. Trong tr\u01b0\u1eddng h\u1ee3p nhu c\u1ea7u n\u0103ng l\u01b0\u1ee3ng t\u1ea1m th\u1eddi, xe ph\u00e1t \u0111i\u1ec7n kh\u1ea9n c\u1ea5p c\u00f3 th\u1ec3 cung c\u1ea5p c\u00f4ng su\u1ea5t \u0111\u1ea7u ra c\u1ea7n thi\u1ebft \u0111\u1ec3 \u0111\u00e1p \u1ee9ng nhu c\u1ea7u n\u0103ng l\u01b0\u1ee3ng t\u1ea1m th\u1eddi. Th\u1ee9 ba l\u00e0 nhu c\u1ea7u cung c\u1ea5p \u0111i\u1ec7n di \u0111\u1ed9ng. Do t\u00ednh di \u0111\u1ed9ng cao, n\u00f3 c\u00f3 th\u1ec3 t\u1ea1o \u0111i\u1ec1u ki\u1ec7n cung c\u1ea5p \u0111i\u1ec7n v\u00e0 \u1ee9ng ph\u00f3 kh\u1ea9n c\u1ea5p khi c\u1ea7n thi\u1ebft.<\/p>\n<p>T\u1ea1i Trung Qu\u1ed1c, hi\u1ec7n nay, xe ph\u00e1t \u0111i\u1ec7n ch\u1ee7 y\u1ebfu \u0111\u01b0\u1ee3c chia th\u00e0nh xe ph\u00e1t \u0111i\u1ec7n trung th\u1ebf 10kV v\u00e0 xe ph\u00e1t \u0111i\u1ec7n h\u1ea1 th\u1ebf 0,4kV. Xe m\u00e1y ph\u00e1t \u0111i\u1ec7n h\u1ea1 th\u1ebf k\u1ebft n\u1ed1i l\u01b0\u1edbi \u0111i\u1ec7n c\u00f3 ph\u1ea1m vi \u1ee9ng d\u1ee5ng r\u1ed9ng r\u00e3i v\u00e0 c\u00f3 th\u1ec3 k\u1ebft n\u1ed1i v\u1edbi t\u1ee7 c\u00f4ng t\u1eafc g\u1eafn t\u01b0\u1eddng, t\u1ee7 \u0111\u1ee9ng ho\u1eb7c t\u1ee7 c\u00f4ng t\u1eafc nh\u00fang.<\/p>\n<p>\u0110\u1ec3 \u0111\u1ea3m b\u1ea3o cung c\u1ea5p \u0111i\u1ec7n nhanh ch\u00f3ng cho vi\u1ec7c s\u1eeda ch\u1eefa kh\u1ea9n c\u1ea5p t\u1ea1i c\u00e1c khu d\u00e2n c\u01b0 \u0111\u00f4 th\u1ecb v\u00e0 ng\u01b0\u1eddi d\u00f9ng quan tr\u1ecdng, vi\u1ec7c \u0111\u1eb7t tr\u01b0\u1edbc\/l\u1eafp \u0111\u1eb7t c\u00e1c thi\u1ebft b\u1ecb truy c\u1eadp kh\u1ea9n c\u1ea5p nhanh ch\u00f3ng tr\u00ean c\u00e1c b\u1ed9 thi\u1ebft b\u1ecb \u0111\u00f3ng c\u1eaft \u0111i\u1ec7n \u00e1p th\u1ea5p hi\u1ec7n c\u00f3 c\u00f3 th\u1ec3 ti\u1ebft ki\u1ec7m \u0111\u00e1ng k\u1ec3 th\u1eddi gian chu\u1ea9n b\u1ecb cung c\u1ea5p \u0111i\u1ec7n kh\u1ea9n c\u1ea5p v\u00e0 c\u1ea3i thi\u1ec7n \u0111\u1ed9 an to\u00e0n v\u00e0 \u0111\u1ed9 tin c\u1eady c\u1ee7a ngu\u1ed3n \u0111i\u1ec7n. S\u1ea3n ph\u1ea9m n\u00e0y \u0111\u01b0\u1ee3c s\u1eed d\u1ee5ng r\u1ed9ng r\u00e3i trong th\u1eed nghi\u1ec7m cung c\u1ea5p \u0111i\u1ec7n, xe ph\u00e1t \u0111i\u1ec7n, xe cung c\u1ea5p \u0111i\u1ec7n kh\u1ea9n c\u1ea5p, c\u00f4ng t\u1eafc bypass, t\u1ee7 ph\u00e2n ph\u1ed1i, ph\u00e2n ph\u1ed1i \u0111i\u1ec7n v\u00e0 c\u00e1c t\u00ecnh hu\u1ed1ng kh\u00e1c.<\/p>\n<h2><strong><b>T\u00ednh n\u0103ng s\u1ea3n ph\u1ea9m<\/b><\/strong><\/h2>\n<ol>\n<li>S\u1ea3n ph\u1ea9m n\u00e0y an to\u00e0n v\u00e0 \u0111\u00e1ng tin c\u1eady, kh\u00f4ng c\u00f3 tia l\u1eeda khi c\u1eafm ho\u1eb7c r\u00fat ph\u00edch c\u1eafm. \u0110\u1ea7u n\u1ed1i s\u1eed d\u1ee5ng h\u1ec7 th\u1ed1ng k\u1ebft n\u1ed1i c\u00f3 c\u01a1 c\u1ea5u kh\u00f3a, k\u1ebft n\u1ed1i ch\u1eafc ch\u1eafn v\u00e0 c\u00f3 ch\u1ee9c n\u0103ng ch\u1ed1ng \u0111i\u1ec7n gi\u1eadt.<\/li>\n<li>K\u00edch th\u01b0\u1edbc nh\u1ecf, k\u1ebft n\u1ed1i nhanh, v\u1eadn h\u00e0nh \u0111\u01a1n gi\u1ea3n v\u00e0 k\u1ebft n\u1ed1i thu\u1eadn ti\u1ec7n.<\/li>\n<li>\u0110\u1ea7u n\u1ed1i nhanh c\u00f3 kh\u1ea3 n\u0103ng d\u1eabn d\u00f2ng m\u1ea1nh, \u0111i\u1ec7n tr\u1edf ti\u1ebfp x\u00fac c\u1ef1c nh\u1ecf, ti\u1ebfp x\u00fac \u0111\u00e1ng tin c\u1eady, c\u00f3 th\u1ec3 truy\u1ec1n d\u00f2ng \u0111i\u1ec7n l\u1edbn v\u00e0 t\u1ecfa ra r\u1ea5t \u00edt nhi\u1ec7t (c\u00f4ng ngh\u1ec7 c\u1ed1t l\u00f5i c\u1ee7a nguy\u00ean l\u00fd ti\u1ebfp x\u00fac \u0111a \u0111i\u1ec3m ng\u00f3n tay ti\u1ebfp x\u00fac \u0111\u00e0n h\u1ed3i t\u1eeb l\u00e2u \u0111\u00e3 \u0111\u01b0\u1ee3c s\u1eed d\u1ee5ng r\u1ed9ng r\u00e3i trong c\u00e1c gi\u1ea3i ph\u00e1p thi\u1ebft b\u1ecb \u0111\u00f3ng c\u1eaft \u0111i\u1ec7n \u00e1p cao \u0111a qu\u1ed1c gia nh\u01b0 Siemens v\u00e0 ABB. Ti\u1ebfp x\u00fac \u0111\u00e1ng tin c\u1eady v\u00e0 c\u00e1c v\u1ea5n \u0111\u1ec1 v\u1ec1 t\u0103ng nhi\u1ec7t \u0111\u1ed9 t\u1ed1i thi\u1ec3u).<\/li>\n<li>Tu\u1ed5i th\u1ecd c\u01a1 h\u1ecdc: B\u1ed9 gh\u00e9p \u1ed5 c\u1eafm b\u1ea3ng \u0111i\u1ec1u khi\u1ec3n c\u00f3 th\u1ec3 \u0111\u01b0\u1ee3c c\u1eafm v\u00e0 r\u00fat ph\u00edch c\u1eafm kh\u00f4ng d\u01b0\u1edbi 5.000 l\u1ea7n n\u1ebfu c\u1eafm v\u00e0 r\u00fat ph\u00edch c\u1eafm \u0111\u00fang c\u00e1ch.<\/li>\n<li>Ch\u1ed1ng \u0103n m\u00f2n do phun mu\u1ed1i (\u00e1p d\u1ee5ng cho c\u00e1c c\u1ea3ng), ch\u1eafc ch\u1eafn v\u00e0 b\u1ec1n, ph\u00f9 h\u1ee3p v\u1edbi m\u00f4i tr\u01b0\u1eddng kh\u1eafc nghi\u1ec7t v\u00e0 c\u00f3 tu\u1ed5i th\u1ecd cao.<\/li>\n<li>Di\u1ec7n t\u00edch m\u1eb7t c\u1eaft c\u00e1p \u00e1p d\u1ee5ng: 50~240mm\u00b2.<\/li>\n<li>C\u1ea5p \u0111\u1ed9 b\u1ea3o v\u1ec7 IP65.<\/li>\n<li>Kh\u00f4ng c\u1ea7n b\u1ea3o tr\u00ec, ti\u1ebft ki\u1ec7m n\u0103ng l\u01b0\u1ee3ng v\u00e0 th\u00e2n thi\u1ec7n v\u1edbi m\u00f4i tr\u01b0\u1eddng.<\/li>\n<\/ol>\n<p><img loading=\"lazy\" decoding=\"async\" class=\"alignnone wp-image-1074 size-full\" src=\"http:\/\/www.xminsulation.com\/wp-content\/uploads\/2024\/05\/\u56fe\u724765.png\" alt=\"\" width=\"1000\" height=\"1056\" srcset=\"https:\/\/www.xminsulation.com\/wp-content\/uploads\/2024\/05\/\u56fe\u724765.png 1000w, https:\/\/www.xminsulation.com\/wp-content\/uploads\/2024\/05\/\u56fe\u724765-284x300.png 284w, https:\/\/www.xminsulation.com\/wp-content\/uploads\/2024\/05\/\u56fe\u724765-970x1024.png 970w, https:\/\/www.xminsulation.com\/wp-content\/uploads\/2024\/05\/\u56fe\u724765-768x811.png 768w, https:\/\/www.xminsulation.com\/wp-content\/uploads\/2024\/05\/\u56fe\u724765-600x634.png 600w\" sizes=\"(max-width: 1000px) 100vw, 1000px\" \/><\/p>\n<h2><strong><b>Th\u1eb3ng <\/b><\/strong><strong><b>P<\/b><\/strong><strong><b>anel <\/b><\/strong><strong><b>R<\/b><\/strong><strong><b>C\u1ea5u tr\u00fac t\u1ed5ng th\u1ec3 v\u00e0 k\u00edch th\u01b0\u1edbc l\u1eafp \u0111\u1eb7t c\u1ee7a eceptacle<\/b><\/strong><\/h2>\n<p><strong><b> <img loading=\"lazy\" decoding=\"async\" class=\"alignnone wp-image-1075 size-full\" src=\"http:\/\/www.xminsulation.com\/wp-content\/uploads\/2024\/05\/\u56fe\u724766.png\" alt=\"\" width=\"1000\" height=\"520\" srcset=\"https:\/\/www.xminsulation.com\/wp-content\/uploads\/2024\/05\/\u56fe\u724766.png 1000w, https:\/\/www.xminsulation.com\/wp-content\/uploads\/2024\/05\/\u56fe\u724766-300x156.png 300w, https:\/\/www.xminsulation.com\/wp-content\/uploads\/2024\/05\/\u56fe\u724766-768x399.png 768w, https:\/\/www.xminsulation.com\/wp-content\/uploads\/2024\/05\/\u56fe\u724766-600x312.png 600w\" sizes=\"(max-width: 1000px) 100vw, 1000px\" \/> <img loading=\"lazy\" decoding=\"async\" class=\"alignnone wp-image-1076 size-full\" src=\"http:\/\/www.xminsulation.com\/wp-content\/uploads\/2024\/05\/\u56fe\u724767.png\" alt=\"\" width=\"1000\" height=\"412\" srcset=\"https:\/\/www.xminsulation.com\/wp-content\/uploads\/2024\/05\/\u56fe\u724767.png 1000w, https:\/\/www.xminsulation.com\/wp-content\/uploads\/2024\/05\/\u56fe\u724767-300x124.png 300w, https:\/\/www.xminsulation.com\/wp-content\/uploads\/2024\/05\/\u56fe\u724767-768x316.png 768w, https:\/\/www.xminsulation.com\/wp-content\/uploads\/2024\/05\/\u56fe\u724767-600x247.png 600w\" sizes=\"(max-width: 1000px) 100vw, 1000px\" \/><\/b><\/strong><strong><b>\u00a0<\/b><\/strong><\/p>\n<h2><strong><b>Ph\u00edch c\u1eafm th\u1eb3ng<\/b><\/strong><\/h2>\n<p><img loading=\"lazy\" decoding=\"async\" class=\"alignnone wp-image-1077 size-full\" src=\"http:\/\/www.xminsulation.com\/wp-content\/uploads\/2024\/05\/\u56fe\u724768.png\" alt=\"\" width=\"862\" height=\"677\" srcset=\"https:\/\/www.xminsulation.com\/wp-content\/uploads\/2024\/05\/\u56fe\u724768.png 862w, https:\/\/www.xminsulation.com\/wp-content\/uploads\/2024\/05\/\u56fe\u724768-300x236.png 300w, https:\/\/www.xminsulation.com\/wp-content\/uploads\/2024\/05\/\u56fe\u724768-768x603.png 768w, https:\/\/www.xminsulation.com\/wp-content\/uploads\/2024\/05\/\u56fe\u724768-600x471.png 600w\" sizes=\"(max-width: 862px) 100vw, 862px\" \/> <img loading=\"lazy\" decoding=\"async\" class=\"alignnone wp-image-1078 size-full\" src=\"http:\/\/www.xminsulation.com\/wp-content\/uploads\/2024\/05\/\u56fe\u724769.png\" alt=\"\" width=\"1404\" height=\"411\" srcset=\"https:\/\/www.xminsulation.com\/wp-content\/uploads\/2024\/05\/\u56fe\u724769.png 1404w, https:\/\/www.xminsulation.com\/wp-content\/uploads\/2024\/05\/\u56fe\u724769-300x88.png 300w, https:\/\/www.xminsulation.com\/wp-content\/uploads\/2024\/05\/\u56fe\u724769-1024x300.png 1024w, https:\/\/www.xminsulation.com\/wp-content\/uploads\/2024\/05\/\u56fe\u724769-768x225.png 768w, https:\/\/www.xminsulation.com\/wp-content\/uploads\/2024\/05\/\u56fe\u724769-600x176.png 600w\" sizes=\"(max-width: 1404px) 100vw, 1404px\" \/> <img loading=\"lazy\" decoding=\"async\" class=\"alignnone wp-image-1079 size-full\" src=\"http:\/\/www.xminsulation.com\/wp-content\/uploads\/2024\/05\/\u56fe\u724770.png\" alt=\"\" width=\"1000\" height=\"378\" srcset=\"https:\/\/www.xminsulation.com\/wp-content\/uploads\/2024\/05\/\u56fe\u724770.png 1000w, https:\/\/www.xminsulation.com\/wp-content\/uploads\/2024\/05\/\u56fe\u724770-300x113.png 300w, https:\/\/www.xminsulation.com\/wp-content\/uploads\/2024\/05\/\u56fe\u724770-768x290.png 768w, https:\/\/www.xminsulation.com\/wp-content\/uploads\/2024\/05\/\u56fe\u724770-600x227.png 600w\" sizes=\"(max-width: 1000px) 100vw, 1000px\" \/><\/p>\n<h2><strong><b>C\u00e1c t\u00ecnh hu\u1ed1ng \u1ee9ng d\u1ee5ng<\/b><\/strong><\/h2>\n<p><img loading=\"lazy\" decoding=\"async\" class=\"alignnone wp-image-1080 size-full\" src=\"http:\/\/www.xminsulation.com\/wp-content\/uploads\/2024\/05\/\u56fe\u724771.png\" alt=\"\" width=\"759\" height=\"659\" srcset=\"https:\/\/www.xminsulation.com\/wp-content\/uploads\/2024\/05\/\u56fe\u724771.png 759w, https:\/\/www.xminsulation.com\/wp-content\/uploads\/2024\/05\/\u56fe\u724771-300x260.png 300w, https:\/\/www.xminsulation.com\/wp-content\/uploads\/2024\/05\/\u56fe\u724771-600x521.png 600w\" sizes=\"(max-width: 759px) 100vw, 759px\" \/><\/p>\n<p><strong><b>H\u1ed9p truy c\u1eadp nhanh cho xe m\u00e1y ph\u00e1t \u0111i\u1ec7n kh\u1ea9n c\u1ea5p \u0111i\u1ec7n \u00e1p th\u1ea5p (H\u1ed9p truy c\u1eadp nhanh cho xe m\u00e1y ph\u00e1t \u0111i\u1ec7n m\u1ea1ch \u0111\u00f4i (C\u00f3 th\u1ec3 t\u00f9y ch\u1ec9nh)<\/b><\/strong><\/p>\n<p><strong><b> <img loading=\"lazy\" decoding=\"async\" class=\"alignnone wp-image-1081 size-full\" src=\"http:\/\/www.xminsulation.com\/wp-content\/uploads\/2024\/05\/\u56fe\u724772.png\" alt=\"\" width=\"1000\" height=\"768\" srcset=\"https:\/\/www.xminsulation.com\/wp-content\/uploads\/2024\/05\/\u56fe\u724772.png 1000w, https:\/\/www.xminsulation.com\/wp-content\/uploads\/2024\/05\/\u56fe\u724772-300x230.png 300w, https:\/\/www.xminsulation.com\/wp-content\/uploads\/2024\/05\/\u56fe\u724772-768x590.png 768w, https:\/\/www.xminsulation.com\/wp-content\/uploads\/2024\/05\/\u56fe\u724772-600x461.png 600w\" sizes=\"(max-width: 1000px) 100vw, 1000px\" \/><\/b><\/strong><\/p>\n<h2><strong><b>C\u00e1c t\u00ecnh hu\u1ed1ng s\u1eed d\u1ee5ng m\u00e1y ph\u00e1t \u0111i\u1ec7n<\/b><\/strong><\/h2>\n<p><strong><b> <img loading=\"lazy\" decoding=\"async\" class=\"alignnone size-medium wp-image-1082\" src=\"http:\/\/www.xminsulation.com\/wp-content\/uploads\/2024\/05\/\u56fe\u724773-263x300.png\" alt=\"\" width=\"263\" height=\"300\" srcset=\"https:\/\/www.xminsulation.com\/wp-content\/uploads\/2024\/05\/\u56fe\u724773-263x300.png 263w, https:\/\/www.xminsulation.com\/wp-content\/uploads\/2024\/05\/\u56fe\u724773.png 600w\" sizes=\"(max-width: 263px) 100vw, 263px\" \/><\/b><\/strong><\/p>\n<p><strong><b>\u00a0<\/b><\/strong><\/p>\n<h2 class=\"wxts\">\u25c6T\u00f9y ch\u1ec9nh \u0111\u1eb7c bi\u1ec7t<\/h2>\n<p>C\u00e1c th\u00f4ng s\u1ed1 tr\u00ean l\u00e0 d\u1eef li\u1ec7u ti\u00eau bi\u1ec3u; n\u1ebfu c\u00e1c ki\u1ec3u d\u00e1ng hi\u1ec7n c\u00f3 kh\u00f4ng \u0111\u00e1p \u1ee9ng \u0111\u01b0\u1ee3c nhu c\u1ea7u c\u1ee5 th\u1ec3 c\u1ee7a b\u1ea1n, vui l\u00f2ng li\u00ean h\u1ec7 v\u1edbi ch\u00fang t\u00f4i \u0111\u1ec3 \u0111\u01b0\u1ee3c thi\u1ebft k\u1ebf ri\u00eang. Ch\u00fang t\u00f4i c\u00f3 k\u1ef9 n\u0103ng s\u1ea3n xu\u1ea5t v\u00e0 ph\u00e1t tri\u1ec3n t\u00f9y ch\u1ec9nh c\u00e1 nh\u00e2n h\u00f3a \u0111\u00e1ng k\u1ec3, cho ph\u00e9p ch\u00fang t\u00f4i cung c\u1ea5p c\u00e1c gi\u1ea3i ph\u00e1p ph\u00f9 h\u1ee3p cho kh\u00e1ch h\u00e0ng tr\u00ean to\u00e0n th\u1ebf gi\u1edbi.<\/p>","protected":false},"excerpt":{"rendered":"<p>General Information The low-voltage emergency power supply quick-plug interface is also called the emergency power supply quick-connect coupler. One end of it is connected and fixed with the connector on the generator car, and the other end is connected and fixed with the emergency power interface on the medium-voltage or low-voltage switch cabinet to form [&hellip;]<\/p>","protected":false},"featured_media":1070,"template":"","meta":{"site-sidebar-layout":"default","site-content-layout":"","ast-site-content-layout":"default","site-content-style":"default","site-sidebar-style":"default","ast-global-header-display":"","ast-banner-title-visibility":"","ast-main-header-display":"","ast-hfb-above-header-display":"","ast-hfb-below-header-display":"","ast-hfb-mobile-header-display":"","site-post-title":"","ast-breadcrumbs-content":"","ast-featured-img":"","footer-sml-layout":"","theme-transparent-header-meta":"default","adv-header-id-meta":"","stick-header-meta":"","header-above-stick-meta":"","header-main-stick-meta":"","header-below-stick-meta":"","astra-migrate-meta-layouts":"set","ast-page-background-enabled":"default","ast-page-background-meta":{"desktop":{"background-color":"","background-image":"","background-repeat":"repeat","background-position":"center center","background-size":"auto","background-attachment":"scroll","background-type":"","background-media":"","overlay-type":"","overlay-color":"","overlay-gradient":""},"tablet":{"background-color":"","background-image":"","background-repeat":"repeat","background-position":"center center","background-size":"auto","background-attachment":"scroll","background-type":"","background-media":"","overlay-type":"","overlay-color":"","overlay-gradient":""},"mobile":{"background-color":"","background-image":"","background-repeat":"repeat","background-position":"center center","background-size":"auto","background-attachment":"scroll","background-type":"","background-media":"","overlay-type":"","overlay-color":"","overlay-gradient":""}},"ast-content-background-meta":{"desktop":{"background-color":"var(--ast-global-color-5)","background-image":"","background-repeat":"repeat","background-position":"center center","background-size":"auto","background-attachment":"scroll","background-type":"","background-media":"","overlay-type":"","overlay-color":"","overlay-gradient":""},"tablet":{"background-color":"var(--ast-global-color-5)","background-image":"","background-repeat":"repeat","background-position":"center center","background-size":"auto","background-attachment":"scroll","background-type":"","background-media":"","overlay-type":"","overlay-color":"","overlay-gradient":""},"mobile":{"background-color":"var(--ast-global-color-5)","background-image":"","background-repeat":"repeat","background-position":"center center","background-size":"auto","background-attachment":"scroll","background-type":"","background-media":"","overlay-type":"","overlay-color":"","overlay-gradient":""}}},"product_cat":[44],"product_tag":[],"class_list":{"0":"post-1069","1":"product","2":"type-product","3":"status-publish","4":"has-post-thumbnail","6":"product_cat-quik-lock-plugs-and-receptacles-mvlv","7":"desktop-align-left","8":"tablet-align-left","9":"mobile-align-left","11":"first","12":"instock","13":"shipping-taxable","14":"product-type-simple"},"_links":{"self":[{"href":"https:\/\/www.xminsulation.com\/vi\/wp-json\/wp\/v2\/product\/1069","targetHints":{"allow":["GET"]}}],"collection":[{"href":"https:\/\/www.xminsulation.com\/vi\/wp-json\/wp\/v2\/product"}],"about":[{"href":"https:\/\/www.xminsulation.com\/vi\/wp-json\/wp\/v2\/types\/product"}],"wp:featuredmedia":[{"embeddable":true,"href":"https:\/\/www.xminsulation.com\/vi\/wp-json\/wp\/v2\/media\/1070"}],"wp:attachment":[{"href":"https:\/\/www.xminsulation.com\/vi\/wp-json\/wp\/v2\/media?parent=1069"}],"wp:term":[{"taxonomy":"product_cat","embeddable":true,"href":"https:\/\/www.xminsulation.com\/vi\/wp-json\/wp\/v2\/product_cat?post=1069"},{"taxonomy":"product_tag","embeddable":true,"href":"https:\/\/www.xminsulation.com\/vi\/wp-json\/wp\/v2\/product_tag?post=1069"}],"curies":[{"name":"wp","href":"https:\/\/api.w.org\/{rel}","templated":true}]}}