{"id":1016,"date":"2024-05-06T10:36:00","date_gmt":"2024-05-06T02:36:00","guid":{"rendered":"http:\/\/www.xminsulation.com\/?post_type=product&#038;p=1016"},"modified":"2024-05-23T17:59:33","modified_gmt":"2024-05-23T09:59:33","slug":"sf6-gas-insulated-bypass-switch-10-24kv-200a-400a-630a","status":"publish","type":"product","link":"https:\/\/www.xminsulation.com\/vi\/product\/sf6-gas-insulated-bypass-switch-10-24kv-200a-400a-630a\/","title":{"rendered":"C\u00f4ng t\u1eafc Bypass c\u00e1ch \u0111i\u1ec7n b\u1eb1ng kh\u00ed SF6 10\/24kV 200A\/400A\/630A"},"content":{"rendered":"<p><img fetchpriority=\"high\" decoding=\"async\" class=\"alignnone wp-image-1018 size-full\" src=\"http:\/\/www.xminsulation.com\/wp-content\/uploads\/2024\/05\/\u56fe\u724713-1.png\" alt=\"\" width=\"1000\" height=\"1000\" srcset=\"https:\/\/www.xminsulation.com\/wp-content\/uploads\/2024\/05\/\u56fe\u724713-1.png 1000w, https:\/\/www.xminsulation.com\/wp-content\/uploads\/2024\/05\/\u56fe\u724713-1-300x300.png 300w, https:\/\/www.xminsulation.com\/wp-content\/uploads\/2024\/05\/\u56fe\u724713-1-150x150.png 150w, https:\/\/www.xminsulation.com\/wp-content\/uploads\/2024\/05\/\u56fe\u724713-1-768x768.png 768w, https:\/\/www.xminsulation.com\/wp-content\/uploads\/2024\/05\/\u56fe\u724713-1-600x600.png 600w, https:\/\/www.xminsulation.com\/wp-content\/uploads\/2024\/05\/\u56fe\u724713-1-100x100.png 100w\" sizes=\"(max-width: 1000px) 100vw, 1000px\" \/> <img decoding=\"async\" class=\"alignnone wp-image-1019 size-full\" src=\"http:\/\/www.xminsulation.com\/wp-content\/uploads\/2024\/05\/\u56fe\u724714.png\" alt=\"\" width=\"1000\" height=\"1036\" srcset=\"https:\/\/www.xminsulation.com\/wp-content\/uploads\/2024\/05\/\u56fe\u724714.png 1000w, https:\/\/www.xminsulation.com\/wp-content\/uploads\/2024\/05\/\u56fe\u724714-290x300.png 290w, https:\/\/www.xminsulation.com\/wp-content\/uploads\/2024\/05\/\u56fe\u724714-988x1024.png 988w, https:\/\/www.xminsulation.com\/wp-content\/uploads\/2024\/05\/\u56fe\u724714-768x796.png 768w, https:\/\/www.xminsulation.com\/wp-content\/uploads\/2024\/05\/\u56fe\u724714-600x622.png 600w\" sizes=\"(max-width: 1000px) 100vw, 1000px\" \/> <img decoding=\"async\" class=\"alignnone wp-image-1020 size-full\" src=\"http:\/\/www.xminsulation.com\/wp-content\/uploads\/2024\/05\/\u56fe\u724715.png\" alt=\"\" width=\"1000\" height=\"1194\" srcset=\"https:\/\/www.xminsulation.com\/wp-content\/uploads\/2024\/05\/\u56fe\u724715.png 1000w, https:\/\/www.xminsulation.com\/wp-content\/uploads\/2024\/05\/\u56fe\u724715-251x300.png 251w, https:\/\/www.xminsulation.com\/wp-content\/uploads\/2024\/05\/\u56fe\u724715-858x1024.png 858w, https:\/\/www.xminsulation.com\/wp-content\/uploads\/2024\/05\/\u56fe\u724715-768x917.png 768w, https:\/\/www.xminsulation.com\/wp-content\/uploads\/2024\/05\/\u56fe\u724715-600x716.png 600w\" sizes=\"(max-width: 1000px) 100vw, 1000px\" \/> <img loading=\"lazy\" decoding=\"async\" class=\"alignnone wp-image-1021 size-full\" src=\"http:\/\/www.xminsulation.com\/wp-content\/uploads\/2024\/05\/\u56fe\u724716.png\" alt=\"\" width=\"1000\" height=\"954\" srcset=\"https:\/\/www.xminsulation.com\/wp-content\/uploads\/2024\/05\/\u56fe\u724716.png 1000w, https:\/\/www.xminsulation.com\/wp-content\/uploads\/2024\/05\/\u56fe\u724716-300x286.png 300w, https:\/\/www.xminsulation.com\/wp-content\/uploads\/2024\/05\/\u56fe\u724716-768x733.png 768w, https:\/\/www.xminsulation.com\/wp-content\/uploads\/2024\/05\/\u56fe\u724716-600x572.png 600w\" sizes=\"(max-width: 1000px) 100vw, 1000px\" \/><\/p>\n<h2><strong><b>Th\u00f4ng tin chung<\/b><\/strong><\/h2>\n<p>C\u00f4ng ngh\u1ec7 h\u00e0nh \u0111\u1ed9ng t\u00edch h\u1ee3p b\u1ecf qua l\u00e0 c\u00f4ng ngh\u1ec7 v\u1eadn h\u00e0nh m\u1edbi \u0111\u1ec3 c\u1ea3i thi\u1ec7n \u0111\u1ed9 tin c\u1eady c\u1ee7a ngu\u1ed3n cung c\u1ea5p \u0111i\u1ec7n trong m\u1ea1ng l\u01b0\u1edbi ph\u00e2n ph\u1ed1i. N\u00f3 bao g\u1ed3m v\u1eadn h\u00e0nh th\u00f4ng th\u01b0\u1eddng c\u1ee7a m\u1ea1ng l\u01b0\u1edbi ph\u00e2n ph\u1ed1i, v\u1eadn h\u00e0nh t\u00edch \u0111i\u1ec7n, b\u1ecf qua<\/p>\n<p>ch\u1ebf \u0111\u1ed9 v\u1eadn h\u00e0nh, ch\u1ebf \u0111\u1ed9 v\u1eadn h\u00e0nh b\u1eb1ng ngu\u1ed3n \u0111i\u1ec7n di \u0111\u1ed9ng v\u00e0 c\u00e1c ch\u1ebf \u0111\u1ed9 v\u1eadn h\u00e0nh kh\u00e1c.<\/p>\n<p>C\u00f4ng t\u1eafc t\u1ea3i bypass lo\u1ea1i k\u1ef9 thu\u1eadt LBS 10\/24kV 200A\/400A\/630A l\u00e0 thi\u1ebft b\u1ecb c\u1ed1t l\u00f5i \u0111\u1ec3 \u0111\u00e1p \u1ee9ng c\u00f4ng ngh\u1ec7 v\u1eadn h\u00e0nh m\u1edbi t\u00edch h\u1ee3p bypass. C\u00f4ng t\u1eafc s\u1eed d\u1ee5ng c\u00e1p ngu\u1ed3n linh ho\u1ea1t, \u0111\u1ea7u n\u1ed1i c\u00e1p c\u1eafm nhanh t\u1ef1 kh\u00f3a, c\u00f4ng t\u1eafc bypass, xe t\u1ea3i h\u1ed9p di \u0111\u1ed9ng v\u00e0 c\u00e1c thi\u1ebft b\u1ecb kh\u00e1c \u0111\u1ec3 x\u00e2y d\u1ef1ng c\u00e1c \u0111\u01a1n v\u1ecb ph\u00e2n ph\u1ed1i \u0111i\u1ec7n kh\u00e1c nhau \u0111\u1ec3 cung c\u1ea5p \u0111i\u1ec7n bypass cho ng\u01b0\u1eddi d\u00f9ng trong m\u1ed9t t\u1ed5 h\u1ee3p kh\u1ed1i x\u00e2y d\u1ef1ng. N\u00f3 kh\u00f4ng ch\u1ec9 cho ph\u00e9p c\u00e1c nh\u00e0 \u0111i\u1ec1u h\u00e0nh ph\u00e2n ph\u1ed1i \u0111i\u1ec7n ho\u00e0n th\u00e0nh c\u00f4ng vi\u1ec7c b\u1ea3o tr\u00ec \u0111\u01b0\u1eddng d\u00e2y trong \u0111i\u1ec1u ki\u1ec7n cung c\u1ea5p \u0111i\u1ec7n kh\u00f4ng b\u1ecb gi\u00e1n \u0111o\u1ea1n m\u00e0 c\u00f2n cung c\u1ea5p ngu\u1ed3n \u0111i\u1ec7n t\u1ea1m th\u1eddi cho nh\u1eefng n\u01a1i kh\u00f3 x\u1eed l\u00fd h\u01a1n \u0111\u1ec3 s\u1eeda ch\u1eefa l\u1ed7i \u0111\u01b0\u1eddng d\u00e2y c\u00e1p, gi\u1ea3m ph\u1ea1m vi m\u1ea5t \u0111i\u1ec7n, gi\u1ea3m t\u00e1c \u0111\u1ed9ng c\u1ee7a m\u1ea5t \u0111i\u1ec7n \u0111\u1ed1i v\u1edbi ng\u01b0\u1eddi d\u00f9ng v\u00e0 c\u1ea3i thi\u1ec7n \u0111\u1ed9 tin c\u1eady c\u1ee7a ngu\u1ed3n \u0111i\u1ec7n.<\/p>\n<p>C\u00f4ng t\u1eafc t\u1ea3i bypass s\u1eed d\u1ee5ng kh\u00ed SF6 c\u00f3 kh\u1ea3 n\u0103ng c\u00e1ch \u0111i\u1ec7n v\u00e0 d\u1eadp h\u1ed3 quang v\u01b0\u1ee3t tr\u1ed9i c\u00f9ng c\u1ea5u tr\u00fac m\u1ea1ch ch\u00ednh ti\u00ean ti\u1ebfn.<\/p>\n<h2><strong><b>T\u00ednh n\u0103ng s\u1ea3n ph\u1ea9m<\/b><\/strong><\/h2>\n<ol>\n<li>H\u1ed9p c\u00f4ng t\u1eafc \u0111\u01b0\u1ee3c l\u00e0m b\u1eb1ng th\u00e9p kh\u00f4ng g\u1ec9 304 \u0111\u1ec3 \u0111\u00e1p \u1ee9ng y\u00eau c\u1ea7u ch\u1ed1ng \u0103n m\u00f2n khi s\u1eed d\u1ee5ng l\u00e2u d\u00e0i.<\/li>\n<li>C\u01a1 ch\u1ebf ho\u1ea1t \u0111\u1ed9ng c\u1ee7a m\u1ea1ch ch\u00ednh l\u00e0 c\u1ea5u tr\u00fac tam gi\u00e1c ng\u01b0\u1ee3c \u0111\u01a1n gi\u1ea3n (Toggle), do \u0111\u00f3 kh\u00f4ng b\u1ecb \u1ea3nh h\u01b0\u1edfng b\u1edfi rung \u0111\u1ed9ng t\u1ea7n s\u1ed1 cao, tr\u1ecdng l\u1ef1c, t\u00e1c \u0111\u1ed9ng b\u00ean ngo\u00e0i, v.v. do \u0111\u1ed9ng \u0111\u1ea5t ho\u1eb7c gi\u00f3 m\u1ea1nh g\u00e2y ra. Hi\u1ec7u su\u1ea5t r\u1ea5t \u1ed5n \u0111\u1ecbnh v\u00e0 tu\u1ed5i th\u1ecd c\u01a1 h\u1ecdc d\u00e0i. C\u00f3 th\u1ec3 s\u1eed d\u1ee5ng chuy\u1ec3n m\u1ea1ch th\u1ee7 c\u00f4ng v\u00e0 \u0111i\u1ec7n. , ho\u1ea1t \u0111\u1ed9ng ri\u00eang bi\u1ec7t, kh\u1ea3 n\u0103ng t\u01b0\u01a1ng th\u00edch t\u1ed1t khi k\u1ebft h\u1ee3p v\u1edbi thi\u1ebft b\u1ecb b\u1ea3o v\u1ec7 d\u1ef1 ph\u00f2ng.<\/li>\n<li>C\u00f4ng t\u1eafc s\u1eed d\u1ee5ng \u1ed1ng c\u1eafm nhanh v\u00e0 c\u00f3 th\u1ec3 \u0111\u01b0\u1ee3c trang b\u1ecb giao di\u1ec7n c\u1eafm nhanh t\u1ef1 kh\u00f3a c\u1ee7a Ch\u00e2u \u00c2u v\u00e0 Ch\u00e2u M\u1ef9.<\/li>\n<li>C\u1ea5u h\u00ecnh thi\u1ebft b\u1ecb b\u1ea3o v\u1ec7 CT\/RVT: Nh\u1eb1m m\u1ee5c \u0111\u00edch ng\u0103n ng\u1eeba t\u00ecnh tr\u1ea1ng qu\u00e1 d\u00f2ng c\u1ee7a thi\u1ebft b\u1ecb \u0111o d\u00f2ng \u0111i\u1ec7n v\u00e0 h\u1edf m\u1ea1ch CT, qu\u00e1 \u00e1p c\u1ee7a thi\u1ebft b\u1ecb \u0111o \u0111i\u1ec7n \u00e1p.<\/li>\n<li>N\u00f3 c\u00f3 m\u00e0n h\u00ecnh hi\u1ec3n th\u1ecb \u0111i\u1ec7n t\u00edch v\u00e0 m\u00e0n h\u00ecnh \u0111\u1ebfm; v\u00e0 c\u00f3 ch\u1ee9c n\u0103ng pha h\u1ea1t nh\u00e2n.<\/li>\n<li>C\u00f3 ch\u1ee9c n\u0103ng v\u1eadn h\u00e0nh b\u1eb1ng tay, v\u1eadn h\u00e0nh b\u1eb1ng \u0111i\u1ec7n, v\u1eadn h\u00e0nh b\u1eb1ng \u0111i\u1ec1u khi\u1ec3n t\u1eeb xa t\u1ea1i ch\u1ed7 v\u00e0 ch\u1ee9c n\u0103ng \u0111\u00f3ng m\u1edf b\u1eb1ng \u0111i\u1ec1u khi\u1ec3n t\u1eeb xa (t\u00f9y ch\u1ecdn), gi\u00fap vi\u1ec7c v\u1eadn h\u00e0nh tr\u1edf n\u00ean thu\u1eadn ti\u1ec7n, nhanh ch\u00f3ng v\u00e0 an to\u00e0n.<\/li>\n<li>V\u1edbi ch\u1ee9c n\u0103ng ph\u00e1t hi\u1ec7n l\u1ed7i, b\u00e1o \u0111\u1ed9ng v\u00e0 t\u1ef1 \u0111\u1ed9ng ng\u1eaft l\u1ed7i (t\u00f9y ch\u1ecdn), s\u1ea3n ph\u1ea9m gi\u00fap ph\u00e1t hi\u1ec7n l\u1ed7i v\u00e0 b\u1ea3o v\u1ec7 d\u1ec5 d\u00e0ng h\u01a1n.<\/li>\n<\/ol>\n<p><img loading=\"lazy\" decoding=\"async\" class=\"alignnone wp-image-1022 size-full\" src=\"http:\/\/www.xminsulation.com\/wp-content\/uploads\/2024\/05\/\u56fe\u724717.png\" alt=\"\" width=\"1196\" height=\"1188\" srcset=\"https:\/\/www.xminsulation.com\/wp-content\/uploads\/2024\/05\/\u56fe\u724717.png 1196w, https:\/\/www.xminsulation.com\/wp-content\/uploads\/2024\/05\/\u56fe\u724717-300x298.png 300w, https:\/\/www.xminsulation.com\/wp-content\/uploads\/2024\/05\/\u56fe\u724717-1024x1017.png 1024w, https:\/\/www.xminsulation.com\/wp-content\/uploads\/2024\/05\/\u56fe\u724717-150x150.png 150w, https:\/\/www.xminsulation.com\/wp-content\/uploads\/2024\/05\/\u56fe\u724717-768x763.png 768w, https:\/\/www.xminsulation.com\/wp-content\/uploads\/2024\/05\/\u56fe\u724717-600x596.png 600w, https:\/\/www.xminsulation.com\/wp-content\/uploads\/2024\/05\/\u56fe\u724717-100x100.png 100w\" sizes=\"(max-width: 1196px) 100vw, 1196px\" \/><\/p>\n<h2><strong><b>C\u00e1ch s\u1eed d\u1ee5ng <\/b><\/strong><strong><b>E<\/b><\/strong><strong><b>m\u00f4i tr\u01b0\u1eddng<\/b><\/strong><\/h2>\n<ol>\n<li>Nhi\u1ec7t \u0111\u1ed9 ho\u1ea1t \u0111\u1ed9ng: -40~+85\u2103.<\/li>\n<li>\u0110i\u1ec1u ki\u1ec7n \u0111\u1ed9 \u1ea9m: 0 ~ 80% (\u0111\u1ed9 \u1ea9m t\u01b0\u01a1ng \u0111\u1ed1i).<\/li>\n<li>\u0110\u1ed9 cao s\u1eed d\u1ee5ng: d\u01b0\u1edbi 800m so v\u1edbi m\u1ef1c n\u01b0\u1edbc bi\u1ec3n.<\/li>\n<\/ol>\n<h2><strong><b>Th\u1ee7 c\u00f4ng <\/b><\/strong><strong><b>B<\/b><\/strong><strong><b>v\u01b0\u1ee3t qua <\/b><\/strong><strong><b>S<\/b><\/strong><strong><b>ph\u00f9 th\u1ee7y <\/b><\/strong><strong><b>S<\/b><\/strong><strong><b>c\u1ea5u tr\u00fac v\u00e0 <\/b><\/strong><strong><b>D<\/b><\/strong><strong><b>s\u1ef1 \u0111o l\u01b0\u1eddng <\/b><\/strong><strong><b>D<\/b><\/strong><strong><b>th\u00f4<\/b><\/strong><\/h2>\n<p><strong><b> <img loading=\"lazy\" decoding=\"async\" class=\"alignnone wp-image-1023 size-full\" src=\"http:\/\/www.xminsulation.com\/wp-content\/uploads\/2024\/05\/\u56fe\u724718.png\" alt=\"\" width=\"1000\" height=\"767\" srcset=\"https:\/\/www.xminsulation.com\/wp-content\/uploads\/2024\/05\/\u56fe\u724718.png 1000w, https:\/\/www.xminsulation.com\/wp-content\/uploads\/2024\/05\/\u56fe\u724718-300x230.png 300w, https:\/\/www.xminsulation.com\/wp-content\/uploads\/2024\/05\/\u56fe\u724718-768x589.png 768w, https:\/\/www.xminsulation.com\/wp-content\/uploads\/2024\/05\/\u56fe\u724718-600x460.png 600w\" sizes=\"(max-width: 1000px) 100vw, 1000px\" \/> <img loading=\"lazy\" decoding=\"async\" class=\"alignnone wp-image-1024 size-full\" src=\"http:\/\/www.xminsulation.com\/wp-content\/uploads\/2024\/05\/\u56fe\u724719.png\" alt=\"\" width=\"1000\" height=\"796\" srcset=\"https:\/\/www.xminsulation.com\/wp-content\/uploads\/2024\/05\/\u56fe\u724719.png 1000w, https:\/\/www.xminsulation.com\/wp-content\/uploads\/2024\/05\/\u56fe\u724719-300x239.png 300w, https:\/\/www.xminsulation.com\/wp-content\/uploads\/2024\/05\/\u56fe\u724719-768x611.png 768w, https:\/\/www.xminsulation.com\/wp-content\/uploads\/2024\/05\/\u56fe\u724719-600x478.png 600w\" sizes=\"(max-width: 1000px) 100vw, 1000px\" \/><\/b><\/strong><\/p>\n<p>1\uff0cThi\u1ebft b\u1ecb \u0111o l\u01b0\u1eddng Counter.<\/p>\n<p>2. Tay c\u1ea7m v\u1eadn h\u00e0nh v\u00e0 b\u1ea3ng t\u00ean.<\/p>\n<p>3. \u1ed4 c\u1eafm tay \u00e1o b\u1ecdc th\u00e9p b\u00ean tr\u00e1i v\u00e0 t\u1ea5m che b\u1ee5i.<\/p>\n<p>4,\u624b\u52a8\u95ed\u9501\u88c5\u7f6eThi\u1ebft b\u1ecb kh\u00f3a th\u1ee7 c\u00f4ng.<\/p>\n<p>5, \u0110\u1ed3ng h\u1ed3 \u0111o \u00e1p su\u1ea5t kh\u00f4ng kh\u00ed SF6\u6c14\u538b\u8868SF6.<\/p>\n<p>6, Van phun kh\u00ed SF6\u6c14\u4f53\u6ce8\u5165\u9600SF6.<\/p>\n<p>7\uff0cTi\u1ebfp theo Ch\u00e2n m\u00e1y th\u1ea5p h\u01a1n.<\/p>\n<p>8,\u4e0a\u63d0\u628a\u53ca\u540a\u8033Tay n\u00e2ng v\u00e0 v\u1ea5u n\u00e2ng.<\/p>\n<p>9. \u1ed4 c\u1eafm tay \u00e1o b\u1ecdc th\u00e9p b\u00ean ph\u1ea3i v\u00e0 t\u1ea5m che b\u1ee5i.<\/p>\n<p>10 \u6838\u76f8\u4eea\/\u63a7\u5236\u5668M\u00e1y ph\u00e2n t\u00edch\/\u0111i\u1ec1u khi\u1ec3n pha h\u1ea1t nh\u00e2n.<\/p>\n<p>11 \u65c1\u8def\u5f00\u5173\u56fa\u5b9a\u5668Gi\u00e1 \u0111\u1ee1 c\u00f4ng t\u1eafc bypass.<\/p>\n<p>12\uff0c\u63a5\u5730\u5b54L\u1ed7 \u0111\u1ea5t.<\/p>\n<p>13\u9ad8\u538b\u9632\u7206\u88c5\u7f6eThi\u1ebft b\u1ecb ch\u1ed1ng ch\u00e1y n\u1ed5 \u00e1p su\u1ea5t cao.<\/p>\n<p><img loading=\"lazy\" decoding=\"async\" class=\"alignnone wp-image-1025 size-full\" src=\"http:\/\/www.xminsulation.com\/wp-content\/uploads\/2024\/05\/\u56fe\u724720.png\" alt=\"\" width=\"1000\" height=\"959\" srcset=\"https:\/\/www.xminsulation.com\/wp-content\/uploads\/2024\/05\/\u56fe\u724720.png 1000w, https:\/\/www.xminsulation.com\/wp-content\/uploads\/2024\/05\/\u56fe\u724720-300x288.png 300w, https:\/\/www.xminsulation.com\/wp-content\/uploads\/2024\/05\/\u56fe\u724720-768x737.png 768w, https:\/\/www.xminsulation.com\/wp-content\/uploads\/2024\/05\/\u56fe\u724720-600x575.png 600w\" sizes=\"(max-width: 1000px) 100vw, 1000px\" \/> <img loading=\"lazy\" decoding=\"async\" class=\"alignnone wp-image-1026 size-full\" src=\"http:\/\/www.xminsulation.com\/wp-content\/uploads\/2024\/05\/\u56fe\u724721.png\" alt=\"\" width=\"1000\" height=\"1226\" srcset=\"https:\/\/www.xminsulation.com\/wp-content\/uploads\/2024\/05\/\u56fe\u724721.png 1000w, https:\/\/www.xminsulation.com\/wp-content\/uploads\/2024\/05\/\u56fe\u724721-245x300.png 245w, https:\/\/www.xminsulation.com\/wp-content\/uploads\/2024\/05\/\u56fe\u724721-835x1024.png 835w, https:\/\/www.xminsulation.com\/wp-content\/uploads\/2024\/05\/\u56fe\u724721-768x942.png 768w, https:\/\/www.xminsulation.com\/wp-content\/uploads\/2024\/05\/\u56fe\u724721-600x736.png 600w\" sizes=\"(max-width: 1000px) 100vw, 1000px\" \/> <img loading=\"lazy\" decoding=\"async\" class=\"alignnone wp-image-1027 size-full\" src=\"http:\/\/www.xminsulation.com\/wp-content\/uploads\/2024\/05\/\u56fe\u724722.png\" alt=\"\" width=\"1000\" height=\"1443\" srcset=\"https:\/\/www.xminsulation.com\/wp-content\/uploads\/2024\/05\/\u56fe\u724722.png 1000w, https:\/\/www.xminsulation.com\/wp-content\/uploads\/2024\/05\/\u56fe\u724722-208x300.png 208w, https:\/\/www.xminsulation.com\/wp-content\/uploads\/2024\/05\/\u56fe\u724722-710x1024.png 710w, https:\/\/www.xminsulation.com\/wp-content\/uploads\/2024\/05\/\u56fe\u724722-768x1108.png 768w, https:\/\/www.xminsulation.com\/wp-content\/uploads\/2024\/05\/\u56fe\u724722-600x866.png 600w\" sizes=\"(max-width: 1000px) 100vw, 1000px\" \/> <img loading=\"lazy\" decoding=\"async\" class=\"alignnone wp-image-1028 size-full\" src=\"http:\/\/www.xminsulation.com\/wp-content\/uploads\/2024\/05\/\u56fe\u724723.png\" alt=\"\" width=\"1000\" height=\"906\" srcset=\"https:\/\/www.xminsulation.com\/wp-content\/uploads\/2024\/05\/\u56fe\u724723.png 1000w, https:\/\/www.xminsulation.com\/wp-content\/uploads\/2024\/05\/\u56fe\u724723-300x272.png 300w, https:\/\/www.xminsulation.com\/wp-content\/uploads\/2024\/05\/\u56fe\u724723-768x696.png 768w, https:\/\/www.xminsulation.com\/wp-content\/uploads\/2024\/05\/\u56fe\u724723-600x544.png 600w\" sizes=\"(max-width: 1000px) 100vw, 1000px\" \/> <img loading=\"lazy\" decoding=\"async\" class=\"alignnone wp-image-1029 size-full\" src=\"http:\/\/www.xminsulation.com\/wp-content\/uploads\/2024\/05\/\u56fe\u724724.png\" alt=\"\" width=\"1000\" height=\"518\" srcset=\"https:\/\/www.xminsulation.com\/wp-content\/uploads\/2024\/05\/\u56fe\u724724.png 1000w, https:\/\/www.xminsulation.com\/wp-content\/uploads\/2024\/05\/\u56fe\u724724-300x155.png 300w, https:\/\/www.xminsulation.com\/wp-content\/uploads\/2024\/05\/\u56fe\u724724-768x398.png 768w, https:\/\/www.xminsulation.com\/wp-content\/uploads\/2024\/05\/\u56fe\u724724-600x311.png 600w\" sizes=\"(max-width: 1000px) 100vw, 1000px\" \/><\/p>\n<h2><strong><b>C\u1ea5u tr\u00fac v\u00e0 b\u1ea3n v\u1ebd k\u00edch th\u01b0\u1edbc c\u00f4ng t\u1eafc bypass \u0111i\u1ec7n<\/b><\/strong><\/h2>\n<p><img loading=\"lazy\" decoding=\"async\" class=\"alignnone wp-image-1030 size-full\" src=\"http:\/\/www.xminsulation.com\/wp-content\/uploads\/2024\/05\/\u56fe\u724725.png\" alt=\"\" width=\"1000\" height=\"753\" srcset=\"https:\/\/www.xminsulation.com\/wp-content\/uploads\/2024\/05\/\u56fe\u724725.png 1000w, https:\/\/www.xminsulation.com\/wp-content\/uploads\/2024\/05\/\u56fe\u724725-300x226.png 300w, https:\/\/www.xminsulation.com\/wp-content\/uploads\/2024\/05\/\u56fe\u724725-768x578.png 768w, https:\/\/www.xminsulation.com\/wp-content\/uploads\/2024\/05\/\u56fe\u724725-600x452.png 600w\" sizes=\"(max-width: 1000px) 100vw, 1000px\" \/><\/p>\n<p>1\uff0cThi\u1ebft b\u1ecb \u0111o l\u01b0\u1eddng Counter.<\/p>\n<p>2\u3001\u4ea7\u54c1\u94ed\u724cB\u1ea3ng t\u00ean s\u1ea3n ph\u1ea9m.<\/p>\n<p>3. \u1ed4 c\u1eafm tay \u00e1o b\u1ecdc th\u00e9p b\u00ean tr\u00e1i v\u00e0 t\u1ea5m che b\u1ee5i.<\/p>\n<p>4,\u624b\u52a8\u95ed\u9501\u88c5\u7f6eThi\u1ebft b\u1ecb kh\u00f3a th\u1ee7 c\u00f4ng.<\/p>\n<p>5, \u0110\u1ed3ng h\u1ed3 \u0111o \u00e1p su\u1ea5t kh\u00f4ng kh\u00ed SF6\u6c14\u538b\u8868SF6.<\/p>\n<p>6, Van phun kh\u00ed SF6\u6c14\u4f53\u6ce8\u5165\u9600SF6.<\/p>\n<p>7\uff0cTi\u1ebfp theo Ch\u00e2n m\u00e1y th\u1ea5p h\u01a1n.<\/p>\n<p>8,\u4e0a\u63d0\u628a\u53ca\u540a\u8033Tay n\u00e2ng v\u00e0 v\u1ea5u n\u00e2ng.<\/p>\n<p>9. \u1ed4 c\u1eafm tay \u00e1o b\u1ecdc th\u00e9p b\u00ean ph\u1ea3i v\u00e0 t\u1ea5m che b\u1ee5i.<\/p>\n<p>10 \u6838\u76f8\u4eea\/\u63a7\u5236\u5668M\u00e1y ph\u00e2n t\u00edch\/\u0111i\u1ec1u khi\u1ec3n pha h\u1ea1t nh\u00e2n.<\/p>\n<p>11. Thi\u1ebft b\u1ecb ch\u1ed1ng ch\u00e1y n\u1ed5 \u00e1p su\u1ea5t cao.<\/p>\n<p>12\u64cd\u4f5c\u624b\u67c4Tay c\u1ea7m v\u1eadn h\u00e0nh.<\/p>\n<p>13\uff0c\u63a5\u5730\u87ba\u67f1\u0110inh ti\u1ebfp \u0111\u1ea5t.<\/p>\n<p>14 \u822a\u7a7a\u63d2\u5ea7\u1ed4 c\u1eafm h\u00e0ng kh\u00f4ng.<\/p>\n<p><img loading=\"lazy\" decoding=\"async\" class=\"alignnone wp-image-1031 size-full\" src=\"http:\/\/www.xminsulation.com\/wp-content\/uploads\/2024\/05\/\u56fe\u724726.png\" alt=\"\" width=\"1000\" height=\"1188\" srcset=\"https:\/\/www.xminsulation.com\/wp-content\/uploads\/2024\/05\/\u56fe\u724726.png 1000w, https:\/\/www.xminsulation.com\/wp-content\/uploads\/2024\/05\/\u56fe\u724726-253x300.png 253w, https:\/\/www.xminsulation.com\/wp-content\/uploads\/2024\/05\/\u56fe\u724726-862x1024.png 862w, https:\/\/www.xminsulation.com\/wp-content\/uploads\/2024\/05\/\u56fe\u724726-768x912.png 768w, https:\/\/www.xminsulation.com\/wp-content\/uploads\/2024\/05\/\u56fe\u724726-600x713.png 600w\" sizes=\"(max-width: 1000px) 100vw, 1000px\" \/> <img loading=\"lazy\" decoding=\"async\" class=\"alignnone wp-image-1032 size-full\" src=\"http:\/\/www.xminsulation.com\/wp-content\/uploads\/2024\/05\/\u56fe\u724727.png\" alt=\"\" width=\"1000\" height=\"749\" srcset=\"https:\/\/www.xminsulation.com\/wp-content\/uploads\/2024\/05\/\u56fe\u724727.png 1000w, https:\/\/www.xminsulation.com\/wp-content\/uploads\/2024\/05\/\u56fe\u724727-300x225.png 300w, https:\/\/www.xminsulation.com\/wp-content\/uploads\/2024\/05\/\u56fe\u724727-768x575.png 768w, https:\/\/www.xminsulation.com\/wp-content\/uploads\/2024\/05\/\u56fe\u724727-600x449.png 600w\" sizes=\"(max-width: 1000px) 100vw, 1000px\" \/> <img loading=\"lazy\" decoding=\"async\" class=\"alignnone wp-image-1033 size-full\" src=\"http:\/\/www.xminsulation.com\/wp-content\/uploads\/2024\/05\/\u56fe\u724728.png\" alt=\"\" width=\"1000\" height=\"915\" srcset=\"https:\/\/www.xminsulation.com\/wp-content\/uploads\/2024\/05\/\u56fe\u724728.png 1000w, https:\/\/www.xminsulation.com\/wp-content\/uploads\/2024\/05\/\u56fe\u724728-300x275.png 300w, https:\/\/www.xminsulation.com\/wp-content\/uploads\/2024\/05\/\u56fe\u724728-768x703.png 768w, https:\/\/www.xminsulation.com\/wp-content\/uploads\/2024\/05\/\u56fe\u724728-600x549.png 600w\" sizes=\"(max-width: 1000px) 100vw, 1000px\" \/> <img loading=\"lazy\" decoding=\"async\" class=\"alignnone wp-image-1034 size-full\" src=\"http:\/\/www.xminsulation.com\/wp-content\/uploads\/2024\/05\/\u56fe\u724729.png\" alt=\"\" width=\"467\" height=\"806\" srcset=\"https:\/\/www.xminsulation.com\/wp-content\/uploads\/2024\/05\/\u56fe\u724729.png 467w, https:\/\/www.xminsulation.com\/wp-content\/uploads\/2024\/05\/\u56fe\u724729-174x300.png 174w\" sizes=\"(max-width: 467px) 100vw, 467px\" \/><\/p>\n<p><strong><b>C\u00e0i \u0111\u1eb7t c\u1ee7a <\/b><\/strong><strong><b>S<\/b><\/strong><strong><b>ph\u00f9 th\u1ee7y <\/b><\/strong><strong><b>B<\/b><\/strong><strong><b>cu\u1ed9c h\u00e0nh tr\u00ecnh<\/b><\/strong><\/p>\n<ol>\n<li>L\u1eafp gi\u00e1 \u0111\u1ee1 v\u00e0o c\u1ed9t.<\/li>\n<\/ol>\n<p><img loading=\"lazy\" decoding=\"async\" class=\"alignnone wp-image-1035 size-full\" src=\"http:\/\/www.xminsulation.com\/wp-content\/uploads\/2024\/05\/\u56fe\u724730.png\" alt=\"\" width=\"600\" height=\"573\" srcset=\"https:\/\/www.xminsulation.com\/wp-content\/uploads\/2024\/05\/\u56fe\u724730.png 600w, https:\/\/www.xminsulation.com\/wp-content\/uploads\/2024\/05\/\u56fe\u724730-300x287.png 300w\" sizes=\"(max-width: 600px) 100vw, 600px\" \/><\/p>\n<ol start=\"2\">\n<li>Treo c\u00f4ng t\u1eafc bypass v\u00e0o gi\u00e1 \u0111\u1ee1.<\/li>\n<\/ol>\n<p><img loading=\"lazy\" decoding=\"async\" class=\"alignnone wp-image-1036 size-full\" src=\"http:\/\/www.xminsulation.com\/wp-content\/uploads\/2024\/05\/\u56fe\u724731.png\" alt=\"\" width=\"600\" height=\"297\" srcset=\"https:\/\/www.xminsulation.com\/wp-content\/uploads\/2024\/05\/\u56fe\u724731.png 600w, https:\/\/www.xminsulation.com\/wp-content\/uploads\/2024\/05\/\u56fe\u724731-300x149.png 300w\" sizes=\"(max-width: 600px) 100vw, 600px\" \/><\/p>\n<p><img loading=\"lazy\" decoding=\"async\" class=\"alignnone wp-image-1037 size-full\" src=\"http:\/\/www.xminsulation.com\/wp-content\/uploads\/2024\/05\/\u56fe\u724732.png\" alt=\"\" width=\"600\" height=\"335\" srcset=\"https:\/\/www.xminsulation.com\/wp-content\/uploads\/2024\/05\/\u56fe\u724732.png 600w, https:\/\/www.xminsulation.com\/wp-content\/uploads\/2024\/05\/\u56fe\u724732-300x168.png 300w\" sizes=\"(max-width: 600px) 100vw, 600px\" \/><\/p>\n<h2 class=\"wxts\">\u25c6T\u00f9y ch\u1ec9nh \u0111\u1eb7c bi\u1ec7t<\/h2>\n<p>C\u00e1c th\u00f4ng s\u1ed1 tr\u00ean l\u00e0 d\u1eef li\u1ec7u ti\u00eau bi\u1ec3u; n\u1ebfu c\u00e1c ki\u1ec3u d\u00e1ng hi\u1ec7n c\u00f3 kh\u00f4ng \u0111\u00e1p \u1ee9ng \u0111\u01b0\u1ee3c nhu c\u1ea7u c\u1ee5 th\u1ec3 c\u1ee7a b\u1ea1n, vui l\u00f2ng li\u00ean h\u1ec7 v\u1edbi ch\u00fang t\u00f4i \u0111\u1ec3 \u0111\u01b0\u1ee3c thi\u1ebft k\u1ebf ri\u00eang. Ch\u00fang t\u00f4i c\u00f3 k\u1ef9 n\u0103ng s\u1ea3n xu\u1ea5t v\u00e0 ph\u00e1t tri\u1ec3n t\u00f9y ch\u1ec9nh c\u00e1 nh\u00e2n h\u00f3a \u0111\u00e1ng k\u1ec3, cho ph\u00e9p ch\u00fang t\u00f4i cung c\u1ea5p c\u00e1c gi\u1ea3i ph\u00e1p ph\u00f9 h\u1ee3p cho kh\u00e1ch h\u00e0ng tr\u00ean to\u00e0n th\u1ebf gi\u1edbi.<\/p>","protected":false},"excerpt":{"rendered":"<p>General Information Bypass integrated action technology is a new operation technology to improve the reliability of power supply in distribution network. It includes distribution network conventional operation, charged operation, bypass operation, mobile power operation and other operation modes. 10\/24kV 200A\/400A\/630A LBS engineering type bypass load switch is the core equipment to meet the bypass integrated [&hellip;]<\/p>","protected":false},"featured_media":1017,"template":"","meta":{"site-sidebar-layout":"default","site-content-layout":"","ast-site-content-layout":"default","site-content-style":"default","site-sidebar-style":"default","ast-global-header-display":"","ast-banner-title-visibility":"","ast-main-header-display":"","ast-hfb-above-header-display":"","ast-hfb-below-header-display":"","ast-hfb-mobile-header-display":"","site-post-title":"","ast-breadcrumbs-content":"","ast-featured-img":"","footer-sml-layout":"","theme-transparent-header-meta":"default","adv-header-id-meta":"","stick-header-meta":"","header-above-stick-meta":"","header-main-stick-meta":"","header-below-stick-meta":"","astra-migrate-meta-layouts":"set","ast-page-background-enabled":"default","ast-page-background-meta":{"desktop":{"background-color":"","background-image":"","background-repeat":"repeat","background-position":"center center","background-size":"auto","background-attachment":"scroll","background-type":"","background-media":"","overlay-type":"","overlay-color":"","overlay-gradient":""},"tablet":{"background-color":"","background-image":"","background-repeat":"repeat","background-position":"center center","background-size":"auto","background-attachment":"scroll","background-type":"","background-media":"","overlay-type":"","overlay-color":"","overlay-gradient":""},"mobile":{"background-color":"","background-image":"","background-repeat":"repeat","background-position":"center center","background-size":"auto","background-attachment":"scroll","background-type":"","background-media":"","overlay-type":"","overlay-color":"","overlay-gradient":""}},"ast-content-background-meta":{"desktop":{"background-color":"var(--ast-global-color-5)","background-image":"","background-repeat":"repeat","background-position":"center center","background-size":"auto","background-attachment":"scroll","background-type":"","background-media":"","overlay-type":"","overlay-color":"","overlay-gradient":""},"tablet":{"background-color":"var(--ast-global-color-5)","background-image":"","background-repeat":"repeat","background-position":"center center","background-size":"auto","background-attachment":"scroll","background-type":"","background-media":"","overlay-type":"","overlay-color":"","overlay-gradient":""},"mobile":{"background-color":"var(--ast-global-color-5)","background-image":"","background-repeat":"repeat","background-position":"center center","background-size":"auto","background-attachment":"scroll","background-type":"","background-media":"","overlay-type":"","overlay-color":"","overlay-gradient":""}}},"product_cat":[57],"product_tag":[],"class_list":{"0":"post-1016","1":"product","2":"type-product","3":"status-publish","4":"has-post-thumbnail","6":"product_cat-bypass-switch","7":"desktop-align-left","8":"tablet-align-left","9":"mobile-align-left","11":"first","12":"instock","13":"shipping-taxable","14":"product-type-simple"},"_links":{"self":[{"href":"https:\/\/www.xminsulation.com\/vi\/wp-json\/wp\/v2\/product\/1016","targetHints":{"allow":["GET"]}}],"collection":[{"href":"https:\/\/www.xminsulation.com\/vi\/wp-json\/wp\/v2\/product"}],"about":[{"href":"https:\/\/www.xminsulation.com\/vi\/wp-json\/wp\/v2\/types\/product"}],"wp:featuredmedia":[{"embeddable":true,"href":"https:\/\/www.xminsulation.com\/vi\/wp-json\/wp\/v2\/media\/1017"}],"wp:attachment":[{"href":"https:\/\/www.xminsulation.com\/vi\/wp-json\/wp\/v2\/media?parent=1016"}],"wp:term":[{"taxonomy":"product_cat","embeddable":true,"href":"https:\/\/www.xminsulation.com\/vi\/wp-json\/wp\/v2\/product_cat?post=1016"},{"taxonomy":"product_tag","embeddable":true,"href":"https:\/\/www.xminsulation.com\/vi\/wp-json\/wp\/v2\/product_tag?post=1016"}],"curies":[{"name":"wp","href":"https:\/\/api.w.org\/{rel}","templated":true}]}}