{"id":1005,"date":"2024-05-06T10:07:26","date_gmt":"2024-05-06T02:07:26","guid":{"rendered":"http:\/\/www.xminsulation.com\/?post_type=product&#038;p=1005"},"modified":"2024-05-23T21:39:00","modified_gmt":"2024-05-23T13:39:00","slug":"24kv-630a-sf6-gis-circuit-breaker-switch","status":"publish","type":"product","link":"https:\/\/www.xminsulation.com\/vi\/product\/24kv-630a-sf6-gis-circuit-breaker-switch\/","title":{"rendered":"C\u00f4ng t\u1eafc ng\u1eaft m\u1ea1ch GIS SF6 24kV-630A"},"content":{"rendered":"<p><img fetchpriority=\"high\" decoding=\"async\" class=\"alignnone wp-image-1007 size-full\" src=\"http:\/\/www.xminsulation.com\/wp-content\/uploads\/2024\/05\/\u56fe\u72475-1.png\" alt=\"\" width=\"1000\" height=\"1000\" srcset=\"https:\/\/www.xminsulation.com\/wp-content\/uploads\/2024\/05\/\u56fe\u72475-1.png 1000w, https:\/\/www.xminsulation.com\/wp-content\/uploads\/2024\/05\/\u56fe\u72475-1-300x300.png 300w, https:\/\/www.xminsulation.com\/wp-content\/uploads\/2024\/05\/\u56fe\u72475-1-150x150.png 150w, https:\/\/www.xminsulation.com\/wp-content\/uploads\/2024\/05\/\u56fe\u72475-1-768x768.png 768w, https:\/\/www.xminsulation.com\/wp-content\/uploads\/2024\/05\/\u56fe\u72475-1-600x600.png 600w, https:\/\/www.xminsulation.com\/wp-content\/uploads\/2024\/05\/\u56fe\u72475-1-100x100.png 100w\" sizes=\"(max-width: 1000px) 100vw, 1000px\" \/><\/p>\n<p>&nbsp;<\/p>\n<h2><strong><b>Th\u00f4ng tin chung<\/b><\/strong><\/h2>\n<p>M\u00e1y c\u1eaft ch\u00e2n kh\u00f4ng GIS SF6 c\u00e1ch \u0111i\u1ec7n ho\u00e0n to\u00e0n v\u00e0 k\u00edn ho\u00e0n to\u00e0n 24kV-630A l\u00e0 m\u00e1y c\u1eaft ch\u00e2n kh\u00f4ng chuy\u00ean d\u1ee5ng cho t\u1ee7 c\u00e1ch \u0111i\u1ec7n kh\u00ed SF6 24kV. C\u00f4ng t\u1eafc s\u1eed d\u1ee5ng c\u1ea5u tr\u00fac ki\u1ec3u thanh gi\u1eb1ng, c\u00f3 \u01b0u \u0111i\u1ec3m l\u00e0 hi\u1ec7u su\u1ea5t c\u1eaft \u0111\u00e1ng tin c\u1eady, tu\u1ed5i th\u1ecd cao, kh\u00f4ng c\u1ea7n b\u1ea3o d\u01b0\u1ee1ng v\u00e0 l\u1eafp \u0111\u1eb7t d\u1ec5 d\u00e0ng.<\/p>\n<p>M\u00e1y c\u1eaft ch\u00e2n kh\u00f4ng 24kV-630A ch\u1ee7 y\u1ebfu \u0111\u01b0\u1ee3c s\u1eed d\u1ee5ng tr\u00ean th\u1ecb tr\u01b0\u1eddng ph\u1ed5 bi\u1ebfn lo\u1ea1i SF6 c\u1ee7a ABB, lo\u1ea1i \u0111\u00f3ng c\u1eaft kim lo\u1ea1i ho\u00e0n to\u00e0n c\u00e1ch \u0111i\u1ec7n ho\u1eb7c c\u00e1c lo\u1ea1i t\u1ee7 b\u01a1m SF6 t\u01b0\u01a1ng t\u1ef1 kh\u00e1c, l\u00e0 th\u00e0nh ph\u1ea7n ch\u00ednh c\u1ee7a t\u1ee7 b\u01a1m, ch\u1ecbu ch\u1ee9c n\u0103ng ch\u00ednh, v\u1edbi d\u00f2ng \u0111i\u1ec7n \u0111\u1ecbnh m\u1ee9c v\u00e0 d\u00f2ng \u0111i\u1ec7n t\u1ea3i; Hi\u1ec7u su\u1ea5t \u0111\u00f3ng v\u00e0 ng\u1eaft d\u00f2ng \u0111i\u1ec7n ng\u1eafn m\u1ea1ch.<\/p>\n<h2><strong><b>\u0110i\u1ec1u ki\u1ec7n s\u1eed d\u1ee5ng m\u00f4i tr\u01b0\u1eddng<\/b><\/strong><\/h2>\n<ol>\n<li>V\u1ecb tr\u00ed l\u1eafp \u0111\u1eb7t: B\u00ean trong b\u00ecnh x\u0103ng.<\/li>\n<li>Nhi\u1ec7t \u0111\u1ed9 m\u00f4i tr\u01b0\u1eddng (\u2103): -45~+40.<\/li>\n<li>\u0110\u1ed9 cao (m):\u22642000.<\/li>\n<li>\u0110\u1ed9 \u1ea9m kh\u00f4ng kh\u00ed (%): Trung b\u00ecnh ng\u00e0y kh\u00f4ng qu\u00e1 95%, trung b\u00ecnh th\u00e1ng kh\u00f4ng qu\u00e1 90%.<\/li>\n<li>C\u01b0\u1eddng \u0111\u1ed9 \u0111\u1ecba ch\u1ea5n:\u22648 \u0111\u1ed9<\/li>\n<\/ol>\n<p><img decoding=\"async\" class=\"alignnone wp-image-1008 size-full\" src=\"http:\/\/www.xminsulation.com\/wp-content\/uploads\/2024\/05\/\u56fe\u72476.png\" alt=\"\" width=\"1216\" height=\"934\" srcset=\"https:\/\/www.xminsulation.com\/wp-content\/uploads\/2024\/05\/\u56fe\u72476.png 1216w, https:\/\/www.xminsulation.com\/wp-content\/uploads\/2024\/05\/\u56fe\u72476-300x230.png 300w, https:\/\/www.xminsulation.com\/wp-content\/uploads\/2024\/05\/\u56fe\u72476-1024x787.png 1024w, https:\/\/www.xminsulation.com\/wp-content\/uploads\/2024\/05\/\u56fe\u72476-768x590.png 768w, https:\/\/www.xminsulation.com\/wp-content\/uploads\/2024\/05\/\u56fe\u72476-600x461.png 600w\" sizes=\"(max-width: 1216px) 100vw, 1216px\" \/><\/p>\n<h2><strong><b>C\u1ea5u tr\u00fac v\u00e0 k\u00edch th\u01b0\u1edbc l\u1eafp \u0111\u1eb7t<\/b><\/strong><\/h2>\n<p><img decoding=\"async\" class=\"alignnone wp-image-1009 size-full\" src=\"http:\/\/www.xminsulation.com\/wp-content\/uploads\/2024\/05\/\u56fe\u72477.png\" alt=\"\" width=\"1072\" height=\"1174\" srcset=\"https:\/\/www.xminsulation.com\/wp-content\/uploads\/2024\/05\/\u56fe\u72477.png 1072w, https:\/\/www.xminsulation.com\/wp-content\/uploads\/2024\/05\/\u56fe\u72477-274x300.png 274w, https:\/\/www.xminsulation.com\/wp-content\/uploads\/2024\/05\/\u56fe\u72477-935x1024.png 935w, https:\/\/www.xminsulation.com\/wp-content\/uploads\/2024\/05\/\u56fe\u72477-768x841.png 768w, https:\/\/www.xminsulation.com\/wp-content\/uploads\/2024\/05\/\u56fe\u72477-600x657.png 600w\" sizes=\"(max-width: 1072px) 100vw, 1072px\" \/> <img loading=\"lazy\" decoding=\"async\" class=\"alignnone wp-image-1010 size-full\" src=\"http:\/\/www.xminsulation.com\/wp-content\/uploads\/2024\/05\/\u56fe\u72478.png\" alt=\"\" width=\"672\" height=\"517\" srcset=\"https:\/\/www.xminsulation.com\/wp-content\/uploads\/2024\/05\/\u56fe\u72478.png 672w, https:\/\/www.xminsulation.com\/wp-content\/uploads\/2024\/05\/\u56fe\u72478-300x231.png 300w, https:\/\/www.xminsulation.com\/wp-content\/uploads\/2024\/05\/\u56fe\u72478-600x462.png 600w\" sizes=\"(max-width: 672px) 100vw, 672px\" \/><\/p>\n<div class=\"wxts\">\n<h2>\u25c6T\u00f9y ch\u1ec9nh \u0111\u1eb7c bi\u1ec7t<\/h2>\n<p>C\u00e1c th\u00f4ng s\u1ed1 tr\u00ean l\u00e0 d\u1eef li\u1ec7u ti\u00eau bi\u1ec3u; n\u1ebfu c\u00e1c ki\u1ec3u d\u00e1ng hi\u1ec7n c\u00f3 kh\u00f4ng \u0111\u00e1p \u1ee9ng \u0111\u01b0\u1ee3c nhu c\u1ea7u c\u1ee5 th\u1ec3 c\u1ee7a b\u1ea1n, vui l\u00f2ng li\u00ean h\u1ec7 v\u1edbi ch\u00fang t\u00f4i \u0111\u1ec3 \u0111\u01b0\u1ee3c thi\u1ebft k\u1ebf ri\u00eang. Ch\u00fang t\u00f4i c\u00f3 k\u1ef9 n\u0103ng s\u1ea3n xu\u1ea5t v\u00e0 ph\u00e1t tri\u1ec3n t\u00f9y ch\u1ec9nh c\u00e1 nh\u00e2n h\u00f3a \u0111\u00e1ng k\u1ec3, cho ph\u00e9p ch\u00fang t\u00f4i cung c\u1ea5p c\u00e1c gi\u1ea3i ph\u00e1p ph\u00f9 h\u1ee3p cho kh\u00e1ch h\u00e0ng tr\u00ean to\u00e0n th\u1ebf gi\u1edbi.<\/p>\n<\/div>","protected":false},"excerpt":{"rendered":"<p>&nbsp; General Information 24kV-630A Fully insulated and fully sealed SF6 GIS high-voltage Vacuum circuit breaker is a special vacuum circuit breaker for 24kV SF6 gas insulated cabinet. The switch adopts splint type structure, which has the advantages of reliable breaking performance, long service life, maintenance-free and easy installation. 24kV-630A vacuum circuit breaker is mainly used [&hellip;]<\/p>","protected":false},"featured_media":1006,"template":"","meta":{"site-sidebar-layout":"default","site-content-layout":"","ast-site-content-layout":"default","site-content-style":"default","site-sidebar-style":"default","ast-global-header-display":"","ast-banner-title-visibility":"","ast-main-header-display":"","ast-hfb-above-header-display":"","ast-hfb-below-header-display":"","ast-hfb-mobile-header-display":"","site-post-title":"","ast-breadcrumbs-content":"","ast-featured-img":"","footer-sml-layout":"","theme-transparent-header-meta":"default","adv-header-id-meta":"","stick-header-meta":"","header-above-stick-meta":"","header-main-stick-meta":"","header-below-stick-meta":"","astra-migrate-meta-layouts":"set","ast-page-background-enabled":"default","ast-page-background-meta":{"desktop":{"background-color":"","background-image":"","background-repeat":"repeat","background-position":"center center","background-size":"auto","background-attachment":"scroll","background-type":"","background-media":"","overlay-type":"","overlay-color":"","overlay-gradient":""},"tablet":{"background-color":"","background-image":"","background-repeat":"repeat","background-position":"center center","background-size":"auto","background-attachment":"scroll","background-type":"","background-media":"","overlay-type":"","overlay-color":"","overlay-gradient":""},"mobile":{"background-color":"","background-image":"","background-repeat":"repeat","background-position":"center center","background-size":"auto","background-attachment":"scroll","background-type":"","background-media":"","overlay-type":"","overlay-color":"","overlay-gradient":""}},"ast-content-background-meta":{"desktop":{"background-color":"var(--ast-global-color-5)","background-image":"","background-repeat":"repeat","background-position":"center center","background-size":"auto","background-attachment":"scroll","background-type":"","background-media":"","overlay-type":"","overlay-color":"","overlay-gradient":""},"tablet":{"background-color":"var(--ast-global-color-5)","background-image":"","background-repeat":"repeat","background-position":"center center","background-size":"auto","background-attachment":"scroll","background-type":"","background-media":"","overlay-type":"","overlay-color":"","overlay-gradient":""},"mobile":{"background-color":"var(--ast-global-color-5)","background-image":"","background-repeat":"repeat","background-position":"center center","background-size":"auto","background-attachment":"scroll","background-type":"","background-media":"","overlay-type":"","overlay-color":"","overlay-gradient":""}}},"product_cat":[31],"product_tag":[],"class_list":{"0":"post-1005","1":"product","2":"type-product","3":"status-publish","4":"has-post-thumbnail","6":"product_cat-10-40-5kv-indoor-sf6-circuit-breaker-switch","7":"desktop-align-left","8":"tablet-align-left","9":"mobile-align-left","11":"first","12":"instock","13":"shipping-taxable","14":"product-type-simple"},"_links":{"self":[{"href":"https:\/\/www.xminsulation.com\/vi\/wp-json\/wp\/v2\/product\/1005","targetHints":{"allow":["GET"]}}],"collection":[{"href":"https:\/\/www.xminsulation.com\/vi\/wp-json\/wp\/v2\/product"}],"about":[{"href":"https:\/\/www.xminsulation.com\/vi\/wp-json\/wp\/v2\/types\/product"}],"wp:featuredmedia":[{"embeddable":true,"href":"https:\/\/www.xminsulation.com\/vi\/wp-json\/wp\/v2\/media\/1006"}],"wp:attachment":[{"href":"https:\/\/www.xminsulation.com\/vi\/wp-json\/wp\/v2\/media?parent=1005"}],"wp:term":[{"taxonomy":"product_cat","embeddable":true,"href":"https:\/\/www.xminsulation.com\/vi\/wp-json\/wp\/v2\/product_cat?post=1005"},{"taxonomy":"product_tag","embeddable":true,"href":"https:\/\/www.xminsulation.com\/vi\/wp-json\/wp\/v2\/product_tag?post=1005"}],"curies":[{"name":"wp","href":"https:\/\/api.w.org\/{rel}","templated":true}]}}