{"id":1000,"date":"2024-05-06T10:00:12","date_gmt":"2024-05-06T02:00:12","guid":{"rendered":"http:\/\/www.xminsulation.com\/?post_type=product&#038;p=1000"},"modified":"2024-05-23T21:39:51","modified_gmt":"2024-05-23T13:39:51","slug":"40-5kv-630a-sf6-gis-circuit-breaker-upper-isolation","status":"publish","type":"product","link":"https:\/\/www.xminsulation.com\/vi\/product\/40-5kv-630a-sf6-gis-circuit-breaker-upper-isolation\/","title":{"rendered":"M\u00e1y c\u1eaft m\u1ea1ch GIS SF6 40,5kV-630A (C\u00e1ch ly ph\u00eda tr\u00ean)"},"content":{"rendered":"<p><img fetchpriority=\"high\" decoding=\"async\" class=\"alignnone wp-image-1001 size-full\" src=\"http:\/\/www.xminsulation.com\/wp-content\/uploads\/2024\/05\/\u56fe\u72472.jpg\" alt=\"\" width=\"877\" height=\"877\" srcset=\"https:\/\/www.xminsulation.com\/wp-content\/uploads\/2024\/05\/\u56fe\u72472.jpg 877w, https:\/\/www.xminsulation.com\/wp-content\/uploads\/2024\/05\/\u56fe\u72472-300x300.jpg 300w, https:\/\/www.xminsulation.com\/wp-content\/uploads\/2024\/05\/\u56fe\u72472-150x150.jpg 150w, https:\/\/www.xminsulation.com\/wp-content\/uploads\/2024\/05\/\u56fe\u72472-768x768.jpg 768w, https:\/\/www.xminsulation.com\/wp-content\/uploads\/2024\/05\/\u56fe\u72472-600x600.jpg 600w, https:\/\/www.xminsulation.com\/wp-content\/uploads\/2024\/05\/\u56fe\u72472-100x100.jpg 100w\" sizes=\"(max-width: 877px) 100vw, 877px\" \/><\/p>\n<h2>Th\u00f4ng tin chung<\/h2>\n<p>SF6 40.5kV-630A C\u00f4ng t\u1eafc \u0111i\u1ec7n \u00e1p cao GIS c\u00e1ch \u0111i\u1ec7n ho\u00e0n to\u00e0n v\u00e0 k\u00edn ho\u00e0n to\u00e0n, ph\u00f9 h\u1ee3p \u0111\u1ec3 \u0111i\u1ec1u khi\u1ec3n v\u00e0 b\u1ea3o v\u1ec7 h\u1ec7 th\u1ed1ng truy\u1ec1n t\u1ea3i v\u00e0 ph\u00e2n ph\u1ed1i 35kV-40.5kV, d\u00f9ng \u0111\u1ec3 chia d\u00f2ng t\u1ea3i, d\u00f2ng ng\u1eafn m\u1ea1ch. Thi\u1ebft k\u1ebf m\u00f4-\u0111un c\u00f3 \u0111\u1eb7c \u0111i\u1ec3m l\u00e0 c\u1ea5u tr\u00fac nh\u1ecf g\u1ecdn, hi\u1ec7u su\u1ea5t ng\u1eaft t\u1ed1t, \u0111\u1ed9 tin c\u1eady cao, tu\u1ed5i th\u1ecd cao, c\u00e1ch \u0111i\u1ec7n ho\u00e0n to\u00e0n, kh\u00f4ng c\u1ea7n b\u1ea3o tr\u00ec, di\u1ec7n t\u00edch nh\u1ecf v\u00e0 c\u00f3 th\u1ec3 \u0111\u01b0\u1ee3c s\u1eed d\u1ee5ng r\u1ed9ng r\u00e3i trong c\u00f4ng nghi\u1ec7p, m\u1ea1ng l\u01b0\u1edbi v\u00f2ng d\u00e2n d\u1ee5ng v\u00e0 m\u1ea1ng l\u01b0\u1edbi cung c\u1ea5p \u0111i\u1ec7n \u0111\u1ea7u cu\u1ed1i. \u0110\u1eb7c bi\u1ec7t ph\u00f9 h\u1ee3p cho c\u00e1c nh\u00e0 m\u00e1y \u0111i\u1ec7n ph\u00e2n ph\u1ed1i th\u1ee9 c\u1ea5p nh\u1ecf, tr\u1ea1m \u0111\u00f3ng m\u1edf, doanh nghi\u1ec7p c\u00f4ng nghi\u1ec7p v\u00e0 khai th\u00e1c m\u1ecf, s\u00e2n bay, \u0111\u01b0\u1eddng s\u1eaft, \u0111\u01b0\u1eddng cao t\u1ed1c, t\u00e0u \u0111i\u1ec7n ng\u1ea7m, khu th\u01b0\u01a1ng m\u1ea1i, khu nh\u00e0 \u1edf, n\u0103ng l\u01b0\u1ee3ng gi\u00f3, quang \u0111i\u1ec7n t\u1eed v\u00e0 c\u00e1c l\u0129nh v\u1ef1c kh\u00e1c.<\/p>\n<h2>\u0110i\u1ec1u ki\u1ec7n s\u1eed d\u1ee5ng m\u00f4i tr\u01b0\u1eddng<\/h2>\n<p>V\u1ecb tr\u00ed l\u1eafp \u0111\u1eb7t: B\u00ean trong b\u00ecnh x\u0103ng.<br \/>\nNhi\u1ec7t \u0111\u1ed9 m\u00f4i tr\u01b0\u1eddng (\u2103): -45~+40.<br \/>\n\u0110\u1ed9 cao (m):\u22642000.<br \/>\n\u0110\u1ed9 \u1ea9m kh\u00f4ng kh\u00ed (%): Trung b\u00ecnh ng\u00e0y kh\u00f4ng qu\u00e1 95%, trung b\u00ecnh th\u00e1ng kh\u00f4ng qu\u00e1 90%.<br \/>\nC\u01b0\u1eddng \u0111\u1ed9 \u0111\u1ecba ch\u1ea5n:\u22648 \u0111\u1ed9<\/p>\n<p><img decoding=\"async\" class=\"alignnone wp-image-1002 size-full\" src=\"http:\/\/www.xminsulation.com\/wp-content\/uploads\/2024\/05\/\u56fe\u72473.png\" alt=\"\" width=\"1280\" height=\"1336\" srcset=\"https:\/\/www.xminsulation.com\/wp-content\/uploads\/2024\/05\/\u56fe\u72473.png 1280w, https:\/\/www.xminsulation.com\/wp-content\/uploads\/2024\/05\/\u56fe\u72473-287x300.png 287w, https:\/\/www.xminsulation.com\/wp-content\/uploads\/2024\/05\/\u56fe\u72473-981x1024.png 981w, https:\/\/www.xminsulation.com\/wp-content\/uploads\/2024\/05\/\u56fe\u72473-768x802.png 768w, https:\/\/www.xminsulation.com\/wp-content\/uploads\/2024\/05\/\u56fe\u72473-600x626.png 600w\" sizes=\"(max-width: 1280px) 100vw, 1280px\" \/><\/p>\n<h2>C\u1ea5u tr\u00fac v\u00e0 k\u00edch th\u01b0\u1edbc l\u1eafp \u0111\u1eb7t<\/h2>\n<p><img decoding=\"async\" class=\"alignnone wp-image-1003 size-full\" src=\"http:\/\/www.xminsulation.com\/wp-content\/uploads\/2024\/05\/\u56fe\u72474.png\" alt=\"\" width=\"1117\" height=\"622\" srcset=\"https:\/\/www.xminsulation.com\/wp-content\/uploads\/2024\/05\/\u56fe\u72474.png 1117w, https:\/\/www.xminsulation.com\/wp-content\/uploads\/2024\/05\/\u56fe\u72474-300x167.png 300w, https:\/\/www.xminsulation.com\/wp-content\/uploads\/2024\/05\/\u56fe\u72474-1024x570.png 1024w, https:\/\/www.xminsulation.com\/wp-content\/uploads\/2024\/05\/\u56fe\u72474-768x428.png 768w, https:\/\/www.xminsulation.com\/wp-content\/uploads\/2024\/05\/\u56fe\u72474-600x334.png 600w\" sizes=\"(max-width: 1117px) 100vw, 1117px\" \/><\/p>\n<div class=\"wxts\">\n<h2>\u25c6T\u00f9y ch\u1ec9nh \u0111\u1eb7c bi\u1ec7t<\/h2>\n<p>C\u00e1c th\u00f4ng s\u1ed1 tr\u00ean l\u00e0 d\u1eef li\u1ec7u ti\u00eau bi\u1ec3u; n\u1ebfu c\u00e1c ki\u1ec3u d\u00e1ng hi\u1ec7n c\u00f3 kh\u00f4ng \u0111\u00e1p \u1ee9ng \u0111\u01b0\u1ee3c nhu c\u1ea7u c\u1ee5 th\u1ec3 c\u1ee7a b\u1ea1n, vui l\u00f2ng li\u00ean h\u1ec7 v\u1edbi ch\u00fang t\u00f4i \u0111\u1ec3 \u0111\u01b0\u1ee3c thi\u1ebft k\u1ebf ri\u00eang. Ch\u00fang t\u00f4i c\u00f3 k\u1ef9 n\u0103ng s\u1ea3n xu\u1ea5t v\u00e0 ph\u00e1t tri\u1ec3n t\u00f9y ch\u1ec9nh c\u00e1 nh\u00e2n h\u00f3a \u0111\u00e1ng k\u1ec3, cho ph\u00e9p ch\u00fang t\u00f4i cung c\u1ea5p c\u00e1c gi\u1ea3i ph\u00e1p ph\u00f9 h\u1ee3p cho kh\u00e1ch h\u00e0ng tr\u00ean to\u00e0n th\u1ebf gi\u1edbi.<\/p>\n<\/div>","protected":false},"excerpt":{"rendered":"<p>General Information SF6 40.5kV-630A Fully insulated and fully sealed GIS high-voltage switch, suitable for 35kV-40.5kV transmission and distribution system control and protection, used to split the load current, short circuit current. The modular design is characterized by compact structure, good breaking performance, high reliability, long life, full insulation, maintenance-free, small footprint, and can be widely [&hellip;]<\/p>","protected":false},"featured_media":1004,"template":"","meta":{"site-sidebar-layout":"default","site-content-layout":"","ast-site-content-layout":"default","site-content-style":"default","site-sidebar-style":"default","ast-global-header-display":"","ast-banner-title-visibility":"","ast-main-header-display":"","ast-hfb-above-header-display":"","ast-hfb-below-header-display":"","ast-hfb-mobile-header-display":"","site-post-title":"","ast-breadcrumbs-content":"","ast-featured-img":"","footer-sml-layout":"","theme-transparent-header-meta":"default","adv-header-id-meta":"","stick-header-meta":"","header-above-stick-meta":"","header-main-stick-meta":"","header-below-stick-meta":"","astra-migrate-meta-layouts":"set","ast-page-background-enabled":"default","ast-page-background-meta":{"desktop":{"background-color":"","background-image":"","background-repeat":"repeat","background-position":"center center","background-size":"auto","background-attachment":"scroll","background-type":"","background-media":"","overlay-type":"","overlay-color":"","overlay-gradient":""},"tablet":{"background-color":"","background-image":"","background-repeat":"repeat","background-position":"center center","background-size":"auto","background-attachment":"scroll","background-type":"","background-media":"","overlay-type":"","overlay-color":"","overlay-gradient":""},"mobile":{"background-color":"","background-image":"","background-repeat":"repeat","background-position":"center center","background-size":"auto","background-attachment":"scroll","background-type":"","background-media":"","overlay-type":"","overlay-color":"","overlay-gradient":""}},"ast-content-background-meta":{"desktop":{"background-color":"var(--ast-global-color-5)","background-image":"","background-repeat":"repeat","background-position":"center center","background-size":"auto","background-attachment":"scroll","background-type":"","background-media":"","overlay-type":"","overlay-color":"","overlay-gradient":""},"tablet":{"background-color":"var(--ast-global-color-5)","background-image":"","background-repeat":"repeat","background-position":"center center","background-size":"auto","background-attachment":"scroll","background-type":"","background-media":"","overlay-type":"","overlay-color":"","overlay-gradient":""},"mobile":{"background-color":"var(--ast-global-color-5)","background-image":"","background-repeat":"repeat","background-position":"center center","background-size":"auto","background-attachment":"scroll","background-type":"","background-media":"","overlay-type":"","overlay-color":"","overlay-gradient":""}}},"product_cat":[31],"product_tag":[],"class_list":{"0":"post-1000","1":"product","2":"type-product","3":"status-publish","4":"has-post-thumbnail","6":"product_cat-10-40-5kv-indoor-sf6-circuit-breaker-switch","7":"desktop-align-left","8":"tablet-align-left","9":"mobile-align-left","11":"first","12":"instock","13":"shipping-taxable","14":"product-type-simple"},"_links":{"self":[{"href":"https:\/\/www.xminsulation.com\/vi\/wp-json\/wp\/v2\/product\/1000","targetHints":{"allow":["GET"]}}],"collection":[{"href":"https:\/\/www.xminsulation.com\/vi\/wp-json\/wp\/v2\/product"}],"about":[{"href":"https:\/\/www.xminsulation.com\/vi\/wp-json\/wp\/v2\/types\/product"}],"wp:featuredmedia":[{"embeddable":true,"href":"https:\/\/www.xminsulation.com\/vi\/wp-json\/wp\/v2\/media\/1004"}],"wp:attachment":[{"href":"https:\/\/www.xminsulation.com\/vi\/wp-json\/wp\/v2\/media?parent=1000"}],"wp:term":[{"taxonomy":"product_cat","embeddable":true,"href":"https:\/\/www.xminsulation.com\/vi\/wp-json\/wp\/v2\/product_cat?post=1000"},{"taxonomy":"product_tag","embeddable":true,"href":"https:\/\/www.xminsulation.com\/vi\/wp-json\/wp\/v2\/product_tag?post=1000"}],"curies":[{"name":"wp","href":"https:\/\/api.w.org\/{rel}","templated":true}]}}