{"id":3707,"date":"2025-02-25T20:45:51","date_gmt":"2025-02-25T12:45:51","guid":{"rendered":"https:\/\/www.xminsulation.com\/?page_id=3707"},"modified":"2025-07-18T08:35:30","modified_gmt":"2025-07-18T00:35:30","slug":"products","status":"publish","type":"page","link":"https:\/\/www.xminsulation.com\/vi\/products\/","title":{"rendered":"Products"},"content":{"rendered":"<div data-elementor-type=\"wp-page\" data-elementor-id=\"3707\" class=\"elementor elementor-3707\">\r\n\t\t\t\t<div class=\"elementor-element elementor-element-9ee7566 e-flex e-con-boxed e-con e-parent\" data-id=\"9ee7566\" data-element_type=\"container\">\r\n\t\t\t\t\t<div class=\"e-con-inner\">\r\n\t\t\t\t<div class=\"elementor-element elementor-element-9de870d elementor-widget elementor-widget-html\" data-id=\"9de870d\" data-element_type=\"widget\" data-widget_type=\"html.default\">\r\n\t\t\t\t<div class=\"elementor-widget-container\">\r\n\t\t\t<ul class=\"sub-menu\">\r\n\t<li id=\"menu-item-860\" class=\"menu-item menu-item-type-taxonomy menu-item-object-product_cat menu-item-860\"><a href=\"https:\/\/www.xminsulation.com\/vi\/danh-muc-san-pham\/products\/10-40-5kv-outdoor-pole-mounted-vacuum-auto-recloser\/\" class=\"menu-link\">M\u00e1y \u0111\u00f3ng l\u1ea1i ch\u00e2n kh\u00f4ng t\u1ef1 \u0111\u1ed9ng l\u1eafp ngo\u00e0i tr\u1eddi 10-40,5kV<\/a><\/li>\r\n\t<li id=\"menu-item-855\" class=\"menu-item menu-item-type-taxonomy menu-item-object-product_cat menu-item-855\"><a href=\"https:\/\/www.xminsulation.com\/vi\/danh-muc-san-pham\/products\/10-12kv-outdoor-intelligent-sf6-circuit-breaker\/\" class=\"menu-link\">B\u1ed9 ng\u1eaft m\u1ea1ch SF6 th\u00f4ng minh ngo\u00e0i tr\u1eddi 10-12kV<\/a><\/li>\r\n\t<li id=\"menu-item-863\" class=\"menu-item menu-item-type-taxonomy menu-item-object-product_cat menu-item-863\"><a href=\"https:\/\/www.xminsulation.com\/vi\/danh-muc-san-pham\/products\/10-40-5kv-outdoor-intelligent-sf6-load-break-switch\/\" class=\"menu-link\">C\u00f4ng t\u1eafc ng\u1eaft t\u1ea3i SF6 th\u00f4ng minh ngo\u00e0i tr\u1eddi 10-40,5kV<\/a><\/li>\r\n\t<li id=\"menu-item-880\" class=\"menu-item menu-item-type-taxonomy menu-item-object-product_cat menu-item-880\"><a href=\"https:\/\/www.xminsulation.com\/vi\/danh-muc-san-pham\/products\/pole-mounted-switch-controller-rtu-ftu-control\/\" class=\"menu-link\">B\u1ed9 \u0111i\u1ec1u khi\u1ec3n chuy\u1ec3n m\u1ea1ch g\u1eafn c\u1ef1c \u0110i\u1ec1u khi\u1ec3n RTU\/FTU<\/a><\/li>\r\n\t<li id=\"menu-item-2427\" class=\"menu-item menu-item-type-taxonomy menu-item-object-product_cat menu-item-2427\"><a href=\"https:\/\/www.xminsulation.com\/vi\/danh-muc-san-pham\/products\/bypass-switch\/\" class=\"menu-link\">C\u00f4ng t\u1eafc b\u1ecf qua<\/a><\/li>\r\n\t<li id=\"menu-item-873\" class=\"menu-item menu-item-type-taxonomy menu-item-object-product_cat menu-item-873\"><a href=\"https:\/\/www.xminsulation.com\/vi\/danh-muc-san-pham\/products\/10-24kv-eco-friendly-vacuum-circuit-breaker-sf6-free\/\" class=\"menu-link\">M\u00e1y c\u1eaft ch\u00e2n kh\u00f4ng th\u00e2n thi\u1ec7n v\u1edbi m\u00f4i tr\u01b0\u1eddng 10-24kV (kh\u00f4ng ch\u1ee9a SF6)<\/a><\/li>\r\n\t<li id=\"menu-item-858\" class=\"menu-item menu-item-type-taxonomy menu-item-object-product_cat menu-item-858\"><a href=\"https:\/\/www.xminsulation.com\/vi\/danh-muc-san-pham\/products\/10-24kv-solid-insulated-vacuum-circuit-breaker-sf6-free\/\" class=\"menu-link\">M\u00e1y c\u1eaft ch\u00e2n kh\u00f4ng c\u00e1ch \u0111i\u1ec7n r\u1eafn 10-24kV (Kh\u00f4ng c\u00f3 SF6)<\/a><\/li>\r\n\t<li id=\"menu-item-861\" class=\"menu-item menu-item-type-taxonomy menu-item-object-product_cat menu-item-861\"><a href=\"https:\/\/www.xminsulation.com\/vi\/danh-muc-san-pham\/products\/10-40-5kv-indoor-sf6-circuit-breaker-switch\/\" class=\"menu-link\">C\u00f4ng t\u1eafc ng\u1eaft m\u1ea1ch SF6 trong nh\u00e0 10-40,5kV<\/a><\/li>\r\n\t<li id=\"menu-item-3160\" class=\"menu-item menu-item-type-custom menu-item-object-custom menu-item-3160\"><a href=\"https:\/\/www.xminsulation.com\/vi\/danh-muc-san-pham\/products\/40-5kv-630a-1250a-new-energy-vacuum-circuit-breaker-vcb\/\" class=\"menu-link\">M\u00e1y c\u1eaft ch\u00e2n kh\u00f4ng n\u0103ng l\u01b0\u1ee3ng m\u1edbi 40,5kV 630A\/1250A VCB<\/a><\/li>\r\n\t<li id=\"menu-item-856\" class=\"menu-item menu-item-type-taxonomy menu-item-object-product_cat menu-item-856\"><a href=\"https:\/\/www.xminsulation.com\/vi\/danh-muc-san-pham\/products\/medium-voltage-ring-main-unit-rmu-switchgear\/10-24kv-dry-air-insulated-switchgear-rmu-sf6-free\/\" class=\"menu-link\">Thi\u1ebft b\u1ecb \u0111\u00f3ng c\u1eaft\/RMU c\u00e1ch \u0111i\u1ec7n b\u1eb1ng kh\u00f4ng kh\u00ed kh\u00f4 10-24kV (Kh\u00f4ng ch\u1ee9a SF6)<\/a><\/li>\r\n\t<li id=\"menu-item-857\" class=\"menu-item menu-item-type-taxonomy menu-item-object-product_cat menu-item-857\"><a href=\"https:\/\/www.xminsulation.com\/vi\/danh-muc-san-pham\/products\/medium-voltage-ring-main-unit-rmu-switchgear\/10-24kv-solid-insulated-switchgear-rmu-sf6-free\/\" class=\"menu-link\">Thi\u1ebft b\u1ecb \u0111\u00f3ng c\u1eaft\/RMU c\u00e1ch \u0111i\u1ec7n r\u1eafn 10-24kV (kh\u00f4ng ch\u1ee9a SF6)<\/a><\/li>\r\n\t<li id=\"menu-item-864\" class=\"menu-item menu-item-type-taxonomy menu-item-object-product_cat menu-item-864\"><a href=\"https:\/\/www.xminsulation.com\/vi\/danh-muc-san-pham\/products\/medium-voltage-ring-main-unit-rmu-switchgear\/10-40-5kv-sf6-gas-insulated-switchgear-gis-rmu\/\" class=\"menu-link\">Thi\u1ebft b\u1ecb \u0111\u00f3ng c\u1eaft c\u00e1ch \u0111i\u1ec7n b\u1eb1ng kh\u00ed SF6 10-40,5kV GIS RMU<\/a><\/li>\r\n\t<li id=\"menu-item-862\" class=\"menu-item menu-item-type-taxonomy menu-item-object-product_cat menu-item-862\"><a href=\"https:\/\/www.xminsulation.com\/vi\/danh-muc-san-pham\/products\/10-40-5kv-indoor-sf6-load-break-switch-flrn36-lbs\/\" class=\"menu-link\">C\u00f4ng t\u1eafc ng\u1eaft t\u1ea3i SF6 trong nh\u00e0 10-40,5kV FL(R)N36 LBS<\/a><\/li>\r\n\t<li id=\"menu-item-875\" class=\"menu-item menu-item-type-taxonomy menu-item-object-product_cat menu-item-875\"><a href=\"https:\/\/www.xminsulation.com\/vi\/danh-muc-san-pham\/products\/metal-clad-withdrawable-switchgear\/\" class=\"menu-link\">Thi\u1ebft b\u1ecb chuy\u1ec3n m\u1ea1ch c\u00f3 th\u1ec3 r\u00fat \u0111\u01b0\u1ee3c b\u1ecdc kim lo\u1ea1i<\/a><\/li>\r\n\t<li id=\"menu-item-865\" class=\"menu-item menu-item-type-taxonomy menu-item-object-product_cat menu-item-865\"><a href=\"https:\/\/www.xminsulation.com\/vi\/danh-muc-san-pham\/products\/mv-high-current-switchgear-1250a-2000a-2500a-31-5ka\/\" class=\"menu-link\">Thi\u1ebft b\u1ecb \u0111\u00f3ng c\u1eaft d\u00f2ng \u0111i\u1ec7n cao MV 1250A-2000A-2500A-31.5kA<\/a><\/li>\r\n\t<li id=\"menu-item-3627\" class=\"menu-item menu-item-type-post_type menu-item-object-page menu-item-3627\"><a href=\"https:\/\/www.xminsulation.com\/vi\/medium-voltage-ring-main-unit-rmu-switchgear\/\" class=\"menu-link\">\u0110\u01a1n v\u1ecb ch\u00ednh v\u00f2ng trung th\u1ebf RMU\/Thi\u1ebft b\u1ecb \u0111\u00f3ng c\u1eaft<\/a><\/li>\r\n\t<li id=\"menu-item-868\" class=\"menu-item menu-item-type-taxonomy menu-item-object-product_cat menu-item-868\"><a href=\"https:\/\/www.xminsulation.com\/vi\/danh-muc-san-pham\/products\/compact-prefabricated-substation\/\" class=\"menu-link\">Tr\u1ea1m bi\u1ebfn \u00e1p \u0111\u00fac s\u1eb5n nh\u1ecf g\u1ecdn<\/a><\/li>\r\n\t<li id=\"menu-item-879\" class=\"menu-item menu-item-type-taxonomy menu-item-object-product_cat menu-item-879\"><a href=\"https:\/\/www.xminsulation.com\/vi\/danh-muc-san-pham\/products\/operating-mechanism\/\" class=\"menu-link\">C\u01a1 ch\u1ebf ho\u1ea1t \u0111\u1ed9ng<\/a><\/li>\r\n\t<li id=\"menu-item-859\" class=\"menu-item menu-item-type-taxonomy menu-item-object-product_cat menu-item-859\"><a href=\"https:\/\/www.xminsulation.com\/vi\/danh-muc-san-pham\/products\/10-35kv-high-voltage-cable-branch-box\/\" class=\"menu-link\">H\u1ed9p nh\u00e1nh c\u00e1p cao th\u1ebf 10-35kV<\/a><\/li>\r\n\t<li id=\"menu-item-3372\" class=\"menu-item menu-item-type-post_type menu-item-object-page menu-item-3372\"><a href=\"https:\/\/www.xminsulation.com\/vi\/custom-apg-cast-epoxy-resin-insulation-parts\/\" class=\"menu-link\">Linh ki\u1ec7n c\u00e1ch nhi\u1ec7t b\u1eb1ng nh\u1ef1a Epoxy \u0111\u00fac APG t\u00f9y ch\u1ec9nh<\/a><\/li>\r\n\t\r\n\t<li id=\"menu-item-3767\" class=\"menu-item menu-item-type-custom menu-item-object-custom menu-item-3767\"><a href=\"\/vi\/danh-muc-san-pham\/products\/non-porcelain-composite-transformer-bushings\/\" class=\"menu-link\">\u1ed0ng l\u00f3t m\u00e1y bi\u1ebfn \u00e1p composite kh\u00f4ng ph\u1ea3i s\u1ee9<\/a><\/li>\r\n\t<li id=\"menu-item-871\" class=\"menu-item menu-item-type-taxonomy menu-item-object-product_cat menu-item-871\"><a href=\"https:\/\/www.xminsulation.com\/vi\/danh-muc-san-pham\/products\/custom-medium-voltage-silicone-insulation-parts\/\" class=\"menu-link\">B\u1ed9 ph\u1eadn c\u00e1ch \u0111i\u1ec7n silicone trung th\u1ebf t\u00f9y ch\u1ec9nh<\/a><\/li>\r\n\t<li id=\"menu-item-881\" class=\"menu-item menu-item-type-taxonomy menu-item-object-product_cat menu-item-881\"><a href=\"https:\/\/www.xminsulation.com\/vi\/danh-muc-san-pham\/products\/quik-lock-plugs-and-receptacles-mvlv\/\" class=\"menu-link\">Ph\u00edch c\u1eafm v\u00e0 \u1ed5 c\u1eafm Quik-Lock (MV&amp;LV)<\/a><\/li>\r\n\t<li id=\"menu-item-2471\" class=\"menu-item menu-item-type-taxonomy menu-item-object-product_cat menu-item-2471\"><a href=\"https:\/\/www.xminsulation.com\/vi\/danh-muc-san-pham\/products\/oem-rigid-flexible-busbar-copper-conductor\/\" class=\"menu-link\">D\u00e2y d\u1eabn \u0111\u1ed3ng thanh c\u00e1i c\u1ee9ng v\u00e0 linh ho\u1ea1t OEM<\/a><\/li>\r\n\t<li id=\"menu-item-867\" class=\"menu-item menu-item-type-taxonomy menu-item-object-product_cat menu-item-867\"><a href=\"https:\/\/www.xminsulation.com\/vi\/danh-muc-san-pham\/products\/common-accessories-and-auxiliary-materials-for-switchgear\/\" class=\"menu-link\">Ph\u1ee5 ki\u1ec7n ph\u1ed5 bi\u1ebfn v\u00e0 v\u1eadt li\u1ec7u ph\u1ee5 tr\u1ee3 cho thi\u1ebft b\u1ecb \u0111\u00f3ng c\u1eaft<\/a><\/li>\r\n\t<li id=\"menu-item-872\" class=\"menu-item menu-item-type-taxonomy menu-item-object-product_cat menu-item-872\"><a href=\"https:\/\/www.xminsulation.com\/vi\/danh-muc-san-pham\/products\/customized-sheet-metal-materials-or-sheet-metal-cabinets\/\" class=\"menu-link\">V\u1eadt li\u1ec7u kim lo\u1ea1i t\u1ea5m ho\u1eb7c t\u1ee7 kim lo\u1ea1i t\u1ea5m t\u00f9y ch\u1ec9nh<\/a><\/li>\r\n\t<li id=\"menu-item-869\" class=\"menu-item menu-item-type-taxonomy menu-item-object-product_cat menu-item-869\"><a href=\"https:\/\/www.xminsulation.com\/vi\/danh-muc-san-pham\/products\/components-and-various-molds-design-and-development\/\" class=\"menu-link\">Thi\u1ebft k\u1ebf v\u00e0 ph\u00e1t tri\u1ec3n c\u00e1c th\u00e0nh ph\u1ea7n v\u00e0 khu\u00f4n m\u1eabu kh\u00e1c nhau<\/a><\/li>\r\n\t<li id=\"menu-item-878\" class=\"menu-item menu-item-type-taxonomy menu-item-object-product_cat menu-item-878\"><a href=\"https:\/\/www.xminsulation.com\/vi\/danh-muc-san-pham\/products\/offer-technical-support-and-technical-verification-services\/\" class=\"menu-link\">Cung c\u1ea5p d\u1ecbch v\u1ee5 h\u1ed7 tr\u1ee3 k\u1ef9 thu\u1eadt v\u00e0 x\u00e1c minh k\u1ef9 thu\u1eadt<\/a><\/li>\r\n\t<li id=\"menu-item-877\" class=\"menu-item menu-item-type-taxonomy menu-item-object-product_cat menu-item-877\"><a href=\"https:\/\/www.xminsulation.com\/vi\/danh-muc-san-pham\/products\/offer-other-products-and-services\/\" class=\"menu-link\">Gia c\u00f4ng s\u1ea3n ph\u1ea9m cao \u00e1p t\u1eeb 66kV-110kV-126kV<\/a><\/li>\r\n<\/ul>\r\n<style>\r\n.sub-menu {\r\n  \r\n    border-style: solid;\r\n    width: 100%;\r\n    display: flex;\r\n    flex-flow: column wrap;\r\n    height: 650px;\r\n}\r\n\r\n.sub-menu li {\r\n    width: 50%;\r\n    height: 45px; font-style:normal; color:#000\r\n}\r\n    \r\n\t.sub-menu li a{ color:#000}\r\n   .sub-menu li a:hover{ color:#92c83e;} \r\n   \r\n  \r\n@media (max-width:768px){\r\n   .sub-menu{ display:block; height:auto}\r\n\r\n.sub-menu li {\r\n    width:90%;\r\n    height:auto; font-style:normal; color:#000; margin-bottom:10px;\r\n}\r\n}  \r\n    \r\n    \r\n<\/style>\r\n\r\n\r\n\r\n\t\t<\/div>\r\n\t\t\t\t<\/div>\r\n\t\t\t\t\t<\/div>\r\n\t\t\t\t<\/div>\r\n\t\t\t\t<\/div>","protected":false},"excerpt":{"rendered":"<p>10-40.5kV Outdoor Pole Mounted Vacuum Auto Recloser 10-12kV Outdoor Intelligent SF6 Circuit Breaker 10-40.5kV Outdoor Intelligent SF6 Load Break Switch Pole Mounted Switch Controller RTU\/FTU Control Bypass Switch 10-24kV ECO-Friendly Vacuum Circuit Breaker (SF6-Free) 10-24kV Solid Insulated Vacuum Circuit Breaker (SF6-Free) 10-40.5kV Indoor SF6 Circuit Breaker Switch 40.5kV 630A\/1250A New Energy Vacuum Circuit Breaker VCB [&hellip;]<\/p>","protected":false},"author":2,"featured_media":0,"parent":0,"menu_order":0,"comment_status":"closed","ping_status":"closed","template":"","meta":{"site-sidebar-layout":"no-sidebar","site-content-layout":"page-builder","ast-site-content-layout":"full-width-container","site-content-style":"default","site-sidebar-style":"default","ast-global-header-display":"","ast-banner-title-visibility":"","ast-main-header-display":"","ast-hfb-above-header-display":"","ast-hfb-below-header-display":"","ast-hfb-mobile-header-display":"","site-post-title":"disabled","ast-breadcrumbs-content":"","ast-featured-img":"disabled","footer-sml-layout":"","theme-transparent-header-meta":"","adv-header-id-meta":"","stick-header-meta":"","header-above-stick-meta":"","header-main-stick-meta":"","header-below-stick-meta":"","astra-migrate-meta-layouts":"set","ast-page-background-enabled":"default","ast-page-background-meta":{"desktop":{"background-color":"","background-image":"","background-repeat":"repeat","background-position":"center center","background-size":"auto","background-attachment":"scroll","background-type":"","background-media":"","overlay-type":"","overlay-color":"","overlay-gradient":""},"tablet":{"background-color":"","background-image":"","background-repeat":"repeat","background-position":"center center","background-size":"auto","background-attachment":"scroll","background-type":"","background-media":"","overlay-type":"","overlay-color":"","overlay-gradient":""},"mobile":{"background-color":"","background-image":"","background-repeat":"repeat","background-position":"center center","background-size":"auto","background-attachment":"scroll","background-type":"","background-media":"","overlay-type":"","overlay-color":"","overlay-gradient":""}},"ast-content-background-meta":{"desktop":{"background-color":"var(--ast-global-color-5)","background-image":"","background-repeat":"repeat","background-position":"center center","background-size":"auto","background-attachment":"scroll","background-type":"","background-media":"","overlay-type":"","overlay-color":"","overlay-gradient":""},"tablet":{"background-color":"var(--ast-global-color-5)","background-image":"","background-repeat":"repeat","background-position":"center center","background-size":"auto","background-attachment":"scroll","background-type":"","background-media":"","overlay-type":"","overlay-color":"","overlay-gradient":""},"mobile":{"background-color":"var(--ast-global-color-5)","background-image":"","background-repeat":"repeat","background-position":"center center","background-size":"auto","background-attachment":"scroll","background-type":"","background-media":"","overlay-type":"","overlay-color":"","overlay-gradient":""}},"footnotes":""},"class_list":["post-3707","page","type-page","status-publish","hentry"],"_links":{"self":[{"href":"https:\/\/www.xminsulation.com\/vi\/wp-json\/wp\/v2\/pages\/3707","targetHints":{"allow":["GET"]}}],"collection":[{"href":"https:\/\/www.xminsulation.com\/vi\/wp-json\/wp\/v2\/pages"}],"about":[{"href":"https:\/\/www.xminsulation.com\/vi\/wp-json\/wp\/v2\/types\/page"}],"author":[{"embeddable":true,"href":"https:\/\/www.xminsulation.com\/vi\/wp-json\/wp\/v2\/users\/2"}],"replies":[{"embeddable":true,"href":"https:\/\/www.xminsulation.com\/vi\/wp-json\/wp\/v2\/comments?post=3707"}],"version-history":[{"count":37,"href":"https:\/\/www.xminsulation.com\/vi\/wp-json\/wp\/v2\/pages\/3707\/revisions"}],"predecessor-version":[{"id":3853,"href":"https:\/\/www.xminsulation.com\/vi\/wp-json\/wp\/v2\/pages\/3707\/revisions\/3853"}],"wp:attachment":[{"href":"https:\/\/www.xminsulation.com\/vi\/wp-json\/wp\/v2\/media?parent=3707"}],"curies":[{"name":"wp","href":"https:\/\/api.w.org\/{rel}","templated":true}]}}