{"id":3427,"date":"2024-12-13T09:17:11","date_gmt":"2024-12-13T01:17:11","guid":{"rendered":"https:\/\/www.xminsulation.com\/?page_id=3427"},"modified":"2025-02-14T17:55:52","modified_gmt":"2025-02-14T09:55:52","slug":"sf6-free","status":"publish","type":"page","link":"https:\/\/www.xminsulation.com\/vi\/sf6-free\/","title":{"rendered":"KH\u00d4NG C\u00d3 SF6"},"content":{"rendered":"<div data-elementor-type=\"wp-page\" data-elementor-id=\"3427\" class=\"elementor elementor-3427\">\r\n\t\t\t\t<div class=\"elementor-element elementor-element-105f454 e-flex e-con-boxed e-con e-parent\" data-id=\"105f454\" data-element_type=\"container\">\r\n\t\t\t\t\t<div class=\"e-con-inner\">\r\n\t\t\t\t<div class=\"elementor-element elementor-element-75686fa elementor-widget elementor-widget-text-editor\" data-id=\"75686fa\" data-element_type=\"widget\" data-widget_type=\"text-editor.default\">\r\n\t\t\t\t<div class=\"elementor-widget-container\">\r\n\t\t\t<style>\/*! elementor - v3.21.0 - 25-04-2024 *\/\n.elementor-widget-text-editor.elementor-drop-cap-view-stacked .elementor-drop-cap{background-color:#69727d;color:#fff}.elementor-widget-text-editor.elementor-drop-cap-view-framed .elementor-drop-cap{color:#69727d;border:3px solid;background-color:transparent}.elementor-widget-text-editor:not(.elementor-drop-cap-view-default) .elementor-drop-cap{margin-top:8px}.elementor-widget-text-editor:not(.elementor-drop-cap-view-default) .elementor-drop-cap-letter{width:1em;height:1em}.elementor-widget-text-editor .elementor-drop-cap{float:left;text-align:center;line-height:1;font-size:50px}.elementor-widget-text-editor .elementor-drop-cap-letter{display:inline-block}<\/style>\t\t\t\t<p>\u00a0<\/p><h3 class=\"entry-title\" style=\"color: #558022;\">C\u00f4ng ty ch\u00fang t\u00f4i ch\u1ec9 \u0111\u1ecbnh n\u0103m 2025 l\u00e0 \u201cN\u0103m ph\u00e1t tri\u1ec3n s\u1ea3n ph\u1ea9m kh\u00f4ng ch\u1ee9a SF6\u201d<\/h3>\t\t\t\t\t\t<\/div>\r\n\t\t\t\t<\/div>\r\n\t\t\t\t<div class=\"elementor-element elementor-element-66c538d elementor-widget elementor-widget-text-editor\" data-id=\"66c538d\" data-element_type=\"widget\" data-widget_type=\"text-editor.default\">\r\n\t\t\t\t<div class=\"elementor-widget-container\">\r\n\t\t\t\t\t\t\t<p>\u00a0V\u00e0o n\u0103m 2025, c\u00f4ng ty ch\u00fang t\u00f4i s\u1ebd t\u1eadp trung v\u00e0o vi\u1ec7c \u0111\u1ea1t \u0111\u01b0\u1ee3c m\u1ee5c ti\u00eau \u201cN\u0103m ph\u00e1t tri\u1ec3n s\u1ea3n ph\u1ea9m kh\u00f4ng SF6\u201d b\u1eb1ng c\u00e1ch th\u00fac \u0111\u1ea9y to\u00e0n di\u1ec7n vi\u1ec7c ph\u00e1t tri\u1ec3n c\u00e1c s\u1ea3n ph\u1ea9m th\u00e2n thi\u1ec7n v\u1edbi m\u00f4i tr\u01b0\u1eddng. S\u00e1ng ki\u1ebfn n\u00e0y \u0111\u00e3 \u0111\u01b0\u1ee3c K\u1ef9 s\u01b0 k\u1ef9 thu\u1eadt tr\u01b0\u1edfng c\u1ee7a ch\u00fang t\u00f4i, \u00f4ng Zhuang Yu, ch\u00ednh th\u1ee9c c\u00f4ng b\u1ed1 v\u00e0o ng\u00e0y 12 th\u00e1ng 12, th\u1ec3 hi\u1ec7n quy\u1ebft t\u00e2m v\u00e0 cam k\u1ebft c\u1ee7a ch\u00fang t\u00f4i trong vi\u1ec7c th\u00fac \u0111\u1ea9y ph\u00e1t tri\u1ec3n xanh.<\/p><p>Trong nh\u1eefng n\u0103m g\u1ea7n \u0111\u00e2y, c\u00f4ng ty ch\u00fang t\u00f4i \u0111\u00e3 \u0111\u1ea1t \u0111\u01b0\u1ee3c nh\u1eefng ti\u1ebfn b\u1ed9 \u0111\u00e1ng k\u1ec3 trong vi\u1ec7c ph\u00e1t tri\u1ec3n c\u00e1c s\u1ea3n ph\u1ea9m th\u00e2n thi\u1ec7n v\u1edbi m\u00f4i tr\u01b0\u1eddng, bao g\u1ed3m:<\/p><ul><li><strong><a href=\"https:\/\/www.xminsulation.com\/vi\/danh-muc-san-pham\/products\/10-24kv-solid-insulated-vacuum-circuit-breaker-sf6-free\/\">Thi\u1ebft b\u1ecb \u0111\u00f3ng c\u1eaft r\u1eafn c\u00e1ch \u0111i\u1ec7n kh\u00f4ng ch\u1ee9a SF6 (10kV-24kV)<\/a><\/strong><\/li><li><strong><a href=\"https:\/\/www.xminsulation.com\/vi\/danh-muc-san-pham\/products\/eco-friendly-vacuum-circuit-breaker-sf6-free\/\">Thi\u1ebft b\u1ecb \u0111\u00f3ng c\u1eaft th\u00e2n thi\u1ec7n v\u1edbi m\u00f4i tr\u01b0\u1eddng kh\u00f4ng c\u00f3 SF6 (10kV-24kV, 630A-2000A)<\/a><\/strong><\/li><li><strong><a href=\"https:\/\/www.xminsulation.com\/vi\/danh-muc-san-pham\/products\/10-40-5kv-outdoor-pole-mounted-vacuum-auto-recloser\/\">M\u00e1y c\u1eaft ch\u00e2n kh\u00f4ng l\u1eafp tr\u00ean c\u1ed9t kh\u00f4ng d\u00f9ng SF6 (Recloser) (10kV-40,5kV)<\/a><\/strong><\/li><\/ul><p>Nh\u1eefng s\u1ea3n ph\u1ea9m n\u00e0y \u0111\u01b0\u1ee3c kh\u00e1ch h\u00e0ng \u0111\u00f3n nh\u1eadn n\u1ed3ng nhi\u1ec7t v\u00ec hi\u1ec7u su\u1ea5t \u0111\u00e1ng tin c\u1eady v\u00e0 l\u1ee3i \u00edch v\u1ec1 m\u00f4i tr\u01b0\u1eddng.<\/p><p>Tuy nhi\u00ean, khi vi\u1ec7c th\u1ef1c thi Ti\u00eau chu\u1ea9n kh\u00f4ng SF6 n\u0103m 2026 c\u1ee7a Ch\u00e2u \u00c2u \u0111\u1ed1i v\u1edbi thi\u1ebft b\u1ecb \u0111\u00f3ng c\u1eaft trung th\u1ebf \u0111ang \u0111\u1ebfn g\u1ea7n v\u00e0 nhu c\u1ea7u v\u1ec1 c\u00e1c gi\u1ea3i ph\u00e1p thay th\u1ebf SF6 ng\u00e0y c\u00e0ng t\u0103ng \u1edf c\u00e1c n\u01b0\u1edbc ph\u00e1t tri\u1ec3n, nhu c\u1ea7u th\u1ecb tr\u01b0\u1eddng \u0111\u1ed1i v\u1edbi thi\u1ebft b\u1ecb \u0111\u00f3ng c\u1eaft t\u1ea3i kh\u00f4ng SF6 (C-Panel) v\u00e0 t\u1ee7 k\u1ebft h\u1ee3p c\u1ea7u ch\u00ec ng\u1eaft t\u1ea3i (F-Panel) \u0111ang tr\u1edf n\u00ean c\u1ea5p thi\u1ebft h\u01a1n. Tr\u01b0\u1edbc t\u00ecnh h\u00ecnh n\u00e0y, c\u00f4ng ty ch\u00fang t\u00f4i nh\u1eadn th\u1ea5y nhu c\u1ea7u c\u1ea5p thi\u1ebft ph\u1ea3i \u0111\u1ea9y nhanh qu\u00e1 tr\u00ecnh ph\u00e1t tri\u1ec3n \u201cD\u00f2ng s\u1ea3n ph\u1ea9m kh\u00f4ng SF6\u201d \u0111\u1ec3 \u0111\u00e1p \u1ee9ng k\u1ef3 v\u1ecdng c\u1ee7a c\u1ea3 kh\u00e1ch h\u00e0ng trong n\u01b0\u1edbc v\u00e0 qu\u1ed1c t\u1ebf.<\/p><p><strong><b>Th\u1ea3o lu\u1eadn to\u00e0n di\u1ec7n<\/b><\/strong><\/p><p><strong><b>V\u00e0<\/b><\/strong><strong><b>\u00a0<\/b><\/strong><strong><b>L\u1eadp k\u1ebf ho\u1ea1ch chi\u1ebfn l\u01b0\u1ee3c<\/b><\/strong><\/p><p>G\u1ea7n \u0111\u00e2y, \u0111\u1ed9i ng\u0169 qu\u1ea3n l\u00fd c\u1ea5p cao v\u00e0 k\u1ef9 thu\u1eadt c\u1ee7a ch\u00fang t\u00f4i \u0111\u00e3 t\u1ed5 ch\u1ee9c h\u01a1n m\u01b0\u1eddi h\u1ed9i th\u1ea3o chuy\u00ean \u0111\u1ec1, ti\u1ebfn h\u00e0nh ph\u00e2n t\u00edch chuy\u00ean s\u00e2u v\u1ec1 nh\u1eefng ti\u1ebfn b\u1ed9 c\u00f4ng ngh\u1ec7 m\u1edbi nh\u1ea5t, t\u00ednh n\u0103ng s\u1ea3n ph\u1ea9m, xu h\u01b0\u1edbng ph\u00e1t tri\u1ec3n v\u00e0 l\u1ed9 tr\u00ecnh k\u1ef9 thu\u1eadt trong l\u0129nh v\u1ef1c n\u00e0y. T\u1eadn d\u1ee5ng chuy\u00ean m\u00f4n k\u1ef9 thu\u1eadt, kinh nghi\u1ec7m ph\u00e1t tri\u1ec3n s\u1ea3n ph\u1ea9m s\u00e2u r\u1ed9ng, d\u1eef li\u1ec7u th\u1eed nghi\u1ec7m v\u00e0 nghi\u00ean c\u1ee9u kh\u1ea3 thi, ch\u00fang t\u00f4i \u0111\u00e3 x\u00e1c \u0111\u1ecbnh vi\u1ec7c ph\u00e1t tri\u1ec3n &quot;D\u00f2ng s\u1ea3n ph\u1ea9m kh\u00f4ng ch\u1ee9a SF6&quot; l\u00e0 tr\u1ecdng t\u00e2m ch\u00ednh cho n\u0103m 2025. M\u1ed9t k\u1ebf ho\u1ea1ch ph\u00e1t tri\u1ec3n chi ti\u1ebft v\u00e0 m\u1ed1c th\u1eddi gian \u0111\u00e3 \u0111\u01b0\u1ee3c thi\u1ebft l\u1eadp, v\u1edbi m\u1ee5c ti\u00eau ho\u00e0n th\u00e0nh nguy\u00ean m\u1eabu v\u00e0o n\u1eeda \u0111\u1ea7u n\u0103m 2025.<\/p><p>C\u00e1c giai \u0111o\u1ea1n ch\u00ednh c\u1ee7a qu\u00e1 tr\u00ecnh ph\u00e1t tri\u1ec3n \u0111\u00e3 \u0111\u01b0\u1ee3c ph\u00e2n t\u00edch chi ti\u1ebft trong c\u00e1c cu\u1ed9c h\u1ecdp, bao g\u1ed3m:<\/p><ul><li>Thi\u1ebft k\u1ebf v\u00e0 \u0111\u00fac khu\u00f4n<\/li><li>C\u01a1 ch\u1ebf chuy\u1ec3n m\u1ea1ch v\u00e0 ng\u1eaft ch\u00e2n kh\u00f4ng<\/li><li>Th\u00ed nghi\u1ec7m m\u00f4 ph\u1ecfng v\u00e0 m\u00f4 h\u00ecnh h\u00f3a<\/li><li>Ki\u1ec3m tra n\u1ed9i b\u1ed9 v\u00e0 x\u00e1c nh\u1eadn b\u00ean ngo\u00e0i<\/li><\/ul><p><strong><b>C\u00e1c s\u1ea3n ph\u1ea9m ch\u00ednh \u201cKh\u00f4ng ch\u1ee9a SF6\u201d<\/b><\/strong><\/p><p><strong><b>T<\/b><\/strong><strong><b>o \u0110\u01b0\u1ee3c ph\u00e1t tri\u1ec3n v\u00e0o n\u0103m 2025<\/b><\/strong><\/p><p>V\u00e0o n\u0103m 2025, c\u00f4ng ty ch\u00fang t\u00f4i c\u00f3 k\u1ebf ho\u1ea1ch ph\u00e1t tri\u1ec3n d\u00f2ng s\u1ea3n ph\u1ea9m kh\u00f4ng ch\u1ee9a SF6 sau \u0111\u00e2y:<\/p><ol><li>\u0110\u01a1n v\u1ecb ch\u00ednh v\u00f2ng FL(R)N36 m\u00e0u xanh l\u00e1 c\u00e2y: B\u1ea3ng C v\u00e0 B\u1ea3ng F kh\u00f4ng ch\u1ee9a SF6 v\u1edbi \u0111i\u1ec7n \u00e1p \u0111\u1ecbnh m\u1ee9c 10kV-25,8kV.<\/li><li>C\u00e1c \u0111\u01a1n v\u1ecb ch\u00ednh c\u1ee7a AISRing xanh: B\u1ea3ng C kh\u00f4ng ch\u1ee9a SF6 (LBS xanh) v\u00e0 B\u1ea3ng F (LBS xanh c\u00f3 k\u1ebft h\u1ee3p c\u1ea7u ch\u00ec) v\u1edbi \u0111i\u1ec7n \u00e1p \u0111\u1ecbnh m\u1ee9c 10kV-25,8kV.<\/li><li>C\u00f4ng t\u1eafc ng\u1eaft t\u1ea3i g\u1eafn tr\u00ean c\u1ed9t m\u00e0u xanh l\u00e1 c\u00e2y: LBS kh\u00f4ng c\u00f3 SF6 v\u1edbi \u0111i\u1ec7n \u00e1p \u0111\u1ecbnh m\u1ee9c 10kV-27,5kV.<\/li><\/ol><p><strong><b>X\u00e2y d\u1ef1ng \u0111\u1ed9ng l\u1ef1c cho th\u00e0nh c\u00f4ng trong t\u01b0\u01a1ng lai<\/b><\/strong><\/p><p>T\u1eeb n\u0103m 2024, c\u00f4ng ty ch\u00fang t\u00f4i \u0111\u00e3 \u0111\u1ea1t \u0111\u01b0\u1ee3c nh\u1eefng c\u1ed9t m\u1ed1c quan tr\u1ecdng trong vi\u1ec7c kh\u00e1m ph\u00e1 c\u00f4ng ngh\u1ec7 kh\u00f4ng s\u1eed d\u1ee5ng SF6, x\u00e1c minh th\u1eed nghi\u1ec7m, ph\u00e1t tri\u1ec3n khu\u00f4n m\u1eabu v\u00e0 th\u1eed nghi\u1ec7m th\u00e0nh ph\u1ea7n quan tr\u1ecdng. Nh\u1eefng th\u00e0nh t\u1ef1u n\u00e0y \u0111\u00e3 \u0111\u1eb7t n\u1ec1n t\u1ea3ng v\u1eefng ch\u1eafc cho s\u1ef1 th\u00fac \u0111\u1ea9y to\u00e0n di\u1ec7n v\u00e0o n\u0103m 2025.<\/p><p>Ch\u00fang t\u00f4i c\u00f3 \u0111\u1ee7 s\u1ef1 t\u1ef1 tin v\u00e0 n\u0103ng l\u1ef1c \u0111\u1ec3 ho\u00e0n th\u00e0nh nhi\u1ec7m v\u1ee5 ph\u00e1t tri\u1ec3n \u201cd\u00f2ng s\u1ea3n ph\u1ea9m kh\u00f4ng ch\u1ee9a SF6\u201d v\u00e0 g\u00f3p ph\u1ea7n gi\u1ea3m ph\u00e1t th\u1ea3i kh\u00ed nh\u00e0 k\u00ednh, th\u00fac \u0111\u1ea9y qu\u00e1 tr\u00ecnh chuy\u1ec3n \u0111\u1ed5i xanh c\u1ee7a thi\u1ebft b\u1ecb \u0111\u00f3ng c\u1eaft v\u00e0 thi\u1ebft b\u1ecb \u0111\u00f3ng c\u1eaft trung th\u1ebf!<\/p>\t\t\t\t\t\t<\/div>\r\n\t\t\t\t<\/div>\r\n\t\t\t\t\t<\/div>\r\n\t\t\t\t<\/div>\r\n\t\t\t\t<\/div>","protected":false},"excerpt":{"rendered":"<p>\u00a0 Our Company Designates 2025 as the \u201cSF6-Free Product Development Year\u201d \u00a0In 2025, our company will focus on achieving the goal of the \u201cSF6-Free Product Development Year\u201d by fully promoting the development of environmentally friendly products. This initiative was officially announced by our Chief Technical Engineer, Mr. Zhuang Yu, on December 12, showcasing our determination [&hellip;]<\/p>","protected":false},"author":2,"featured_media":0,"parent":0,"menu_order":0,"comment_status":"closed","ping_status":"closed","template":"","meta":{"site-sidebar-layout":"no-sidebar","site-content-layout":"page-builder","ast-site-content-layout":"full-width-container","site-content-style":"default","site-sidebar-style":"default","ast-global-header-display":"","ast-banner-title-visibility":"","ast-main-header-display":"","ast-hfb-above-header-display":"","ast-hfb-below-header-display":"","ast-hfb-mobile-header-display":"","site-post-title":"disabled","ast-breadcrumbs-content":"","ast-featured-img":"disabled","footer-sml-layout":"","theme-transparent-header-meta":"","adv-header-id-meta":"","stick-header-meta":"","header-above-stick-meta":"","header-main-stick-meta":"","header-below-stick-meta":"","astra-migrate-meta-layouts":"set","ast-page-background-enabled":"default","ast-page-background-meta":{"desktop":{"background-color":"","background-image":"","background-repeat":"repeat","background-position":"center center","background-size":"auto","background-attachment":"scroll","background-type":"","background-media":"","overlay-type":"","overlay-color":"","overlay-gradient":""},"tablet":{"background-color":"","background-image":"","background-repeat":"repeat","background-position":"center center","background-size":"auto","background-attachment":"scroll","background-type":"","background-media":"","overlay-type":"","overlay-color":"","overlay-gradient":""},"mobile":{"background-color":"","background-image":"","background-repeat":"repeat","background-position":"center center","background-size":"auto","background-attachment":"scroll","background-type":"","background-media":"","overlay-type":"","overlay-color":"","overlay-gradient":""}},"ast-content-background-meta":{"desktop":{"background-color":"var(--ast-global-color-5)","background-image":"","background-repeat":"repeat","background-position":"center center","background-size":"auto","background-attachment":"scroll","background-type":"","background-media":"","overlay-type":"","overlay-color":"","overlay-gradient":""},"tablet":{"background-color":"var(--ast-global-color-5)","background-image":"","background-repeat":"repeat","background-position":"center center","background-size":"auto","background-attachment":"scroll","background-type":"","background-media":"","overlay-type":"","overlay-color":"","overlay-gradient":""},"mobile":{"background-color":"var(--ast-global-color-5)","background-image":"","background-repeat":"repeat","background-position":"center center","background-size":"auto","background-attachment":"scroll","background-type":"","background-media":"","overlay-type":"","overlay-color":"","overlay-gradient":""}},"footnotes":""},"class_list":["post-3427","page","type-page","status-publish","hentry"],"_links":{"self":[{"href":"https:\/\/www.xminsulation.com\/vi\/wp-json\/wp\/v2\/pages\/3427","targetHints":{"allow":["GET"]}}],"collection":[{"href":"https:\/\/www.xminsulation.com\/vi\/wp-json\/wp\/v2\/pages"}],"about":[{"href":"https:\/\/www.xminsulation.com\/vi\/wp-json\/wp\/v2\/types\/page"}],"author":[{"embeddable":true,"href":"https:\/\/www.xminsulation.com\/vi\/wp-json\/wp\/v2\/users\/2"}],"replies":[{"embeddable":true,"href":"https:\/\/www.xminsulation.com\/vi\/wp-json\/wp\/v2\/comments?post=3427"}],"version-history":[{"count":22,"href":"https:\/\/www.xminsulation.com\/vi\/wp-json\/wp\/v2\/pages\/3427\/revisions"}],"predecessor-version":[{"id":3652,"href":"https:\/\/www.xminsulation.com\/vi\/wp-json\/wp\/v2\/pages\/3427\/revisions\/3652"}],"wp:attachment":[{"href":"https:\/\/www.xminsulation.com\/vi\/wp-json\/wp\/v2\/media?parent=3427"}],"curies":[{"name":"wp","href":"https:\/\/api.w.org\/{rel}","templated":true}]}}